{"id":75,"date":"2022-07-06T11:16:28","date_gmt":"2022-07-06T09:16:28","guid":{"rendered":"https:\/\/cc-qrga.fr\/?page_id=75"},"modified":"2024-07-02T14:46:21","modified_gmt":"2024-07-02T12:46:21","slug":"randonnees","status":"publish","type":"page","link":"http:\/\/cc-qrga.fr\/en\/vivre-et-sejourner\/randonnees\/","title":{"rendered":"Hiking"},"content":{"rendered":"<div data-elementor-type=\"wp-page\" data-elementor-id=\"75\" class=\"elementor elementor-75\" data-elementor-post-type=\"page\">\n\t\t\t\t\t\t<section class=\"has_eae_slider elementor-section elementor-top-section elementor-element elementor-element-390d3ab elementor-section-boxed elementor-section-height-default elementor-section-height-default\" data-eae-slider=\"63803\" data-id=\"390d3ab\" data-element_type=\"section\" data-e-type=\"section\" data-settings=\"{&quot;background_background&quot;:&quot;classic&quot;}\">\n\t\t\t\t\t\t<div class=\"elementor-container elementor-column-gap-default\">\n\t\t\t\t\t<div class=\"has_eae_slider elementor-column elementor-col-100 elementor-top-column elementor-element elementor-element-9880d38\" data-eae-slider=\"24748\" data-id=\"9880d38\" data-element_type=\"column\" data-e-type=\"column\" data-settings=\"{&quot;background_background&quot;:&quot;classic&quot;}\">\n\t\t\t<div class=\"elementor-widget-wrap elementor-element-populated\">\n\t\t\t\t\t\t<div class=\"elementor-element elementor-element-4104f3c elementor-widget elementor-widget-heading\" data-id=\"4104f3c\" data-element_type=\"widget\" data-e-type=\"widget\" data-widget_type=\"heading.default\">\n\t\t\t\t<div class=\"elementor-widget-container\">\n\t\t\t\t\t<h1 class=\"elementor-heading-title elementor-size-default\">paths<a style=\"color:#5EB8CE\">  walks<\/h1>\t\t\t\t<\/div>\n\t\t\t\t<\/div>\n\t\t\t\t<div class=\"elementor-element elementor-element-dfe8fad elementor-widget-divider--view-line elementor-widget elementor-widget-divider\" data-id=\"dfe8fad\" data-element_type=\"widget\" data-e-type=\"widget\" data-widget_type=\"divider.default\">\n\t\t\t\t<div class=\"elementor-widget-container\">\n\t\t\t\t\t\t\t<div class=\"elementor-divider\">\n\t\t\t<span class=\"elementor-divider-separator\">\n\t\t\t\t\t\t<\/span>\n\t\t<\/div>\n\t\t\t\t\t\t<\/div>\n\t\t\t\t<\/div>\n\t\t\t\t\t<\/div>\n\t\t<\/div>\n\t\t\t\t\t<\/div>\n\t\t<\/section>\n\t\t<div class=\"has_eae_slider elementor-element elementor-element-426bad7 e-flex e-con-boxed e-con e-parent\" data-eae-slider=\"33696\" data-id=\"426bad7\" data-element_type=\"container\" data-e-type=\"container\">\n\t\t\t\t\t<div class=\"e-con-inner\">\n\t\t<div class=\"has_eae_slider elementor-element elementor-element-5fb5530 e-con-full e-flex e-con e-child\" data-eae-slider=\"51438\" data-id=\"5fb5530\" data-element_type=\"container\" data-e-type=\"container\">\n\t\t\t\t<div class=\"elementor-element elementor-element-83c2135 elementor-position-left elementor-vertical-align-top elementor-widget elementor-widget-image-box\" data-id=\"83c2135\" data-element_type=\"widget\" data-e-type=\"widget\" data-widget_type=\"image-box.default\">\n\t\t\t\t<div class=\"elementor-widget-container\">\n\t\t\t\t\t<div class=\"elementor-image-box-wrapper\"><figure class=\"elementor-image-box-img\"><img fetchpriority=\"high\" decoding=\"async\" width=\"1764\" height=\"2560\" src=\"https:\/\/cc-qrga.fr\/wp-content\/uploads\/2024\/06\/CHEMISE-face-1-scaled.jpg\" class=\"attachment-full size-full wp-image-23918\" alt=\"\" srcset=\"https:\/\/cc-qrga.fr\/wp-content\/uploads\/2024\/06\/CHEMISE-face-1-scaled.jpg 1764w, https:\/\/cc-qrga.fr\/wp-content\/uploads\/2024\/06\/CHEMISE-face-1-207x300.jpg 207w, https:\/\/cc-qrga.fr\/wp-content\/uploads\/2024\/06\/CHEMISE-face-1-706x1024.jpg 706w, https:\/\/cc-qrga.fr\/wp-content\/uploads\/2024\/06\/CHEMISE-face-1-768x1114.jpg 768w, https:\/\/cc-qrga.fr\/wp-content\/uploads\/2024\/06\/CHEMISE-face-1-1058x1536.jpg 1058w, https:\/\/cc-qrga.fr\/wp-content\/uploads\/2024\/06\/CHEMISE-face-1-1411x2048.jpg 1411w\" sizes=\"(max-width: 1764px) 100vw, 1764px\" \/><\/figure><div class=\"elementor-image-box-content\"><h3 class=\"elementor-image-box-title\">Quercy Rouergue and the Aveyron Gorges on foot, mountain bike or horseback.<\/h3><p class=\"elementor-image-box-description\">The Communaut\u00e9 de Communes offers you a Topo-Guide, with detailed maps of 34 routes, numerous photos and descriptive sheets of the signposted routes.<br><br>Available from our Tourist Offices.\n<\/p><\/div><\/div>\t\t\t\t<\/div>\n\t\t\t\t<\/div>\n\t\t\t\t<\/div>\n\t\t<div class=\"has_eae_slider elementor-element elementor-element-1146221 e-con-full e-flex e-con e-child\" data-eae-slider=\"41205\" data-id=\"1146221\" data-element_type=\"container\" data-e-type=\"container\">\n\t\t\t\t<div class=\"elementor-element elementor-element-389b22d elementor-position-left elementor-vertical-align-top elementor-widget elementor-widget-image-box\" data-id=\"389b22d\" data-element_type=\"widget\" data-e-type=\"widget\" data-widget_type=\"image-box.default\">\n\t\t\t\t<div class=\"elementor-widget-container\">\n\t\t\t\t\t<div class=\"elementor-image-box-wrapper\"><figure class=\"elementor-image-box-img\"><img decoding=\"async\" width=\"1738\" height=\"2480\" src=\"https:\/\/cc-qrga.fr\/wp-content\/uploads\/2024\/06\/LA-LOUTRE-2024-1.jpg\" class=\"attachment-full size-full wp-image-23919\" alt=\"\" srcset=\"https:\/\/cc-qrga.fr\/wp-content\/uploads\/2024\/06\/LA-LOUTRE-2024-1.jpg 1738w, https:\/\/cc-qrga.fr\/wp-content\/uploads\/2024\/06\/LA-LOUTRE-2024-1-210x300.jpg 210w, https:\/\/cc-qrga.fr\/wp-content\/uploads\/2024\/06\/LA-LOUTRE-2024-1-718x1024.jpg 718w, https:\/\/cc-qrga.fr\/wp-content\/uploads\/2024\/06\/LA-LOUTRE-2024-1-768x1096.jpg 768w, https:\/\/cc-qrga.fr\/wp-content\/uploads\/2024\/06\/LA-LOUTRE-2024-1-1076x1536.jpg 1076w, https:\/\/cc-qrga.fr\/wp-content\/uploads\/2024\/06\/LA-LOUTRE-2024-1-1435x2048.jpg 1435w\" sizes=\"(max-width: 1738px) 100vw, 1738px\" \/><\/figure><div class=\"elementor-image-box-content\"><h3 class=\"elementor-image-box-title\">\"Discovering the Aveyron gorges<\/h3><p class=\"elementor-image-box-description\">Starting from the Place du Pradel in Saint-Antonin Noble Val, walk along the Aveyron river, home to \"Lo\u00efra\" the otter, towards Cazals. You'll be able to find out more about the environment in which she lives, the flora and fauna associated with the river and how it has been used by man.\nThe trail guide is available from tourist offices, town halls and the Communaut\u00e9 de Communes.<\/p><\/div><\/div>\t\t\t\t<\/div>\n\t\t\t\t<\/div>\n\t\t\t\t<\/div>\n\t\t\t\t\t<\/div>\n\t\t\t\t<\/div>\n\t\t\t\t<section class=\"has_eae_slider elementor-section elementor-top-section elementor-element elementor-element-ab29327 elementor-section-boxed elementor-section-height-default elementor-section-height-default\" data-eae-slider=\"75974\" data-id=\"ab29327\" data-element_type=\"section\" data-e-type=\"section\">\n\t\t\t\t\t\t<div class=\"elementor-container elementor-column-gap-default\">\n\t\t\t\t\t<div class=\"has_eae_slider elementor-column elementor-col-100 elementor-top-column elementor-element elementor-element-cddac60\" data-eae-slider=\"97922\" data-id=\"cddac60\" data-element_type=\"column\" data-e-type=\"column\">\n\t\t\t<div class=\"elementor-widget-wrap elementor-element-populated\">\n\t\t\t\t\t\t<div class=\"elementor-element elementor-element-c758c21 elementor-align-center elementor-widget elementor-widget-button\" data-id=\"c758c21\" data-element_type=\"widget\" data-e-type=\"widget\" data-widget_type=\"button.default\">\n\t\t\t\t<div class=\"elementor-widget-container\">\n\t\t\t\t\t\t\t\t\t<div class=\"elementor-button-wrapper\">\n\t\t\t\t\t<a class=\"elementor-button elementor-button-link elementor-size-sm elementor-animation-shrink\" href=\"https:\/\/causses-gorgesaveyron.com\/espace-brochures\/\" target=\"_blank\">\n\t\t\t\t\t\t<span class=\"elementor-button-content-wrapper\">\n\t\t\t\t\t\t\t\t\t<span class=\"elementor-button-text\">more info<\/span>\n\t\t\t\t\t<\/span>\n\t\t\t\t\t<\/a>\n\t\t\t\t<\/div>\n\t\t\t\t\t\t\t\t<\/div>\n\t\t\t\t<\/div>\n\t\t\t\t<div class=\"elementor-element elementor-element-66ec34c elementor-widget elementor-widget-spacer\" data-id=\"66ec34c\" data-element_type=\"widget\" data-e-type=\"widget\" data-widget_type=\"spacer.default\">\n\t\t\t\t<div class=\"elementor-widget-container\">\n\t\t\t\t\t\t\t<div class=\"elementor-spacer\">\n\t\t\t<div class=\"elementor-spacer-inner\"><\/div>\n\t\t<\/div>\n\t\t\t\t\t\t<\/div>\n\t\t\t\t<\/div>\n\t\t\t\t\t<\/div>\n\t\t<\/div>\n\t\t\t\t\t<\/div>\n\t\t<\/section>\n\t\t<div class=\"has_eae_slider elementor-element elementor-element-f1635fa e-flex e-con-boxed e-con e-parent\" data-eae-slider=\"24510\" data-id=\"f1635fa\" data-element_type=\"container\" data-e-type=\"container\" data-settings=\"{&quot;background_background&quot;:&quot;classic&quot;}\">\n\t\t\t\t\t<div class=\"e-con-inner\">\n\t\t<div class=\"has_eae_slider elementor-element elementor-element-f3f873a e-con-full e-flex e-con e-child\" data-eae-slider=\"40123\" data-id=\"f3f873a\" data-element_type=\"container\" data-e-type=\"container\">\n\t\t\t\t<div class=\"elementor-element elementor-element-76c1b72 elementor-widget elementor-widget-image\" data-id=\"76c1b72\" data-element_type=\"widget\" data-e-type=\"widget\" data-widget_type=\"image.default\">\n\t\t\t\t<div class=\"elementor-widget-container\">\n\t\t\t\t\t\t\t\t\t\t\t\t\t\t\t<img decoding=\"async\" width=\"800\" height=\"534\" src=\"https:\/\/cc-qrga.fr\/wp-content\/uploads\/2022\/08\/IMG_0818-1024x683.jpeg\" class=\"attachment-large size-large wp-image-1455\" alt=\"\" srcset=\"https:\/\/cc-qrga.fr\/wp-content\/uploads\/2022\/08\/IMG_0818-1024x683.jpeg 1024w, https:\/\/cc-qrga.fr\/wp-content\/uploads\/2022\/08\/IMG_0818-300x200.jpeg 300w, https:\/\/cc-qrga.fr\/wp-content\/uploads\/2022\/08\/IMG_0818-768x512.jpeg 768w, https:\/\/cc-qrga.fr\/wp-content\/uploads\/2022\/08\/IMG_0818-1536x1024.jpeg 1536w, https:\/\/cc-qrga.fr\/wp-content\/uploads\/2022\/08\/IMG_0818-2048x1365.jpeg 2048w\" sizes=\"(max-width: 800px) 100vw, 800px\" \/>\t\t\t\t\t\t\t\t\t\t\t\t\t\t\t<\/div>\n\t\t\t\t<\/div>\n\t\t\t\t<\/div>\n\t\t<div class=\"has_eae_slider elementor-element elementor-element-6da2c8d e-con-full e-flex e-con e-child\" data-eae-slider=\"49739\" data-id=\"6da2c8d\" data-element_type=\"container\" data-e-type=\"container\">\n\t\t\t\t<div class=\"elementor-element elementor-element-6d2b922 elementor-widget elementor-widget-heading\" data-id=\"6d2b922\" data-element_type=\"widget\" data-e-type=\"widget\" data-widget_type=\"heading.default\">\n\t\t\t\t<div class=\"elementor-widget-container\">\n\t\t\t\t\t<h2 class=\"elementor-heading-title elementor-size-default\">The missions of the road service<\/h2>\t\t\t\t<\/div>\n\t\t\t\t<\/div>\n\t\t\t\t<div class=\"elementor-element elementor-element-05900e9 elementor-widget elementor-widget-heading\" data-id=\"05900e9\" data-element_type=\"widget\" data-e-type=\"widget\" data-widget_type=\"heading.default\">\n\t\t\t\t<div class=\"elementor-widget-container\">\n\t\t\t\t\t<h2 class=\"elementor-heading-title elementor-size-default\">The Communaut\u00e9 de Communes has an extensive network of footpaths (around 440km). There has long been a willingness to take action across the region. Maintaining, repairing and developing our common spaces is one of our priorities. The footpath maintenance unit is responsible for :\n\n<br><br>\n\n- Create, maintain and mark footpaths\n<br>\n- Helping local authorities manage their natural areas<\/h2>\t\t\t\t<\/div>\n\t\t\t\t<\/div>\n\t\t\t\t<\/div>\n\t\t\t\t\t<\/div>\n\t\t\t\t<\/div>\n\t\t\t\t<section class=\"has_eae_slider elementor-section elementor-top-section elementor-element elementor-element-5901860 elementor-section-boxed elementor-section-height-default elementor-section-height-default\" data-eae-slider=\"11102\" data-id=\"5901860\" data-element_type=\"section\" data-e-type=\"section\" data-settings=\"{&quot;background_background&quot;:&quot;classic&quot;}\">\n\t\t\t\t\t\t<div class=\"elementor-container elementor-column-gap-default\">\n\t\t\t\t\t<div class=\"has_eae_slider elementor-column elementor-col-100 elementor-top-column elementor-element elementor-element-4aa3628\" data-eae-slider=\"28652\" data-id=\"4aa3628\" data-element_type=\"column\" data-e-type=\"column\" data-settings=\"{&quot;background_background&quot;:&quot;classic&quot;}\">\n\t\t\t<div class=\"elementor-widget-wrap elementor-element-populated\">\n\t\t\t\t\t\t<div class=\"elementor-element elementor-element-c1fdad9 elementor-widget elementor-widget-heading\" data-id=\"c1fdad9\" data-element_type=\"widget\" data-e-type=\"widget\" data-widget_type=\"heading.default\">\n\t\t\t\t<div class=\"elementor-widget-container\">\n\t\t\t\t\t<h1 class=\"elementor-heading-title elementor-size-default\">the hiker's golden rules<\/h1>\t\t\t\t<\/div>\n\t\t\t\t<\/div>\n\t\t\t\t<div class=\"elementor-element elementor-element-34d79f2 elementor-widget elementor-widget-heading\" data-id=\"34d79f2\" data-element_type=\"widget\" data-e-type=\"widget\" data-widget_type=\"heading.default\">\n\t\t\t\t<div class=\"elementor-widget-container\">\n\t\t\t\t\t<h1 class=\"elementor-heading-title elementor-size-default\">Hiker's Charter<\/h1>\t\t\t\t<\/div>\n\t\t\t\t<\/div>\n\t\t\t\t\t<\/div>\n\t\t<\/div>\n\t\t\t\t\t<\/div>\n\t\t<\/section>\n\t\t\t\t<section class=\"has_eae_slider elementor-section elementor-top-section elementor-element elementor-element-4b2e1c5 elementor-section-boxed elementor-section-height-default elementor-section-height-default\" data-eae-slider=\"11565\" data-id=\"4b2e1c5\" data-element_type=\"section\" data-e-type=\"section\">\n\t\t\t\t\t\t<div class=\"elementor-container elementor-column-gap-default\">\n\t\t\t\t\t<div class=\"has_eae_slider elementor-column elementor-col-100 elementor-top-column elementor-element elementor-element-e0dc1bd\" data-eae-slider=\"43082\" data-id=\"e0dc1bd\" data-element_type=\"column\" data-e-type=\"column\">\n\t\t\t<div class=\"elementor-widget-wrap elementor-element-populated\">\n\t\t\t\t\t\t<div class=\"elementor-element elementor-element-2c29430 elementor-widget elementor-widget-text-editor\" data-id=\"2c29430\" data-element_type=\"widget\" data-e-type=\"widget\" data-widget_type=\"text-editor.default\">\n\t\t\t\t<div class=\"elementor-widget-container\">\n\t\t\t\t\t\t\t\t\t<ul><li>Respecting nature and private property<\/li><li>Stay on marked paths and tracks<\/li><li>Watch out for crops and animals, close fences<\/li><li>Be careful during the hunting season and heed hunters' instructions<\/li><li>Do not light fires or smoke in the woods<\/li><li>Don't throw rubbish away, take it with you<\/li><li>Discover the flora without trampling or picking it<\/li><li>Respect reception, signposting and marking equipment<\/li><li>Comply with the Highway Code when driving on the carriageway<\/li><li>Keeping dogs on a lead<\/li><li>Remain courteous to other users (mountain bikers, horse riders, local residents, fishermen, etc.)<\/li><li>Being discreet. Thinking of others, of the serenity of nature<\/li><li>Getting to know the flora and fauna, especially in sensitive areas<\/li><li>Contact the local authorities for information during the hunting season<\/li><\/ul>\t\t\t\t\t\t\t\t<\/div>\n\t\t\t\t<\/div>\n\t\t\t\t<div class=\"elementor-element elementor-element-df59022 elementor-widget elementor-widget-heading\" data-id=\"df59022\" data-element_type=\"widget\" data-e-type=\"widget\" data-widget_type=\"heading.default\">\n\t\t\t\t<div class=\"elementor-widget-container\">\n\t\t\t\t\t<h1 class=\"elementor-heading-title elementor-size-default\">And what's more...<\/h1>\t\t\t\t<\/div>\n\t\t\t\t<\/div>\n\t\t\t\t<div class=\"elementor-element elementor-element-81ab5ce elementor-widget elementor-widget-text-editor\" data-id=\"81ab5ce\" data-element_type=\"widget\" data-e-type=\"widget\" data-widget_type=\"text-editor.default\">\n\t\t\t\t<div class=\"elementor-widget-container\">\n\t\t\t\t\t\t\t\t\t<ul><li>Knowing how to choose your hike according to your ability at the time, your fitness level and your personal objectives<\/li><li>Make sure you're properly equipped before you leave<\/li><li>Knowing how to respect the group by always walking together<\/li><li>Knowing how to wait for the last<\/li><li>Be aware of your neighbours' behaviour<\/li><li>Drink little but often to rehydrate<\/li><li>Don't try to go beyond your own limits<\/li><\/ul>\t\t\t\t\t\t\t\t<\/div>\n\t\t\t\t<\/div>\n\t\t\t\t<div class=\"elementor-element elementor-element-c726053 elementor-widget elementor-widget-heading\" data-id=\"c726053\" data-element_type=\"widget\" data-e-type=\"widget\" data-widget_type=\"heading.default\">\n\t\t\t\t<div class=\"elementor-widget-container\">\n\t\t\t\t\t<h1 class=\"elementor-heading-title elementor-size-default\">Useful links<\/h1>\t\t\t\t<\/div>\n\t\t\t\t<\/div>\n\t\t\t\t<div class=\"elementor-element elementor-element-3d01e6e elementor-widget elementor-widget-text-editor\" data-id=\"3d01e6e\" data-element_type=\"widget\" data-e-type=\"widget\" data-widget_type=\"text-editor.default\">\n\t\t\t\t<div class=\"elementor-widget-container\">\n\t\t\t\t\t\t\t\t\t<ul><li><a href=\"https:\/\/causses-gorgesaveyron.com\/bouger\/sur-les-sentiers\/a-pieds\/\">https:\/\/causses-gorgesaveyron.com\/bouger\/sur-les-sentiers\/a-pieds\/<\/a><\/li><li><a href=\"https:\/\/www.tourisme-tarnetgaronne.fr\/bouger\/balades-et-randonnees\/randos-pedestres\/\">https:\/\/www.tourisme-tarnetgaronne.fr\/bouger\/balades-et-randonnees\/randos-pedestres\/<\/a><\/li><li><a href=\"https:\/\/www.francevelotourisme.com\/itineraire\/vallee-et-gorges-de-l-aveyron-a-velo\">https:\/\/www.francevelotourisme.com\/itineraire\/vallee-et-gorges-de-l-aveyron-a-velo<\/a><\/li><\/ul>\t\t\t\t\t\t\t\t<\/div>\n\t\t\t\t<\/div>\n\t\t\t\t<div class=\"elementor-element elementor-element-4df7642 elementor-widget elementor-widget-spacer\" data-id=\"4df7642\" data-element_type=\"widget\" data-e-type=\"widget\" data-widget_type=\"spacer.default\">\n\t\t\t\t<div class=\"elementor-widget-container\">\n\t\t\t\t\t\t\t<div class=\"elementor-spacer\">\n\t\t\t<div class=\"elementor-spacer-inner\"><\/div>\n\t\t<\/div>\n\t\t\t\t\t\t<\/div>\n\t\t\t\t<\/div>\n\t\t\t\t\t<\/div>\n\t\t<\/div>\n\t\t\t\t\t<\/div>\n\t\t<\/section>\n\t\t\t\t<\/div>","protected":false},"excerpt":{"rendered":"<p>sentiers de randonn\u00e9es Le Quercy Rouergue et Gorges de l\u2019Aveyron \u00e0 pied, \u00e0 VTT, \u00e0 Cheval. La Communaut\u00e9 de Communes vous propose un Topo-Guide, avec des cartes d\u00e9taill\u00e9es de 34 circuits, de nombreuses photos, des fiches descriptives des itin\u00e9raires balis\u00e9s. Disponible dans nos Offices de Tourisme. \u00ab A la d\u00e9couverte des gorges de l\u2019Aveyron \u00bb [&hellip;]<\/p>","protected":false},"author":22,"featured_media":0,"parent":30,"menu_order":0,"comment_status":"closed","ping_status":"closed","template":"","meta":{"footnotes":""},"class_list":["post-75","page","type-page","status-publish","hentry"],"yoast_head":"<!-- This site is optimized with the Yoast SEO plugin v27.4 - https:\/\/yoast.com\/product\/yoast-seo-wordpress\/ -->\n<title>Randonn\u00e9es - Communaut\u00e9 de communes du Quercy Rouergue et des Gorges de l&#039;Aveyron<\/title>\n<meta name=\"robots\" content=\"index, follow, max-snippet:-1, max-image-preview:large, max-video-preview:-1\" \/>\n<link rel=\"canonical\" href=\"https:\/\/cc-qrga.fr\/en\/vivre-et-sejourner\/randonnees\/\" \/>\n<meta property=\"og:locale\" content=\"en_GB\" \/>\n<meta property=\"og:type\" content=\"article\" \/>\n<meta property=\"og:title\" content=\"Randonn\u00e9es - Communaut\u00e9 de communes du Quercy Rouergue et des Gorges de l&#039;Aveyron\" \/>\n<meta property=\"og:description\" content=\"sentiers de randonn\u00e9es Le Quercy Rouergue et Gorges de l\u2019Aveyron \u00e0 pied, \u00e0 VTT, \u00e0 Cheval. La Communaut\u00e9 de Communes vous propose un Topo-Guide, avec des cartes d\u00e9taill\u00e9es de 34 circuits, de nombreuses photos, des fiches descriptives des itin\u00e9raires balis\u00e9s. Disponible dans nos Offices de Tourisme. \u00ab A la d\u00e9couverte des gorges de l\u2019Aveyron \u00bb [&hellip;]\" \/>\n<meta property=\"og:url\" content=\"https:\/\/cc-qrga.fr\/en\/vivre-et-sejourner\/randonnees\/\" \/>\n<meta property=\"og:site_name\" content=\"Communaut\u00e9 de communes du Quercy Rouergue et des Gorges de l&#039;Aveyron\" \/>\n<meta property=\"article:modified_time\" content=\"2024-07-02T12:46:21+00:00\" \/>\n<meta property=\"og:image\" content=\"https:\/\/cc-qrga.fr\/wp-content\/uploads\/2024\/06\/CHEMISE-face-1-scaled.jpg\" \/>\n<meta name=\"twitter:card\" content=\"summary_large_image\" \/>\n<meta name=\"twitter:label1\" content=\"Estimated reading time\" \/>\n\t<meta name=\"twitter:data1\" content=\"3 minutes\" \/>\n<script type=\"application\/ld+json\" class=\"yoast-schema-graph\">{\"@context\":\"https:\\\/\\\/schema.org\",\"@graph\":[{\"@type\":\"WebPage\",\"@id\":\"https:\\\/\\\/cc-qrga.fr\\\/vivre-et-sejourner\\\/randonnees\\\/\",\"url\":\"https:\\\/\\\/cc-qrga.fr\\\/vivre-et-sejourner\\\/randonnees\\\/\",\"name\":\"Randonn\u00e9es - Communaut\u00e9 de communes du Quercy Rouergue et des Gorges de l&#039;Aveyron\",\"isPartOf\":{\"@id\":\"https:\\\/\\\/cc-qrga.fr\\\/#website\"},\"primaryImageOfPage\":{\"@id\":\"https:\\\/\\\/cc-qrga.fr\\\/vivre-et-sejourner\\\/randonnees\\\/#primaryimage\"},\"image\":{\"@id\":\"https:\\\/\\\/cc-qrga.fr\\\/vivre-et-sejourner\\\/randonnees\\\/#primaryimage\"},\"thumbnailUrl\":\"https:\\\/\\\/cc-qrga.fr\\\/wp-content\\\/uploads\\\/2024\\\/06\\\/CHEMISE-face-1-scaled.jpg\",\"datePublished\":\"2022-07-06T09:16:28+00:00\",\"dateModified\":\"2024-07-02T12:46:21+00:00\",\"breadcrumb\":{\"@id\":\"https:\\\/\\\/cc-qrga.fr\\\/vivre-et-sejourner\\\/randonnees\\\/#breadcrumb\"},\"inLanguage\":\"en-GB\",\"potentialAction\":[{\"@type\":\"ReadAction\",\"target\":[\"https:\\\/\\\/cc-qrga.fr\\\/vivre-et-sejourner\\\/randonnees\\\/\"]}]},{\"@type\":\"ImageObject\",\"inLanguage\":\"en-GB\",\"@id\":\"https:\\\/\\\/cc-qrga.fr\\\/vivre-et-sejourner\\\/randonnees\\\/#primaryimage\",\"url\":\"https:\\\/\\\/cc-qrga.fr\\\/wp-content\\\/uploads\\\/2024\\\/06\\\/CHEMISE-face-1-scaled.jpg\",\"contentUrl\":\"https:\\\/\\\/cc-qrga.fr\\\/wp-content\\\/uploads\\\/2024\\\/06\\\/CHEMISE-face-1-scaled.jpg\"},{\"@type\":\"BreadcrumbList\",\"@id\":\"https:\\\/\\\/cc-qrga.fr\\\/vivre-et-sejourner\\\/randonnees\\\/#breadcrumb\",\"itemListElement\":[{\"@type\":\"ListItem\",\"position\":1,\"name\":\"Accueil\",\"item\":\"https:\\\/\\\/cc-qrga.fr\\\/\"},{\"@type\":\"ListItem\",\"position\":2,\"name\":\"Vivre et s\u00e9journer\",\"item\":\"https:\\\/\\\/cc-qrga.fr\\\/vivre-et-sejourner\\\/\"},{\"@type\":\"ListItem\",\"position\":3,\"name\":\"Randonn\u00e9es\"}]},{\"@type\":\"WebSite\",\"@id\":\"https:\\\/\\\/cc-qrga.fr\\\/#website\",\"url\":\"https:\\\/\\\/cc-qrga.fr\\\/\",\"name\":\"Communaut\u00e9 de communes du Quercy Rouergue et des Gorges de l&#039;Aveyron\",\"description\":\"qrga\",\"potentialAction\":[{\"@type\":\"SearchAction\",\"target\":{\"@type\":\"EntryPoint\",\"urlTemplate\":\"https:\\\/\\\/cc-qrga.fr\\\/?s={search_term_string}\"},\"query-input\":{\"@type\":\"PropertyValueSpecification\",\"valueRequired\":true,\"valueName\":\"search_term_string\"}}],\"inLanguage\":\"en-GB\"}]}<\/script>\n<!-- \/ Yoast SEO plugin. -->","yoast_head_json":{"title":"Randonn\u00e9es - Communaut\u00e9 de communes du Quercy Rouergue et des Gorges de l&#039;Aveyron","robots":{"index":"index","follow":"follow","max-snippet":"max-snippet:-1","max-image-preview":"max-image-preview:large","max-video-preview":"max-video-preview:-1"},"canonical":"https:\/\/cc-qrga.fr\/en\/vivre-et-sejourner\/randonnees\/","og_locale":"en_GB","og_type":"article","og_title":"Randonn\u00e9es - Communaut\u00e9 de communes du Quercy Rouergue et des Gorges de l&#039;Aveyron","og_description":"sentiers de randonn\u00e9es Le Quercy Rouergue et Gorges de l\u2019Aveyron \u00e0 pied, \u00e0 VTT, \u00e0 Cheval. La Communaut\u00e9 de Communes vous propose un Topo-Guide, avec des cartes d\u00e9taill\u00e9es de 34 circuits, de nombreuses photos, des fiches descriptives des itin\u00e9raires balis\u00e9s. Disponible dans nos Offices de Tourisme. \u00ab A la d\u00e9couverte des gorges de l\u2019Aveyron \u00bb [&hellip;]","og_url":"https:\/\/cc-qrga.fr\/en\/vivre-et-sejourner\/randonnees\/","og_site_name":"Communaut\u00e9 de communes du Quercy Rouergue et des Gorges de l&#039;Aveyron","article_modified_time":"2024-07-02T12:46:21+00:00","og_image":[{"url":"https:\/\/cc-qrga.fr\/wp-content\/uploads\/2024\/06\/CHEMISE-face-1-scaled.jpg","type":"","width":"","height":""}],"twitter_card":"summary_large_image","twitter_misc":{"Estimated reading time":"3 minutes"},"schema":{"@context":"https:\/\/schema.org","@graph":[{"@type":"WebPage","@id":"https:\/\/cc-qrga.fr\/vivre-et-sejourner\/randonnees\/","url":"https:\/\/cc-qrga.fr\/vivre-et-sejourner\/randonnees\/","name":"Randonn\u00e9es - Communaut\u00e9 de communes du Quercy Rouergue et des Gorges de l&#039;Aveyron","isPartOf":{"@id":"https:\/\/cc-qrga.fr\/#website"},"primaryImageOfPage":{"@id":"https:\/\/cc-qrga.fr\/vivre-et-sejourner\/randonnees\/#primaryimage"},"image":{"@id":"https:\/\/cc-qrga.fr\/vivre-et-sejourner\/randonnees\/#primaryimage"},"thumbnailUrl":"https:\/\/cc-qrga.fr\/wp-content\/uploads\/2024\/06\/CHEMISE-face-1-scaled.jpg","datePublished":"2022-07-06T09:16:28+00:00","dateModified":"2024-07-02T12:46:21+00:00","breadcrumb":{"@id":"https:\/\/cc-qrga.fr\/vivre-et-sejourner\/randonnees\/#breadcrumb"},"inLanguage":"en-GB","potentialAction":[{"@type":"ReadAction","target":["https:\/\/cc-qrga.fr\/vivre-et-sejourner\/randonnees\/"]}]},{"@type":"ImageObject","inLanguage":"en-GB","@id":"https:\/\/cc-qrga.fr\/vivre-et-sejourner\/randonnees\/#primaryimage","url":"https:\/\/cc-qrga.fr\/wp-content\/uploads\/2024\/06\/CHEMISE-face-1-scaled.jpg","contentUrl":"https:\/\/cc-qrga.fr\/wp-content\/uploads\/2024\/06\/CHEMISE-face-1-scaled.jpg"},{"@type":"BreadcrumbList","@id":"https:\/\/cc-qrga.fr\/vivre-et-sejourner\/randonnees\/#breadcrumb","itemListElement":[{"@type":"ListItem","position":1,"name":"Accueil","item":"https:\/\/cc-qrga.fr\/"},{"@type":"ListItem","position":2,"name":"Vivre et s\u00e9journer","item":"https:\/\/cc-qrga.fr\/vivre-et-sejourner\/"},{"@type":"ListItem","position":3,"name":"Randonn\u00e9es"}]},{"@type":"WebSite","@id":"https:\/\/cc-qrga.fr\/#website","url":"https:\/\/cc-qrga.fr\/","name":"Community of Municipalities of Quercy Rouergue and the Aveyron Gorges","description":"qrga","potentialAction":[{"@type":"SearchAction","target":{"@type":"EntryPoint","urlTemplate":"https:\/\/cc-qrga.fr\/?s={search_term_string}"},"query-input":{"@type":"PropertyValueSpecification","valueRequired":true,"valueName":"search_term_string"}}],"inLanguage":"en-GB"}]}},"_links":{"self":[{"href":"http:\/\/cc-qrga.fr\/en\/wp-json\/wp\/v2\/pages\/75","targetHints":{"allow":["GET"]}}],"collection":[{"href":"http:\/\/cc-qrga.fr\/en\/wp-json\/wp\/v2\/pages"}],"about":[{"href":"http:\/\/cc-qrga.fr\/en\/wp-json\/wp\/v2\/types\/page"}],"author":[{"embeddable":true,"href":"http:\/\/cc-qrga.fr\/en\/wp-json\/wp\/v2\/users\/22"}],"replies":[{"embeddable":true,"href":"http:\/\/cc-qrga.fr\/en\/wp-json\/wp\/v2\/comments?post=75"}],"version-history":[{"count":0,"href":"http:\/\/cc-qrga.fr\/en\/wp-json\/wp\/v2\/pages\/75\/revisions"}],"up":[{"embeddable":true,"href":"http:\/\/cc-qrga.fr\/en\/wp-json\/wp\/v2\/pages\/30"}],"wp:attachment":[{"href":"http:\/\/cc-qrga.fr\/en\/wp-json\/wp\/v2\/media?parent=75"}],"curies":[{"name":"wp","href":"https:\/\/api.w.org\/{rel}","templated":true}]}}