{"id":129,"date":"2022-07-07T09:46:07","date_gmt":"2022-07-07T07:46:07","guid":{"rendered":"https:\/\/cc-qrga.fr\/?page_id=129"},"modified":"2025-08-18T17:17:54","modified_gmt":"2025-08-18T15:17:54","slug":"environnement","status":"publish","type":"page","link":"https:\/\/cc-qrga.fr\/en\/amenager-et-preserver\/service-gemapi\/environnement\/","title":{"rendered":"Environnement"},"content":{"rendered":"<div data-elementor-type=\"wp-page\" data-elementor-id=\"129\" class=\"elementor elementor-129\" data-elementor-post-type=\"page\">\n\t\t\t\t\t\t<section class=\"has_eae_slider elementor-section elementor-top-section elementor-element elementor-element-e2cbfcf elementor-section-boxed elementor-section-height-default elementor-section-height-default\" data-eae-slider=\"35531\" data-id=\"e2cbfcf\" data-element_type=\"section\" data-e-type=\"section\">\n\t\t\t\t\t\t<div class=\"elementor-container elementor-column-gap-default\">\n\t\t\t\t\t<div class=\"has_eae_slider elementor-column elementor-col-100 elementor-top-column elementor-element elementor-element-fd5c2c6\" data-eae-slider=\"88948\" data-id=\"fd5c2c6\" data-element_type=\"column\" data-e-type=\"column\">\n\t\t\t<div class=\"elementor-widget-wrap elementor-element-populated\">\n\t\t\t\t\t\t<div class=\"elementor-element elementor-element-be25af4 elementor-widget elementor-widget-heading\" data-id=\"be25af4\" data-element_type=\"widget\" data-e-type=\"widget\" data-widget_type=\"heading.default\">\n\t\t\t\t<div class=\"elementor-widget-container\">\n\t\t\t\t\t<h1 class=\"elementor-heading-title elementor-size-default\">La CCQRGA poss\u00e8de un patrimoine <a style=\"color:#5EB8CE\">naturel exceptionnel, <\/h1>\t\t\t\t<\/div>\n\t\t\t\t<\/div>\n\t\t\t\t<div class=\"elementor-element elementor-element-f52ea9f elementor-widget-divider--view-line elementor-widget elementor-widget-divider\" data-id=\"f52ea9f\" data-element_type=\"widget\" data-e-type=\"widget\" data-widget_type=\"divider.default\">\n\t\t\t\t<div class=\"elementor-widget-container\">\n\t\t\t\t\t\t\t<div class=\"elementor-divider\">\n\t\t\t<span class=\"elementor-divider-separator\">\n\t\t\t\t\t\t<\/span>\n\t\t<\/div>\n\t\t\t\t\t\t<\/div>\n\t\t\t\t<\/div>\n\t\t\t\t<div class=\"elementor-element elementor-element-85c9300 elementor-widget elementor-widget-heading\" data-id=\"85c9300\" data-element_type=\"widget\" data-e-type=\"widget\" data-widget_type=\"heading.default\">\n\t\t\t\t<div class=\"elementor-widget-container\">\n\t\t\t\t\t<h3 class=\"elementor-heading-title elementor-size-default\">qu\u2019il est important de pr\u00e9server. <\/h3>\t\t\t\t<\/div>\n\t\t\t\t<\/div>\n\t\t\t\t\t<\/div>\n\t\t<\/div>\n\t\t\t\t\t<\/div>\n\t\t<\/section>\n\t\t\t\t<section class=\"has_eae_slider elementor-section elementor-top-section elementor-element elementor-element-e822055 elementor-section-boxed elementor-section-height-default elementor-section-height-default\" data-eae-slider=\"5529\" data-id=\"e822055\" data-element_type=\"section\" data-e-type=\"section\">\n\t\t\t\t\t\t<div class=\"elementor-container elementor-column-gap-default\">\n\t\t\t\t\t<div class=\"has_eae_slider elementor-column elementor-col-100 elementor-top-column elementor-element elementor-element-0256661\" data-eae-slider=\"1807\" data-id=\"0256661\" data-element_type=\"column\" data-e-type=\"column\">\n\t\t\t<div class=\"elementor-widget-wrap elementor-element-populated\">\n\t\t\t\t\t\t<div class=\"elementor-element elementor-element-0331efd elementor-widget elementor-widget-text-editor\" data-id=\"0331efd\" data-element_type=\"widget\" data-e-type=\"widget\" data-widget_type=\"text-editor.default\">\n\t\t\t\t<div class=\"elementor-widget-container\">\n\t\t\t\t\t\t\t\t\t<p><span data-contrast=\"auto\">The<strong> ZNIEFF<\/strong> (Zones d\u2019Int\u00e9r\u00eat \u00c9cologique, Faunistique et Florales) repr\u00e9sentent <strong>50%<\/strong> du territoire de la CCQRGA<\/span><span data-ccp-props=\"{&quot;201341983&quot;:0,&quot;335559739&quot;:160,&quot;335559740&quot;:259}\">\u00a0<\/span><\/p><p><span data-contrast=\"auto\">Ces zones sont inventori\u00e9es en raison du caract\u00e8re remarquable de la biodiversit\u00e9 qu\u2019elles abritent.<\/span><span data-ccp-props=\"{&quot;201341983&quot;:0,&quot;335559739&quot;:160,&quot;335559740&quot;:259}\">\u00a0\u00a0<\/span><\/p>\t\t\t\t\t\t\t\t<\/div>\n\t\t\t\t<\/div>\n\t\t\t\t<div class=\"elementor-element elementor-element-fa369e5 elementor-widget elementor-widget-image\" data-id=\"fa369e5\" data-element_type=\"widget\" data-e-type=\"widget\" data-widget_type=\"image.default\">\n\t\t\t\t<div class=\"elementor-widget-container\">\n\t\t\t\t\t\t\t\t\t\t\t\t\t\t\t<img fetchpriority=\"high\" decoding=\"async\" width=\"800\" height=\"566\" src=\"https:\/\/cc-qrga.fr\/wp-content\/uploads\/2022\/07\/environnement-1024x724.jpeg\" class=\"attachment-large size-large wp-image-1377\" alt=\"\" srcset=\"https:\/\/cc-qrga.fr\/wp-content\/uploads\/2022\/07\/environnement-1024x724.jpeg 1024w, https:\/\/cc-qrga.fr\/wp-content\/uploads\/2022\/07\/environnement-300x212.jpeg 300w, https:\/\/cc-qrga.fr\/wp-content\/uploads\/2022\/07\/environnement-768x543.jpeg 768w, https:\/\/cc-qrga.fr\/wp-content\/uploads\/2022\/07\/environnement-1536x1086.jpeg 1536w, https:\/\/cc-qrga.fr\/wp-content\/uploads\/2022\/07\/environnement-2048x1448.jpeg 2048w\" sizes=\"(max-width: 800px) 100vw, 800px\" \/>\t\t\t\t\t\t\t\t\t\t\t\t\t\t\t<\/div>\n\t\t\t\t<\/div>\n\t\t\t\t<div class=\"elementor-element elementor-element-e1b7faf elementor-widget elementor-widget-htmega-galleryjustify-addons\" data-id=\"e1b7faf\" data-element_type=\"widget\" data-e-type=\"widget\" data-widget_type=\"htmega-galleryjustify-addons.default\">\n\t\t\t\t<div class=\"elementor-widget-container\">\n\t\t\t\t\t<div id=\"npgallerye1b7faf\" class=\"npgallery_activee1b7faf\"style=\"display:none;\">                        <div class=\"htmega-justify-single-image\">\n                            <div class=\"thumb\">\n                                <a href=\"https:\/\/grottedubosc.com\/ccqrga\/wp-content\/uploads\/2022\/09\/dsc9586web-copie_orig.jpeg\" rel=\"npgallery\">\n                                    <img decoding=\"async\" src=\"https:\/\/cc-qrga.fr\/wp-content\/uploads\/2022\/09\/dsc9586web-copie_orig.jpeg\" alt=\"\">\n                                <\/a>\n                            <\/div>\n                        <\/div>\n\n                                            <div class=\"htmega-justify-single-image\">\n                            <div class=\"thumb\">\n                                <a href=\"https:\/\/grottedubosc.com\/ccqrga\/wp-content\/uploads\/2022\/09\/dsc0926-dxo-modifier-web-tv-2048_orig.jpeg\" rel=\"npgallery\">\n                                    <img decoding=\"async\" src=\"https:\/\/cc-qrga.fr\/wp-content\/uploads\/2022\/09\/dsc0926-dxo-modifier-web-tv-2048_orig.jpeg\" alt=\"\">\n                                <\/a>\n                            <\/div>\n                        <\/div>\n\n                                            <div class=\"htmega-justify-single-image\">\n                            <div class=\"thumb\">\n                                <a href=\"https:\/\/grottedubosc.com\/ccqrga\/wp-content\/uploads\/2022\/09\/otter-1438381_960_720.jpeg\" rel=\"npgallery\">\n                                    <img decoding=\"async\" src=\"https:\/\/cc-qrga.fr\/wp-content\/uploads\/2022\/09\/otter-1438381_960_720.jpeg\" alt=\"\">\n                                <\/a>\n                            <\/div>\n                        <\/div>\n\n                                            <div class=\"htmega-justify-single-image\">\n                            <div class=\"thumb\">\n                                <a href=\"https:\/\/grottedubosc.com\/ccqrga\/wp-content\/uploads\/2022\/09\/dsc1276-crop-2_orig.jpeg\" rel=\"npgallery\">\n                                    <img decoding=\"async\" src=\"https:\/\/cc-qrga.fr\/wp-content\/uploads\/2022\/09\/dsc1276-crop-2_orig.jpeg\" alt=\"\">\n                                <\/a>\n                            <\/div>\n                        <\/div>\n\n                                            <div class=\"htmega-justify-single-image\">\n                            <div class=\"thumb\">\n                                <a href=\"https:\/\/grottedubosc.com\/ccqrga\/wp-content\/uploads\/2022\/09\/dsc8725-openwith-modifier-web-tv-2048_orig.jpeg\" rel=\"npgallery\">\n                                    <img decoding=\"async\" src=\"https:\/\/cc-qrga.fr\/wp-content\/uploads\/2022\/09\/dsc8725-openwith-modifier-web-tv-2048_orig.jpeg\" alt=\"\">\n                                <\/a>\n                            <\/div>\n                        <\/div>\n\n                                            <div class=\"htmega-justify-single-image\">\n                            <div class=\"thumb\">\n                                <a href=\"https:\/\/grottedubosc.com\/ccqrga\/wp-content\/uploads\/2022\/09\/dsc1887-dxo-modifier-web-tv-2048_orig.jpeg\" rel=\"npgallery\">\n                                    <img decoding=\"async\" src=\"https:\/\/cc-qrga.fr\/wp-content\/uploads\/2022\/09\/dsc1887-dxo-modifier-web-tv-2048_orig.jpeg\" alt=\"\">\n                                <\/a>\n                            <\/div>\n                        <\/div>\n\n                                            <div class=\"htmega-justify-single-image\">\n                            <div class=\"thumb\">\n                                <a href=\"https:\/\/grottedubosc.com\/ccqrga\/wp-content\/uploads\/2022\/09\/dsc3483-modifier-web-tv-2048_orig.jpeg\" rel=\"npgallery\">\n                                    <img decoding=\"async\" src=\"https:\/\/cc-qrga.fr\/wp-content\/uploads\/2022\/09\/dsc3483-modifier-web-tv-2048_orig.jpeg\" alt=\"\">\n                                <\/a>\n                            <\/div>\n                        <\/div>\n\n                    <\/div>        <script>\n            jQuery(document).ready(function($) {\n\n                'use strict';                \n                $('#npgallerye1b7faf').imagesLoaded( function() {\n                    $('#npgallerye1b7faf')[0].style.display='block';\n                    $('#npgallerye1b7faf').justifiedGallery({\n                        rowHeight: 300,\n                        maxRowHeight: null,\n                        margins: 20,\n                        border: 0,\n                        rel: 'npgallerye1b7faf',\n                        lastRow: 'nojustify',\n                        captions: true,\n                        randomize: false,\n                        sizeRangeSuffixes: {\n                            lt100: '_t',\n                            lt240: '_m',\n                            lt320: '_n',\n                            lt500: '',\n                            lt640: '_z',\n                            lt1024: '_b'\n                        }\n                    });\n                });\n                            });\n        <\/script>\n        \t\t\t\t<\/div>\n\t\t\t\t<\/div>\n\t\t\t\t\t<\/div>\n\t\t<\/div>\n\t\t\t\t\t<\/div>\n\t\t<\/section>\n\t\t\t\t<section class=\"has_eae_slider elementor-section elementor-top-section elementor-element elementor-element-28b78ef elementor-section-boxed elementor-section-height-default elementor-section-height-default\" data-eae-slider=\"82194\" data-id=\"28b78ef\" data-element_type=\"section\" data-e-type=\"section\">\n\t\t\t\t\t\t<div class=\"elementor-container elementor-column-gap-default\">\n\t\t\t\t\t<div class=\"has_eae_slider elementor-column elementor-col-100 elementor-top-column elementor-element elementor-element-7583d00\" data-eae-slider=\"99459\" data-id=\"7583d00\" data-element_type=\"column\" data-e-type=\"column\">\n\t\t\t<div class=\"elementor-widget-wrap elementor-element-populated\">\n\t\t\t\t\t\t<div class=\"elementor-element elementor-element-ddfd905 elementor-widget elementor-widget-html\" data-id=\"ddfd905\" data-element_type=\"widget\" data-e-type=\"widget\" data-widget_type=\"html.default\">\n\t\t\t\t<div class=\"elementor-widget-container\">\n\t\t\t\t\t<iframe width=\"100%\" height=\"600px\" frameborder=\"0\" allowfullscreen src=\"\/\/umap.openstreetmap.fr\/fr\/map\/carte-sans-nom_817229?scaleControl=false&miniMap=false&scrollWheelZoom=true&zoomControl=true&allowEdit=false&moreControl=false&searchControl=null&tilelayersControl=null&embedControl=null&datalayersControl=expanded&onLoadPanel=undefined&captionBar=false&datalayers=2439111%2C2439147%2C2439152%2C2439150%2C2439151%2C2439148&fullscreenControl=false\"><\/iframe><p><a href=\"\/\/umap.openstreetmap.fr\/fr\/map\/carte-sans-nom_817229\">See full screen<\/a><\/p>\t\t\t\t<\/div>\n\t\t\t\t<\/div>\n\t\t\t\t\t<\/div>\n\t\t<\/div>\n\t\t\t\t\t<\/div>\n\t\t<\/section>\n\t\t\t\t<section class=\"has_eae_slider elementor-section elementor-top-section elementor-element elementor-element-214bc6e elementor-section-boxed elementor-section-height-default elementor-section-height-default\" data-eae-slider=\"85619\" data-id=\"214bc6e\" data-element_type=\"section\" data-e-type=\"section\">\n\t\t\t\t\t\t<div class=\"elementor-container elementor-column-gap-default\">\n\t\t\t\t\t<div class=\"has_eae_slider elementor-column elementor-col-100 elementor-top-column elementor-element elementor-element-c90d0ff\" data-eae-slider=\"53701\" data-id=\"c90d0ff\" data-element_type=\"column\" data-e-type=\"column\">\n\t\t\t<div class=\"elementor-widget-wrap elementor-element-populated\">\n\t\t\t\t\t\t<div class=\"elementor-element elementor-element-ecd27a0 elementor-widget elementor-widget-text-editor\" data-id=\"ecd27a0\" data-element_type=\"widget\" data-e-type=\"widget\" data-widget_type=\"text-editor.default\">\n\t\t\t\t<div class=\"elementor-widget-container\">\n\t\t\t\t\t\t\t\t\t<p><span data-contrast=\"auto\">3 Zones NATURA 2000 sont pr\u00e9sente sur notre territoire<\/span><span data-ccp-props=\"{&quot;201341983&quot;:0,&quot;335559739&quot;:160,&quot;335559740&quot;:259}\">\u00a0<\/span><\/p><ul><li data-leveltext=\"\u2022\" data-font=\"Arial\" data-listid=\"1\" data-list-defn-props=\"{&quot;335552541&quot;:1,&quot;335559684&quot;:-2,&quot;335559685&quot;:720,&quot;335559991&quot;:360,&quot;469769226&quot;:&quot;Arial&quot;,&quot;469769242&quot;:[8226],&quot;469777803&quot;:&quot;left&quot;,&quot;469777804&quot;:&quot;\u2022&quot;,&quot;469777815&quot;:&quot;hybridMultilevel&quot;}\" aria-setsize=\"-1\" data-aria-posinset=\"1\" data-aria-level=\"1\"><span data-contrast=\"auto\">Gorges de l\u2019Aveyron\u00a0<\/span><span data-ccp-props=\"{&quot;201341983&quot;:0,&quot;335559739&quot;:160,&quot;335559740&quot;:259}\">\u00a0<\/span><\/li><\/ul><ul><li data-leveltext=\"\u2022\" data-font=\"Arial\" data-listid=\"1\" data-list-defn-props=\"{&quot;335552541&quot;:1,&quot;335559684&quot;:-2,&quot;335559685&quot;:720,&quot;335559991&quot;:360,&quot;469769226&quot;:&quot;Arial&quot;,&quot;469769242&quot;:[8226],&quot;469777803&quot;:&quot;left&quot;,&quot;469777804&quot;:&quot;\u2022&quot;,&quot;469777815&quot;:&quot;hybridMultilevel&quot;}\" aria-setsize=\"-1\" data-aria-posinset=\"1\" data-aria-level=\"1\"><span data-contrast=\"auto\">Vall\u00e9e de l\u2019Aveyron\u00a0<\/span><span data-ccp-props=\"{&quot;201341983&quot;:0,&quot;335559739&quot;:160,&quot;335559740&quot;:259}\">\u00a0<\/span><\/li><li data-leveltext=\"\u2022\" data-font=\"Arial\" data-listid=\"1\" data-list-defn-props=\"{&quot;335552541&quot;:1,&quot;335559684&quot;:-2,&quot;335559685&quot;:720,&quot;335559991&quot;:360,&quot;469769226&quot;:&quot;Arial&quot;,&quot;469769242&quot;:[8226],&quot;469777803&quot;:&quot;left&quot;,&quot;469777804&quot;:&quot;\u2022&quot;,&quot;469777815&quot;:&quot;hybridMultilevel&quot;}\" aria-setsize=\"-1\" data-aria-posinset=\"2\" data-aria-level=\"1\"><span data-contrast=\"auto\">Causse de Gaussou<\/span><span data-ccp-props=\"{&quot;201341983&quot;:0,&quot;335559739&quot;:160,&quot;335559740&quot;:259}\">\u00a0<\/span><\/li><\/ul><p><span data-contrast=\"auto\">Ces sites sont prot\u00e9g\u00e9s au niveau europ\u00e9en en raison de leur grande valeur patrimoniale, par la faune et la flore qu\u2019ils contiennent<\/span><span data-ccp-props=\"{&quot;201341983&quot;:0,&quot;335559739&quot;:160,&quot;335559740&quot;:259}\">\u00a0<\/span><\/p><p><i><span data-contrast=\"auto\">Photos gorges de l\u2019Aveyron, Loutre, Lucane cerf-volant, Gomphe de graslin, Bouvi\u00e8re, Faucon p\u00e9lerin<\/span><\/i><br \/><span data-ccp-props=\"{&quot;201341983&quot;:0,&quot;335559739&quot;:160,&quot;335559740&quot;:259}\">\u00a0<\/span><\/p><p><b><b><a href=\"https:\/\/ens.tarnetgaronne.fr\/\"><span data-contrast=\"none\">https:\/\/ens.tarnetgaronne.fr\/<\/span><\/a><span data-ccp-props=\"{&quot;201341983&quot;:0,&quot;335559739&quot;:160,&quot;335559740&quot;:259}\">\u00a0<\/span><\/b><\/b><\/p><p><span data-ccp-props=\"{&quot;201341983&quot;:0,&quot;335559739&quot;:160,&quot;335559740&quot;:259}\">\u00a0<\/span><\/p>\t\t\t\t\t\t\t\t<\/div>\n\t\t\t\t<\/div>\n\t\t\t\t\t<\/div>\n\t\t<\/div>\n\t\t\t\t\t<\/div>\n\t\t<\/section>\n\t\t\t\t<\/div>","protected":false},"excerpt":{"rendered":"<p>La CCQRGA poss\u00e8de un patrimoine naturel exceptionnel, qu\u2019il est important de pr\u00e9server. Les ZNIEFF (Zones d\u2019Int\u00e9r\u00eat \u00c9cologique, Faunistique et Florales) repr\u00e9sentent 50% du territoire de la CCQRGA\u00a0 Ces zones sont inventori\u00e9es en raison du caract\u00e8re remarquable de la biodiversit\u00e9 qu\u2019elles abritent.\u00a0\u00a0 Voir en plein \u00e9cran 3 Zones NATURA 2000 sont pr\u00e9sente sur notre territoire\u00a0 Gorges [&hellip;]<\/p>","protected":false},"author":22,"featured_media":0,"parent":133,"menu_order":0,"comment_status":"closed","ping_status":"closed","template":"","meta":{"footnotes":""},"class_list":["post-129","page","type-page","status-publish","hentry"],"yoast_head":"<!-- This site is optimized with the Yoast SEO plugin v27.4 - https:\/\/yoast.com\/product\/yoast-seo-wordpress\/ -->\n<title>Environnement - Communaut\u00e9 de communes du Quercy Rouergue et des Gorges de l&#039;Aveyron<\/title>\n<meta name=\"description\" content=\"3 Zones NATURA 2000 sont pr\u00e9sente sur notre territoire Gorges de l\u2019Aveyron Vall\u00e9e de l\u2019Aveyron Causse de Gaussou\" \/>\n<meta name=\"robots\" content=\"index, follow, max-snippet:-1, max-image-preview:large, max-video-preview:-1\" \/>\n<link rel=\"canonical\" href=\"https:\/\/cc-qrga.fr\/en\/amenager-et-preserver\/service-gemapi\/environnement\/\" \/>\n<meta property=\"og:locale\" content=\"en_GB\" \/>\n<meta property=\"og:type\" content=\"article\" \/>\n<meta property=\"og:title\" content=\"Environnement - Communaut\u00e9 de communes du Quercy Rouergue et des Gorges de l&#039;Aveyron\" \/>\n<meta property=\"og:description\" content=\"3 Zones NATURA 2000 sont pr\u00e9sente sur notre territoire Gorges de l\u2019Aveyron Vall\u00e9e de l\u2019Aveyron Causse de Gaussou\" \/>\n<meta property=\"og:url\" content=\"https:\/\/cc-qrga.fr\/en\/amenager-et-preserver\/service-gemapi\/environnement\/\" \/>\n<meta property=\"og:site_name\" content=\"Communaut\u00e9 de communes du Quercy Rouergue et des Gorges de l&#039;Aveyron\" \/>\n<meta property=\"article:modified_time\" content=\"2025-08-18T15:17:54+00:00\" \/>\n<meta property=\"og:image\" content=\"https:\/\/cc-qrga.fr\/wp-content\/uploads\/2022\/07\/environnement-1024x724.jpeg\" \/>\n<meta name=\"twitter:card\" content=\"summary_large_image\" \/>\n<meta name=\"twitter:label1\" content=\"Estimated reading time\" \/>\n\t<meta name=\"twitter:data1\" content=\"3 minutes\" \/>\n<script type=\"application\/ld+json\" class=\"yoast-schema-graph\">{\"@context\":\"https:\\\/\\\/schema.org\",\"@graph\":[{\"@type\":\"WebPage\",\"@id\":\"https:\\\/\\\/cc-qrga.fr\\\/amenager-et-preserver\\\/service-gemapi\\\/environnement\\\/\",\"url\":\"https:\\\/\\\/cc-qrga.fr\\\/amenager-et-preserver\\\/service-gemapi\\\/environnement\\\/\",\"name\":\"Environnement - Communaut\u00e9 de communes du Quercy Rouergue et des Gorges de l&#039;Aveyron\",\"isPartOf\":{\"@id\":\"https:\\\/\\\/cc-qrga.fr\\\/#website\"},\"primaryImageOfPage\":{\"@id\":\"https:\\\/\\\/cc-qrga.fr\\\/amenager-et-preserver\\\/service-gemapi\\\/environnement\\\/#primaryimage\"},\"image\":{\"@id\":\"https:\\\/\\\/cc-qrga.fr\\\/amenager-et-preserver\\\/service-gemapi\\\/environnement\\\/#primaryimage\"},\"thumbnailUrl\":\"https:\\\/\\\/cc-qrga.fr\\\/wp-content\\\/uploads\\\/2022\\\/07\\\/environnement-1024x724.jpeg\",\"datePublished\":\"2022-07-07T07:46:07+00:00\",\"dateModified\":\"2025-08-18T15:17:54+00:00\",\"description\":\"3 Zones NATURA 2000 sont pr\u00e9sente sur notre territoire Gorges de l\u2019Aveyron Vall\u00e9e de l\u2019Aveyron Causse de Gaussou\",\"breadcrumb\":{\"@id\":\"https:\\\/\\\/cc-qrga.fr\\\/amenager-et-preserver\\\/service-gemapi\\\/environnement\\\/#breadcrumb\"},\"inLanguage\":\"en-GB\",\"potentialAction\":[{\"@type\":\"ReadAction\",\"target\":[\"https:\\\/\\\/cc-qrga.fr\\\/amenager-et-preserver\\\/service-gemapi\\\/environnement\\\/\"]}]},{\"@type\":\"ImageObject\",\"inLanguage\":\"en-GB\",\"@id\":\"https:\\\/\\\/cc-qrga.fr\\\/amenager-et-preserver\\\/service-gemapi\\\/environnement\\\/#primaryimage\",\"url\":\"https:\\\/\\\/cc-qrga.fr\\\/wp-content\\\/uploads\\\/2022\\\/07\\\/environnement-1024x724.jpeg\",\"contentUrl\":\"https:\\\/\\\/cc-qrga.fr\\\/wp-content\\\/uploads\\\/2022\\\/07\\\/environnement-1024x724.jpeg\"},{\"@type\":\"BreadcrumbList\",\"@id\":\"https:\\\/\\\/cc-qrga.fr\\\/amenager-et-preserver\\\/service-gemapi\\\/environnement\\\/#breadcrumb\",\"itemListElement\":[{\"@type\":\"ListItem\",\"position\":1,\"name\":\"Accueil\",\"item\":\"https:\\\/\\\/cc-qrga.fr\\\/\"},{\"@type\":\"ListItem\",\"position\":2,\"name\":\"am\u00e9nager et pr\u00e9server\",\"item\":\"https:\\\/\\\/cc-qrga.fr\\\/amenager-et-preserver\\\/\"},{\"@type\":\"ListItem\",\"position\":3,\"name\":\"Service GEMAPI\",\"item\":\"https:\\\/\\\/cc-qrga.fr\\\/amenager-et-preserver\\\/service-gemapi\\\/\"},{\"@type\":\"ListItem\",\"position\":4,\"name\":\"Environnement\"}]},{\"@type\":\"WebSite\",\"@id\":\"https:\\\/\\\/cc-qrga.fr\\\/#website\",\"url\":\"https:\\\/\\\/cc-qrga.fr\\\/\",\"name\":\"Communaut\u00e9 de communes du Quercy Rouergue et des Gorges de l&#039;Aveyron\",\"description\":\"qrga\",\"potentialAction\":[{\"@type\":\"SearchAction\",\"target\":{\"@type\":\"EntryPoint\",\"urlTemplate\":\"https:\\\/\\\/cc-qrga.fr\\\/?s={search_term_string}\"},\"query-input\":{\"@type\":\"PropertyValueSpecification\",\"valueRequired\":true,\"valueName\":\"search_term_string\"}}],\"inLanguage\":\"en-GB\"}]}<\/script>\n<!-- \/ Yoast SEO plugin. -->","yoast_head_json":{"title":"Environnement - Communaut\u00e9 de communes du Quercy Rouergue et des Gorges de l&#039;Aveyron","description":"3 Zones NATURA 2000 sont pr\u00e9sente sur notre territoire Gorges de l\u2019Aveyron Vall\u00e9e de l\u2019Aveyron Causse de Gaussou","robots":{"index":"index","follow":"follow","max-snippet":"max-snippet:-1","max-image-preview":"max-image-preview:large","max-video-preview":"max-video-preview:-1"},"canonical":"https:\/\/cc-qrga.fr\/en\/amenager-et-preserver\/service-gemapi\/environnement\/","og_locale":"en_GB","og_type":"article","og_title":"Environnement - Communaut\u00e9 de communes du Quercy Rouergue et des Gorges de l&#039;Aveyron","og_description":"3 Zones NATURA 2000 sont pr\u00e9sente sur notre territoire Gorges de l\u2019Aveyron Vall\u00e9e de l\u2019Aveyron Causse de Gaussou","og_url":"https:\/\/cc-qrga.fr\/en\/amenager-et-preserver\/service-gemapi\/environnement\/","og_site_name":"Communaut\u00e9 de communes du Quercy Rouergue et des Gorges de l&#039;Aveyron","article_modified_time":"2025-08-18T15:17:54+00:00","og_image":[{"url":"https:\/\/cc-qrga.fr\/wp-content\/uploads\/2022\/07\/environnement-1024x724.jpeg","type":"","width":"","height":""}],"twitter_card":"summary_large_image","twitter_misc":{"Estimated reading time":"3 minutes"},"schema":{"@context":"https:\/\/schema.org","@graph":[{"@type":"WebPage","@id":"https:\/\/cc-qrga.fr\/amenager-et-preserver\/service-gemapi\/environnement\/","url":"https:\/\/cc-qrga.fr\/amenager-et-preserver\/service-gemapi\/environnement\/","name":"Environnement - Communaut\u00e9 de communes du Quercy Rouergue et des Gorges de l&#039;Aveyron","isPartOf":{"@id":"https:\/\/cc-qrga.fr\/#website"},"primaryImageOfPage":{"@id":"https:\/\/cc-qrga.fr\/amenager-et-preserver\/service-gemapi\/environnement\/#primaryimage"},"image":{"@id":"https:\/\/cc-qrga.fr\/amenager-et-preserver\/service-gemapi\/environnement\/#primaryimage"},"thumbnailUrl":"https:\/\/cc-qrga.fr\/wp-content\/uploads\/2022\/07\/environnement-1024x724.jpeg","datePublished":"2022-07-07T07:46:07+00:00","dateModified":"2025-08-18T15:17:54+00:00","description":"3 Zones NATURA 2000 sont pr\u00e9sente sur notre territoire Gorges de l\u2019Aveyron Vall\u00e9e de l\u2019Aveyron Causse de Gaussou","breadcrumb":{"@id":"https:\/\/cc-qrga.fr\/amenager-et-preserver\/service-gemapi\/environnement\/#breadcrumb"},"inLanguage":"en-GB","potentialAction":[{"@type":"ReadAction","target":["https:\/\/cc-qrga.fr\/amenager-et-preserver\/service-gemapi\/environnement\/"]}]},{"@type":"ImageObject","inLanguage":"en-GB","@id":"https:\/\/cc-qrga.fr\/amenager-et-preserver\/service-gemapi\/environnement\/#primaryimage","url":"https:\/\/cc-qrga.fr\/wp-content\/uploads\/2022\/07\/environnement-1024x724.jpeg","contentUrl":"https:\/\/cc-qrga.fr\/wp-content\/uploads\/2022\/07\/environnement-1024x724.jpeg"},{"@type":"BreadcrumbList","@id":"https:\/\/cc-qrga.fr\/amenager-et-preserver\/service-gemapi\/environnement\/#breadcrumb","itemListElement":[{"@type":"ListItem","position":1,"name":"Accueil","item":"https:\/\/cc-qrga.fr\/"},{"@type":"ListItem","position":2,"name":"am\u00e9nager et pr\u00e9server","item":"https:\/\/cc-qrga.fr\/amenager-et-preserver\/"},{"@type":"ListItem","position":3,"name":"Service GEMAPI","item":"https:\/\/cc-qrga.fr\/amenager-et-preserver\/service-gemapi\/"},{"@type":"ListItem","position":4,"name":"Environnement"}]},{"@type":"WebSite","@id":"https:\/\/cc-qrga.fr\/#website","url":"https:\/\/cc-qrga.fr\/","name":"Community of Municipalities of Quercy Rouergue and the Aveyron Gorges","description":"qrga","potentialAction":[{"@type":"SearchAction","target":{"@type":"EntryPoint","urlTemplate":"https:\/\/cc-qrga.fr\/?s={search_term_string}"},"query-input":{"@type":"PropertyValueSpecification","valueRequired":true,"valueName":"search_term_string"}}],"inLanguage":"en-GB"}]}},"_links":{"self":[{"href":"https:\/\/cc-qrga.fr\/en\/wp-json\/wp\/v2\/pages\/129","targetHints":{"allow":["GET"]}}],"collection":[{"href":"https:\/\/cc-qrga.fr\/en\/wp-json\/wp\/v2\/pages"}],"about":[{"href":"https:\/\/cc-qrga.fr\/en\/wp-json\/wp\/v2\/types\/page"}],"author":[{"embeddable":true,"href":"https:\/\/cc-qrga.fr\/en\/wp-json\/wp\/v2\/users\/22"}],"replies":[{"embeddable":true,"href":"https:\/\/cc-qrga.fr\/en\/wp-json\/wp\/v2\/comments?post=129"}],"version-history":[{"count":0,"href":"https:\/\/cc-qrga.fr\/en\/wp-json\/wp\/v2\/pages\/129\/revisions"}],"up":[{"embeddable":true,"href":"https:\/\/cc-qrga.fr\/en\/wp-json\/wp\/v2\/pages\/133"}],"wp:attachment":[{"href":"https:\/\/cc-qrga.fr\/en\/wp-json\/wp\/v2\/media?parent=129"}],"curies":[{"name":"wp","href":"https:\/\/api.w.org\/{rel}","templated":true}]}}