{"id":137,"date":"2024-08-26T10:21:53","date_gmt":"2024-08-26T08:21:53","guid":{"rendered":"https:\/\/cc-qrga.fr\/?page_id=137"},"modified":"2025-09-02T13:56:19","modified_gmt":"2025-09-02T11:56:19","slug":"urbanisme-qui-fait-quoi","status":"publish","type":"page","link":"https:\/\/cc-qrga.fr\/en\/urbanisme-qui-fait-quoi\/","title":{"rendered":"Town planning: who does what?"},"content":{"rendered":"<div data-elementor-type=\"wp-page\" data-elementor-id=\"137\" class=\"elementor elementor-137\" data-elementor-post-type=\"page\">\n\t\t\t\t<div class=\"has_eae_slider elementor-element elementor-element-1f000e2 e-flex e-con-boxed e-con e-parent\" data-eae-slider=\"4601\" data-id=\"1f000e2\" data-element_type=\"container\" data-e-type=\"container\">\n\t\t\t\t\t<div class=\"e-con-inner\">\n\t\t\t\t<div class=\"elementor-element elementor-element-15a8839 elementor-widget elementor-widget-text-editor\" data-id=\"15a8839\" data-element_type=\"widget\" data-e-type=\"widget\" data-widget_type=\"text-editor.default\">\n\t\t\t\t<div class=\"elementor-widget-container\">\n\t\t\t\t\t\t\t\t\t<p>Town planning is divided into three main areas of responsibility, which are exercised by different institutions.<\/p>\t\t\t\t\t\t\t\t<\/div>\n\t\t\t\t<\/div>\n\t\t\t\t<div class=\"elementor-element elementor-element-8f2752c elementor-widget elementor-widget-heading\" data-id=\"8f2752c\" data-element_type=\"widget\" data-e-type=\"widget\" data-widget_type=\"heading.default\">\n\t\t\t\t<div class=\"elementor-widget-container\">\n\t\t\t\t\t<h2 class=\"elementor-heading-title elementor-size-default\">Planning<\/h2>\t\t\t\t<\/div>\n\t\t\t\t<\/div>\n\t\t\t\t<div class=\"elementor-element elementor-element-507bd29 elementor-widget elementor-widget-text-editor\" data-id=\"507bd29\" data-element_type=\"widget\" data-e-type=\"widget\" data-widget_type=\"text-editor.default\">\n\t\t\t\t<div class=\"elementor-widget-container\">\n\t\t\t\t\t\t\t\t\t<p>La planification territoriale traduit une vision politique dans un projet de territoire, \u00e0 moyen ou long terme. Son objectif principal : apporter une r\u00e9ponse strat\u00e9gique aux besoins des habitants et des acteurs \u00e9conomiques tout en pr\u00e9servant le cadre de vie et l&rsquo;environnement.<\/p><p>La planification territoriale d\u00e9cline localement les grandes orientations nationales en mati\u00e8re d&rsquo;am\u00e9nagement du territoire. Elle s\u2019appuie pour cela sur un cadre r\u00e9glementaire pr\u00e9cis (lois SRU, ALUR, ELAN, Climat et R\u00e9silience&#8230;) et des documents de planification tels que le Sch\u00e9ma R\u00e9gional d&rsquo;Am\u00e9nagement, de D\u00e9veloppement durable et d&rsquo;Egalit\u00e9 des Territoires (SRADDET) \u00e0 l\u2019\u00e9chelle r\u00e9gionale, les Sch\u00e9mas de Coh\u00e9rence Territoriale (SCoT) \u00e0 l\u2019\u00e9chelle\u00a0 du bassin de vie et d\u2019emploi et les Plan Locaux d&rsquo;Urbanisme Intercommunaux (PLUi) \u00e0 l&rsquo;\u00e9chelle de l&rsquo;intercommunalit\u00e9 .\u00a0<\/p><p>Ces documents d\u2019urbanisme int\u00e8grent les enjeux du d\u00e9veloppement durable et traitent de th\u00e9matiques telles que l&rsquo;habitat, les mobilit\u00e9s, l\u2019\u00e9nergie, l\u2019emploi, l\u2019offre de services, la mixit\u00e9 sociale, la protection de la ressource en eau, de la biodiversit\u00e9, de la qualit\u00e9 de l\u2019air&#8230;<\/p><p>Le principal document de planification en QRGA est le Plan Local d&rsquo;Urbanisme Intercommunal (PLUi) que vous pouvez retrouver <a href=\"https:\/\/cc-qrga.fr\/en\/consulter-et-telecharger-le-plui\/\">ici<\/a>.<\/p>\t\t\t\t\t\t\t\t<\/div>\n\t\t\t\t<\/div>\n\t\t\t\t<div class=\"elementor-element elementor-element-51f2913 elementor-widget elementor-widget-heading\" data-id=\"51f2913\" data-element_type=\"widget\" data-e-type=\"widget\" data-widget_type=\"heading.default\">\n\t\t\t\t<div class=\"elementor-widget-container\">\n\t\t\t\t\t<h2 class=\"elementor-heading-title elementor-size-default\">Application of soil rights <\/h2>\t\t\t\t<\/div>\n\t\t\t\t<\/div>\n\t\t\t\t<div class=\"elementor-element elementor-element-a8e1b04 elementor-widget elementor-widget-text-editor\" data-id=\"a8e1b04\" data-element_type=\"widget\" data-e-type=\"widget\" data-widget_type=\"text-editor.default\">\n\t\t\t\t<div class=\"elementor-widget-container\">\n\t\t\t\t\t\t\t\t\t<p>L&rsquo;application du droit des sols est l&rsquo;\u00e9tude de la recevabilit\u00e9 des demandes de certificats et d&rsquo;autorisations d&rsquo;urbanisme au regard de la r\u00e9glementation \u00e9tablie par les documents de planification, qui motive la d\u00e9cision de l&rsquo;autorit\u00e9 comp\u00e9tente. En QRGA, cette comp\u00e9tence est exerc\u00e9e par les 17 communes et les d\u00e9cisions d&rsquo;urbanisme sont prises par le\/la Maire au nom de la commune. Ces d\u00e9cisions concernent notamment les actes suivants :<\/p><p>- town planning certificate<br \/>- prior declaration<br \/>- planning permission<br \/>&#8211; permis de d\u00e9molir<br \/>- planning permission<br \/>&#8211; (&#8230;)<\/p><p>La mairie constitue le guichet unique de l&rsquo;urbanisme pour <a href=\"https:\/\/www.quercycaussadais.fr\/fileadmin\/Environnement-territoire\/Urbanisme\/3_J_ai_un_projet_de_travaux.pdf\"><strong>le d\u00e9p\u00f4t et le suivi de vos demandes d&rsquo;urbanisme<\/strong><\/a>. C&rsquo;est donc \u00e0 elle que vos devez vous adresser en priorit\u00e9 pour tout projet de travaux ou de construction.<\/p><p>The communes of the CCQRGA (with the exception of Parisot) have chosen to pool the exercise of this competence within a unified technical service, <a href=\"https:\/\/www.quercycaussadais.fr\/fileadmin\/Environnement-territoire\/Urbanisme\/1_Le_service_Urbanisme_ADS.pdf\"><strong>Centre Instructeur Nord<\/strong><\/a>, localis\u00e9 \u00e0 Caussade. Apr\u00e8s la mairie, cette structure peut vous apporter <strong><a href=\"https:\/\/www.quercycaussadais.fr\/fileadmin\/Environnement-territoire\/Urbanisme\/2_Des_conseils_personnalises_et_gratuits.pdf\">informations et conseils<\/a><\/strong> pour faciliter le traitement administratif de votre dossier de demande d&rsquo;urbanisme.<\/p>\t\t\t\t\t\t\t\t<\/div>\n\t\t\t\t<\/div>\n\t\t\t\t<div class=\"elementor-element elementor-element-609d8d9 elementor-widget elementor-widget-heading\" data-id=\"609d8d9\" data-element_type=\"widget\" data-e-type=\"widget\" data-widget_type=\"heading.default\">\n\t\t\t\t<div class=\"elementor-widget-container\">\n\t\t\t\t\t<h2 class=\"elementor-heading-title elementor-size-default\">The layout<\/h2>\t\t\t\t<\/div>\n\t\t\t\t<\/div>\n\t\t\t\t<div class=\"elementor-element elementor-element-437209b elementor-widget elementor-widget-text-editor\" data-id=\"437209b\" data-element_type=\"widget\" data-e-type=\"widget\" data-widget_type=\"text-editor.default\">\n\t\t\t\t<div class=\"elementor-widget-container\">\n\t\t\t\t\t\t\t\t\t<p>L&rsquo;am\u00e9nagement (aussi appel\u00e9 am\u00e9nagement urbain ou urbanisme op\u00e9rationnel)\u00a0 d\u00e9signe les actions visant \u00e0 am\u00e9liorer la qualit\u00e9 de vie des habitants, \u00e0 d\u00e9velopper l&rsquo;\u00e9conomie locale et \u00e0 pr\u00e9server l&rsquo;environnement. Elle prennent la forme d&rsquo;\u00e9tudes de terrain et de programmes de travaux et incluent la cr\u00e9ation de nouvelles infrastructures, la r\u00e9novation de b\u00e2timents existants, l&rsquo;optimisation des espaces publics&#8230; Elles r\u00e9pondent ainsi aux besoins des habitants et rendent les lieux plus attractifs pour les nouveaux r\u00e9sidents et les activit\u00e9s \u00e9conomiques.<\/p><p>Development is an area that is shared between a number of institutional players, depending on their areas of responsibility. For example, the departmental council is responsible for developing departmental roads, while the municipalities are responsible for developing the public spaces crossed by these same roads.<\/p><p>En QRGA, l&rsquo;am\u00e9nagement au sens courant du terme (\u00e9quipements, voiries et espaces publics) est exerc\u00e9 par les communes. La CCQRGA ne r\u00e9alise des travaux que de mani\u00e8re cibl\u00e9e dans le cadre des actions men\u00e9es par ses diff\u00e9rents services (exemple: am\u00e9nagement du site de la grotte du Bosc via la comp\u00e9tence tourisme).<\/p>\t\t\t\t\t\t\t\t<\/div>\n\t\t\t\t<\/div>\n\t\t\t\t\t<\/div>\n\t\t\t\t<\/div>\n\t\t\t\t<\/div>","protected":false},"excerpt":{"rendered":"<p>Le domaine de l&rsquo;urbanisme est r\u00e9parti entre trois comp\u00e9tences principales qui sont exerc\u00e9es par des institutions diff\u00e9rentes. La planification La planification territoriale traduit une vision politique dans un projet de territoire, \u00e0 moyen ou long terme. Son objectif principal : apporter une r\u00e9ponse strat\u00e9gique aux besoins des habitants et des acteurs \u00e9conomiques tout en pr\u00e9servant [&hellip;]<\/p>","protected":false},"author":4,"featured_media":0,"parent":0,"menu_order":0,"comment_status":"closed","ping_status":"closed","template":"","meta":{"footnotes":""},"class_list":["post-137","page","type-page","status-publish","hentry"],"yoast_head":"<!-- This site is optimized with the Yoast SEO plugin v27.3 - https:\/\/yoast.com\/product\/yoast-seo-wordpress\/ -->\n<title>Urbanisme : qui fait quoi ? - Communaut\u00e9 de communes du Quercy Rouergue et des Gorges de l&#039;Aveyron<\/title>\n<meta name=\"robots\" content=\"index, follow, max-snippet:-1, max-image-preview:large, max-video-preview:-1\" \/>\n<link rel=\"canonical\" href=\"https:\/\/cc-qrga.fr\/en\/urbanisme-qui-fait-quoi\/\" \/>\n<meta property=\"og:locale\" content=\"en_GB\" \/>\n<meta property=\"og:type\" content=\"article\" \/>\n<meta property=\"og:title\" content=\"Urbanisme : qui fait quoi ? - Communaut\u00e9 de communes du Quercy Rouergue et des Gorges de l&#039;Aveyron\" \/>\n<meta property=\"og:description\" content=\"Le domaine de l&rsquo;urbanisme est r\u00e9parti entre trois comp\u00e9tences principales qui sont exerc\u00e9es par des institutions diff\u00e9rentes. La planification La planification territoriale traduit une vision politique dans un projet de territoire, \u00e0 moyen ou long terme. Son objectif principal : apporter une r\u00e9ponse strat\u00e9gique aux besoins des habitants et des acteurs \u00e9conomiques tout en pr\u00e9servant [&hellip;]\" \/>\n<meta property=\"og:url\" content=\"https:\/\/cc-qrga.fr\/en\/urbanisme-qui-fait-quoi\/\" \/>\n<meta property=\"og:site_name\" content=\"Communaut\u00e9 de communes du Quercy Rouergue et des Gorges de l&#039;Aveyron\" \/>\n<meta property=\"article:modified_time\" content=\"2025-09-02T11:56:19+00:00\" \/>\n<meta name=\"twitter:card\" content=\"summary_large_image\" \/>\n<meta name=\"twitter:label1\" content=\"Estimated reading time\" \/>\n\t<meta name=\"twitter:data1\" content=\"3 minutes\" \/>\n<script type=\"application\/ld+json\" class=\"yoast-schema-graph\">{\"@context\":\"https:\\\/\\\/schema.org\",\"@graph\":[{\"@type\":\"WebPage\",\"@id\":\"https:\\\/\\\/cc-qrga.fr\\\/urbanisme-qui-fait-quoi\\\/\",\"url\":\"https:\\\/\\\/cc-qrga.fr\\\/urbanisme-qui-fait-quoi\\\/\",\"name\":\"Urbanisme : qui fait quoi ? - Communaut\u00e9 de communes du Quercy Rouergue et des Gorges de l&#039;Aveyron\",\"isPartOf\":{\"@id\":\"https:\\\/\\\/cc-qrga.fr\\\/#website\"},\"datePublished\":\"2024-08-26T08:21:53+00:00\",\"dateModified\":\"2025-09-02T11:56:19+00:00\",\"breadcrumb\":{\"@id\":\"https:\\\/\\\/cc-qrga.fr\\\/urbanisme-qui-fait-quoi\\\/#breadcrumb\"},\"inLanguage\":\"en-GB\",\"potentialAction\":[{\"@type\":\"ReadAction\",\"target\":[\"https:\\\/\\\/cc-qrga.fr\\\/urbanisme-qui-fait-quoi\\\/\"]}]},{\"@type\":\"BreadcrumbList\",\"@id\":\"https:\\\/\\\/cc-qrga.fr\\\/urbanisme-qui-fait-quoi\\\/#breadcrumb\",\"itemListElement\":[{\"@type\":\"ListItem\",\"position\":1,\"name\":\"Accueil\",\"item\":\"https:\\\/\\\/cc-qrga.fr\\\/\"},{\"@type\":\"ListItem\",\"position\":2,\"name\":\"Urbanisme : qui fait quoi ?\"}]},{\"@type\":\"WebSite\",\"@id\":\"https:\\\/\\\/cc-qrga.fr\\\/#website\",\"url\":\"https:\\\/\\\/cc-qrga.fr\\\/\",\"name\":\"Communaut\u00e9 de communes du Quercy Rouergue et des Gorges de l&#039;Aveyron\",\"description\":\"qrga\",\"potentialAction\":[{\"@type\":\"SearchAction\",\"target\":{\"@type\":\"EntryPoint\",\"urlTemplate\":\"https:\\\/\\\/cc-qrga.fr\\\/?s={search_term_string}\"},\"query-input\":{\"@type\":\"PropertyValueSpecification\",\"valueRequired\":true,\"valueName\":\"search_term_string\"}}],\"inLanguage\":\"en-GB\"}]}<\/script>\n<!-- \/ Yoast SEO plugin. -->","yoast_head_json":{"title":"Urbanisme : qui fait quoi ? - Communaut\u00e9 de communes du Quercy Rouergue et des Gorges de l&#039;Aveyron","robots":{"index":"index","follow":"follow","max-snippet":"max-snippet:-1","max-image-preview":"max-image-preview:large","max-video-preview":"max-video-preview:-1"},"canonical":"https:\/\/cc-qrga.fr\/en\/urbanisme-qui-fait-quoi\/","og_locale":"en_GB","og_type":"article","og_title":"Urbanisme : qui fait quoi ? - Communaut\u00e9 de communes du Quercy Rouergue et des Gorges de l&#039;Aveyron","og_description":"Le domaine de l&rsquo;urbanisme est r\u00e9parti entre trois comp\u00e9tences principales qui sont exerc\u00e9es par des institutions diff\u00e9rentes. La planification La planification territoriale traduit une vision politique dans un projet de territoire, \u00e0 moyen ou long terme. Son objectif principal : apporter une r\u00e9ponse strat\u00e9gique aux besoins des habitants et des acteurs \u00e9conomiques tout en pr\u00e9servant [&hellip;]","og_url":"https:\/\/cc-qrga.fr\/en\/urbanisme-qui-fait-quoi\/","og_site_name":"Communaut\u00e9 de communes du Quercy Rouergue et des Gorges de l&#039;Aveyron","article_modified_time":"2025-09-02T11:56:19+00:00","twitter_card":"summary_large_image","twitter_misc":{"Estimated reading time":"3 minutes"},"schema":{"@context":"https:\/\/schema.org","@graph":[{"@type":"WebPage","@id":"https:\/\/cc-qrga.fr\/urbanisme-qui-fait-quoi\/","url":"https:\/\/cc-qrga.fr\/urbanisme-qui-fait-quoi\/","name":"Urbanisme : qui fait quoi ? - Communaut\u00e9 de communes du Quercy Rouergue et des Gorges de l&#039;Aveyron","isPartOf":{"@id":"https:\/\/cc-qrga.fr\/#website"},"datePublished":"2024-08-26T08:21:53+00:00","dateModified":"2025-09-02T11:56:19+00:00","breadcrumb":{"@id":"https:\/\/cc-qrga.fr\/urbanisme-qui-fait-quoi\/#breadcrumb"},"inLanguage":"en-GB","potentialAction":[{"@type":"ReadAction","target":["https:\/\/cc-qrga.fr\/urbanisme-qui-fait-quoi\/"]}]},{"@type":"BreadcrumbList","@id":"https:\/\/cc-qrga.fr\/urbanisme-qui-fait-quoi\/#breadcrumb","itemListElement":[{"@type":"ListItem","position":1,"name":"Accueil","item":"https:\/\/cc-qrga.fr\/"},{"@type":"ListItem","position":2,"name":"Urbanisme : qui fait quoi ?"}]},{"@type":"WebSite","@id":"https:\/\/cc-qrga.fr\/#website","url":"https:\/\/cc-qrga.fr\/","name":"Community of Municipalities of Quercy Rouergue and the Aveyron Gorges","description":"qrga","potentialAction":[{"@type":"SearchAction","target":{"@type":"EntryPoint","urlTemplate":"https:\/\/cc-qrga.fr\/?s={search_term_string}"},"query-input":{"@type":"PropertyValueSpecification","valueRequired":true,"valueName":"search_term_string"}}],"inLanguage":"en-GB"}]}},"_links":{"self":[{"href":"https:\/\/cc-qrga.fr\/en\/wp-json\/wp\/v2\/pages\/137","targetHints":{"allow":["GET"]}}],"collection":[{"href":"https:\/\/cc-qrga.fr\/en\/wp-json\/wp\/v2\/pages"}],"about":[{"href":"https:\/\/cc-qrga.fr\/en\/wp-json\/wp\/v2\/types\/page"}],"author":[{"embeddable":true,"href":"https:\/\/cc-qrga.fr\/en\/wp-json\/wp\/v2\/users\/4"}],"replies":[{"embeddable":true,"href":"https:\/\/cc-qrga.fr\/en\/wp-json\/wp\/v2\/comments?post=137"}],"version-history":[{"count":0,"href":"https:\/\/cc-qrga.fr\/en\/wp-json\/wp\/v2\/pages\/137\/revisions"}],"wp:attachment":[{"href":"https:\/\/cc-qrga.fr\/en\/wp-json\/wp\/v2\/media?parent=137"}],"curies":[{"name":"wp","href":"https:\/\/api.w.org\/{rel}","templated":true}]}}