{"id":143,"date":"2022-07-07T09:47:38","date_gmt":"2022-07-07T07:47:38","guid":{"rendered":"https:\/\/cc-qrga.fr\/?page_id=143"},"modified":"2025-02-11T14:23:41","modified_gmt":"2025-02-11T13:23:41","slug":"entretien-chemin","status":"publish","type":"page","link":"https:\/\/cc-qrga.fr\/en\/amenager-et-preserver\/entretien-chemin\/","title":{"rendered":"Entretien Chemin"},"content":{"rendered":"<div data-elementor-type=\"wp-page\" data-elementor-id=\"143\" class=\"elementor elementor-143\" data-elementor-post-type=\"page\">\n\t\t\t\t\t\t<section class=\"has_eae_slider elementor-section elementor-top-section elementor-element elementor-element-59825cc elementor-section-boxed elementor-section-height-default elementor-section-height-default\" data-eae-slider=\"16455\" data-id=\"59825cc\" data-element_type=\"section\" data-e-type=\"section\">\n\t\t\t\t\t\t<div class=\"elementor-container elementor-column-gap-default\">\n\t\t\t\t\t<div class=\"has_eae_slider elementor-column elementor-col-50 elementor-top-column elementor-element elementor-element-027b6a3\" data-eae-slider=\"51716\" data-id=\"027b6a3\" data-element_type=\"column\" data-e-type=\"column\">\n\t\t\t<div class=\"elementor-widget-wrap elementor-element-populated\">\n\t\t\t\t\t\t<div class=\"elementor-element elementor-element-07a8ddc elementor-widget elementor-widget-heading\" data-id=\"07a8ddc\" data-element_type=\"widget\" data-e-type=\"widget\" data-widget_type=\"heading.default\">\n\t\t\t\t<div class=\"elementor-widget-container\">\n\t\t\t\t\t<h1 class=\"elementor-heading-title elementor-size-default\">Service road<\/h1>\t\t\t\t<\/div>\n\t\t\t\t<\/div>\n\t\t\t\t<div class=\"elementor-element elementor-element-8ac1a4e elementor-widget elementor-widget-text-editor\" data-id=\"8ac1a4e\" data-element_type=\"widget\" data-e-type=\"widget\" data-widget_type=\"text-editor.default\">\n\t\t\t\t<div class=\"elementor-widget-container\">\n\t\t\t\t\t\t\t\t\t<p>Introducing the service<\/p><p>The Communaut\u00e9 de communes has an extensive network of hiking trails (34 PR). There has long been a willingness to take action in the area. Maintaining, restoring and developing our area is one of our priorities.<\/p><p>The road maintenance unit is responsible for :<\/p><p>- creation,<\/p><p>- signposting<\/p><p>- maintenance of footpaths.<\/p><p>The local authority's desire to satisfy users of the region's footpaths and mountain bike trails. In fact, for over twenty years, 3 agents from the Communaut\u00e9 de communes have been assigned to these maintenance and marking tasks.<\/p><p>PR\" hiking trails are specifically signposted (yellow arrows) on all routes in the area. These paths are included in the departmental plan of walking and hiking routes (PDIPR).<\/p><p>The mountain bike trails also have their own signposting.<\/p><p>\u00a0<\/p><p>The task of the paths department is not an easy one: more than 1,200 km of paths are open in the QRGA, including PR and mountain bike trails.<\/p><p>When you walk along a signposted path, you are well aware that grass grows in all areas at the same time. So please bear with the technical team responsible for clearing and mowing, who sometimes find it hard to keep ahead of your every step.<\/p>\t\t\t\t\t\t\t\t<\/div>\n\t\t\t\t<\/div>\n\t\t\t\t<div class=\"elementor-element elementor-element-cd272c0 elementor-align-center elementor-widget elementor-widget-button\" data-id=\"cd272c0\" data-element_type=\"widget\" data-e-type=\"widget\" data-widget_type=\"button.default\">\n\t\t\t\t<div class=\"elementor-widget-container\">\n\t\t\t\t\t\t\t\t\t<div class=\"elementor-button-wrapper\">\n\t\t\t\t\t<a class=\"elementor-button elementor-button-link elementor-size-sm elementor-animation-shrink\" href=\"https:\/\/causses-gorgesaveyron.com\/bouger\/sur-les-sentiers\/a-pieds\/\" target=\"_blank\">\n\t\t\t\t\t\t<span class=\"elementor-button-content-wrapper\">\n\t\t\t\t\t\t\t\t\t<span class=\"elementor-button-text\">Hiking<\/span>\n\t\t\t\t\t<\/span>\n\t\t\t\t\t<\/a>\n\t\t\t\t<\/div>\n\t\t\t\t\t\t\t\t<\/div>\n\t\t\t\t<\/div>\n\t\t\t\t\t<\/div>\n\t\t<\/div>\n\t\t\t\t<div class=\"has_eae_slider elementor-column elementor-col-50 elementor-top-column elementor-element elementor-element-83e73e8\" data-eae-slider=\"64473\" data-id=\"83e73e8\" data-element_type=\"column\" data-e-type=\"column\">\n\t\t\t<div class=\"elementor-widget-wrap elementor-element-populated\">\n\t\t\t\t\t\t<div class=\"elementor-element elementor-element-1642115 elementor-widget elementor-widget-image\" data-id=\"1642115\" data-element_type=\"widget\" data-e-type=\"widget\" data-widget_type=\"image.default\">\n\t\t\t\t<div class=\"elementor-widget-container\">\n\t\t\t\t\t\t\t\t\t\t\t\t\t\t\t<img fetchpriority=\"high\" decoding=\"async\" width=\"800\" height=\"600\" src=\"https:\/\/cc-qrga.fr\/wp-content\/uploads\/2022\/09\/balisage-DSCF0146.jpg\" class=\"attachment-large size-large wp-image-16802\" alt=\"\" srcset=\"https:\/\/cc-qrga.fr\/wp-content\/uploads\/2022\/09\/balisage-DSCF0146.jpg 1000w, https:\/\/cc-qrga.fr\/wp-content\/uploads\/2022\/09\/balisage-DSCF0146-300x225.jpg 300w, https:\/\/cc-qrga.fr\/wp-content\/uploads\/2022\/09\/balisage-DSCF0146-768x576.jpg 768w\" sizes=\"(max-width: 800px) 100vw, 800px\" \/>\t\t\t\t\t\t\t\t\t\t\t\t\t\t\t<\/div>\n\t\t\t\t<\/div>\n\t\t\t\t\t<\/div>\n\t\t<\/div>\n\t\t\t\t\t<\/div>\n\t\t<\/section>\n\t\t\t\t<\/div>","protected":false},"excerpt":{"rendered":"<p>Service chemin Pr\u00e9sentation du service La Communaut\u00e9 de communes est dot\u00e9e d\u2019un maillage important de sentiers de randonn\u00e9e (34 PR). La volont\u00e9 de mener des actions sur un territoire existe depuis longtemps. L\u2019entretien, la remise en \u00e9tat et l\u2019am\u00e9nagement de notre espace font partie des priorit\u00e9s. La cellule entretien des chemins a pour comp\u00e9tences : [&hellip;]<\/p>","protected":false},"author":22,"featured_media":0,"parent":28,"menu_order":0,"comment_status":"closed","ping_status":"closed","template":"","meta":{"footnotes":""},"class_list":["post-143","page","type-page","status-publish","hentry"],"yoast_head":"<!-- This site is optimized with the Yoast SEO plugin v27.4 - https:\/\/yoast.com\/product\/yoast-seo-wordpress\/ -->\n<title>Entretien Chemin - Communaut\u00e9 de communes du Quercy Rouergue et des Gorges de l&#039;Aveyron<\/title>\n<meta name=\"description\" content=\"La Communaut\u00e9 de communes est dot\u00e9e d\u2019un maillage important de sentiers de randonn\u00e9e (34 PR). La volont\u00e9 de mener des actions sur un territoire existe depuis longtemps. L\u2019entretien, la remise en \u00e9tat et l\u2019am\u00e9nagement de notre espace font partie des priorit\u00e9s.\" \/>\n<meta name=\"robots\" content=\"index, follow, max-snippet:-1, max-image-preview:large, max-video-preview:-1\" \/>\n<link rel=\"canonical\" href=\"https:\/\/cc-qrga.fr\/en\/amenager-et-preserver\/entretien-chemin\/\" \/>\n<meta property=\"og:locale\" content=\"en_GB\" \/>\n<meta property=\"og:type\" content=\"article\" \/>\n<meta property=\"og:title\" content=\"Entretien Chemin - Communaut\u00e9 de communes du Quercy Rouergue et des Gorges de l&#039;Aveyron\" \/>\n<meta property=\"og:description\" content=\"La Communaut\u00e9 de communes est dot\u00e9e d\u2019un maillage important de sentiers de randonn\u00e9e (34 PR). La volont\u00e9 de mener des actions sur un territoire existe depuis longtemps. L\u2019entretien, la remise en \u00e9tat et l\u2019am\u00e9nagement de notre espace font partie des priorit\u00e9s.\" \/>\n<meta property=\"og:url\" content=\"https:\/\/cc-qrga.fr\/en\/amenager-et-preserver\/entretien-chemin\/\" \/>\n<meta property=\"og:site_name\" content=\"Communaut\u00e9 de communes du Quercy Rouergue et des Gorges de l&#039;Aveyron\" \/>\n<meta property=\"article:modified_time\" content=\"2025-02-11T13:23:41+00:00\" \/>\n<meta property=\"og:image\" content=\"https:\/\/cc-qrga.fr\/wp-content\/uploads\/2022\/09\/balisage-DSCF0146.jpg\" \/>\n\t<meta property=\"og:image:width\" content=\"1000\" \/>\n\t<meta property=\"og:image:height\" content=\"750\" \/>\n\t<meta property=\"og:image:type\" content=\"image\/jpeg\" \/>\n<meta name=\"twitter:card\" content=\"summary_large_image\" \/>\n<meta name=\"twitter:label1\" content=\"Estimated reading time\" \/>\n\t<meta name=\"twitter:data1\" content=\"2 minutes\" \/>\n<script type=\"application\/ld+json\" class=\"yoast-schema-graph\">{\"@context\":\"https:\\\/\\\/schema.org\",\"@graph\":[{\"@type\":\"WebPage\",\"@id\":\"https:\\\/\\\/cc-qrga.fr\\\/amenager-et-preserver\\\/entretien-chemin\\\/\",\"url\":\"https:\\\/\\\/cc-qrga.fr\\\/amenager-et-preserver\\\/entretien-chemin\\\/\",\"name\":\"Entretien Chemin - Communaut\u00e9 de communes du Quercy Rouergue et des Gorges de l&#039;Aveyron\",\"isPartOf\":{\"@id\":\"https:\\\/\\\/cc-qrga.fr\\\/#website\"},\"primaryImageOfPage\":{\"@id\":\"https:\\\/\\\/cc-qrga.fr\\\/amenager-et-preserver\\\/entretien-chemin\\\/#primaryimage\"},\"image\":{\"@id\":\"https:\\\/\\\/cc-qrga.fr\\\/amenager-et-preserver\\\/entretien-chemin\\\/#primaryimage\"},\"thumbnailUrl\":\"https:\\\/\\\/cc-qrga.fr\\\/wp-content\\\/uploads\\\/2022\\\/09\\\/balisage-DSCF0146.jpg\",\"datePublished\":\"2022-07-07T07:47:38+00:00\",\"dateModified\":\"2025-02-11T13:23:41+00:00\",\"description\":\"La Communaut\u00e9 de communes est dot\u00e9e d\u2019un maillage important de sentiers de randonn\u00e9e (34 PR). La volont\u00e9 de mener des actions sur un territoire existe depuis longtemps. L\u2019entretien, la remise en \u00e9tat et l\u2019am\u00e9nagement de notre espace font partie des priorit\u00e9s.\",\"breadcrumb\":{\"@id\":\"https:\\\/\\\/cc-qrga.fr\\\/amenager-et-preserver\\\/entretien-chemin\\\/#breadcrumb\"},\"inLanguage\":\"en-GB\",\"potentialAction\":[{\"@type\":\"ReadAction\",\"target\":[\"https:\\\/\\\/cc-qrga.fr\\\/amenager-et-preserver\\\/entretien-chemin\\\/\"]}]},{\"@type\":\"ImageObject\",\"inLanguage\":\"en-GB\",\"@id\":\"https:\\\/\\\/cc-qrga.fr\\\/amenager-et-preserver\\\/entretien-chemin\\\/#primaryimage\",\"url\":\"https:\\\/\\\/cc-qrga.fr\\\/wp-content\\\/uploads\\\/2022\\\/09\\\/balisage-DSCF0146.jpg\",\"contentUrl\":\"https:\\\/\\\/cc-qrga.fr\\\/wp-content\\\/uploads\\\/2022\\\/09\\\/balisage-DSCF0146.jpg\"},{\"@type\":\"BreadcrumbList\",\"@id\":\"https:\\\/\\\/cc-qrga.fr\\\/amenager-et-preserver\\\/entretien-chemin\\\/#breadcrumb\",\"itemListElement\":[{\"@type\":\"ListItem\",\"position\":1,\"name\":\"Accueil\",\"item\":\"https:\\\/\\\/cc-qrga.fr\\\/\"},{\"@type\":\"ListItem\",\"position\":2,\"name\":\"am\u00e9nager et pr\u00e9server\",\"item\":\"https:\\\/\\\/cc-qrga.fr\\\/amenager-et-preserver\\\/\"},{\"@type\":\"ListItem\",\"position\":3,\"name\":\"Entretien Chemin\"}]},{\"@type\":\"WebSite\",\"@id\":\"https:\\\/\\\/cc-qrga.fr\\\/#website\",\"url\":\"https:\\\/\\\/cc-qrga.fr\\\/\",\"name\":\"Communaut\u00e9 de communes du Quercy Rouergue et des Gorges de l&#039;Aveyron\",\"description\":\"qrga\",\"potentialAction\":[{\"@type\":\"SearchAction\",\"target\":{\"@type\":\"EntryPoint\",\"urlTemplate\":\"https:\\\/\\\/cc-qrga.fr\\\/?s={search_term_string}\"},\"query-input\":{\"@type\":\"PropertyValueSpecification\",\"valueRequired\":true,\"valueName\":\"search_term_string\"}}],\"inLanguage\":\"en-GB\"}]}<\/script>\n<!-- \/ Yoast SEO plugin. -->","yoast_head_json":{"title":"Entretien Chemin - Communaut\u00e9 de communes du Quercy Rouergue et des Gorges de l&#039;Aveyron","description":"The Communaut\u00e9 de communes has an extensive network of hiking trails (34 PR). There has long been a willingness to take action in the area. Maintaining, restoring and developing our area is one of our priorities.","robots":{"index":"index","follow":"follow","max-snippet":"max-snippet:-1","max-image-preview":"max-image-preview:large","max-video-preview":"max-video-preview:-1"},"canonical":"https:\/\/cc-qrga.fr\/en\/amenager-et-preserver\/entretien-chemin\/","og_locale":"en_GB","og_type":"article","og_title":"Entretien Chemin - Communaut\u00e9 de communes du Quercy Rouergue et des Gorges de l&#039;Aveyron","og_description":"La Communaut\u00e9 de communes est dot\u00e9e d\u2019un maillage important de sentiers de randonn\u00e9e (34 PR). La volont\u00e9 de mener des actions sur un territoire existe depuis longtemps. L\u2019entretien, la remise en \u00e9tat et l\u2019am\u00e9nagement de notre espace font partie des priorit\u00e9s.","og_url":"https:\/\/cc-qrga.fr\/en\/amenager-et-preserver\/entretien-chemin\/","og_site_name":"Communaut\u00e9 de communes du Quercy Rouergue et des Gorges de l&#039;Aveyron","article_modified_time":"2025-02-11T13:23:41+00:00","og_image":[{"width":1000,"height":750,"url":"https:\/\/cc-qrga.fr\/wp-content\/uploads\/2022\/09\/balisage-DSCF0146.jpg","type":"image\/jpeg"}],"twitter_card":"summary_large_image","twitter_misc":{"Estimated reading time":"2 minutes"},"schema":{"@context":"https:\/\/schema.org","@graph":[{"@type":"WebPage","@id":"https:\/\/cc-qrga.fr\/amenager-et-preserver\/entretien-chemin\/","url":"https:\/\/cc-qrga.fr\/amenager-et-preserver\/entretien-chemin\/","name":"Entretien Chemin - Communaut\u00e9 de communes du Quercy Rouergue et des Gorges de l&#039;Aveyron","isPartOf":{"@id":"https:\/\/cc-qrga.fr\/#website"},"primaryImageOfPage":{"@id":"https:\/\/cc-qrga.fr\/amenager-et-preserver\/entretien-chemin\/#primaryimage"},"image":{"@id":"https:\/\/cc-qrga.fr\/amenager-et-preserver\/entretien-chemin\/#primaryimage"},"thumbnailUrl":"https:\/\/cc-qrga.fr\/wp-content\/uploads\/2022\/09\/balisage-DSCF0146.jpg","datePublished":"2022-07-07T07:47:38+00:00","dateModified":"2025-02-11T13:23:41+00:00","description":"The Communaut\u00e9 de communes has an extensive network of hiking trails (34 PR). There has long been a willingness to take action in the area. Maintaining, restoring and developing our area is one of our priorities.","breadcrumb":{"@id":"https:\/\/cc-qrga.fr\/amenager-et-preserver\/entretien-chemin\/#breadcrumb"},"inLanguage":"en-GB","potentialAction":[{"@type":"ReadAction","target":["https:\/\/cc-qrga.fr\/amenager-et-preserver\/entretien-chemin\/"]}]},{"@type":"ImageObject","inLanguage":"en-GB","@id":"https:\/\/cc-qrga.fr\/amenager-et-preserver\/entretien-chemin\/#primaryimage","url":"https:\/\/cc-qrga.fr\/wp-content\/uploads\/2022\/09\/balisage-DSCF0146.jpg","contentUrl":"https:\/\/cc-qrga.fr\/wp-content\/uploads\/2022\/09\/balisage-DSCF0146.jpg"},{"@type":"BreadcrumbList","@id":"https:\/\/cc-qrga.fr\/amenager-et-preserver\/entretien-chemin\/#breadcrumb","itemListElement":[{"@type":"ListItem","position":1,"name":"Accueil","item":"https:\/\/cc-qrga.fr\/"},{"@type":"ListItem","position":2,"name":"am\u00e9nager et pr\u00e9server","item":"https:\/\/cc-qrga.fr\/amenager-et-preserver\/"},{"@type":"ListItem","position":3,"name":"Entretien Chemin"}]},{"@type":"WebSite","@id":"https:\/\/cc-qrga.fr\/#website","url":"https:\/\/cc-qrga.fr\/","name":"Community of Municipalities of Quercy Rouergue and the Aveyron Gorges","description":"qrga","potentialAction":[{"@type":"SearchAction","target":{"@type":"EntryPoint","urlTemplate":"https:\/\/cc-qrga.fr\/?s={search_term_string}"},"query-input":{"@type":"PropertyValueSpecification","valueRequired":true,"valueName":"search_term_string"}}],"inLanguage":"en-GB"}]}},"_links":{"self":[{"href":"https:\/\/cc-qrga.fr\/en\/wp-json\/wp\/v2\/pages\/143","targetHints":{"allow":["GET"]}}],"collection":[{"href":"https:\/\/cc-qrga.fr\/en\/wp-json\/wp\/v2\/pages"}],"about":[{"href":"https:\/\/cc-qrga.fr\/en\/wp-json\/wp\/v2\/types\/page"}],"author":[{"embeddable":true,"href":"https:\/\/cc-qrga.fr\/en\/wp-json\/wp\/v2\/users\/22"}],"replies":[{"embeddable":true,"href":"https:\/\/cc-qrga.fr\/en\/wp-json\/wp\/v2\/comments?post=143"}],"version-history":[{"count":0,"href":"https:\/\/cc-qrga.fr\/en\/wp-json\/wp\/v2\/pages\/143\/revisions"}],"up":[{"embeddable":true,"href":"https:\/\/cc-qrga.fr\/en\/wp-json\/wp\/v2\/pages\/28"}],"wp:attachment":[{"href":"https:\/\/cc-qrga.fr\/en\/wp-json\/wp\/v2\/media?parent=143"}],"curies":[{"name":"wp","href":"https:\/\/api.w.org\/{rel}","templated":true}]}}