{"id":15409,"date":"2022-08-26T07:21:42","date_gmt":"2022-08-26T05:21:42","guid":{"rendered":"https:\/\/cc-qrga.fr\/?page_id=15409"},"modified":"2024-05-29T12:37:21","modified_gmt":"2024-05-29T10:37:21","slug":"locations","status":"publish","type":"page","link":"https:\/\/cc-qrga.fr\/en\/locations\/","title":{"rendered":"Rentals"},"content":{"rendered":"<div data-elementor-type=\"wp-page\" data-elementor-id=\"15409\" class=\"elementor elementor-15409\" data-elementor-post-type=\"page\">\n\t\t\t\t\t\t<section class=\"has_eae_slider elementor-section elementor-top-section elementor-element elementor-element-f82e974 elementor-section-boxed elementor-section-height-default elementor-section-height-default\" data-eae-slider=\"66886\" data-id=\"f82e974\" data-element_type=\"section\" data-e-type=\"section\">\n\t\t\t\t\t\t<div class=\"elementor-container elementor-column-gap-default\">\n\t\t\t\t\t<div class=\"has_eae_slider elementor-column elementor-col-100 elementor-top-column elementor-element elementor-element-5e9a30a\" data-eae-slider=\"65002\" data-id=\"5e9a30a\" data-element_type=\"column\" data-e-type=\"column\">\n\t\t\t<div class=\"elementor-widget-wrap elementor-element-populated\">\n\t\t\t\t\t\t<div class=\"elementor-element elementor-element-eba7e78 elementor-widget elementor-widget-heading\" data-id=\"eba7e78\" data-element_type=\"widget\" data-e-type=\"widget\" data-widget_type=\"heading.default\">\n\t\t\t\t<div class=\"elementor-widget-container\">\n\t\t\t\t\t<h1 class=\"elementor-heading-title elementor-size-default\">Rentals<\/h1>\t\t\t\t<\/div>\n\t\t\t\t<\/div>\n\t\t\t\t\t<\/div>\n\t\t<\/div>\n\t\t\t\t\t<\/div>\n\t\t<\/section>\n\t\t\t\t<section class=\"has_eae_slider elementor-section elementor-top-section elementor-element elementor-element-80cf35b elementor-section-boxed elementor-section-height-default elementor-section-height-default\" data-eae-slider=\"65956\" data-id=\"80cf35b\" data-element_type=\"section\" data-e-type=\"section\">\n\t\t\t\t\t\t<div class=\"elementor-container elementor-column-gap-default\">\n\t\t\t\t\t<div class=\"has_eae_slider elementor-column elementor-col-100 elementor-top-column elementor-element elementor-element-95bee00\" data-eae-slider=\"37757\" data-id=\"95bee00\" data-element_type=\"column\" data-e-type=\"column\">\n\t\t\t<div class=\"elementor-widget-wrap elementor-element-populated\">\n\t\t\t\t\t\t<div class=\"elementor-element elementor-element-462be04 elementor-widget elementor-widget-shortcode\" data-id=\"462be04\" data-element_type=\"widget\" data-e-type=\"widget\" data-widget_type=\"shortcode.default\">\n\t\t\t\t<div class=\"elementor-widget-container\">\n\t\t\t\t\t\t\t<div class=\"elementor-shortcode\">\n<table id=\"tablepress-1\" class=\"tablepress tablepress-id-1\">\n<thead>\n<tr class=\"row-1\">\n\t<th class=\"column-1\">Type<\/th><th class=\"column-2\">Designation<\/th><th class=\"column-3\">Rent<\/th><th class=\"column-4\">Contact<\/th><th class=\"column-5\">Availability<\/th><th class=\"column-6\">Village<\/th>\n<\/tr>\n<\/thead>\n<tbody class=\"row-striping row-hover\">\n<tr class=\"row-2\">\n\t<td class=\"column-1\">Studio meubl\u00e9<br \/>\n16 m\u00b2 <\/td><td class=\"column-2\">Situ\u00e9 13 rue du Long<br \/>\nDouble vitrage et rideaux occultants<br \/>\nCuisinette avec frigidaire, micro onde et plaques \u00e9lectriques<br \/>\nElectric heating<br \/>\nCanap\u00e9 lit<\/td><td class=\"column-3\">260 \u20ac\u00a0+ 10\u20ac de provision pour charges<\/td><td class=\"column-4\">Mme VERGNES<br \/>\n05 63 65 77 02 HR <br \/>\n06 23 63 42 44<\/td><td class=\"column-5\">Free<\/td><td class=\"column-6\">Caylus<\/td>\n<\/tr>\n<tr class=\"row-3\">\n\t<td class=\"column-1\">T2<\/td><td class=\"column-2\">Appartement de 35m2 situ\u00e9 au 1er \u00e9tage du 51 avenue du p\u00e8re Huc \u00e0 Caylus.<\/td><td class=\"column-3\">440 \u20ac\u00a0+ 40\u20ac de provision pour charges<\/td><td class=\"column-4\">Magalie LALA<br \/>\nIAD Immobilier<br \/>\n06 27 15 15 69<\/td><td class=\"column-5\">Free<\/td><td class=\"column-6\">Caylus<\/td>\n<\/tr>\n<tr class=\"row-4\">\n\t<td class=\"column-1\">T3<\/td><td class=\"column-2\">2 bedrooms<br \/>\n3 rue Guilhem Peyre<\/td><td class=\"column-3\">550 \u20ac<\/td><td class=\"column-4\">M. GERARD<br \/>\n06 45 77 51 06<\/td><td class=\"column-5\">Free<\/td><td class=\"column-6\">Saint Antonin Noble Val<\/td>\n<\/tr>\n<tr class=\"row-5\">\n\t<td class=\"column-1\">T1 meubl\u00e9<\/td><td class=\"column-2\">rue du four neuf<\/td><td class=\"column-3\">280 \u20ac<\/td><td class=\"column-4\">M. GERARD<br \/>\n06 45 77 51 06<\/td><td class=\"column-5\">Free<\/td><td class=\"column-6\">Saint Antonin Noble Val<\/td>\n<\/tr>\n<tr class=\"row-6\">\n\t<td class=\"column-1\">T3 <br \/>\n65 m\u00b2<br \/>\nDPE C<\/td><td class=\"column-2\">Id\u00e9alement situ\u00e9 sur les bords de l'Aveyron<br \/>\nRefait \u00e0 neuf, situ\u00e9 au 2\u00e8me \u00e9tage sans ascenseur<br \/>\nGrande pi\u00e8ce commune avec cuisine<br \/>\n2 bedrooms<br \/>\nsalle de bain<br \/>\nPlacrads<\/td><td class=\"column-3\">780 \u20ac + 50 \u20ac de charges<\/td><td class=\"column-4\">DELAMAIRE-HOUBE Sidonie<br \/>\n06 70 64 36 52<\/td><td class=\"column-5\">Free<\/td><td class=\"column-6\">Saint Antonin Noble Val<\/td>\n<\/tr>\n<tr class=\"row-7\">\n\t<td class=\"column-1\">T3 <br \/>\n61,85 m\u00b2<br \/>\nDPE C<\/td><td class=\"column-2\">Id\u00e9alement situ\u00e9 sur les bords de l'Aveyron<br \/>\nRefait \u00e0 neuf, situ\u00e9 au 2\u00e8me \u00e9tage sans ascenseur<br \/>\nGrande pi\u00e8ce commune avec cuisine<br \/>\n2 bedrooms<br \/>\nsalle d'eau<br \/>\nPlacrads<\/td><td class=\"column-3\">720 \u20ac + 50 \u20ac de charges<\/td><td class=\"column-4\">DELAMAIRE-HOUBE Sidonie<br \/>\n06 70 64 36 52<\/td><td class=\"column-5\">Free<\/td><td class=\"column-6\">Saint Antonin Noble Val<\/td>\n<\/tr>\n<tr class=\"row-8\">\n\t<td class=\"column-1\">Flat T3<br \/>\n86 m\u00b2<\/td><td class=\"column-2\">2 bedrooms<br \/>\nLocated on the 3rd floor, 14 rue Guilhem Peyre<br \/>\nbrand new<br \/>\nElectric heating<\/td><td class=\"column-3\">680 + \u20ac20 charges<\/td><td class=\"column-4\">Mrs REYNIER<br \/>\n05 34 41 39 09 <br \/>\n06 11 87 54 90<\/td><td class=\"column-5\">Free <\/td><td class=\"column-6\">Saint Antonin Noble Val<\/td>\n<\/tr>\n<\/tbody>\n<\/table>\n<!-- #tablepress-1 from cache --><\/div>\n\t\t\t\t\t\t<\/div>\n\t\t\t\t<\/div>\n\t\t\t\t\t<\/div>\n\t\t<\/div>\n\t\t\t\t\t<\/div>\n\t\t<\/section>\n\t\t\t\t<section class=\"has_eae_slider elementor-section elementor-top-section elementor-element elementor-element-0f16742 elementor-section-boxed elementor-section-height-default elementor-section-height-default\" data-eae-slider=\"97433\" data-id=\"0f16742\" data-element_type=\"section\" data-e-type=\"section\">\n\t\t\t\t\t\t<div class=\"elementor-container elementor-column-gap-default\">\n\t\t\t\t\t<div class=\"has_eae_slider elementor-column elementor-col-100 elementor-top-column elementor-element elementor-element-37d461b\" data-eae-slider=\"3656\" data-id=\"37d461b\" data-element_type=\"column\" data-e-type=\"column\">\n\t\t\t<div class=\"elementor-widget-wrap elementor-element-populated\">\n\t\t\t\t\t\t<div class=\"elementor-element elementor-element-8262c44 elementor-widget elementor-widget-heading\" data-id=\"8262c44\" data-element_type=\"widget\" data-e-type=\"widget\" data-widget_type=\"heading.default\">\n\t\t\t\t<div class=\"elementor-widget-container\">\n\t\t\t\t\t<h1 class=\"elementor-heading-title elementor-size-default\">Bridge housing<\/h1>\t\t\t\t<\/div>\n\t\t\t\t<\/div>\n\t\t\t\t<div class=\"elementor-element elementor-element-9b374d6 elementor-widget elementor-widget-text-editor\" data-id=\"9b374d6\" data-element_type=\"widget\" data-e-type=\"widget\" data-widget_type=\"text-editor.default\">\n\t\t\t\t<div class=\"elementor-widget-container\">\n\t\t\t\t\t\t\t\t\t<p>Are you moving to the area and urgently need somewhere to live so that you can settle in permanently? <br \/>Are you in the QRGA temporarily (for more than a month) during the winter and looking for a cosy little (or large) nest?<\/p><p>Here is a list of furnished accommodation available -only- out of season in the area. Please do not hesitate to contact the owners for further information.<\/p>\t\t\t\t\t\t\t\t<\/div>\n\t\t\t\t<\/div>\n\t\t\t\t<div class=\"elementor-element elementor-element-7576f93 elementor-widget elementor-widget-shortcode\" data-id=\"7576f93\" data-element_type=\"widget\" data-e-type=\"widget\" data-widget_type=\"shortcode.default\">\n\t\t\t\t<div class=\"elementor-widget-container\">\n\t\t\t\t\t\t\t<div class=\"elementor-shortcode\">\n<table id=\"tablepress-3\" class=\"tablepress tablepress-id-3\">\n<thead>\n<tr class=\"row-1\">\n\t<th class=\"column-1\">Type<\/th><th class=\"column-2\">Description<\/th><th class=\"column-3\">Rent<\/th><th class=\"column-4\">Contact<\/th><th class=\"column-5\">Availability<\/th><th class=\"column-6\">Municipality<\/th><th class=\"column-7\">Equipment<\/th><th class=\"column-8\">Type of heating<\/th>\n<\/tr>\n<\/thead>\n<tbody class=\"row-striping row-hover\">\n<tr class=\"row-2\">\n\t<td class=\"column-1\">Dwellings in the town centre (100m2 total)<\/td><td class=\"column-2\">Two flats and a g\u00eete available. The flats sleep 4 and 5 people, the g\u00eete sleeps 2.<br \/>\nWith garden or outdoor space.<br \/>\nhttps:\/\/www.lapelisserie.com\/fr<\/td><td class=\"column-3\">contact the owner for long-term rates.<\/td><td class=\"column-4\">Mrs Pressure<br \/>\n06 81 20 47 22<br \/>\ninfo@lapelisserie.com<\/td><td class=\"column-5\">Available from 01 October 2024 to 30 April 2025.<\/td><td class=\"column-6\">Saint Antonin Noble Val<\/td><td class=\"column-7\">Fully equipped<br \/>\n<\/td><td class=\"column-8\">fuel oil<\/td>\n<\/tr>\n<tr class=\"row-3\">\n\t<td class=\"column-1\">Semi-detached medieval houses<\/td><td class=\"column-2\">Renovated with every comfort:<br \/>\n- House for 4 people (2 bedrooms with 2 double beds) with garden and swimming pool.<br \/>\n- House for 6 people (2 bedrooms, 1 double bed and 4 single beds), large terrace.<\/td><td class=\"column-3\">contact the owner<\/td><td class=\"column-4\">MR LAPEYRE<br \/>\n06 14 25 79 00<\/td><td class=\"column-5\">Available end September 2024 - 30 April 2025<\/td><td class=\"column-6\">Puylagarde<\/td><td class=\"column-7\">Fully equipped<\/td><td class=\"column-8\">wood stove<\/td>\n<\/tr>\n<tr class=\"row-4\">\n\t<td class=\"column-1\">Large divisible house<\/td><td class=\"column-2\">Architect-designed house with 6 bedrooms divided into 4 independent dwellings with their own bathrooms. <br \/>\nSleeps 13. <br \/>\nPossibility of renting the whole property or by the room, can be split for 2, 4 or 6 people.<br \/>\nPour plus d'informations : https:\/\/www.locationgitemeunier.com\/leg%C3%AEte <\/td><td class=\"column-3\">contact the owner<\/td><td class=\"column-4\">MR LAPEYRE<br \/>\n06 14 25 79 00<\/td><td class=\"column-5\">Available end September 2024 - 30 April 2025<\/td><td class=\"column-6\">Loze<\/td><td class=\"column-7\">Fully equipped<\/td><td class=\"column-8\">electric; wood-burning stove<\/td>\n<\/tr>\n<tr class=\"row-5\">\n\t<td class=\"column-1\">House 120m2<\/td><td class=\"column-2\">1st floor house with riverside garden, very spacious kitchen and living\/dining room.<br \/>\n2 bedrooms (2 double beds), 1 bathroom<br \/>\nFully insulated with wood lath - attic and floors.<br \/>\nDry\" vermicompost toilet with no need to empty them.<br \/>\n<\/td><td class=\"column-3\">600\/month including charges (wood, water, broadband wifi, electricity included on a per kWh basis)<\/td><td class=\"column-4\">Mr Paugam<br \/>\n06 78 72 81 75<\/td><td class=\"column-5\">from 15 December 2024 to 31 March 2025<\/td><td class=\"column-6\">Lexos le bas<\/td><td class=\"column-7\">Fully equipped<\/td><td class=\"column-8\">cast-iron radiators, wood-fired boiler;<\/td>\n<\/tr>\n<tr class=\"row-6\">\n\t<td class=\"column-1\">House of 300m2<\/td><td class=\"column-2\">Large house with 7 bedrooms and 5 shower rooms.<br \/>\nCapacity: 15 people.<br \/>\nAccommodation adapted for people with reduced mobility.<br \/>\npossibility of renting in coliving with each person having their own bedroom and shower room and sharing the communal areas (very spacious)<br \/>\n<\/td><td class=\"column-3\">2200\u20ac excluding charges (water and electricity sub-metering possible)<\/td><td class=\"column-4\">MR LONJON<br \/>\n06 77 97 40 86<\/td><td class=\"column-5\">January-February 2024 <\/td><td class=\"column-6\">Saint Antonin Noble Val<\/td><td class=\"column-7\">Fully equipped<\/td><td class=\"column-8\">Wood or pellet stove; Electric<\/td>\n<\/tr>\n<tr class=\"row-7\">\n\t<td class=\"column-1\">160m2 house<\/td><td class=\"column-2\">Very comfortable house with a maximum capacity of 6 adults or 8 people with children (1 bedroom with 4 single beds, 2 bedrooms with double beds). Large living room, parking, 2 toilets.<\/td><td class=\"column-3\">700\u20ac water included, electricity not included<\/td><td class=\"column-4\">MR TEISSIER<br \/>\n06 82 19 18 88<\/td><td class=\"column-5\">September 2023 - May 2024<\/td><td class=\"column-6\">Caylus<\/td><td class=\"column-7\">Fully equipped <\/td><td class=\"column-8\">Fireplace; Electric<\/td>\n<\/tr>\n<tr class=\"row-8\">\n\t<td class=\"column-1\">House 130m2<\/td><td class=\"column-2\">House with garden. 3 double bedrooms, capacity 6 adults maximum.<\/td><td class=\"column-3\">700\u20ac water included, electricity not included<\/td><td class=\"column-4\">MR TEISSIER<br \/>\n06 82 19 18 88<\/td><td class=\"column-5\">September 2023 - May 2024<\/td><td class=\"column-6\">Caylus<\/td><td class=\"column-7\">Fully equipped<\/td><td class=\"column-8\">Fireplace; Electric<\/td>\n<\/tr>\n<\/tbody>\n<\/table>\n<!-- #tablepress-3 from cache --><\/div>\n\t\t\t\t\t\t<\/div>\n\t\t\t\t<\/div>\n\t\t\t\t\t<\/div>\n\t\t<\/div>\n\t\t\t\t\t<\/div>\n\t\t<\/section>\n\t\t\t\t<section class=\"has_eae_slider elementor-section elementor-top-section elementor-element elementor-element-7ce805e elementor-section-boxed elementor-section-height-default elementor-section-height-default\" data-eae-slider=\"79902\" data-id=\"7ce805e\" data-element_type=\"section\" data-e-type=\"section\" data-settings=\"{&quot;background_background&quot;:&quot;classic&quot;}\">\n\t\t\t\t\t\t<div class=\"elementor-container elementor-column-gap-default\">\n\t\t\t\t\t<div class=\"has_eae_slider elementor-column elementor-col-100 elementor-top-column elementor-element elementor-element-32b141f\" data-eae-slider=\"9084\" data-id=\"32b141f\" data-element_type=\"column\" data-e-type=\"column\">\n\t\t\t<div class=\"elementor-widget-wrap elementor-element-populated\">\n\t\t\t\t\t\t<div class=\"elementor-element elementor-element-bedae12 elementor-widget elementor-widget-heading\" data-id=\"bedae12\" data-element_type=\"widget\" data-e-type=\"widget\" data-widget_type=\"heading.default\">\n\t\t\t\t<div class=\"elementor-widget-container\">\n\t\t\t\t\t<h2 class=\"elementor-heading-title elementor-size-default\">Practical info<\/h2>\t\t\t\t<\/div>\n\t\t\t\t<\/div>\n\t\t\t\t<div class=\"elementor-element elementor-element-1aaf51b elementor-widget elementor-widget-text-editor\" data-id=\"1aaf51b\" data-element_type=\"widget\" data-e-type=\"widget\" data-widget_type=\"text-editor.default\">\n\t\t\t\t<div class=\"elementor-widget-container\">\n\t\t\t\t\t\t\t\t\t<p>In Laguepie, Saint Antonin Noble Val, Parisot and Varen, two organisations offer social housing: Tarn et Garonne Habitat and<br \/>Promologis.<br \/>Applications can be made online at :<strong> <a href=\"https:\/\/www.demande-logement-social.gouv.fr\">https:\/\/www.demande-logement-social.gouv.fr<\/a><\/strong><\/p><p><strong>Contact:<\/strong><\/p><p>Tarn et Garonne habitat<br \/>05 63 91 70 00<br \/>Promologis<br \/>0820 85 85 83<\/p>\t\t\t\t\t\t\t\t<\/div>\n\t\t\t\t<\/div>\n\t\t\t\t\t<\/div>\n\t\t<\/div>\n\t\t\t\t\t<\/div>\n\t\t<\/section>\n\t\t\t\t<\/div>","protected":false},"excerpt":{"rendered":"<p>Locations Logement passerelles Vous emm\u00e9nagez sur le territoire et avez un besoin urgent de logement afin de prendre le temps de vous installer de mani\u00e8re p\u00e9renne ? Vous \u00eates en QRGA temporairement (pour plus d&rsquo;un mois) pendant l&rsquo;hiver et cherchez un petit (ou grand) nid douillet ? Voici une liste des logements meubl\u00e9s disponibles -uniquement- [&hellip;]<\/p>","protected":false},"author":22,"featured_media":0,"parent":0,"menu_order":0,"comment_status":"closed","ping_status":"closed","template":"","meta":{"footnotes":""},"class_list":["post-15409","page","type-page","status-publish","hentry"],"yoast_head":"<!-- This site is optimized with the Yoast SEO plugin v27.3 - https:\/\/yoast.com\/product\/yoast-seo-wordpress\/ -->\n<title>Locations - Communaut\u00e9 de communes du Quercy Rouergue et des Gorges de l&#039;Aveyron<\/title>\n<meta name=\"robots\" content=\"index, follow, max-snippet:-1, max-image-preview:large, max-video-preview:-1\" \/>\n<link rel=\"canonical\" href=\"https:\/\/cc-qrga.fr\/en\/locations\/\" \/>\n<meta property=\"og:locale\" content=\"en_GB\" \/>\n<meta property=\"og:type\" content=\"article\" \/>\n<meta property=\"og:title\" content=\"Locations - Communaut\u00e9 de communes du Quercy Rouergue et des Gorges de l&#039;Aveyron\" \/>\n<meta property=\"og:description\" content=\"Locations Logement passerelles Vous emm\u00e9nagez sur le territoire et avez un besoin urgent de logement afin de prendre le temps de vous installer de mani\u00e8re p\u00e9renne ? Vous \u00eates en QRGA temporairement (pour plus d&rsquo;un mois) pendant l&rsquo;hiver et cherchez un petit (ou grand) nid douillet ? Voici une liste des logements meubl\u00e9s disponibles -uniquement- [&hellip;]\" \/>\n<meta property=\"og:url\" content=\"https:\/\/cc-qrga.fr\/en\/locations\/\" \/>\n<meta property=\"og:site_name\" content=\"Communaut\u00e9 de communes du Quercy Rouergue et des Gorges de l&#039;Aveyron\" \/>\n<meta property=\"article:modified_time\" content=\"2024-05-29T10:37:21+00:00\" \/>\n<meta name=\"twitter:card\" content=\"summary_large_image\" \/>\n<meta name=\"twitter:label1\" content=\"Estimated reading time\" \/>\n\t<meta name=\"twitter:data1\" content=\"1 minute\" \/>\n<script type=\"application\/ld+json\" class=\"yoast-schema-graph\">{\"@context\":\"https:\\\/\\\/schema.org\",\"@graph\":[{\"@type\":\"WebPage\",\"@id\":\"https:\\\/\\\/cc-qrga.fr\\\/locations\\\/\",\"url\":\"https:\\\/\\\/cc-qrga.fr\\\/locations\\\/\",\"name\":\"Locations - Communaut\u00e9 de communes du Quercy Rouergue et des Gorges de l&#039;Aveyron\",\"isPartOf\":{\"@id\":\"https:\\\/\\\/cc-qrga.fr\\\/#website\"},\"datePublished\":\"2022-08-26T05:21:42+00:00\",\"dateModified\":\"2024-05-29T10:37:21+00:00\",\"breadcrumb\":{\"@id\":\"https:\\\/\\\/cc-qrga.fr\\\/locations\\\/#breadcrumb\"},\"inLanguage\":\"en-GB\",\"potentialAction\":[{\"@type\":\"ReadAction\",\"target\":[\"https:\\\/\\\/cc-qrga.fr\\\/locations\\\/\"]}]},{\"@type\":\"BreadcrumbList\",\"@id\":\"https:\\\/\\\/cc-qrga.fr\\\/locations\\\/#breadcrumb\",\"itemListElement\":[{\"@type\":\"ListItem\",\"position\":1,\"name\":\"Accueil\",\"item\":\"https:\\\/\\\/cc-qrga.fr\\\/\"},{\"@type\":\"ListItem\",\"position\":2,\"name\":\"Locations\"}]},{\"@type\":\"WebSite\",\"@id\":\"https:\\\/\\\/cc-qrga.fr\\\/#website\",\"url\":\"https:\\\/\\\/cc-qrga.fr\\\/\",\"name\":\"Communaut\u00e9 de communes du Quercy Rouergue et des Gorges de l&#039;Aveyron\",\"description\":\"qrga\",\"potentialAction\":[{\"@type\":\"SearchAction\",\"target\":{\"@type\":\"EntryPoint\",\"urlTemplate\":\"https:\\\/\\\/cc-qrga.fr\\\/?s={search_term_string}\"},\"query-input\":{\"@type\":\"PropertyValueSpecification\",\"valueRequired\":true,\"valueName\":\"search_term_string\"}}],\"inLanguage\":\"en-GB\"}]}<\/script>\n<!-- \/ Yoast SEO plugin. -->","yoast_head_json":{"title":"Locations - Communaut\u00e9 de communes du Quercy Rouergue et des Gorges de l&#039;Aveyron","robots":{"index":"index","follow":"follow","max-snippet":"max-snippet:-1","max-image-preview":"max-image-preview:large","max-video-preview":"max-video-preview:-1"},"canonical":"https:\/\/cc-qrga.fr\/en\/locations\/","og_locale":"en_GB","og_type":"article","og_title":"Locations - Communaut\u00e9 de communes du Quercy Rouergue et des Gorges de l&#039;Aveyron","og_description":"Locations Logement passerelles Vous emm\u00e9nagez sur le territoire et avez un besoin urgent de logement afin de prendre le temps de vous installer de mani\u00e8re p\u00e9renne ? Vous \u00eates en QRGA temporairement (pour plus d&rsquo;un mois) pendant l&rsquo;hiver et cherchez un petit (ou grand) nid douillet ? Voici une liste des logements meubl\u00e9s disponibles -uniquement- [&hellip;]","og_url":"https:\/\/cc-qrga.fr\/en\/locations\/","og_site_name":"Communaut\u00e9 de communes du Quercy Rouergue et des Gorges de l&#039;Aveyron","article_modified_time":"2024-05-29T10:37:21+00:00","twitter_card":"summary_large_image","twitter_misc":{"Estimated reading time":"1 minute"},"schema":{"@context":"https:\/\/schema.org","@graph":[{"@type":"WebPage","@id":"https:\/\/cc-qrga.fr\/locations\/","url":"https:\/\/cc-qrga.fr\/locations\/","name":"Locations - Communaut\u00e9 de communes du Quercy Rouergue et des Gorges de l&#039;Aveyron","isPartOf":{"@id":"https:\/\/cc-qrga.fr\/#website"},"datePublished":"2022-08-26T05:21:42+00:00","dateModified":"2024-05-29T10:37:21+00:00","breadcrumb":{"@id":"https:\/\/cc-qrga.fr\/locations\/#breadcrumb"},"inLanguage":"en-GB","potentialAction":[{"@type":"ReadAction","target":["https:\/\/cc-qrga.fr\/locations\/"]}]},{"@type":"BreadcrumbList","@id":"https:\/\/cc-qrga.fr\/locations\/#breadcrumb","itemListElement":[{"@type":"ListItem","position":1,"name":"Accueil","item":"https:\/\/cc-qrga.fr\/"},{"@type":"ListItem","position":2,"name":"Locations"}]},{"@type":"WebSite","@id":"https:\/\/cc-qrga.fr\/#website","url":"https:\/\/cc-qrga.fr\/","name":"Community of Municipalities of Quercy Rouergue and the Aveyron Gorges","description":"qrga","potentialAction":[{"@type":"SearchAction","target":{"@type":"EntryPoint","urlTemplate":"https:\/\/cc-qrga.fr\/?s={search_term_string}"},"query-input":{"@type":"PropertyValueSpecification","valueRequired":true,"valueName":"search_term_string"}}],"inLanguage":"en-GB"}]}},"_links":{"self":[{"href":"https:\/\/cc-qrga.fr\/en\/wp-json\/wp\/v2\/pages\/15409","targetHints":{"allow":["GET"]}}],"collection":[{"href":"https:\/\/cc-qrga.fr\/en\/wp-json\/wp\/v2\/pages"}],"about":[{"href":"https:\/\/cc-qrga.fr\/en\/wp-json\/wp\/v2\/types\/page"}],"author":[{"embeddable":true,"href":"https:\/\/cc-qrga.fr\/en\/wp-json\/wp\/v2\/users\/22"}],"replies":[{"embeddable":true,"href":"https:\/\/cc-qrga.fr\/en\/wp-json\/wp\/v2\/comments?post=15409"}],"version-history":[{"count":0,"href":"https:\/\/cc-qrga.fr\/en\/wp-json\/wp\/v2\/pages\/15409\/revisions"}],"wp:attachment":[{"href":"https:\/\/cc-qrga.fr\/en\/wp-json\/wp\/v2\/media?parent=15409"}],"curies":[{"name":"wp","href":"https:\/\/api.w.org\/{rel}","templated":true}]}}