{"id":15504,"date":"2022-09-01T11:19:00","date_gmt":"2022-09-01T09:19:00","guid":{"rendered":"https:\/\/cc-qrga.fr\/?page_id=15504"},"modified":"2026-01-15T11:01:28","modified_gmt":"2026-01-15T10:01:28","slug":"lacapelle-livron","status":"publish","type":"page","link":"https:\/\/cc-qrga.fr\/en\/lacapelle-livron\/","title":{"rendered":"Lacapelle-Livron"},"content":{"rendered":"<div data-elementor-type=\"wp-page\" data-elementor-id=\"15504\" class=\"elementor elementor-15504\" data-elementor-post-type=\"page\">\n\t\t\t\t\t\t<section class=\"has_eae_slider elementor-section elementor-top-section elementor-element elementor-element-81b6296 elementor-section-boxed elementor-section-height-default elementor-section-height-default\" data-eae-slider=\"4060\" data-id=\"81b6296\" data-element_type=\"section\" data-e-type=\"section\">\n\t\t\t\t\t\t<div class=\"elementor-container elementor-column-gap-default\">\n\t\t\t\t\t<div class=\"has_eae_slider elementor-column elementor-col-50 elementor-top-column elementor-element elementor-element-c5ec2a9\" data-eae-slider=\"93902\" data-id=\"c5ec2a9\" data-element_type=\"column\" data-e-type=\"column\">\n\t\t\t<div class=\"elementor-widget-wrap elementor-element-populated\">\n\t\t\t\t\t\t<div class=\"elementor-element elementor-element-5443ce2 elementor-widget elementor-widget-heading\" data-id=\"5443ce2\" data-element_type=\"widget\" data-e-type=\"widget\" data-widget_type=\"heading.default\">\n\t\t\t\t<div class=\"elementor-widget-container\">\n\t\t\t\t\t<h2 class=\"elementor-heading-title elementor-size-default\">Lacapelle-Livron<\/h2>\t\t\t\t<\/div>\n\t\t\t\t<\/div>\n\t\t\t\t<div class=\"elementor-element elementor-element-954a360 elementor-widget elementor-widget-text-editor\" data-id=\"954a360\" data-element_type=\"widget\" data-e-type=\"widget\" data-widget_type=\"text-editor.default\">\n\t\t\t\t<div class=\"elementor-widget-container\">\n\t\t\t\t\t\t\t\t\t<div class=\"cartouche\"><p>Lacapelle-Livron, a small rural community with a population of 183, is made up of two very distinct villages: Lacapelle-Livron and Saint-Peyronis. These two villages are separated by a main road and a fish-filled river: the Bonnette.<\/p><p>The village of Lacapelle-Livron, with its rich historical past, boasts the well-preserved remains of a Templar commandery founded towards the end of the 11th century, flanked by a Romanesque church and a 13th-century bell tower. This old village stretches along a ledge overlooking the valley and ends on a plateau offering a vast panorama. Along the way, you'll come across a 14th-century covered market hall and the 15th-century chapel of Notre Dame des Gr\u00e2ces, an extremely elegant building also covered in slate roofs, beautifully situated on the edge of the plateau. On the limestone plateau, the village is surrounded by a mix of ancient and modern buildings. Despite the decline in the number of farmers, the land is still used for agricultural purposes.<\/p><p>The village of Saint-Peyronis, on the other side of the Bonnette, is made up of clay-limestone soils, where there is still a large, young farming population and some recent craftsmen have settled.<\/p><p>Lacapelle-Livron is a quiet, warm and welcoming village, where farmers, craftsmen, restaurant owners, retired people and holidaymakers live side by side in a friendly atmosphere, not forgetting the many young couples who live in the village but go out to work.<\/p><\/div>\t\t\t\t\t\t\t\t<\/div>\n\t\t\t\t<\/div>\n\t\t\t\t\t<\/div>\n\t\t<\/div>\n\t\t\t\t<div class=\"has_eae_slider elementor-column elementor-col-50 elementor-top-column elementor-element elementor-element-31b689e\" data-eae-slider=\"86736\" data-id=\"31b689e\" data-element_type=\"column\" data-e-type=\"column\">\n\t\t\t<div class=\"elementor-widget-wrap elementor-element-populated\">\n\t\t\t\t\t\t<div class=\"elementor-element elementor-element-29f8d11 elementor-widget elementor-widget-gallery\" data-id=\"29f8d11\" data-element_type=\"widget\" data-e-type=\"widget\" data-settings=\"{&quot;gallery_layout&quot;:&quot;justified&quot;,&quot;lazyload&quot;:&quot;yes&quot;,&quot;ideal_row_height&quot;:{&quot;unit&quot;:&quot;px&quot;,&quot;size&quot;:200,&quot;sizes&quot;:[]},&quot;ideal_row_height_tablet&quot;:{&quot;unit&quot;:&quot;px&quot;,&quot;size&quot;:150,&quot;sizes&quot;:[]},&quot;ideal_row_height_mobile&quot;:{&quot;unit&quot;:&quot;px&quot;,&quot;size&quot;:150,&quot;sizes&quot;:[]},&quot;gap&quot;:{&quot;unit&quot;:&quot;px&quot;,&quot;size&quot;:10,&quot;sizes&quot;:[]},&quot;gap_tablet&quot;:{&quot;unit&quot;:&quot;px&quot;,&quot;size&quot;:10,&quot;sizes&quot;:[]},&quot;gap_mobile&quot;:{&quot;unit&quot;:&quot;px&quot;,&quot;size&quot;:10,&quot;sizes&quot;:[]},&quot;link_to&quot;:&quot;file&quot;,&quot;overlay_background&quot;:&quot;yes&quot;,&quot;content_hover_animation&quot;:&quot;fade-in&quot;}\" data-widget_type=\"gallery.default\">\n\t\t\t\t<div class=\"elementor-widget-container\">\n\t\t\t\t\t\t\t<div class=\"elementor-gallery__container\">\n\t\t\t\t\t\t\t<a class=\"e-gallery-item elementor-gallery-item elementor-animated-content\" href=\"https:\/\/cc-qrga.fr\/wp-content\/uploads\/2022\/09\/IMG_20211108_080754-scaled.jpg\" data-elementor-open-lightbox=\"yes\" data-elementor-lightbox-slideshow=\"29f8d11\" data-elementor-lightbox-title=\"IMG_20211108_080754\" data-e-action-hash=\"#elementor-action%3Aaction%3Dlightbox%26settings%3DeyJpZCI6MTU1OTIsInVybCI6Imh0dHBzOlwvXC9jYy1xcmdhLmZyXC93cC1jb250ZW50XC91cGxvYWRzXC8yMDIyXC8wOVwvSU1HXzIwMjExMTA4XzA4MDc1NC1zY2FsZWQuanBnIiwic2xpZGVzaG93IjoiMjlmOGQxMSJ9\">\n\t\t\t\t\t<div class=\"e-gallery-image elementor-gallery-item__image\" data-thumbnail=\"https:\/\/cc-qrga.fr\/wp-content\/uploads\/2022\/09\/IMG_20211108_080754-300x225.jpg\" data-width=\"300\" data-height=\"225\" aria-label=\"QRGA Community of Municipalities\" role=\"img\" ><\/div>\n\t\t\t\t\t\t\t\t\t\t\t<div class=\"elementor-gallery-item__overlay\"><\/div>\n\t\t\t\t\t\t\t\t\t\t\t\t\t\t<\/a>\n\t\t\t\t\t\t\t<a class=\"e-gallery-item elementor-gallery-item elementor-animated-content\" href=\"https:\/\/cc-qrga.fr\/wp-content\/uploads\/2022\/09\/IMG_20211108_081414-scaled.jpg\" data-elementor-open-lightbox=\"yes\" data-elementor-lightbox-slideshow=\"29f8d11\" data-elementor-lightbox-title=\"IMG_20211108_081414\" data-e-action-hash=\"#elementor-action%3Aaction%3Dlightbox%26settings%3DeyJpZCI6MTU1OTMsInVybCI6Imh0dHBzOlwvXC9jYy1xcmdhLmZyXC93cC1jb250ZW50XC91cGxvYWRzXC8yMDIyXC8wOVwvSU1HXzIwMjExMTA4XzA4MTQxNC1zY2FsZWQuanBnIiwic2xpZGVzaG93IjoiMjlmOGQxMSJ9\">\n\t\t\t\t\t<div class=\"e-gallery-image elementor-gallery-item__image\" data-thumbnail=\"https:\/\/cc-qrga.fr\/wp-content\/uploads\/2022\/09\/IMG_20211108_081414-300x225.jpg\" data-width=\"300\" data-height=\"225\" aria-label=\"\" role=\"img\" ><\/div>\n\t\t\t\t\t\t\t\t\t\t\t<div class=\"elementor-gallery-item__overlay\"><\/div>\n\t\t\t\t\t\t\t\t\t\t\t\t\t\t<\/a>\n\t\t\t\t\t\t\t<a class=\"e-gallery-item elementor-gallery-item elementor-animated-content\" href=\"https:\/\/cc-qrga.fr\/wp-content\/uploads\/2022\/09\/IMG_20220605_142127.jpg\" data-elementor-open-lightbox=\"yes\" data-elementor-lightbox-slideshow=\"29f8d11\" data-elementor-lightbox-title=\"IMG_20220605_142127\" data-e-action-hash=\"#elementor-action%3Aaction%3Dlightbox%26settings%3DeyJpZCI6MTU1OTQsInVybCI6Imh0dHBzOlwvXC9jYy1xcmdhLmZyXC93cC1jb250ZW50XC91cGxvYWRzXC8yMDIyXC8wOVwvSU1HXzIwMjIwNjA1XzE0MjEyNy5qcGciLCJzbGlkZXNob3ciOiIyOWY4ZDExIn0%3D\">\n\t\t\t\t\t<div class=\"e-gallery-image elementor-gallery-item__image\" data-thumbnail=\"https:\/\/cc-qrga.fr\/wp-content\/uploads\/2022\/09\/IMG_20220605_142127-225x300.jpg\" data-width=\"225\" data-height=\"300\" aria-label=\"\" role=\"img\" ><\/div>\n\t\t\t\t\t\t\t\t\t\t\t<div class=\"elementor-gallery-item__overlay\"><\/div>\n\t\t\t\t\t\t\t\t\t\t\t\t\t\t<\/a>\n\t\t\t\t\t\t\t<a class=\"e-gallery-item elementor-gallery-item elementor-animated-content\" href=\"https:\/\/cc-qrga.fr\/wp-content\/uploads\/2022\/09\/IMG_20220605_142326.jpg\" data-elementor-open-lightbox=\"yes\" data-elementor-lightbox-slideshow=\"29f8d11\" data-elementor-lightbox-title=\"IMG_20220605_142326\" data-e-action-hash=\"#elementor-action%3Aaction%3Dlightbox%26settings%3DeyJpZCI6MTU1OTUsInVybCI6Imh0dHBzOlwvXC9jYy1xcmdhLmZyXC93cC1jb250ZW50XC91cGxvYWRzXC8yMDIyXC8wOVwvSU1HXzIwMjIwNjA1XzE0MjMyNi5qcGciLCJzbGlkZXNob3ciOiIyOWY4ZDExIn0%3D\">\n\t\t\t\t\t<div class=\"e-gallery-image elementor-gallery-item__image\" data-thumbnail=\"https:\/\/cc-qrga.fr\/wp-content\/uploads\/2022\/09\/IMG_20220605_142326-225x300.jpg\" data-width=\"225\" data-height=\"300\" aria-label=\"\" role=\"img\" ><\/div>\n\t\t\t\t\t\t\t\t\t\t\t<div class=\"elementor-gallery-item__overlay\"><\/div>\n\t\t\t\t\t\t\t\t\t\t\t\t\t\t<\/a>\n\t\t\t\t\t<\/div>\n\t\t\t\t\t<\/div>\n\t\t\t\t<\/div>\n\t\t\t\t\t<\/div>\n\t\t<\/div>\n\t\t\t\t\t<\/div>\n\t\t<\/section>\n\t\t\t\t<section class=\"has_eae_slider elementor-section elementor-top-section elementor-element elementor-element-8ad19be elementor-section-boxed elementor-section-height-default elementor-section-height-default\" data-eae-slider=\"69885\" data-id=\"8ad19be\" data-element_type=\"section\" data-e-type=\"section\" data-settings=\"{&quot;background_background&quot;:&quot;classic&quot;}\">\n\t\t\t\t\t\t<div class=\"elementor-container elementor-column-gap-default\">\n\t\t\t\t\t<div class=\"has_eae_slider elementor-column elementor-col-100 elementor-top-column elementor-element elementor-element-8ea7b2a\" data-eae-slider=\"95085\" data-id=\"8ea7b2a\" data-element_type=\"column\" data-e-type=\"column\">\n\t\t\t<div class=\"elementor-widget-wrap elementor-element-populated\">\n\t\t\t\t\t\t<div class=\"elementor-element elementor-element-4fb37a9 elementor-widget elementor-widget-heading\" data-id=\"4fb37a9\" data-element_type=\"widget\" data-e-type=\"widget\" data-widget_type=\"heading.default\">\n\t\t\t\t<div class=\"elementor-widget-container\">\n\t\t\t\t\t<h2 class=\"elementor-heading-title elementor-size-default\">More information<\/h2>\t\t\t\t<\/div>\n\t\t\t\t<\/div>\n\t\t\t\t<div class=\"elementor-element elementor-element-4a256d1 elementor-widget elementor-widget-text-editor\" data-id=\"4a256d1\" data-element_type=\"widget\" data-e-type=\"widget\" data-widget_type=\"text-editor.default\">\n\t\t\t\t<div class=\"elementor-widget-container\">\n\t\t\t\t\t\t\t\t\t<p><\/p>\n<ul>\n<li><strong>Mayor :<\/strong>&nbsp;MARTY Didier<\/li>\n<li><strong>Community delegate :<\/strong>&nbsp;MARTY Didier<\/li>\n<li><strong>Town hall opening times :<\/strong>&nbsp;jeudi et vendredi de 9h \u00e0 12h30 et de 13h30 \u00e0 16h00.<\/li>\n<li><strong>Telephone :<\/strong>&nbsp;05 63 67 04 29<\/li>\n<li><a href=\"mailto:mairie-lacapelle.livron@info82.com\"><strong>Email :<\/strong>&nbsp;mairie-lacapelle.livron@info82.com<\/a><\/li>\n<\/ul>\t\t\t\t\t\t\t\t<\/div>\n\t\t\t\t<\/div>\n\t\t\t\t\t<\/div>\n\t\t<\/div>\n\t\t\t\t\t<\/div>\n\t\t<\/section>\n\t\t\t\t<\/div>","protected":false},"excerpt":{"rendered":"<p>Lacapelle-Livron Lacapelle-Livron, petite commune rurale de 183 habitants, est compos\u00e9e de deux villages bien distincts\u00a0: Lacapelle-Livron et Saint-Peyronis. Deux villages s\u00e9par\u00e9s par une route d\u00e9partementale et une rivi\u00e8re poissonneuse\u00a0: la Bonnette. Le village de Lacapelle-Livron au pass\u00e9 historique tr\u00e8s riche, s\u2019enorgueillit des restes bien conserv\u00e9s d\u2019une commanderie des Templiers fond\u00e9e vers la fin du XIe [&hellip;]<\/p>","protected":false},"author":22,"featured_media":0,"parent":0,"menu_order":0,"comment_status":"closed","ping_status":"closed","template":"","meta":{"footnotes":""},"class_list":["post-15504","page","type-page","status-publish","hentry"],"yoast_head":"<!-- This site is optimized with the Yoast SEO plugin v27.3 - https:\/\/yoast.com\/product\/yoast-seo-wordpress\/ -->\n<title>Lacapelle-Livron - Communaut\u00e9 de communes du Quercy Rouergue et des Gorges de l&#039;Aveyron<\/title>\n<meta name=\"robots\" content=\"index, follow, max-snippet:-1, max-image-preview:large, max-video-preview:-1\" \/>\n<link rel=\"canonical\" href=\"https:\/\/cc-qrga.fr\/en\/lacapelle-livron\/\" \/>\n<meta property=\"og:locale\" content=\"en_GB\" \/>\n<meta property=\"og:type\" content=\"article\" \/>\n<meta property=\"og:title\" content=\"Lacapelle-Livron - Communaut\u00e9 de communes du Quercy Rouergue et des Gorges de l&#039;Aveyron\" \/>\n<meta property=\"og:description\" content=\"Lacapelle-Livron Lacapelle-Livron, petite commune rurale de 183 habitants, est compos\u00e9e de deux villages bien distincts\u00a0: Lacapelle-Livron et Saint-Peyronis. Deux villages s\u00e9par\u00e9s par une route d\u00e9partementale et une rivi\u00e8re poissonneuse\u00a0: la Bonnette. Le village de Lacapelle-Livron au pass\u00e9 historique tr\u00e8s riche, s\u2019enorgueillit des restes bien conserv\u00e9s d\u2019une commanderie des Templiers fond\u00e9e vers la fin du XIe [&hellip;]\" \/>\n<meta property=\"og:url\" content=\"https:\/\/cc-qrga.fr\/en\/lacapelle-livron\/\" \/>\n<meta property=\"og:site_name\" content=\"Communaut\u00e9 de communes du Quercy Rouergue et des Gorges de l&#039;Aveyron\" \/>\n<meta property=\"article:modified_time\" content=\"2026-01-15T10:01:28+00:00\" \/>\n<meta name=\"twitter:card\" content=\"summary_large_image\" \/>\n<meta name=\"twitter:label1\" content=\"Estimated reading time\" \/>\n\t<meta name=\"twitter:data1\" content=\"2 minutes\" \/>\n<script type=\"application\/ld+json\" class=\"yoast-schema-graph\">{\"@context\":\"https:\\\/\\\/schema.org\",\"@graph\":[{\"@type\":\"WebPage\",\"@id\":\"https:\\\/\\\/cc-qrga.fr\\\/lacapelle-livron\\\/\",\"url\":\"https:\\\/\\\/cc-qrga.fr\\\/lacapelle-livron\\\/\",\"name\":\"Lacapelle-Livron - Communaut\u00e9 de communes du Quercy Rouergue et des Gorges de l&#039;Aveyron\",\"isPartOf\":{\"@id\":\"https:\\\/\\\/cc-qrga.fr\\\/#website\"},\"datePublished\":\"2022-09-01T09:19:00+00:00\",\"dateModified\":\"2026-01-15T10:01:28+00:00\",\"breadcrumb\":{\"@id\":\"https:\\\/\\\/cc-qrga.fr\\\/lacapelle-livron\\\/#breadcrumb\"},\"inLanguage\":\"en-GB\",\"potentialAction\":[{\"@type\":\"ReadAction\",\"target\":[\"https:\\\/\\\/cc-qrga.fr\\\/lacapelle-livron\\\/\"]}]},{\"@type\":\"BreadcrumbList\",\"@id\":\"https:\\\/\\\/cc-qrga.fr\\\/lacapelle-livron\\\/#breadcrumb\",\"itemListElement\":[{\"@type\":\"ListItem\",\"position\":1,\"name\":\"Accueil\",\"item\":\"https:\\\/\\\/cc-qrga.fr\\\/\"},{\"@type\":\"ListItem\",\"position\":2,\"name\":\"Lacapelle-Livron\"}]},{\"@type\":\"WebSite\",\"@id\":\"https:\\\/\\\/cc-qrga.fr\\\/#website\",\"url\":\"https:\\\/\\\/cc-qrga.fr\\\/\",\"name\":\"Communaut\u00e9 de communes du Quercy Rouergue et des Gorges de l&#039;Aveyron\",\"description\":\"qrga\",\"potentialAction\":[{\"@type\":\"SearchAction\",\"target\":{\"@type\":\"EntryPoint\",\"urlTemplate\":\"https:\\\/\\\/cc-qrga.fr\\\/?s={search_term_string}\"},\"query-input\":{\"@type\":\"PropertyValueSpecification\",\"valueRequired\":true,\"valueName\":\"search_term_string\"}}],\"inLanguage\":\"en-GB\"}]}<\/script>\n<!-- \/ Yoast SEO plugin. -->","yoast_head_json":{"title":"Lacapelle-Livron - Communaut\u00e9 de communes du Quercy Rouergue et des Gorges de l&#039;Aveyron","robots":{"index":"index","follow":"follow","max-snippet":"max-snippet:-1","max-image-preview":"max-image-preview:large","max-video-preview":"max-video-preview:-1"},"canonical":"https:\/\/cc-qrga.fr\/en\/lacapelle-livron\/","og_locale":"en_GB","og_type":"article","og_title":"Lacapelle-Livron - Communaut\u00e9 de communes du Quercy Rouergue et des Gorges de l&#039;Aveyron","og_description":"Lacapelle-Livron Lacapelle-Livron, petite commune rurale de 183 habitants, est compos\u00e9e de deux villages bien distincts\u00a0: Lacapelle-Livron et Saint-Peyronis. Deux villages s\u00e9par\u00e9s par une route d\u00e9partementale et une rivi\u00e8re poissonneuse\u00a0: la Bonnette. Le village de Lacapelle-Livron au pass\u00e9 historique tr\u00e8s riche, s\u2019enorgueillit des restes bien conserv\u00e9s d\u2019une commanderie des Templiers fond\u00e9e vers la fin du XIe [&hellip;]","og_url":"https:\/\/cc-qrga.fr\/en\/lacapelle-livron\/","og_site_name":"Communaut\u00e9 de communes du Quercy Rouergue et des Gorges de l&#039;Aveyron","article_modified_time":"2026-01-15T10:01:28+00:00","twitter_card":"summary_large_image","twitter_misc":{"Estimated reading time":"2 minutes"},"schema":{"@context":"https:\/\/schema.org","@graph":[{"@type":"WebPage","@id":"https:\/\/cc-qrga.fr\/lacapelle-livron\/","url":"https:\/\/cc-qrga.fr\/lacapelle-livron\/","name":"Lacapelle-Livron - Communaut\u00e9 de communes du Quercy Rouergue et des Gorges de l&#039;Aveyron","isPartOf":{"@id":"https:\/\/cc-qrga.fr\/#website"},"datePublished":"2022-09-01T09:19:00+00:00","dateModified":"2026-01-15T10:01:28+00:00","breadcrumb":{"@id":"https:\/\/cc-qrga.fr\/lacapelle-livron\/#breadcrumb"},"inLanguage":"en-GB","potentialAction":[{"@type":"ReadAction","target":["https:\/\/cc-qrga.fr\/lacapelle-livron\/"]}]},{"@type":"BreadcrumbList","@id":"https:\/\/cc-qrga.fr\/lacapelle-livron\/#breadcrumb","itemListElement":[{"@type":"ListItem","position":1,"name":"Accueil","item":"https:\/\/cc-qrga.fr\/"},{"@type":"ListItem","position":2,"name":"Lacapelle-Livron"}]},{"@type":"WebSite","@id":"https:\/\/cc-qrga.fr\/#website","url":"https:\/\/cc-qrga.fr\/","name":"Community of Municipalities of Quercy Rouergue and the Aveyron Gorges","description":"qrga","potentialAction":[{"@type":"SearchAction","target":{"@type":"EntryPoint","urlTemplate":"https:\/\/cc-qrga.fr\/?s={search_term_string}"},"query-input":{"@type":"PropertyValueSpecification","valueRequired":true,"valueName":"search_term_string"}}],"inLanguage":"en-GB"}]}},"_links":{"self":[{"href":"https:\/\/cc-qrga.fr\/en\/wp-json\/wp\/v2\/pages\/15504","targetHints":{"allow":["GET"]}}],"collection":[{"href":"https:\/\/cc-qrga.fr\/en\/wp-json\/wp\/v2\/pages"}],"about":[{"href":"https:\/\/cc-qrga.fr\/en\/wp-json\/wp\/v2\/types\/page"}],"author":[{"embeddable":true,"href":"https:\/\/cc-qrga.fr\/en\/wp-json\/wp\/v2\/users\/22"}],"replies":[{"embeddable":true,"href":"https:\/\/cc-qrga.fr\/en\/wp-json\/wp\/v2\/comments?post=15504"}],"version-history":[{"count":6,"href":"https:\/\/cc-qrga.fr\/en\/wp-json\/wp\/v2\/pages\/15504\/revisions"}],"predecessor-version":[{"id":30790,"href":"https:\/\/cc-qrga.fr\/en\/wp-json\/wp\/v2\/pages\/15504\/revisions\/30790"}],"wp:attachment":[{"href":"https:\/\/cc-qrga.fr\/en\/wp-json\/wp\/v2\/media?parent=15504"}],"curies":[{"name":"wp","href":"https:\/\/api.w.org\/{rel}","templated":true}]}}