{"id":15518,"date":"2022-09-01T11:29:57","date_gmt":"2022-09-01T09:29:57","guid":{"rendered":"https:\/\/cc-qrga.fr\/?page_id=15518"},"modified":"2025-06-04T09:43:39","modified_gmt":"2025-06-04T07:43:39","slug":"saint-antonin-noble-val","status":"publish","type":"page","link":"https:\/\/cc-qrga.fr\/en\/saint-antonin-noble-val\/","title":{"rendered":"Saint Antonin Noble Val"},"content":{"rendered":"<div data-elementor-type=\"wp-page\" data-elementor-id=\"15518\" class=\"elementor elementor-15518\" data-elementor-post-type=\"page\">\n\t\t\t\t\t\t<section class=\"has_eae_slider elementor-section elementor-top-section elementor-element elementor-element-e293f04 elementor-section-boxed elementor-section-height-default elementor-section-height-default\" data-eae-slider=\"74214\" data-id=\"e293f04\" data-element_type=\"section\" data-e-type=\"section\">\n\t\t\t\t\t\t<div class=\"elementor-container elementor-column-gap-default\">\n\t\t\t\t\t<div class=\"has_eae_slider elementor-column elementor-col-50 elementor-top-column elementor-element elementor-element-5c171ff\" data-eae-slider=\"3811\" data-id=\"5c171ff\" data-element_type=\"column\" data-e-type=\"column\">\n\t\t\t<div class=\"elementor-widget-wrap elementor-element-populated\">\n\t\t\t\t\t\t<div class=\"elementor-element elementor-element-41d005f elementor-widget elementor-widget-heading\" data-id=\"41d005f\" data-element_type=\"widget\" data-e-type=\"widget\" data-widget_type=\"heading.default\">\n\t\t\t\t<div class=\"elementor-widget-container\">\n\t\t\t\t\t<h2 class=\"elementor-heading-title elementor-size-default\">Saint Antonin Noble Val<\/h2>\t\t\t\t<\/div>\n\t\t\t\t<\/div>\n\t\t\t\t<div class=\"elementor-element elementor-element-eaa7ffe elementor-widget elementor-widget-text-editor\" data-id=\"eaa7ffe\" data-element_type=\"widget\" data-e-type=\"widget\" data-widget_type=\"text-editor.default\">\n\t\t\t\t<div class=\"elementor-widget-container\">\n\t\t\t\t\t\t\t\t\t<div class=\"cartouche\"><p>The medieval town of Saint-Antonin, known as Condat, then Nobilis Vallis, takes its name from a figure who, according to legend, evangelised Rouergue, and also from the very location of the village, built at the confluence of the Aveyron and Bonnette rivers at the bottom of a gorge dominated by the cliffs of the Roc d'Anglars.<\/p><p>Its rich and eventful history has left a number of vestiges, most notably the \"Maison Romane\", the oldest civil building in France, restored by Viollet Le Duc, as well as the English barracks and the old tanneries.<\/p><p>The village has managed to retain a large number of shops and a lively Sunday market that is renowned throughout the region. A hyperactive cultural village, Saint Antonin Noble Val offers a wide range of shows, exhibitions and events throughout the year, either outdoors or in one of the municipal halls. A major tourist destination in the Midi-Pyrenees, Saint Antonin Noble Val boasts a combination of historical and natural heritage. A third of its surface area is classified as a NATURA 2000 zone. Numerous hiking trails lead through sublime landscapes where you can appreciate the diversity and richness of the flora and fauna.<\/p><\/div>\t\t\t\t\t\t\t\t<\/div>\n\t\t\t\t<\/div>\n\t\t\t\t\t<\/div>\n\t\t<\/div>\n\t\t\t\t<div class=\"has_eae_slider elementor-column elementor-col-50 elementor-top-column elementor-element elementor-element-bb606a2\" data-eae-slider=\"65066\" data-id=\"bb606a2\" data-element_type=\"column\" data-e-type=\"column\">\n\t\t\t<div class=\"elementor-widget-wrap elementor-element-populated\">\n\t\t\t\t\t\t<div class=\"elementor-element elementor-element-5aa09e1 elementor-widget elementor-widget-gallery\" data-id=\"5aa09e1\" data-element_type=\"widget\" data-e-type=\"widget\" data-settings=\"{&quot;gallery_layout&quot;:&quot;justified&quot;,&quot;lazyload&quot;:&quot;yes&quot;,&quot;ideal_row_height&quot;:{&quot;unit&quot;:&quot;px&quot;,&quot;size&quot;:200,&quot;sizes&quot;:[]},&quot;ideal_row_height_tablet&quot;:{&quot;unit&quot;:&quot;px&quot;,&quot;size&quot;:150,&quot;sizes&quot;:[]},&quot;ideal_row_height_mobile&quot;:{&quot;unit&quot;:&quot;px&quot;,&quot;size&quot;:150,&quot;sizes&quot;:[]},&quot;gap&quot;:{&quot;unit&quot;:&quot;px&quot;,&quot;size&quot;:10,&quot;sizes&quot;:[]},&quot;gap_tablet&quot;:{&quot;unit&quot;:&quot;px&quot;,&quot;size&quot;:10,&quot;sizes&quot;:[]},&quot;gap_mobile&quot;:{&quot;unit&quot;:&quot;px&quot;,&quot;size&quot;:10,&quot;sizes&quot;:[]},&quot;link_to&quot;:&quot;file&quot;,&quot;overlay_background&quot;:&quot;yes&quot;,&quot;content_hover_animation&quot;:&quot;fade-in&quot;}\" data-widget_type=\"gallery.default\">\n\t\t\t\t<div class=\"elementor-widget-container\">\n\t\t\t\t\t\t\t<div class=\"elementor-gallery__container\">\n\t\t\t\t\t\t\t<a class=\"e-gallery-item elementor-gallery-item elementor-animated-content\" href=\"https:\/\/cc-qrga.fr\/wp-content\/uploads\/2022\/09\/stanto-10.39.44-1.jpg\" data-elementor-open-lightbox=\"yes\" data-elementor-lightbox-slideshow=\"5aa09e1\" data-elementor-lightbox-title=\"stanto 10.39.44 (1)\" data-e-action-hash=\"#elementor-action%3Aaction%3Dlightbox%26settings%3DeyJpZCI6MTU2NTAsInVybCI6Imh0dHBzOlwvXC9jYy1xcmdhLmZyXC93cC1jb250ZW50XC91cGxvYWRzXC8yMDIyXC8wOVwvc3RhbnRvLTEwLjM5LjQ0LTEuanBnIiwic2xpZGVzaG93IjoiNWFhMDllMSJ9\">\n\t\t\t\t\t<div class=\"e-gallery-image elementor-gallery-item__image\" data-thumbnail=\"https:\/\/cc-qrga.fr\/wp-content\/uploads\/2022\/09\/stanto-10.39.44-1-300x169.jpg\" data-width=\"300\" data-height=\"169\" aria-label=\"\" role=\"img\" ><\/div>\n\t\t\t\t\t\t\t\t\t\t\t<div class=\"elementor-gallery-item__overlay\"><\/div>\n\t\t\t\t\t\t\t\t\t\t\t\t\t\t<\/a>\n\t\t\t\t\t\t\t<a class=\"e-gallery-item elementor-gallery-item elementor-animated-content\" href=\"https:\/\/cc-qrga.fr\/wp-content\/uploads\/2022\/09\/IMG_20210928_111224-1-scaled.jpg\" data-elementor-open-lightbox=\"yes\" data-elementor-lightbox-slideshow=\"5aa09e1\" data-elementor-lightbox-title=\"IMG_20210928_111224\" data-e-action-hash=\"#elementor-action%3Aaction%3Dlightbox%26settings%3DeyJpZCI6MTU2NDcsInVybCI6Imh0dHBzOlwvXC9jYy1xcmdhLmZyXC93cC1jb250ZW50XC91cGxvYWRzXC8yMDIyXC8wOVwvSU1HXzIwMjEwOTI4XzExMTIyNC0xLXNjYWxlZC5qcGciLCJzbGlkZXNob3ciOiI1YWEwOWUxIn0%3D\">\n\t\t\t\t\t<div class=\"e-gallery-image elementor-gallery-item__image\" data-thumbnail=\"https:\/\/cc-qrga.fr\/wp-content\/uploads\/2022\/09\/IMG_20210928_111224-1-225x300.jpg\" data-width=\"225\" data-height=\"300\" aria-label=\"\" role=\"img\" ><\/div>\n\t\t\t\t\t\t\t\t\t\t\t<div class=\"elementor-gallery-item__overlay\"><\/div>\n\t\t\t\t\t\t\t\t\t\t\t\t\t\t<\/a>\n\t\t\t\t\t\t\t<a class=\"e-gallery-item elementor-gallery-item elementor-animated-content\" href=\"https:\/\/cc-qrga.fr\/wp-content\/uploads\/2022\/09\/Stantonin-nuit-12-scaled.jpg\" data-elementor-open-lightbox=\"yes\" data-elementor-lightbox-slideshow=\"5aa09e1\" data-elementor-lightbox-title=\"Stantonin-nuit-12\" data-e-action-hash=\"#elementor-action%3Aaction%3Dlightbox%26settings%3DeyJpZCI6MTU2NDgsInVybCI6Imh0dHBzOlwvXC9jYy1xcmdhLmZyXC93cC1jb250ZW50XC91cGxvYWRzXC8yMDIyXC8wOVwvU3RhbnRvbmluLW51aXQtMTItc2NhbGVkLmpwZyIsInNsaWRlc2hvdyI6IjVhYTA5ZTEifQ%3D%3D\">\n\t\t\t\t\t<div class=\"e-gallery-image elementor-gallery-item__image\" data-thumbnail=\"https:\/\/cc-qrga.fr\/wp-content\/uploads\/2022\/09\/Stantonin-nuit-12-200x300.jpg\" data-width=\"200\" data-height=\"300\" aria-label=\"\" role=\"img\" ><\/div>\n\t\t\t\t\t\t\t\t\t\t\t<div class=\"elementor-gallery-item__overlay\"><\/div>\n\t\t\t\t\t\t\t\t\t\t\t\t\t\t<\/a>\n\t\t\t\t\t\t\t<a class=\"e-gallery-item elementor-gallery-item elementor-animated-content\" href=\"https:\/\/cc-qrga.fr\/wp-content\/uploads\/2022\/09\/StAntoninNobleVal-1-scaled.jpg\" data-elementor-open-lightbox=\"yes\" data-elementor-lightbox-slideshow=\"5aa09e1\" data-elementor-lightbox-title=\"82  ST ANTONINRIVIERE L&#039;AVEYRONN44\u00b009012 E001\u00b045230\u00a9VIET 361.com\" data-e-action-hash=\"#elementor-action%3Aaction%3Dlightbox%26settings%3DeyJpZCI6MTU2NDksInVybCI6Imh0dHBzOlwvXC9jYy1xcmdhLmZyXC93cC1jb250ZW50XC91cGxvYWRzXC8yMDIyXC8wOVwvU3RBbnRvbmluTm9ibGVWYWwtMS1zY2FsZWQuanBnIiwic2xpZGVzaG93IjoiNWFhMDllMSJ9\">\n\t\t\t\t\t<div class=\"e-gallery-image elementor-gallery-item__image\" data-thumbnail=\"https:\/\/cc-qrga.fr\/wp-content\/uploads\/2022\/09\/StAntoninNobleVal-1-300x200.jpg\" data-width=\"300\" data-height=\"200\" aria-label=\"\" role=\"img\" ><\/div>\n\t\t\t\t\t\t\t\t\t\t\t<div class=\"elementor-gallery-item__overlay\"><\/div>\n\t\t\t\t\t\t\t\t\t\t\t\t\t\t<\/a>\n\t\t\t\t\t<\/div>\n\t\t\t\t\t<\/div>\n\t\t\t\t<\/div>\n\t\t\t\t\t<\/div>\n\t\t<\/div>\n\t\t\t\t\t<\/div>\n\t\t<\/section>\n\t\t\t\t<section class=\"has_eae_slider elementor-section elementor-top-section elementor-element elementor-element-71752c3 elementor-section-boxed elementor-section-height-default elementor-section-height-default\" data-eae-slider=\"83665\" data-id=\"71752c3\" data-element_type=\"section\" data-e-type=\"section\" data-settings=\"{&quot;background_background&quot;:&quot;classic&quot;}\">\n\t\t\t\t\t\t<div class=\"elementor-container elementor-column-gap-default\">\n\t\t\t\t\t<div class=\"has_eae_slider elementor-column elementor-col-100 elementor-top-column elementor-element elementor-element-ebcedd5\" data-eae-slider=\"93481\" data-id=\"ebcedd5\" data-element_type=\"column\" data-e-type=\"column\">\n\t\t\t<div class=\"elementor-widget-wrap elementor-element-populated\">\n\t\t\t\t\t\t<div class=\"elementor-element elementor-element-ac7bf06 elementor-widget elementor-widget-heading\" data-id=\"ac7bf06\" data-element_type=\"widget\" data-e-type=\"widget\" data-widget_type=\"heading.default\">\n\t\t\t\t<div class=\"elementor-widget-container\">\n\t\t\t\t\t<h2 class=\"elementor-heading-title elementor-size-default\">More information<\/h2>\t\t\t\t<\/div>\n\t\t\t\t<\/div>\n\t\t\t\t<div class=\"elementor-element elementor-element-0ff5de9 elementor-widget elementor-widget-text-editor\" data-id=\"0ff5de9\" data-element_type=\"widget\" data-e-type=\"widget\" data-widget_type=\"text-editor.default\">\n\t\t\t\t<div class=\"elementor-widget-container\">\n\t\t\t\t\t\t\t\t\t<ul><li><strong>Mayor :<\/strong> Elisabeth BIRS<\/li><li><strong>Community delegates :<\/strong>Josian PALACH &#8211; Eric SCHATZ-BOITEL &#8211; Alexandra PAPADOPOULO &#8211; Fran\u00e7ois RENAULT &#8211; Bernadette RAMES<\/li><li><strong>Town hall opening times :<br \/><\/strong>Tuesday and Thursday 9.30 a.m. to 12 p.m. and 2 p.m. to 4 p.m.<br \/>Mondays and Fridays 2 pm to 4 pm<br \/>Wednesdays 9.30am to 12pm.<\/li><li><strong>Telephone :<\/strong>\u00a005 63 30 60 23<\/li><li><a href=\"mailto:mairie-saint.antonin.noble.val@info82.com\"><strong>Email :<\/strong>\u00a0mairie-saint.antonin.noble.val@info82.com<\/a><\/li><li><a href=\"http:\/\/www.st-antoninnv.com\/\" target=\"_blank\" rel=\"noopener\"><strong>Site :<\/strong>\u00a0www.st-antoninnv.com\/<\/a><\/li><\/ul>\t\t\t\t\t\t\t\t<\/div>\n\t\t\t\t<\/div>\n\t\t\t\t\t<\/div>\n\t\t<\/div>\n\t\t\t\t\t<\/div>\n\t\t<\/section>\n\t\t\t\t<\/div>","protected":false},"excerpt":{"rendered":"<p>Saint Antonin Noble Val Cit\u00e9 m\u00e9di\u00e9vale, Saint-Antonin, nomm\u00e9e Condat, puis Nobilis Vallis, tire \u00e0 la fois son nom d\u2019un personnage qui, d\u2019apr\u00e8s la l\u00e9gende, aurait \u00e9vang\u00e9lis\u00e9 le Rouergue, mais aussi de l\u2019emplacement m\u00eame du village \u00e9difi\u00e9 \u00e0 la confluence de l\u2019Aveyron et de la Bonnette au bas de ces gorges domin\u00e9es par les falaises du [&hellip;]<\/p>","protected":false},"author":22,"featured_media":0,"parent":0,"menu_order":0,"comment_status":"closed","ping_status":"closed","template":"","meta":{"footnotes":""},"class_list":["post-15518","page","type-page","status-publish","hentry"],"yoast_head":"<!-- This site is optimized with the Yoast SEO plugin v27.3 - https:\/\/yoast.com\/product\/yoast-seo-wordpress\/ -->\n<title>Saint Antonin Noble Val - Communaut\u00e9 de communes du Quercy Rouergue et des Gorges de l&#039;Aveyron<\/title>\n<meta name=\"robots\" content=\"index, follow, max-snippet:-1, max-image-preview:large, max-video-preview:-1\" \/>\n<link rel=\"canonical\" href=\"https:\/\/cc-qrga.fr\/en\/saint-antonin-noble-val\/\" \/>\n<meta property=\"og:locale\" content=\"en_GB\" \/>\n<meta property=\"og:type\" content=\"article\" \/>\n<meta property=\"og:title\" content=\"Saint Antonin Noble Val - Communaut\u00e9 de communes du Quercy Rouergue et des Gorges de l&#039;Aveyron\" \/>\n<meta property=\"og:description\" content=\"Saint Antonin Noble Val Cit\u00e9 m\u00e9di\u00e9vale, Saint-Antonin, nomm\u00e9e Condat, puis Nobilis Vallis, tire \u00e0 la fois son nom d\u2019un personnage qui, d\u2019apr\u00e8s la l\u00e9gende, aurait \u00e9vang\u00e9lis\u00e9 le Rouergue, mais aussi de l\u2019emplacement m\u00eame du village \u00e9difi\u00e9 \u00e0 la confluence de l\u2019Aveyron et de la Bonnette au bas de ces gorges domin\u00e9es par les falaises du [&hellip;]\" \/>\n<meta property=\"og:url\" content=\"https:\/\/cc-qrga.fr\/en\/saint-antonin-noble-val\/\" \/>\n<meta property=\"og:site_name\" content=\"Communaut\u00e9 de communes du Quercy Rouergue et des Gorges de l&#039;Aveyron\" \/>\n<meta property=\"article:modified_time\" content=\"2025-06-04T07:43:39+00:00\" \/>\n<meta name=\"twitter:card\" content=\"summary_large_image\" \/>\n<meta name=\"twitter:label1\" content=\"Estimated reading time\" \/>\n\t<meta name=\"twitter:data1\" content=\"2 minutes\" \/>\n<script type=\"application\/ld+json\" class=\"yoast-schema-graph\">{\"@context\":\"https:\\\/\\\/schema.org\",\"@graph\":[{\"@type\":\"WebPage\",\"@id\":\"https:\\\/\\\/cc-qrga.fr\\\/saint-antonin-noble-val\\\/\",\"url\":\"https:\\\/\\\/cc-qrga.fr\\\/saint-antonin-noble-val\\\/\",\"name\":\"Saint Antonin Noble Val - Communaut\u00e9 de communes du Quercy Rouergue et des Gorges de l&#039;Aveyron\",\"isPartOf\":{\"@id\":\"https:\\\/\\\/cc-qrga.fr\\\/#website\"},\"datePublished\":\"2022-09-01T09:29:57+00:00\",\"dateModified\":\"2025-06-04T07:43:39+00:00\",\"breadcrumb\":{\"@id\":\"https:\\\/\\\/cc-qrga.fr\\\/saint-antonin-noble-val\\\/#breadcrumb\"},\"inLanguage\":\"en-GB\",\"potentialAction\":[{\"@type\":\"ReadAction\",\"target\":[\"https:\\\/\\\/cc-qrga.fr\\\/saint-antonin-noble-val\\\/\"]}]},{\"@type\":\"BreadcrumbList\",\"@id\":\"https:\\\/\\\/cc-qrga.fr\\\/saint-antonin-noble-val\\\/#breadcrumb\",\"itemListElement\":[{\"@type\":\"ListItem\",\"position\":1,\"name\":\"Accueil\",\"item\":\"https:\\\/\\\/cc-qrga.fr\\\/\"},{\"@type\":\"ListItem\",\"position\":2,\"name\":\"Saint Antonin Noble Val\"}]},{\"@type\":\"WebSite\",\"@id\":\"https:\\\/\\\/cc-qrga.fr\\\/#website\",\"url\":\"https:\\\/\\\/cc-qrga.fr\\\/\",\"name\":\"Communaut\u00e9 de communes du Quercy Rouergue et des Gorges de l&#039;Aveyron\",\"description\":\"qrga\",\"potentialAction\":[{\"@type\":\"SearchAction\",\"target\":{\"@type\":\"EntryPoint\",\"urlTemplate\":\"https:\\\/\\\/cc-qrga.fr\\\/?s={search_term_string}\"},\"query-input\":{\"@type\":\"PropertyValueSpecification\",\"valueRequired\":true,\"valueName\":\"search_term_string\"}}],\"inLanguage\":\"en-GB\"}]}<\/script>\n<!-- \/ Yoast SEO plugin. -->","yoast_head_json":{"title":"Saint Antonin Noble Val - Communaut\u00e9 de communes du Quercy Rouergue et des Gorges de l&#039;Aveyron","robots":{"index":"index","follow":"follow","max-snippet":"max-snippet:-1","max-image-preview":"max-image-preview:large","max-video-preview":"max-video-preview:-1"},"canonical":"https:\/\/cc-qrga.fr\/en\/saint-antonin-noble-val\/","og_locale":"en_GB","og_type":"article","og_title":"Saint Antonin Noble Val - Communaut\u00e9 de communes du Quercy Rouergue et des Gorges de l&#039;Aveyron","og_description":"Saint Antonin Noble Val Cit\u00e9 m\u00e9di\u00e9vale, Saint-Antonin, nomm\u00e9e Condat, puis Nobilis Vallis, tire \u00e0 la fois son nom d\u2019un personnage qui, d\u2019apr\u00e8s la l\u00e9gende, aurait \u00e9vang\u00e9lis\u00e9 le Rouergue, mais aussi de l\u2019emplacement m\u00eame du village \u00e9difi\u00e9 \u00e0 la confluence de l\u2019Aveyron et de la Bonnette au bas de ces gorges domin\u00e9es par les falaises du [&hellip;]","og_url":"https:\/\/cc-qrga.fr\/en\/saint-antonin-noble-val\/","og_site_name":"Communaut\u00e9 de communes du Quercy Rouergue et des Gorges de l&#039;Aveyron","article_modified_time":"2025-06-04T07:43:39+00:00","twitter_card":"summary_large_image","twitter_misc":{"Estimated reading time":"2 minutes"},"schema":{"@context":"https:\/\/schema.org","@graph":[{"@type":"WebPage","@id":"https:\/\/cc-qrga.fr\/saint-antonin-noble-val\/","url":"https:\/\/cc-qrga.fr\/saint-antonin-noble-val\/","name":"Saint Antonin Noble Val - Communaut\u00e9 de communes du Quercy Rouergue et des Gorges de l&#039;Aveyron","isPartOf":{"@id":"https:\/\/cc-qrga.fr\/#website"},"datePublished":"2022-09-01T09:29:57+00:00","dateModified":"2025-06-04T07:43:39+00:00","breadcrumb":{"@id":"https:\/\/cc-qrga.fr\/saint-antonin-noble-val\/#breadcrumb"},"inLanguage":"en-GB","potentialAction":[{"@type":"ReadAction","target":["https:\/\/cc-qrga.fr\/saint-antonin-noble-val\/"]}]},{"@type":"BreadcrumbList","@id":"https:\/\/cc-qrga.fr\/saint-antonin-noble-val\/#breadcrumb","itemListElement":[{"@type":"ListItem","position":1,"name":"Accueil","item":"https:\/\/cc-qrga.fr\/"},{"@type":"ListItem","position":2,"name":"Saint Antonin Noble Val"}]},{"@type":"WebSite","@id":"https:\/\/cc-qrga.fr\/#website","url":"https:\/\/cc-qrga.fr\/","name":"Community of Municipalities of Quercy Rouergue and the Aveyron Gorges","description":"qrga","potentialAction":[{"@type":"SearchAction","target":{"@type":"EntryPoint","urlTemplate":"https:\/\/cc-qrga.fr\/?s={search_term_string}"},"query-input":{"@type":"PropertyValueSpecification","valueRequired":true,"valueName":"search_term_string"}}],"inLanguage":"en-GB"}]}},"_links":{"self":[{"href":"https:\/\/cc-qrga.fr\/en\/wp-json\/wp\/v2\/pages\/15518","targetHints":{"allow":["GET"]}}],"collection":[{"href":"https:\/\/cc-qrga.fr\/en\/wp-json\/wp\/v2\/pages"}],"about":[{"href":"https:\/\/cc-qrga.fr\/en\/wp-json\/wp\/v2\/types\/page"}],"author":[{"embeddable":true,"href":"https:\/\/cc-qrga.fr\/en\/wp-json\/wp\/v2\/users\/22"}],"replies":[{"embeddable":true,"href":"https:\/\/cc-qrga.fr\/en\/wp-json\/wp\/v2\/comments?post=15518"}],"version-history":[{"count":0,"href":"https:\/\/cc-qrga.fr\/en\/wp-json\/wp\/v2\/pages\/15518\/revisions"}],"wp:attachment":[{"href":"https:\/\/cc-qrga.fr\/en\/wp-json\/wp\/v2\/media?parent=15518"}],"curies":[{"name":"wp","href":"https:\/\/api.w.org\/{rel}","templated":true}]}}