{"id":16089,"date":"2022-09-06T15:56:58","date_gmt":"2022-09-06T13:56:58","guid":{"rendered":"https:\/\/cc-qrga.fr\/?page_id=16089"},"modified":"2022-09-22T11:19:56","modified_gmt":"2022-09-22T09:19:56","slug":"mentions-legales","status":"publish","type":"page","link":"https:\/\/cc-qrga.fr\/en\/mentions-legales\/","title":{"rendered":"Legal information"},"content":{"rendered":"<h2 class=\"wp-block-heading\">Legal information<\/h2>\n\n\n\n<h3 class=\"wp-block-heading\">1. Presentation of the site.<\/h3>\n\n\n\n<p>Pursuant to Article 6 of French Law no. 2004-575 of 21 June 2004 on confidence in the digital economy, users of the website are hereby informed that&nbsp;<a href=\"https:\/\/cc-qrga.fr\/en\/\">www.cc-qrga.fr<\/a>&nbsp;the identity of the various parties involved in its implementation and monitoring:<\/p>\n\n\n\n<p><strong>Owner<\/strong>\u00a0Communaut\u00e9 de Communes Quercy Rouergue et Gorges de l'Aveyron - General public administration (8411Z) - SIRET: 24820010700014 - 1 place de l'H\u00f4tel de ville, 82140 Saint Antonin Noble Val<br><strong>Creator<\/strong>\u00a0Communication department <br><strong>Head of department<\/strong>Francis Khattou - communication@cc-qrga.fr<br>The person responsible for publication is a natural person or a legal entity.<br><strong>Webmaster<\/strong>\u00a0Francis Khattou - communication@cc-qrga.fr<br><strong>Host<\/strong>\u00a0Sas OVH - 2 rue Kellermann - 59100 Roubaix - France<br>Credits: - Mathieu Simon (Director of Services)<br>- CCQRGA agents<br><\/p>\n\n\n\n<h3 class=\"wp-block-heading\">2. General terms and conditions of use of the site and the services offered.<\/h3>\n\n\n\n<p>Use of the site&nbsp;<a href=\"https:\/\/cc-qrga.fr\/en\/\">www.cc-qrga.fr<\/a>&nbsp;implies full and unreserved acceptance of the general conditions of use set out below. These conditions of use may be amended or supplemented at any time.&nbsp;<a href=\"https:\/\/cc-qrga.fr\/en\/\">www.cc-qrga.fr<\/a>&nbsp;are therefore invited to consult them on a regular basis.<\/p>\n\n\n\n<p>This site is normally accessible to users at all times. However, Communaut\u00e9 de Communes Quercy Rouergue et Gorges de l'Aveyron may decide to interrupt the site for technical maintenance purposes. In such a case, Communaut\u00e9 de Communes Quercy Rouergue et Gorges de l'Aveyron will endeavour to inform users of the dates and times of the intervention in advance.<\/p>\n\n\n\n<p>The website\u00a0<a href=\"https:\/\/cc-qrga.fr\/en\/\">www.cc-qrga.fr<\/a>\u00a0is regularly updated by the staff of the Quercy Rouergue and Gorges de l'Aveyron Community of Communes. In the same way, the legal notices may be modified at any time: they are nevertheless binding on the user, who is invited to refer to them as often as possible in order to read them.<\/p>\n\n\n\n<h3 class=\"wp-block-heading\">3. Description of services provided.<\/h3>\n\n\n\n<p>The website\u00a0<a href=\"https:\/\/cc-qrga.fr\/en\/\">www.cc-qrga.fr<\/a>\u00a0is to provide information about all of the community's activities.<\/p>\n\n\n\n<p>The Community of Communes of Quercy Rouergue and Gorges de l'Aveyron endeavours to provide the following information on its website\u00a0<a href=\"https:\/\/cc-qrga.fr\/en\/\">www.cc-qrga.fr<\/a>\u00a0information as accurate as possible. However, it cannot be held responsible for any omissions, inaccuracies or failures to update the information, whether these are its fault or the fault of third-party partners who provide the information.<\/p>\n\n\n\n<p>All the information on the site&nbsp;<a href=\"https:\/\/cc-qrga.fr\/en\/\">www.cc-qrga.fr<\/a>&nbsp;are given for information only and are subject to change. Furthermore, the information contained on the&nbsp;<a href=\"https:\/\/cc-qrga.fr\/en\/\">www.cc-qrga.fr<\/a>&nbsp;are not exhaustive. They are given subject to any changes that may have been made since they were put online.<\/p>\n\n\n\n<h3 class=\"wp-block-heading\">4. Contractual limitations on technical data.<\/h3>\n\n\n\n<p>The site uses JavaScript technology.<\/p>\n\n\n\n<p>The website cannot be held responsible for any material damage arising from use of the site. In addition, users of the site undertake to access the site using recent, virus-free equipment and with an up-to-date, latest-generation browser.<\/p>\n\n\n\n<h3 class=\"wp-block-heading\">5. Intellectual property and counterfeiting.<\/h3>\n\n\n\n<p>The Communaut\u00e9 de Communes Quercy Rouergue et Gorges de l'Aveyron is the owner of the intellectual property rights or holds the rights of use on all the elements accessible on the site, in particular the texts, images, graphics, logos, icons, sounds and software.<\/p>\n\n\n\n<p>Any reproduction, representation, modification, publication, adaptation of all or part of the elements of the site, whatever the means or process used, is forbidden, except with the prior written authorisation of the Community of Communes of Quercy Rouergue and Gorges de l'Aveyron.<\/p>\n\n\n\n<p>Any unauthorised use of the site or of any of the elements it contains will be considered as constituting an infringement and will be prosecuted in accordance with the provisions of articles L.335-2 et seq. of the French Intellectual Property Code.<\/p>\n\n\n\n<h3 class=\"wp-block-heading\">6. Limitation of liability.<\/h3>\n\n\n\n<p>The communaut\u00e9 de communes Quercy Rouergue et Gorges de l'Aveyron may not be held liable for any direct or indirect damage caused to the user's equipment when accessing the www.cc-qrga.fr website, resulting either from the use of equipment that does not meet the specifications indicated in point 4, or from the appearance of a bug or incompatibility.<\/p>\n\n\n\n<p>The Community of Communes of Quercy Rouergue and Gorges de l'Aveyron cannot be held responsible for any indirect damage resulting from the use of the site.\u00a0<a href=\"https:\/\/cc-qrga.fr\/en\/\">www.cc-qrga.fr<\/a>.<\/p>\n\n\n\n<p>Interactive areas (possibility to ask questions using the contact form) are available to users. The Community of Communes of Quercy Rouergue and Gorges de l'Aveyron reserves the right to delete, without prior notice, any content posted in this area that contravenes legislation applicable in France, in particular provisions relating to data protection. Where applicable, the Community of Communes of Quercy Rouergue and the Aveyron Gorges also reserves the right to hold the user civilly and\/or criminally liable, particularly in the event of messages of a racist, insulting, defamatory or pornographic nature, whatever the medium used (text, photographs, etc.).<\/p>\n\n\n\n<h3 class=\"wp-block-heading\">7. Personal data management.<\/h3>\n\n\n\n<p>In France, personal data is protected by law no. 78-87 of 6 January 1978, law no. 2004-801 of 6 August 2004, article L. 226-13 of the Criminal Code and the European Directive of 24 October 1995.<\/p>\n\n\n\n<p>When using the site&nbsp;<a href=\"https:\/\/cc-qrga.fr\/en\/\">www.cc-qrga.fr<\/a>The following information may be collected: the URL of the links via which the user has accessed the site&nbsp;<a href=\"https:\/\/cc-qrga.fr\/en\/\">www.cc-qrga.fr<\/a>the user's internet service provider, the user's internet protocol (IP) address.<\/p>\n\n\n\n<p>In any event, the Communaut\u00e9 de Communes Quercy Rouergue et Gorges de l'Aveyron only collects personal information relating to the user for the purposes of certain services offered by the site.\u00a0<a href=\"https:\/\/cc-qrga.fr\/en\/\">www.cc-qrga.fr<\/a>. Users provide this information with full knowledge of the facts, particularly when they enter it themselves. The user of the\u00a0<a href=\"https:\/\/cc-qrga.fr\/en\/\">www.cc-qrga.fr<\/a> the obligation to provide this information.<\/p>\n\n\n\n<p>In accordance with the provisions of Articles 38 et seq. of Law 78-17 of 6 January 1978 on Data Processing, Data Files and Individual Liberties, all users have the right to access, rectify and object to any personal data concerning them, by sending a written and signed request, accompanied by a copy of the identity document bearing the signature of the bearer of the document, specifying the address to which the reply is to be sent.<\/p>\n\n\n\n<p>No personal information about the user of the\u00a0<a href=\"https:\/\/cc-qrga.fr\/en\/\">www.cc-qrga.fr<\/a>\u00a0is published without the user's knowledge, exchanged, transferred, assigned or sold on any medium whatsoever to third parties. <\/p>\n\n\n\n<p>Databases are protected by the provisions of the Law of 1 July 1998 transposing Directive 96\/9 of 11 March 1996 on the legal protection of databases.<\/p>\n\n\n\n<h3 class=\"wp-block-heading\">8. Hypertext links and cookies.<\/h3>\n\n\n\n<p>The website\u00a0<a href=\"https:\/\/cc-qrga.fr\/en\/\">www.cc-qrga.fr<\/a>\u00a0contains a number of hypertext links to other sites, set up with the authorisation of the Communaut\u00e9 de Communes Quercy Rouergue et Gorges de l'Aveyron. However, the Communaut\u00e9 de Communes Quercy Rouergue et Gorges de l'Aveyron is not in a position to check the content of sites visited in this way, and consequently accepts no responsibility in this respect.<\/p>\n\n\n\n<p>Browsing the site\u00a0<a href=\"https:\/\/cc-qrga.fr\/en\/\">www.cc-qrga.fr<\/a>\u00a0may cause cookies to be installed on the user's computer. A cookie is a small file which does not allow the user to be identified, but which records information relating to the browsing of a computer on a site. The data obtained in this way is intended to facilitate subsequent browsing of the site and is also used to measure visitor numbers (see the \"Cookiebot\u00ae Usercentrics\" module installed to accept cookies).<\/p>\n\n\n\n<p>Refusal to install a cookie may make it impossible to access certain services. However, users can configure the cookie acceptance module by selecting their \"Cookiebot\u00ae Usercentrics\" preferences.<\/p>\n\n\n\n<p><\/p>\n\n\n\n<h3 class=\"wp-block-heading\">9. Applicable law and jurisdiction.<\/h3>\n\n\n\n<p>Any dispute relating to the use of the site&nbsp;<a href=\"https:\/\/cc-qrga.fr\/en\/\">www.cc-qrga.fr<\/a>&nbsp;is governed by French law. The competent courts of Paris have exclusive jurisdiction.<\/p>\n\n\n\n<h3 class=\"wp-block-heading\">10. The main laws concerned.<\/h3>\n\n\n\n<p>Act no. 78-17 of 6 January 1978, as amended by Act no. 2004-801 of 6 August 2004 on data processing, data files and individual liberties.<\/p>\n\n\n\n<p>Law no. 2004-575 of 21 June 2004 on confidence in the digital economy.<\/p>\n\n\n\n<h3 class=\"wp-block-heading\">11. Glossary.<\/h3>\n\n\n\n<p>User: Internet user connecting to and using the aforementioned site.<\/p>\n\n\n\n<p>Personal information: \"information which enables, in any form whatsoever, directly or indirectly, the identification of the natural persons to whom it applies\" (article 4 of law no. 78-17 of 6 January 1978).<\/p>","protected":false},"excerpt":{"rendered":"<p>Informations l\u00e9gales 1. Pr\u00e9sentation du site. En vertu de l\u2019article 6 de la loi n\u00b0 2004-575 du 21 juin 2004 pour la confiance dans l\u2019\u00e9conomie num\u00e9rique, il est pr\u00e9cis\u00e9 aux utilisateurs du site&nbsp;www.cc-qrga.fr&nbsp;l\u2019identit\u00e9 des diff\u00e9rents intervenants dans le cadre de sa r\u00e9alisation et de son suivi : Propri\u00e9taire\u00a0: Communaut\u00e9 de Communes Quercy Rouergue et Gorges [&hellip;]<\/p>","protected":false},"author":22,"featured_media":0,"parent":0,"menu_order":0,"comment_status":"closed","ping_status":"closed","template":"","meta":{"footnotes":""},"class_list":["post-16089","page","type-page","status-publish","hentry"],"yoast_head":"<!-- This site is optimized with the Yoast SEO plugin v27.4 - https:\/\/yoast.com\/product\/yoast-seo-wordpress\/ -->\n<title>Mentions l\u00e9gales - Communaut\u00e9 de communes du Quercy Rouergue et des Gorges de l&#039;Aveyron<\/title>\n<meta name=\"robots\" content=\"index, follow, max-snippet:-1, max-image-preview:large, max-video-preview:-1\" \/>\n<link rel=\"canonical\" href=\"https:\/\/cc-qrga.fr\/en\/mentions-legales\/\" \/>\n<meta property=\"og:locale\" content=\"en_GB\" \/>\n<meta property=\"og:type\" content=\"article\" \/>\n<meta property=\"og:title\" content=\"Mentions l\u00e9gales - Communaut\u00e9 de communes du Quercy Rouergue et des Gorges de l&#039;Aveyron\" \/>\n<meta property=\"og:description\" content=\"Informations l\u00e9gales 1. Pr\u00e9sentation du site. En vertu de l\u2019article 6 de la loi n\u00b0 2004-575 du 21 juin 2004 pour la confiance dans l\u2019\u00e9conomie num\u00e9rique, il est pr\u00e9cis\u00e9 aux utilisateurs du site&nbsp;www.cc-qrga.fr&nbsp;l\u2019identit\u00e9 des diff\u00e9rents intervenants dans le cadre de sa r\u00e9alisation et de son suivi : Propri\u00e9taire\u00a0: Communaut\u00e9 de Communes Quercy Rouergue et Gorges [&hellip;]\" \/>\n<meta property=\"og:url\" content=\"https:\/\/cc-qrga.fr\/en\/mentions-legales\/\" \/>\n<meta property=\"og:site_name\" content=\"Communaut\u00e9 de communes du Quercy Rouergue et des Gorges de l&#039;Aveyron\" \/>\n<meta property=\"article:modified_time\" content=\"2022-09-22T09:19:56+00:00\" \/>\n<meta name=\"twitter:card\" content=\"summary_large_image\" \/>\n<meta name=\"twitter:label1\" content=\"Estimated reading time\" \/>\n\t<meta name=\"twitter:data1\" content=\"7 minutes\" \/>\n<script type=\"application\/ld+json\" class=\"yoast-schema-graph\">{\"@context\":\"https:\\\/\\\/schema.org\",\"@graph\":[{\"@type\":\"WebPage\",\"@id\":\"https:\\\/\\\/cc-qrga.fr\\\/mentions-legales\\\/\",\"url\":\"https:\\\/\\\/cc-qrga.fr\\\/mentions-legales\\\/\",\"name\":\"Mentions l\u00e9gales - Communaut\u00e9 de communes du Quercy Rouergue et des Gorges de l&#039;Aveyron\",\"isPartOf\":{\"@id\":\"https:\\\/\\\/cc-qrga.fr\\\/#website\"},\"datePublished\":\"2022-09-06T13:56:58+00:00\",\"dateModified\":\"2022-09-22T09:19:56+00:00\",\"breadcrumb\":{\"@id\":\"https:\\\/\\\/cc-qrga.fr\\\/mentions-legales\\\/#breadcrumb\"},\"inLanguage\":\"en-GB\",\"potentialAction\":[{\"@type\":\"ReadAction\",\"target\":[\"https:\\\/\\\/cc-qrga.fr\\\/mentions-legales\\\/\"]}]},{\"@type\":\"BreadcrumbList\",\"@id\":\"https:\\\/\\\/cc-qrga.fr\\\/mentions-legales\\\/#breadcrumb\",\"itemListElement\":[{\"@type\":\"ListItem\",\"position\":1,\"name\":\"Accueil\",\"item\":\"https:\\\/\\\/cc-qrga.fr\\\/\"},{\"@type\":\"ListItem\",\"position\":2,\"name\":\"Mentions l\u00e9gales\"}]},{\"@type\":\"WebSite\",\"@id\":\"https:\\\/\\\/cc-qrga.fr\\\/#website\",\"url\":\"https:\\\/\\\/cc-qrga.fr\\\/\",\"name\":\"Communaut\u00e9 de communes du Quercy Rouergue et des Gorges de l&#039;Aveyron\",\"description\":\"qrga\",\"potentialAction\":[{\"@type\":\"SearchAction\",\"target\":{\"@type\":\"EntryPoint\",\"urlTemplate\":\"https:\\\/\\\/cc-qrga.fr\\\/?s={search_term_string}\"},\"query-input\":{\"@type\":\"PropertyValueSpecification\",\"valueRequired\":true,\"valueName\":\"search_term_string\"}}],\"inLanguage\":\"en-GB\"}]}<\/script>\n<!-- \/ Yoast SEO plugin. -->","yoast_head_json":{"title":"Mentions l\u00e9gales - Communaut\u00e9 de communes du Quercy Rouergue et des Gorges de l&#039;Aveyron","robots":{"index":"index","follow":"follow","max-snippet":"max-snippet:-1","max-image-preview":"max-image-preview:large","max-video-preview":"max-video-preview:-1"},"canonical":"https:\/\/cc-qrga.fr\/en\/mentions-legales\/","og_locale":"en_GB","og_type":"article","og_title":"Mentions l\u00e9gales - Communaut\u00e9 de communes du Quercy Rouergue et des Gorges de l&#039;Aveyron","og_description":"Informations l\u00e9gales 1. Pr\u00e9sentation du site. En vertu de l\u2019article 6 de la loi n\u00b0 2004-575 du 21 juin 2004 pour la confiance dans l\u2019\u00e9conomie num\u00e9rique, il est pr\u00e9cis\u00e9 aux utilisateurs du site&nbsp;www.cc-qrga.fr&nbsp;l\u2019identit\u00e9 des diff\u00e9rents intervenants dans le cadre de sa r\u00e9alisation et de son suivi : Propri\u00e9taire\u00a0: Communaut\u00e9 de Communes Quercy Rouergue et Gorges [&hellip;]","og_url":"https:\/\/cc-qrga.fr\/en\/mentions-legales\/","og_site_name":"Communaut\u00e9 de communes du Quercy Rouergue et des Gorges de l&#039;Aveyron","article_modified_time":"2022-09-22T09:19:56+00:00","twitter_card":"summary_large_image","twitter_misc":{"Estimated reading time":"7 minutes"},"schema":{"@context":"https:\/\/schema.org","@graph":[{"@type":"WebPage","@id":"https:\/\/cc-qrga.fr\/mentions-legales\/","url":"https:\/\/cc-qrga.fr\/mentions-legales\/","name":"Mentions l\u00e9gales - Communaut\u00e9 de communes du Quercy Rouergue et des Gorges de l&#039;Aveyron","isPartOf":{"@id":"https:\/\/cc-qrga.fr\/#website"},"datePublished":"2022-09-06T13:56:58+00:00","dateModified":"2022-09-22T09:19:56+00:00","breadcrumb":{"@id":"https:\/\/cc-qrga.fr\/mentions-legales\/#breadcrumb"},"inLanguage":"en-GB","potentialAction":[{"@type":"ReadAction","target":["https:\/\/cc-qrga.fr\/mentions-legales\/"]}]},{"@type":"BreadcrumbList","@id":"https:\/\/cc-qrga.fr\/mentions-legales\/#breadcrumb","itemListElement":[{"@type":"ListItem","position":1,"name":"Accueil","item":"https:\/\/cc-qrga.fr\/"},{"@type":"ListItem","position":2,"name":"Mentions l\u00e9gales"}]},{"@type":"WebSite","@id":"https:\/\/cc-qrga.fr\/#website","url":"https:\/\/cc-qrga.fr\/","name":"Community of Municipalities of Quercy Rouergue and the Aveyron Gorges","description":"qrga","potentialAction":[{"@type":"SearchAction","target":{"@type":"EntryPoint","urlTemplate":"https:\/\/cc-qrga.fr\/?s={search_term_string}"},"query-input":{"@type":"PropertyValueSpecification","valueRequired":true,"valueName":"search_term_string"}}],"inLanguage":"en-GB"}]}},"_links":{"self":[{"href":"https:\/\/cc-qrga.fr\/en\/wp-json\/wp\/v2\/pages\/16089","targetHints":{"allow":["GET"]}}],"collection":[{"href":"https:\/\/cc-qrga.fr\/en\/wp-json\/wp\/v2\/pages"}],"about":[{"href":"https:\/\/cc-qrga.fr\/en\/wp-json\/wp\/v2\/types\/page"}],"author":[{"embeddable":true,"href":"https:\/\/cc-qrga.fr\/en\/wp-json\/wp\/v2\/users\/22"}],"replies":[{"embeddable":true,"href":"https:\/\/cc-qrga.fr\/en\/wp-json\/wp\/v2\/comments?post=16089"}],"version-history":[{"count":0,"href":"https:\/\/cc-qrga.fr\/en\/wp-json\/wp\/v2\/pages\/16089\/revisions"}],"wp:attachment":[{"href":"https:\/\/cc-qrga.fr\/en\/wp-json\/wp\/v2\/media?parent=16089"}],"curies":[{"name":"wp","href":"https:\/\/api.w.org\/{rel}","templated":true}]}}