{"id":203,"date":"2022-07-07T10:32:20","date_gmt":"2022-07-07T08:32:20","guid":{"rendered":"https:\/\/cc-qrga.fr\/?page_id=203"},"modified":"2024-04-11T09:52:25","modified_gmt":"2024-04-11T07:52:25","slug":"ctg","status":"publish","type":"page","link":"https:\/\/cc-qrga.fr\/en\/les-projets-structurants\/ctg\/","title":{"rendered":"CTG"},"content":{"rendered":"<div data-elementor-type=\"wp-page\" data-elementor-id=\"203\" class=\"elementor elementor-203\" data-elementor-post-type=\"page\">\n\t\t\t\t\t\t<section class=\"has_eae_slider elementor-section elementor-top-section elementor-element elementor-element-f719eb3 elementor-section-boxed elementor-section-height-default elementor-section-height-default\" data-eae-slider=\"22227\" data-id=\"f719eb3\" data-element_type=\"section\" data-e-type=\"section\">\n\t\t\t\t\t\t<div class=\"elementor-container elementor-column-gap-default\">\n\t\t\t\t\t<div class=\"has_eae_slider elementor-column elementor-col-100 elementor-top-column elementor-element elementor-element-2da2108\" data-eae-slider=\"77555\" data-id=\"2da2108\" data-element_type=\"column\" data-e-type=\"column\">\n\t\t\t<div class=\"elementor-widget-wrap elementor-element-populated\">\n\t\t\t\t\t\t<div class=\"elementor-element elementor-element-f57bc68 elementor-widget elementor-widget-heading\" data-id=\"f57bc68\" data-element_type=\"widget\" data-e-type=\"widget\" data-widget_type=\"heading.default\">\n\t\t\t\t<div class=\"elementor-widget-container\">\n\t\t\t\t\t<h1 class=\"elementor-heading-title elementor-size-default\">The social project <a style=\"color:#5EB8CE\">of the territory<\/h1>\t\t\t\t<\/div>\n\t\t\t\t<\/div>\n\t\t\t\t<div class=\"elementor-element elementor-element-192b5bc elementor-widget elementor-widget-text-editor\" data-id=\"192b5bc\" data-element_type=\"widget\" data-e-type=\"widget\" data-widget_type=\"text-editor.default\">\n\t\t\t\t<div class=\"elementor-widget-container\">\n\t\t\t\t\t\t\t\t\t<p>The CCQRGA has had the opportunity to launch a comprehensive review of services for the population, with the support of the Caisse d'Allocations Familiales (CAF) and a wide range of local players and partners,<\/p><p>In particular, it aims to \"offer the population the most pleasant living conditions possible by providing them with appropriate services and a quality environment\".<\/p><p>On the basis of a very comprehensive and shared diagnosis, carried out over several months, the members of the Project Group have produced a genuine territorial project, the aim of which is to optimise the use of resources in the area and to ensure that residents benefit from them through better cooperation, greater efficiency and complementary actions.<\/p><p>The area's social project is a structuring document from which a number of public policies will flow over the next 5 years<\/p><p><strong>This is reflected in the 10 themes it covers:<\/strong><\/p><ol><li>- Early childhood,<\/li><li>- Childhood<\/li><li>- Youth<\/li><li>- Parenthood<\/li><li>- Seniors,<\/li><li>- Health ,<\/li><li>- Social support ,<\/li><li>- Promoting social life<\/li><li>- Mobility<\/li><li>- Accommodation<\/li><\/ol><p>For each problem, there will be a coherent response, tailored to the area and, above all, developed jointly with all the players involved.<\/p><p>A cooperation officer will be hired in January 2022 to implement this vast project.<\/p><p>Over the next 5 years, residents, partners and elected representatives will be invited to share, meet and exchange ideas, with the aim of providing a medium-term perspective and improving the quality of life together throughout the year in the QRGA.<\/p>\t\t\t\t\t\t\t\t<\/div>\n\t\t\t\t<\/div>\n\t\t\t\t\t<\/div>\n\t\t<\/div>\n\t\t\t\t\t<\/div>\n\t\t<\/section>\n\t\t\t\t<section class=\"has_eae_slider elementor-section elementor-top-section elementor-element elementor-element-315a2ff elementor-section-boxed elementor-section-height-default elementor-section-height-default\" data-eae-slider=\"13412\" data-id=\"315a2ff\" data-element_type=\"section\" data-e-type=\"section\">\n\t\t\t\t\t\t<div class=\"elementor-container elementor-column-gap-default\">\n\t\t\t\t\t<div class=\"has_eae_slider elementor-column elementor-col-100 elementor-top-column elementor-element elementor-element-fe1152e\" data-eae-slider=\"31282\" data-id=\"fe1152e\" data-element_type=\"column\" data-e-type=\"column\">\n\t\t\t<div class=\"elementor-widget-wrap elementor-element-populated\">\n\t\t\t\t\t\t<div class=\"elementor-element elementor-element-9fcf856 elementor-widget elementor-widget-heading\" data-id=\"9fcf856\" data-element_type=\"widget\" data-e-type=\"widget\" data-widget_type=\"heading.default\">\n\t\t\t\t<div class=\"elementor-widget-container\">\n\t\t\t\t\t<h2 class=\"elementor-heading-title elementor-size-default\">Local social project<\/h2>\t\t\t\t<\/div>\n\t\t\t\t<\/div>\n\t\t\t\t<div class=\"elementor-element elementor-element-c3e135b elementor-align-left elementor-widget elementor-widget-button\" data-id=\"c3e135b\" data-element_type=\"widget\" data-e-type=\"widget\" data-widget_type=\"button.default\">\n\t\t\t\t<div class=\"elementor-widget-container\">\n\t\t\t\t\t\t\t\t\t<div class=\"elementor-button-wrapper\">\n\t\t\t\t\t<a class=\"elementor-button elementor-button-link elementor-size-sm elementor-animation-shrink\" href=\"https:\/\/cc-qrga.fr\/wp-content\/uploads\/2022\/12\/projet-social-territoire-mai-2022-1.pdf\">\n\t\t\t\t\t\t<span class=\"elementor-button-content-wrapper\">\n\t\t\t\t\t\t\t\t\t<span class=\"elementor-button-text\">Click here<\/span>\n\t\t\t\t\t<\/span>\n\t\t\t\t\t<\/a>\n\t\t\t\t<\/div>\n\t\t\t\t\t\t\t\t<\/div>\n\t\t\t\t<\/div>\n\t\t\t\t\t<\/div>\n\t\t<\/div>\n\t\t\t\t\t<\/div>\n\t\t<\/section>\n\t\t\t\t<section class=\"has_eae_slider elementor-section elementor-top-section elementor-element elementor-element-003eee0 elementor-section-boxed elementor-section-height-default elementor-section-height-default\" data-eae-slider=\"83544\" data-id=\"003eee0\" data-element_type=\"section\" data-e-type=\"section\">\n\t\t\t\t\t\t<div class=\"elementor-container elementor-column-gap-default\">\n\t\t\t\t\t<div class=\"has_eae_slider elementor-column elementor-col-100 elementor-top-column elementor-element elementor-element-d45cebf\" data-eae-slider=\"39995\" data-id=\"d45cebf\" data-element_type=\"column\" data-e-type=\"column\">\n\t\t\t<div class=\"elementor-widget-wrap elementor-element-populated\">\n\t\t\t\t\t\t<div class=\"elementor-element elementor-element-6fda4b1 elementor-widget elementor-widget-heading\" data-id=\"6fda4b1\" data-element_type=\"widget\" data-e-type=\"widget\" data-widget_type=\"heading.default\">\n\t\t\t\t<div class=\"elementor-widget-container\">\n\t\t\t\t\t<h2 class=\"elementor-heading-title elementor-size-default\">Links to various surveys<\/h2>\t\t\t\t<\/div>\n\t\t\t\t<\/div>\n\t\t\t\t<div class=\"elementor-element elementor-element-c9840c0 elementor-widget elementor-widget-heading\" data-id=\"c9840c0\" data-element_type=\"widget\" data-e-type=\"widget\" data-widget_type=\"heading.default\">\n\t\t\t\t<div class=\"elementor-widget-container\">\n\t\t\t\t\t<h4 class=\"elementor-heading-title elementor-size-default\">Questionnaire \"Seniors, have your say! <\/h4>\t\t\t\t<\/div>\n\t\t\t\t<\/div>\n\t\t\t\t<div class=\"elementor-element elementor-element-59f61b6 elementor-align-left elementor-widget elementor-widget-button\" data-id=\"59f61b6\" data-element_type=\"widget\" data-e-type=\"widget\" data-widget_type=\"button.default\">\n\t\t\t\t<div class=\"elementor-widget-container\">\n\t\t\t\t\t\t\t\t\t<div class=\"elementor-button-wrapper\">\n\t\t\t\t\t<a class=\"elementor-button elementor-button-link elementor-size-sm elementor-animation-shrink\" href=\"https:\/\/docs.google.com\/forms\/d\/e\/1FAIpQLSdznm8meqE4n9GyIZ1e0K0wt2-QIyWqYsYyu5R963PdG74eyQ\/viewform?usp=sf_link\" target=\"_blank\">\n\t\t\t\t\t\t<span class=\"elementor-button-content-wrapper\">\n\t\t\t\t\t\t\t\t\t<span class=\"elementor-button-text\">fill in the questionnaire<\/span>\n\t\t\t\t\t<\/span>\n\t\t\t\t\t<\/a>\n\t\t\t\t<\/div>\n\t\t\t\t\t\t\t\t<\/div>\n\t\t\t\t<\/div>\n\t\t\t\t<div class=\"elementor-element elementor-element-1ba2039 elementor-widget elementor-widget-heading\" data-id=\"1ba2039\" data-element_type=\"widget\" data-e-type=\"widget\" data-widget_type=\"heading.default\">\n\t\t\t\t<div class=\"elementor-widget-container\">\n\t\t\t\t\t<h4 class=\"elementor-heading-title elementor-size-default\">Mobility 2022\" questionnaire<\/h4>\t\t\t\t<\/div>\n\t\t\t\t<\/div>\n\t\t\t\t<div class=\"elementor-element elementor-element-33633d0 elementor-align-left elementor-widget elementor-widget-button\" data-id=\"33633d0\" data-element_type=\"widget\" data-e-type=\"widget\" data-widget_type=\"button.default\">\n\t\t\t\t<div class=\"elementor-widget-container\">\n\t\t\t\t\t\t\t\t\t<div class=\"elementor-button-wrapper\">\n\t\t\t\t\t<a class=\"elementor-button elementor-button-link elementor-size-sm elementor-animation-shrink\" href=\"https:\/\/forms.office.com\/Pages\/ResponsePage.aspx?id=8GJy2pMXc0eK3txhENKOTQjr23G0RQpDhu_98_Ag8jtUQ0wwUjBGNEtONlpFMFBEN0ExTTlKTjRRTS4u\" target=\"_blank\">\n\t\t\t\t\t\t<span class=\"elementor-button-content-wrapper\">\n\t\t\t\t\t\t\t\t\t<span class=\"elementor-button-text\">fill in the questionnaire<\/span>\n\t\t\t\t\t<\/span>\n\t\t\t\t\t<\/a>\n\t\t\t\t<\/div>\n\t\t\t\t\t\t\t\t<\/div>\n\t\t\t\t<\/div>\n\t\t\t\t\t<\/div>\n\t\t<\/div>\n\t\t\t\t\t<\/div>\n\t\t<\/section>\n\t\t\t\t<section class=\"has_eae_slider elementor-section elementor-top-section elementor-element elementor-element-e237260 elementor-section-boxed elementor-section-height-default elementor-section-height-default\" data-eae-slider=\"87896\" data-id=\"e237260\" data-element_type=\"section\" data-e-type=\"section\">\n\t\t\t\t\t\t<div class=\"elementor-container elementor-column-gap-default\">\n\t\t\t\t\t<div class=\"has_eae_slider elementor-column elementor-col-100 elementor-top-column elementor-element elementor-element-17bf2ed\" data-eae-slider=\"36108\" data-id=\"17bf2ed\" data-element_type=\"column\" data-e-type=\"column\">\n\t\t\t<div class=\"elementor-widget-wrap elementor-element-populated\">\n\t\t\t\t\t\t<div class=\"elementor-element elementor-element-ffb96e6 elementor-widget elementor-widget-spacer\" data-id=\"ffb96e6\" data-element_type=\"widget\" data-e-type=\"widget\" data-widget_type=\"spacer.default\">\n\t\t\t\t<div class=\"elementor-widget-container\">\n\t\t\t\t\t\t\t<div class=\"elementor-spacer\">\n\t\t\t<div class=\"elementor-spacer-inner\"><\/div>\n\t\t<\/div>\n\t\t\t\t\t\t<\/div>\n\t\t\t\t<\/div>\n\t\t\t\t\t<\/div>\n\t\t<\/div>\n\t\t\t\t\t<\/div>\n\t\t<\/section>\n\t\t\t\t<section class=\"has_eae_slider elementor-section elementor-top-section elementor-element elementor-element-6aba4f9d elementor-section-boxed elementor-section-height-default elementor-section-height-default\" data-eae-slider=\"36428\" data-id=\"6aba4f9d\" data-element_type=\"section\" data-e-type=\"section\">\n\t\t\t\t\t\t<div class=\"elementor-container elementor-column-gap-default\">\n\t\t\t\t\t<div class=\"has_eae_slider elementor-column elementor-col-33 elementor-top-column elementor-element elementor-element-6cbf2709\" data-eae-slider=\"82459\" data-id=\"6cbf2709\" data-element_type=\"column\" data-e-type=\"column\">\n\t\t\t<div class=\"elementor-widget-wrap elementor-element-populated\">\n\t\t\t\t\t\t<div class=\"elementor-element elementor-element-6406b634 elementor-widget elementor-widget-image\" data-id=\"6406b634\" data-element_type=\"widget\" data-e-type=\"widget\" data-widget_type=\"image.default\">\n\t\t\t\t<div class=\"elementor-widget-container\">\n\t\t\t\t\t\t\t\t\t\t\t\t\t\t\t<img fetchpriority=\"high\" decoding=\"async\" width=\"627\" height=\"1024\" src=\"https:\/\/cc-qrga.fr\/wp-content\/uploads\/2022\/09\/Fichier-5-627x1024.png\" class=\"attachment-large size-large wp-image-17010\" alt=\"\" srcset=\"https:\/\/cc-qrga.fr\/wp-content\/uploads\/2022\/09\/Fichier-5-627x1024.png 627w, https:\/\/cc-qrga.fr\/wp-content\/uploads\/2022\/09\/Fichier-5-184x300.png 184w, https:\/\/cc-qrga.fr\/wp-content\/uploads\/2022\/09\/Fichier-5-768x1255.png 768w, https:\/\/cc-qrga.fr\/wp-content\/uploads\/2022\/09\/Fichier-5.png 806w\" sizes=\"(max-width: 627px) 100vw, 627px\" \/>\t\t\t\t\t\t\t\t\t\t\t\t\t\t\t<\/div>\n\t\t\t\t<\/div>\n\t\t\t\t\t<\/div>\n\t\t<\/div>\n\t\t\t\t<div class=\"has_eae_slider elementor-column elementor-col-33 elementor-top-column elementor-element elementor-element-4d88be52\" data-eae-slider=\"79869\" data-id=\"4d88be52\" data-element_type=\"column\" data-e-type=\"column\">\n\t\t\t<div class=\"elementor-widget-wrap elementor-element-populated\">\n\t\t\t\t\t\t<div class=\"elementor-element elementor-element-253154ec elementor-widget elementor-widget-heading\" data-id=\"253154ec\" data-element_type=\"widget\" data-e-type=\"widget\" data-widget_type=\"heading.default\">\n\t\t\t\t<div class=\"elementor-widget-container\">\n\t\t\t\t\t<h3 class=\"elementor-heading-title elementor-size-default\">EMILIE VENTURINI<\/h3>\t\t\t\t<\/div>\n\t\t\t\t<\/div>\n\t\t\t\t<div class=\"elementor-element elementor-element-b48e3a9 elementor-widget elementor-widget-text-editor\" data-id=\"b48e3a9\" data-element_type=\"widget\" data-e-type=\"widget\" data-widget_type=\"text-editor.default\">\n\t\t\t\t<div class=\"elementor-widget-container\">\n\t\t\t\t\t\t\t\t\t<p>Cooperation officer Territorial social project<\/p>\t\t\t\t\t\t\t\t<\/div>\n\t\t\t\t<\/div>\n\t\t\t\t<div class=\"elementor-element elementor-element-240e5037 elementor-widget elementor-widget-text-editor\" data-id=\"240e5037\" data-element_type=\"widget\" data-e-type=\"widget\" data-widget_type=\"text-editor.default\">\n\t\t\t\t<div class=\"elementor-widget-container\">\n\t\t\t\t\t\t\t\t\t<p>Community of Communes Quercy-Rouergue and Gorges del Aveyron<br \/>23 place de l'H\u00f4tel de ville - BP 30 -82140 Saint-Antonin-Noble-Val<\/p>\t\t\t\t\t\t\t\t<\/div>\n\t\t\t\t<\/div>\n\t\t\t\t<div class=\"elementor-element elementor-element-3c7cfad elementor-icon-list--layout-traditional elementor-list-item-link-full_width elementor-widget elementor-widget-icon-list\" data-id=\"3c7cfad\" data-element_type=\"widget\" data-e-type=\"widget\" data-widget_type=\"icon-list.default\">\n\t\t\t\t<div class=\"elementor-widget-container\">\n\t\t\t\t\t\t\t<ul class=\"elementor-icon-list-items\">\n\t\t\t\t\t\t\t<li class=\"elementor-icon-list-item\">\n\t\t\t\t\t\t\t\t\t\t\t<span class=\"elementor-icon-list-icon\">\n\t\t\t\t\t\t\t<i aria-hidden=\"true\" class=\"fas fa-phone-alt\"><\/i>\t\t\t\t\t\t<\/span>\n\t\t\t\t\t\t\t\t\t\t<span class=\"elementor-icon-list-text\">05 63 73 00 34 or 06 73 22 55 42<\/span>\n\t\t\t\t\t\t\t\t\t<\/li>\n\t\t\t\t\t\t\t\t<li class=\"elementor-icon-list-item\">\n\t\t\t\t\t\t\t\t\t\t\t<a href=\"mailto:coordination.ctg@cc-qrga.fr\">\n\n\t\t\t\t\t\t\t\t\t\t\t\t<span class=\"elementor-icon-list-icon\">\n\t\t\t\t\t\t\t<i aria-hidden=\"true\" class=\"fas fa-envelope\"><\/i>\t\t\t\t\t\t<\/span>\n\t\t\t\t\t\t\t\t\t\t<span class=\"elementor-icon-list-text\">coordination.ctg@cc-qrga.fr<\/span>\n\t\t\t\t\t\t\t\t\t\t\t<\/a>\n\t\t\t\t\t\t\t\t\t<\/li>\n\t\t\t\t\t\t<\/ul>\n\t\t\t\t\t\t<\/div>\n\t\t\t\t<\/div>\n\t\t\t\t<div class=\"elementor-element elementor-element-a2493f7 elementor-widget elementor-widget-text-editor\" data-id=\"a2493f7\" data-element_type=\"widget\" data-e-type=\"widget\" data-widget_type=\"text-editor.default\">\n\t\t\t\t<div class=\"elementor-widget-container\">\n\t\t\t\t\t\t\t\t\t<p><em>absent on Friday<\/em><\/p>\t\t\t\t\t\t\t\t<\/div>\n\t\t\t\t<\/div>\n\t\t\t\t\t<\/div>\n\t\t<\/div>\n\t\t\t\t<div class=\"has_eae_slider elementor-column elementor-col-33 elementor-top-column elementor-element elementor-element-6029ba7d\" data-eae-slider=\"87085\" data-id=\"6029ba7d\" data-element_type=\"column\" data-e-type=\"column\">\n\t\t\t<div class=\"elementor-widget-wrap\">\n\t\t\t\t\t\t\t<\/div>\n\t\t<\/div>\n\t\t\t\t\t<\/div>\n\t\t<\/section>\n\t\t\t\t<\/div>","protected":false},"excerpt":{"rendered":"<p>Le projet social du territoire La CCQRGA a eu l\u2019opportunit\u00e9 d\u2019amorcer une r\u00e9flexion globale en mati\u00e8re de services \u00e0 la population, avec l\u2019appui de la Caisse d\u2019Allocations Familiales (CAF) et d\u2019un large panel d\u2019acteurs et partenaires locaux, Celle-ci vise notamment \u00e0 \u00ab proposer \u00e0 la population des conditions de vie les plus agr\u00e9ables possible en [&hellip;]<\/p>","protected":false},"author":22,"featured_media":0,"parent":193,"menu_order":0,"comment_status":"closed","ping_status":"closed","template":"","meta":{"footnotes":""},"class_list":["post-203","page","type-page","status-publish","hentry"],"yoast_head":"<!-- This site is optimized with the Yoast SEO plugin v27.3 - https:\/\/yoast.com\/product\/yoast-seo-wordpress\/ -->\n<title>CTG - Communaut\u00e9 de communes du Quercy Rouergue et des Gorges de l&#039;Aveyron<\/title>\n<meta name=\"robots\" content=\"index, follow, max-snippet:-1, max-image-preview:large, max-video-preview:-1\" \/>\n<link rel=\"canonical\" href=\"https:\/\/cc-qrga.fr\/en\/les-projets-structurants\/ctg\/\" \/>\n<meta property=\"og:locale\" content=\"en_GB\" \/>\n<meta property=\"og:type\" content=\"article\" \/>\n<meta property=\"og:title\" content=\"CTG - Communaut\u00e9 de communes du Quercy Rouergue et des Gorges de l&#039;Aveyron\" \/>\n<meta property=\"og:description\" content=\"Le projet social du territoire La CCQRGA a eu l\u2019opportunit\u00e9 d\u2019amorcer une r\u00e9flexion globale en mati\u00e8re de services \u00e0 la population, avec l\u2019appui de la Caisse d\u2019Allocations Familiales (CAF) et d\u2019un large panel d\u2019acteurs et partenaires locaux, Celle-ci vise notamment \u00e0 \u00ab proposer \u00e0 la population des conditions de vie les plus agr\u00e9ables possible en [&hellip;]\" \/>\n<meta property=\"og:url\" content=\"https:\/\/cc-qrga.fr\/en\/les-projets-structurants\/ctg\/\" \/>\n<meta property=\"og:site_name\" content=\"Communaut\u00e9 de communes du Quercy Rouergue et des Gorges de l&#039;Aveyron\" \/>\n<meta property=\"article:modified_time\" content=\"2024-04-11T07:52:25+00:00\" \/>\n<meta property=\"og:image\" content=\"https:\/\/cc-qrga.fr\/wp-content\/uploads\/2022\/09\/Fichier-5-627x1024.png\" \/>\n<meta name=\"twitter:card\" content=\"summary_large_image\" \/>\n<meta name=\"twitter:label1\" content=\"Estimated reading time\" \/>\n\t<meta name=\"twitter:data1\" content=\"2 minutes\" \/>\n<script type=\"application\/ld+json\" class=\"yoast-schema-graph\">{\"@context\":\"https:\\\/\\\/schema.org\",\"@graph\":[{\"@type\":\"WebPage\",\"@id\":\"https:\\\/\\\/cc-qrga.fr\\\/les-projets-structurants\\\/ctg\\\/\",\"url\":\"https:\\\/\\\/cc-qrga.fr\\\/les-projets-structurants\\\/ctg\\\/\",\"name\":\"CTG - Communaut\u00e9 de communes du Quercy Rouergue et des Gorges de l&#039;Aveyron\",\"isPartOf\":{\"@id\":\"https:\\\/\\\/cc-qrga.fr\\\/#website\"},\"primaryImageOfPage\":{\"@id\":\"https:\\\/\\\/cc-qrga.fr\\\/les-projets-structurants\\\/ctg\\\/#primaryimage\"},\"image\":{\"@id\":\"https:\\\/\\\/cc-qrga.fr\\\/les-projets-structurants\\\/ctg\\\/#primaryimage\"},\"thumbnailUrl\":\"https:\\\/\\\/cc-qrga.fr\\\/wp-content\\\/uploads\\\/2022\\\/09\\\/Fichier-5-627x1024.png\",\"datePublished\":\"2022-07-07T08:32:20+00:00\",\"dateModified\":\"2024-04-11T07:52:25+00:00\",\"breadcrumb\":{\"@id\":\"https:\\\/\\\/cc-qrga.fr\\\/les-projets-structurants\\\/ctg\\\/#breadcrumb\"},\"inLanguage\":\"en-GB\",\"potentialAction\":[{\"@type\":\"ReadAction\",\"target\":[\"https:\\\/\\\/cc-qrga.fr\\\/les-projets-structurants\\\/ctg\\\/\"]}]},{\"@type\":\"ImageObject\",\"inLanguage\":\"en-GB\",\"@id\":\"https:\\\/\\\/cc-qrga.fr\\\/les-projets-structurants\\\/ctg\\\/#primaryimage\",\"url\":\"https:\\\/\\\/cc-qrga.fr\\\/wp-content\\\/uploads\\\/2022\\\/09\\\/Fichier-5-627x1024.png\",\"contentUrl\":\"https:\\\/\\\/cc-qrga.fr\\\/wp-content\\\/uploads\\\/2022\\\/09\\\/Fichier-5-627x1024.png\"},{\"@type\":\"BreadcrumbList\",\"@id\":\"https:\\\/\\\/cc-qrga.fr\\\/les-projets-structurants\\\/ctg\\\/#breadcrumb\",\"itemListElement\":[{\"@type\":\"ListItem\",\"position\":1,\"name\":\"Accueil\",\"item\":\"https:\\\/\\\/cc-qrga.fr\\\/\"},{\"@type\":\"ListItem\",\"position\":2,\"name\":\"Les projets structurants\",\"item\":\"https:\\\/\\\/cc-qrga.fr\\\/les-projets-structurants\\\/\"},{\"@type\":\"ListItem\",\"position\":3,\"name\":\"CTG\"}]},{\"@type\":\"WebSite\",\"@id\":\"https:\\\/\\\/cc-qrga.fr\\\/#website\",\"url\":\"https:\\\/\\\/cc-qrga.fr\\\/\",\"name\":\"Communaut\u00e9 de communes du Quercy Rouergue et des Gorges de l&#039;Aveyron\",\"description\":\"qrga\",\"potentialAction\":[{\"@type\":\"SearchAction\",\"target\":{\"@type\":\"EntryPoint\",\"urlTemplate\":\"https:\\\/\\\/cc-qrga.fr\\\/?s={search_term_string}\"},\"query-input\":{\"@type\":\"PropertyValueSpecification\",\"valueRequired\":true,\"valueName\":\"search_term_string\"}}],\"inLanguage\":\"en-GB\"}]}<\/script>\n<!-- \/ Yoast SEO plugin. -->","yoast_head_json":{"title":"CTG - Communaut\u00e9 de communes du Quercy Rouergue et des Gorges de l&#039;Aveyron","robots":{"index":"index","follow":"follow","max-snippet":"max-snippet:-1","max-image-preview":"max-image-preview:large","max-video-preview":"max-video-preview:-1"},"canonical":"https:\/\/cc-qrga.fr\/en\/les-projets-structurants\/ctg\/","og_locale":"en_GB","og_type":"article","og_title":"CTG - Communaut\u00e9 de communes du Quercy Rouergue et des Gorges de l&#039;Aveyron","og_description":"Le projet social du territoire La CCQRGA a eu l\u2019opportunit\u00e9 d\u2019amorcer une r\u00e9flexion globale en mati\u00e8re de services \u00e0 la population, avec l\u2019appui de la Caisse d\u2019Allocations Familiales (CAF) et d\u2019un large panel d\u2019acteurs et partenaires locaux, Celle-ci vise notamment \u00e0 \u00ab proposer \u00e0 la population des conditions de vie les plus agr\u00e9ables possible en [&hellip;]","og_url":"https:\/\/cc-qrga.fr\/en\/les-projets-structurants\/ctg\/","og_site_name":"Communaut\u00e9 de communes du Quercy Rouergue et des Gorges de l&#039;Aveyron","article_modified_time":"2024-04-11T07:52:25+00:00","og_image":[{"url":"https:\/\/cc-qrga.fr\/wp-content\/uploads\/2022\/09\/Fichier-5-627x1024.png","type":"","width":"","height":""}],"twitter_card":"summary_large_image","twitter_misc":{"Estimated reading time":"2 minutes"},"schema":{"@context":"https:\/\/schema.org","@graph":[{"@type":"WebPage","@id":"https:\/\/cc-qrga.fr\/les-projets-structurants\/ctg\/","url":"https:\/\/cc-qrga.fr\/les-projets-structurants\/ctg\/","name":"CTG - Communaut\u00e9 de communes du Quercy Rouergue et des Gorges de l&#039;Aveyron","isPartOf":{"@id":"https:\/\/cc-qrga.fr\/#website"},"primaryImageOfPage":{"@id":"https:\/\/cc-qrga.fr\/les-projets-structurants\/ctg\/#primaryimage"},"image":{"@id":"https:\/\/cc-qrga.fr\/les-projets-structurants\/ctg\/#primaryimage"},"thumbnailUrl":"https:\/\/cc-qrga.fr\/wp-content\/uploads\/2022\/09\/Fichier-5-627x1024.png","datePublished":"2022-07-07T08:32:20+00:00","dateModified":"2024-04-11T07:52:25+00:00","breadcrumb":{"@id":"https:\/\/cc-qrga.fr\/les-projets-structurants\/ctg\/#breadcrumb"},"inLanguage":"en-GB","potentialAction":[{"@type":"ReadAction","target":["https:\/\/cc-qrga.fr\/les-projets-structurants\/ctg\/"]}]},{"@type":"ImageObject","inLanguage":"en-GB","@id":"https:\/\/cc-qrga.fr\/les-projets-structurants\/ctg\/#primaryimage","url":"https:\/\/cc-qrga.fr\/wp-content\/uploads\/2022\/09\/Fichier-5-627x1024.png","contentUrl":"https:\/\/cc-qrga.fr\/wp-content\/uploads\/2022\/09\/Fichier-5-627x1024.png"},{"@type":"BreadcrumbList","@id":"https:\/\/cc-qrga.fr\/les-projets-structurants\/ctg\/#breadcrumb","itemListElement":[{"@type":"ListItem","position":1,"name":"Accueil","item":"https:\/\/cc-qrga.fr\/"},{"@type":"ListItem","position":2,"name":"Les projets structurants","item":"https:\/\/cc-qrga.fr\/les-projets-structurants\/"},{"@type":"ListItem","position":3,"name":"CTG"}]},{"@type":"WebSite","@id":"https:\/\/cc-qrga.fr\/#website","url":"https:\/\/cc-qrga.fr\/","name":"Community of Municipalities of Quercy Rouergue and the Aveyron Gorges","description":"qrga","potentialAction":[{"@type":"SearchAction","target":{"@type":"EntryPoint","urlTemplate":"https:\/\/cc-qrga.fr\/?s={search_term_string}"},"query-input":{"@type":"PropertyValueSpecification","valueRequired":true,"valueName":"search_term_string"}}],"inLanguage":"en-GB"}]}},"_links":{"self":[{"href":"https:\/\/cc-qrga.fr\/en\/wp-json\/wp\/v2\/pages\/203","targetHints":{"allow":["GET"]}}],"collection":[{"href":"https:\/\/cc-qrga.fr\/en\/wp-json\/wp\/v2\/pages"}],"about":[{"href":"https:\/\/cc-qrga.fr\/en\/wp-json\/wp\/v2\/types\/page"}],"author":[{"embeddable":true,"href":"https:\/\/cc-qrga.fr\/en\/wp-json\/wp\/v2\/users\/22"}],"replies":[{"embeddable":true,"href":"https:\/\/cc-qrga.fr\/en\/wp-json\/wp\/v2\/comments?post=203"}],"version-history":[{"count":0,"href":"https:\/\/cc-qrga.fr\/en\/wp-json\/wp\/v2\/pages\/203\/revisions"}],"up":[{"embeddable":true,"href":"https:\/\/cc-qrga.fr\/en\/wp-json\/wp\/v2\/pages\/193"}],"wp:attachment":[{"href":"https:\/\/cc-qrga.fr\/en\/wp-json\/wp\/v2\/media?parent=203"}],"curies":[{"name":"wp","href":"https:\/\/api.w.org\/{rel}","templated":true}]}}