{"id":27202,"date":"2024-12-03T11:25:12","date_gmt":"2024-12-03T10:25:12","guid":{"rendered":"https:\/\/cc-qrga.fr\/?page_id=27202"},"modified":"2025-01-22T17:28:32","modified_gmt":"2025-01-22T16:28:32","slug":"regeneration-naturelle-assistee-rna","status":"publish","type":"page","link":"https:\/\/cc-qrga.fr\/en\/regeneration-naturelle-assistee-rna\/","title":{"rendered":"Assisted Natural Regeneration (ANR)"},"content":{"rendered":"<div data-elementor-type=\"wp-page\" data-elementor-id=\"27202\" class=\"elementor elementor-27202\" data-elementor-post-type=\"page\">\n\t\t\t\t<div class=\"has_eae_slider elementor-element elementor-element-5e354de e-flex e-con-boxed e-con e-parent\" data-eae-slider=\"28547\" data-id=\"5e354de\" data-element_type=\"container\" data-e-type=\"container\">\n\t\t\t\t\t<div class=\"e-con-inner\">\n\t\t\t\t<div class=\"elementor-element elementor-element-8792197 elementor-widget elementor-widget-spacer\" data-id=\"8792197\" data-element_type=\"widget\" data-e-type=\"widget\" data-widget_type=\"spacer.default\">\n\t\t\t\t<div class=\"elementor-widget-container\">\n\t\t\t\t\t\t\t<div class=\"elementor-spacer\">\n\t\t\t<div class=\"elementor-spacer-inner\"><\/div>\n\t\t<\/div>\n\t\t\t\t\t\t<\/div>\n\t\t\t\t<\/div>\n\t\t\t\t<div class=\"elementor-element elementor-element-50d74aa elementor-widget elementor-widget-heading\" data-id=\"50d74aa\" data-element_type=\"widget\" data-e-type=\"widget\" data-widget_type=\"heading.default\">\n\t\t\t\t<div class=\"elementor-widget-container\">\n\t\t\t\t\t<h2 class=\"elementor-heading-title elementor-size-default\">Qu'est-ce-que la R\u00e9g\u00e9n\u00e9ration Naturelle Assist\u00e9e (RNA) ?<\/h2>\t\t\t\t<\/div>\n\t\t\t\t<\/div>\n\t\t\t\t<div class=\"elementor-element elementor-element-416ce6a elementor-widget elementor-widget-heading\" data-id=\"416ce6a\" data-element_type=\"widget\" data-e-type=\"widget\" data-widget_type=\"heading.default\">\n\t\t\t\t<div class=\"elementor-widget-container\">\n\t\t\t\t\t<h4 class=\"elementor-heading-title elementor-size-default\">C\u2019est une m\u00e9thode douce de gestion environnementale qui respecte le cycle naturel du milieu, des sols et de la biodiversit\u00e9 existante. Elle permet la r\u00e9g\u00e9n\u00e9ration des \u00e9cosyst\u00e8mes forestiers et rivulaires, en intervenant sur des zones d\u00e9grad\u00e9es qui pr\u00e9sentent un potentiel d\u2019auto-r\u00e9g\u00e9n\u00e9ration, toutefois insuffisants pour garantir \u00e0 lui seul le renouvellement de la v\u00e9g\u00e9tation et le maintien des services \u00e9cosyst\u00e9miques.<\/h4>\t\t\t\t<\/div>\n\t\t\t\t<\/div>\n\t\t\t\t<div class=\"elementor-element elementor-element-254d1fc elementor-widget elementor-widget-text-editor\" data-id=\"254d1fc\" data-element_type=\"widget\" data-e-type=\"widget\" data-widget_type=\"text-editor.default\">\n\t\t\t\t<div class=\"elementor-widget-container\">\n\t\t\t\t\t\t\t\t\t<p class=\"p1\" style=\"text-align: left;\">Dans le cadre d\u2019un projet de RNA, le service GEMAPI accompagne la ripisylve (ensemble des arbres, arbustes, et buissons qui se trouvent aux bords d\u2019un cours d\u2019eau) pour lui permettre de se r\u00e9g\u00e9n\u00e9rer dans des conditions optimales. Son objectif est de f<strong>avoriser la croissance des semis et des arbres juv\u00e9niles d\u2019essences diff\u00e9rentes<\/strong>, d\u00e9j\u00e0 pr\u00e9sents naturellement dans le sol, et de <strong>leur apporter la lumi\u00e8re et l\u2019espace n\u00e9cessaire<\/strong>, afin qu\u2019ils se d\u00e9veloppent le mieux possible. Pour conserver la diversit\u00e9 de la ripisylve, il veille \u00e0 maintenir des essences minoritaires tout en promouvant des arbres mieux adapt\u00e9s aux conditions locales et au changement climatique.<\/p><p class=\"p1\" style=\"text-align: left;\">Cette m\u00e9thode privil\u00e9gie \u00e9galement la <strong>pr\u00e9servation de la biodiversit\u00e9<\/strong> et de la <strong>fonction de stockage de carbone des sols<\/strong>, en \u00e9vitant notamment les coupes rases et les sols nus. L\u2019un des objectifs principaux de la RNA est de <strong>mettre un terme \u00e0 la d\u00e9gradation des espaces naturels<\/strong> provoqu\u00e9e par une gestion stricte et simplifi\u00e9e. En adoptant une m\u00e9thode plus douce, les propri\u00e9taires ou gestionnaires font le choix de ne plus perturber la vie de la for\u00eat. Ils observent les <strong>m\u00e9canismes naturels<\/strong>, puis <strong>interviennent ponctuellement<\/strong> quand cela est n\u00e9cessaire, de mani\u00e8re localis\u00e9e. La circulation au sein des parcelles se fait uniquement sur des voies trac\u00e9es, permettant de ne pas tasser le sol inutilement. Les cycles naturels peuvent ainsi s\u2019exprimer, tout en <strong>r\u00e9duisant la charge de travaux d\u2019entretien du site<\/strong>, dont une grande partie est r\u00e9alis\u00e9e naturellement par le milieu lui-m\u00eame.<\/p><p class=\"p1\" style=\"text-align: left;\"><strong>Rendre les espaces naturels plus r\u00e9sistants, d\u00e9velopper leur multifonctionnalit\u00e9, pr\u00e9server et d\u00e9velopper les puits de carbone et de biodiversit\u00e9 de demain \u2026<\/strong><\/p><p class=\"p1\" style=\"text-align: left;\">\u00c0 ce titre, la R\u00e9g\u00e9n\u00e9ration Naturelle Assist\u00e9e (RNA) joue un <strong>r\u00f4le essentiel<\/strong> dans la r\u00e9alisation des objectifs mondiaux relatifs au climat, \u00e0 la biodiversit\u00e9 et \u00e0 la restauration des \u00e9cosyst\u00e8mes. \u00c0 l\u2019\u00e9chelle d\u00e9partementale, elle s\u2019inscrit pleinement dans le cadre des <strong>actions de restauration<\/strong> du fonctionnement \u00e9cologique des milieux aquatiques <strong>men\u00e9es par le service GEMAPI<\/strong> de la CCQRGA et de l\u2019EPAGE Aveyron aval.<\/p>\t\t\t\t\t\t\t\t<\/div>\n\t\t\t\t<\/div>\n\t\t\t\t<div class=\"elementor-element elementor-element-e205264 elementor-widget elementor-widget-image\" data-id=\"e205264\" data-element_type=\"widget\" data-e-type=\"widget\" data-widget_type=\"image.default\">\n\t\t\t\t<div class=\"elementor-widget-container\">\n\t\t\t\t\t\t\t\t\t\t\t\t\t\t\t\t<a href=\"https:\/\/cc-qrga.fr\/wp-content\/uploads\/2025\/01\/Ripisylve.jpg\" data-elementor-open-lightbox=\"yes\" data-elementor-lightbox-title=\"Ripisylve\" data-e-action-hash=\"#elementor-action%3Aaction%3Dlightbox%26settings%3DeyJpZCI6Mjc0NzQsInVybCI6Imh0dHBzOlwvXC9jYy1xcmdhLmZyXC93cC1jb250ZW50XC91cGxvYWRzXC8yMDI1XC8wMVwvUmlwaXN5bHZlLmpwZyJ9\">\n\t\t\t\t\t\t\t<img fetchpriority=\"high\" decoding=\"async\" width=\"800\" height=\"498\" src=\"https:\/\/cc-qrga.fr\/wp-content\/uploads\/2025\/01\/Ripisylve-1024x638.jpg\" class=\"attachment-large size-large wp-image-27474\" alt=\"\" srcset=\"https:\/\/cc-qrga.fr\/wp-content\/uploads\/2025\/01\/Ripisylve-1024x638.jpg 1024w, https:\/\/cc-qrga.fr\/wp-content\/uploads\/2025\/01\/Ripisylve-300x187.jpg 300w, https:\/\/cc-qrga.fr\/wp-content\/uploads\/2025\/01\/Ripisylve-768x478.jpg 768w, https:\/\/cc-qrga.fr\/wp-content\/uploads\/2025\/01\/Ripisylve-1536x957.jpg 1536w, https:\/\/cc-qrga.fr\/wp-content\/uploads\/2025\/01\/Ripisylve-18x12.jpg 18w, https:\/\/cc-qrga.fr\/wp-content\/uploads\/2025\/01\/Ripisylve.jpg 2000w\" sizes=\"(max-width: 800px) 100vw, 800px\" \/>\t\t\t\t\t\t\t\t<\/a>\n\t\t\t\t\t\t\t\t\t\t\t\t\t\t\t<\/div>\n\t\t\t\t<\/div>\n\t\t\t\t\t<\/div>\n\t\t\t\t<\/div>\n\t\t\t\t<section class=\"has_eae_slider elementor-section elementor-top-section elementor-element elementor-element-1e10bfa5 elementor-hidden-desktop elementor-section-boxed elementor-section-height-default elementor-section-height-default\" data-eae-slider=\"41286\" data-id=\"1e10bfa5\" data-element_type=\"section\" data-e-type=\"section\">\n\t\t\t\t\t\t<div class=\"elementor-container elementor-column-gap-default\">\n\t\t\t\t\t<div class=\"has_eae_slider elementor-column elementor-col-100 elementor-top-column elementor-element elementor-element-5959351f\" data-eae-slider=\"77549\" data-id=\"5959351f\" data-element_type=\"column\" data-e-type=\"column\" data-settings=\"{&quot;background_background&quot;:&quot;classic&quot;}\">\n\t\t\t<div class=\"elementor-widget-wrap\">\n\t\t\t\t\t\t\t<\/div>\n\t\t<\/div>\n\t\t\t\t\t<\/div>\n\t\t<\/section>\n\t\t<div class=\"has_eae_slider elementor-element elementor-element-0811bfc e-flex e-con-boxed e-con e-parent\" data-eae-slider=\"2115\" data-id=\"0811bfc\" data-element_type=\"container\" data-e-type=\"container\">\n\t\t\t\t\t<div class=\"e-con-inner\">\n\t\t\t\t<div class=\"elementor-element elementor-element-b7f72e0 elementor-widget elementor-widget-heading\" data-id=\"b7f72e0\" data-element_type=\"widget\" data-e-type=\"widget\" data-widget_type=\"heading.default\">\n\t\t\t\t<div class=\"elementor-widget-container\">\n\t\t\t\t\t<h2 class=\"elementor-heading-title elementor-size-default\">Pour plus d'informations vous pouvez prendre contact :<\/h2>\t\t\t\t<\/div>\n\t\t\t\t<\/div>\n\t\t\t\t\t<\/div>\n\t\t\t\t<\/div>\n\t\t\t\t<section class=\"has_eae_slider elementor-section elementor-top-section elementor-element elementor-element-2ea4fc49 elementor-section-boxed elementor-section-height-default elementor-section-height-default\" data-eae-slider=\"75218\" data-id=\"2ea4fc49\" data-element_type=\"section\" data-e-type=\"section\">\n\t\t\t\t\t\t<div class=\"elementor-container elementor-column-gap-default\">\n\t\t\t\t\t<div class=\"has_eae_slider elementor-column elementor-col-33 elementor-top-column elementor-element elementor-element-4929c45b\" data-eae-slider=\"88849\" data-id=\"4929c45b\" data-element_type=\"column\" data-e-type=\"column\">\n\t\t\t<div class=\"elementor-widget-wrap elementor-element-populated\">\n\t\t\t\t\t\t<div class=\"elementor-element elementor-element-749168d0 e-transform elementor-widget elementor-widget-image\" data-id=\"749168d0\" data-element_type=\"widget\" data-e-type=\"widget\" data-settings=\"{&quot;_transform_scale_effect&quot;:{&quot;unit&quot;:&quot;px&quot;,&quot;size&quot;:1.1,&quot;sizes&quot;:[]},&quot;_transform_scale_effect_tablet&quot;:{&quot;unit&quot;:&quot;px&quot;,&quot;size&quot;:&quot;&quot;,&quot;sizes&quot;:[]},&quot;_transform_scale_effect_mobile&quot;:{&quot;unit&quot;:&quot;px&quot;,&quot;size&quot;:&quot;&quot;,&quot;sizes&quot;:[]}}\" data-widget_type=\"image.default\">\n\t\t\t\t<div class=\"elementor-widget-container\">\n\t\t\t\t\t\t\t\t\t\t\t\t\t\t\t<img decoding=\"async\" width=\"1398\" height=\"726\" src=\"https:\/\/cc-qrga.fr\/wp-content\/uploads\/2025\/01\/logo-aveyron-aval.jpg\" class=\"attachment-full size-full wp-image-27491\" alt=\"\" srcset=\"https:\/\/cc-qrga.fr\/wp-content\/uploads\/2025\/01\/logo-aveyron-aval.jpg 1398w, https:\/\/cc-qrga.fr\/wp-content\/uploads\/2025\/01\/logo-aveyron-aval-300x156.jpg 300w, https:\/\/cc-qrga.fr\/wp-content\/uploads\/2025\/01\/logo-aveyron-aval-1024x532.jpg 1024w, https:\/\/cc-qrga.fr\/wp-content\/uploads\/2025\/01\/logo-aveyron-aval-768x399.jpg 768w, https:\/\/cc-qrga.fr\/wp-content\/uploads\/2025\/01\/logo-aveyron-aval-18x9.jpg 18w\" sizes=\"(max-width: 1398px) 100vw, 1398px\" \/>\t\t\t\t\t\t\t\t\t\t\t\t\t\t\t<\/div>\n\t\t\t\t<\/div>\n\t\t\t\t\t<\/div>\n\t\t<\/div>\n\t\t\t\t<div class=\"has_eae_slider elementor-column elementor-col-33 elementor-top-column elementor-element elementor-element-79a3b195\" data-eae-slider=\"10576\" data-id=\"79a3b195\" data-element_type=\"column\" data-e-type=\"column\">\n\t\t\t<div class=\"elementor-widget-wrap elementor-element-populated\">\n\t\t\t\t\t\t<div class=\"elementor-element elementor-element-33238f05 elementor-widget elementor-widget-heading\" data-id=\"33238f05\" data-element_type=\"widget\" data-e-type=\"widget\" data-widget_type=\"heading.default\">\n\t\t\t\t<div class=\"elementor-widget-container\">\n\t\t\t\t\t<h3 class=\"elementor-heading-title elementor-size-default\">JOACHIM MOSSER<\/h3>\t\t\t\t<\/div>\n\t\t\t\t<\/div>\n\t\t\t\t<div class=\"elementor-element elementor-element-34743aad elementor-widget elementor-widget-text-editor\" data-id=\"34743aad\" data-element_type=\"widget\" data-e-type=\"widget\" data-widget_type=\"text-editor.default\">\n\t\t\t\t<div class=\"elementor-widget-container\">\n\t\t\t\t\t\t\t\t\t<p><span data-olk-copy-source=\"MessageBody\">Technicien rivi\u00e8res Aveyron aval \u2013 Secteur EST <\/span><\/p>\t\t\t\t\t\t\t\t<\/div>\n\t\t\t\t<\/div>\n\t\t\t\t<div class=\"elementor-element elementor-element-2dea62ed elementor-widget elementor-widget-text-editor\" data-id=\"2dea62ed\" data-element_type=\"widget\" data-e-type=\"widget\" data-widget_type=\"text-editor.default\">\n\t\t\t\t<div class=\"elementor-widget-container\">\n\t\t\t\t\t\t\t\t\t<p>Communaut\u00e9\u00a0de Communes\u00a0Quercy-Rouergue\u00a0et\u00a0Gorges\u00a0de l\u2019Aveyron<br \/>23 place de l'H\u00f4tel de ville - BP 30 -82140 Saint-Antonin-Noble-Val<\/p>\t\t\t\t\t\t\t\t<\/div>\n\t\t\t\t<\/div>\n\t\t\t\t<div class=\"elementor-element elementor-element-360792e6 elementor-icon-list--layout-traditional elementor-list-item-link-full_width elementor-widget elementor-widget-icon-list\" data-id=\"360792e6\" data-element_type=\"widget\" data-e-type=\"widget\" data-widget_type=\"icon-list.default\">\n\t\t\t\t<div class=\"elementor-widget-container\">\n\t\t\t\t\t\t\t<ul class=\"elementor-icon-list-items\">\n\t\t\t\t\t\t\t<li class=\"elementor-icon-list-item\">\n\t\t\t\t\t\t\t\t\t\t\t<span class=\"elementor-icon-list-icon\">\n\t\t\t\t\t\t\t<i aria-hidden=\"true\" class=\"fas fa-phone-alt\"><\/i>\t\t\t\t\t\t<\/span>\n\t\t\t\t\t\t\t\t\t\t<span class=\"elementor-icon-list-text\">06 22 74 14 13 - 05 63 30 71 97<\/span>\n\t\t\t\t\t\t\t\t\t<\/li>\n\t\t\t\t\t\t\t\t<li class=\"elementor-icon-list-item\">\n\t\t\t\t\t\t\t\t\t\t\t<a href=\"mailto:developpementeco@cc-qrga.fr\">\n\n\t\t\t\t\t\t\t\t\t\t\t\t<span class=\"elementor-icon-list-icon\">\n\t\t\t\t\t\t\t<i aria-hidden=\"true\" class=\"fas fa-envelope\"><\/i>\t\t\t\t\t\t<\/span>\n\t\t\t\t\t\t\t\t\t\t<span class=\"elementor-icon-list-text\">environnement@cc-qrga.fr<\/span>\n\t\t\t\t\t\t\t\t\t\t\t<\/a>\n\t\t\t\t\t\t\t\t\t<\/li>\n\t\t\t\t\t\t<\/ul>\n\t\t\t\t\t\t<\/div>\n\t\t\t\t<\/div>\n\t\t\t\t\t<\/div>\n\t\t<\/div>\n\t\t\t\t<div class=\"has_eae_slider elementor-column elementor-col-33 elementor-top-column elementor-element elementor-element-26a822e4\" data-eae-slider=\"33194\" data-id=\"26a822e4\" data-element_type=\"column\" data-e-type=\"column\">\n\t\t\t<div class=\"elementor-widget-wrap\">\n\t\t\t\t\t\t\t<\/div>\n\t\t<\/div>\n\t\t\t\t\t<\/div>\n\t\t<\/section>\n\t\t<div class=\"has_eae_slider elementor-element elementor-element-e24c64c e-flex e-con-boxed e-con e-parent\" data-eae-slider=\"48161\" data-id=\"e24c64c\" data-element_type=\"container\" data-e-type=\"container\">\n\t\t\t\t\t<div class=\"e-con-inner\">\n\t\t\t\t<div class=\"elementor-element elementor-element-079b862 elementor-widget elementor-widget-spacer\" data-id=\"079b862\" data-element_type=\"widget\" data-e-type=\"widget\" data-widget_type=\"spacer.default\">\n\t\t\t\t<div class=\"elementor-widget-container\">\n\t\t\t\t\t\t\t<div class=\"elementor-spacer\">\n\t\t\t<div class=\"elementor-spacer-inner\"><\/div>\n\t\t<\/div>\n\t\t\t\t\t\t<\/div>\n\t\t\t\t<\/div>\n\t\t\t\t\t<\/div>\n\t\t\t\t<\/div>\n\t\t\t\t<\/div>","protected":false},"excerpt":{"rendered":"<p>Qu&rsquo;est-ce-que la R\u00e9g\u00e9n\u00e9ration Naturelle Assist\u00e9e (RNA) ? C\u2019est une m\u00e9thode douce de gestion environnementale qui respecte le cycle naturel du milieu, des sols et de la biodiversit\u00e9 existante. Elle permet la r\u00e9g\u00e9n\u00e9ration des \u00e9cosyst\u00e8mes forestiers et rivulaires, en intervenant sur des zones d\u00e9grad\u00e9es qui pr\u00e9sentent un potentiel d\u2019auto-r\u00e9g\u00e9n\u00e9ration, toutefois insuffisants pour garantir \u00e0 lui seul [&hellip;]<\/p>","protected":false},"author":11,"featured_media":0,"parent":0,"menu_order":0,"comment_status":"closed","ping_status":"closed","template":"","meta":{"footnotes":""},"class_list":["post-27202","page","type-page","status-publish","hentry"],"yoast_head":"<!-- This site is optimized with the Yoast SEO plugin v27.4 - https:\/\/yoast.com\/product\/yoast-seo-wordpress\/ -->\n<title>R\u00e9g\u00e9n\u00e9ration Naturelle Assist\u00e9e (RNA) - Communaut\u00e9 de communes du Quercy Rouergue et des Gorges de l&#039;Aveyron<\/title>\n<meta name=\"robots\" content=\"index, follow, max-snippet:-1, max-image-preview:large, max-video-preview:-1\" \/>\n<link rel=\"canonical\" href=\"https:\/\/cc-qrga.fr\/en\/regeneration-naturelle-assistee-rna\/\" \/>\n<meta property=\"og:locale\" content=\"en_GB\" \/>\n<meta property=\"og:type\" content=\"article\" \/>\n<meta property=\"og:title\" content=\"R\u00e9g\u00e9n\u00e9ration Naturelle Assist\u00e9e (RNA) - Communaut\u00e9 de communes du Quercy Rouergue et des Gorges de l&#039;Aveyron\" \/>\n<meta property=\"og:description\" content=\"Qu&rsquo;est-ce-que la R\u00e9g\u00e9n\u00e9ration Naturelle Assist\u00e9e (RNA) ? C\u2019est une m\u00e9thode douce de gestion environnementale qui respecte le cycle naturel du milieu, des sols et de la biodiversit\u00e9 existante. Elle permet la r\u00e9g\u00e9n\u00e9ration des \u00e9cosyst\u00e8mes forestiers et rivulaires, en intervenant sur des zones d\u00e9grad\u00e9es qui pr\u00e9sentent un potentiel d\u2019auto-r\u00e9g\u00e9n\u00e9ration, toutefois insuffisants pour garantir \u00e0 lui seul [&hellip;]\" \/>\n<meta property=\"og:url\" content=\"https:\/\/cc-qrga.fr\/en\/regeneration-naturelle-assistee-rna\/\" \/>\n<meta property=\"og:site_name\" content=\"Communaut\u00e9 de communes du Quercy Rouergue et des Gorges de l&#039;Aveyron\" \/>\n<meta property=\"article:modified_time\" content=\"2025-01-22T16:28:32+00:00\" \/>\n<meta property=\"og:image\" content=\"https:\/\/cc-qrga.fr\/wp-content\/uploads\/2025\/01\/Ripisylve.jpg\" \/>\n\t<meta property=\"og:image:width\" content=\"2000\" \/>\n\t<meta property=\"og:image:height\" content=\"1246\" \/>\n\t<meta property=\"og:image:type\" content=\"image\/jpeg\" \/>\n<meta name=\"twitter:card\" content=\"summary_large_image\" \/>\n<meta name=\"twitter:label1\" content=\"Estimated reading time\" \/>\n\t<meta name=\"twitter:data1\" content=\"3 minutes\" \/>\n<script type=\"application\/ld+json\" class=\"yoast-schema-graph\">{\"@context\":\"https:\\\/\\\/schema.org\",\"@graph\":[{\"@type\":\"WebPage\",\"@id\":\"https:\\\/\\\/cc-qrga.fr\\\/regeneration-naturelle-assistee-rna\\\/\",\"url\":\"https:\\\/\\\/cc-qrga.fr\\\/regeneration-naturelle-assistee-rna\\\/\",\"name\":\"R\u00e9g\u00e9n\u00e9ration Naturelle Assist\u00e9e (RNA) - Communaut\u00e9 de communes du Quercy Rouergue et des Gorges de l&#039;Aveyron\",\"isPartOf\":{\"@id\":\"https:\\\/\\\/cc-qrga.fr\\\/#website\"},\"primaryImageOfPage\":{\"@id\":\"https:\\\/\\\/cc-qrga.fr\\\/regeneration-naturelle-assistee-rna\\\/#primaryimage\"},\"image\":{\"@id\":\"https:\\\/\\\/cc-qrga.fr\\\/regeneration-naturelle-assistee-rna\\\/#primaryimage\"},\"thumbnailUrl\":\"https:\\\/\\\/cc-qrga.fr\\\/wp-content\\\/uploads\\\/2025\\\/01\\\/Ripisylve-1024x638.jpg\",\"datePublished\":\"2024-12-03T10:25:12+00:00\",\"dateModified\":\"2025-01-22T16:28:32+00:00\",\"breadcrumb\":{\"@id\":\"https:\\\/\\\/cc-qrga.fr\\\/regeneration-naturelle-assistee-rna\\\/#breadcrumb\"},\"inLanguage\":\"en-GB\",\"potentialAction\":[{\"@type\":\"ReadAction\",\"target\":[\"https:\\\/\\\/cc-qrga.fr\\\/regeneration-naturelle-assistee-rna\\\/\"]}]},{\"@type\":\"ImageObject\",\"inLanguage\":\"en-GB\",\"@id\":\"https:\\\/\\\/cc-qrga.fr\\\/regeneration-naturelle-assistee-rna\\\/#primaryimage\",\"url\":\"https:\\\/\\\/cc-qrga.fr\\\/wp-content\\\/uploads\\\/2025\\\/01\\\/Ripisylve-1024x638.jpg\",\"contentUrl\":\"https:\\\/\\\/cc-qrga.fr\\\/wp-content\\\/uploads\\\/2025\\\/01\\\/Ripisylve-1024x638.jpg\"},{\"@type\":\"BreadcrumbList\",\"@id\":\"https:\\\/\\\/cc-qrga.fr\\\/regeneration-naturelle-assistee-rna\\\/#breadcrumb\",\"itemListElement\":[{\"@type\":\"ListItem\",\"position\":1,\"name\":\"Accueil\",\"item\":\"https:\\\/\\\/cc-qrga.fr\\\/\"},{\"@type\":\"ListItem\",\"position\":2,\"name\":\"R\u00e9g\u00e9n\u00e9ration Naturelle Assist\u00e9e (RNA)\"}]},{\"@type\":\"WebSite\",\"@id\":\"https:\\\/\\\/cc-qrga.fr\\\/#website\",\"url\":\"https:\\\/\\\/cc-qrga.fr\\\/\",\"name\":\"Communaut\u00e9 de communes du Quercy Rouergue et des Gorges de l&#039;Aveyron\",\"description\":\"qrga\",\"potentialAction\":[{\"@type\":\"SearchAction\",\"target\":{\"@type\":\"EntryPoint\",\"urlTemplate\":\"https:\\\/\\\/cc-qrga.fr\\\/?s={search_term_string}\"},\"query-input\":{\"@type\":\"PropertyValueSpecification\",\"valueRequired\":true,\"valueName\":\"search_term_string\"}}],\"inLanguage\":\"en-GB\"}]}<\/script>\n<!-- \/ Yoast SEO plugin. -->","yoast_head_json":{"title":"R\u00e9g\u00e9n\u00e9ration Naturelle Assist\u00e9e (RNA) - Communaut\u00e9 de communes du Quercy Rouergue et des Gorges de l&#039;Aveyron","robots":{"index":"index","follow":"follow","max-snippet":"max-snippet:-1","max-image-preview":"max-image-preview:large","max-video-preview":"max-video-preview:-1"},"canonical":"https:\/\/cc-qrga.fr\/en\/regeneration-naturelle-assistee-rna\/","og_locale":"en_GB","og_type":"article","og_title":"R\u00e9g\u00e9n\u00e9ration Naturelle Assist\u00e9e (RNA) - Communaut\u00e9 de communes du Quercy Rouergue et des Gorges de l&#039;Aveyron","og_description":"Qu&rsquo;est-ce-que la R\u00e9g\u00e9n\u00e9ration Naturelle Assist\u00e9e (RNA) ? C\u2019est une m\u00e9thode douce de gestion environnementale qui respecte le cycle naturel du milieu, des sols et de la biodiversit\u00e9 existante. Elle permet la r\u00e9g\u00e9n\u00e9ration des \u00e9cosyst\u00e8mes forestiers et rivulaires, en intervenant sur des zones d\u00e9grad\u00e9es qui pr\u00e9sentent un potentiel d\u2019auto-r\u00e9g\u00e9n\u00e9ration, toutefois insuffisants pour garantir \u00e0 lui seul [&hellip;]","og_url":"https:\/\/cc-qrga.fr\/en\/regeneration-naturelle-assistee-rna\/","og_site_name":"Communaut\u00e9 de communes du Quercy Rouergue et des Gorges de l&#039;Aveyron","article_modified_time":"2025-01-22T16:28:32+00:00","og_image":[{"width":2000,"height":1246,"url":"https:\/\/cc-qrga.fr\/wp-content\/uploads\/2025\/01\/Ripisylve.jpg","type":"image\/jpeg"}],"twitter_card":"summary_large_image","twitter_misc":{"Estimated reading time":"3 minutes"},"schema":{"@context":"https:\/\/schema.org","@graph":[{"@type":"WebPage","@id":"https:\/\/cc-qrga.fr\/regeneration-naturelle-assistee-rna\/","url":"https:\/\/cc-qrga.fr\/regeneration-naturelle-assistee-rna\/","name":"R\u00e9g\u00e9n\u00e9ration Naturelle Assist\u00e9e (RNA) - Communaut\u00e9 de communes du Quercy Rouergue et des Gorges de l&#039;Aveyron","isPartOf":{"@id":"https:\/\/cc-qrga.fr\/#website"},"primaryImageOfPage":{"@id":"https:\/\/cc-qrga.fr\/regeneration-naturelle-assistee-rna\/#primaryimage"},"image":{"@id":"https:\/\/cc-qrga.fr\/regeneration-naturelle-assistee-rna\/#primaryimage"},"thumbnailUrl":"https:\/\/cc-qrga.fr\/wp-content\/uploads\/2025\/01\/Ripisylve-1024x638.jpg","datePublished":"2024-12-03T10:25:12+00:00","dateModified":"2025-01-22T16:28:32+00:00","breadcrumb":{"@id":"https:\/\/cc-qrga.fr\/regeneration-naturelle-assistee-rna\/#breadcrumb"},"inLanguage":"en-GB","potentialAction":[{"@type":"ReadAction","target":["https:\/\/cc-qrga.fr\/regeneration-naturelle-assistee-rna\/"]}]},{"@type":"ImageObject","inLanguage":"en-GB","@id":"https:\/\/cc-qrga.fr\/regeneration-naturelle-assistee-rna\/#primaryimage","url":"https:\/\/cc-qrga.fr\/wp-content\/uploads\/2025\/01\/Ripisylve-1024x638.jpg","contentUrl":"https:\/\/cc-qrga.fr\/wp-content\/uploads\/2025\/01\/Ripisylve-1024x638.jpg"},{"@type":"BreadcrumbList","@id":"https:\/\/cc-qrga.fr\/regeneration-naturelle-assistee-rna\/#breadcrumb","itemListElement":[{"@type":"ListItem","position":1,"name":"Accueil","item":"https:\/\/cc-qrga.fr\/"},{"@type":"ListItem","position":2,"name":"R\u00e9g\u00e9n\u00e9ration Naturelle Assist\u00e9e (RNA)"}]},{"@type":"WebSite","@id":"https:\/\/cc-qrga.fr\/#website","url":"https:\/\/cc-qrga.fr\/","name":"Community of Municipalities of Quercy Rouergue and the Aveyron Gorges","description":"qrga","potentialAction":[{"@type":"SearchAction","target":{"@type":"EntryPoint","urlTemplate":"https:\/\/cc-qrga.fr\/?s={search_term_string}"},"query-input":{"@type":"PropertyValueSpecification","valueRequired":true,"valueName":"search_term_string"}}],"inLanguage":"en-GB"}]}},"_links":{"self":[{"href":"https:\/\/cc-qrga.fr\/en\/wp-json\/wp\/v2\/pages\/27202","targetHints":{"allow":["GET"]}}],"collection":[{"href":"https:\/\/cc-qrga.fr\/en\/wp-json\/wp\/v2\/pages"}],"about":[{"href":"https:\/\/cc-qrga.fr\/en\/wp-json\/wp\/v2\/types\/page"}],"author":[{"embeddable":true,"href":"https:\/\/cc-qrga.fr\/en\/wp-json\/wp\/v2\/users\/11"}],"replies":[{"embeddable":true,"href":"https:\/\/cc-qrga.fr\/en\/wp-json\/wp\/v2\/comments?post=27202"}],"version-history":[{"count":0,"href":"https:\/\/cc-qrga.fr\/en\/wp-json\/wp\/v2\/pages\/27202\/revisions"}],"wp:attachment":[{"href":"https:\/\/cc-qrga.fr\/en\/wp-json\/wp\/v2\/media?parent=27202"}],"curies":[{"name":"wp","href":"https:\/\/api.w.org\/{rel}","templated":true}]}}