{"id":67,"date":"2022-07-06T11:15:26","date_gmt":"2022-07-06T09:15:26","guid":{"rendered":"https:\/\/cc-qrga.fr\/?page_id=67"},"modified":"2024-07-02T12:08:48","modified_gmt":"2024-07-02T10:08:48","slug":"enfance-jeunesse","status":"publish","type":"page","link":"https:\/\/cc-qrga.fr\/en\/vivre-et-sejourner\/enfance-jeunesse\/","title":{"rendered":"Children &amp; young people"},"content":{"rendered":"<div data-elementor-type=\"wp-page\" data-elementor-id=\"67\" class=\"elementor elementor-67\" data-elementor-post-type=\"page\">\n\t\t\t\t\t\t<section class=\"has_eae_slider elementor-section elementor-top-section elementor-element elementor-element-6b5d7f2 elementor-section-boxed elementor-section-height-default elementor-section-height-default\" data-eae-slider=\"25205\" data-id=\"6b5d7f2\" data-element_type=\"section\" data-e-type=\"section\">\n\t\t\t\t\t\t<div class=\"elementor-container elementor-column-gap-default\">\n\t\t\t\t\t<div class=\"has_eae_slider elementor-column elementor-col-100 elementor-top-column elementor-element elementor-element-9fd7d0a\" data-eae-slider=\"71572\" data-id=\"9fd7d0a\" data-element_type=\"column\" data-e-type=\"column\">\n\t\t\t<div class=\"elementor-widget-wrap elementor-element-populated\">\n\t\t\t\t\t\t<div class=\"elementor-element elementor-element-d00b784 elementor-widget elementor-widget-heading\" data-id=\"d00b784\" data-element_type=\"widget\" data-e-type=\"widget\" data-widget_type=\"heading.default\">\n\t\t\t\t<div class=\"elementor-widget-container\">\n\t\t\t\t\t<h1 class=\"elementor-heading-title elementor-size-default\">Enfance &amp; <a style=\"color:#5EB8CE\">youth<\/h1>\t\t\t\t<\/div>\n\t\t\t\t<\/div>\n\t\t\t\t<div class=\"elementor-element elementor-element-a2ff675 elementor-widget-divider--view-line elementor-widget elementor-widget-divider\" data-id=\"a2ff675\" data-element_type=\"widget\" data-e-type=\"widget\" data-widget_type=\"divider.default\">\n\t\t\t\t<div class=\"elementor-widget-container\">\n\t\t\t\t\t\t\t<div class=\"elementor-divider\">\n\t\t\t<span class=\"elementor-divider-separator\">\n\t\t\t\t\t\t<\/span>\n\t\t<\/div>\n\t\t\t\t\t\t<\/div>\n\t\t\t\t<\/div>\n\t\t\t\t\t<\/div>\n\t\t<\/div>\n\t\t\t\t\t<\/div>\n\t\t<\/section>\n\t\t\t\t<section class=\"has_eae_slider elementor-section elementor-top-section elementor-element elementor-element-ddc6225 elementor-section-boxed elementor-section-height-default elementor-section-height-default\" data-eae-slider=\"37078\" data-id=\"ddc6225\" data-element_type=\"section\" data-e-type=\"section\">\n\t\t\t\t\t\t<div class=\"elementor-container elementor-column-gap-narrow\">\n\t\t\t\t\t<div class=\"has_eae_slider elementor-column elementor-col-50 elementor-top-column elementor-element elementor-element-a88c25a\" data-eae-slider=\"95793\" data-id=\"a88c25a\" data-element_type=\"column\" data-e-type=\"column\">\n\t\t\t<div class=\"elementor-widget-wrap elementor-element-populated\">\n\t\t\t\t\t\t<div class=\"elementor-element elementor-element-f017e12 elementor-widget elementor-widget-heading\" data-id=\"f017e12\" data-element_type=\"widget\" data-e-type=\"widget\" data-widget_type=\"heading.default\">\n\t\t\t\t<div class=\"elementor-widget-container\">\n\t\t\t\t\t<h3 class=\"elementor-heading-title elementor-size-default\">Cr\u00e8ches, LAEP, childminders, leisure centres, local youth centres.<\/h3>\t\t\t\t<\/div>\n\t\t\t\t<\/div>\n\t\t\t\t<div class=\"elementor-element elementor-element-4c50861 elementor-widget elementor-widget-text-editor\" data-id=\"4c50861\" data-element_type=\"widget\" data-e-type=\"widget\" data-widget_type=\"text-editor.default\">\n\t\t\t\t<div class=\"elementor-widget-container\">\n\t\t\t\t\t\t\t\t\t<p>The QRGA Community of Communes is implementing an Early Childhood\/Childhood-Youth policy tailored to the diverse needs of families.<\/p><p>There are many services and establishments in the area.<\/p><p>Families can find a response to their needs, ranging from the care of young children, to meeting places for parents, socialising, leisure activities and support for teenagers.<\/p>\t\t\t\t\t\t\t\t<\/div>\n\t\t\t\t<\/div>\n\t\t\t\t<div class=\"elementor-element elementor-element-fe97e88 elementor-align-left elementor-widget elementor-widget-button\" data-id=\"fe97e88\" data-element_type=\"widget\" data-e-type=\"widget\" data-widget_type=\"button.default\">\n\t\t\t\t<div class=\"elementor-widget-container\">\n\t\t\t\t\t\t\t\t\t<div class=\"elementor-button-wrapper\">\n\t\t\t\t\t<a class=\"elementor-button elementor-button-link elementor-size-sm elementor-animation-shrink\" href=\"https:\/\/cc-qrga.fr\/en\/enfancejeunesse\/\">\n\t\t\t\t\t\t<span class=\"elementor-button-content-wrapper\">\n\t\t\t\t\t\t\t\t\t<span class=\"elementor-button-text\">site de l'enfance &amp; jeunesse<\/span>\n\t\t\t\t\t<\/span>\n\t\t\t\t\t<\/a>\n\t\t\t\t<\/div>\n\t\t\t\t\t\t\t\t<\/div>\n\t\t\t\t<\/div>\n\t\t\t\t\t<\/div>\n\t\t<\/div>\n\t\t\t\t<div class=\"has_eae_slider elementor-column elementor-col-50 elementor-top-column elementor-element elementor-element-777faf8\" data-eae-slider=\"56119\" data-id=\"777faf8\" data-element_type=\"column\" data-e-type=\"column\">\n\t\t\t<div class=\"elementor-widget-wrap elementor-element-populated\">\n\t\t\t\t\t\t<div class=\"elementor-element elementor-element-80d5c61 elementor-widget elementor-widget-image\" data-id=\"80d5c61\" data-element_type=\"widget\" data-e-type=\"widget\" data-widget_type=\"image.default\">\n\t\t\t\t<div class=\"elementor-widget-container\">\n\t\t\t\t\t\t\t\t\t\t\t\t\t\t\t<img fetchpriority=\"high\" decoding=\"async\" width=\"600\" height=\"330\" src=\"https:\/\/cc-qrga.fr\/wp-content\/uploads\/2022\/07\/P1020890-600x330-1.jpg\" class=\"attachment-large size-large wp-image-587\" alt=\"\" srcset=\"https:\/\/cc-qrga.fr\/wp-content\/uploads\/2022\/07\/P1020890-600x330-1.jpg 600w, https:\/\/cc-qrga.fr\/wp-content\/uploads\/2022\/07\/P1020890-600x330-1-300x165.jpg 300w\" sizes=\"(max-width: 600px) 100vw, 600px\" \/>\t\t\t\t\t\t\t\t\t\t\t\t\t\t\t<\/div>\n\t\t\t\t<\/div>\n\t\t\t\t\t<\/div>\n\t\t<\/div>\n\t\t\t\t\t<\/div>\n\t\t<\/section>\n\t\t\t\t<\/div>","protected":false},"excerpt":{"rendered":"<p>Enfance &#038; jeunesse Cr\u00e8ches, LAEP, Assistantes maternelles, Centres de loisirs, Local jeunes. La Communaut\u00e9 de Communes QRGA met en \u0153uvre une politique Petite Enfance \/ Enfance-Jeunesse adapt\u00e9e \u00e0 la diversit\u00e9 des besoins des familles. De nombreux services et \u00e9tablissements sont implant\u00e9s sur le territoire. Entre mission d&rsquo;accueil du jeune enfant, espace de rencontres et d&rsquo;\u00e9changes [&hellip;]<\/p>","protected":false},"author":22,"featured_media":0,"parent":30,"menu_order":0,"comment_status":"closed","ping_status":"closed","template":"","meta":{"footnotes":""},"class_list":["post-67","page","type-page","status-publish","hentry"],"yoast_head":"<!-- This site is optimized with the Yoast SEO plugin v27.3 - https:\/\/yoast.com\/product\/yoast-seo-wordpress\/ -->\n<title>Enfance &amp; jeunesse - Communaut\u00e9 de communes du Quercy Rouergue et des Gorges de l&#039;Aveyron<\/title>\n<meta name=\"description\" content=\"La Communaut\u00e9 de Communes QRGA met en \u0153uvre une politique Petite Enfance \/ Enfance-Jeunesse adapt\u00e9e \u00e0 la diversit\u00e9 des besoins des familles.\" \/>\n<meta name=\"robots\" content=\"index, follow, max-snippet:-1, max-image-preview:large, max-video-preview:-1\" \/>\n<link rel=\"canonical\" href=\"https:\/\/cc-qrga.fr\/en\/vivre-et-sejourner\/enfance-jeunesse\/\" \/>\n<meta property=\"og:locale\" content=\"en_GB\" \/>\n<meta property=\"og:type\" content=\"article\" \/>\n<meta property=\"og:title\" content=\"Enfance &amp; jeunesse - Communaut\u00e9 de communes du Quercy Rouergue et des Gorges de l&#039;Aveyron\" \/>\n<meta property=\"og:description\" content=\"La Communaut\u00e9 de Communes QRGA met en \u0153uvre une politique Petite Enfance \/ Enfance-Jeunesse adapt\u00e9e \u00e0 la diversit\u00e9 des besoins des familles.\" \/>\n<meta property=\"og:url\" content=\"https:\/\/cc-qrga.fr\/en\/vivre-et-sejourner\/enfance-jeunesse\/\" \/>\n<meta property=\"og:site_name\" content=\"Communaut\u00e9 de communes du Quercy Rouergue et des Gorges de l&#039;Aveyron\" \/>\n<meta property=\"article:modified_time\" content=\"2024-07-02T10:08:48+00:00\" \/>\n<meta property=\"og:image\" content=\"https:\/\/cc-qrga.fr\/wp-content\/uploads\/2022\/07\/P1020890-600x330-1.jpg\" \/>\n<meta name=\"twitter:card\" content=\"summary_large_image\" \/>\n<meta name=\"twitter:label1\" content=\"Estimated reading time\" \/>\n\t<meta name=\"twitter:data1\" content=\"1 minute\" \/>\n<script type=\"application\/ld+json\" class=\"yoast-schema-graph\">{\"@context\":\"https:\\\/\\\/schema.org\",\"@graph\":[{\"@type\":\"WebPage\",\"@id\":\"https:\\\/\\\/cc-qrga.fr\\\/vivre-et-sejourner\\\/enfance-jeunesse\\\/\",\"url\":\"https:\\\/\\\/cc-qrga.fr\\\/vivre-et-sejourner\\\/enfance-jeunesse\\\/\",\"name\":\"Enfance & jeunesse - Communaut\u00e9 de communes du Quercy Rouergue et des Gorges de l&#039;Aveyron\",\"isPartOf\":{\"@id\":\"https:\\\/\\\/cc-qrga.fr\\\/#website\"},\"primaryImageOfPage\":{\"@id\":\"https:\\\/\\\/cc-qrga.fr\\\/vivre-et-sejourner\\\/enfance-jeunesse\\\/#primaryimage\"},\"image\":{\"@id\":\"https:\\\/\\\/cc-qrga.fr\\\/vivre-et-sejourner\\\/enfance-jeunesse\\\/#primaryimage\"},\"thumbnailUrl\":\"https:\\\/\\\/cc-qrga.fr\\\/wp-content\\\/uploads\\\/2022\\\/07\\\/P1020890-600x330-1.jpg\",\"datePublished\":\"2022-07-06T09:15:26+00:00\",\"dateModified\":\"2024-07-02T10:08:48+00:00\",\"description\":\"La Communaut\u00e9 de Communes QRGA met en \u0153uvre une politique Petite Enfance \\\/ Enfance-Jeunesse adapt\u00e9e \u00e0 la diversit\u00e9 des besoins des familles.\",\"breadcrumb\":{\"@id\":\"https:\\\/\\\/cc-qrga.fr\\\/vivre-et-sejourner\\\/enfance-jeunesse\\\/#breadcrumb\"},\"inLanguage\":\"en-GB\",\"potentialAction\":[{\"@type\":\"ReadAction\",\"target\":[\"https:\\\/\\\/cc-qrga.fr\\\/vivre-et-sejourner\\\/enfance-jeunesse\\\/\"]}]},{\"@type\":\"ImageObject\",\"inLanguage\":\"en-GB\",\"@id\":\"https:\\\/\\\/cc-qrga.fr\\\/vivre-et-sejourner\\\/enfance-jeunesse\\\/#primaryimage\",\"url\":\"https:\\\/\\\/cc-qrga.fr\\\/wp-content\\\/uploads\\\/2022\\\/07\\\/P1020890-600x330-1.jpg\",\"contentUrl\":\"https:\\\/\\\/cc-qrga.fr\\\/wp-content\\\/uploads\\\/2022\\\/07\\\/P1020890-600x330-1.jpg\"},{\"@type\":\"BreadcrumbList\",\"@id\":\"https:\\\/\\\/cc-qrga.fr\\\/vivre-et-sejourner\\\/enfance-jeunesse\\\/#breadcrumb\",\"itemListElement\":[{\"@type\":\"ListItem\",\"position\":1,\"name\":\"Accueil\",\"item\":\"https:\\\/\\\/cc-qrga.fr\\\/\"},{\"@type\":\"ListItem\",\"position\":2,\"name\":\"Vivre et s\u00e9journer\",\"item\":\"https:\\\/\\\/cc-qrga.fr\\\/vivre-et-sejourner\\\/\"},{\"@type\":\"ListItem\",\"position\":3,\"name\":\"Enfance &#038; jeunesse\"}]},{\"@type\":\"WebSite\",\"@id\":\"https:\\\/\\\/cc-qrga.fr\\\/#website\",\"url\":\"https:\\\/\\\/cc-qrga.fr\\\/\",\"name\":\"Communaut\u00e9 de communes du Quercy Rouergue et des Gorges de l&#039;Aveyron\",\"description\":\"qrga\",\"potentialAction\":[{\"@type\":\"SearchAction\",\"target\":{\"@type\":\"EntryPoint\",\"urlTemplate\":\"https:\\\/\\\/cc-qrga.fr\\\/?s={search_term_string}\"},\"query-input\":{\"@type\":\"PropertyValueSpecification\",\"valueRequired\":true,\"valueName\":\"search_term_string\"}}],\"inLanguage\":\"en-GB\"}]}<\/script>\n<!-- \/ Yoast SEO plugin. -->","yoast_head_json":{"title":"Enfance & jeunesse - Communaut\u00e9 de communes du Quercy Rouergue et des Gorges de l&#039;Aveyron","description":"The QRGA Community of Communes is implementing an Early Childhood\/Childhood-Youth policy tailored to the diverse needs of families.","robots":{"index":"index","follow":"follow","max-snippet":"max-snippet:-1","max-image-preview":"max-image-preview:large","max-video-preview":"max-video-preview:-1"},"canonical":"https:\/\/cc-qrga.fr\/en\/vivre-et-sejourner\/enfance-jeunesse\/","og_locale":"en_GB","og_type":"article","og_title":"Enfance & jeunesse - Communaut\u00e9 de communes du Quercy Rouergue et des Gorges de l&#039;Aveyron","og_description":"La Communaut\u00e9 de Communes QRGA met en \u0153uvre une politique Petite Enfance \/ Enfance-Jeunesse adapt\u00e9e \u00e0 la diversit\u00e9 des besoins des familles.","og_url":"https:\/\/cc-qrga.fr\/en\/vivre-et-sejourner\/enfance-jeunesse\/","og_site_name":"Communaut\u00e9 de communes du Quercy Rouergue et des Gorges de l&#039;Aveyron","article_modified_time":"2024-07-02T10:08:48+00:00","og_image":[{"url":"https:\/\/cc-qrga.fr\/wp-content\/uploads\/2022\/07\/P1020890-600x330-1.jpg","type":"","width":"","height":""}],"twitter_card":"summary_large_image","twitter_misc":{"Estimated reading time":"1 minute"},"schema":{"@context":"https:\/\/schema.org","@graph":[{"@type":"WebPage","@id":"https:\/\/cc-qrga.fr\/vivre-et-sejourner\/enfance-jeunesse\/","url":"https:\/\/cc-qrga.fr\/vivre-et-sejourner\/enfance-jeunesse\/","name":"Enfance & jeunesse - Communaut\u00e9 de communes du Quercy Rouergue et des Gorges de l&#039;Aveyron","isPartOf":{"@id":"https:\/\/cc-qrga.fr\/#website"},"primaryImageOfPage":{"@id":"https:\/\/cc-qrga.fr\/vivre-et-sejourner\/enfance-jeunesse\/#primaryimage"},"image":{"@id":"https:\/\/cc-qrga.fr\/vivre-et-sejourner\/enfance-jeunesse\/#primaryimage"},"thumbnailUrl":"https:\/\/cc-qrga.fr\/wp-content\/uploads\/2022\/07\/P1020890-600x330-1.jpg","datePublished":"2022-07-06T09:15:26+00:00","dateModified":"2024-07-02T10:08:48+00:00","description":"The QRGA Community of Communes is implementing an Early Childhood\/Childhood-Youth policy tailored to the diverse needs of families.","breadcrumb":{"@id":"https:\/\/cc-qrga.fr\/vivre-et-sejourner\/enfance-jeunesse\/#breadcrumb"},"inLanguage":"en-GB","potentialAction":[{"@type":"ReadAction","target":["https:\/\/cc-qrga.fr\/vivre-et-sejourner\/enfance-jeunesse\/"]}]},{"@type":"ImageObject","inLanguage":"en-GB","@id":"https:\/\/cc-qrga.fr\/vivre-et-sejourner\/enfance-jeunesse\/#primaryimage","url":"https:\/\/cc-qrga.fr\/wp-content\/uploads\/2022\/07\/P1020890-600x330-1.jpg","contentUrl":"https:\/\/cc-qrga.fr\/wp-content\/uploads\/2022\/07\/P1020890-600x330-1.jpg"},{"@type":"BreadcrumbList","@id":"https:\/\/cc-qrga.fr\/vivre-et-sejourner\/enfance-jeunesse\/#breadcrumb","itemListElement":[{"@type":"ListItem","position":1,"name":"Accueil","item":"https:\/\/cc-qrga.fr\/"},{"@type":"ListItem","position":2,"name":"Vivre et s\u00e9journer","item":"https:\/\/cc-qrga.fr\/vivre-et-sejourner\/"},{"@type":"ListItem","position":3,"name":"Enfance &#038; jeunesse"}]},{"@type":"WebSite","@id":"https:\/\/cc-qrga.fr\/#website","url":"https:\/\/cc-qrga.fr\/","name":"Community of Municipalities of Quercy Rouergue and the Aveyron Gorges","description":"qrga","potentialAction":[{"@type":"SearchAction","target":{"@type":"EntryPoint","urlTemplate":"https:\/\/cc-qrga.fr\/?s={search_term_string}"},"query-input":{"@type":"PropertyValueSpecification","valueRequired":true,"valueName":"search_term_string"}}],"inLanguage":"en-GB"}]}},"_links":{"self":[{"href":"https:\/\/cc-qrga.fr\/en\/wp-json\/wp\/v2\/pages\/67","targetHints":{"allow":["GET"]}}],"collection":[{"href":"https:\/\/cc-qrga.fr\/en\/wp-json\/wp\/v2\/pages"}],"about":[{"href":"https:\/\/cc-qrga.fr\/en\/wp-json\/wp\/v2\/types\/page"}],"author":[{"embeddable":true,"href":"https:\/\/cc-qrga.fr\/en\/wp-json\/wp\/v2\/users\/22"}],"replies":[{"embeddable":true,"href":"https:\/\/cc-qrga.fr\/en\/wp-json\/wp\/v2\/comments?post=67"}],"version-history":[{"count":0,"href":"https:\/\/cc-qrga.fr\/en\/wp-json\/wp\/v2\/pages\/67\/revisions"}],"up":[{"embeddable":true,"href":"https:\/\/cc-qrga.fr\/en\/wp-json\/wp\/v2\/pages\/30"}],"wp:attachment":[{"href":"https:\/\/cc-qrga.fr\/en\/wp-json\/wp\/v2\/media?parent=67"}],"curies":[{"name":"wp","href":"https:\/\/api.w.org\/{rel}","templated":true}]}}