{"id":2229,"date":"2021-05-04T12:25:47","date_gmt":"2021-05-04T10:25:47","guid":{"rendered":"https:\/\/cc-qrga.fr\/enfancejeunesse\/?page_id=2229"},"modified":"2022-06-28T14:45:54","modified_gmt":"2022-06-28T12:45:54","slug":"coin-enfants","status":"publish","type":"page","link":"https:\/\/cc-qrga.fr\/enfancejeunesse\/coin-enfants\/","title":{"rendered":"coin enfants"},"content":{"rendered":"\t\t<div data-elementor-type=\"wp-page\" data-elementor-id=\"2229\" class=\"elementor elementor-2229\" data-elementor-post-type=\"page\">\n\t\t\t\t\t\t\t\t\t<section class=\"elementor-section elementor-top-section elementor-element elementor-element-8ead601 elementor-section-boxed elementor-section-height-default elementor-section-height-default\" data-id=\"8ead601\" data-element_type=\"section\">\n\t\t\t\t\t\t<div class=\"elementor-container elementor-column-gap-default\">\n\t\t\t\t\t<div class=\"elementor-column elementor-col-100 elementor-top-column elementor-element elementor-element-eb7d0fe\" data-id=\"eb7d0fe\" data-element_type=\"column\">\n\t\t\t<div class=\"elementor-widget-wrap elementor-element-populated\">\n\t\t\t\t\t\t\t\t<div class=\"elementor-element elementor-element-eaf1223 elementor-widget elementor-widget-heading\" data-id=\"eaf1223\" data-element_type=\"widget\" data-widget_type=\"heading.default\">\n\t\t\t\t<div class=\"elementor-widget-container\">\n\t\t\t<h2 class=\"elementor-heading-title elementor-size-default\">fiche activit\u00e9s \u00e0 faire \u00e0 la maison<\/h2>\t\t<\/div>\n\t\t\t\t<\/div>\n\t\t\t\t<div class=\"elementor-element elementor-element-5d95f59 elementor-widget elementor-widget-htmega-postgrid-addons\" data-id=\"5d95f59\" data-element_type=\"widget\" data-settings=\"{&quot;grid_post_type&quot;:&quot;post&quot;}\" data-widget_type=\"htmega-postgrid-addons.default\">\n\t\t\t\t<div class=\"elementor-widget-container\">\n\t\t\t            \n        <div class=\"htmega-post-grid-area htmega-post-grid-layout-2\">\n            <div class=\"htb-col\">\n                <div class=\"row-1 htb-row\">\n                    <div class='htmega-error-notice'>There are no posts in this query<\/div>                <\/div>\n            <\/div>\n        <\/div>\n\n        \t\t<\/div>\n\t\t\t\t<\/div>\n\t\t\t\t\t<\/div>\n\t\t<\/div>\n\t\t\t\t\t\t\t<\/div>\n\t\t<\/section>\n\t\t\t\t<section class=\"elementor-section elementor-top-section elementor-element elementor-element-68606ef elementor-section-boxed elementor-section-height-default elementor-section-height-default\" data-id=\"68606ef\" data-element_type=\"section\">\n\t\t\t\t\t\t<div class=\"elementor-container elementor-column-gap-default\">\n\t\t\t\t\t<div class=\"elementor-column elementor-col-100 elementor-top-column elementor-element elementor-element-0ba0000\" data-id=\"0ba0000\" data-element_type=\"column\">\n\t\t\t<div class=\"elementor-widget-wrap elementor-element-populated\">\n\t\t\t\t\t\t\t\t<div class=\"elementor-element elementor-element-3baaa74 elementor-widget elementor-widget-heading\" data-id=\"3baaa74\" data-element_type=\"widget\" data-widget_type=\"heading.default\">\n\t\t\t\t<div class=\"elementor-widget-container\">\n\t\t\t<h2 class=\"elementor-heading-title elementor-size-default\">coloriages<\/h2>\t\t<\/div>\n\t\t\t\t<\/div>\n\t\t\t\t<div class=\"elementor-element elementor-element-6fe0aff elementor-widget elementor-widget-htmega-postgrid-addons\" data-id=\"6fe0aff\" data-element_type=\"widget\" data-settings=\"{&quot;grid_post_type&quot;:&quot;post&quot;}\" data-widget_type=\"htmega-postgrid-addons.default\">\n\t\t\t\t<div class=\"elementor-widget-container\">\n\t\t\t            \n        <div class=\"htmega-post-grid-area htmega-post-grid-layout-2\">\n            <div class=\"htb-col\">\n                <div class=\"row-1 htb-row\">\n                    <div class='htmega-error-notice'>There are no posts in this query<\/div>                <\/div>\n            <\/div>\n        <\/div>\n\n        \t\t<\/div>\n\t\t\t\t<\/div>\n\t\t\t\t\t<\/div>\n\t\t<\/div>\n\t\t\t\t\t\t\t<\/div>\n\t\t<\/section>\n\t\t\t\t<section class=\"elementor-section elementor-top-section elementor-element elementor-element-4e22667 elementor-section-boxed elementor-section-height-default elementor-section-height-default\" data-id=\"4e22667\" data-element_type=\"section\">\n\t\t\t\t\t\t<div class=\"elementor-container elementor-column-gap-default\">\n\t\t\t\t\t<div class=\"elementor-column elementor-col-100 elementor-top-column elementor-element elementor-element-0b586a2\" data-id=\"0b586a2\" data-element_type=\"column\">\n\t\t\t<div class=\"elementor-widget-wrap elementor-element-populated\">\n\t\t\t\t\t\t\t\t<div class=\"elementor-element elementor-element-ebb9315 elementor-widget elementor-widget-heading\" data-id=\"ebb9315\" data-element_type=\"widget\" data-widget_type=\"heading.default\">\n\t\t\t\t<div class=\"elementor-widget-container\">\n\t\t\t<h2 class=\"elementor-heading-title elementor-size-default\">blagues<\/h2>\t\t<\/div>\n\t\t\t\t<\/div>\n\t\t\t\t<div class=\"elementor-element elementor-element-3bb84db elementor-widget elementor-widget-htmega-postgrid-addons\" data-id=\"3bb84db\" data-element_type=\"widget\" data-settings=\"{&quot;grid_post_type&quot;:&quot;post&quot;}\" data-widget_type=\"htmega-postgrid-addons.default\">\n\t\t\t\t<div class=\"elementor-widget-container\">\n\t\t\t            \n        <div class=\"htmega-post-grid-area htmega-post-grid-layout-2\">\n            <div class=\"htb-col\">\n                <div class=\"row-1 htb-row\">\n                    <div class='htmega-error-notice'>There are no posts in this query<\/div>                <\/div>\n            <\/div>\n        <\/div>\n\n        \t\t<\/div>\n\t\t\t\t<\/div>\n\t\t\t\t\t<\/div>\n\t\t<\/div>\n\t\t\t\t\t\t\t<\/div>\n\t\t<\/section>\n\t\t\t\t<section class=\"elementor-section elementor-top-section elementor-element elementor-element-dba49eb elementor-section-boxed elementor-section-height-default elementor-section-height-default\" data-id=\"dba49eb\" data-element_type=\"section\">\n\t\t\t\t\t\t<div class=\"elementor-container elementor-column-gap-default\">\n\t\t\t\t\t<div class=\"elementor-column elementor-col-100 elementor-top-column elementor-element elementor-element-693815b\" data-id=\"693815b\" data-element_type=\"column\">\n\t\t\t<div class=\"elementor-widget-wrap elementor-element-populated\">\n\t\t\t\t\t\t\t\t<div class=\"elementor-element elementor-element-8f16e47 elementor-widget elementor-widget-heading\" data-id=\"8f16e47\" data-element_type=\"widget\" data-widget_type=\"heading.default\">\n\t\t\t\t<div class=\"elementor-widget-container\">\n\t\t\t<h2 class=\"elementor-heading-title elementor-size-default\">jeux<\/h2>\t\t<\/div>\n\t\t\t\t<\/div>\n\t\t\t\t<div class=\"elementor-element elementor-element-1829eff elementor-widget elementor-widget-htmega-postgrid-addons\" data-id=\"1829eff\" data-element_type=\"widget\" data-settings=\"{&quot;grid_post_type&quot;:&quot;post&quot;}\" data-widget_type=\"htmega-postgrid-addons.default\">\n\t\t\t\t<div class=\"elementor-widget-container\">\n\t\t\t            \n        <div class=\"htmega-post-grid-area htmega-post-grid-layout-2\">\n            <div class=\"htb-col\">\n                <div class=\"row-1 htb-row\">\n                    <div class='htmega-error-notice'>There are no posts in this query<\/div>                <\/div>\n            <\/div>\n        <\/div>\n\n        \t\t<\/div>\n\t\t\t\t<\/div>\n\t\t\t\t\t<\/div>\n\t\t<\/div>\n\t\t\t\t\t\t\t<\/div>\n\t\t<\/section>\n\t\t\t\t<section class=\"elementor-section elementor-top-section elementor-element elementor-element-28b931a elementor-section-boxed elementor-section-height-default elementor-section-height-default\" data-id=\"28b931a\" data-element_type=\"section\">\n\t\t\t\t\t\t<div class=\"elementor-container elementor-column-gap-default\">\n\t\t\t\t\t<div class=\"elementor-column elementor-col-100 elementor-top-column elementor-element elementor-element-838ebd9\" data-id=\"838ebd9\" data-element_type=\"column\">\n\t\t\t<div class=\"elementor-widget-wrap elementor-element-populated\">\n\t\t\t\t\t\t\t\t<div class=\"elementor-element elementor-element-13659f7 elementor-widget elementor-widget-heading\" data-id=\"13659f7\" data-element_type=\"widget\" data-widget_type=\"heading.default\">\n\t\t\t\t<div class=\"elementor-widget-container\">\n\t\t\t<h2 class=\"elementor-heading-title elementor-size-default\">chansons<\/h2>\t\t<\/div>\n\t\t\t\t<\/div>\n\t\t\t\t<div class=\"elementor-element elementor-element-bb56d05 elementor-widget elementor-widget-htmega-postgrid-addons\" data-id=\"bb56d05\" data-element_type=\"widget\" data-settings=\"{&quot;grid_post_type&quot;:&quot;post&quot;}\" data-widget_type=\"htmega-postgrid-addons.default\">\n\t\t\t\t<div class=\"elementor-widget-container\">\n\t\t\t            \n        <div class=\"htmega-post-grid-area htmega-post-grid-layout-2\">\n            <div class=\"htb-col\">\n                <div class=\"row-1 htb-row\">\n                    <div class='htmega-error-notice'>There are no posts in this query<\/div>                <\/div>\n            <\/div>\n        <\/div>\n\n        \t\t<\/div>\n\t\t\t\t<\/div>\n\t\t\t\t\t<\/div>\n\t\t<\/div>\n\t\t\t\t\t\t\t<\/div>\n\t\t<\/section>\n\t\t\t\t<section class=\"elementor-section elementor-top-section elementor-element elementor-element-3a8b6b7 elementor-section-boxed elementor-section-height-default elementor-section-height-default\" data-id=\"3a8b6b7\" data-element_type=\"section\">\n\t\t\t\t\t\t<div class=\"elementor-container elementor-column-gap-default\">\n\t\t\t\t\t<div class=\"elementor-column elementor-col-100 elementor-top-column elementor-element elementor-element-849fa35\" data-id=\"849fa35\" data-element_type=\"column\">\n\t\t\t<div class=\"elementor-widget-wrap elementor-element-populated\">\n\t\t\t\t\t\t\t\t<div class=\"elementor-element elementor-element-07a95f7 elementor-widget elementor-widget-heading\" data-id=\"07a95f7\" data-element_type=\"widget\" data-widget_type=\"heading.default\">\n\t\t\t\t<div class=\"elementor-widget-container\">\n\t\t\t<h2 class=\"elementor-heading-title elementor-size-default\">bo\u00eete \u00e0 id\u00e9es<\/h2>\t\t<\/div>\n\t\t\t\t<\/div>\n\t\t\t\t<div class=\"elementor-element elementor-element-c955e69 elementor-widget elementor-widget-htmega-postgrid-addons\" data-id=\"c955e69\" data-element_type=\"widget\" data-settings=\"{&quot;grid_post_type&quot;:&quot;post&quot;}\" data-widget_type=\"htmega-postgrid-addons.default\">\n\t\t\t\t<div class=\"elementor-widget-container\">\n\t\t\t            \n        <div class=\"htmega-post-grid-area htmega-post-grid-layout-2\">\n            <div class=\"htb-col\">\n                <div class=\"row-1 htb-row\">\n                    <div class='htmega-error-notice'>There are no posts in this query<\/div>                <\/div>\n            <\/div>\n        <\/div>\n\n        \t\t<\/div>\n\t\t\t\t<\/div>\n\t\t\t\t\t<\/div>\n\t\t<\/div>\n\t\t\t\t\t\t\t<\/div>\n\t\t<\/section>\n\t\t\t\t\t\t\t<\/div>\n\t\t","protected":false},"excerpt":{"rendered":"<p>fiche activit\u00e9s \u00e0 faire \u00e0 la maison coloriages blagues jeux chansons bo\u00eete \u00e0 id\u00e9es<\/p>\n","protected":false},"author":1,"featured_media":0,"parent":0,"menu_order":0,"comment_status":"closed","ping_status":"closed","template":"","meta":{"footnotes":""},"folder":[7],"class_list":["post-2229","page","type-page","status-publish","hentry"],"acf":[],"_links":{"self":[{"href":"https:\/\/cc-qrga.fr\/enfancejeunesse\/wp-json\/wp\/v2\/pages\/2229","targetHints":{"allow":["GET"]}}],"collection":[{"href":"https:\/\/cc-qrga.fr\/enfancejeunesse\/wp-json\/wp\/v2\/pages"}],"about":[{"href":"https:\/\/cc-qrga.fr\/enfancejeunesse\/wp-json\/wp\/v2\/types\/page"}],"author":[{"embeddable":true,"href":"https:\/\/cc-qrga.fr\/enfancejeunesse\/wp-json\/wp\/v2\/users\/1"}],"replies":[{"embeddable":true,"href":"https:\/\/cc-qrga.fr\/enfancejeunesse\/wp-json\/wp\/v2\/comments?post=2229"}],"version-history":[{"count":16,"href":"https:\/\/cc-qrga.fr\/enfancejeunesse\/wp-json\/wp\/v2\/pages\/2229\/revisions"}],"predecessor-version":[{"id":7777,"href":"https:\/\/cc-qrga.fr\/enfancejeunesse\/wp-json\/wp\/v2\/pages\/2229\/revisions\/7777"}],"wp:attachment":[{"href":"https:\/\/cc-qrga.fr\/enfancejeunesse\/wp-json\/wp\/v2\/media?parent=2229"}],"wp:term":[{"taxonomy":"folder","embeddable":true,"href":"https:\/\/cc-qrga.fr\/enfancejeunesse\/wp-json\/wp\/v2\/folder?post=2229"}],"curies":[{"name":"wp","href":"https:\/\/api.w.org\/{rel}","templated":true}]}}