{"id":143,"date":"2022-07-07T09:47:38","date_gmt":"2022-07-07T07:47:38","guid":{"rendered":"https:\/\/cc-qrga.fr\/?page_id=143"},"modified":"2025-02-11T14:23:41","modified_gmt":"2025-02-11T13:23:41","slug":"entretien-chemin","status":"publish","type":"page","link":"https:\/\/cc-qrga.fr\/es\/amenager-et-preserver\/entretien-chemin\/","title":{"rendered":"Entretien Chemin"},"content":{"rendered":"<div data-elementor-type=\"wp-page\" data-elementor-id=\"143\" class=\"elementor elementor-143\" data-elementor-post-type=\"page\">\n\t\t\t\t\t\t<section class=\"has_eae_slider elementor-section elementor-top-section elementor-element elementor-element-59825cc elementor-section-boxed elementor-section-height-default elementor-section-height-default\" data-eae-slider=\"97743\" data-id=\"59825cc\" data-element_type=\"section\" data-e-type=\"section\">\n\t\t\t\t\t\t<div class=\"elementor-container elementor-column-gap-default\">\n\t\t\t\t\t<div class=\"has_eae_slider elementor-column elementor-col-50 elementor-top-column elementor-element elementor-element-027b6a3\" data-eae-slider=\"23367\" data-id=\"027b6a3\" data-element_type=\"column\" data-e-type=\"column\">\n\t\t\t<div class=\"elementor-widget-wrap elementor-element-populated\">\n\t\t\t\t\t\t<div class=\"elementor-element elementor-element-07a8ddc elementor-widget elementor-widget-heading\" data-id=\"07a8ddc\" data-element_type=\"widget\" data-e-type=\"widget\" data-widget_type=\"heading.default\">\n\t\t\t\t<div class=\"elementor-widget-container\">\n\t\t\t\t\t<h1 class=\"elementor-heading-title elementor-size-default\">V\u00eda de servicio<\/h1>\t\t\t\t<\/div>\n\t\t\t\t<\/div>\n\t\t\t\t<div class=\"elementor-element elementor-element-8ac1a4e elementor-widget elementor-widget-text-editor\" data-id=\"8ac1a4e\" data-element_type=\"widget\" data-e-type=\"widget\" data-widget_type=\"text-editor.default\">\n\t\t\t\t<div class=\"elementor-widget-container\">\n\t\t\t\t\t\t\t\t\t<p>Presentaci\u00f3n del servicio<\/p><p>La Communaut\u00e9 de communes dispone de una extensa red de senderos (34 PR). Desde hace tiempo existe la voluntad de actuar en la zona. Mantener, restaurar y desarrollar nuestra zona es una de nuestras prioridades.<\/p><p>La unidad de mantenimiento de carreteras es responsable de :<\/p><p>- creaci\u00f3n,<\/p><p>- se\u00f1alizaci\u00f3n<\/p><p>- mantenimiento de los senderos.<\/p><p>La voluntad de las autoridades locales de satisfacer a los usuarios de las rutas de senderismo y bicicleta de monta\u00f1a de la regi\u00f3n. De hecho, desde hace m\u00e1s de veinte a\u00f1os, 3 agentes de la Communaut\u00e9 de communes se encargan de estas tareas de mantenimiento y se\u00f1alizaci\u00f3n.<\/p><p>Los senderos \"PR\" est\u00e1n se\u00f1alizados espec\u00edficamente (flechas amarillas) en todas las rutas de la zona. Estos senderos est\u00e1n incluidos en el plan departamental de rutas de senderismo (PDIPR).<\/p><p>Los senderos para bicicletas de monta\u00f1a tambi\u00e9n tienen su propia se\u00f1alizaci\u00f3n.<\/p><p>\u00a0<\/p><p>La tarea del departamento de senderos no es f\u00e1cil: en el QRGA hay abiertos m\u00e1s de 1.200 km de senderos, incluidos senderos de PR y de bicicleta de monta\u00f1a.<\/p><p>Cuando caminas por un sendero se\u00f1alizado, sabes perfectamente que la hierba crece en todas las zonas al mismo tiempo. As\u00ed que, por favor, tenga paciencia con el equipo t\u00e9cnico responsable del desbroce y la siega, al que a veces le resulta dif\u00edcil ir por delante de cada uno de sus pasos.<\/p>\t\t\t\t\t\t\t\t<\/div>\n\t\t\t\t<\/div>\n\t\t\t\t<div class=\"elementor-element elementor-element-cd272c0 elementor-align-center elementor-widget elementor-widget-button\" data-id=\"cd272c0\" data-element_type=\"widget\" data-e-type=\"widget\" data-widget_type=\"button.default\">\n\t\t\t\t<div class=\"elementor-widget-container\">\n\t\t\t\t\t\t\t\t\t<div class=\"elementor-button-wrapper\">\n\t\t\t\t\t<a class=\"elementor-button elementor-button-link elementor-size-sm elementor-animation-shrink\" href=\"https:\/\/causses-gorgesaveyron.com\/bouger\/sur-les-sentiers\/a-pieds\/\" target=\"_blank\">\n\t\t\t\t\t\t<span class=\"elementor-button-content-wrapper\">\n\t\t\t\t\t\t\t\t\t<span class=\"elementor-button-text\">Senderismo<\/span>\n\t\t\t\t\t<\/span>\n\t\t\t\t\t<\/a>\n\t\t\t\t<\/div>\n\t\t\t\t\t\t\t\t<\/div>\n\t\t\t\t<\/div>\n\t\t\t\t\t<\/div>\n\t\t<\/div>\n\t\t\t\t<div class=\"has_eae_slider elementor-column elementor-col-50 elementor-top-column elementor-element elementor-element-83e73e8\" data-eae-slider=\"11143\" data-id=\"83e73e8\" data-element_type=\"column\" data-e-type=\"column\">\n\t\t\t<div class=\"elementor-widget-wrap elementor-element-populated\">\n\t\t\t\t\t\t<div class=\"elementor-element elementor-element-1642115 elementor-widget elementor-widget-image\" data-id=\"1642115\" data-element_type=\"widget\" data-e-type=\"widget\" data-widget_type=\"image.default\">\n\t\t\t\t<div class=\"elementor-widget-container\">\n\t\t\t\t\t\t\t\t\t\t\t\t\t\t\t<img fetchpriority=\"high\" decoding=\"async\" width=\"800\" height=\"600\" src=\"https:\/\/cc-qrga.fr\/wp-content\/uploads\/2022\/09\/balisage-DSCF0146.jpg\" class=\"attachment-large size-large wp-image-16802\" alt=\"\" srcset=\"https:\/\/cc-qrga.fr\/wp-content\/uploads\/2022\/09\/balisage-DSCF0146.jpg 1000w, https:\/\/cc-qrga.fr\/wp-content\/uploads\/2022\/09\/balisage-DSCF0146-300x225.jpg 300w, https:\/\/cc-qrga.fr\/wp-content\/uploads\/2022\/09\/balisage-DSCF0146-768x576.jpg 768w\" sizes=\"(max-width: 800px) 100vw, 800px\" \/>\t\t\t\t\t\t\t\t\t\t\t\t\t\t\t<\/div>\n\t\t\t\t<\/div>\n\t\t\t\t\t<\/div>\n\t\t<\/div>\n\t\t\t\t\t<\/div>\n\t\t<\/section>\n\t\t\t\t<\/div>","protected":false},"excerpt":{"rendered":"<p>Service chemin Pr\u00e9sentation du service La Communaut\u00e9 de communes est dot\u00e9e d\u2019un maillage important de sentiers de randonn\u00e9e (34 PR). La volont\u00e9 de mener des actions sur un territoire existe depuis longtemps. L\u2019entretien, la remise en \u00e9tat et l\u2019am\u00e9nagement de notre espace font partie des priorit\u00e9s. La cellule entretien des chemins a pour comp\u00e9tences : [&hellip;]<\/p>","protected":false},"author":22,"featured_media":0,"parent":28,"menu_order":0,"comment_status":"closed","ping_status":"closed","template":"","meta":{"footnotes":""},"class_list":["post-143","page","type-page","status-publish","hentry"],"yoast_head":"<!-- This site is optimized with the Yoast SEO plugin v27.3 - https:\/\/yoast.com\/product\/yoast-seo-wordpress\/ -->\n<title>Entretien Chemin - Communaut\u00e9 de communes du Quercy Rouergue et des Gorges de l&#039;Aveyron<\/title>\n<meta name=\"description\" content=\"La Communaut\u00e9 de communes est dot\u00e9e d\u2019un maillage important de sentiers de randonn\u00e9e (34 PR). La volont\u00e9 de mener des actions sur un territoire existe depuis longtemps. L\u2019entretien, la remise en \u00e9tat et l\u2019am\u00e9nagement de notre espace font partie des priorit\u00e9s.\" \/>\n<meta name=\"robots\" content=\"index, follow, max-snippet:-1, max-image-preview:large, max-video-preview:-1\" \/>\n<link rel=\"canonical\" href=\"https:\/\/cc-qrga.fr\/es\/amenager-et-preserver\/entretien-chemin\/\" \/>\n<meta property=\"og:locale\" content=\"es_ES\" \/>\n<meta property=\"og:type\" content=\"article\" \/>\n<meta property=\"og:title\" content=\"Entretien Chemin - Communaut\u00e9 de communes du Quercy Rouergue et des Gorges de l&#039;Aveyron\" \/>\n<meta property=\"og:description\" content=\"La Communaut\u00e9 de communes est dot\u00e9e d\u2019un maillage important de sentiers de randonn\u00e9e (34 PR). La volont\u00e9 de mener des actions sur un territoire existe depuis longtemps. L\u2019entretien, la remise en \u00e9tat et l\u2019am\u00e9nagement de notre espace font partie des priorit\u00e9s.\" \/>\n<meta property=\"og:url\" content=\"https:\/\/cc-qrga.fr\/es\/amenager-et-preserver\/entretien-chemin\/\" \/>\n<meta property=\"og:site_name\" content=\"Communaut\u00e9 de communes du Quercy Rouergue et des Gorges de l&#039;Aveyron\" \/>\n<meta property=\"article:modified_time\" content=\"2025-02-11T13:23:41+00:00\" \/>\n<meta property=\"og:image\" content=\"https:\/\/cc-qrga.fr\/wp-content\/uploads\/2022\/09\/balisage-DSCF0146.jpg\" \/>\n\t<meta property=\"og:image:width\" content=\"1000\" \/>\n\t<meta property=\"og:image:height\" content=\"750\" \/>\n\t<meta property=\"og:image:type\" content=\"image\/jpeg\" \/>\n<meta name=\"twitter:card\" content=\"summary_large_image\" \/>\n<meta name=\"twitter:label1\" content=\"Tiempo de lectura\" \/>\n\t<meta name=\"twitter:data1\" content=\"2 minutos\" \/>\n<script type=\"application\/ld+json\" class=\"yoast-schema-graph\">{\"@context\":\"https:\\\/\\\/schema.org\",\"@graph\":[{\"@type\":\"WebPage\",\"@id\":\"https:\\\/\\\/cc-qrga.fr\\\/amenager-et-preserver\\\/entretien-chemin\\\/\",\"url\":\"https:\\\/\\\/cc-qrga.fr\\\/amenager-et-preserver\\\/entretien-chemin\\\/\",\"name\":\"Entretien Chemin - Communaut\u00e9 de communes du Quercy Rouergue et des Gorges de l&#039;Aveyron\",\"isPartOf\":{\"@id\":\"https:\\\/\\\/cc-qrga.fr\\\/#website\"},\"primaryImageOfPage\":{\"@id\":\"https:\\\/\\\/cc-qrga.fr\\\/amenager-et-preserver\\\/entretien-chemin\\\/#primaryimage\"},\"image\":{\"@id\":\"https:\\\/\\\/cc-qrga.fr\\\/amenager-et-preserver\\\/entretien-chemin\\\/#primaryimage\"},\"thumbnailUrl\":\"https:\\\/\\\/cc-qrga.fr\\\/wp-content\\\/uploads\\\/2022\\\/09\\\/balisage-DSCF0146.jpg\",\"datePublished\":\"2022-07-07T07:47:38+00:00\",\"dateModified\":\"2025-02-11T13:23:41+00:00\",\"description\":\"La Communaut\u00e9 de communes est dot\u00e9e d\u2019un maillage important de sentiers de randonn\u00e9e (34 PR). La volont\u00e9 de mener des actions sur un territoire existe depuis longtemps. L\u2019entretien, la remise en \u00e9tat et l\u2019am\u00e9nagement de notre espace font partie des priorit\u00e9s.\",\"breadcrumb\":{\"@id\":\"https:\\\/\\\/cc-qrga.fr\\\/amenager-et-preserver\\\/entretien-chemin\\\/#breadcrumb\"},\"inLanguage\":\"es\",\"potentialAction\":[{\"@type\":\"ReadAction\",\"target\":[\"https:\\\/\\\/cc-qrga.fr\\\/amenager-et-preserver\\\/entretien-chemin\\\/\"]}]},{\"@type\":\"ImageObject\",\"inLanguage\":\"es\",\"@id\":\"https:\\\/\\\/cc-qrga.fr\\\/amenager-et-preserver\\\/entretien-chemin\\\/#primaryimage\",\"url\":\"https:\\\/\\\/cc-qrga.fr\\\/wp-content\\\/uploads\\\/2022\\\/09\\\/balisage-DSCF0146.jpg\",\"contentUrl\":\"https:\\\/\\\/cc-qrga.fr\\\/wp-content\\\/uploads\\\/2022\\\/09\\\/balisage-DSCF0146.jpg\"},{\"@type\":\"BreadcrumbList\",\"@id\":\"https:\\\/\\\/cc-qrga.fr\\\/amenager-et-preserver\\\/entretien-chemin\\\/#breadcrumb\",\"itemListElement\":[{\"@type\":\"ListItem\",\"position\":1,\"name\":\"Accueil\",\"item\":\"https:\\\/\\\/cc-qrga.fr\\\/\"},{\"@type\":\"ListItem\",\"position\":2,\"name\":\"am\u00e9nager et pr\u00e9server\",\"item\":\"https:\\\/\\\/cc-qrga.fr\\\/amenager-et-preserver\\\/\"},{\"@type\":\"ListItem\",\"position\":3,\"name\":\"Entretien Chemin\"}]},{\"@type\":\"WebSite\",\"@id\":\"https:\\\/\\\/cc-qrga.fr\\\/#website\",\"url\":\"https:\\\/\\\/cc-qrga.fr\\\/\",\"name\":\"Communaut\u00e9 de communes du Quercy Rouergue et des Gorges de l&#039;Aveyron\",\"description\":\"qrga\",\"potentialAction\":[{\"@type\":\"SearchAction\",\"target\":{\"@type\":\"EntryPoint\",\"urlTemplate\":\"https:\\\/\\\/cc-qrga.fr\\\/?s={search_term_string}\"},\"query-input\":{\"@type\":\"PropertyValueSpecification\",\"valueRequired\":true,\"valueName\":\"search_term_string\"}}],\"inLanguage\":\"es\"}]}<\/script>\n<!-- \/ Yoast SEO plugin. -->","yoast_head_json":{"title":"Entretien Chemin - Communaut\u00e9 de communes du Quercy Rouergue et des Gorges de l&#039;Aveyron","description":"La Communaut\u00e9 de communes dispone de una extensa red de senderos (34 PR). Desde hace tiempo existe la voluntad de actuar en la zona. Mantener, restaurar y desarrollar nuestra zona es una de nuestras prioridades.","robots":{"index":"index","follow":"follow","max-snippet":"max-snippet:-1","max-image-preview":"max-image-preview:large","max-video-preview":"max-video-preview:-1"},"canonical":"https:\/\/cc-qrga.fr\/es\/amenager-et-preserver\/entretien-chemin\/","og_locale":"es_ES","og_type":"article","og_title":"Entretien Chemin - Communaut\u00e9 de communes du Quercy Rouergue et des Gorges de l&#039;Aveyron","og_description":"La Communaut\u00e9 de communes est dot\u00e9e d\u2019un maillage important de sentiers de randonn\u00e9e (34 PR). La volont\u00e9 de mener des actions sur un territoire existe depuis longtemps. L\u2019entretien, la remise en \u00e9tat et l\u2019am\u00e9nagement de notre espace font partie des priorit\u00e9s.","og_url":"https:\/\/cc-qrga.fr\/es\/amenager-et-preserver\/entretien-chemin\/","og_site_name":"Communaut\u00e9 de communes du Quercy Rouergue et des Gorges de l&#039;Aveyron","article_modified_time":"2025-02-11T13:23:41+00:00","og_image":[{"width":1000,"height":750,"url":"https:\/\/cc-qrga.fr\/wp-content\/uploads\/2022\/09\/balisage-DSCF0146.jpg","type":"image\/jpeg"}],"twitter_card":"summary_large_image","twitter_misc":{"Tiempo de lectura":"2 minutos"},"schema":{"@context":"https:\/\/schema.org","@graph":[{"@type":"WebPage","@id":"https:\/\/cc-qrga.fr\/amenager-et-preserver\/entretien-chemin\/","url":"https:\/\/cc-qrga.fr\/amenager-et-preserver\/entretien-chemin\/","name":"Entretien Chemin - Communaut\u00e9 de communes du Quercy Rouergue et des Gorges de l&#039;Aveyron","isPartOf":{"@id":"https:\/\/cc-qrga.fr\/#website"},"primaryImageOfPage":{"@id":"https:\/\/cc-qrga.fr\/amenager-et-preserver\/entretien-chemin\/#primaryimage"},"image":{"@id":"https:\/\/cc-qrga.fr\/amenager-et-preserver\/entretien-chemin\/#primaryimage"},"thumbnailUrl":"https:\/\/cc-qrga.fr\/wp-content\/uploads\/2022\/09\/balisage-DSCF0146.jpg","datePublished":"2022-07-07T07:47:38+00:00","dateModified":"2025-02-11T13:23:41+00:00","description":"La Communaut\u00e9 de communes dispone de una extensa red de senderos (34 PR). Desde hace tiempo existe la voluntad de actuar en la zona. Mantener, restaurar y desarrollar nuestra zona es una de nuestras prioridades.","breadcrumb":{"@id":"https:\/\/cc-qrga.fr\/amenager-et-preserver\/entretien-chemin\/#breadcrumb"},"inLanguage":"es","potentialAction":[{"@type":"ReadAction","target":["https:\/\/cc-qrga.fr\/amenager-et-preserver\/entretien-chemin\/"]}]},{"@type":"ImageObject","inLanguage":"es","@id":"https:\/\/cc-qrga.fr\/amenager-et-preserver\/entretien-chemin\/#primaryimage","url":"https:\/\/cc-qrga.fr\/wp-content\/uploads\/2022\/09\/balisage-DSCF0146.jpg","contentUrl":"https:\/\/cc-qrga.fr\/wp-content\/uploads\/2022\/09\/balisage-DSCF0146.jpg"},{"@type":"BreadcrumbList","@id":"https:\/\/cc-qrga.fr\/amenager-et-preserver\/entretien-chemin\/#breadcrumb","itemListElement":[{"@type":"ListItem","position":1,"name":"Accueil","item":"https:\/\/cc-qrga.fr\/"},{"@type":"ListItem","position":2,"name":"am\u00e9nager et pr\u00e9server","item":"https:\/\/cc-qrga.fr\/amenager-et-preserver\/"},{"@type":"ListItem","position":3,"name":"Entretien Chemin"}]},{"@type":"WebSite","@id":"https:\/\/cc-qrga.fr\/#website","url":"https:\/\/cc-qrga.fr\/","name":"Mancomunidad de municipios de Quercy Rouergue y Gargantas del Aveyron","description":"qrga","potentialAction":[{"@type":"SearchAction","target":{"@type":"EntryPoint","urlTemplate":"https:\/\/cc-qrga.fr\/?s={search_term_string}"},"query-input":{"@type":"PropertyValueSpecification","valueRequired":true,"valueName":"search_term_string"}}],"inLanguage":"es"}]}},"_links":{"self":[{"href":"https:\/\/cc-qrga.fr\/es\/wp-json\/wp\/v2\/pages\/143","targetHints":{"allow":["GET"]}}],"collection":[{"href":"https:\/\/cc-qrga.fr\/es\/wp-json\/wp\/v2\/pages"}],"about":[{"href":"https:\/\/cc-qrga.fr\/es\/wp-json\/wp\/v2\/types\/page"}],"author":[{"embeddable":true,"href":"https:\/\/cc-qrga.fr\/es\/wp-json\/wp\/v2\/users\/22"}],"replies":[{"embeddable":true,"href":"https:\/\/cc-qrga.fr\/es\/wp-json\/wp\/v2\/comments?post=143"}],"version-history":[{"count":0,"href":"https:\/\/cc-qrga.fr\/es\/wp-json\/wp\/v2\/pages\/143\/revisions"}],"up":[{"embeddable":true,"href":"https:\/\/cc-qrga.fr\/es\/wp-json\/wp\/v2\/pages\/28"}],"wp:attachment":[{"href":"https:\/\/cc-qrga.fr\/es\/wp-json\/wp\/v2\/media?parent=143"}],"curies":[{"name":"wp","href":"https:\/\/api.w.org\/{rel}","templated":true}]}}