{"id":15175,"date":"2022-08-18T15:02:06","date_gmt":"2022-08-18T13:02:06","guid":{"rendered":"https:\/\/cc-qrga.fr\/?page_id=15175"},"modified":"2022-08-18T15:05:25","modified_gmt":"2022-08-18T13:05:25","slug":"livret-3","status":"publish","type":"page","link":"https:\/\/cc-qrga.fr\/es\/livret-3\/","title":{"rendered":"Livret 3"},"content":{"rendered":"<div data-elementor-type=\"wp-page\" data-elementor-id=\"15175\" class=\"elementor elementor-15175\" data-elementor-post-type=\"page\">\n\t\t\t\t\t\t<section class=\"has_eae_slider elementor-section elementor-top-section elementor-element elementor-element-5c4dda46 elementor-section-boxed elementor-section-height-default elementor-section-height-default\" data-eae-slider=\"80705\" data-id=\"5c4dda46\" data-element_type=\"section\" data-e-type=\"section\">\n\t\t\t\t\t\t<div class=\"elementor-container elementor-column-gap-default\">\n\t\t\t\t\t<div class=\"has_eae_slider elementor-column elementor-col-100 elementor-top-column elementor-element elementor-element-7c4d6dea\" data-eae-slider=\"49969\" data-id=\"7c4d6dea\" data-element_type=\"column\" data-e-type=\"column\">\n\t\t\t<div class=\"elementor-widget-wrap elementor-element-populated\">\n\t\t\t\t\t\t<div class=\"elementor-element elementor-element-1b363996 elementor-widget elementor-widget-heading\" data-id=\"1b363996\" data-element_type=\"widget\" data-e-type=\"widget\" data-widget_type=\"heading.default\">\n\t\t\t\t<div class=\"elementor-widget-container\">\n\t\t\t\t\t<h2 class=\"elementor-heading-title elementor-size-default\">Carta arquitect\u00f3nica del QRGA<\/h2>\t\t\t\t<\/div>\n\t\t\t\t<\/div>\n\t\t\t\t<div class=\"elementor-element elementor-element-282f5724 elementor-widget elementor-widget-heading\" data-id=\"282f5724\" data-element_type=\"widget\" data-e-type=\"widget\" data-widget_type=\"heading.default\">\n\t\t\t\t<div class=\"elementor-widget-container\">\n\t\t\t\t\t<h3 class=\"elementor-heading-title elementor-size-default\">Libro 3: convertir edificios antiguos en viviendas<\/h3>\t\t\t\t<\/div>\n\t\t\t\t<\/div>\n\t\t\t\t\t<\/div>\n\t\t<\/div>\n\t\t\t\t\t<\/div>\n\t\t<\/section>\n\t\t\t\t<section class=\"has_eae_slider elementor-section elementor-top-section elementor-element elementor-element-60e3760c elementor-section-boxed elementor-section-height-default elementor-section-height-default\" data-eae-slider=\"54440\" data-id=\"60e3760c\" data-element_type=\"section\" data-e-type=\"section\">\n\t\t\t\t\t\t<div class=\"elementor-container elementor-column-gap-default\">\n\t\t\t\t\t<div class=\"has_eae_slider elementor-column elementor-col-100 elementor-top-column elementor-element elementor-element-44f4ede6\" data-eae-slider=\"96943\" data-id=\"44f4ede6\" data-element_type=\"column\" data-e-type=\"column\">\n\t\t\t<div class=\"elementor-widget-wrap elementor-element-populated\">\n\t\t\t\t\t\t<div class=\"elementor-element elementor-element-396f8c5c elementor-widget elementor-widget-text-editor\" data-id=\"396f8c5c\" data-element_type=\"widget\" data-e-type=\"widget\" data-widget_type=\"text-editor.default\">\n\t\t\t\t<div class=\"elementor-widget-container\">\n\t\t\t\t\t\t\t\t\t<p>El cambio de uso de un edificio se busca a menudo con vistas a aumentar su valor y garantizar su supervivencia a largo plazo (mantenimiento de una funci\u00f3n \u00fatil). En este tercer folleto encontrar\u00e1 recomendaciones para :<\/p><ul><li>preservar las caracter\u00edsticas arquitect\u00f3nicas de los edificios locales adapt\u00e1ndolos al mismo tiempo a la evoluci\u00f3n contempor\u00e1nea,<\/li><li>convertir un edificio agr\u00edcola en vivienda,<\/li><li>incorporar ampliaciones contempor\u00e1neas.<\/li><\/ul>\t\t\t\t\t\t\t\t<\/div>\n\t\t\t\t<\/div>\n\t\t\t\t\t<\/div>\n\t\t<\/div>\n\t\t\t\t\t<\/div>\n\t\t<\/section>\n\t\t\t\t<section class=\"has_eae_slider elementor-section elementor-top-section elementor-element elementor-element-7d063fd4 elementor-section-boxed elementor-section-height-default elementor-section-height-default\" data-eae-slider=\"41331\" data-id=\"7d063fd4\" data-element_type=\"section\" data-e-type=\"section\">\n\t\t\t\t\t\t<div class=\"elementor-container elementor-column-gap-default\">\n\t\t\t\t\t<div class=\"has_eae_slider elementor-column elementor-col-100 elementor-top-column elementor-element elementor-element-1bfe983a\" data-eae-slider=\"85885\" data-id=\"1bfe983a\" data-element_type=\"column\" data-e-type=\"column\">\n\t\t\t<div class=\"elementor-widget-wrap elementor-element-populated\">\n\t\t\t\t\t\t<div class=\"elementor-element elementor-element-278cfa7a elementor-widget elementor-widget-video\" data-id=\"278cfa7a\" data-element_type=\"widget\" data-e-type=\"widget\" data-settings=\"{&quot;youtube_url&quot;:&quot;https:\\\/\\\/youtu.be\\\/gL32BjLquVE&quot;,&quot;video_type&quot;:&quot;youtube&quot;,&quot;controls&quot;:&quot;yes&quot;}\" data-widget_type=\"video.default\">\n\t\t\t\t<div class=\"elementor-widget-container\">\n\t\t\t\t\t\t\t<div class=\"elementor-wrapper elementor-open-inline\">\n\t\t\t<div class=\"elementor-video\"><\/div>\t\t<\/div>\n\t\t\t\t\t\t<\/div>\n\t\t\t\t<\/div>\n\t\t\t\t<div class=\"elementor-element elementor-element-3c61e27 elementor-widget elementor-widget-text-editor\" data-id=\"3c61e27\" data-element_type=\"widget\" data-e-type=\"widget\" data-widget_type=\"text-editor.default\">\n\t\t\t\t<div class=\"elementor-widget-container\">\n\t\t\t\t\t\t\t\t\t<p>El documento puede descargarse \u00edntegramente en la siguiente direcci\u00f3n:<br \/><a href=\"https:\/\/cc-qrga.fr\/wp-content\/uploads\/2019\/04\/Charte-QRGA-Livret-3-Transformer-un-b%C3%A2timent-ancien-en-habitation-.pdf\">Carta QRGA - Folleto 3 - Convertir un edificio antiguo en una vivienda<\/a><\/p>\t\t\t\t\t\t\t\t<\/div>\n\t\t\t\t<\/div>\n\t\t\t\t\t<\/div>\n\t\t<\/div>\n\t\t\t\t\t<\/div>\n\t\t<\/section>\n\t\t\t\t<\/div>","protected":false},"excerpt":{"rendered":"<p>Charte architecturale QRGA Livret 3 : transformer du b\u00e2ti ancien en habitation Le changement de destination d\u2019un b\u00e2timent est souvent recherch\u00e9 en vue de sa valorisation et afin de permettre sa p\u00e9rennit\u00e9 dans le temps (maintien d\u2019une fonction utilitaire). Dans ce troisi\u00e8me livret, vous trouverez les pr\u00e9conisations pour : pr\u00e9server les caract\u00e9ristiques architecturales du b\u00e2ti [&hellip;]<\/p>","protected":false},"author":22,"featured_media":0,"parent":0,"menu_order":0,"comment_status":"closed","ping_status":"closed","template":"","meta":{"footnotes":""},"class_list":["post-15175","page","type-page","status-publish","hentry"],"yoast_head":"<!-- This site is optimized with the Yoast SEO plugin v27.4 - https:\/\/yoast.com\/product\/yoast-seo-wordpress\/ -->\n<title>Livret 3 - Communaut\u00e9 de communes du Quercy Rouergue et des Gorges de l&#039;Aveyron<\/title>\n<meta name=\"robots\" content=\"index, follow, max-snippet:-1, max-image-preview:large, max-video-preview:-1\" \/>\n<link rel=\"canonical\" href=\"https:\/\/cc-qrga.fr\/es\/livret-3\/\" \/>\n<meta property=\"og:locale\" content=\"es_ES\" \/>\n<meta property=\"og:type\" content=\"article\" \/>\n<meta property=\"og:title\" content=\"Livret 3 - Communaut\u00e9 de communes du Quercy Rouergue et des Gorges de l&#039;Aveyron\" \/>\n<meta property=\"og:description\" content=\"Charte architecturale QRGA Livret 3 : transformer du b\u00e2ti ancien en habitation Le changement de destination d\u2019un b\u00e2timent est souvent recherch\u00e9 en vue de sa valorisation et afin de permettre sa p\u00e9rennit\u00e9 dans le temps (maintien d\u2019une fonction utilitaire). Dans ce troisi\u00e8me livret, vous trouverez les pr\u00e9conisations pour : pr\u00e9server les caract\u00e9ristiques architecturales du b\u00e2ti [&hellip;]\" \/>\n<meta property=\"og:url\" content=\"https:\/\/cc-qrga.fr\/es\/livret-3\/\" \/>\n<meta property=\"og:site_name\" content=\"Communaut\u00e9 de communes du Quercy Rouergue et des Gorges de l&#039;Aveyron\" \/>\n<meta property=\"article:modified_time\" content=\"2022-08-18T13:05:25+00:00\" \/>\n<meta name=\"twitter:card\" content=\"summary_large_image\" \/>\n<meta name=\"twitter:label1\" content=\"Tiempo de lectura\" \/>\n\t<meta name=\"twitter:data1\" content=\"1 minuto\" \/>\n<script type=\"application\/ld+json\" class=\"yoast-schema-graph\">{\"@context\":\"https:\\\/\\\/schema.org\",\"@graph\":[{\"@type\":\"WebPage\",\"@id\":\"https:\\\/\\\/cc-qrga.fr\\\/livret-3\\\/\",\"url\":\"https:\\\/\\\/cc-qrga.fr\\\/livret-3\\\/\",\"name\":\"Livret 3 - Communaut\u00e9 de communes du Quercy Rouergue et des Gorges de l&#039;Aveyron\",\"isPartOf\":{\"@id\":\"https:\\\/\\\/cc-qrga.fr\\\/#website\"},\"datePublished\":\"2022-08-18T13:02:06+00:00\",\"dateModified\":\"2022-08-18T13:05:25+00:00\",\"breadcrumb\":{\"@id\":\"https:\\\/\\\/cc-qrga.fr\\\/livret-3\\\/#breadcrumb\"},\"inLanguage\":\"es\",\"potentialAction\":[{\"@type\":\"ReadAction\",\"target\":[\"https:\\\/\\\/cc-qrga.fr\\\/livret-3\\\/\"]}]},{\"@type\":\"BreadcrumbList\",\"@id\":\"https:\\\/\\\/cc-qrga.fr\\\/livret-3\\\/#breadcrumb\",\"itemListElement\":[{\"@type\":\"ListItem\",\"position\":1,\"name\":\"Accueil\",\"item\":\"https:\\\/\\\/cc-qrga.fr\\\/\"},{\"@type\":\"ListItem\",\"position\":2,\"name\":\"Livret 3\"}]},{\"@type\":\"WebSite\",\"@id\":\"https:\\\/\\\/cc-qrga.fr\\\/#website\",\"url\":\"https:\\\/\\\/cc-qrga.fr\\\/\",\"name\":\"Communaut\u00e9 de communes du Quercy Rouergue et des Gorges de l&#039;Aveyron\",\"description\":\"qrga\",\"potentialAction\":[{\"@type\":\"SearchAction\",\"target\":{\"@type\":\"EntryPoint\",\"urlTemplate\":\"https:\\\/\\\/cc-qrga.fr\\\/?s={search_term_string}\"},\"query-input\":{\"@type\":\"PropertyValueSpecification\",\"valueRequired\":true,\"valueName\":\"search_term_string\"}}],\"inLanguage\":\"es\"}]}<\/script>\n<!-- \/ Yoast SEO plugin. -->","yoast_head_json":{"title":"Livret 3 - Communaut\u00e9 de communes du Quercy Rouergue et des Gorges de l&#039;Aveyron","robots":{"index":"index","follow":"follow","max-snippet":"max-snippet:-1","max-image-preview":"max-image-preview:large","max-video-preview":"max-video-preview:-1"},"canonical":"https:\/\/cc-qrga.fr\/es\/livret-3\/","og_locale":"es_ES","og_type":"article","og_title":"Livret 3 - Communaut\u00e9 de communes du Quercy Rouergue et des Gorges de l&#039;Aveyron","og_description":"Charte architecturale QRGA Livret 3 : transformer du b\u00e2ti ancien en habitation Le changement de destination d\u2019un b\u00e2timent est souvent recherch\u00e9 en vue de sa valorisation et afin de permettre sa p\u00e9rennit\u00e9 dans le temps (maintien d\u2019une fonction utilitaire). Dans ce troisi\u00e8me livret, vous trouverez les pr\u00e9conisations pour : pr\u00e9server les caract\u00e9ristiques architecturales du b\u00e2ti [&hellip;]","og_url":"https:\/\/cc-qrga.fr\/es\/livret-3\/","og_site_name":"Communaut\u00e9 de communes du Quercy Rouergue et des Gorges de l&#039;Aveyron","article_modified_time":"2022-08-18T13:05:25+00:00","twitter_card":"summary_large_image","twitter_misc":{"Tiempo de lectura":"1 minuto"},"schema":{"@context":"https:\/\/schema.org","@graph":[{"@type":"WebPage","@id":"https:\/\/cc-qrga.fr\/livret-3\/","url":"https:\/\/cc-qrga.fr\/livret-3\/","name":"Livret 3 - Communaut\u00e9 de communes du Quercy Rouergue et des Gorges de l&#039;Aveyron","isPartOf":{"@id":"https:\/\/cc-qrga.fr\/#website"},"datePublished":"2022-08-18T13:02:06+00:00","dateModified":"2022-08-18T13:05:25+00:00","breadcrumb":{"@id":"https:\/\/cc-qrga.fr\/livret-3\/#breadcrumb"},"inLanguage":"es","potentialAction":[{"@type":"ReadAction","target":["https:\/\/cc-qrga.fr\/livret-3\/"]}]},{"@type":"BreadcrumbList","@id":"https:\/\/cc-qrga.fr\/livret-3\/#breadcrumb","itemListElement":[{"@type":"ListItem","position":1,"name":"Accueil","item":"https:\/\/cc-qrga.fr\/"},{"@type":"ListItem","position":2,"name":"Livret 3"}]},{"@type":"WebSite","@id":"https:\/\/cc-qrga.fr\/#website","url":"https:\/\/cc-qrga.fr\/","name":"Mancomunidad de municipios de Quercy Rouergue y Gargantas del Aveyron","description":"qrga","potentialAction":[{"@type":"SearchAction","target":{"@type":"EntryPoint","urlTemplate":"https:\/\/cc-qrga.fr\/?s={search_term_string}"},"query-input":{"@type":"PropertyValueSpecification","valueRequired":true,"valueName":"search_term_string"}}],"inLanguage":"es"}]}},"_links":{"self":[{"href":"https:\/\/cc-qrga.fr\/es\/wp-json\/wp\/v2\/pages\/15175","targetHints":{"allow":["GET"]}}],"collection":[{"href":"https:\/\/cc-qrga.fr\/es\/wp-json\/wp\/v2\/pages"}],"about":[{"href":"https:\/\/cc-qrga.fr\/es\/wp-json\/wp\/v2\/types\/page"}],"author":[{"embeddable":true,"href":"https:\/\/cc-qrga.fr\/es\/wp-json\/wp\/v2\/users\/22"}],"replies":[{"embeddable":true,"href":"https:\/\/cc-qrga.fr\/es\/wp-json\/wp\/v2\/comments?post=15175"}],"version-history":[{"count":0,"href":"https:\/\/cc-qrga.fr\/es\/wp-json\/wp\/v2\/pages\/15175\/revisions"}],"wp:attachment":[{"href":"https:\/\/cc-qrga.fr\/es\/wp-json\/wp\/v2\/media?parent=15175"}],"curies":[{"name":"wp","href":"https:\/\/api.w.org\/{rel}","templated":true}]}}