{"id":15185,"date":"2022-08-18T15:06:47","date_gmt":"2022-08-18T13:06:47","guid":{"rendered":"https:\/\/cc-qrga.fr\/?page_id=15185"},"modified":"2022-08-18T15:09:49","modified_gmt":"2022-08-18T13:09:49","slug":"livret-5","status":"publish","type":"page","link":"https:\/\/cc-qrga.fr\/es\/livret-5\/","title":{"rendered":"Livret 5"},"content":{"rendered":"<div data-elementor-type=\"wp-page\" data-elementor-id=\"15185\" class=\"elementor elementor-15185\" data-elementor-post-type=\"page\">\n\t\t\t\t\t\t<section class=\"has_eae_slider elementor-section elementor-top-section elementor-element elementor-element-1667a1f1 elementor-section-boxed elementor-section-height-default elementor-section-height-default\" data-eae-slider=\"56784\" data-id=\"1667a1f1\" data-element_type=\"section\" data-e-type=\"section\">\n\t\t\t\t\t\t<div class=\"elementor-container elementor-column-gap-default\">\n\t\t\t\t\t<div class=\"has_eae_slider elementor-column elementor-col-100 elementor-top-column elementor-element elementor-element-20d7d048\" data-eae-slider=\"69588\" data-id=\"20d7d048\" data-element_type=\"column\" data-e-type=\"column\">\n\t\t\t<div class=\"elementor-widget-wrap elementor-element-populated\">\n\t\t\t\t\t\t<div class=\"elementor-element elementor-element-52420ca7 elementor-widget elementor-widget-heading\" data-id=\"52420ca7\" data-element_type=\"widget\" data-e-type=\"widget\" data-widget_type=\"heading.default\">\n\t\t\t\t<div class=\"elementor-widget-container\">\n\t\t\t\t\t<h2 class=\"elementor-heading-title elementor-size-default\">Carta arquitect\u00f3nica del QRGA<\/h2>\t\t\t\t<\/div>\n\t\t\t\t<\/div>\n\t\t\t\t<div class=\"elementor-element elementor-element-1ade0501 elementor-widget elementor-widget-heading\" data-id=\"1ade0501\" data-element_type=\"widget\" data-e-type=\"widget\" data-widget_type=\"heading.default\">\n\t\t\t\t<div class=\"elementor-widget-container\">\n\t\t\t\t\t<h3 class=\"elementor-heading-title elementor-size-default\">Cuaderno 5: Organizar los espacios exteriores<\/h3>\t\t\t\t<\/div>\n\t\t\t\t<\/div>\n\t\t\t\t\t<\/div>\n\t\t<\/div>\n\t\t\t\t\t<\/div>\n\t\t<\/section>\n\t\t\t\t<section class=\"has_eae_slider elementor-section elementor-top-section elementor-element elementor-element-54bc07e9 elementor-section-boxed elementor-section-height-default elementor-section-height-default\" data-eae-slider=\"23328\" data-id=\"54bc07e9\" data-element_type=\"section\" data-e-type=\"section\">\n\t\t\t\t\t\t<div class=\"elementor-container elementor-column-gap-default\">\n\t\t\t\t\t<div class=\"has_eae_slider elementor-column elementor-col-100 elementor-top-column elementor-element elementor-element-1d3e284c\" data-eae-slider=\"61542\" data-id=\"1d3e284c\" data-element_type=\"column\" data-e-type=\"column\">\n\t\t\t<div class=\"elementor-widget-wrap elementor-element-populated\">\n\t\t\t\t\t\t<div class=\"elementor-element elementor-element-15649dc4 elementor-widget elementor-widget-text-editor\" data-id=\"15649dc4\" data-element_type=\"widget\" data-e-type=\"widget\" data-widget_type=\"text-editor.default\">\n\t\t\t\t<div class=\"elementor-widget-container\">\n\t\t\t\t\t\t\t\t\t<p>Las zonas exteriores de una propiedad (vallas, jardines, dependencias) son los primeros elementos que se ven desde los espacios p\u00fablicos. De hecho, intervienen en la composici\u00f3n del entorno vital. Para que se integren en el entorno, este folleto contiene consejos sobre c\u00f3mo :<\/p><ul><li>cuidar y armonizar el entorno y los anexos de su vivienda,<\/li><li>dise\u00f1ar una valla y\/o una puerta,<\/li><li>integrar su piscina y\/o anexos: caseta de jard\u00edn, garaje, etc.<\/li><\/ul>\t\t\t\t\t\t\t\t<\/div>\n\t\t\t\t<\/div>\n\t\t\t\t\t<\/div>\n\t\t<\/div>\n\t\t\t\t\t<\/div>\n\t\t<\/section>\n\t\t\t\t<section class=\"has_eae_slider elementor-section elementor-top-section elementor-element elementor-element-6ee9ad8c elementor-section-boxed elementor-section-height-default elementor-section-height-default\" data-eae-slider=\"19572\" data-id=\"6ee9ad8c\" data-element_type=\"section\" data-e-type=\"section\">\n\t\t\t\t\t\t<div class=\"elementor-container elementor-column-gap-default\">\n\t\t\t\t\t<div class=\"has_eae_slider elementor-column elementor-col-100 elementor-top-column elementor-element elementor-element-56f1f8ae\" data-eae-slider=\"18757\" data-id=\"56f1f8ae\" data-element_type=\"column\" data-e-type=\"column\">\n\t\t\t<div class=\"elementor-widget-wrap elementor-element-populated\">\n\t\t\t\t\t\t<div class=\"elementor-element elementor-element-69b37374 elementor-widget elementor-widget-video\" data-id=\"69b37374\" data-element_type=\"widget\" data-e-type=\"widget\" data-settings=\"{&quot;youtube_url&quot;:&quot;https:\\\/\\\/youtu.be\\\/hPMGULcJac4&quot;,&quot;video_type&quot;:&quot;youtube&quot;,&quot;controls&quot;:&quot;yes&quot;}\" data-widget_type=\"video.default\">\n\t\t\t\t<div class=\"elementor-widget-container\">\n\t\t\t\t\t\t\t<div class=\"elementor-wrapper elementor-open-inline\">\n\t\t\t<div class=\"elementor-video\"><\/div>\t\t<\/div>\n\t\t\t\t\t\t<\/div>\n\t\t\t\t<\/div>\n\t\t\t\t\t<\/div>\n\t\t<\/div>\n\t\t\t\t\t<\/div>\n\t\t<\/section>\n\t\t\t\t<\/div>","protected":false},"excerpt":{"rendered":"<p>Charte architecturale QRGA Livret 5 : organiser les espaces ext\u00e9rieurs Les espaces ext\u00e9rieurs d\u2019une propri\u00e9t\u00e9 (cl\u00f4ture, jardin, annexes) sont les premiers \u00e9l\u00e9ments perceptibles depuis les espaces publics. Ils participent de fait \u00e0 la composition du cadre de vie. Pour assurer l\u2019int\u00e9gration de ceux-ci dans leur environnement, vous trouverez dans ce livret les conseils n\u00e9cessaires pour [&hellip;]<\/p>","protected":false},"author":22,"featured_media":0,"parent":0,"menu_order":0,"comment_status":"closed","ping_status":"closed","template":"","meta":{"footnotes":""},"class_list":["post-15185","page","type-page","status-publish","hentry"],"yoast_head":"<!-- This site is optimized with the Yoast SEO plugin v27.3 - https:\/\/yoast.com\/product\/yoast-seo-wordpress\/ -->\n<title>Livret 5 - Communaut\u00e9 de communes du Quercy Rouergue et des Gorges de l&#039;Aveyron<\/title>\n<meta name=\"robots\" content=\"index, follow, max-snippet:-1, max-image-preview:large, max-video-preview:-1\" \/>\n<link rel=\"canonical\" href=\"https:\/\/cc-qrga.fr\/es\/livret-5\/\" \/>\n<meta property=\"og:locale\" content=\"es_ES\" \/>\n<meta property=\"og:type\" content=\"article\" \/>\n<meta property=\"og:title\" content=\"Livret 5 - Communaut\u00e9 de communes du Quercy Rouergue et des Gorges de l&#039;Aveyron\" \/>\n<meta property=\"og:description\" content=\"Charte architecturale QRGA Livret 5 : organiser les espaces ext\u00e9rieurs Les espaces ext\u00e9rieurs d\u2019une propri\u00e9t\u00e9 (cl\u00f4ture, jardin, annexes) sont les premiers \u00e9l\u00e9ments perceptibles depuis les espaces publics. Ils participent de fait \u00e0 la composition du cadre de vie. Pour assurer l\u2019int\u00e9gration de ceux-ci dans leur environnement, vous trouverez dans ce livret les conseils n\u00e9cessaires pour [&hellip;]\" \/>\n<meta property=\"og:url\" content=\"https:\/\/cc-qrga.fr\/es\/livret-5\/\" \/>\n<meta property=\"og:site_name\" content=\"Communaut\u00e9 de communes du Quercy Rouergue et des Gorges de l&#039;Aveyron\" \/>\n<meta property=\"article:modified_time\" content=\"2022-08-18T13:09:49+00:00\" \/>\n<meta name=\"twitter:card\" content=\"summary_large_image\" \/>\n<script type=\"application\/ld+json\" class=\"yoast-schema-graph\">{\"@context\":\"https:\\\/\\\/schema.org\",\"@graph\":[{\"@type\":\"WebPage\",\"@id\":\"https:\\\/\\\/cc-qrga.fr\\\/livret-5\\\/\",\"url\":\"https:\\\/\\\/cc-qrga.fr\\\/livret-5\\\/\",\"name\":\"Livret 5 - Communaut\u00e9 de communes du Quercy Rouergue et des Gorges de l&#039;Aveyron\",\"isPartOf\":{\"@id\":\"https:\\\/\\\/cc-qrga.fr\\\/#website\"},\"datePublished\":\"2022-08-18T13:06:47+00:00\",\"dateModified\":\"2022-08-18T13:09:49+00:00\",\"breadcrumb\":{\"@id\":\"https:\\\/\\\/cc-qrga.fr\\\/livret-5\\\/#breadcrumb\"},\"inLanguage\":\"es\",\"potentialAction\":[{\"@type\":\"ReadAction\",\"target\":[\"https:\\\/\\\/cc-qrga.fr\\\/livret-5\\\/\"]}]},{\"@type\":\"BreadcrumbList\",\"@id\":\"https:\\\/\\\/cc-qrga.fr\\\/livret-5\\\/#breadcrumb\",\"itemListElement\":[{\"@type\":\"ListItem\",\"position\":1,\"name\":\"Accueil\",\"item\":\"https:\\\/\\\/cc-qrga.fr\\\/\"},{\"@type\":\"ListItem\",\"position\":2,\"name\":\"Livret 5\"}]},{\"@type\":\"WebSite\",\"@id\":\"https:\\\/\\\/cc-qrga.fr\\\/#website\",\"url\":\"https:\\\/\\\/cc-qrga.fr\\\/\",\"name\":\"Communaut\u00e9 de communes du Quercy Rouergue et des Gorges de l&#039;Aveyron\",\"description\":\"qrga\",\"potentialAction\":[{\"@type\":\"SearchAction\",\"target\":{\"@type\":\"EntryPoint\",\"urlTemplate\":\"https:\\\/\\\/cc-qrga.fr\\\/?s={search_term_string}\"},\"query-input\":{\"@type\":\"PropertyValueSpecification\",\"valueRequired\":true,\"valueName\":\"search_term_string\"}}],\"inLanguage\":\"es\"}]}<\/script>\n<!-- \/ Yoast SEO plugin. -->","yoast_head_json":{"title":"Livret 5 - Communaut\u00e9 de communes du Quercy Rouergue et des Gorges de l&#039;Aveyron","robots":{"index":"index","follow":"follow","max-snippet":"max-snippet:-1","max-image-preview":"max-image-preview:large","max-video-preview":"max-video-preview:-1"},"canonical":"https:\/\/cc-qrga.fr\/es\/livret-5\/","og_locale":"es_ES","og_type":"article","og_title":"Livret 5 - Communaut\u00e9 de communes du Quercy Rouergue et des Gorges de l&#039;Aveyron","og_description":"Charte architecturale QRGA Livret 5 : organiser les espaces ext\u00e9rieurs Les espaces ext\u00e9rieurs d\u2019une propri\u00e9t\u00e9 (cl\u00f4ture, jardin, annexes) sont les premiers \u00e9l\u00e9ments perceptibles depuis les espaces publics. Ils participent de fait \u00e0 la composition du cadre de vie. Pour assurer l\u2019int\u00e9gration de ceux-ci dans leur environnement, vous trouverez dans ce livret les conseils n\u00e9cessaires pour [&hellip;]","og_url":"https:\/\/cc-qrga.fr\/es\/livret-5\/","og_site_name":"Communaut\u00e9 de communes du Quercy Rouergue et des Gorges de l&#039;Aveyron","article_modified_time":"2022-08-18T13:09:49+00:00","twitter_card":"summary_large_image","schema":{"@context":"https:\/\/schema.org","@graph":[{"@type":"WebPage","@id":"https:\/\/cc-qrga.fr\/livret-5\/","url":"https:\/\/cc-qrga.fr\/livret-5\/","name":"Livret 5 - Communaut\u00e9 de communes du Quercy Rouergue et des Gorges de l&#039;Aveyron","isPartOf":{"@id":"https:\/\/cc-qrga.fr\/#website"},"datePublished":"2022-08-18T13:06:47+00:00","dateModified":"2022-08-18T13:09:49+00:00","breadcrumb":{"@id":"https:\/\/cc-qrga.fr\/livret-5\/#breadcrumb"},"inLanguage":"es","potentialAction":[{"@type":"ReadAction","target":["https:\/\/cc-qrga.fr\/livret-5\/"]}]},{"@type":"BreadcrumbList","@id":"https:\/\/cc-qrga.fr\/livret-5\/#breadcrumb","itemListElement":[{"@type":"ListItem","position":1,"name":"Accueil","item":"https:\/\/cc-qrga.fr\/"},{"@type":"ListItem","position":2,"name":"Livret 5"}]},{"@type":"WebSite","@id":"https:\/\/cc-qrga.fr\/#website","url":"https:\/\/cc-qrga.fr\/","name":"Mancomunidad de municipios de Quercy Rouergue y Gargantas del Aveyron","description":"qrga","potentialAction":[{"@type":"SearchAction","target":{"@type":"EntryPoint","urlTemplate":"https:\/\/cc-qrga.fr\/?s={search_term_string}"},"query-input":{"@type":"PropertyValueSpecification","valueRequired":true,"valueName":"search_term_string"}}],"inLanguage":"es"}]}},"_links":{"self":[{"href":"https:\/\/cc-qrga.fr\/es\/wp-json\/wp\/v2\/pages\/15185","targetHints":{"allow":["GET"]}}],"collection":[{"href":"https:\/\/cc-qrga.fr\/es\/wp-json\/wp\/v2\/pages"}],"about":[{"href":"https:\/\/cc-qrga.fr\/es\/wp-json\/wp\/v2\/types\/page"}],"author":[{"embeddable":true,"href":"https:\/\/cc-qrga.fr\/es\/wp-json\/wp\/v2\/users\/22"}],"replies":[{"embeddable":true,"href":"https:\/\/cc-qrga.fr\/es\/wp-json\/wp\/v2\/comments?post=15185"}],"version-history":[{"count":0,"href":"https:\/\/cc-qrga.fr\/es\/wp-json\/wp\/v2\/pages\/15185\/revisions"}],"wp:attachment":[{"href":"https:\/\/cc-qrga.fr\/es\/wp-json\/wp\/v2\/media?parent=15185"}],"curies":[{"name":"wp","href":"https:\/\/api.w.org\/{rel}","templated":true}]}}