{"id":15409,"date":"2022-08-26T07:21:42","date_gmt":"2022-08-26T05:21:42","guid":{"rendered":"https:\/\/cc-qrga.fr\/?page_id=15409"},"modified":"2024-05-29T12:37:21","modified_gmt":"2024-05-29T10:37:21","slug":"locations","status":"publish","type":"page","link":"https:\/\/cc-qrga.fr\/es\/locations\/","title":{"rendered":"Alquileres"},"content":{"rendered":"<div data-elementor-type=\"wp-page\" data-elementor-id=\"15409\" class=\"elementor elementor-15409\" data-elementor-post-type=\"page\">\n\t\t\t\t\t\t<section class=\"has_eae_slider elementor-section elementor-top-section elementor-element elementor-element-f82e974 elementor-section-boxed elementor-section-height-default elementor-section-height-default\" data-eae-slider=\"24673\" data-id=\"f82e974\" data-element_type=\"section\" data-e-type=\"section\">\n\t\t\t\t\t\t<div class=\"elementor-container elementor-column-gap-default\">\n\t\t\t\t\t<div class=\"has_eae_slider elementor-column elementor-col-100 elementor-top-column elementor-element elementor-element-5e9a30a\" data-eae-slider=\"64212\" data-id=\"5e9a30a\" data-element_type=\"column\" data-e-type=\"column\">\n\t\t\t<div class=\"elementor-widget-wrap elementor-element-populated\">\n\t\t\t\t\t\t<div class=\"elementor-element elementor-element-eba7e78 elementor-widget elementor-widget-heading\" data-id=\"eba7e78\" data-element_type=\"widget\" data-e-type=\"widget\" data-widget_type=\"heading.default\">\n\t\t\t\t<div class=\"elementor-widget-container\">\n\t\t\t\t\t<h1 class=\"elementor-heading-title elementor-size-default\">Alquileres<\/h1>\t\t\t\t<\/div>\n\t\t\t\t<\/div>\n\t\t\t\t\t<\/div>\n\t\t<\/div>\n\t\t\t\t\t<\/div>\n\t\t<\/section>\n\t\t\t\t<section class=\"has_eae_slider elementor-section elementor-top-section elementor-element elementor-element-80cf35b elementor-section-boxed elementor-section-height-default elementor-section-height-default\" data-eae-slider=\"48729\" data-id=\"80cf35b\" data-element_type=\"section\" data-e-type=\"section\">\n\t\t\t\t\t\t<div class=\"elementor-container elementor-column-gap-default\">\n\t\t\t\t\t<div class=\"has_eae_slider elementor-column elementor-col-100 elementor-top-column elementor-element elementor-element-95bee00\" data-eae-slider=\"79965\" data-id=\"95bee00\" data-element_type=\"column\" data-e-type=\"column\">\n\t\t\t<div class=\"elementor-widget-wrap elementor-element-populated\">\n\t\t\t\t\t\t<div class=\"elementor-element elementor-element-462be04 elementor-widget elementor-widget-shortcode\" data-id=\"462be04\" data-element_type=\"widget\" data-e-type=\"widget\" data-widget_type=\"shortcode.default\">\n\t\t\t\t<div class=\"elementor-widget-container\">\n\t\t\t\t\t\t\t<div class=\"elementor-shortcode\">\n<table id=\"tablepress-1\" class=\"tablepress tablepress-id-1\">\n<thead>\n<tr class=\"row-1\">\n\t<th class=\"column-1\">Tipo<\/th><th class=\"column-2\">Designaci\u00f3n<\/th><th class=\"column-3\">Alquiler<\/th><th class=\"column-4\">P\u00f3ngase en contacto con<\/th><th class=\"column-5\">Disponibilidad<\/th><th class=\"column-6\">Pueblo<\/th>\n<\/tr>\n<\/thead>\n<tbody class=\"row-striping row-hover\">\n<tr class=\"row-2\">\n\t<td class=\"column-1\">Studio meubl\u00e9<br \/>\n16 m\u00b2 <\/td><td class=\"column-2\">Situ\u00e9 13 rue du Long<br \/>\nDouble vitrage et rideaux occultants<br \/>\nCuisinette avec frigidaire, micro onde et plaques \u00e9lectriques<br \/>\nCalefacci\u00f3n el\u00e9ctrica<br \/>\nCanap\u00e9 lit<\/td><td class=\"column-3\">260 \u20ac\u00a0+ 10\u20ac de provision pour charges<\/td><td class=\"column-4\">Mme VERGNES<br \/>\n05 63 65 77 02 HR <br \/>\n06 23 63 42 44<\/td><td class=\"column-5\">Gratis<\/td><td class=\"column-6\">Caylus<\/td>\n<\/tr>\n<tr class=\"row-3\">\n\t<td class=\"column-1\">T2<\/td><td class=\"column-2\">Appartement de 35m2 situ\u00e9 au 1er \u00e9tage du 51 avenue du p\u00e8re Huc \u00e0 Caylus.<\/td><td class=\"column-3\">440 \u20ac\u00a0+ 40\u20ac de provision pour charges<\/td><td class=\"column-4\">Magalie LALA<br \/>\nIAD Immobilier<br \/>\n06 27 15 15 69<\/td><td class=\"column-5\">Gratis<\/td><td class=\"column-6\">Caylus<\/td>\n<\/tr>\n<tr class=\"row-4\">\n\t<td class=\"column-1\">Maison T2<\/td><td class=\"column-2\">1 chambre<br \/>\nSalon, kitchenette<br \/>\nJardin, pr\u00e9au et terrasse<\/td><td class=\"column-3\">515 \u20ac<\/td><td class=\"column-4\">SR. MOLLES <br \/>\n05 63 67 00 90<\/td><td class=\"column-5\">Gratis<\/td><td class=\"column-6\">San Antonino Val Noble<\/td>\n<\/tr>\n<tr class=\"row-5\">\n\t<td class=\"column-1\">T3<\/td><td class=\"column-2\">2 habitaciones<br \/>\n3 rue Guilhem Peyre<\/td><td class=\"column-3\">550 \u20ac<\/td><td class=\"column-4\">M. GERARD<br \/>\n06 45 77 51 06<\/td><td class=\"column-5\">Gratis<\/td><td class=\"column-6\">San Antonino Val Noble<\/td>\n<\/tr>\n<tr class=\"row-6\">\n\t<td class=\"column-1\">T1 meubl\u00e9<\/td><td class=\"column-2\">rue du four neuf<\/td><td class=\"column-3\">280 \u20ac<\/td><td class=\"column-4\">M. GERARD<br \/>\n06 45 77 51 06<\/td><td class=\"column-5\">Gratis<\/td><td class=\"column-6\">San Antonino Val Noble<\/td>\n<\/tr>\n<tr class=\"row-7\">\n\t<td class=\"column-1\">T3 <br \/>\n65 m\u00b2<br \/>\nDPE C<\/td><td class=\"column-2\">Id\u00e9alement situ\u00e9 sur les bords de l'Aveyron<br \/>\nRefait \u00e0 neuf, situ\u00e9 au 2\u00e8me \u00e9tage sans ascenseur<br \/>\nGrande pi\u00e8ce commune avec cuisine<br \/>\n2 habitaciones<br \/>\nsalle de bain<br \/>\nPlacrads<\/td><td class=\"column-3\">780 \u20ac + 50 \u20ac de charges<\/td><td class=\"column-4\">DELAMAIRE-HOUBE Sidonie<br \/>\n06 70 64 36 52<\/td><td class=\"column-5\">Gratis<\/td><td class=\"column-6\">San Antonino Val Noble<\/td>\n<\/tr>\n<tr class=\"row-8\">\n\t<td class=\"column-1\">T3 <br \/>\n61,85 m\u00b2<br \/>\nDPE C<\/td><td class=\"column-2\">Id\u00e9alement situ\u00e9 sur les bords de l'Aveyron<br \/>\nRefait \u00e0 neuf, situ\u00e9 au 2\u00e8me \u00e9tage sans ascenseur<br \/>\nGrande pi\u00e8ce commune avec cuisine<br \/>\n2 habitaciones<br \/>\nsalle d'eau<br \/>\nPlacrads<\/td><td class=\"column-3\">720 \u20ac + 50 \u20ac de charges<\/td><td class=\"column-4\">DELAMAIRE-HOUBE Sidonie<br \/>\n06 70 64 36 52<\/td><td class=\"column-5\">Gratis<\/td><td class=\"column-6\">San Antonino Val Noble<\/td>\n<\/tr>\n<tr class=\"row-9\">\n\t<td class=\"column-1\">Piso T3<br \/>\n86 m\u00b2<\/td><td class=\"column-2\">2 habitaciones<br \/>\nSituado en la 3\u00aa planta, 14 rue Guilhem Peyre<br \/>\nnuevo<br \/>\nCalefacci\u00f3n el\u00e9ctrica<\/td><td class=\"column-3\">680 + 20 euros de gastos<\/td><td class=\"column-4\">Sra. REYNIER<br \/>\n05 34 41 39 09 <br \/>\n06 11 87 54 90<\/td><td class=\"column-5\">Gratis <\/td><td class=\"column-6\">San Antonino Val Noble<\/td>\n<\/tr>\n<\/tbody>\n<\/table>\n<!-- #tablepress-1 from cache --><\/div>\n\t\t\t\t\t\t<\/div>\n\t\t\t\t<\/div>\n\t\t\t\t\t<\/div>\n\t\t<\/div>\n\t\t\t\t\t<\/div>\n\t\t<\/section>\n\t\t\t\t<section class=\"has_eae_slider elementor-section elementor-top-section elementor-element elementor-element-0f16742 elementor-section-boxed elementor-section-height-default elementor-section-height-default\" data-eae-slider=\"88284\" data-id=\"0f16742\" data-element_type=\"section\" data-e-type=\"section\">\n\t\t\t\t\t\t<div class=\"elementor-container elementor-column-gap-default\">\n\t\t\t\t\t<div class=\"has_eae_slider elementor-column elementor-col-100 elementor-top-column elementor-element elementor-element-37d461b\" data-eae-slider=\"97075\" data-id=\"37d461b\" data-element_type=\"column\" data-e-type=\"column\">\n\t\t\t<div class=\"elementor-widget-wrap elementor-element-populated\">\n\t\t\t\t\t\t<div class=\"elementor-element elementor-element-8262c44 elementor-widget elementor-widget-heading\" data-id=\"8262c44\" data-element_type=\"widget\" data-e-type=\"widget\" data-widget_type=\"heading.default\">\n\t\t\t\t<div class=\"elementor-widget-container\">\n\t\t\t\t\t<h1 class=\"elementor-heading-title elementor-size-default\">Vivienda puente<\/h1>\t\t\t\t<\/div>\n\t\t\t\t<\/div>\n\t\t\t\t<div class=\"elementor-element elementor-element-9b374d6 elementor-widget elementor-widget-text-editor\" data-id=\"9b374d6\" data-element_type=\"widget\" data-e-type=\"widget\" data-widget_type=\"text-editor.default\">\n\t\t\t\t<div class=\"elementor-widget-container\">\n\t\t\t\t\t\t\t\t\t<p>\u00bfSe muda a la zona y necesita urgentemente un lugar donde vivir para poder instalarse definitivamente? <br \/>\u00bfSe encuentra temporalmente (m\u00e1s de un mes) en el QRGA durante el invierno y busca un peque\u00f1o (o gran) nido acogedor?<\/p><p>Aqu\u00ed tiene una lista de alojamientos amueblados disponibles -s\u00f3lo- fuera de temporada en la zona. No dude en ponerse en contacto con los propietarios para obtener m\u00e1s informaci\u00f3n.<\/p>\t\t\t\t\t\t\t\t<\/div>\n\t\t\t\t<\/div>\n\t\t\t\t<div class=\"elementor-element elementor-element-7576f93 elementor-widget elementor-widget-shortcode\" data-id=\"7576f93\" data-element_type=\"widget\" data-e-type=\"widget\" data-widget_type=\"shortcode.default\">\n\t\t\t\t<div class=\"elementor-widget-container\">\n\t\t\t\t\t\t\t<div class=\"elementor-shortcode\">\n<table id=\"tablepress-3\" class=\"tablepress tablepress-id-3\">\n<thead>\n<tr class=\"row-1\">\n\t<th class=\"column-1\">Tipo<\/th><th class=\"column-2\">Descripci\u00f3n<\/th><th class=\"column-3\">Alquiler<\/th><th class=\"column-4\">P\u00f3ngase en contacto con<\/th><th class=\"column-5\">Disponibilidad<\/th><th class=\"column-6\">Municipio<\/th><th class=\"column-7\">Equipamiento<\/th><th class=\"column-8\">Tipo de calefacci\u00f3n<\/th>\n<\/tr>\n<\/thead>\n<tbody class=\"row-striping row-hover\">\n<tr class=\"row-2\">\n\t<td class=\"column-1\">Viviendas en el centro de la ciudad (100m2 en total)<\/td><td class=\"column-2\">Dos apartamentos y una casa rural disponibles. Los apartamentos tienen capacidad para 4 y 5 personas, la casa rural tiene capacidad para 2 personas.<br \/>\nCon jard\u00edn o espacio exterior.<br \/>\nhttps:\/\/www.lapelisserie.com\/fr<\/td><td class=\"column-3\">p\u00f3ngase en contacto con el propietario para tarifas a largo plazo.<\/td><td class=\"column-4\">Se\u00f1ora Presi\u00f3n<br \/>\n06 81 20 47 22<br \/>\ninfo@lapelisserie.com<\/td><td class=\"column-5\">Disponible del 1 de octubre de 2024 al 30 de abril de 2025.<\/td><td class=\"column-6\">San Antonino Val Noble<\/td><td class=\"column-7\">Totalmente equipado<br \/>\n<\/td><td class=\"column-8\">fuel\u00f3leo<\/td>\n<\/tr>\n<tr class=\"row-3\">\n\t<td class=\"column-1\">Casas medievales adosadas<\/td><td class=\"column-2\">Renovado con todas las comodidades:<br \/>\n- Casa para 4 personas (2 habitaciones con 2 camas dobles) con jard\u00edn y piscina.<br \/>\n- Casa para 6 personas (2 habitaciones, 1 cama doble y 4 camas individuales), gran terraza.<\/td><td class=\"column-3\">contactar con el propietario<\/td><td class=\"column-4\">SR LAPEYRE<br \/>\n06 14 25 79 00<\/td><td class=\"column-5\">Disponible de finales de septiembre de 2024 al 30 de abril de 2025<\/td><td class=\"column-6\">Puylagarde<\/td><td class=\"column-7\">Totalmente equipado<\/td><td class=\"column-8\">estufa de le\u00f1a<\/td>\n<\/tr>\n<tr class=\"row-4\">\n\t<td class=\"column-1\">Gran casa divisible<\/td><td class=\"column-2\">Casa de dise\u00f1o arquitect\u00f3nico con 6 dormitorios divididos en 4 viviendas independientes con ba\u00f1o propio. <br \/>\n13 plazas. <br \/>\nPosibilidad de alquilar toda la propiedad o por habitaciones, se puede dividir para 2, 4 o 6 personas.<br \/>\nPour plus d'informations : https:\/\/www.locationgitemeunier.com\/leg%C3%AEte <\/td><td class=\"column-3\">contactar con el propietario<\/td><td class=\"column-4\">SR LAPEYRE<br \/>\n06 14 25 79 00<\/td><td class=\"column-5\">Disponible de finales de septiembre de 2024 al 30 de abril de 2025<\/td><td class=\"column-6\">Loze<\/td><td class=\"column-7\">Totalmente equipado<\/td><td class=\"column-8\">el\u00e9ctrico; estufa de le\u00f1a<\/td>\n<\/tr>\n<tr class=\"row-5\">\n\t<td class=\"column-1\">Casa 120m2<\/td><td class=\"column-2\">Casa en 1\u00aa planta con jard\u00edn junto al r\u00edo, cocina y sal\u00f3n-comedor muy amplios.<br \/>\n2 dormitorios (2 camas dobles), 1 cuarto de ba\u00f1o<br \/>\nTotalmente aislado con listones de madera - \u00e1tico y suelos.<br \/>\nInodoro de vermicompost \"seco\" sin necesidad de vaciarlos.<br \/>\n<\/td><td class=\"column-3\">600\/mes con gastos incluidos (le\u00f1a, agua, wifi de banda ancha, electricidad incluida por kWh)<\/td><td class=\"column-4\">Sr. Paugam<br \/>\n06 78 72 81 75<\/td><td class=\"column-5\">del 15 de diciembre de 2024 al 31 de marzo de 2025<\/td><td class=\"column-6\">Lexos le bas<\/td><td class=\"column-7\">Totalmente equipado<\/td><td class=\"column-8\">radiadores de hierro fundido, caldera de le\u00f1a;<\/td>\n<\/tr>\n<tr class=\"row-6\">\n\t<td class=\"column-1\">Casa de 300m2<\/td><td class=\"column-2\">Gran casa con 7 dormitorios y 5 cuartos de ducha.<br \/>\nCapacidad: 15 personas.<br \/>\nAlojamiento adaptado para personas con movilidad reducida.<br \/>\nposibilidad de alquilar en coliving con cada persona con su propio dormitorio y cuarto de ducha y compartiendo las zonas comunes (muy espaciosas)<br \/>\n<\/td><td class=\"column-3\">2200\u20ac sin gastos (posibilidad de submedici\u00f3n de agua y electricidad)<\/td><td class=\"column-4\">SR LONJON<br \/>\n06 77 97 40 86<\/td><td class=\"column-5\">Enero-febrero de 2024 <\/td><td class=\"column-6\">San Antonino Val Noble<\/td><td class=\"column-7\">Totalmente equipado<\/td><td class=\"column-8\">Estufa de le\u00f1a o pellets; El\u00e9ctrica<\/td>\n<\/tr>\n<tr class=\"row-7\">\n\t<td class=\"column-1\">Casa de 160m2<\/td><td class=\"column-2\">Casa muy confortable con una capacidad m\u00e1xima de 6 adultos u 8 personas con ni\u00f1os (1 dormitorio con 4 camas individuales, 2 dormitorios con camas dobles). Gran sal\u00f3n, parking, 2 aseos.<\/td><td class=\"column-3\">700\u20ac agua incluida, electricidad no incluida<\/td><td class=\"column-4\">SR TEISSIER<br \/>\n06 82 19 18 88<\/td><td class=\"column-5\">Septiembre 2023 - Mayo 2024<\/td><td class=\"column-6\">Caylus<\/td><td class=\"column-7\">Totalmente equipado <\/td><td class=\"column-8\">Chimenea; El\u00e9ctrico<\/td>\n<\/tr>\n<tr class=\"row-8\">\n\t<td class=\"column-1\">Casa 130m2<\/td><td class=\"column-2\">Casa con jard\u00edn. 3 habitaciones dobles, capacidad m\u00e1xima 6 adultos.<\/td><td class=\"column-3\">700\u20ac agua incluida, electricidad no incluida<\/td><td class=\"column-4\">SR TEISSIER<br \/>\n06 82 19 18 88<\/td><td class=\"column-5\">Septiembre 2023 - Mayo 2024<\/td><td class=\"column-6\">Caylus<\/td><td class=\"column-7\">Totalmente equipado<\/td><td class=\"column-8\">Chimenea; El\u00e9ctrico<\/td>\n<\/tr>\n<\/tbody>\n<\/table>\n<!-- #tablepress-3 from cache --><\/div>\n\t\t\t\t\t\t<\/div>\n\t\t\t\t<\/div>\n\t\t\t\t\t<\/div>\n\t\t<\/div>\n\t\t\t\t\t<\/div>\n\t\t<\/section>\n\t\t\t\t<section class=\"has_eae_slider elementor-section elementor-top-section elementor-element elementor-element-7ce805e elementor-section-boxed elementor-section-height-default elementor-section-height-default\" data-eae-slider=\"11888\" data-id=\"7ce805e\" data-element_type=\"section\" data-e-type=\"section\" data-settings=\"{&quot;background_background&quot;:&quot;classic&quot;}\">\n\t\t\t\t\t\t<div class=\"elementor-container elementor-column-gap-default\">\n\t\t\t\t\t<div class=\"has_eae_slider elementor-column elementor-col-100 elementor-top-column elementor-element elementor-element-32b141f\" data-eae-slider=\"5470\" data-id=\"32b141f\" data-element_type=\"column\" data-e-type=\"column\">\n\t\t\t<div class=\"elementor-widget-wrap elementor-element-populated\">\n\t\t\t\t\t\t<div class=\"elementor-element elementor-element-bedae12 elementor-widget elementor-widget-heading\" data-id=\"bedae12\" data-element_type=\"widget\" data-e-type=\"widget\" data-widget_type=\"heading.default\">\n\t\t\t\t<div class=\"elementor-widget-container\">\n\t\t\t\t\t<h2 class=\"elementor-heading-title elementor-size-default\">Informaci\u00f3n pr\u00e1ctica<\/h2>\t\t\t\t<\/div>\n\t\t\t\t<\/div>\n\t\t\t\t<div class=\"elementor-element elementor-element-1aaf51b elementor-widget elementor-widget-text-editor\" data-id=\"1aaf51b\" data-element_type=\"widget\" data-e-type=\"widget\" data-widget_type=\"text-editor.default\">\n\t\t\t\t<div class=\"elementor-widget-container\">\n\t\t\t\t\t\t\t\t\t<p>En Laguepie, Saint Antonin Noble Val, Parisot y Varen, dos organizaciones ofrecen viviendas sociales: Tarn et Garonne Habitat y<br \/>Promologis.<br \/>Las solicitudes pueden presentarse en l\u00ednea en<strong> <a href=\"https:\/\/www.demande-logement-social.gouv.fr\">https:\/\/www.demande-logement-social.gouv.fr<\/a><\/strong><\/p><p><strong>Contacto:<\/strong><\/p><p>H\u00e1bitat de Tarn et Garonne<br \/>05 63 91 70 00<br \/>Promologis<br \/>0820 85 85 83<\/p>\t\t\t\t\t\t\t\t<\/div>\n\t\t\t\t<\/div>\n\t\t\t\t\t<\/div>\n\t\t<\/div>\n\t\t\t\t\t<\/div>\n\t\t<\/section>\n\t\t\t\t<\/div>","protected":false},"excerpt":{"rendered":"<p>Locations Logement passerelles Vous emm\u00e9nagez sur le territoire et avez un besoin urgent de logement afin de prendre le temps de vous installer de mani\u00e8re p\u00e9renne ? Vous \u00eates en QRGA temporairement (pour plus d&rsquo;un mois) pendant l&rsquo;hiver et cherchez un petit (ou grand) nid douillet ? Voici une liste des logements meubl\u00e9s disponibles -uniquement- [&hellip;]<\/p>","protected":false},"author":22,"featured_media":0,"parent":0,"menu_order":0,"comment_status":"closed","ping_status":"closed","template":"","meta":{"footnotes":""},"class_list":["post-15409","page","type-page","status-publish","hentry"],"yoast_head":"<!-- This site is optimized with the Yoast SEO plugin v27.4 - https:\/\/yoast.com\/product\/yoast-seo-wordpress\/ -->\n<title>Locations - Communaut\u00e9 de communes du Quercy Rouergue et des Gorges de l&#039;Aveyron<\/title>\n<meta name=\"robots\" content=\"index, follow, max-snippet:-1, max-image-preview:large, max-video-preview:-1\" \/>\n<link rel=\"canonical\" href=\"https:\/\/cc-qrga.fr\/es\/locations\/\" \/>\n<meta property=\"og:locale\" content=\"es_ES\" \/>\n<meta property=\"og:type\" content=\"article\" \/>\n<meta property=\"og:title\" content=\"Locations - Communaut\u00e9 de communes du Quercy Rouergue et des Gorges de l&#039;Aveyron\" \/>\n<meta property=\"og:description\" content=\"Locations Logement passerelles Vous emm\u00e9nagez sur le territoire et avez un besoin urgent de logement afin de prendre le temps de vous installer de mani\u00e8re p\u00e9renne ? Vous \u00eates en QRGA temporairement (pour plus d&rsquo;un mois) pendant l&rsquo;hiver et cherchez un petit (ou grand) nid douillet ? Voici une liste des logements meubl\u00e9s disponibles -uniquement- [&hellip;]\" \/>\n<meta property=\"og:url\" content=\"https:\/\/cc-qrga.fr\/es\/locations\/\" \/>\n<meta property=\"og:site_name\" content=\"Communaut\u00e9 de communes du Quercy Rouergue et des Gorges de l&#039;Aveyron\" \/>\n<meta property=\"article:modified_time\" content=\"2024-05-29T10:37:21+00:00\" \/>\n<meta name=\"twitter:card\" content=\"summary_large_image\" \/>\n<meta name=\"twitter:label1\" content=\"Tiempo de lectura\" \/>\n\t<meta name=\"twitter:data1\" content=\"1 minuto\" \/>\n<script type=\"application\/ld+json\" class=\"yoast-schema-graph\">{\"@context\":\"https:\\\/\\\/schema.org\",\"@graph\":[{\"@type\":\"WebPage\",\"@id\":\"https:\\\/\\\/cc-qrga.fr\\\/locations\\\/\",\"url\":\"https:\\\/\\\/cc-qrga.fr\\\/locations\\\/\",\"name\":\"Locations - Communaut\u00e9 de communes du Quercy Rouergue et des Gorges de l&#039;Aveyron\",\"isPartOf\":{\"@id\":\"https:\\\/\\\/cc-qrga.fr\\\/#website\"},\"datePublished\":\"2022-08-26T05:21:42+00:00\",\"dateModified\":\"2024-05-29T10:37:21+00:00\",\"breadcrumb\":{\"@id\":\"https:\\\/\\\/cc-qrga.fr\\\/locations\\\/#breadcrumb\"},\"inLanguage\":\"es\",\"potentialAction\":[{\"@type\":\"ReadAction\",\"target\":[\"https:\\\/\\\/cc-qrga.fr\\\/locations\\\/\"]}]},{\"@type\":\"BreadcrumbList\",\"@id\":\"https:\\\/\\\/cc-qrga.fr\\\/locations\\\/#breadcrumb\",\"itemListElement\":[{\"@type\":\"ListItem\",\"position\":1,\"name\":\"Accueil\",\"item\":\"https:\\\/\\\/cc-qrga.fr\\\/\"},{\"@type\":\"ListItem\",\"position\":2,\"name\":\"Locations\"}]},{\"@type\":\"WebSite\",\"@id\":\"https:\\\/\\\/cc-qrga.fr\\\/#website\",\"url\":\"https:\\\/\\\/cc-qrga.fr\\\/\",\"name\":\"Communaut\u00e9 de communes du Quercy Rouergue et des Gorges de l&#039;Aveyron\",\"description\":\"qrga\",\"potentialAction\":[{\"@type\":\"SearchAction\",\"target\":{\"@type\":\"EntryPoint\",\"urlTemplate\":\"https:\\\/\\\/cc-qrga.fr\\\/?s={search_term_string}\"},\"query-input\":{\"@type\":\"PropertyValueSpecification\",\"valueRequired\":true,\"valueName\":\"search_term_string\"}}],\"inLanguage\":\"es\"}]}<\/script>\n<!-- \/ Yoast SEO plugin. -->","yoast_head_json":{"title":"Locations - Communaut\u00e9 de communes du Quercy Rouergue et des Gorges de l&#039;Aveyron","robots":{"index":"index","follow":"follow","max-snippet":"max-snippet:-1","max-image-preview":"max-image-preview:large","max-video-preview":"max-video-preview:-1"},"canonical":"https:\/\/cc-qrga.fr\/es\/locations\/","og_locale":"es_ES","og_type":"article","og_title":"Locations - Communaut\u00e9 de communes du Quercy Rouergue et des Gorges de l&#039;Aveyron","og_description":"Locations Logement passerelles Vous emm\u00e9nagez sur le territoire et avez un besoin urgent de logement afin de prendre le temps de vous installer de mani\u00e8re p\u00e9renne ? Vous \u00eates en QRGA temporairement (pour plus d&rsquo;un mois) pendant l&rsquo;hiver et cherchez un petit (ou grand) nid douillet ? Voici une liste des logements meubl\u00e9s disponibles -uniquement- [&hellip;]","og_url":"https:\/\/cc-qrga.fr\/es\/locations\/","og_site_name":"Communaut\u00e9 de communes du Quercy Rouergue et des Gorges de l&#039;Aveyron","article_modified_time":"2024-05-29T10:37:21+00:00","twitter_card":"summary_large_image","twitter_misc":{"Tiempo de lectura":"1 minuto"},"schema":{"@context":"https:\/\/schema.org","@graph":[{"@type":"WebPage","@id":"https:\/\/cc-qrga.fr\/locations\/","url":"https:\/\/cc-qrga.fr\/locations\/","name":"Locations - Communaut\u00e9 de communes du Quercy Rouergue et des Gorges de l&#039;Aveyron","isPartOf":{"@id":"https:\/\/cc-qrga.fr\/#website"},"datePublished":"2022-08-26T05:21:42+00:00","dateModified":"2024-05-29T10:37:21+00:00","breadcrumb":{"@id":"https:\/\/cc-qrga.fr\/locations\/#breadcrumb"},"inLanguage":"es","potentialAction":[{"@type":"ReadAction","target":["https:\/\/cc-qrga.fr\/locations\/"]}]},{"@type":"BreadcrumbList","@id":"https:\/\/cc-qrga.fr\/locations\/#breadcrumb","itemListElement":[{"@type":"ListItem","position":1,"name":"Accueil","item":"https:\/\/cc-qrga.fr\/"},{"@type":"ListItem","position":2,"name":"Locations"}]},{"@type":"WebSite","@id":"https:\/\/cc-qrga.fr\/#website","url":"https:\/\/cc-qrga.fr\/","name":"Mancomunidad de municipios de Quercy Rouergue y Gargantas del Aveyron","description":"qrga","potentialAction":[{"@type":"SearchAction","target":{"@type":"EntryPoint","urlTemplate":"https:\/\/cc-qrga.fr\/?s={search_term_string}"},"query-input":{"@type":"PropertyValueSpecification","valueRequired":true,"valueName":"search_term_string"}}],"inLanguage":"es"}]}},"_links":{"self":[{"href":"https:\/\/cc-qrga.fr\/es\/wp-json\/wp\/v2\/pages\/15409","targetHints":{"allow":["GET"]}}],"collection":[{"href":"https:\/\/cc-qrga.fr\/es\/wp-json\/wp\/v2\/pages"}],"about":[{"href":"https:\/\/cc-qrga.fr\/es\/wp-json\/wp\/v2\/types\/page"}],"author":[{"embeddable":true,"href":"https:\/\/cc-qrga.fr\/es\/wp-json\/wp\/v2\/users\/22"}],"replies":[{"embeddable":true,"href":"https:\/\/cc-qrga.fr\/es\/wp-json\/wp\/v2\/comments?post=15409"}],"version-history":[{"count":0,"href":"https:\/\/cc-qrga.fr\/es\/wp-json\/wp\/v2\/pages\/15409\/revisions"}],"wp:attachment":[{"href":"https:\/\/cc-qrga.fr\/es\/wp-json\/wp\/v2\/media?parent=15409"}],"curies":[{"name":"wp","href":"https:\/\/api.w.org\/{rel}","templated":true}]}}