{"id":15504,"date":"2022-09-01T11:19:00","date_gmt":"2022-09-01T09:19:00","guid":{"rendered":"https:\/\/cc-qrga.fr\/?page_id=15504"},"modified":"2026-01-15T11:01:28","modified_gmt":"2026-01-15T10:01:28","slug":"lacapelle-livron","status":"publish","type":"page","link":"https:\/\/cc-qrga.fr\/es\/lacapelle-livron\/","title":{"rendered":"Lacapelle-Livron"},"content":{"rendered":"<div data-elementor-type=\"wp-page\" data-elementor-id=\"15504\" class=\"elementor elementor-15504\" data-elementor-post-type=\"page\">\n\t\t\t\t\t\t<section class=\"has_eae_slider elementor-section elementor-top-section elementor-element elementor-element-81b6296 elementor-section-boxed elementor-section-height-default elementor-section-height-default\" data-eae-slider=\"43388\" data-id=\"81b6296\" data-element_type=\"section\" data-e-type=\"section\">\n\t\t\t\t\t\t<div class=\"elementor-container elementor-column-gap-default\">\n\t\t\t\t\t<div class=\"has_eae_slider elementor-column elementor-col-50 elementor-top-column elementor-element elementor-element-c5ec2a9\" data-eae-slider=\"76125\" data-id=\"c5ec2a9\" data-element_type=\"column\" data-e-type=\"column\">\n\t\t\t<div class=\"elementor-widget-wrap elementor-element-populated\">\n\t\t\t\t\t\t<div class=\"elementor-element elementor-element-5443ce2 elementor-widget elementor-widget-heading\" data-id=\"5443ce2\" data-element_type=\"widget\" data-e-type=\"widget\" data-widget_type=\"heading.default\">\n\t\t\t\t<div class=\"elementor-widget-container\">\n\t\t\t\t\t<h2 class=\"elementor-heading-title elementor-size-default\">Lacapelle-Livron<\/h2>\t\t\t\t<\/div>\n\t\t\t\t<\/div>\n\t\t\t\t<div class=\"elementor-element elementor-element-954a360 elementor-widget elementor-widget-text-editor\" data-id=\"954a360\" data-element_type=\"widget\" data-e-type=\"widget\" data-widget_type=\"text-editor.default\">\n\t\t\t\t<div class=\"elementor-widget-container\">\n\t\t\t\t\t\t\t\t\t<div class=\"cartouche\"><p>Lacapelle-Livron, peque\u00f1a comunidad rural de 183 habitantes, est\u00e1 formada por dos pueblos muy distintos: Lacapelle-Livron y Saint-Peyronis. Estos dos pueblos est\u00e1n separados por una carretera principal y un r\u00edo repleto de peces: el Bonnette.<\/p><p>El pueblo de Lacapelle-Livron, de rico pasado hist\u00f3rico, conserva los restos de una encomienda templaria fundada a finales del siglo XI, flanqueada por una iglesia rom\u00e1nica y un campanario del siglo XIII. Este antiguo pueblo se extiende a lo largo de un saliente que domina el valle y termina en una meseta que ofrece un vasto panorama. A lo largo del camino, encontrar\u00e1 un mercado cubierto del siglo XIV y la capilla de Notre Dame des Gr\u00e2ces del siglo XV, un edificio extremadamente elegante tambi\u00e9n cubierto de tejados de pizarra, bellamente situado en el borde de la meseta. En la meseta calc\u00e1rea, el pueblo est\u00e1 rodeado de una mezcla de edificios antiguos y modernos. A pesar de la disminuci\u00f3n del n\u00famero de agricultores, las tierras se siguen utilizando con fines agr\u00edcolas.<\/p><p>El pueblo de Saint-Peyronis, al otro lado de la Bonnette, est\u00e1 formado por suelos arcilloso-calc\u00e1reos, donde a\u00fan existe una numerosa y joven poblaci\u00f3n agr\u00edcola y se han instalado algunos artesanos recientes.<\/p><p>Lacapelle-Livron es un pueblo tranquilo, c\u00e1lido y acogedor, donde conviven en un ambiente agradable agricultores, artesanos, restauradores, jubilados y veraneantes, sin olvidar a las numerosas parejas j\u00f3venes que viven en el pueblo pero salen a trabajar.<\/p><\/div>\t\t\t\t\t\t\t\t<\/div>\n\t\t\t\t<\/div>\n\t\t\t\t\t<\/div>\n\t\t<\/div>\n\t\t\t\t<div class=\"has_eae_slider elementor-column elementor-col-50 elementor-top-column elementor-element elementor-element-31b689e\" data-eae-slider=\"59775\" data-id=\"31b689e\" data-element_type=\"column\" data-e-type=\"column\">\n\t\t\t<div class=\"elementor-widget-wrap elementor-element-populated\">\n\t\t\t\t\t\t<div class=\"elementor-element elementor-element-29f8d11 elementor-widget elementor-widget-gallery\" data-id=\"29f8d11\" data-element_type=\"widget\" data-e-type=\"widget\" data-settings=\"{&quot;gallery_layout&quot;:&quot;justified&quot;,&quot;lazyload&quot;:&quot;yes&quot;,&quot;ideal_row_height&quot;:{&quot;unit&quot;:&quot;px&quot;,&quot;size&quot;:200,&quot;sizes&quot;:[]},&quot;ideal_row_height_tablet&quot;:{&quot;unit&quot;:&quot;px&quot;,&quot;size&quot;:150,&quot;sizes&quot;:[]},&quot;ideal_row_height_mobile&quot;:{&quot;unit&quot;:&quot;px&quot;,&quot;size&quot;:150,&quot;sizes&quot;:[]},&quot;gap&quot;:{&quot;unit&quot;:&quot;px&quot;,&quot;size&quot;:10,&quot;sizes&quot;:[]},&quot;gap_tablet&quot;:{&quot;unit&quot;:&quot;px&quot;,&quot;size&quot;:10,&quot;sizes&quot;:[]},&quot;gap_mobile&quot;:{&quot;unit&quot;:&quot;px&quot;,&quot;size&quot;:10,&quot;sizes&quot;:[]},&quot;link_to&quot;:&quot;file&quot;,&quot;overlay_background&quot;:&quot;yes&quot;,&quot;content_hover_animation&quot;:&quot;fade-in&quot;}\" data-widget_type=\"gallery.default\">\n\t\t\t\t<div class=\"elementor-widget-container\">\n\t\t\t\t\t\t\t<div class=\"elementor-gallery__container\">\n\t\t\t\t\t\t\t<a class=\"e-gallery-item elementor-gallery-item elementor-animated-content\" href=\"https:\/\/cc-qrga.fr\/wp-content\/uploads\/2022\/09\/IMG_20211108_080754-scaled.jpg\" data-elementor-open-lightbox=\"yes\" data-elementor-lightbox-slideshow=\"29f8d11\" data-elementor-lightbox-title=\"IMG_20211108_080754\" data-e-action-hash=\"#elementor-action%3Aaction%3Dlightbox%26settings%3DeyJpZCI6MTU1OTIsInVybCI6Imh0dHBzOlwvXC9jYy1xcmdhLmZyXC93cC1jb250ZW50XC91cGxvYWRzXC8yMDIyXC8wOVwvSU1HXzIwMjExMTA4XzA4MDc1NC1zY2FsZWQuanBnIiwic2xpZGVzaG93IjoiMjlmOGQxMSJ9\">\n\t\t\t\t\t<div class=\"e-gallery-image elementor-gallery-item__image\" data-thumbnail=\"https:\/\/cc-qrga.fr\/wp-content\/uploads\/2022\/09\/IMG_20211108_080754-300x225.jpg\" data-width=\"300\" data-height=\"225\" aria-label=\"Comunidad de Municipios QRGA\" role=\"img\" ><\/div>\n\t\t\t\t\t\t\t\t\t\t\t<div class=\"elementor-gallery-item__overlay\"><\/div>\n\t\t\t\t\t\t\t\t\t\t\t\t\t\t<\/a>\n\t\t\t\t\t\t\t<a class=\"e-gallery-item elementor-gallery-item elementor-animated-content\" href=\"https:\/\/cc-qrga.fr\/wp-content\/uploads\/2022\/09\/IMG_20211108_081414-scaled.jpg\" data-elementor-open-lightbox=\"yes\" data-elementor-lightbox-slideshow=\"29f8d11\" data-elementor-lightbox-title=\"IMG_20211108_081414\" data-e-action-hash=\"#elementor-action%3Aaction%3Dlightbox%26settings%3DeyJpZCI6MTU1OTMsInVybCI6Imh0dHBzOlwvXC9jYy1xcmdhLmZyXC93cC1jb250ZW50XC91cGxvYWRzXC8yMDIyXC8wOVwvSU1HXzIwMjExMTA4XzA4MTQxNC1zY2FsZWQuanBnIiwic2xpZGVzaG93IjoiMjlmOGQxMSJ9\">\n\t\t\t\t\t<div class=\"e-gallery-image elementor-gallery-item__image\" data-thumbnail=\"https:\/\/cc-qrga.fr\/wp-content\/uploads\/2022\/09\/IMG_20211108_081414-300x225.jpg\" data-width=\"300\" data-height=\"225\" aria-label=\"\" role=\"img\" ><\/div>\n\t\t\t\t\t\t\t\t\t\t\t<div class=\"elementor-gallery-item__overlay\"><\/div>\n\t\t\t\t\t\t\t\t\t\t\t\t\t\t<\/a>\n\t\t\t\t\t\t\t<a class=\"e-gallery-item elementor-gallery-item elementor-animated-content\" href=\"https:\/\/cc-qrga.fr\/wp-content\/uploads\/2022\/09\/IMG_20220605_142127.jpg\" data-elementor-open-lightbox=\"yes\" data-elementor-lightbox-slideshow=\"29f8d11\" data-elementor-lightbox-title=\"IMG_20220605_142127\" data-e-action-hash=\"#elementor-action%3Aaction%3Dlightbox%26settings%3DeyJpZCI6MTU1OTQsInVybCI6Imh0dHBzOlwvXC9jYy1xcmdhLmZyXC93cC1jb250ZW50XC91cGxvYWRzXC8yMDIyXC8wOVwvSU1HXzIwMjIwNjA1XzE0MjEyNy5qcGciLCJzbGlkZXNob3ciOiIyOWY4ZDExIn0%3D\">\n\t\t\t\t\t<div class=\"e-gallery-image elementor-gallery-item__image\" data-thumbnail=\"https:\/\/cc-qrga.fr\/wp-content\/uploads\/2022\/09\/IMG_20220605_142127-225x300.jpg\" data-width=\"225\" data-height=\"300\" aria-label=\"\" role=\"img\" ><\/div>\n\t\t\t\t\t\t\t\t\t\t\t<div class=\"elementor-gallery-item__overlay\"><\/div>\n\t\t\t\t\t\t\t\t\t\t\t\t\t\t<\/a>\n\t\t\t\t\t\t\t<a class=\"e-gallery-item elementor-gallery-item elementor-animated-content\" href=\"https:\/\/cc-qrga.fr\/wp-content\/uploads\/2022\/09\/IMG_20220605_142326.jpg\" data-elementor-open-lightbox=\"yes\" data-elementor-lightbox-slideshow=\"29f8d11\" data-elementor-lightbox-title=\"IMG_20220605_142326\" data-e-action-hash=\"#elementor-action%3Aaction%3Dlightbox%26settings%3DeyJpZCI6MTU1OTUsInVybCI6Imh0dHBzOlwvXC9jYy1xcmdhLmZyXC93cC1jb250ZW50XC91cGxvYWRzXC8yMDIyXC8wOVwvSU1HXzIwMjIwNjA1XzE0MjMyNi5qcGciLCJzbGlkZXNob3ciOiIyOWY4ZDExIn0%3D\">\n\t\t\t\t\t<div class=\"e-gallery-image elementor-gallery-item__image\" data-thumbnail=\"https:\/\/cc-qrga.fr\/wp-content\/uploads\/2022\/09\/IMG_20220605_142326-225x300.jpg\" data-width=\"225\" data-height=\"300\" aria-label=\"\" role=\"img\" ><\/div>\n\t\t\t\t\t\t\t\t\t\t\t<div class=\"elementor-gallery-item__overlay\"><\/div>\n\t\t\t\t\t\t\t\t\t\t\t\t\t\t<\/a>\n\t\t\t\t\t<\/div>\n\t\t\t\t\t<\/div>\n\t\t\t\t<\/div>\n\t\t\t\t\t<\/div>\n\t\t<\/div>\n\t\t\t\t\t<\/div>\n\t\t<\/section>\n\t\t\t\t<section class=\"has_eae_slider elementor-section elementor-top-section elementor-element elementor-element-8ad19be elementor-section-boxed elementor-section-height-default elementor-section-height-default\" data-eae-slider=\"59332\" data-id=\"8ad19be\" data-element_type=\"section\" data-e-type=\"section\" data-settings=\"{&quot;background_background&quot;:&quot;classic&quot;}\">\n\t\t\t\t\t\t<div class=\"elementor-container elementor-column-gap-default\">\n\t\t\t\t\t<div class=\"has_eae_slider elementor-column elementor-col-100 elementor-top-column elementor-element elementor-element-8ea7b2a\" data-eae-slider=\"88698\" data-id=\"8ea7b2a\" data-element_type=\"column\" data-e-type=\"column\">\n\t\t\t<div class=\"elementor-widget-wrap elementor-element-populated\">\n\t\t\t\t\t\t<div class=\"elementor-element elementor-element-4fb37a9 elementor-widget elementor-widget-heading\" data-id=\"4fb37a9\" data-element_type=\"widget\" data-e-type=\"widget\" data-widget_type=\"heading.default\">\n\t\t\t\t<div class=\"elementor-widget-container\">\n\t\t\t\t\t<h2 class=\"elementor-heading-title elementor-size-default\">M\u00e1s informaci\u00f3n<\/h2>\t\t\t\t<\/div>\n\t\t\t\t<\/div>\n\t\t\t\t<div class=\"elementor-element elementor-element-4a256d1 elementor-widget elementor-widget-text-editor\" data-id=\"4a256d1\" data-element_type=\"widget\" data-e-type=\"widget\" data-widget_type=\"text-editor.default\">\n\t\t\t\t<div class=\"elementor-widget-container\">\n\t\t\t\t\t\t\t\t\t<p><\/p>\n<ul>\n<li><strong>Alcalde :<\/strong>&nbsp;MARTY Didier<\/li>\n<li><strong>Delegado comunitario :<\/strong>&nbsp;MARTY Didier<\/li>\n<li><strong>Horario del ayuntamiento :<\/strong>&nbsp;jeudi et vendredi de 9h \u00e0 12h30 et de 13h30 \u00e0 16h00.<\/li>\n<li><strong>Tel\u00e9fono :<\/strong>&nbsp;05 63 67 04 29<\/li>\n<li><a href=\"mailto:mairie-lacapelle.livron@info82.com\"><strong>Correo electr\u00f3nico :<\/strong>&nbsp;mairie-lacapelle.livron@info82.com<\/a><\/li>\n<\/ul>\t\t\t\t\t\t\t\t<\/div>\n\t\t\t\t<\/div>\n\t\t\t\t\t<\/div>\n\t\t<\/div>\n\t\t\t\t\t<\/div>\n\t\t<\/section>\n\t\t\t\t<\/div>","protected":false},"excerpt":{"rendered":"<p>Lacapelle-Livron Lacapelle-Livron, petite commune rurale de 183 habitants, est compos\u00e9e de deux villages bien distincts\u00a0: Lacapelle-Livron et Saint-Peyronis. Deux villages s\u00e9par\u00e9s par une route d\u00e9partementale et une rivi\u00e8re poissonneuse\u00a0: la Bonnette. Le village de Lacapelle-Livron au pass\u00e9 historique tr\u00e8s riche, s\u2019enorgueillit des restes bien conserv\u00e9s d\u2019une commanderie des Templiers fond\u00e9e vers la fin du XIe [&hellip;]<\/p>","protected":false},"author":22,"featured_media":0,"parent":0,"menu_order":0,"comment_status":"closed","ping_status":"closed","template":"","meta":{"footnotes":""},"class_list":["post-15504","page","type-page","status-publish","hentry"],"yoast_head":"<!-- This site is optimized with the Yoast SEO plugin v27.4 - https:\/\/yoast.com\/product\/yoast-seo-wordpress\/ -->\n<title>Lacapelle-Livron - Communaut\u00e9 de communes du Quercy Rouergue et des Gorges de l&#039;Aveyron<\/title>\n<meta name=\"robots\" content=\"index, follow, max-snippet:-1, max-image-preview:large, max-video-preview:-1\" \/>\n<link rel=\"canonical\" href=\"https:\/\/cc-qrga.fr\/es\/lacapelle-livron\/\" \/>\n<meta property=\"og:locale\" content=\"es_ES\" \/>\n<meta property=\"og:type\" content=\"article\" \/>\n<meta property=\"og:title\" content=\"Lacapelle-Livron - Communaut\u00e9 de communes du Quercy Rouergue et des Gorges de l&#039;Aveyron\" \/>\n<meta property=\"og:description\" content=\"Lacapelle-Livron Lacapelle-Livron, petite commune rurale de 183 habitants, est compos\u00e9e de deux villages bien distincts\u00a0: Lacapelle-Livron et Saint-Peyronis. Deux villages s\u00e9par\u00e9s par une route d\u00e9partementale et une rivi\u00e8re poissonneuse\u00a0: la Bonnette. Le village de Lacapelle-Livron au pass\u00e9 historique tr\u00e8s riche, s\u2019enorgueillit des restes bien conserv\u00e9s d\u2019une commanderie des Templiers fond\u00e9e vers la fin du XIe [&hellip;]\" \/>\n<meta property=\"og:url\" content=\"https:\/\/cc-qrga.fr\/es\/lacapelle-livron\/\" \/>\n<meta property=\"og:site_name\" content=\"Communaut\u00e9 de communes du Quercy Rouergue et des Gorges de l&#039;Aveyron\" \/>\n<meta property=\"article:modified_time\" content=\"2026-01-15T10:01:28+00:00\" \/>\n<meta name=\"twitter:card\" content=\"summary_large_image\" \/>\n<meta name=\"twitter:label1\" content=\"Tiempo de lectura\" \/>\n\t<meta name=\"twitter:data1\" content=\"2 minutos\" \/>\n<script type=\"application\/ld+json\" class=\"yoast-schema-graph\">{\"@context\":\"https:\\\/\\\/schema.org\",\"@graph\":[{\"@type\":\"WebPage\",\"@id\":\"https:\\\/\\\/cc-qrga.fr\\\/lacapelle-livron\\\/\",\"url\":\"https:\\\/\\\/cc-qrga.fr\\\/lacapelle-livron\\\/\",\"name\":\"Lacapelle-Livron - Communaut\u00e9 de communes du Quercy Rouergue et des Gorges de l&#039;Aveyron\",\"isPartOf\":{\"@id\":\"https:\\\/\\\/cc-qrga.fr\\\/#website\"},\"datePublished\":\"2022-09-01T09:19:00+00:00\",\"dateModified\":\"2026-01-15T10:01:28+00:00\",\"breadcrumb\":{\"@id\":\"https:\\\/\\\/cc-qrga.fr\\\/lacapelle-livron\\\/#breadcrumb\"},\"inLanguage\":\"es\",\"potentialAction\":[{\"@type\":\"ReadAction\",\"target\":[\"https:\\\/\\\/cc-qrga.fr\\\/lacapelle-livron\\\/\"]}]},{\"@type\":\"BreadcrumbList\",\"@id\":\"https:\\\/\\\/cc-qrga.fr\\\/lacapelle-livron\\\/#breadcrumb\",\"itemListElement\":[{\"@type\":\"ListItem\",\"position\":1,\"name\":\"Accueil\",\"item\":\"https:\\\/\\\/cc-qrga.fr\\\/\"},{\"@type\":\"ListItem\",\"position\":2,\"name\":\"Lacapelle-Livron\"}]},{\"@type\":\"WebSite\",\"@id\":\"https:\\\/\\\/cc-qrga.fr\\\/#website\",\"url\":\"https:\\\/\\\/cc-qrga.fr\\\/\",\"name\":\"Communaut\u00e9 de communes du Quercy Rouergue et des Gorges de l&#039;Aveyron\",\"description\":\"qrga\",\"potentialAction\":[{\"@type\":\"SearchAction\",\"target\":{\"@type\":\"EntryPoint\",\"urlTemplate\":\"https:\\\/\\\/cc-qrga.fr\\\/?s={search_term_string}\"},\"query-input\":{\"@type\":\"PropertyValueSpecification\",\"valueRequired\":true,\"valueName\":\"search_term_string\"}}],\"inLanguage\":\"es\"}]}<\/script>\n<!-- \/ Yoast SEO plugin. -->","yoast_head_json":{"title":"Lacapelle-Livron - Communaut\u00e9 de communes du Quercy Rouergue et des Gorges de l&#039;Aveyron","robots":{"index":"index","follow":"follow","max-snippet":"max-snippet:-1","max-image-preview":"max-image-preview:large","max-video-preview":"max-video-preview:-1"},"canonical":"https:\/\/cc-qrga.fr\/es\/lacapelle-livron\/","og_locale":"es_ES","og_type":"article","og_title":"Lacapelle-Livron - Communaut\u00e9 de communes du Quercy Rouergue et des Gorges de l&#039;Aveyron","og_description":"Lacapelle-Livron Lacapelle-Livron, petite commune rurale de 183 habitants, est compos\u00e9e de deux villages bien distincts\u00a0: Lacapelle-Livron et Saint-Peyronis. Deux villages s\u00e9par\u00e9s par une route d\u00e9partementale et une rivi\u00e8re poissonneuse\u00a0: la Bonnette. Le village de Lacapelle-Livron au pass\u00e9 historique tr\u00e8s riche, s\u2019enorgueillit des restes bien conserv\u00e9s d\u2019une commanderie des Templiers fond\u00e9e vers la fin du XIe [&hellip;]","og_url":"https:\/\/cc-qrga.fr\/es\/lacapelle-livron\/","og_site_name":"Communaut\u00e9 de communes du Quercy Rouergue et des Gorges de l&#039;Aveyron","article_modified_time":"2026-01-15T10:01:28+00:00","twitter_card":"summary_large_image","twitter_misc":{"Tiempo de lectura":"2 minutos"},"schema":{"@context":"https:\/\/schema.org","@graph":[{"@type":"WebPage","@id":"https:\/\/cc-qrga.fr\/lacapelle-livron\/","url":"https:\/\/cc-qrga.fr\/lacapelle-livron\/","name":"Lacapelle-Livron - Communaut\u00e9 de communes du Quercy Rouergue et des Gorges de l&#039;Aveyron","isPartOf":{"@id":"https:\/\/cc-qrga.fr\/#website"},"datePublished":"2022-09-01T09:19:00+00:00","dateModified":"2026-01-15T10:01:28+00:00","breadcrumb":{"@id":"https:\/\/cc-qrga.fr\/lacapelle-livron\/#breadcrumb"},"inLanguage":"es","potentialAction":[{"@type":"ReadAction","target":["https:\/\/cc-qrga.fr\/lacapelle-livron\/"]}]},{"@type":"BreadcrumbList","@id":"https:\/\/cc-qrga.fr\/lacapelle-livron\/#breadcrumb","itemListElement":[{"@type":"ListItem","position":1,"name":"Accueil","item":"https:\/\/cc-qrga.fr\/"},{"@type":"ListItem","position":2,"name":"Lacapelle-Livron"}]},{"@type":"WebSite","@id":"https:\/\/cc-qrga.fr\/#website","url":"https:\/\/cc-qrga.fr\/","name":"Mancomunidad de municipios de Quercy Rouergue y Gargantas del Aveyron","description":"qrga","potentialAction":[{"@type":"SearchAction","target":{"@type":"EntryPoint","urlTemplate":"https:\/\/cc-qrga.fr\/?s={search_term_string}"},"query-input":{"@type":"PropertyValueSpecification","valueRequired":true,"valueName":"search_term_string"}}],"inLanguage":"es"}]}},"_links":{"self":[{"href":"https:\/\/cc-qrga.fr\/es\/wp-json\/wp\/v2\/pages\/15504","targetHints":{"allow":["GET"]}}],"collection":[{"href":"https:\/\/cc-qrga.fr\/es\/wp-json\/wp\/v2\/pages"}],"about":[{"href":"https:\/\/cc-qrga.fr\/es\/wp-json\/wp\/v2\/types\/page"}],"author":[{"embeddable":true,"href":"https:\/\/cc-qrga.fr\/es\/wp-json\/wp\/v2\/users\/22"}],"replies":[{"embeddable":true,"href":"https:\/\/cc-qrga.fr\/es\/wp-json\/wp\/v2\/comments?post=15504"}],"version-history":[{"count":6,"href":"https:\/\/cc-qrga.fr\/es\/wp-json\/wp\/v2\/pages\/15504\/revisions"}],"predecessor-version":[{"id":30790,"href":"https:\/\/cc-qrga.fr\/es\/wp-json\/wp\/v2\/pages\/15504\/revisions\/30790"}],"wp:attachment":[{"href":"https:\/\/cc-qrga.fr\/es\/wp-json\/wp\/v2\/media?parent=15504"}],"curies":[{"name":"wp","href":"https:\/\/api.w.org\/{rel}","templated":true}]}}