{"id":15508,"date":"2022-09-01T11:19:20","date_gmt":"2022-09-01T09:19:20","guid":{"rendered":"https:\/\/cc-qrga.fr\/?page_id=15508"},"modified":"2025-08-25T09:23:07","modified_gmt":"2025-08-25T07:23:07","slug":"castanet","status":"publish","type":"page","link":"https:\/\/cc-qrga.fr\/es\/castanet\/","title":{"rendered":"Castanet"},"content":{"rendered":"<style>\/*! elementor - v3.7.2 - 21-08-2022 *\/\n.elementor-heading-title{padding:0;margin:0;line-height:1}.elementor-widget-heading .elementor-heading-title[class*=elementor-size-]>a{color:inherit;font-size:inherit;line-height:inherit}.elementor-widget-heading .elementor-heading-title.elementor-size-small{font-size:15px}.elementor-widget-heading .elementor-heading-title.elementor-size-medium{font-size:19px}.elementor-widget-heading .elementor-heading-title.elementor-size-large{font-size:29px}.elementor-widget-heading .elementor-heading-title.elementor-size-xl{font-size:39px}.elementor-widget-heading .elementor-heading-title.elementor-size-xxl{font-size:59px}<\/style>\n<h2>Castanet<\/h2>\n<p>Castanet d\u02bcEscarts fue originalmente el lugar de una ocupaci\u00f3n humana muy antigua. Las herramientas encontradas en un yacimiento magdaleniense as\u00ed lo atestiguan. Las piedras en pie conocidas en Cambayrac son la prueba de una ocupaci\u00f3n neol\u00edtica.\u00a0<br \/>De la Alta Edad Media se conservan sarc\u00f3fagos, uno de los cuales puede verse cerca de la iglesia de Castanet, descubierta en el emplazamiento del actual Caf\u00e9 Castagn\u00e9, cerca del antiguo fuerte. Ya en el siglo XII, la familia De Castanet pose\u00eda el se\u00f1or\u00edo...<\/p>\n<p>El municipio, de 2.200 hect\u00e1reas, comprende actualmente dos parroquias: Castanet y sus anexos Combayrac y Cuzoul. Aunque peque\u00f1o, el municipio no es menos animado, y sus habitantes son muy activos a trav\u00e9s de numerosas asociaciones culturales y de ocio.<\/p>\n<p>El municipio est\u00e1 dividido entre el Segala, al este, y las mesetas calizas, al oeste. La vertiente del Segala tiene el punto m\u00e1s alto del departamento (504 m) y est\u00e1 parcialmente cubierta de casta\u00f1ares, que han dado nombre al municipio.<\/p>\n<style>\/*! elementor-pro - v3.7.3 - 31-07-2022 *\/\n.elementor-gallery__container{min-height:1px}.elementor-gallery-item{position:relative;overflow:hidden;display:block;text-decoration:none;border:solid var(--image-border-width) var(--image-border-color);border-radius:var(--image-border-radius)}.elementor-gallery-item__content,.elementor-gallery-item__overlay{height:100%;width:100%;position:absolute;top:0;left:0}.elementor-gallery-item__overlay{mix-blend-mode:var(--overlay-mix-blend-mode);-webkit-transition-duration:var(--overlay-transition-duration);-o-transition-duration:var(--overlay-transition-duration);transition-duration:var(--overlay-transition-duration);-webkit-transition-property:mix-blend-mode,opacity,background-color,-webkit-transform;transition-property:mix-blend-mode,opacity,background-color,-webkit-transform;-o-transition-property:mix-blend-mode,transform,opacity,background-color;transition-property:mix-blend-mode,transform,opacity,background-color;transition-property:mix-blend-mode,transform,opacity,background-color,-webkit-transform}.elementor-gallery-item__image.e-gallery-image{-webkit-transition-duration:var(--image-transition-duration);-o-transition-duration:var(--image-transition-duration);transition-duration:var(--image-transition-duration);-webkit-transition-property:-webkit-filter,-webkit-transform;transition-property:-webkit-filter,-webkit-transform;-o-transition-property:filter,transform;transition-property:filter,transform;transition-property:filter,transform,-webkit-filter,-webkit-transform}.elementor-gallery-item__content{display:-webkit-box;display:-ms-flexbox;display:flex;-webkit-box-orient:vertical;-webkit-box-direction:normal;-ms-flex-direction:column;flex-direction:column;-webkit-box-pack:var(--content-justify-content,center);-ms-flex-pack:var(--content-justify-content,center);justify-content:var(--content-justify-content,center);-webkit-box-align:center;-ms-flex-align:center;align-items:center;text-align:var(--content-text-align);padding:var(--content-padding)}.elementor-gallery-item__content>div{-webkit-transition-duration:var(--content-transition-duration);-o-transition-duration:var(--content-transition-duration);transition-duration:var(--content-transition-duration)}.elementor-gallery-item__content.elementor-gallery--sequenced-animation>div:nth-child(2){-webkit-transition-delay:calc(var(--content-transition-delay) \/ 3);-o-transition-delay:calc(var(--content-transition-delay) \/ 3);transition-delay:calc(var(--content-transition-delay) \/ 3)}.elementor-gallery-item__content.elementor-gallery--sequenced-animation>div:nth-child(3){-webkit-transition-delay:calc(var(--content-transition-delay) \/ 3 * 2);-o-transition-delay:calc(var(--content-transition-delay) \/ 3 * 2);transition-delay:calc(var(--content-transition-delay) \/ 3 * 2)}.elementor-gallery-item__content.elementor-gallery--sequenced-animation>div:nth-child(4){-webkit-transition-delay:calc(var(--content-transition-delay) \/ 3 * 3);-o-transition-delay:calc(var(--content-transition-delay) \/ 3 * 3);transition-delay:calc(var(--content-transition-delay) \/ 3 * 3)}.elementor-gallery-item__description{color:var(--description-text-color,#fff);width:100%}.elementor-gallery-item__title{color:var(--title-text-color,#fff);font-weight:700;width:100%}.elementor-gallery__titles-container{display:-webkit-box;display:-ms-flexbox;display:flex;-ms-flex-wrap:wrap;flex-wrap:wrap;-webkit-box-pack:var(--titles-container-justify-content,center);-ms-flex-pack:var(--titles-container-justify-content,center);justify-content:var(--titles-container-justify-content,center);margin-bottom:20px}.elementor-gallery__titles-container:not(.e--pointer-framed) .elementor-item:after,.elementor-gallery__titles-container:not(.e--pointer-framed) .elementor-item:before{background-color:var(--galleries-pointer-bg-color-hover)}.elementor-gallery__titles-container:not(.e--pointer-framed) .elementor-item.elementor-item-active:after,.elementor-gallery__titles-container:not(.e--pointer-framed) .elementor-item.elementor-item-active:before{background-color:var(--galleries-pointer-bg-color-active)}.elementor-gallery__titles-container.e--pointer-framed .elementor-item:before{border-color:var(--galleries-pointer-bg-color-hover);border-width:var(--galleries-pointer-border-width)}.elementor-gallery__titles-container.e--pointer-framed .elementor-item:after{border-color:var(--galleries-pointer-bg-color-hover)}.elementor-gallery__titles-container.e--pointer-framed .elementor-item.elementor-item-active:after,.elementor-gallery__titles-container.e--pointer-framed .elementor-item.elementor-item-active:before{border-color:var(--galleries-pointer-bg-color-active)}.elementor-gallery__titles-container.e--pointer-framed.e--animation-draw .elementor-item:before{border-left-width:var(--galleries-pointer-border-width);border-bottom-width:var(--galleries-pointer-border-width);border-right-width:0;border-top-width:0}.elementor-gallery__titles-container.e--pointer-framed.e--animation-draw .elementor-item:after{border-left-width:0;border-bottom-width:0;border-right-width:var(--galleries-pointer-border-width);border-top-width:var(--galleries-pointer-border-width)}.elementor-gallery__titles-container.e--pointer-framed.e--animation-corners .elementor-item:before{border-left-width:var(--galleries-pointer-border-width);border-bottom-width:0;border-right-width:0;border-top-width:var(--galleries-pointer-border-width)}.elementor-gallery__titles-container.e--pointer-framed.e--animation-corners .elementor-item:after{border-left-width:0;border-bottom-width:var(--galleries-pointer-border-width);border-right-width:var(--galleries-pointer-border-width);border-top-width:0}.elementor-gallery__titles-container .e--pointer-double-line .elementor-item:after,.elementor-gallery__titles-container .e--pointer-double-line .elementor-item:before,.elementor-gallery__titles-container .e--pointer-overline .elementor-item:before,.elementor-gallery__titles-container .e--pointer-underline .elementor-item:after{height:var(--galleries-pointer-border-width)}.elementor-gallery-title{--space-between:10px;cursor:pointer;color:#6d7882;font-weight:500;position:relative;padding:7px 14px;-webkit-transition:all .3s;-o-transition:all .3s;transition:all .3s}.elementor-gallery-title--active{color:#495157}.elementor-gallery-title:not(:last-child){margin-right:var(--space-between)}.elementor-gallery-item__title+.elementor-gallery-item__description{margin-top:var(--description-margin-top)}.e-gallery-item.elementor-gallery-item{-webkit-transition-property:all;-o-transition-property:all;transition-property:all}.e-gallery-item.elementor-animated-content .elementor-animated-item--enter-from-bottom,.e-gallery-item.elementor-animated-content .elementor-animated-item--enter-from-left,.e-gallery-item.elementor-animated-content .elementor-animated-item--enter-from-right,.e-gallery-item.elementor-animated-content .elementor-animated-item--enter-from-top,.e-gallery-item:hover .elementor-gallery__item-overlay-bg,.e-gallery-item:hover .elementor-gallery__item-overlay-content,.e-gallery-item:hover .elementor-gallery__item-overlay-content__description,.e-gallery-item:hover .elementor-gallery__item-overlay-content__title{opacity:1}a.elementor-item.elementor-gallery-title{color:var(--galleries-title-color-normal)}a.elementor-item.elementor-gallery-title.elementor-item-active,a.elementor-item.elementor-gallery-title.highlighted,a.elementor-item.elementor-gallery-title:focus,a.elementor-item.elementor-gallery-title:hover{color:var(--galleries-title-color-hover)}a.elementor-item.elementor-gallery-title.elementor-item-active{color:var(--gallery-title-color-active)}.e-container .elementor-widget-gallery{-webkit-box-flex:1;-ms-flex-positive:1;flex-grow:1}.e-container>.elementor-widget-gallery{width:var(--container-widget-width,100%)}<\/style>\n<p>\t\t\t\t\t\t\t<a href=\"https:\/\/cc-qrga.fr\/wp-content\/uploads\/2022\/09\/DSCN2519-scaled.jpg\" data-elementor-open-lightbox=\"yes\" data-elementor-lightbox-slideshow=\"all-598b6d7\" data-elementor-lightbox-title=\"DSCN2519\" e-action-hash=\"#elementor-action%3Aaction%3Dlightbox%26settings%3DeyJpZCI6MTU1MzUsInVybCI6Imh0dHBzOlwvXC9ncm90dGVkdWJvc2MuY29tXC9jY3FyZ2FcL3dwLWNvbnRlbnRcL3VwbG9hZHNcLzIwMjJcLzA5XC9EU0NOMjUxOS1zY2FsZWQuanBnIiwic2xpZGVzaG93IjoiYWxsLTU5OGI2ZDcifQ%3D%3D\"><br \/>\n\t\t\t\t\t\t\t\t\t\t\t\t\t\t<\/a><br \/>\n\t\t\t\t\t\t\t<a href=\"https:\/\/cc-qrga.fr\/wp-content\/uploads\/2022\/09\/DSCN2178-1-scaled.jpg\" data-elementor-open-lightbox=\"yes\" data-elementor-lightbox-slideshow=\"all-598b6d7\" data-elementor-lightbox-title=\"DSCN2178 (1)\" e-action-hash=\"#elementor-action%3Aaction%3Dlightbox%26settings%3DeyJpZCI6MTU1MzQsInVybCI6Imh0dHBzOlwvXC9ncm90dGVkdWJvc2MuY29tXC9jY3FyZ2FcL3dwLWNvbnRlbnRcL3VwbG9hZHNcLzIwMjJcLzA5XC9EU0NOMjE3OC0xLXNjYWxlZC5qcGciLCJzbGlkZXNob3ciOiJhbGwtNTk4YjZkNyJ9\"><br \/>\n\t\t\t\t\t\t\t\t\t\t\t\t\t\t<\/a><br \/>\n\t\t\t\t\t\t\t<a href=\"https:\/\/cc-qrga.fr\/wp-content\/uploads\/2022\/09\/DSCN2041-scaled.jpg\" data-elementor-open-lightbox=\"yes\" data-elementor-lightbox-slideshow=\"all-598b6d7\" data-elementor-lightbox-title=\"DSCN2041\" e-action-hash=\"#elementor-action%3Aaction%3Dlightbox%26settings%3DeyJpZCI6MTU1MzMsInVybCI6Imh0dHBzOlwvXC9ncm90dGVkdWJvc2MuY29tXC9jY3FyZ2FcL3dwLWNvbnRlbnRcL3VwbG9hZHNcLzIwMjJcLzA5XC9EU0NOMjA0MS1zY2FsZWQuanBnIiwic2xpZGVzaG93IjoiYWxsLTU5OGI2ZDcifQ%3D%3D\"><br \/>\n\t\t\t\t\t\t\t\t\t\t\t\t\t\t<\/a><br \/>\n\t\t\t\t\t\t\t<a href=\"https:\/\/cc-qrga.fr\/wp-content\/uploads\/2022\/09\/DSCN1995-scaled.jpg\" data-elementor-open-lightbox=\"yes\" data-elementor-lightbox-slideshow=\"all-598b6d7\" data-elementor-lightbox-title=\"DSCN1995\" e-action-hash=\"#elementor-action%3Aaction%3Dlightbox%26settings%3DeyJpZCI6MTU1MzIsInVybCI6Imh0dHBzOlwvXC9ncm90dGVkdWJvc2MuY29tXC9jY3FyZ2FcL3dwLWNvbnRlbnRcL3VwbG9hZHNcLzIwMjJcLzA5XC9EU0NOMTk5NS1zY2FsZWQuanBnIiwic2xpZGVzaG93IjoiYWxsLTU5OGI2ZDcifQ%3D%3D\"><br \/>\n\t\t\t\t\t\t\t\t\t\t\t\t\t\t<\/a><br \/>\n\t\t\t\t\t\t\t<a href=\"https:\/\/cc-qrga.fr\/wp-content\/uploads\/2022\/09\/DSC_8503-scaled.jpg\" data-elementor-open-lightbox=\"yes\" data-elementor-lightbox-slideshow=\"all-598b6d7\" data-elementor-lightbox-title=\"DSC_8503\" e-action-hash=\"#elementor-action%3Aaction%3Dlightbox%26settings%3DeyJpZCI6MTU1MzEsInVybCI6Imh0dHBzOlwvXC9ncm90dGVkdWJvc2MuY29tXC9jY3FyZ2FcL3dwLWNvbnRlbnRcL3VwbG9hZHNcLzIwMjJcLzA5XC9EU0NfODUwMy1zY2FsZWQuanBnIiwic2xpZGVzaG93IjoiYWxsLTU5OGI2ZDcifQ%3D%3D\"><br \/>\n\t\t\t\t\t\t\t\t\t\t\t\t\t\t<\/a><br \/>\n\t\t\t\t\t\t\t<a href=\"https:\/\/cc-qrga.fr\/wp-content\/uploads\/2022\/09\/DSC_8519-scaled.jpg\" data-elementor-open-lightbox=\"yes\" data-elementor-lightbox-slideshow=\"all-598b6d7\" data-elementor-lightbox-title=\"DSC_8519\" e-action-hash=\"#elementor-action%3Aaction%3Dlightbox%26settings%3DeyJpZCI6MTU1MzYsInVybCI6Imh0dHBzOlwvXC9ncm90dGVkdWJvc2MuY29tXC9jY3FyZ2FcL3dwLWNvbnRlbnRcL3VwbG9hZHNcLzIwMjJcLzA5XC9EU0NfODUxOS1zY2FsZWQuanBnIiwic2xpZGVzaG93IjoiYWxsLTU5OGI2ZDcifQ%3D%3D\"><br \/>\n\t\t\t\t\t\t\t\t\t\t\t\t\t\t<\/a><\/p>\n<h2>M\u00e1s informaci\u00f3n<\/h2>\n<ul>\n<li><strong>Alcalde :<\/strong>\u00a0TABARLY Michel<\/li>\n<li><strong>Delegados comunitarios :<\/strong>\u00a0TABARLY Michel - FLORENS Michel<\/li>\n<li><strong>Horario del ayuntamiento :<\/strong>\u00a0Martes y viernes, de 9.00 a 12.00 h. y de 13.30 a 17.00 h.<\/li>\n<li><strong>Tel\u00e9fono :<\/strong>\u00a005 63 65 72 45<\/li>\n<li><a role=\"link\" href=\"mailto:mairie-castanet@info82.com\"><strong>Correo electr\u00f3nico :<\/strong>\u00a0mairie-castanet@info82.com<\/a><\/li>\n<\/ul>","protected":false},"excerpt":{"rendered":"<p>Castanet Aux origines, \u00ab\u00a0Castanet d\u02bcEscarts \u00a0\u00bb est le lieu d\u2019une tr\u00e8s ancienne occupation humaine. Des outils retrouv\u00e9s sur un site magdal\u00e9nien l\u2019attestent. Les Pierres Lev\u00e9es connues \u00e0 Cambayrac prouvent l\u2019occupation \u00e0 l\u2019\u00e9poque du N\u00e9olithique.\u00a0Du Haut Moyen-Age il reste des sarcophages, dont un visible pr\u00e8s de l\u2019\u00e9glise de Castanet, d\u00e9couverts \u00e0 l\u2019emplacement de l\u2019actuel caf\u00e9 Castagn\u00e9, [&hellip;]<\/p>","protected":false},"author":22,"featured_media":0,"parent":0,"menu_order":0,"comment_status":"closed","ping_status":"closed","template":"","meta":{"footnotes":""},"class_list":["post-15508","page","type-page","status-publish","hentry"],"yoast_head":"<!-- This site is optimized with the Yoast SEO plugin v27.4 - https:\/\/yoast.com\/product\/yoast-seo-wordpress\/ -->\n<title>Castanet - Communaut\u00e9 de communes du Quercy Rouergue et des Gorges de l&#039;Aveyron<\/title>\n<meta name=\"robots\" content=\"index, follow, max-snippet:-1, max-image-preview:large, max-video-preview:-1\" \/>\n<link rel=\"canonical\" href=\"https:\/\/cc-qrga.fr\/es\/castanet\/\" \/>\n<meta property=\"og:locale\" content=\"es_ES\" \/>\n<meta property=\"og:type\" content=\"article\" \/>\n<meta property=\"og:title\" content=\"Castanet - Communaut\u00e9 de communes du Quercy Rouergue et des Gorges de l&#039;Aveyron\" \/>\n<meta property=\"og:description\" content=\"Castanet Aux origines, \u00ab\u00a0Castanet d\u02bcEscarts \u00a0\u00bb est le lieu d\u2019une tr\u00e8s ancienne occupation humaine. Des outils retrouv\u00e9s sur un site magdal\u00e9nien l\u2019attestent. Les Pierres Lev\u00e9es connues \u00e0 Cambayrac prouvent l\u2019occupation \u00e0 l\u2019\u00e9poque du N\u00e9olithique.\u00a0Du Haut Moyen-Age il reste des sarcophages, dont un visible pr\u00e8s de l\u2019\u00e9glise de Castanet, d\u00e9couverts \u00e0 l\u2019emplacement de l\u2019actuel caf\u00e9 Castagn\u00e9, [&hellip;]\" \/>\n<meta property=\"og:url\" content=\"https:\/\/cc-qrga.fr\/es\/castanet\/\" \/>\n<meta property=\"og:site_name\" content=\"Communaut\u00e9 de communes du Quercy Rouergue et des Gorges de l&#039;Aveyron\" \/>\n<meta property=\"article:modified_time\" content=\"2025-08-25T07:23:07+00:00\" \/>\n<meta name=\"twitter:card\" content=\"summary_large_image\" \/>\n<meta name=\"twitter:label1\" content=\"Tiempo de lectura\" \/>\n\t<meta name=\"twitter:data1\" content=\"1 minuto\" \/>\n<script type=\"application\/ld+json\" class=\"yoast-schema-graph\">{\"@context\":\"https:\\\/\\\/schema.org\",\"@graph\":[{\"@type\":\"WebPage\",\"@id\":\"https:\\\/\\\/cc-qrga.fr\\\/castanet\\\/\",\"url\":\"https:\\\/\\\/cc-qrga.fr\\\/castanet\\\/\",\"name\":\"Castanet - Communaut\u00e9 de communes du Quercy Rouergue et des Gorges de l&#039;Aveyron\",\"isPartOf\":{\"@id\":\"https:\\\/\\\/cc-qrga.fr\\\/#website\"},\"datePublished\":\"2022-09-01T09:19:20+00:00\",\"dateModified\":\"2025-08-25T07:23:07+00:00\",\"breadcrumb\":{\"@id\":\"https:\\\/\\\/cc-qrga.fr\\\/castanet\\\/#breadcrumb\"},\"inLanguage\":\"es\",\"potentialAction\":[{\"@type\":\"ReadAction\",\"target\":[\"https:\\\/\\\/cc-qrga.fr\\\/castanet\\\/\"]}]},{\"@type\":\"BreadcrumbList\",\"@id\":\"https:\\\/\\\/cc-qrga.fr\\\/castanet\\\/#breadcrumb\",\"itemListElement\":[{\"@type\":\"ListItem\",\"position\":1,\"name\":\"Accueil\",\"item\":\"https:\\\/\\\/cc-qrga.fr\\\/\"},{\"@type\":\"ListItem\",\"position\":2,\"name\":\"Castanet\"}]},{\"@type\":\"WebSite\",\"@id\":\"https:\\\/\\\/cc-qrga.fr\\\/#website\",\"url\":\"https:\\\/\\\/cc-qrga.fr\\\/\",\"name\":\"Communaut\u00e9 de communes du Quercy Rouergue et des Gorges de l&#039;Aveyron\",\"description\":\"qrga\",\"potentialAction\":[{\"@type\":\"SearchAction\",\"target\":{\"@type\":\"EntryPoint\",\"urlTemplate\":\"https:\\\/\\\/cc-qrga.fr\\\/?s={search_term_string}\"},\"query-input\":{\"@type\":\"PropertyValueSpecification\",\"valueRequired\":true,\"valueName\":\"search_term_string\"}}],\"inLanguage\":\"es\"}]}<\/script>\n<!-- \/ Yoast SEO plugin. -->","yoast_head_json":{"title":"Castanet - Communaut\u00e9 de communes du Quercy Rouergue et des Gorges de l&#039;Aveyron","robots":{"index":"index","follow":"follow","max-snippet":"max-snippet:-1","max-image-preview":"max-image-preview:large","max-video-preview":"max-video-preview:-1"},"canonical":"https:\/\/cc-qrga.fr\/es\/castanet\/","og_locale":"es_ES","og_type":"article","og_title":"Castanet - Communaut\u00e9 de communes du Quercy Rouergue et des Gorges de l&#039;Aveyron","og_description":"Castanet Aux origines, \u00ab\u00a0Castanet d\u02bcEscarts \u00a0\u00bb est le lieu d\u2019une tr\u00e8s ancienne occupation humaine. Des outils retrouv\u00e9s sur un site magdal\u00e9nien l\u2019attestent. Les Pierres Lev\u00e9es connues \u00e0 Cambayrac prouvent l\u2019occupation \u00e0 l\u2019\u00e9poque du N\u00e9olithique.\u00a0Du Haut Moyen-Age il reste des sarcophages, dont un visible pr\u00e8s de l\u2019\u00e9glise de Castanet, d\u00e9couverts \u00e0 l\u2019emplacement de l\u2019actuel caf\u00e9 Castagn\u00e9, [&hellip;]","og_url":"https:\/\/cc-qrga.fr\/es\/castanet\/","og_site_name":"Communaut\u00e9 de communes du Quercy Rouergue et des Gorges de l&#039;Aveyron","article_modified_time":"2025-08-25T07:23:07+00:00","twitter_card":"summary_large_image","twitter_misc":{"Tiempo de lectura":"1 minuto"},"schema":{"@context":"https:\/\/schema.org","@graph":[{"@type":"WebPage","@id":"https:\/\/cc-qrga.fr\/castanet\/","url":"https:\/\/cc-qrga.fr\/castanet\/","name":"Castanet - Communaut\u00e9 de communes du Quercy Rouergue et des Gorges de l&#039;Aveyron","isPartOf":{"@id":"https:\/\/cc-qrga.fr\/#website"},"datePublished":"2022-09-01T09:19:20+00:00","dateModified":"2025-08-25T07:23:07+00:00","breadcrumb":{"@id":"https:\/\/cc-qrga.fr\/castanet\/#breadcrumb"},"inLanguage":"es","potentialAction":[{"@type":"ReadAction","target":["https:\/\/cc-qrga.fr\/castanet\/"]}]},{"@type":"BreadcrumbList","@id":"https:\/\/cc-qrga.fr\/castanet\/#breadcrumb","itemListElement":[{"@type":"ListItem","position":1,"name":"Accueil","item":"https:\/\/cc-qrga.fr\/"},{"@type":"ListItem","position":2,"name":"Castanet"}]},{"@type":"WebSite","@id":"https:\/\/cc-qrga.fr\/#website","url":"https:\/\/cc-qrga.fr\/","name":"Mancomunidad de municipios de Quercy Rouergue y Gargantas del Aveyron","description":"qrga","potentialAction":[{"@type":"SearchAction","target":{"@type":"EntryPoint","urlTemplate":"https:\/\/cc-qrga.fr\/?s={search_term_string}"},"query-input":{"@type":"PropertyValueSpecification","valueRequired":true,"valueName":"search_term_string"}}],"inLanguage":"es"}]}},"_links":{"self":[{"href":"https:\/\/cc-qrga.fr\/es\/wp-json\/wp\/v2\/pages\/15508","targetHints":{"allow":["GET"]}}],"collection":[{"href":"https:\/\/cc-qrga.fr\/es\/wp-json\/wp\/v2\/pages"}],"about":[{"href":"https:\/\/cc-qrga.fr\/es\/wp-json\/wp\/v2\/types\/page"}],"author":[{"embeddable":true,"href":"https:\/\/cc-qrga.fr\/es\/wp-json\/wp\/v2\/users\/22"}],"replies":[{"embeddable":true,"href":"https:\/\/cc-qrga.fr\/es\/wp-json\/wp\/v2\/comments?post=15508"}],"version-history":[{"count":0,"href":"https:\/\/cc-qrga.fr\/es\/wp-json\/wp\/v2\/pages\/15508\/revisions"}],"wp:attachment":[{"href":"https:\/\/cc-qrga.fr\/es\/wp-json\/wp\/v2\/media?parent=15508"}],"curies":[{"name":"wp","href":"https:\/\/api.w.org\/{rel}","templated":true}]}}