{"id":15516,"date":"2022-09-01T11:29:44","date_gmt":"2022-09-01T09:29:44","guid":{"rendered":"https:\/\/cc-qrga.fr\/?page_id=15516"},"modified":"2022-09-02T10:26:35","modified_gmt":"2022-09-02T08:26:35","slug":"verfeil-sur-seye","status":"publish","type":"page","link":"https:\/\/cc-qrga.fr\/es\/verfeil-sur-seye\/","title":{"rendered":"Verfeil sur Seye"},"content":{"rendered":"<div data-elementor-type=\"wp-page\" data-elementor-id=\"15516\" class=\"elementor elementor-15516\" data-elementor-post-type=\"page\">\n\t\t\t\t\t\t<section class=\"has_eae_slider elementor-section elementor-top-section elementor-element elementor-element-1d98e22 elementor-section-boxed elementor-section-height-default elementor-section-height-default\" data-eae-slider=\"33426\" data-id=\"1d98e22\" data-element_type=\"section\" data-e-type=\"section\">\n\t\t\t\t\t\t<div class=\"elementor-container elementor-column-gap-default\">\n\t\t\t\t\t<div class=\"has_eae_slider elementor-column elementor-col-50 elementor-top-column elementor-element elementor-element-89385df\" data-eae-slider=\"89694\" data-id=\"89385df\" data-element_type=\"column\" data-e-type=\"column\">\n\t\t\t<div class=\"elementor-widget-wrap elementor-element-populated\">\n\t\t\t\t\t\t<div class=\"elementor-element elementor-element-3ae8bf5 elementor-widget elementor-widget-heading\" data-id=\"3ae8bf5\" data-element_type=\"widget\" data-e-type=\"widget\" data-widget_type=\"heading.default\">\n\t\t\t\t<div class=\"elementor-widget-container\">\n\t\t\t\t\t<h2 class=\"elementor-heading-title elementor-size-default\">Verfeil sur Seye<\/h2>\t\t\t\t<\/div>\n\t\t\t\t<\/div>\n\t\t\t\t<div class=\"elementor-element elementor-element-bc30341 elementor-widget elementor-widget-text-editor\" data-id=\"bc30341\" data-element_type=\"widget\" data-e-type=\"widget\" data-widget_type=\"text-editor.default\">\n\t\t\t\t<div class=\"elementor-widget-container\">\n\t\t\t\t\t\t\t\t\t<div class=\"cartouche\"><div class=\"cartouche\"><div class=\"cartouche\"><p class=\"\">En su aridez administrativa, la informaci\u00f3n sobre Verfeil dir\u00e1 que es un municipio del Tarn et Garonne, distrito de Montauban, con 330 habitantes y que, para escribir a uno de sus habitantes, hay que utilizar el c\u00f3digo postal 82 330.<\/p><\/div><p>Y eso es todo.<\/p><p>Para saber m\u00e1s, tendr\u00e1 que investigar un poco y enterarse de que fue fundada como \"bastida\" en 1250 por Alfonso de Poitiers, conde de Toulouse; que fue arruinada el 3 de junio de 1573 por los ej\u00e9rcitos del Rey por practicar la religi\u00f3n protestante; que volvi\u00f3 a prosperar, alcanzando una poblaci\u00f3n de m\u00e1s de mil habitantes en el siglo XIX, pero que la filoxera, seguida de la guerra 14\/18 y, finalmente, la industrializaci\u00f3n del siglo XX provocaron un lento declive. \u00bfInexorable? No estoy tan seguro.<\/p><p>Sus activos se reflejan con orgullo en su nombre: Viridifolio, Vertfoil, luego Verfeil. Desde hace casi ocho siglos, dice a todo el mundo lo que es. Un lugar donde el verde de los bosques se mezcla con el de los prados, donde la topograf\u00eda se ha convertido en art\u00edfice de paisajes notables, un lugar donde existen las estaciones, donde las noches siguen siendo oscuras y las estrellas brillantes, donde el silencio s\u00f3lo es perturbado por los sonidos de la naturaleza. \u00bfUn hermoso sue\u00f1o? Sin duda.<\/p><p>M\u00e1s de diez asociaciones ofrecen a todos la posibilidad de participar en la actividad que deseen. En verano: fiestas, conciertos, festivales y diversas actividades culturales. En temporada: caza y pesca, f\u00fatbol o tenis y, durante todo el a\u00f1o, aprendizaje de ingl\u00e9s, canto, cultura o animaci\u00f3n en la biblioteca, comer bien, casas rurales de car\u00e1cter para alojar a los amigos que vienen de visita.<\/p><p>Es el lugar perfecto para establecerse y vivir permanentemente. El centro de la ciudad ofrece un gran n\u00famero de casas para reformar. Caussade y Villefranche de Rouergue est\u00e1n a media hora en coche, Albi, Montauban y Cahors a poco m\u00e1s de una hora y Toulouse a hora y media. La escuela est\u00e1 a tres kil\u00f3metros, el coll\u00e8ge a 15 y el lyc\u00e9e a 30, por lo que el tiempo que se tarda en llegar es el mismo que en una gran ciudad.<\/p><\/div><\/div>\t\t\t\t\t\t\t\t<\/div>\n\t\t\t\t<\/div>\n\t\t\t\t\t<\/div>\n\t\t<\/div>\n\t\t\t\t<div class=\"has_eae_slider elementor-column elementor-col-50 elementor-top-column elementor-element elementor-element-10f24b2\" data-eae-slider=\"41216\" data-id=\"10f24b2\" data-element_type=\"column\" data-e-type=\"column\">\n\t\t\t<div class=\"elementor-widget-wrap elementor-element-populated\">\n\t\t\t\t\t\t<div class=\"elementor-element elementor-element-5ff8f9e elementor-widget elementor-widget-gallery\" data-id=\"5ff8f9e\" data-element_type=\"widget\" data-e-type=\"widget\" data-settings=\"{&quot;gallery_layout&quot;:&quot;justified&quot;,&quot;lazyload&quot;:&quot;yes&quot;,&quot;ideal_row_height&quot;:{&quot;unit&quot;:&quot;px&quot;,&quot;size&quot;:200,&quot;sizes&quot;:[]},&quot;ideal_row_height_tablet&quot;:{&quot;unit&quot;:&quot;px&quot;,&quot;size&quot;:150,&quot;sizes&quot;:[]},&quot;ideal_row_height_mobile&quot;:{&quot;unit&quot;:&quot;px&quot;,&quot;size&quot;:150,&quot;sizes&quot;:[]},&quot;gap&quot;:{&quot;unit&quot;:&quot;px&quot;,&quot;size&quot;:10,&quot;sizes&quot;:[]},&quot;gap_tablet&quot;:{&quot;unit&quot;:&quot;px&quot;,&quot;size&quot;:10,&quot;sizes&quot;:[]},&quot;gap_mobile&quot;:{&quot;unit&quot;:&quot;px&quot;,&quot;size&quot;:10,&quot;sizes&quot;:[]},&quot;link_to&quot;:&quot;file&quot;,&quot;overlay_background&quot;:&quot;yes&quot;,&quot;content_hover_animation&quot;:&quot;fade-in&quot;}\" data-widget_type=\"gallery.default\">\n\t\t\t\t<div class=\"elementor-widget-container\">\n\t\t\t\t\t\t\t<div class=\"elementor-gallery__container\">\n\t\t\t\t\t\t\t<a class=\"e-gallery-item elementor-gallery-item elementor-animated-content\" href=\"https:\/\/cc-qrga.fr\/wp-content\/uploads\/2022\/09\/village-verfeil-27-scaled.jpg\" data-elementor-open-lightbox=\"yes\" data-elementor-lightbox-slideshow=\"5ff8f9e\" data-elementor-lightbox-title=\"village-verfeil-27\" data-e-action-hash=\"#elementor-action%3Aaction%3Dlightbox%26settings%3DeyJpZCI6MTU2NzEsInVybCI6Imh0dHBzOlwvXC9jYy1xcmdhLmZyXC93cC1jb250ZW50XC91cGxvYWRzXC8yMDIyXC8wOVwvdmlsbGFnZS12ZXJmZWlsLTI3LXNjYWxlZC5qcGciLCJzbGlkZXNob3ciOiI1ZmY4ZjllIn0%3D\">\n\t\t\t\t\t<div class=\"e-gallery-image elementor-gallery-item__image\" data-thumbnail=\"https:\/\/cc-qrga.fr\/wp-content\/uploads\/2022\/09\/village-verfeil-27-200x300.jpg\" data-width=\"200\" data-height=\"300\" aria-label=\"\" role=\"img\" ><\/div>\n\t\t\t\t\t\t\t\t\t\t\t<div class=\"elementor-gallery-item__overlay\"><\/div>\n\t\t\t\t\t\t\t\t\t\t\t\t\t\t<\/a>\n\t\t\t\t\t\t\t<a class=\"e-gallery-item elementor-gallery-item elementor-animated-content\" href=\"https:\/\/cc-qrga.fr\/wp-content\/uploads\/2022\/09\/village-verfeil-22-1-scaled.jpg\" data-elementor-open-lightbox=\"yes\" data-elementor-lightbox-slideshow=\"5ff8f9e\" data-elementor-lightbox-title=\"village-verfeil-22 (1)\" data-e-action-hash=\"#elementor-action%3Aaction%3Dlightbox%26settings%3DeyJpZCI6MTU2NzAsInVybCI6Imh0dHBzOlwvXC9jYy1xcmdhLmZyXC93cC1jb250ZW50XC91cGxvYWRzXC8yMDIyXC8wOVwvdmlsbGFnZS12ZXJmZWlsLTIyLTEtc2NhbGVkLmpwZyIsInNsaWRlc2hvdyI6IjVmZjhmOWUifQ%3D%3D\">\n\t\t\t\t\t<div class=\"e-gallery-image elementor-gallery-item__image\" data-thumbnail=\"https:\/\/cc-qrga.fr\/wp-content\/uploads\/2022\/09\/village-verfeil-22-1-200x300.jpg\" data-width=\"200\" data-height=\"300\" aria-label=\"\" role=\"img\" ><\/div>\n\t\t\t\t\t\t\t\t\t\t\t<div class=\"elementor-gallery-item__overlay\"><\/div>\n\t\t\t\t\t\t\t\t\t\t\t\t\t\t<\/a>\n\t\t\t\t\t\t\t<a class=\"e-gallery-item elementor-gallery-item elementor-animated-content\" href=\"https:\/\/cc-qrga.fr\/wp-content\/uploads\/2022\/09\/village-verfeil-2-scaled.jpg\" data-elementor-open-lightbox=\"yes\" data-elementor-lightbox-slideshow=\"5ff8f9e\" data-elementor-lightbox-title=\"village-verfeil-2\" data-e-action-hash=\"#elementor-action%3Aaction%3Dlightbox%26settings%3DeyJpZCI6MTU2NjgsInVybCI6Imh0dHBzOlwvXC9jYy1xcmdhLmZyXC93cC1jb250ZW50XC91cGxvYWRzXC8yMDIyXC8wOVwvdmlsbGFnZS12ZXJmZWlsLTItc2NhbGVkLmpwZyIsInNsaWRlc2hvdyI6IjVmZjhmOWUifQ%3D%3D\">\n\t\t\t\t\t<div class=\"e-gallery-image elementor-gallery-item__image\" data-thumbnail=\"https:\/\/cc-qrga.fr\/wp-content\/uploads\/2022\/09\/village-verfeil-2-300x200.jpg\" data-width=\"300\" data-height=\"200\" aria-label=\"\" role=\"img\" ><\/div>\n\t\t\t\t\t\t\t\t\t\t\t<div class=\"elementor-gallery-item__overlay\"><\/div>\n\t\t\t\t\t\t\t\t\t\t\t\t\t\t<\/a>\n\t\t\t\t\t\t\t<a class=\"e-gallery-item elementor-gallery-item elementor-animated-content\" href=\"https:\/\/cc-qrga.fr\/wp-content\/uploads\/2022\/09\/village-verfeil-13-scaled.jpg\" data-elementor-open-lightbox=\"yes\" data-elementor-lightbox-slideshow=\"5ff8f9e\" data-elementor-lightbox-title=\"village-verfeil-13\" data-e-action-hash=\"#elementor-action%3Aaction%3Dlightbox%26settings%3DeyJpZCI6MTU2NjksInVybCI6Imh0dHBzOlwvXC9jYy1xcmdhLmZyXC93cC1jb250ZW50XC91cGxvYWRzXC8yMDIyXC8wOVwvdmlsbGFnZS12ZXJmZWlsLTEzLXNjYWxlZC5qcGciLCJzbGlkZXNob3ciOiI1ZmY4ZjllIn0%3D\">\n\t\t\t\t\t<div class=\"e-gallery-image elementor-gallery-item__image\" data-thumbnail=\"https:\/\/cc-qrga.fr\/wp-content\/uploads\/2022\/09\/village-verfeil-13-200x300.jpg\" data-width=\"200\" data-height=\"300\" aria-label=\"\" role=\"img\" ><\/div>\n\t\t\t\t\t\t\t\t\t\t\t<div class=\"elementor-gallery-item__overlay\"><\/div>\n\t\t\t\t\t\t\t\t\t\t\t\t\t\t<\/a>\n\t\t\t\t\t<\/div>\n\t\t\t\t\t<\/div>\n\t\t\t\t<\/div>\n\t\t\t\t\t<\/div>\n\t\t<\/div>\n\t\t\t\t\t<\/div>\n\t\t<\/section>\n\t\t\t\t<section class=\"has_eae_slider elementor-section elementor-top-section elementor-element elementor-element-59c1ff4 elementor-section-boxed elementor-section-height-default elementor-section-height-default\" data-eae-slider=\"66776\" data-id=\"59c1ff4\" data-element_type=\"section\" data-e-type=\"section\" data-settings=\"{&quot;background_background&quot;:&quot;classic&quot;}\">\n\t\t\t\t\t\t<div class=\"elementor-container elementor-column-gap-default\">\n\t\t\t\t\t<div class=\"has_eae_slider elementor-column elementor-col-100 elementor-top-column elementor-element elementor-element-8a38b8e\" data-eae-slider=\"14256\" data-id=\"8a38b8e\" data-element_type=\"column\" data-e-type=\"column\">\n\t\t\t<div class=\"elementor-widget-wrap elementor-element-populated\">\n\t\t\t\t\t\t<div class=\"elementor-element elementor-element-c431a62 elementor-widget elementor-widget-heading\" data-id=\"c431a62\" data-element_type=\"widget\" data-e-type=\"widget\" data-widget_type=\"heading.default\">\n\t\t\t\t<div class=\"elementor-widget-container\">\n\t\t\t\t\t<h2 class=\"elementor-heading-title elementor-size-default\">M\u00e1s informaci\u00f3n<\/h2>\t\t\t\t<\/div>\n\t\t\t\t<\/div>\n\t\t\t\t<div class=\"elementor-element elementor-element-00e18e9 elementor-widget elementor-widget-text-editor\" data-id=\"00e18e9\" data-element_type=\"widget\" data-e-type=\"widget\" data-widget_type=\"text-editor.default\">\n\t\t\t\t<div class=\"elementor-widget-container\">\n\t\t\t\t\t\t\t\t\t<ul><li><br \/><br \/><\/li><li><strong>Alcalde :<\/strong>\u00a0RAITIERE Roger<\/li><li><strong>Delegados comunitarios :\u00a0<\/strong>RAITIERE Roger - CHARDENET Didier<\/li><li><strong>Horario del ayuntamiento :<br \/><\/strong>Lunes, mi\u00e9rcoles y viernes de 9.00 a 12.00 horas.<\/li><li><strong>Tel\u00e9fono :<\/strong>\u00a005 63 65 46 08<\/li><li><a href=\"mailto:mairie-de-verfeil-sur-seye@wanadoo.fr\"><strong>Correo electr\u00f3nico :<\/strong>\u00a0mairie-de-verfeil-sur-seye@wanadoo.fr<\/a><\/li><\/ul>\t\t\t\t\t\t\t\t<\/div>\n\t\t\t\t<\/div>\n\t\t\t\t\t<\/div>\n\t\t<\/div>\n\t\t\t\t\t<\/div>\n\t\t<\/section>\n\t\t\t\t<\/div>","protected":false},"excerpt":{"rendered":"<p>Verfeil sur Seye Dans leur aridit\u00e9 administrative, les informations sur Verfeil diront que c\u2019est une commune du Tarn et Garonne, arrondissement de Montauban, peupl\u00e9e de 330 habitants et que, pour \u00e9crire \u00e0 l\u2019un de ses habitants, il faut utiliser le code postal 82 330. Et c\u2019est tout, ou presque. Pour en savoir plus, il faudra [&hellip;]<\/p>","protected":false},"author":22,"featured_media":0,"parent":0,"menu_order":0,"comment_status":"closed","ping_status":"closed","template":"","meta":{"footnotes":""},"class_list":["post-15516","page","type-page","status-publish","hentry"],"yoast_head":"<!-- This site is optimized with the Yoast SEO plugin v27.4 - https:\/\/yoast.com\/product\/yoast-seo-wordpress\/ -->\n<title>Verfeil sur Seye - Communaut\u00e9 de communes du Quercy Rouergue et des Gorges de l&#039;Aveyron<\/title>\n<meta name=\"robots\" content=\"index, follow, max-snippet:-1, max-image-preview:large, max-video-preview:-1\" \/>\n<link rel=\"canonical\" href=\"https:\/\/cc-qrga.fr\/es\/verfeil-sur-seye\/\" \/>\n<meta property=\"og:locale\" content=\"es_ES\" \/>\n<meta property=\"og:type\" content=\"article\" \/>\n<meta property=\"og:title\" content=\"Verfeil sur Seye - Communaut\u00e9 de communes du Quercy Rouergue et des Gorges de l&#039;Aveyron\" \/>\n<meta property=\"og:description\" content=\"Verfeil sur Seye Dans leur aridit\u00e9 administrative, les informations sur Verfeil diront que c\u2019est une commune du Tarn et Garonne, arrondissement de Montauban, peupl\u00e9e de 330 habitants et que, pour \u00e9crire \u00e0 l\u2019un de ses habitants, il faut utiliser le code postal 82 330. Et c\u2019est tout, ou presque. Pour en savoir plus, il faudra [&hellip;]\" \/>\n<meta property=\"og:url\" content=\"https:\/\/cc-qrga.fr\/es\/verfeil-sur-seye\/\" \/>\n<meta property=\"og:site_name\" content=\"Communaut\u00e9 de communes du Quercy Rouergue et des Gorges de l&#039;Aveyron\" \/>\n<meta property=\"article:modified_time\" content=\"2022-09-02T08:26:35+00:00\" \/>\n<meta name=\"twitter:card\" content=\"summary_large_image\" \/>\n<meta name=\"twitter:label1\" content=\"Tiempo de lectura\" \/>\n\t<meta name=\"twitter:data1\" content=\"2 minutos\" \/>\n<script type=\"application\/ld+json\" class=\"yoast-schema-graph\">{\"@context\":\"https:\\\/\\\/schema.org\",\"@graph\":[{\"@type\":\"WebPage\",\"@id\":\"https:\\\/\\\/cc-qrga.fr\\\/verfeil-sur-seye\\\/\",\"url\":\"https:\\\/\\\/cc-qrga.fr\\\/verfeil-sur-seye\\\/\",\"name\":\"Verfeil sur Seye - Communaut\u00e9 de communes du Quercy Rouergue et des Gorges de l&#039;Aveyron\",\"isPartOf\":{\"@id\":\"https:\\\/\\\/cc-qrga.fr\\\/#website\"},\"datePublished\":\"2022-09-01T09:29:44+00:00\",\"dateModified\":\"2022-09-02T08:26:35+00:00\",\"breadcrumb\":{\"@id\":\"https:\\\/\\\/cc-qrga.fr\\\/verfeil-sur-seye\\\/#breadcrumb\"},\"inLanguage\":\"es\",\"potentialAction\":[{\"@type\":\"ReadAction\",\"target\":[\"https:\\\/\\\/cc-qrga.fr\\\/verfeil-sur-seye\\\/\"]}]},{\"@type\":\"BreadcrumbList\",\"@id\":\"https:\\\/\\\/cc-qrga.fr\\\/verfeil-sur-seye\\\/#breadcrumb\",\"itemListElement\":[{\"@type\":\"ListItem\",\"position\":1,\"name\":\"Accueil\",\"item\":\"https:\\\/\\\/cc-qrga.fr\\\/\"},{\"@type\":\"ListItem\",\"position\":2,\"name\":\"Verfeil sur Seye\"}]},{\"@type\":\"WebSite\",\"@id\":\"https:\\\/\\\/cc-qrga.fr\\\/#website\",\"url\":\"https:\\\/\\\/cc-qrga.fr\\\/\",\"name\":\"Communaut\u00e9 de communes du Quercy Rouergue et des Gorges de l&#039;Aveyron\",\"description\":\"qrga\",\"potentialAction\":[{\"@type\":\"SearchAction\",\"target\":{\"@type\":\"EntryPoint\",\"urlTemplate\":\"https:\\\/\\\/cc-qrga.fr\\\/?s={search_term_string}\"},\"query-input\":{\"@type\":\"PropertyValueSpecification\",\"valueRequired\":true,\"valueName\":\"search_term_string\"}}],\"inLanguage\":\"es\"}]}<\/script>\n<!-- \/ Yoast SEO plugin. -->","yoast_head_json":{"title":"Verfeil sur Seye - Communaut\u00e9 de communes du Quercy Rouergue et des Gorges de l&#039;Aveyron","robots":{"index":"index","follow":"follow","max-snippet":"max-snippet:-1","max-image-preview":"max-image-preview:large","max-video-preview":"max-video-preview:-1"},"canonical":"https:\/\/cc-qrga.fr\/es\/verfeil-sur-seye\/","og_locale":"es_ES","og_type":"article","og_title":"Verfeil sur Seye - Communaut\u00e9 de communes du Quercy Rouergue et des Gorges de l&#039;Aveyron","og_description":"Verfeil sur Seye Dans leur aridit\u00e9 administrative, les informations sur Verfeil diront que c\u2019est une commune du Tarn et Garonne, arrondissement de Montauban, peupl\u00e9e de 330 habitants et que, pour \u00e9crire \u00e0 l\u2019un de ses habitants, il faut utiliser le code postal 82 330. Et c\u2019est tout, ou presque. Pour en savoir plus, il faudra [&hellip;]","og_url":"https:\/\/cc-qrga.fr\/es\/verfeil-sur-seye\/","og_site_name":"Communaut\u00e9 de communes du Quercy Rouergue et des Gorges de l&#039;Aveyron","article_modified_time":"2022-09-02T08:26:35+00:00","twitter_card":"summary_large_image","twitter_misc":{"Tiempo de lectura":"2 minutos"},"schema":{"@context":"https:\/\/schema.org","@graph":[{"@type":"WebPage","@id":"https:\/\/cc-qrga.fr\/verfeil-sur-seye\/","url":"https:\/\/cc-qrga.fr\/verfeil-sur-seye\/","name":"Verfeil sur Seye - Communaut\u00e9 de communes du Quercy Rouergue et des Gorges de l&#039;Aveyron","isPartOf":{"@id":"https:\/\/cc-qrga.fr\/#website"},"datePublished":"2022-09-01T09:29:44+00:00","dateModified":"2022-09-02T08:26:35+00:00","breadcrumb":{"@id":"https:\/\/cc-qrga.fr\/verfeil-sur-seye\/#breadcrumb"},"inLanguage":"es","potentialAction":[{"@type":"ReadAction","target":["https:\/\/cc-qrga.fr\/verfeil-sur-seye\/"]}]},{"@type":"BreadcrumbList","@id":"https:\/\/cc-qrga.fr\/verfeil-sur-seye\/#breadcrumb","itemListElement":[{"@type":"ListItem","position":1,"name":"Accueil","item":"https:\/\/cc-qrga.fr\/"},{"@type":"ListItem","position":2,"name":"Verfeil sur Seye"}]},{"@type":"WebSite","@id":"https:\/\/cc-qrga.fr\/#website","url":"https:\/\/cc-qrga.fr\/","name":"Mancomunidad de municipios de Quercy Rouergue y Gargantas del Aveyron","description":"qrga","potentialAction":[{"@type":"SearchAction","target":{"@type":"EntryPoint","urlTemplate":"https:\/\/cc-qrga.fr\/?s={search_term_string}"},"query-input":{"@type":"PropertyValueSpecification","valueRequired":true,"valueName":"search_term_string"}}],"inLanguage":"es"}]}},"_links":{"self":[{"href":"https:\/\/cc-qrga.fr\/es\/wp-json\/wp\/v2\/pages\/15516","targetHints":{"allow":["GET"]}}],"collection":[{"href":"https:\/\/cc-qrga.fr\/es\/wp-json\/wp\/v2\/pages"}],"about":[{"href":"https:\/\/cc-qrga.fr\/es\/wp-json\/wp\/v2\/types\/page"}],"author":[{"embeddable":true,"href":"https:\/\/cc-qrga.fr\/es\/wp-json\/wp\/v2\/users\/22"}],"replies":[{"embeddable":true,"href":"https:\/\/cc-qrga.fr\/es\/wp-json\/wp\/v2\/comments?post=15516"}],"version-history":[{"count":0,"href":"https:\/\/cc-qrga.fr\/es\/wp-json\/wp\/v2\/pages\/15516\/revisions"}],"wp:attachment":[{"href":"https:\/\/cc-qrga.fr\/es\/wp-json\/wp\/v2\/media?parent=15516"}],"curies":[{"name":"wp","href":"https:\/\/api.w.org\/{rel}","templated":true}]}}