{"id":15522,"date":"2022-09-01T11:30:16","date_gmt":"2022-09-01T09:30:16","guid":{"rendered":"https:\/\/cc-qrga.fr\/?page_id=15522"},"modified":"2022-09-02T10:25:08","modified_gmt":"2022-09-02T08:25:08","slug":"varen","status":"publish","type":"page","link":"https:\/\/cc-qrga.fr\/es\/varen\/","title":{"rendered":"Varen"},"content":{"rendered":"<div data-elementor-type=\"wp-page\" data-elementor-id=\"15522\" class=\"elementor elementor-15522\" data-elementor-post-type=\"page\">\n\t\t\t\t\t\t<section class=\"has_eae_slider elementor-section elementor-top-section elementor-element elementor-element-c30c7f1 elementor-section-boxed elementor-section-height-default elementor-section-height-default\" data-eae-slider=\"66760\" data-id=\"c30c7f1\" data-element_type=\"section\" data-e-type=\"section\">\n\t\t\t\t\t\t<div class=\"elementor-container elementor-column-gap-default\">\n\t\t\t\t\t<div class=\"has_eae_slider elementor-column elementor-col-50 elementor-top-column elementor-element elementor-element-fc02407\" data-eae-slider=\"90086\" data-id=\"fc02407\" data-element_type=\"column\" data-e-type=\"column\">\n\t\t\t<div class=\"elementor-widget-wrap elementor-element-populated\">\n\t\t\t\t\t\t<div class=\"elementor-element elementor-element-1447605 elementor-widget elementor-widget-heading\" data-id=\"1447605\" data-element_type=\"widget\" data-e-type=\"widget\" data-widget_type=\"heading.default\">\n\t\t\t\t<div class=\"elementor-widget-container\">\n\t\t\t\t\t<h2 class=\"elementor-heading-title elementor-size-default\">Varen<\/h2>\t\t\t\t<\/div>\n\t\t\t\t<\/div>\n\t\t\t\t<div class=\"elementor-element elementor-element-e3c1a21 elementor-widget elementor-widget-text-editor\" data-id=\"e3c1a21\" data-element_type=\"widget\" data-e-type=\"widget\" data-widget_type=\"text-editor.default\">\n\t\t\t\t<div class=\"elementor-widget-container\">\n\t\t\t\t\t\t\t\t\t<div class=\"cartouche\"><div class=\"cartouche\"><p>El municipio de Varen, enclavado en las gargantas del Aveyron, entre Quercy y Rouergue, est\u00e1 situado en el extremo sureste del departamento de Tarn y Garona. Comprende 6 pueblos o aldeas: Arnac, Lexos, St Gr\u00e9goire, St Martial, St Vincent y Varen.<\/p><p>Cuenta con un rico patrimonio construido. En Varen, antiguo pueblo fortificado que data del siglo IX, encontrar\u00e1 la iglesia de San Pedro de Varen, del siglo XI, obra maestra del arte rom\u00e1nico, catalogada, un castillo del siglo XV (tambi\u00e9n catalogado), antigua residencia del Seigneur Doyen, y restos de fortificaciones. En Lexos, la majestuosa estaci\u00f3n de ferrocarril, anta\u00f1o tan popular, se construy\u00f3 siguiendo el modelo de la Gare d'Austerlitz (Par\u00eds)....<br class=\"autobr\" \/>San Vicente posee una iglesia cuyo coro est\u00e1 cubierto de pinturas restauradas del siglo XVII, as\u00ed como el castillo de Belpech, hoy residencia privada...<br class=\"autobr\" \/>En Arnac, la pintoresca iglesia de San Mart\u00edn, del siglo XII, con sus 2 campanarios, la peque\u00f1a iglesia de San Gr\u00e9goire, con sus techos cubiertos de tapices...<\/p><p>El r\u00edo Aveyron, de 3 km de longitud, es un lugar muy apreciado para practicar pirag\u00fcismo, pesca y senderismo. Tambi\u00e9n hay numerosos senderos para explorar los diferentes paisajes que componen este extenso municipio.<\/p><p>Por \u00faltimo, las escuelas locales, 17 asociaciones y tiendas en Varen y Lexos hacen de esta una comunidad animada donde la vida es buena. La presencia del Aveyron hace que sea un lugar muy popular para visitar...<\/p><\/div><\/div>\t\t\t\t\t\t\t\t<\/div>\n\t\t\t\t<\/div>\n\t\t\t\t\t<\/div>\n\t\t<\/div>\n\t\t\t\t<div class=\"has_eae_slider elementor-column elementor-col-50 elementor-top-column elementor-element elementor-element-0553d5e\" data-eae-slider=\"92364\" data-id=\"0553d5e\" data-element_type=\"column\" data-e-type=\"column\">\n\t\t\t<div class=\"elementor-widget-wrap elementor-element-populated\">\n\t\t\t\t\t\t<div class=\"elementor-element elementor-element-9d7c4af elementor-widget elementor-widget-gallery\" data-id=\"9d7c4af\" data-element_type=\"widget\" data-e-type=\"widget\" data-settings=\"{&quot;gallery_layout&quot;:&quot;justified&quot;,&quot;lazyload&quot;:&quot;yes&quot;,&quot;ideal_row_height&quot;:{&quot;unit&quot;:&quot;px&quot;,&quot;size&quot;:200,&quot;sizes&quot;:[]},&quot;ideal_row_height_tablet&quot;:{&quot;unit&quot;:&quot;px&quot;,&quot;size&quot;:150,&quot;sizes&quot;:[]},&quot;ideal_row_height_mobile&quot;:{&quot;unit&quot;:&quot;px&quot;,&quot;size&quot;:150,&quot;sizes&quot;:[]},&quot;gap&quot;:{&quot;unit&quot;:&quot;px&quot;,&quot;size&quot;:10,&quot;sizes&quot;:[]},&quot;gap_tablet&quot;:{&quot;unit&quot;:&quot;px&quot;,&quot;size&quot;:10,&quot;sizes&quot;:[]},&quot;gap_mobile&quot;:{&quot;unit&quot;:&quot;px&quot;,&quot;size&quot;:10,&quot;sizes&quot;:[]},&quot;link_to&quot;:&quot;file&quot;,&quot;overlay_background&quot;:&quot;yes&quot;,&quot;content_hover_animation&quot;:&quot;fade-in&quot;}\" data-widget_type=\"gallery.default\">\n\t\t\t\t<div class=\"elementor-widget-container\">\n\t\t\t\t\t\t\t<div class=\"elementor-gallery__container\">\n\t\t\t\t\t\t\t<a class=\"e-gallery-item elementor-gallery-item elementor-animated-content\" href=\"https:\/\/cc-qrga.fr\/wp-content\/uploads\/2022\/09\/IMG_20210923_103130-2-scaled.jpg\" data-elementor-open-lightbox=\"yes\" data-elementor-lightbox-slideshow=\"9d7c4af\" data-elementor-lightbox-title=\"IMG_20210923_103130 (2)\" data-e-action-hash=\"#elementor-action%3Aaction%3Dlightbox%26settings%3DeyJpZCI6MTU2NjIsInVybCI6Imh0dHBzOlwvXC9jYy1xcmdhLmZyXC93cC1jb250ZW50XC91cGxvYWRzXC8yMDIyXC8wOVwvSU1HXzIwMjEwOTIzXzEwMzEzMC0yLXNjYWxlZC5qcGciLCJzbGlkZXNob3ciOiI5ZDdjNGFmIn0%3D\">\n\t\t\t\t\t<div class=\"e-gallery-image elementor-gallery-item__image\" data-thumbnail=\"https:\/\/cc-qrga.fr\/wp-content\/uploads\/2022\/09\/IMG_20210923_103130-2-225x300.jpg\" data-width=\"225\" data-height=\"300\" aria-label=\"\" role=\"img\" ><\/div>\n\t\t\t\t\t\t\t\t\t\t\t<div class=\"elementor-gallery-item__overlay\"><\/div>\n\t\t\t\t\t\t\t\t\t\t\t\t\t\t<\/a>\n\t\t\t\t\t\t\t<a class=\"e-gallery-item elementor-gallery-item elementor-animated-content\" href=\"https:\/\/cc-qrga.fr\/wp-content\/uploads\/2022\/09\/IMG_20210923_103335-scaled.jpg\" data-elementor-open-lightbox=\"yes\" data-elementor-lightbox-slideshow=\"9d7c4af\" data-elementor-lightbox-title=\"IMG_20210923_103335\" data-e-action-hash=\"#elementor-action%3Aaction%3Dlightbox%26settings%3DeyJpZCI6MTU2NjMsInVybCI6Imh0dHBzOlwvXC9jYy1xcmdhLmZyXC93cC1jb250ZW50XC91cGxvYWRzXC8yMDIyXC8wOVwvSU1HXzIwMjEwOTIzXzEwMzMzNS1zY2FsZWQuanBnIiwic2xpZGVzaG93IjoiOWQ3YzRhZiJ9\">\n\t\t\t\t\t<div class=\"e-gallery-image elementor-gallery-item__image\" data-thumbnail=\"https:\/\/cc-qrga.fr\/wp-content\/uploads\/2022\/09\/IMG_20210923_103335-225x300.jpg\" data-width=\"225\" data-height=\"300\" aria-label=\"\" role=\"img\" ><\/div>\n\t\t\t\t\t\t\t\t\t\t\t<div class=\"elementor-gallery-item__overlay\"><\/div>\n\t\t\t\t\t\t\t\t\t\t\t\t\t\t<\/a>\n\t\t\t\t\t\t\t<a class=\"e-gallery-item elementor-gallery-item elementor-animated-content\" href=\"https:\/\/cc-qrga.fr\/wp-content\/uploads\/2022\/09\/IMG_20210923_103718-scaled.jpg\" data-elementor-open-lightbox=\"yes\" data-elementor-lightbox-slideshow=\"9d7c4af\" data-elementor-lightbox-title=\"IMG_20210923_103718\" data-e-action-hash=\"#elementor-action%3Aaction%3Dlightbox%26settings%3DeyJpZCI6MTU2NjQsInVybCI6Imh0dHBzOlwvXC9jYy1xcmdhLmZyXC93cC1jb250ZW50XC91cGxvYWRzXC8yMDIyXC8wOVwvSU1HXzIwMjEwOTIzXzEwMzcxOC1zY2FsZWQuanBnIiwic2xpZGVzaG93IjoiOWQ3YzRhZiJ9\">\n\t\t\t\t\t<div class=\"e-gallery-image elementor-gallery-item__image\" data-thumbnail=\"https:\/\/cc-qrga.fr\/wp-content\/uploads\/2022\/09\/IMG_20210923_103718-300x225.jpg\" data-width=\"300\" data-height=\"225\" aria-label=\"\" role=\"img\" ><\/div>\n\t\t\t\t\t\t\t\t\t\t\t<div class=\"elementor-gallery-item__overlay\"><\/div>\n\t\t\t\t\t\t\t\t\t\t\t\t\t\t<\/a>\n\t\t\t\t\t<\/div>\n\t\t\t\t\t<\/div>\n\t\t\t\t<\/div>\n\t\t\t\t\t<\/div>\n\t\t<\/div>\n\t\t\t\t\t<\/div>\n\t\t<\/section>\n\t\t\t\t<section class=\"has_eae_slider elementor-section elementor-top-section elementor-element elementor-element-6d1fb00 elementor-section-boxed elementor-section-height-default elementor-section-height-default\" data-eae-slider=\"11770\" data-id=\"6d1fb00\" data-element_type=\"section\" data-e-type=\"section\" data-settings=\"{&quot;background_background&quot;:&quot;classic&quot;}\">\n\t\t\t\t\t\t<div class=\"elementor-container elementor-column-gap-default\">\n\t\t\t\t\t<div class=\"has_eae_slider elementor-column elementor-col-100 elementor-top-column elementor-element elementor-element-9bd4580\" data-eae-slider=\"69453\" data-id=\"9bd4580\" data-element_type=\"column\" data-e-type=\"column\">\n\t\t\t<div class=\"elementor-widget-wrap elementor-element-populated\">\n\t\t\t\t\t\t<div class=\"elementor-element elementor-element-6dbe613 elementor-widget elementor-widget-heading\" data-id=\"6dbe613\" data-element_type=\"widget\" data-e-type=\"widget\" data-widget_type=\"heading.default\">\n\t\t\t\t<div class=\"elementor-widget-container\">\n\t\t\t\t\t<h2 class=\"elementor-heading-title elementor-size-default\">M\u00e1s informaci\u00f3n<\/h2>\t\t\t\t<\/div>\n\t\t\t\t<\/div>\n\t\t\t\t<div class=\"elementor-element elementor-element-51426f4 elementor-widget elementor-widget-text-editor\" data-id=\"51426f4\" data-element_type=\"widget\" data-e-type=\"widget\" data-widget_type=\"text-editor.default\">\n\t\t\t\t<div class=\"elementor-widget-container\">\n\t\t\t\t\t\t\t\t\t<ul><li><br \/><br \/><\/li><li><strong>Alcalde :<\/strong>\u00a0HEBRARD Pierre<\/li><li><strong>Delegados comunitarios :<\/strong>\u00a0HEBRARD Pierre - DONNADIEU Pierre<\/li><li><strong><strong>Horario del ayuntamiento :<br \/><\/strong><\/strong>abierto de lunes a jueves (de 10.00 a 12.30 h), viernes (de 10.00 a 12.00 h y de 14.00 a 16.00 h) y s\u00e1bados con cita previa (de 10.00 a 11.30 h)<\/li><li><strong>Tel\u00e9fono :<\/strong>\u00a005 63 65 42 31<\/li><li><a href=\"mailto:mairie-varen@info82.com\"><strong>Correo electr\u00f3nico :<\/strong>\u00a0mairie-varen@info82.com<\/a><\/li><li><a href=\"http:\/\/www.varen.fr\/\" target=\"_blank\" rel=\"noopener\"><strong>Lugar :<\/strong>\u00a0www.varen.fr\/<\/a><\/li><\/ul>\t\t\t\t\t\t\t\t<\/div>\n\t\t\t\t<\/div>\n\t\t\t\t\t<\/div>\n\t\t<\/div>\n\t\t\t\t\t<\/div>\n\t\t<\/section>\n\t\t\t\t<\/div>","protected":false},"excerpt":{"rendered":"<p>Varen La commune de Varen, nich\u00e9e dans les gorges de l\u2019Aveyron, entre le Quercy et le Rouergue, est situ\u00e9e \u00e0 l\u2019extr\u00eame sud-est du Tarn-et-Garonne Elle compte 6 villages ou hameaux\u00a0: Arnac, Lexos, St Gr\u00e9goire, St Martial, St Vincent et Varen. Son patrimoine b\u00e2ti y est tr\u00e8s riche. A Varen, ancien village fortifi\u00e9 dont la naissance [&hellip;]<\/p>","protected":false},"author":22,"featured_media":0,"parent":0,"menu_order":0,"comment_status":"closed","ping_status":"closed","template":"","meta":{"footnotes":""},"class_list":["post-15522","page","type-page","status-publish","hentry"],"yoast_head":"<!-- This site is optimized with the Yoast SEO plugin v27.4 - https:\/\/yoast.com\/product\/yoast-seo-wordpress\/ -->\n<title>Varen - Communaut\u00e9 de communes du Quercy Rouergue et des Gorges de l&#039;Aveyron<\/title>\n<meta name=\"robots\" content=\"index, follow, max-snippet:-1, max-image-preview:large, max-video-preview:-1\" \/>\n<link rel=\"canonical\" href=\"https:\/\/cc-qrga.fr\/es\/varen\/\" \/>\n<meta property=\"og:locale\" content=\"es_ES\" \/>\n<meta property=\"og:type\" content=\"article\" \/>\n<meta property=\"og:title\" content=\"Varen - Communaut\u00e9 de communes du Quercy Rouergue et des Gorges de l&#039;Aveyron\" \/>\n<meta property=\"og:description\" content=\"Varen La commune de Varen, nich\u00e9e dans les gorges de l\u2019Aveyron, entre le Quercy et le Rouergue, est situ\u00e9e \u00e0 l\u2019extr\u00eame sud-est du Tarn-et-Garonne Elle compte 6 villages ou hameaux\u00a0: Arnac, Lexos, St Gr\u00e9goire, St Martial, St Vincent et Varen. Son patrimoine b\u00e2ti y est tr\u00e8s riche. A Varen, ancien village fortifi\u00e9 dont la naissance [&hellip;]\" \/>\n<meta property=\"og:url\" content=\"https:\/\/cc-qrga.fr\/es\/varen\/\" \/>\n<meta property=\"og:site_name\" content=\"Communaut\u00e9 de communes du Quercy Rouergue et des Gorges de l&#039;Aveyron\" \/>\n<meta property=\"article:modified_time\" content=\"2022-09-02T08:25:08+00:00\" \/>\n<meta name=\"twitter:card\" content=\"summary_large_image\" \/>\n<meta name=\"twitter:label1\" content=\"Tiempo de lectura\" \/>\n\t<meta name=\"twitter:data1\" content=\"2 minutos\" \/>\n<script type=\"application\/ld+json\" class=\"yoast-schema-graph\">{\"@context\":\"https:\\\/\\\/schema.org\",\"@graph\":[{\"@type\":\"WebPage\",\"@id\":\"https:\\\/\\\/cc-qrga.fr\\\/varen\\\/\",\"url\":\"https:\\\/\\\/cc-qrga.fr\\\/varen\\\/\",\"name\":\"Varen - Communaut\u00e9 de communes du Quercy Rouergue et des Gorges de l&#039;Aveyron\",\"isPartOf\":{\"@id\":\"https:\\\/\\\/cc-qrga.fr\\\/#website\"},\"datePublished\":\"2022-09-01T09:30:16+00:00\",\"dateModified\":\"2022-09-02T08:25:08+00:00\",\"breadcrumb\":{\"@id\":\"https:\\\/\\\/cc-qrga.fr\\\/varen\\\/#breadcrumb\"},\"inLanguage\":\"es\",\"potentialAction\":[{\"@type\":\"ReadAction\",\"target\":[\"https:\\\/\\\/cc-qrga.fr\\\/varen\\\/\"]}]},{\"@type\":\"BreadcrumbList\",\"@id\":\"https:\\\/\\\/cc-qrga.fr\\\/varen\\\/#breadcrumb\",\"itemListElement\":[{\"@type\":\"ListItem\",\"position\":1,\"name\":\"Accueil\",\"item\":\"https:\\\/\\\/cc-qrga.fr\\\/\"},{\"@type\":\"ListItem\",\"position\":2,\"name\":\"Varen\"}]},{\"@type\":\"WebSite\",\"@id\":\"https:\\\/\\\/cc-qrga.fr\\\/#website\",\"url\":\"https:\\\/\\\/cc-qrga.fr\\\/\",\"name\":\"Communaut\u00e9 de communes du Quercy Rouergue et des Gorges de l&#039;Aveyron\",\"description\":\"qrga\",\"potentialAction\":[{\"@type\":\"SearchAction\",\"target\":{\"@type\":\"EntryPoint\",\"urlTemplate\":\"https:\\\/\\\/cc-qrga.fr\\\/?s={search_term_string}\"},\"query-input\":{\"@type\":\"PropertyValueSpecification\",\"valueRequired\":true,\"valueName\":\"search_term_string\"}}],\"inLanguage\":\"es\"}]}<\/script>\n<!-- \/ Yoast SEO plugin. -->","yoast_head_json":{"title":"Varen - Communaut\u00e9 de communes du Quercy Rouergue et des Gorges de l&#039;Aveyron","robots":{"index":"index","follow":"follow","max-snippet":"max-snippet:-1","max-image-preview":"max-image-preview:large","max-video-preview":"max-video-preview:-1"},"canonical":"https:\/\/cc-qrga.fr\/es\/varen\/","og_locale":"es_ES","og_type":"article","og_title":"Varen - Communaut\u00e9 de communes du Quercy Rouergue et des Gorges de l&#039;Aveyron","og_description":"Varen La commune de Varen, nich\u00e9e dans les gorges de l\u2019Aveyron, entre le Quercy et le Rouergue, est situ\u00e9e \u00e0 l\u2019extr\u00eame sud-est du Tarn-et-Garonne Elle compte 6 villages ou hameaux\u00a0: Arnac, Lexos, St Gr\u00e9goire, St Martial, St Vincent et Varen. Son patrimoine b\u00e2ti y est tr\u00e8s riche. A Varen, ancien village fortifi\u00e9 dont la naissance [&hellip;]","og_url":"https:\/\/cc-qrga.fr\/es\/varen\/","og_site_name":"Communaut\u00e9 de communes du Quercy Rouergue et des Gorges de l&#039;Aveyron","article_modified_time":"2022-09-02T08:25:08+00:00","twitter_card":"summary_large_image","twitter_misc":{"Tiempo de lectura":"2 minutos"},"schema":{"@context":"https:\/\/schema.org","@graph":[{"@type":"WebPage","@id":"https:\/\/cc-qrga.fr\/varen\/","url":"https:\/\/cc-qrga.fr\/varen\/","name":"Varen - Communaut\u00e9 de communes du Quercy Rouergue et des Gorges de l&#039;Aveyron","isPartOf":{"@id":"https:\/\/cc-qrga.fr\/#website"},"datePublished":"2022-09-01T09:30:16+00:00","dateModified":"2022-09-02T08:25:08+00:00","breadcrumb":{"@id":"https:\/\/cc-qrga.fr\/varen\/#breadcrumb"},"inLanguage":"es","potentialAction":[{"@type":"ReadAction","target":["https:\/\/cc-qrga.fr\/varen\/"]}]},{"@type":"BreadcrumbList","@id":"https:\/\/cc-qrga.fr\/varen\/#breadcrumb","itemListElement":[{"@type":"ListItem","position":1,"name":"Accueil","item":"https:\/\/cc-qrga.fr\/"},{"@type":"ListItem","position":2,"name":"Varen"}]},{"@type":"WebSite","@id":"https:\/\/cc-qrga.fr\/#website","url":"https:\/\/cc-qrga.fr\/","name":"Mancomunidad de municipios de Quercy Rouergue y Gargantas del Aveyron","description":"qrga","potentialAction":[{"@type":"SearchAction","target":{"@type":"EntryPoint","urlTemplate":"https:\/\/cc-qrga.fr\/?s={search_term_string}"},"query-input":{"@type":"PropertyValueSpecification","valueRequired":true,"valueName":"search_term_string"}}],"inLanguage":"es"}]}},"_links":{"self":[{"href":"https:\/\/cc-qrga.fr\/es\/wp-json\/wp\/v2\/pages\/15522","targetHints":{"allow":["GET"]}}],"collection":[{"href":"https:\/\/cc-qrga.fr\/es\/wp-json\/wp\/v2\/pages"}],"about":[{"href":"https:\/\/cc-qrga.fr\/es\/wp-json\/wp\/v2\/types\/page"}],"author":[{"embeddable":true,"href":"https:\/\/cc-qrga.fr\/es\/wp-json\/wp\/v2\/users\/22"}],"replies":[{"embeddable":true,"href":"https:\/\/cc-qrga.fr\/es\/wp-json\/wp\/v2\/comments?post=15522"}],"version-history":[{"count":0,"href":"https:\/\/cc-qrga.fr\/es\/wp-json\/wp\/v2\/pages\/15522\/revisions"}],"wp:attachment":[{"href":"https:\/\/cc-qrga.fr\/es\/wp-json\/wp\/v2\/media?parent=15522"}],"curies":[{"name":"wp","href":"https:\/\/api.w.org\/{rel}","templated":true}]}}