{"id":15524,"date":"2022-09-01T11:30:26","date_gmt":"2022-09-01T09:30:26","guid":{"rendered":"https:\/\/cc-qrga.fr\/?page_id=15524"},"modified":"2022-09-01T15:25:59","modified_gmt":"2022-09-01T13:25:59","slug":"laguepie","status":"publish","type":"page","link":"https:\/\/cc-qrga.fr\/es\/laguepie\/","title":{"rendered":"Lagu\u00e9pie"},"content":{"rendered":"<div data-elementor-type=\"wp-page\" data-elementor-id=\"15524\" class=\"elementor elementor-15524\" data-elementor-post-type=\"page\">\n\t\t\t\t\t\t<section class=\"has_eae_slider elementor-section elementor-top-section elementor-element elementor-element-811e70f elementor-section-boxed elementor-section-height-default elementor-section-height-default\" data-eae-slider=\"45594\" data-id=\"811e70f\" data-element_type=\"section\" data-e-type=\"section\">\n\t\t\t\t\t\t<div class=\"elementor-container elementor-column-gap-default\">\n\t\t\t\t\t<div class=\"has_eae_slider elementor-column elementor-col-50 elementor-top-column elementor-element elementor-element-94b4bea\" data-eae-slider=\"95798\" data-id=\"94b4bea\" data-element_type=\"column\" data-e-type=\"column\">\n\t\t\t<div class=\"elementor-widget-wrap elementor-element-populated\">\n\t\t\t\t\t\t<div class=\"elementor-element elementor-element-1602dc0 elementor-widget elementor-widget-heading\" data-id=\"1602dc0\" data-element_type=\"widget\" data-e-type=\"widget\" data-widget_type=\"heading.default\">\n\t\t\t\t<div class=\"elementor-widget-container\">\n\t\t\t\t\t<h2 class=\"elementor-heading-title elementor-size-default\">Lagu\u00e9pie<\/h2>\t\t\t\t<\/div>\n\t\t\t\t<\/div>\n\t\t\t\t<div class=\"elementor-element elementor-element-2a36b55 elementor-widget elementor-widget-text-editor\" data-id=\"2a36b55\" data-element_type=\"widget\" data-e-type=\"widget\" data-widget_type=\"text-editor.default\">\n\t\t\t\t<div class=\"elementor-widget-container\">\n\t\t\t\t\t\t\t\t\t<div class=\"cartouche\"><p>Situada en la confluencia de los r\u00edos Viaur y Aveyron, Lagu\u00e9pie, anta\u00f1o famosa por sus mercados de casta\u00f1as, se encuentra en una especie de pen\u00ednsula, mitad tierra, mitad agua, en la frontera con los departamentos de Aveyron y Tarn (a los que pertenece el municipio de Saint-Martin-Lagu\u00e9pie).<\/p><p>Lagu\u00e9pie ha conservado un peque\u00f1o sector industrial gracias a su f\u00e1brica de calzado de seguridad (90 empleados), su cantera y su destiler\u00eda de plantas arom\u00e1ticas. Pueblo fronterizo, Lagu\u00e9pie ha conservado sus comercios y su sector m\u00e9dico. En el cruce entre Najac, Cordes y Saint Antonin Noble Val, en el coraz\u00f3n del valle del Aveyron, es un importante destino tur\u00edstico en la temporada estival. Para los m\u00e1s peque\u00f1os, cuenta con una guarder\u00eda, una escuela y un centro de ocio donde aprender y divertirse in situ.<\/p><p>Lagu\u00e9pie es un pueblo animado con un mercado semanal, una universidad de verano occitana, una fiesta de la casta\u00f1a, una pista de motocross y, en verano, ba\u00f1os en las aguas bravas del Viaur con socorristas...<\/p><\/div>\t\t\t\t\t\t\t\t<\/div>\n\t\t\t\t<\/div>\n\t\t\t\t\t<\/div>\n\t\t<\/div>\n\t\t\t\t<div class=\"has_eae_slider elementor-column elementor-col-50 elementor-top-column elementor-element elementor-element-16c7be5\" data-eae-slider=\"73329\" data-id=\"16c7be5\" data-element_type=\"column\" data-e-type=\"column\">\n\t\t\t<div class=\"elementor-widget-wrap elementor-element-populated\">\n\t\t\t\t\t\t<div class=\"elementor-element elementor-element-84ade37 elementor-widget elementor-widget-gallery\" data-id=\"84ade37\" data-element_type=\"widget\" data-e-type=\"widget\" data-settings=\"{&quot;gallery_layout&quot;:&quot;justified&quot;,&quot;lazyload&quot;:&quot;yes&quot;,&quot;ideal_row_height&quot;:{&quot;unit&quot;:&quot;px&quot;,&quot;size&quot;:200,&quot;sizes&quot;:[]},&quot;ideal_row_height_tablet&quot;:{&quot;unit&quot;:&quot;px&quot;,&quot;size&quot;:150,&quot;sizes&quot;:[]},&quot;ideal_row_height_mobile&quot;:{&quot;unit&quot;:&quot;px&quot;,&quot;size&quot;:150,&quot;sizes&quot;:[]},&quot;gap&quot;:{&quot;unit&quot;:&quot;px&quot;,&quot;size&quot;:10,&quot;sizes&quot;:[]},&quot;gap_tablet&quot;:{&quot;unit&quot;:&quot;px&quot;,&quot;size&quot;:10,&quot;sizes&quot;:[]},&quot;gap_mobile&quot;:{&quot;unit&quot;:&quot;px&quot;,&quot;size&quot;:10,&quot;sizes&quot;:[]},&quot;link_to&quot;:&quot;file&quot;,&quot;overlay_background&quot;:&quot;yes&quot;,&quot;content_hover_animation&quot;:&quot;fade-in&quot;}\" data-widget_type=\"gallery.default\">\n\t\t\t\t<div class=\"elementor-widget-container\">\n\t\t\t\t\t\t\t<div class=\"elementor-gallery__container\">\n\t\t\t\t\t\t\t<a class=\"e-gallery-item elementor-gallery-item elementor-animated-content\" href=\"https:\/\/cc-qrga.fr\/wp-content\/uploads\/2022\/09\/DSC_0709-scaled.jpg\" data-elementor-open-lightbox=\"yes\" data-elementor-lightbox-slideshow=\"84ade37\" data-elementor-lightbox-title=\"DSC_0709\" data-e-action-hash=\"#elementor-action%3Aaction%3Dlightbox%26settings%3DeyJpZCI6MTU2MDAsInVybCI6Imh0dHBzOlwvXC9jYy1xcmdhLmZyXC93cC1jb250ZW50XC91cGxvYWRzXC8yMDIyXC8wOVwvRFNDXzA3MDktc2NhbGVkLmpwZyIsInNsaWRlc2hvdyI6Ijg0YWRlMzcifQ%3D%3D\">\n\t\t\t\t\t<div class=\"e-gallery-image elementor-gallery-item__image\" data-thumbnail=\"https:\/\/cc-qrga.fr\/wp-content\/uploads\/2022\/09\/DSC_0709-300x199.jpg\" data-width=\"300\" data-height=\"199\" aria-label=\"\" role=\"img\" ><\/div>\n\t\t\t\t\t\t\t\t\t\t\t<div class=\"elementor-gallery-item__overlay\"><\/div>\n\t\t\t\t\t\t\t\t\t\t\t\t\t\t<\/a>\n\t\t\t\t\t\t\t<a class=\"e-gallery-item elementor-gallery-item elementor-animated-content\" href=\"https:\/\/cc-qrga.fr\/wp-content\/uploads\/2022\/09\/DSC_0926-scaled.jpg\" data-elementor-open-lightbox=\"yes\" data-elementor-lightbox-slideshow=\"84ade37\" data-elementor-lightbox-title=\"DSC_0926\" data-e-action-hash=\"#elementor-action%3Aaction%3Dlightbox%26settings%3DeyJpZCI6MTU2MDEsInVybCI6Imh0dHBzOlwvXC9jYy1xcmdhLmZyXC93cC1jb250ZW50XC91cGxvYWRzXC8yMDIyXC8wOVwvRFNDXzA5MjYtc2NhbGVkLmpwZyIsInNsaWRlc2hvdyI6Ijg0YWRlMzcifQ%3D%3D\">\n\t\t\t\t\t<div class=\"e-gallery-image elementor-gallery-item__image\" data-thumbnail=\"https:\/\/cc-qrga.fr\/wp-content\/uploads\/2022\/09\/DSC_0926-300x199.jpg\" data-width=\"300\" data-height=\"199\" aria-label=\"\" role=\"img\" ><\/div>\n\t\t\t\t\t\t\t\t\t\t\t<div class=\"elementor-gallery-item__overlay\"><\/div>\n\t\t\t\t\t\t\t\t\t\t\t\t\t\t<\/a>\n\t\t\t\t\t\t\t<a class=\"e-gallery-item elementor-gallery-item elementor-animated-content\" href=\"https:\/\/cc-qrga.fr\/wp-content\/uploads\/2022\/09\/DSC_1277-scaled.jpg\" data-elementor-open-lightbox=\"yes\" data-elementor-lightbox-slideshow=\"84ade37\" data-elementor-lightbox-title=\"DSC_1277\" data-e-action-hash=\"#elementor-action%3Aaction%3Dlightbox%26settings%3DeyJpZCI6MTU2MDIsInVybCI6Imh0dHBzOlwvXC9jYy1xcmdhLmZyXC93cC1jb250ZW50XC91cGxvYWRzXC8yMDIyXC8wOVwvRFNDXzEyNzctc2NhbGVkLmpwZyIsInNsaWRlc2hvdyI6Ijg0YWRlMzcifQ%3D%3D\">\n\t\t\t\t\t<div class=\"e-gallery-image elementor-gallery-item__image\" data-thumbnail=\"https:\/\/cc-qrga.fr\/wp-content\/uploads\/2022\/09\/DSC_1277-300x200.jpg\" data-width=\"300\" data-height=\"200\" aria-label=\"\" role=\"img\" ><\/div>\n\t\t\t\t\t\t\t\t\t\t\t<div class=\"elementor-gallery-item__overlay\"><\/div>\n\t\t\t\t\t\t\t\t\t\t\t\t\t\t<\/a>\n\t\t\t\t\t<\/div>\n\t\t\t\t\t<\/div>\n\t\t\t\t<\/div>\n\t\t\t\t\t<\/div>\n\t\t<\/div>\n\t\t\t\t\t<\/div>\n\t\t<\/section>\n\t\t\t\t<section class=\"has_eae_slider elementor-section elementor-top-section elementor-element elementor-element-f04a10d elementor-section-boxed elementor-section-height-default elementor-section-height-default\" data-eae-slider=\"21463\" data-id=\"f04a10d\" data-element_type=\"section\" data-e-type=\"section\" data-settings=\"{&quot;background_background&quot;:&quot;classic&quot;}\">\n\t\t\t\t\t\t<div class=\"elementor-container elementor-column-gap-default\">\n\t\t\t\t\t<div class=\"has_eae_slider elementor-column elementor-col-100 elementor-top-column elementor-element elementor-element-955bc0f\" data-eae-slider=\"47476\" data-id=\"955bc0f\" data-element_type=\"column\" data-e-type=\"column\">\n\t\t\t<div class=\"elementor-widget-wrap elementor-element-populated\">\n\t\t\t\t\t\t<div class=\"elementor-element elementor-element-025f60c elementor-widget elementor-widget-heading\" data-id=\"025f60c\" data-element_type=\"widget\" data-e-type=\"widget\" data-widget_type=\"heading.default\">\n\t\t\t\t<div class=\"elementor-widget-container\">\n\t\t\t\t\t<h2 class=\"elementor-heading-title elementor-size-default\">M\u00e1s informaci\u00f3n<\/h2>\t\t\t\t<\/div>\n\t\t\t\t<\/div>\n\t\t\t\t<div class=\"elementor-element elementor-element-3c2d175 elementor-widget elementor-widget-text-editor\" data-id=\"3c2d175\" data-element_type=\"widget\" data-e-type=\"widget\" data-widget_type=\"text-editor.default\">\n\t\t\t\t<div class=\"elementor-widget-container\">\n\t\t\t\t\t\t\t\t\t<ul><li><strong>Alcalde :<\/strong>\u00a0CROS Emmanuel<\/li><li><strong>Delegados comunitarios :<\/strong>\u00a0CROS Emmanuel - REGOURD Serge<\/li><li><strong>Horario del ayuntamiento :\u00a0<\/strong>Martes, mi\u00e9rcoles, jueves, viernes y s\u00e1bado de 9 a 12 h - Mi\u00e9rcoles y viernes de 14 a 18 h<\/li><li><strong>Tel\u00e9fono :<\/strong>\u00a005 63 30 20 81<\/li><li><strong>Fax :<\/strong>\u00a005 63 30 20 55<\/li><li><a href=\"mailto:mairie-laguepie@info82.com\"><strong>Correo electr\u00f3nico :\u00a0<\/strong>mairie-laguepie@info82.com<\/a><\/li><li><a href=\"http:\/\/www.laguepie-en-rouergue.fr\/\" target=\"_blank\" rel=\"noopener\"><strong>Lugar :<\/strong>\u00a0www.laguepie-en-rouergue.fr<\/a>\/<\/li><\/ul>\t\t\t\t\t\t\t\t<\/div>\n\t\t\t\t<\/div>\n\t\t\t\t\t<\/div>\n\t\t<\/div>\n\t\t\t\t\t<\/div>\n\t\t<\/section>\n\t\t\t\t<\/div>","protected":false},"excerpt":{"rendered":"<p>Lagu\u00e9pie Situ\u00e9e \u00e0 la confluence du Viaur et de l\u2019Aveyron, Lagu\u00e9pie, autrefois connue pour ses march\u00e9s \u00e0 la ch\u00e2taigne, est situ\u00e9 sur une sorte de presqu\u2019\u00eele, mi-terre, mi-eau, \u00e0 la limite avec les d\u00e9partements de l\u2019Aveyron et du Tarn (dont fait partie la commune de Saint-Martin-Lagu\u00e9pie). Lagu\u00e9pie pr\u00e9serve un petit secteur \u201cindustrie\u201d gr\u00e2ce \u00e0 son [&hellip;]<\/p>","protected":false},"author":22,"featured_media":0,"parent":0,"menu_order":0,"comment_status":"closed","ping_status":"closed","template":"","meta":{"footnotes":""},"class_list":["post-15524","page","type-page","status-publish","hentry"],"yoast_head":"<!-- This site is optimized with the Yoast SEO plugin v27.4 - https:\/\/yoast.com\/product\/yoast-seo-wordpress\/ -->\n<title>Lagu\u00e9pie - Communaut\u00e9 de communes du Quercy Rouergue et des Gorges de l&#039;Aveyron<\/title>\n<meta name=\"robots\" content=\"index, follow, max-snippet:-1, max-image-preview:large, max-video-preview:-1\" \/>\n<link rel=\"canonical\" href=\"https:\/\/cc-qrga.fr\/es\/laguepie\/\" \/>\n<meta property=\"og:locale\" content=\"es_ES\" \/>\n<meta property=\"og:type\" content=\"article\" \/>\n<meta property=\"og:title\" content=\"Lagu\u00e9pie - Communaut\u00e9 de communes du Quercy Rouergue et des Gorges de l&#039;Aveyron\" \/>\n<meta property=\"og:description\" content=\"Lagu\u00e9pie Situ\u00e9e \u00e0 la confluence du Viaur et de l\u2019Aveyron, Lagu\u00e9pie, autrefois connue pour ses march\u00e9s \u00e0 la ch\u00e2taigne, est situ\u00e9 sur une sorte de presqu\u2019\u00eele, mi-terre, mi-eau, \u00e0 la limite avec les d\u00e9partements de l\u2019Aveyron et du Tarn (dont fait partie la commune de Saint-Martin-Lagu\u00e9pie). Lagu\u00e9pie pr\u00e9serve un petit secteur \u201cindustrie\u201d gr\u00e2ce \u00e0 son [&hellip;]\" \/>\n<meta property=\"og:url\" content=\"https:\/\/cc-qrga.fr\/es\/laguepie\/\" \/>\n<meta property=\"og:site_name\" content=\"Communaut\u00e9 de communes du Quercy Rouergue et des Gorges de l&#039;Aveyron\" \/>\n<meta property=\"article:modified_time\" content=\"2022-09-01T13:25:59+00:00\" \/>\n<meta name=\"twitter:card\" content=\"summary_large_image\" \/>\n<meta name=\"twitter:label1\" content=\"Tiempo de lectura\" \/>\n\t<meta name=\"twitter:data1\" content=\"1 minuto\" \/>\n<script type=\"application\/ld+json\" class=\"yoast-schema-graph\">{\"@context\":\"https:\\\/\\\/schema.org\",\"@graph\":[{\"@type\":\"WebPage\",\"@id\":\"https:\\\/\\\/cc-qrga.fr\\\/laguepie\\\/\",\"url\":\"https:\\\/\\\/cc-qrga.fr\\\/laguepie\\\/\",\"name\":\"Lagu\u00e9pie - Communaut\u00e9 de communes du Quercy Rouergue et des Gorges de l&#039;Aveyron\",\"isPartOf\":{\"@id\":\"https:\\\/\\\/cc-qrga.fr\\\/#website\"},\"datePublished\":\"2022-09-01T09:30:26+00:00\",\"dateModified\":\"2022-09-01T13:25:59+00:00\",\"breadcrumb\":{\"@id\":\"https:\\\/\\\/cc-qrga.fr\\\/laguepie\\\/#breadcrumb\"},\"inLanguage\":\"es\",\"potentialAction\":[{\"@type\":\"ReadAction\",\"target\":[\"https:\\\/\\\/cc-qrga.fr\\\/laguepie\\\/\"]}]},{\"@type\":\"BreadcrumbList\",\"@id\":\"https:\\\/\\\/cc-qrga.fr\\\/laguepie\\\/#breadcrumb\",\"itemListElement\":[{\"@type\":\"ListItem\",\"position\":1,\"name\":\"Accueil\",\"item\":\"https:\\\/\\\/cc-qrga.fr\\\/\"},{\"@type\":\"ListItem\",\"position\":2,\"name\":\"Lagu\u00e9pie\"}]},{\"@type\":\"WebSite\",\"@id\":\"https:\\\/\\\/cc-qrga.fr\\\/#website\",\"url\":\"https:\\\/\\\/cc-qrga.fr\\\/\",\"name\":\"Communaut\u00e9 de communes du Quercy Rouergue et des Gorges de l&#039;Aveyron\",\"description\":\"qrga\",\"potentialAction\":[{\"@type\":\"SearchAction\",\"target\":{\"@type\":\"EntryPoint\",\"urlTemplate\":\"https:\\\/\\\/cc-qrga.fr\\\/?s={search_term_string}\"},\"query-input\":{\"@type\":\"PropertyValueSpecification\",\"valueRequired\":true,\"valueName\":\"search_term_string\"}}],\"inLanguage\":\"es\"}]}<\/script>\n<!-- \/ Yoast SEO plugin. -->","yoast_head_json":{"title":"Lagu\u00e9pie - Communaut\u00e9 de communes du Quercy Rouergue et des Gorges de l&#039;Aveyron","robots":{"index":"index","follow":"follow","max-snippet":"max-snippet:-1","max-image-preview":"max-image-preview:large","max-video-preview":"max-video-preview:-1"},"canonical":"https:\/\/cc-qrga.fr\/es\/laguepie\/","og_locale":"es_ES","og_type":"article","og_title":"Lagu\u00e9pie - Communaut\u00e9 de communes du Quercy Rouergue et des Gorges de l&#039;Aveyron","og_description":"Lagu\u00e9pie Situ\u00e9e \u00e0 la confluence du Viaur et de l\u2019Aveyron, Lagu\u00e9pie, autrefois connue pour ses march\u00e9s \u00e0 la ch\u00e2taigne, est situ\u00e9 sur une sorte de presqu\u2019\u00eele, mi-terre, mi-eau, \u00e0 la limite avec les d\u00e9partements de l\u2019Aveyron et du Tarn (dont fait partie la commune de Saint-Martin-Lagu\u00e9pie). Lagu\u00e9pie pr\u00e9serve un petit secteur \u201cindustrie\u201d gr\u00e2ce \u00e0 son [&hellip;]","og_url":"https:\/\/cc-qrga.fr\/es\/laguepie\/","og_site_name":"Communaut\u00e9 de communes du Quercy Rouergue et des Gorges de l&#039;Aveyron","article_modified_time":"2022-09-01T13:25:59+00:00","twitter_card":"summary_large_image","twitter_misc":{"Tiempo de lectura":"1 minuto"},"schema":{"@context":"https:\/\/schema.org","@graph":[{"@type":"WebPage","@id":"https:\/\/cc-qrga.fr\/laguepie\/","url":"https:\/\/cc-qrga.fr\/laguepie\/","name":"Lagu\u00e9pie - Communaut\u00e9 de communes du Quercy Rouergue et des Gorges de l&#039;Aveyron","isPartOf":{"@id":"https:\/\/cc-qrga.fr\/#website"},"datePublished":"2022-09-01T09:30:26+00:00","dateModified":"2022-09-01T13:25:59+00:00","breadcrumb":{"@id":"https:\/\/cc-qrga.fr\/laguepie\/#breadcrumb"},"inLanguage":"es","potentialAction":[{"@type":"ReadAction","target":["https:\/\/cc-qrga.fr\/laguepie\/"]}]},{"@type":"BreadcrumbList","@id":"https:\/\/cc-qrga.fr\/laguepie\/#breadcrumb","itemListElement":[{"@type":"ListItem","position":1,"name":"Accueil","item":"https:\/\/cc-qrga.fr\/"},{"@type":"ListItem","position":2,"name":"Lagu\u00e9pie"}]},{"@type":"WebSite","@id":"https:\/\/cc-qrga.fr\/#website","url":"https:\/\/cc-qrga.fr\/","name":"Mancomunidad de municipios de Quercy Rouergue y Gargantas del Aveyron","description":"qrga","potentialAction":[{"@type":"SearchAction","target":{"@type":"EntryPoint","urlTemplate":"https:\/\/cc-qrga.fr\/?s={search_term_string}"},"query-input":{"@type":"PropertyValueSpecification","valueRequired":true,"valueName":"search_term_string"}}],"inLanguage":"es"}]}},"_links":{"self":[{"href":"https:\/\/cc-qrga.fr\/es\/wp-json\/wp\/v2\/pages\/15524","targetHints":{"allow":["GET"]}}],"collection":[{"href":"https:\/\/cc-qrga.fr\/es\/wp-json\/wp\/v2\/pages"}],"about":[{"href":"https:\/\/cc-qrga.fr\/es\/wp-json\/wp\/v2\/types\/page"}],"author":[{"embeddable":true,"href":"https:\/\/cc-qrga.fr\/es\/wp-json\/wp\/v2\/users\/22"}],"replies":[{"embeddable":true,"href":"https:\/\/cc-qrga.fr\/es\/wp-json\/wp\/v2\/comments?post=15524"}],"version-history":[{"count":0,"href":"https:\/\/cc-qrga.fr\/es\/wp-json\/wp\/v2\/pages\/15524\/revisions"}],"wp:attachment":[{"href":"https:\/\/cc-qrga.fr\/es\/wp-json\/wp\/v2\/media?parent=15524"}],"curies":[{"name":"wp","href":"https:\/\/api.w.org\/{rel}","templated":true}]}}