{"id":16089,"date":"2022-09-06T15:56:58","date_gmt":"2022-09-06T13:56:58","guid":{"rendered":"https:\/\/cc-qrga.fr\/?page_id=16089"},"modified":"2022-09-22T11:19:56","modified_gmt":"2022-09-22T09:19:56","slug":"mentions-legales","status":"publish","type":"page","link":"https:\/\/cc-qrga.fr\/es\/mentions-legales\/","title":{"rendered":"Informaci\u00f3n jur\u00eddica"},"content":{"rendered":"<h2 class=\"wp-block-heading\">Informaci\u00f3n jur\u00eddica<\/h2>\n\n\n\n<h3 class=\"wp-block-heading\">1. Presentaci\u00f3n del sitio.<\/h3>\n\n\n\n<p>De conformidad con el art\u00edculo 6 de la Ley francesa n\u00ba 2004-575, de 21 de junio de 2004, sobre la confianza en la econom\u00eda digital, se informa a los usuarios del sitio web de que&nbsp;<a href=\"https:\/\/cc-qrga.fr\/es\/\">www.cc-qrga.fr<\/a>&nbsp;la identidad de las distintas partes implicadas en su aplicaci\u00f3n y control:<\/p>\n\n\n\n<p><strong>Propietario<\/strong>\u00a0Communaut\u00e9 de Communes Quercy Rouergue et Gorges de l'Aveyron - Administraci\u00f3n p\u00fablica general (8411Z) - SIRET: 24820010700014 - 1 place de l'H\u00f4tel de ville, 82140 Saint Antonin Noble Val<br><strong>Creador<\/strong>\u00a0Departamento de Comunicaci\u00f3n <br><strong>Jefe de departamento<\/strong>Francis Khattou - communication@cc-qrga.fr<br>El responsable de la publicaci\u00f3n es una persona f\u00edsica o jur\u00eddica.<br><strong>Webmaster<\/strong>\u00a0Francis Khattou - communication@cc-qrga.fr<br><strong>Anfitri\u00f3n<\/strong>\u00a0Sas OVH - 2 rue Kellermann - 59100 Roubaix - Francia<br>Cr\u00e9ditos: - Mathieu Simon (Director de Servicios)<br>- Agentes CCQRGA<br><\/p>\n\n\n\n<h3 class=\"wp-block-heading\">2. Condiciones generales de utilizaci\u00f3n del sitio y de los servicios ofrecidos.<\/h3>\n\n\n\n<p>Uso del sitio&nbsp;<a href=\"https:\/\/cc-qrga.fr\/es\/\">www.cc-qrga.fr<\/a>&nbsp;implica la aceptaci\u00f3n plena y sin reservas de las condiciones generales de uso que figuran a continuaci\u00f3n. Las presentes condiciones de uso podr\u00e1n modificarse o completarse en cualquier momento.&nbsp;<a href=\"https:\/\/cc-qrga.fr\/es\/\">www.cc-qrga.fr<\/a>&nbsp;por lo que se les invita a consultarlas peri\u00f3dicamente.<\/p>\n\n\n\n<p>Este sitio es normalmente accesible a los usuarios en todo momento. No obstante, la Communaut\u00e9 de Communes Quercy Rouergue et Gorges de l'Aveyron puede decidir interrumpir el sitio por motivos de mantenimiento t\u00e9cnico. En tal caso, la Communaut\u00e9 de Communes Quercy Rouergue et Gorges de l'Aveyron se esforzar\u00e1 por informar previamente a los usuarios de las fechas y horas de la intervenci\u00f3n.<\/p>\n\n\n\n<p>El sitio web\u00a0<a href=\"https:\/\/cc-qrga.fr\/es\/\">www.cc-qrga.fr<\/a>\u00a0es actualizada regularmente por el personal de la Mancomunidad de municipios de Quercy Rouergue y Gorges de l'Aveyron. Del mismo modo, los avisos legales pueden modificarse en cualquier momento: no obstante, son vinculantes para el usuario, a quien se invita a consultarlos con la mayor frecuencia posible para su lectura.<\/p>\n\n\n\n<h3 class=\"wp-block-heading\">3. Descripci\u00f3n de los servicios prestados.<\/h3>\n\n\n\n<p>El sitio web\u00a0<a href=\"https:\/\/cc-qrga.fr\/es\/\">www.cc-qrga.fr<\/a>\u00a0es proporcionar informaci\u00f3n sobre todas las actividades de la comunidad.<\/p>\n\n\n\n<p>La Comunidad de Municipios de Quercy Rouergue y Gorges de l'Aveyron se esfuerza por ofrecer la siguiente informaci\u00f3n en su sitio web\u00a0<a href=\"https:\/\/cc-qrga.fr\/es\/\">www.cc-qrga.fr<\/a>\u00a0informaci\u00f3n lo m\u00e1s exacta posible. Sin embargo, no se hace responsable de las omisiones, inexactitudes o falta de actualizaci\u00f3n de la informaci\u00f3n, ya sea por su culpa o por la de terceros asociados que facilitan la informaci\u00f3n.<\/p>\n\n\n\n<p>Toda la informaci\u00f3n del sitio&nbsp;<a href=\"https:\/\/cc-qrga.fr\/es\/\">www.cc-qrga.fr<\/a>&nbsp;se facilitan a t\u00edtulo meramente informativo y est\u00e1n sujetas a cambios. Adem\u00e1s, la informaci\u00f3n sobre el&nbsp;<a href=\"https:\/\/cc-qrga.fr\/es\/\">www.cc-qrga.fr<\/a>&nbsp;no son exhaustivos. Se facilitan sin perjuicio de los cambios que puedan haberse producido desde su puesta en l\u00ednea.<\/p>\n\n\n\n<h3 class=\"wp-block-heading\">4. Limitaciones contractuales de los datos t\u00e9cnicos.<\/h3>\n\n\n\n<p>El sitio utiliza la tecnolog\u00eda JavaScript.<\/p>\n\n\n\n<p>El sitio web no se hace responsable de los da\u00f1os materiales derivados de su utilizaci\u00f3n. Adem\u00e1s, los usuarios del sitio se comprometen a acceder a \u00e9l utilizando equipos recientes, libres de virus y con un navegador actualizado de \u00faltima generaci\u00f3n.<\/p>\n\n\n\n<h3 class=\"wp-block-heading\">5. Propiedad intelectual y falsificaci\u00f3n.<\/h3>\n\n\n\n<p>La Communaut\u00e9 de Communes Quercy Rouergue et Gorges de l'Aveyron es propietaria de los derechos de propiedad intelectual o titular de los derechos de uso sobre todos los elementos accesibles en el sitio, en particular los textos, im\u00e1genes, gr\u00e1ficos, logotipos, iconos, sonidos y software.<\/p>\n\n\n\n<p>Toda reproducci\u00f3n, representaci\u00f3n, modificaci\u00f3n, publicaci\u00f3n, adaptaci\u00f3n de la totalidad o parte de los elementos del sitio, cualesquiera que sean los medios o procedimientos utilizados, est\u00e1 prohibida, salvo autorizaci\u00f3n previa por escrito de la Mancomunidad de Municipios de Quercy Rouergue y Gorges de l'Aveyron.<\/p>\n\n\n\n<p>Cualquier uso no autorizado del sitio o de cualquiera de los elementos que contiene se considerar\u00e1 constitutivo de infracci\u00f3n y ser\u00e1 perseguido de conformidad con lo dispuesto en los art\u00edculos L.335-2 y siguientes del C\u00f3digo de la Propiedad Intelectual franc\u00e9s.<\/p>\n\n\n\n<h3 class=\"wp-block-heading\">6. Limitaci\u00f3n de responsabilidad.<\/h3>\n\n\n\n<p>La communaut\u00e9 de communes Quercy Rouergue et Gorges de l'Aveyron no podr\u00e1 ser considerada responsable de los da\u00f1os directos o indirectos causados al equipo del usuario al acceder al sitio www.cc-qrga.fr, y que resulten bien de la utilizaci\u00f3n de un equipo que no responda a las especificaciones indicadas en el punto 4, bien de la aparici\u00f3n de un fallo o de una incompatibilidad.<\/p>\n\n\n\n<p>La Comunidad de Municipios de Quercy Rouergue y Gorges de l'Aveyron no se hace responsable de los da\u00f1os indirectos derivados del uso del sitio.\u00a0<a href=\"https:\/\/cc-qrga.fr\/es\/\">www.cc-qrga.fr<\/a>.<\/p>\n\n\n\n<p>Los usuarios tienen a su disposici\u00f3n espacios interactivos (posibilidad de formular preguntas mediante el formulario de contacto). La Mancomunidad de Municipios de Quercy Rouergue y Gargantas del Aveyron se reserva el derecho de suprimir, sin previo aviso, cualquier contenido publicado en este espacio que contravenga la legislaci\u00f3n aplicable en Francia, en particular las disposiciones relativas a la protecci\u00f3n de datos. En su caso, la Mancomunidad de Municipios de Quercy Rouergue y Gargantas del Aveyron tambi\u00e9n se reserva el derecho de exigir responsabilidades civiles y\/o penales al usuario, especialmente en caso de mensajes de car\u00e1cter racista, insultante, difamatorio o pornogr\u00e1fico, sea cual sea el soporte utilizado (texto, fotograf\u00edas, etc.).<\/p>\n\n\n\n<h3 class=\"wp-block-heading\">7. Gesti\u00f3n de datos personales.<\/h3>\n\n\n\n<p>En Francia, los datos personales est\u00e1n protegidos por la ley n\u00ba 78-87 de 6 de enero de 1978, la ley n\u00ba 2004-801 de 6 de agosto de 2004, el art\u00edculo L. 226-13 del C\u00f3digo Penal y la Directiva Europea de 24 de octubre de 1995.<\/p>\n\n\n\n<p>Al utilizar el sitio&nbsp;<a href=\"https:\/\/cc-qrga.fr\/es\/\">www.cc-qrga.fr<\/a>Puede recogerse la siguiente informaci\u00f3n: la URL de los enlaces a trav\u00e9s de los cuales el usuario ha accedido al sitio&nbsp;<a href=\"https:\/\/cc-qrga.fr\/es\/\">www.cc-qrga.fr<\/a>el proveedor de servicios de Internet del usuario, la direcci\u00f3n del protocolo de Internet (IP) del usuario.<\/p>\n\n\n\n<p>En cualquier caso, la Communaut\u00e9 de Communes Quercy Rouergue et Gorges de l'Aveyron s\u00f3lo recoge informaci\u00f3n personal relativa al usuario a efectos de determinados servicios ofrecidos por el sitio.\u00a0<a href=\"https:\/\/cc-qrga.fr\/es\/\">www.cc-qrga.fr<\/a>. Los usuarios facilitan esta informaci\u00f3n con pleno conocimiento de causa, sobre todo cuando la introducen ellos mismos. El usuario del\u00a0<a href=\"https:\/\/cc-qrga.fr\/es\/\">www.cc-qrga.fr<\/a> la obligaci\u00f3n de facilitar esta informaci\u00f3n.<\/p>\n\n\n\n<p>De conformidad con las disposiciones de los art\u00edculos 38 y siguientes de la Ley 78-17 de 6 de enero de 1978 relativa a la inform\u00e1tica, a los ficheros y a las libertades, todo usuario dispone de un derecho de acceso, de rectificaci\u00f3n y de oposici\u00f3n a los datos de car\u00e1cter personal que le conciernan, mediante el env\u00edo de una solicitud escrita y firmada, acompa\u00f1ada de una copia del documento de identidad con la firma del portador del documento, precisando la direcci\u00f3n a la que debe enviarse la respuesta.<\/p>\n\n\n\n<p>No hay informaci\u00f3n personal sobre el usuario del\u00a0<a href=\"https:\/\/cc-qrga.fr\/es\/\">www.cc-qrga.fr<\/a>\u00a0se publique sin conocimiento del usuario, intercambie, transfiera, ceda o venda por cualquier medio a terceros. <\/p>\n\n\n\n<p>Las bases de datos est\u00e1n protegidas por las disposiciones de la Ley de 1 de julio de 1998 que transpone la Directiva 96\/9 de 11 de marzo de 1996 sobre la protecci\u00f3n jur\u00eddica de las bases de datos.<\/p>\n\n\n\n<h3 class=\"wp-block-heading\">8. Enlaces de hipertexto y cookies.<\/h3>\n\n\n\n<p>El sitio web\u00a0<a href=\"https:\/\/cc-qrga.fr\/es\/\">www.cc-qrga.fr<\/a>\u00a0contiene una serie de enlaces de hipertexto hacia otros sitios, establecidos con la autorizaci\u00f3n de la Communaut\u00e9 de Communes Quercy Rouergue et Gorges de l'Aveyron. No obstante, la Communaut\u00e9 de Communes Quercy Rouergue et Gorges de l'Aveyron no est\u00e1 en condiciones de controlar el contenido de los sitios visitados de este modo y, por consiguiente, no asume ninguna responsabilidad al respecto.<\/p>\n\n\n\n<p>Navegar por el sitio\u00a0<a href=\"https:\/\/cc-qrga.fr\/es\/\">www.cc-qrga.fr<\/a>\u00a0puede provocar la instalaci\u00f3n de cookies en el ordenador del usuario. Una cookie es un peque\u00f1o archivo que no permite identificar al usuario, pero que registra informaci\u00f3n relativa a la navegaci\u00f3n de un ordenador en un sitio. Los datos obtenidos de este modo est\u00e1n destinados a facilitar la navegaci\u00f3n posterior por el sitio y tambi\u00e9n se utilizan para medir el n\u00famero de visitantes (v\u00e9ase el m\u00f3dulo \"Cookiebot\u00ae Usercentrics\" instalado para aceptar cookies).<\/p>\n\n\n\n<p>La negativa a instalar una cookie puede imposibilitar el acceso a determinados servicios. No obstante, los usuarios pueden configurar el m\u00f3dulo de aceptaci\u00f3n de cookies seleccionando sus preferencias de \"Cookiebot\u00ae Usercentrics\".<\/p>\n\n\n\n<p><\/p>\n\n\n\n<h3 class=\"wp-block-heading\">9. Ley aplicable y jurisdicci\u00f3n.<\/h3>\n\n\n\n<p>Cualquier litigio relacionado con el uso del sitio&nbsp;<a href=\"https:\/\/cc-qrga.fr\/es\/\">www.cc-qrga.fr<\/a>&nbsp;se rige por la legislaci\u00f3n francesa. Los tribunales competentes de Par\u00eds tienen jurisdicci\u00f3n exclusiva.<\/p>\n\n\n\n<h3 class=\"wp-block-heading\">10. Las principales leyes afectadas.<\/h3>\n\n\n\n<p>Ley n\u00ba 78-17 de 6 de enero de 1978, modificada por la Ley n\u00ba 2004-801 de 6 de agosto de 2004 relativa a la inform\u00e1tica, los ficheros y las libertades.<\/p>\n\n\n\n<p>Ley n\u00ba 2004-575 de 21 de junio de 2004 sobre la confianza en la econom\u00eda digital.<\/p>\n\n\n\n<h3 class=\"wp-block-heading\">11. Glosario.<\/h3>\n\n\n\n<p>Usuario: Internauta que se conecta y utiliza el sitio mencionado.<\/p>\n\n\n\n<p>Informaci\u00f3n personal: \"informaci\u00f3n que permite, en cualquier forma, directa o indirectamente, la identificaci\u00f3n de las personas f\u00edsicas a las que se aplica\" (art\u00edculo 4 de la ley n\u00ba 78-17 de 6 de enero de 1978).<\/p>","protected":false},"excerpt":{"rendered":"<p>Informations l\u00e9gales 1. Pr\u00e9sentation du site. En vertu de l\u2019article 6 de la loi n\u00b0 2004-575 du 21 juin 2004 pour la confiance dans l\u2019\u00e9conomie num\u00e9rique, il est pr\u00e9cis\u00e9 aux utilisateurs du site&nbsp;www.cc-qrga.fr&nbsp;l\u2019identit\u00e9 des diff\u00e9rents intervenants dans le cadre de sa r\u00e9alisation et de son suivi : Propri\u00e9taire\u00a0: Communaut\u00e9 de Communes Quercy Rouergue et Gorges [&hellip;]<\/p>","protected":false},"author":22,"featured_media":0,"parent":0,"menu_order":0,"comment_status":"closed","ping_status":"closed","template":"","meta":{"footnotes":""},"class_list":["post-16089","page","type-page","status-publish","hentry"],"yoast_head":"<!-- This site is optimized with the Yoast SEO plugin v27.3 - https:\/\/yoast.com\/product\/yoast-seo-wordpress\/ -->\n<title>Mentions l\u00e9gales - Communaut\u00e9 de communes du Quercy Rouergue et des Gorges de l&#039;Aveyron<\/title>\n<meta name=\"robots\" content=\"index, follow, max-snippet:-1, max-image-preview:large, max-video-preview:-1\" \/>\n<link rel=\"canonical\" href=\"https:\/\/cc-qrga.fr\/es\/mentions-legales\/\" \/>\n<meta property=\"og:locale\" content=\"es_ES\" \/>\n<meta property=\"og:type\" content=\"article\" \/>\n<meta property=\"og:title\" content=\"Mentions l\u00e9gales - Communaut\u00e9 de communes du Quercy Rouergue et des Gorges de l&#039;Aveyron\" \/>\n<meta property=\"og:description\" content=\"Informations l\u00e9gales 1. Pr\u00e9sentation du site. En vertu de l\u2019article 6 de la loi n\u00b0 2004-575 du 21 juin 2004 pour la confiance dans l\u2019\u00e9conomie num\u00e9rique, il est pr\u00e9cis\u00e9 aux utilisateurs du site&nbsp;www.cc-qrga.fr&nbsp;l\u2019identit\u00e9 des diff\u00e9rents intervenants dans le cadre de sa r\u00e9alisation et de son suivi : Propri\u00e9taire\u00a0: Communaut\u00e9 de Communes Quercy Rouergue et Gorges [&hellip;]\" \/>\n<meta property=\"og:url\" content=\"https:\/\/cc-qrga.fr\/es\/mentions-legales\/\" \/>\n<meta property=\"og:site_name\" content=\"Communaut\u00e9 de communes du Quercy Rouergue et des Gorges de l&#039;Aveyron\" \/>\n<meta property=\"article:modified_time\" content=\"2022-09-22T09:19:56+00:00\" \/>\n<meta name=\"twitter:card\" content=\"summary_large_image\" \/>\n<meta name=\"twitter:label1\" content=\"Tiempo de lectura\" \/>\n\t<meta name=\"twitter:data1\" content=\"7 minutos\" \/>\n<script type=\"application\/ld+json\" class=\"yoast-schema-graph\">{\"@context\":\"https:\\\/\\\/schema.org\",\"@graph\":[{\"@type\":\"WebPage\",\"@id\":\"https:\\\/\\\/cc-qrga.fr\\\/mentions-legales\\\/\",\"url\":\"https:\\\/\\\/cc-qrga.fr\\\/mentions-legales\\\/\",\"name\":\"Mentions l\u00e9gales - Communaut\u00e9 de communes du Quercy Rouergue et des Gorges de l&#039;Aveyron\",\"isPartOf\":{\"@id\":\"https:\\\/\\\/cc-qrga.fr\\\/#website\"},\"datePublished\":\"2022-09-06T13:56:58+00:00\",\"dateModified\":\"2022-09-22T09:19:56+00:00\",\"breadcrumb\":{\"@id\":\"https:\\\/\\\/cc-qrga.fr\\\/mentions-legales\\\/#breadcrumb\"},\"inLanguage\":\"es\",\"potentialAction\":[{\"@type\":\"ReadAction\",\"target\":[\"https:\\\/\\\/cc-qrga.fr\\\/mentions-legales\\\/\"]}]},{\"@type\":\"BreadcrumbList\",\"@id\":\"https:\\\/\\\/cc-qrga.fr\\\/mentions-legales\\\/#breadcrumb\",\"itemListElement\":[{\"@type\":\"ListItem\",\"position\":1,\"name\":\"Accueil\",\"item\":\"https:\\\/\\\/cc-qrga.fr\\\/\"},{\"@type\":\"ListItem\",\"position\":2,\"name\":\"Mentions l\u00e9gales\"}]},{\"@type\":\"WebSite\",\"@id\":\"https:\\\/\\\/cc-qrga.fr\\\/#website\",\"url\":\"https:\\\/\\\/cc-qrga.fr\\\/\",\"name\":\"Communaut\u00e9 de communes du Quercy Rouergue et des Gorges de l&#039;Aveyron\",\"description\":\"qrga\",\"potentialAction\":[{\"@type\":\"SearchAction\",\"target\":{\"@type\":\"EntryPoint\",\"urlTemplate\":\"https:\\\/\\\/cc-qrga.fr\\\/?s={search_term_string}\"},\"query-input\":{\"@type\":\"PropertyValueSpecification\",\"valueRequired\":true,\"valueName\":\"search_term_string\"}}],\"inLanguage\":\"es\"}]}<\/script>\n<!-- \/ Yoast SEO plugin. -->","yoast_head_json":{"title":"Mentions l\u00e9gales - Communaut\u00e9 de communes du Quercy Rouergue et des Gorges de l&#039;Aveyron","robots":{"index":"index","follow":"follow","max-snippet":"max-snippet:-1","max-image-preview":"max-image-preview:large","max-video-preview":"max-video-preview:-1"},"canonical":"https:\/\/cc-qrga.fr\/es\/mentions-legales\/","og_locale":"es_ES","og_type":"article","og_title":"Mentions l\u00e9gales - Communaut\u00e9 de communes du Quercy Rouergue et des Gorges de l&#039;Aveyron","og_description":"Informations l\u00e9gales 1. Pr\u00e9sentation du site. En vertu de l\u2019article 6 de la loi n\u00b0 2004-575 du 21 juin 2004 pour la confiance dans l\u2019\u00e9conomie num\u00e9rique, il est pr\u00e9cis\u00e9 aux utilisateurs du site&nbsp;www.cc-qrga.fr&nbsp;l\u2019identit\u00e9 des diff\u00e9rents intervenants dans le cadre de sa r\u00e9alisation et de son suivi : Propri\u00e9taire\u00a0: Communaut\u00e9 de Communes Quercy Rouergue et Gorges [&hellip;]","og_url":"https:\/\/cc-qrga.fr\/es\/mentions-legales\/","og_site_name":"Communaut\u00e9 de communes du Quercy Rouergue et des Gorges de l&#039;Aveyron","article_modified_time":"2022-09-22T09:19:56+00:00","twitter_card":"summary_large_image","twitter_misc":{"Tiempo de lectura":"7 minutos"},"schema":{"@context":"https:\/\/schema.org","@graph":[{"@type":"WebPage","@id":"https:\/\/cc-qrga.fr\/mentions-legales\/","url":"https:\/\/cc-qrga.fr\/mentions-legales\/","name":"Mentions l\u00e9gales - Communaut\u00e9 de communes du Quercy Rouergue et des Gorges de l&#039;Aveyron","isPartOf":{"@id":"https:\/\/cc-qrga.fr\/#website"},"datePublished":"2022-09-06T13:56:58+00:00","dateModified":"2022-09-22T09:19:56+00:00","breadcrumb":{"@id":"https:\/\/cc-qrga.fr\/mentions-legales\/#breadcrumb"},"inLanguage":"es","potentialAction":[{"@type":"ReadAction","target":["https:\/\/cc-qrga.fr\/mentions-legales\/"]}]},{"@type":"BreadcrumbList","@id":"https:\/\/cc-qrga.fr\/mentions-legales\/#breadcrumb","itemListElement":[{"@type":"ListItem","position":1,"name":"Accueil","item":"https:\/\/cc-qrga.fr\/"},{"@type":"ListItem","position":2,"name":"Mentions l\u00e9gales"}]},{"@type":"WebSite","@id":"https:\/\/cc-qrga.fr\/#website","url":"https:\/\/cc-qrga.fr\/","name":"Mancomunidad de municipios de Quercy Rouergue y Gargantas del Aveyron","description":"qrga","potentialAction":[{"@type":"SearchAction","target":{"@type":"EntryPoint","urlTemplate":"https:\/\/cc-qrga.fr\/?s={search_term_string}"},"query-input":{"@type":"PropertyValueSpecification","valueRequired":true,"valueName":"search_term_string"}}],"inLanguage":"es"}]}},"_links":{"self":[{"href":"https:\/\/cc-qrga.fr\/es\/wp-json\/wp\/v2\/pages\/16089","targetHints":{"allow":["GET"]}}],"collection":[{"href":"https:\/\/cc-qrga.fr\/es\/wp-json\/wp\/v2\/pages"}],"about":[{"href":"https:\/\/cc-qrga.fr\/es\/wp-json\/wp\/v2\/types\/page"}],"author":[{"embeddable":true,"href":"https:\/\/cc-qrga.fr\/es\/wp-json\/wp\/v2\/users\/22"}],"replies":[{"embeddable":true,"href":"https:\/\/cc-qrga.fr\/es\/wp-json\/wp\/v2\/comments?post=16089"}],"version-history":[{"count":0,"href":"https:\/\/cc-qrga.fr\/es\/wp-json\/wp\/v2\/pages\/16089\/revisions"}],"wp:attachment":[{"href":"https:\/\/cc-qrga.fr\/es\/wp-json\/wp\/v2\/media?parent=16089"}],"curies":[{"name":"wp","href":"https:\/\/api.w.org\/{rel}","templated":true}]}}