{"id":165,"date":"2022-07-07T10:15:27","date_gmt":"2022-07-07T08:15:27","guid":{"rendered":"https:\/\/cc-qrga.fr\/?page_id=165"},"modified":"2022-09-26T14:21:52","modified_gmt":"2022-09-26T12:21:52","slug":"role-de-linterco","status":"publish","type":"page","link":"https:\/\/cc-qrga.fr\/es\/votre-communaute\/role-de-linterco\/","title":{"rendered":"R\u00f4le de l&rsquo;interco"},"content":{"rendered":"<div data-elementor-type=\"wp-page\" data-elementor-id=\"165\" class=\"elementor elementor-165\" data-elementor-post-type=\"page\">\n\t\t\t\t\t\t<section class=\"has_eae_slider elementor-section elementor-top-section elementor-element elementor-element-48715da elementor-section-boxed elementor-section-height-default elementor-section-height-default\" data-eae-slider=\"45139\" data-id=\"48715da\" data-element_type=\"section\" data-e-type=\"section\">\n\t\t\t\t\t\t<div class=\"elementor-container elementor-column-gap-default\">\n\t\t\t\t\t<div class=\"has_eae_slider elementor-column elementor-col-100 elementor-top-column elementor-element elementor-element-8c0b785\" data-eae-slider=\"75994\" data-id=\"8c0b785\" data-element_type=\"column\" data-e-type=\"column\">\n\t\t\t<div class=\"elementor-widget-wrap elementor-element-populated\">\n\t\t\t\t\t\t<div class=\"elementor-element elementor-element-52dc5c7 elementor-widget elementor-widget-heading\" data-id=\"52dc5c7\" data-element_type=\"widget\" data-e-type=\"widget\" data-widget_type=\"heading.default\">\n\t\t\t\t<div class=\"elementor-widget-container\">\n\t\t\t\t\t<h1 class=\"elementor-heading-title elementor-size-default\">La comunidad de<a style=\"color:#5EB8CE\"> municipios<\/h1>\t\t\t\t<\/div>\n\t\t\t\t<\/div>\n\t\t\t\t<div class=\"elementor-element elementor-element-bc2a725 elementor-widget elementor-widget-text-editor\" data-id=\"bc2a725\" data-element_type=\"widget\" data-e-type=\"widget\" data-widget_type=\"text-editor.default\">\n\t\t\t\t<div class=\"elementor-widget-container\">\n\t\t\t\t\t\t\t\t\t<p class=\"x_MsoNormal\">Creada en 1997, la Communaut\u00e9 de Communes du Quercy Rouergue et des Gorges de l'Aveyron (CCQRGA) tiene una superficie de 463 km\u00b2 y est\u00e1 formada por 17 municipios. Situada al este del departamento de Tarn-et-Garonne, la CCQRGA limita con los departamentos de Aveyron, Lot y Tarn.\u00a0<\/p><p class=\"x_MsoNormal\">El territorio de la CCQRGA se caracteriza por su extensi\u00f3n y su escasa densidad de poblaci\u00f3n. Se articula en torno a los dos antiguos cantones de St Antonin Noble Val y Caylus (m\u00e1s el municipio tarn\u00e9s de Montrosier). St Antonin Noble Val y Caylus son los municipios m\u00e1s poblados, con 1852 y 1446 habitantes respectivamente en 2017 (Fuente Insee). Como Establecimiento P\u00fablico de Cooperaci\u00f3n Intermunicipal (EPCI), el CCQRGA trabaja con los municipios y los complementa en diversos \u00e1mbitos, desde la ordenaci\u00f3n del territorio hasta el desarrollo econ\u00f3mico, desde los centros de ocio hasta la Oficina de Turismo Intermunicipal, desde la recogida de residuos dom\u00e9sticos hasta France Services, etc.<\/p>\t\t\t\t\t\t\t\t<\/div>\n\t\t\t\t<\/div>\n\t\t\t\t<div class=\"elementor-element elementor-element-6f21fd4 elementor-widget elementor-widget-heading\" data-id=\"6f21fd4\" data-element_type=\"widget\" data-e-type=\"widget\" data-widget_type=\"heading.default\">\n\t\t\t\t<div class=\"elementor-widget-container\">\n\t\t\t\t\t<h1 class=\"elementor-heading-title elementor-size-default\">El papel de<a style=\"color:#5EB8CE\"> intercomunalidad<\/h1>\t\t\t\t<\/div>\n\t\t\t\t<\/div>\n\t\t\t\t\t<\/div>\n\t\t<\/div>\n\t\t\t\t\t<\/div>\n\t\t<\/section>\n\t\t\t\t<section class=\"has_eae_slider elementor-section elementor-top-section elementor-element elementor-element-77a41eb elementor-section-boxed elementor-section-height-default elementor-section-height-default\" data-eae-slider=\"48930\" data-id=\"77a41eb\" data-element_type=\"section\" data-e-type=\"section\">\n\t\t\t\t\t\t<div class=\"elementor-container elementor-column-gap-default\">\n\t\t\t\t\t<div class=\"has_eae_slider elementor-column elementor-col-100 elementor-top-column elementor-element elementor-element-9428511\" data-eae-slider=\"12152\" data-id=\"9428511\" data-element_type=\"column\" data-e-type=\"column\">\n\t\t\t<div class=\"elementor-widget-wrap elementor-element-populated\">\n\t\t\t\t\t\t<div class=\"elementor-element elementor-element-c681571 elementor-widget elementor-widget-heading\" data-id=\"c681571\" data-element_type=\"widget\" data-e-type=\"widget\" data-widget_type=\"heading.default\">\n\t\t\t\t<div class=\"elementor-widget-container\">\n\t\t\t\t\t<h2 class=\"elementor-heading-title elementor-size-default\">Dos v\u00eddeos que le ayudar\u00e1n a ver las cosas con m\u00e1s claridad. <\/h2>\t\t\t\t<\/div>\n\t\t\t\t<\/div>\n\t\t\t\t<div class=\"elementor-element elementor-element-f419d5f elementor-widget-divider--view-line elementor-widget elementor-widget-divider\" data-id=\"f419d5f\" data-element_type=\"widget\" data-e-type=\"widget\" data-widget_type=\"divider.default\">\n\t\t\t\t<div class=\"elementor-widget-container\">\n\t\t\t\t\t\t\t<div class=\"elementor-divider\">\n\t\t\t<span class=\"elementor-divider-separator\">\n\t\t\t\t\t\t<\/span>\n\t\t<\/div>\n\t\t\t\t\t\t<\/div>\n\t\t\t\t<\/div>\n\t\t\t\t<div class=\"elementor-element elementor-element-7981f3f elementor-widget elementor-widget-text-editor\" data-id=\"7981f3f\" data-element_type=\"widget\" data-e-type=\"widget\" data-widget_type=\"text-editor.default\">\n\t\t\t\t<div class=\"elementor-widget-container\">\n\t\t\t\t\t\t\t\t\t<p><span data-contrast=\"auto\">El concepto de intercomunalidad es a veces dif\u00edcil de comprender. Entender \"qui\u00e9n hace qu\u00e9\" entre el municipio y la comunidad de municipios es una cuesti\u00f3n clave para los ciudadanos, para que puedan participar plenamente en la democracia local.\u00a0<\/span><span data-ccp-props=\"{&quot;201341983&quot;:0,&quot;335559739&quot;:160,&quot;335559740&quot;:259}\">\u00a0<\/span><\/p><p><span data-contrast=\"auto\">A continuaci\u00f3n encontrar\u00e1 dos v\u00eddeos que le ayudar\u00e1n a identificar r\u00e1pida y f\u00e1cilmente el reparto de competencias entre los niveles municipal e intermunicipal.\u00a0<\/span><span data-ccp-props=\"{&quot;201341983&quot;:0,&quot;335559739&quot;:160,&quot;335559740&quot;:259}\">\u00a0<\/span><\/p><p><em><span class=\"TextRun SCXW69336548 BCX0\" lang=\"FR-FR\" xml:lang=\"FR-FR\" data-contrast=\"auto\"><span class=\"NormalTextRun SCXW69336548 BCX0\">Para m\u00e1s informaci\u00f3n, p\u00f3ngase en contacto con la CCQRGA en el 05 63 30 67 01.<\/span><\/span><span class=\"EOP SCXW69336548 BCX0\" data-ccp-props=\"{&quot;201341983&quot;:0,&quot;335559739&quot;:160,&quot;335559740&quot;:259}\">\u00a0<\/span><\/em><\/p>\t\t\t\t\t\t\t\t<\/div>\n\t\t\t\t<\/div>\n\t\t\t\t\t<\/div>\n\t\t<\/div>\n\t\t\t\t\t<\/div>\n\t\t<\/section>\n\t\t\t\t<section class=\"has_eae_slider elementor-section elementor-top-section elementor-element elementor-element-0fa4886 elementor-section-boxed elementor-section-height-default elementor-section-height-default\" data-eae-slider=\"55746\" data-id=\"0fa4886\" data-element_type=\"section\" data-e-type=\"section\">\n\t\t\t\t\t\t<div class=\"elementor-container elementor-column-gap-default\">\n\t\t\t\t\t<div class=\"has_eae_slider elementor-column elementor-col-50 elementor-top-column elementor-element elementor-element-afe371b\" data-eae-slider=\"61628\" data-id=\"afe371b\" data-element_type=\"column\" data-e-type=\"column\">\n\t\t\t<div class=\"elementor-widget-wrap elementor-element-populated\">\n\t\t\t\t\t\t<div class=\"elementor-element elementor-element-ca98e40 elementor-widget elementor-widget-video\" data-id=\"ca98e40\" data-element_type=\"widget\" data-e-type=\"widget\" data-settings=\"{&quot;youtube_url&quot;:&quot;https:\\\/\\\/youtu.be\\\/bmsWd_UtwcM&quot;,&quot;video_type&quot;:&quot;youtube&quot;,&quot;controls&quot;:&quot;yes&quot;}\" data-widget_type=\"video.default\">\n\t\t\t\t<div class=\"elementor-widget-container\">\n\t\t\t\t\t\t\t<div class=\"elementor-wrapper elementor-open-inline\">\n\t\t\t<div class=\"elementor-video\"><\/div>\t\t<\/div>\n\t\t\t\t\t\t<\/div>\n\t\t\t\t<\/div>\n\t\t\t\t\t<\/div>\n\t\t<\/div>\n\t\t\t\t<div class=\"has_eae_slider elementor-column elementor-col-50 elementor-top-column elementor-element elementor-element-e3096b1\" data-eae-slider=\"3147\" data-id=\"e3096b1\" data-element_type=\"column\" data-e-type=\"column\">\n\t\t\t<div class=\"elementor-widget-wrap elementor-element-populated\">\n\t\t\t\t\t\t<div class=\"elementor-element elementor-element-535b3fd elementor-widget elementor-widget-video\" data-id=\"535b3fd\" data-element_type=\"widget\" data-e-type=\"widget\" data-settings=\"{&quot;youtube_url&quot;:&quot;https:\\\/\\\/www.youtube.com\\\/watch?v=X5yD_OsKXsI&quot;,&quot;video_type&quot;:&quot;youtube&quot;,&quot;controls&quot;:&quot;yes&quot;}\" data-widget_type=\"video.default\">\n\t\t\t\t<div class=\"elementor-widget-container\">\n\t\t\t\t\t\t\t<div class=\"elementor-wrapper elementor-open-inline\">\n\t\t\t<div class=\"elementor-video\"><\/div>\t\t<\/div>\n\t\t\t\t\t\t<\/div>\n\t\t\t\t<\/div>\n\t\t\t\t\t<\/div>\n\t\t<\/div>\n\t\t\t\t\t<\/div>\n\t\t<\/section>\n\t\t\t\t<section class=\"has_eae_slider elementor-section elementor-top-section elementor-element elementor-element-b2c6e2e elementor-section-boxed elementor-section-height-default elementor-section-height-default\" data-eae-slider=\"63286\" data-id=\"b2c6e2e\" data-element_type=\"section\" data-e-type=\"section\">\n\t\t\t\t\t\t<div class=\"elementor-container elementor-column-gap-default\">\n\t\t\t\t\t<div class=\"has_eae_slider elementor-column elementor-col-100 elementor-top-column elementor-element elementor-element-36138e2\" data-eae-slider=\"10331\" data-id=\"36138e2\" data-element_type=\"column\" data-e-type=\"column\">\n\t\t\t<div class=\"elementor-widget-wrap elementor-element-populated\">\n\t\t\t\t\t\t<div class=\"elementor-element elementor-element-896c27a elementor-widget elementor-widget-spacer\" data-id=\"896c27a\" data-element_type=\"widget\" data-e-type=\"widget\" data-widget_type=\"spacer.default\">\n\t\t\t\t<div class=\"elementor-widget-container\">\n\t\t\t\t\t\t\t<div class=\"elementor-spacer\">\n\t\t\t<div class=\"elementor-spacer-inner\"><\/div>\n\t\t<\/div>\n\t\t\t\t\t\t<\/div>\n\t\t\t\t<\/div>\n\t\t\t\t\t<\/div>\n\t\t<\/div>\n\t\t\t\t\t<\/div>\n\t\t<\/section>\n\t\t\t\t<\/div>","protected":false},"excerpt":{"rendered":"<p>La communaut\u00e9 de communes Cr\u00e9\u00e9e en 1997, la Communaut\u00e9 de Communes du Quercy Rouergue et des Gorges de l\u2019Aveyron (CCQRGA) couvre une superficie de 463 km\u00b2 et est compos\u00e9e de 17 communes. Situ\u00e9e \u00e0 l\u2019est du D\u00e9partement du Tarn-et-Garonne, la CCQRGA est frontali\u00e8re des d\u00e9partements de l\u2019Aveyron, du Lot et du Tarn.&nbsp; Le territoire de [&hellip;]<\/p>","protected":false},"author":22,"featured_media":0,"parent":22,"menu_order":0,"comment_status":"closed","ping_status":"closed","template":"","meta":{"footnotes":""},"class_list":["post-165","page","type-page","status-publish","hentry"],"yoast_head":"<!-- This site is optimized with the Yoast SEO plugin v27.4 - https:\/\/yoast.com\/product\/yoast-seo-wordpress\/ -->\n<title>R\u00f4le de l&#039;interco - Communaut\u00e9 de communes du Quercy Rouergue et des Gorges de l&#039;Aveyron<\/title>\n<meta name=\"robots\" content=\"index, follow, max-snippet:-1, max-image-preview:large, max-video-preview:-1\" \/>\n<link rel=\"canonical\" href=\"https:\/\/cc-qrga.fr\/es\/votre-communaute\/role-de-linterco\/\" \/>\n<meta property=\"og:locale\" content=\"es_ES\" \/>\n<meta property=\"og:type\" content=\"article\" \/>\n<meta property=\"og:title\" content=\"R\u00f4le de l&#039;interco - Communaut\u00e9 de communes du Quercy Rouergue et des Gorges de l&#039;Aveyron\" \/>\n<meta property=\"og:description\" content=\"La communaut\u00e9 de communes Cr\u00e9\u00e9e en 1997, la Communaut\u00e9 de Communes du Quercy Rouergue et des Gorges de l\u2019Aveyron (CCQRGA) couvre une superficie de 463 km\u00b2 et est compos\u00e9e de 17 communes. Situ\u00e9e \u00e0 l\u2019est du D\u00e9partement du Tarn-et-Garonne, la CCQRGA est frontali\u00e8re des d\u00e9partements de l\u2019Aveyron, du Lot et du Tarn.&nbsp; Le territoire de [&hellip;]\" \/>\n<meta property=\"og:url\" content=\"https:\/\/cc-qrga.fr\/es\/votre-communaute\/role-de-linterco\/\" \/>\n<meta property=\"og:site_name\" content=\"Communaut\u00e9 de communes du Quercy Rouergue et des Gorges de l&#039;Aveyron\" \/>\n<meta property=\"article:modified_time\" content=\"2022-09-26T12:21:52+00:00\" \/>\n<meta name=\"twitter:card\" content=\"summary_large_image\" \/>\n<meta name=\"twitter:label1\" content=\"Tiempo de lectura\" \/>\n\t<meta name=\"twitter:data1\" content=\"2 minutos\" \/>\n<script type=\"application\/ld+json\" class=\"yoast-schema-graph\">{\"@context\":\"https:\\\/\\\/schema.org\",\"@graph\":[{\"@type\":\"WebPage\",\"@id\":\"https:\\\/\\\/cc-qrga.fr\\\/votre-communaute\\\/role-de-linterco\\\/\",\"url\":\"https:\\\/\\\/cc-qrga.fr\\\/votre-communaute\\\/role-de-linterco\\\/\",\"name\":\"R\u00f4le de l'interco - Communaut\u00e9 de communes du Quercy Rouergue et des Gorges de l&#039;Aveyron\",\"isPartOf\":{\"@id\":\"https:\\\/\\\/cc-qrga.fr\\\/#website\"},\"datePublished\":\"2022-07-07T08:15:27+00:00\",\"dateModified\":\"2022-09-26T12:21:52+00:00\",\"breadcrumb\":{\"@id\":\"https:\\\/\\\/cc-qrga.fr\\\/votre-communaute\\\/role-de-linterco\\\/#breadcrumb\"},\"inLanguage\":\"es\",\"potentialAction\":[{\"@type\":\"ReadAction\",\"target\":[\"https:\\\/\\\/cc-qrga.fr\\\/votre-communaute\\\/role-de-linterco\\\/\"]}]},{\"@type\":\"BreadcrumbList\",\"@id\":\"https:\\\/\\\/cc-qrga.fr\\\/votre-communaute\\\/role-de-linterco\\\/#breadcrumb\",\"itemListElement\":[{\"@type\":\"ListItem\",\"position\":1,\"name\":\"Accueil\",\"item\":\"https:\\\/\\\/cc-qrga.fr\\\/\"},{\"@type\":\"ListItem\",\"position\":2,\"name\":\"Votre communaut\u00e9\",\"item\":\"https:\\\/\\\/cc-qrga.fr\\\/votre-communaute\\\/\"},{\"@type\":\"ListItem\",\"position\":3,\"name\":\"R\u00f4le de l&#8217;interco\"}]},{\"@type\":\"WebSite\",\"@id\":\"https:\\\/\\\/cc-qrga.fr\\\/#website\",\"url\":\"https:\\\/\\\/cc-qrga.fr\\\/\",\"name\":\"Communaut\u00e9 de communes du Quercy Rouergue et des Gorges de l&#039;Aveyron\",\"description\":\"qrga\",\"potentialAction\":[{\"@type\":\"SearchAction\",\"target\":{\"@type\":\"EntryPoint\",\"urlTemplate\":\"https:\\\/\\\/cc-qrga.fr\\\/?s={search_term_string}\"},\"query-input\":{\"@type\":\"PropertyValueSpecification\",\"valueRequired\":true,\"valueName\":\"search_term_string\"}}],\"inLanguage\":\"es\"}]}<\/script>\n<!-- \/ Yoast SEO plugin. -->","yoast_head_json":{"title":"R\u00f4le de l'interco - Communaut\u00e9 de communes du Quercy Rouergue et des Gorges de l&#039;Aveyron","robots":{"index":"index","follow":"follow","max-snippet":"max-snippet:-1","max-image-preview":"max-image-preview:large","max-video-preview":"max-video-preview:-1"},"canonical":"https:\/\/cc-qrga.fr\/es\/votre-communaute\/role-de-linterco\/","og_locale":"es_ES","og_type":"article","og_title":"R\u00f4le de l'interco - Communaut\u00e9 de communes du Quercy Rouergue et des Gorges de l&#039;Aveyron","og_description":"La communaut\u00e9 de communes Cr\u00e9\u00e9e en 1997, la Communaut\u00e9 de Communes du Quercy Rouergue et des Gorges de l\u2019Aveyron (CCQRGA) couvre une superficie de 463 km\u00b2 et est compos\u00e9e de 17 communes. Situ\u00e9e \u00e0 l\u2019est du D\u00e9partement du Tarn-et-Garonne, la CCQRGA est frontali\u00e8re des d\u00e9partements de l\u2019Aveyron, du Lot et du Tarn.&nbsp; Le territoire de [&hellip;]","og_url":"https:\/\/cc-qrga.fr\/es\/votre-communaute\/role-de-linterco\/","og_site_name":"Communaut\u00e9 de communes du Quercy Rouergue et des Gorges de l&#039;Aveyron","article_modified_time":"2022-09-26T12:21:52+00:00","twitter_card":"summary_large_image","twitter_misc":{"Tiempo de lectura":"2 minutos"},"schema":{"@context":"https:\/\/schema.org","@graph":[{"@type":"WebPage","@id":"https:\/\/cc-qrga.fr\/votre-communaute\/role-de-linterco\/","url":"https:\/\/cc-qrga.fr\/votre-communaute\/role-de-linterco\/","name":"R\u00f4le de l'interco - Communaut\u00e9 de communes du Quercy Rouergue et des Gorges de l&#039;Aveyron","isPartOf":{"@id":"https:\/\/cc-qrga.fr\/#website"},"datePublished":"2022-07-07T08:15:27+00:00","dateModified":"2022-09-26T12:21:52+00:00","breadcrumb":{"@id":"https:\/\/cc-qrga.fr\/votre-communaute\/role-de-linterco\/#breadcrumb"},"inLanguage":"es","potentialAction":[{"@type":"ReadAction","target":["https:\/\/cc-qrga.fr\/votre-communaute\/role-de-linterco\/"]}]},{"@type":"BreadcrumbList","@id":"https:\/\/cc-qrga.fr\/votre-communaute\/role-de-linterco\/#breadcrumb","itemListElement":[{"@type":"ListItem","position":1,"name":"Accueil","item":"https:\/\/cc-qrga.fr\/"},{"@type":"ListItem","position":2,"name":"Votre communaut\u00e9","item":"https:\/\/cc-qrga.fr\/votre-communaute\/"},{"@type":"ListItem","position":3,"name":"R\u00f4le de l&#8217;interco"}]},{"@type":"WebSite","@id":"https:\/\/cc-qrga.fr\/#website","url":"https:\/\/cc-qrga.fr\/","name":"Mancomunidad de municipios de Quercy Rouergue y Gargantas del Aveyron","description":"qrga","potentialAction":[{"@type":"SearchAction","target":{"@type":"EntryPoint","urlTemplate":"https:\/\/cc-qrga.fr\/?s={search_term_string}"},"query-input":{"@type":"PropertyValueSpecification","valueRequired":true,"valueName":"search_term_string"}}],"inLanguage":"es"}]}},"_links":{"self":[{"href":"https:\/\/cc-qrga.fr\/es\/wp-json\/wp\/v2\/pages\/165","targetHints":{"allow":["GET"]}}],"collection":[{"href":"https:\/\/cc-qrga.fr\/es\/wp-json\/wp\/v2\/pages"}],"about":[{"href":"https:\/\/cc-qrga.fr\/es\/wp-json\/wp\/v2\/types\/page"}],"author":[{"embeddable":true,"href":"https:\/\/cc-qrga.fr\/es\/wp-json\/wp\/v2\/users\/22"}],"replies":[{"embeddable":true,"href":"https:\/\/cc-qrga.fr\/es\/wp-json\/wp\/v2\/comments?post=165"}],"version-history":[{"count":0,"href":"https:\/\/cc-qrga.fr\/es\/wp-json\/wp\/v2\/pages\/165\/revisions"}],"up":[{"embeddable":true,"href":"https:\/\/cc-qrga.fr\/es\/wp-json\/wp\/v2\/pages\/22"}],"wp:attachment":[{"href":"https:\/\/cc-qrga.fr\/es\/wp-json\/wp\/v2\/media?parent=165"}],"curies":[{"name":"wp","href":"https:\/\/api.w.org\/{rel}","templated":true}]}}