{"id":19404,"date":"2023-01-17T10:19:32","date_gmt":"2023-01-17T09:19:32","guid":{"rendered":"https:\/\/cc-qrga.fr\/?page_id=19404"},"modified":"2023-01-17T15:35:10","modified_gmt":"2023-01-17T14:35:10","slug":"aides-publiques","status":"publish","type":"page","link":"https:\/\/cc-qrga.fr\/es\/entreprendre\/accompagnements\/aides-publiques\/","title":{"rendered":"Aides publiques"},"content":{"rendered":"<div data-elementor-type=\"wp-page\" data-elementor-id=\"19404\" class=\"elementor elementor-19404\" data-elementor-post-type=\"page\">\n\t\t\t\t\t\t<section class=\"has_eae_slider elementor-section elementor-top-section elementor-element elementor-element-a12e11d elementor-section-boxed elementor-section-height-default elementor-section-height-default\" data-eae-slider=\"53273\" data-id=\"a12e11d\" data-element_type=\"section\" data-e-type=\"section\">\n\t\t\t\t\t\t<div class=\"elementor-container elementor-column-gap-default\">\n\t\t\t\t\t<div class=\"has_eae_slider elementor-column elementor-col-100 elementor-top-column elementor-element elementor-element-eee004a\" data-eae-slider=\"82356\" data-id=\"eee004a\" data-element_type=\"column\" data-e-type=\"column\">\n\t\t\t<div class=\"elementor-widget-wrap elementor-element-populated\">\n\t\t\t\t\t\t<div class=\"elementor-element elementor-element-adecc0c elementor-widget elementor-widget-heading\" data-id=\"adecc0c\" data-element_type=\"widget\" data-e-type=\"widget\" data-widget_type=\"heading.default\">\n\t\t\t\t<div class=\"elementor-widget-container\">\n\t\t\t\t\t<h2 class=\"elementor-heading-title elementor-size-default\">Aides publiques<\/h2>\t\t\t\t<\/div>\n\t\t\t\t<\/div>\n\t\t\t\t<div class=\"elementor-element elementor-element-cdc0973 elementor-widget elementor-widget-text-editor\" data-id=\"cdc0973\" data-element_type=\"widget\" data-e-type=\"widget\" data-widget_type=\"text-editor.default\">\n\t\t\t\t<div class=\"elementor-widget-container\">\n\t\t\t\t\t\t\t\t\t<p><span class=\"TextRun SCXW253069421 BCX0\" lang=\"FR-FR\" xml:lang=\"FR-FR\" data-contrast=\"auto\"><span class=\"NormalTextRun SCXW253069421 BCX0\">De nombreuses <\/span><\/span><span class=\"TextRun SCXW253069421 BCX0\" lang=\"FR-FR\" xml:lang=\"FR-FR\" data-contrast=\"auto\"><span class=\"NormalTextRun SCXW253069421 BCX0\">aides aux entreprises<\/span><\/span><span class=\"TextRun SCXW253069421 BCX0\" lang=\"FR-FR\" xml:lang=\"FR-FR\" data-contrast=\"auto\"><span class=\"NormalTextRun SCXW253069421 BCX0\"> existent au <\/span><\/span><span class=\"TextRun SCXW253069421 BCX0\" lang=\"FR-FR\" xml:lang=\"FR-FR\" data-contrast=\"auto\"><span class=\"NormalTextRun SCXW253069421 BCX0\">niveau national<\/span><\/span><span class=\"TextRun SCXW253069421 BCX0\" lang=\"FR-FR\" xml:lang=\"FR-FR\" data-contrast=\"auto\"><span class=\"NormalTextRun SCXW253069421 BCX0\">, recherchez selon votre activit\u00e9 celles qui vous conviennent via les plateformes de recherches des <\/span><\/span><span class=\"TextRun SCXW253069421 BCX0\" lang=\"FR-FR\" xml:lang=\"FR-FR\" data-contrast=\"auto\"><span class=\"NormalTextRun SCXW253069421 BCX0\">consulaires<\/span> <\/span><span class=\"TextRun SCXW253069421 BCX0\" lang=\"FR-FR\" xml:lang=\"FR-FR\" data-contrast=\"auto\"><span class=\"NormalTextRun SCXW253069421 BCX0\">ou du <\/span><\/span><span class=\"TextRun SCXW253069421 BCX0\" lang=\"FR-FR\" xml:lang=\"FR-FR\" data-contrast=\"auto\"><span class=\"NormalTextRun SCXW253069421 BCX0\">gouvernement<\/span><\/span><span class=\"TextRun SCXW253069421 BCX0\" lang=\"FR-FR\" xml:lang=\"FR-FR\" data-contrast=\"auto\"><span class=\"NormalTextRun SCXW253069421 BCX0\">.<\/span><\/span><span class=\"EOP SCXW253069421 BCX0\" data-ccp-props=\"{&quot;201341983&quot;:0,&quot;335559739&quot;:160,&quot;335559740&quot;:259}\">\u00a0<\/span><\/p><p aria-level=\"1\"><span data-contrast=\"none\"><strong>Etat<\/strong>\u00a0<\/span><span data-ccp-props=\"{&quot;201341983&quot;:0,&quot;335559738&quot;:240,&quot;335559739&quot;:0,&quot;335559740&quot;:259}\">\u00a0<\/span><\/p><p><span data-contrast=\"auto\">Vous recherchez une aide la cr\u00e9ation, reprise ou transmission\u202f? Des aides sp\u00e9cifiques ou pour les entreprises en difficult\u00e9s\u202f?\u00a0<\/span><span data-ccp-props=\"{&quot;201341983&quot;:0,&quot;335559739&quot;:160,&quot;335559740&quot;:259}\">\u00a0<\/span><\/p><p><span data-contrast=\"auto\">Retrouvez un <\/span><b><span data-contrast=\"auto\">recensement de toutes les aides publiques<\/span><\/b><span data-contrast=\"auto\"> en faveur des entreprises via le site du gouvernement\u202f:<\/span><span data-ccp-props=\"{&quot;201341983&quot;:0,&quot;335559739&quot;:160,&quot;335559740&quot;:259}\">\u00a0<\/span><\/p>\t\t\t\t\t\t\t\t<\/div>\n\t\t\t\t<\/div>\n\t\t\t\t<div class=\"elementor-element elementor-element-91fb457 elementor-align-left elementor-widget elementor-widget-button\" data-id=\"91fb457\" data-element_type=\"widget\" data-e-type=\"widget\" data-widget_type=\"button.default\">\n\t\t\t\t<div class=\"elementor-widget-container\">\n\t\t\t\t\t\t\t\t\t<div class=\"elementor-button-wrapper\">\n\t\t\t\t\t<a class=\"elementor-button elementor-button-link elementor-size-sm elementor-animation-shrink\" href=\"https:\/\/www.economie.gouv.fr\/cedef\/aides-publiques-entreprises%20%20\" target=\"_blank\">\n\t\t\t\t\t\t<span class=\"elementor-button-content-wrapper\">\n\t\t\t\t\t\t\t\t\t<span class=\"elementor-button-text\">Par ici<\/span>\n\t\t\t\t\t<\/span>\n\t\t\t\t\t<\/a>\n\t\t\t\t<\/div>\n\t\t\t\t\t\t\t\t<\/div>\n\t\t\t\t<\/div>\n\t\t\t\t\t<\/div>\n\t\t<\/div>\n\t\t\t\t\t<\/div>\n\t\t<\/section>\n\t\t\t\t<section class=\"has_eae_slider elementor-section elementor-top-section elementor-element elementor-element-7bbcc5a elementor-section-boxed elementor-section-height-default elementor-section-height-default\" data-eae-slider=\"53224\" data-id=\"7bbcc5a\" data-element_type=\"section\" data-e-type=\"section\">\n\t\t\t\t\t\t<div class=\"elementor-container elementor-column-gap-default\">\n\t\t\t\t\t<div class=\"has_eae_slider elementor-column elementor-col-100 elementor-top-column elementor-element elementor-element-2d03b33\" data-eae-slider=\"15946\" data-id=\"2d03b33\" data-element_type=\"column\" data-e-type=\"column\">\n\t\t\t<div class=\"elementor-widget-wrap elementor-element-populated\">\n\t\t\t\t\t\t<div class=\"elementor-element elementor-element-0bb27b4 elementor-widget elementor-widget-heading\" data-id=\"0bb27b4\" data-element_type=\"widget\" data-e-type=\"widget\" data-widget_type=\"heading.default\">\n\t\t\t\t<div class=\"elementor-widget-container\">\n\t\t\t\t\t<h2 class=\"elementor-heading-title elementor-size-default\">CHAMBRE DE COMMERCE ET D\u2019INDUSTRIE  <\/h2>\t\t\t\t<\/div>\n\t\t\t\t<\/div>\n\t\t\t\t<div class=\"elementor-element elementor-element-4c972be elementor-widget elementor-widget-text-editor\" data-id=\"4c972be\" data-element_type=\"widget\" data-e-type=\"widget\" data-widget_type=\"text-editor.default\">\n\t\t\t\t<div class=\"elementor-widget-container\">\n\t\t\t\t\t\t\t\t\t<p><span class=\"TextRun SCXW29028336 BCX0\" lang=\"FR-FR\" xml:lang=\"FR-FR\" data-contrast=\"auto\"><span class=\"NormalTextRun SCXW29028336 BCX0\">Guide en ligne national sur les aides aux entreprises<\/span><span class=\"NormalTextRun SCXW29028336 BCX0\">\u202f<\/span><\/span><span class=\"EOP SCXW29028336 BCX0\" data-ccp-props=\"{&quot;201341983&quot;:0,&quot;335559739&quot;:160,&quot;335559740&quot;:259}\">\u00a0<\/span><\/p>\t\t\t\t\t\t\t\t<\/div>\n\t\t\t\t<\/div>\n\t\t\t\t<div class=\"elementor-element elementor-element-f1e9513 elementor-align-left elementor-widget elementor-widget-button\" data-id=\"f1e9513\" data-element_type=\"widget\" data-e-type=\"widget\" data-widget_type=\"button.default\">\n\t\t\t\t<div class=\"elementor-widget-container\">\n\t\t\t\t\t\t\t\t\t<div class=\"elementor-button-wrapper\">\n\t\t\t\t\t<a class=\"elementor-button elementor-button-link elementor-size-sm elementor-animation-shrink\" href=\"https:\/\/les-aides.fr\/\" target=\"_blank\">\n\t\t\t\t\t\t<span class=\"elementor-button-content-wrapper\">\n\t\t\t\t\t\t\t\t\t<span class=\"elementor-button-text\">Par ici<\/span>\n\t\t\t\t\t<\/span>\n\t\t\t\t\t<\/a>\n\t\t\t\t<\/div>\n\t\t\t\t\t\t\t\t<\/div>\n\t\t\t\t<\/div>\n\t\t\t\t\t<\/div>\n\t\t<\/div>\n\t\t\t\t\t<\/div>\n\t\t<\/section>\n\t\t\t\t<section class=\"has_eae_slider elementor-section elementor-top-section elementor-element elementor-element-09c5ee8 elementor-section-boxed elementor-section-height-default elementor-section-height-default\" data-eae-slider=\"68793\" data-id=\"09c5ee8\" data-element_type=\"section\" data-e-type=\"section\">\n\t\t\t\t\t\t<div class=\"elementor-container elementor-column-gap-default\">\n\t\t\t\t\t<div class=\"has_eae_slider elementor-column elementor-col-100 elementor-top-column elementor-element elementor-element-d43000c\" data-eae-slider=\"63002\" data-id=\"d43000c\" data-element_type=\"column\" data-e-type=\"column\">\n\t\t\t<div class=\"elementor-widget-wrap elementor-element-populated\">\n\t\t\t\t\t\t<div class=\"elementor-element elementor-element-e5d818d elementor-widget elementor-widget-heading\" data-id=\"e5d818d\" data-element_type=\"widget\" data-e-type=\"widget\" data-widget_type=\"heading.default\">\n\t\t\t\t<div class=\"elementor-widget-container\">\n\t\t\t\t\t<h2 class=\"elementor-heading-title elementor-size-default\">CHAMBRE DE METIERS ET DE L\u2019ARTISANAT  <\/h2>\t\t\t\t<\/div>\n\t\t\t\t<\/div>\n\t\t\t\t<div class=\"elementor-element elementor-element-68077de elementor-widget elementor-widget-text-editor\" data-id=\"68077de\" data-element_type=\"widget\" data-e-type=\"widget\" data-widget_type=\"text-editor.default\">\n\t\t\t\t<div class=\"elementor-widget-container\">\n\t\t\t\t\t\t\t\t\t<p><span class=\"TextRun SCXW173389158 BCX0\" lang=\"FR-FR\" xml:lang=\"FR-FR\" data-contrast=\"auto\"><span class=\"NormalTextRun SCXW173389158 BCX0\">D\u00e9velopp\u00e9 par l\u2019Institut sup\u00e9rieur des m\u00e9tiers, le service est une source centrale de diffusion d\u2019information (plus de 1800 dispositifs publics r\u00e9f\u00e9renc\u00e9s) sur les aides aux entreprises aupr\u00e8s des d\u00e9veloppeurs \u00e9conomiques, des collectivit\u00e9s, des services de l\u2019\u00c9tat ainsi que des entreprises et des porteurs de projets. Le r\u00e9pertoire des aides aux entreprises est d\u00e9sormais un outil de CMA France.<\/span><\/span><span class=\"EOP SCXW173389158 BCX0\" data-ccp-props=\"{&quot;201341983&quot;:0,&quot;335559739&quot;:160,&quot;335559740&quot;:259}\">\u00a0<\/span><\/p>\t\t\t\t\t\t\t\t<\/div>\n\t\t\t\t<\/div>\n\t\t\t\t<div class=\"elementor-element elementor-element-b78e04c elementor-widget elementor-widget-html\" data-id=\"b78e04c\" data-element_type=\"widget\" data-e-type=\"widget\" data-widget_type=\"html.default\">\n\t\t\t\t<div class=\"elementor-widget-container\">\n\t\t\t\t\t<iframe scrolling=\"no\" frameborder=\"0\" height=\"600\" width=\"900\" src=\"https:\/\/aides-entreprises.fr\/widget\/?id=00f8bbee27ca9c980d9e0d80cc3af96e88f53921\"><\/iframe>\t\t\t\t<\/div>\n\t\t\t\t<\/div>\n\t\t\t\t\t<\/div>\n\t\t<\/div>\n\t\t\t\t\t<\/div>\n\t\t<\/section>\n\t\t\t\t<section class=\"has_eae_slider elementor-section elementor-top-section elementor-element elementor-element-0c49cdf elementor-section-boxed elementor-section-height-default elementor-section-height-default\" data-eae-slider=\"35041\" data-id=\"0c49cdf\" data-element_type=\"section\" data-e-type=\"section\">\n\t\t\t\t\t\t<div class=\"elementor-container elementor-column-gap-default\">\n\t\t\t\t\t<div class=\"has_eae_slider elementor-column elementor-col-100 elementor-top-column elementor-element elementor-element-e6bac8b\" data-eae-slider=\"22021\" data-id=\"e6bac8b\" data-element_type=\"column\" data-e-type=\"column\">\n\t\t\t<div class=\"elementor-widget-wrap elementor-element-populated\">\n\t\t\t\t\t\t<div class=\"elementor-element elementor-element-1912b08 elementor-widget elementor-widget-heading\" data-id=\"1912b08\" data-element_type=\"widget\" data-e-type=\"widget\" data-widget_type=\"heading.default\">\n\t\t\t\t<div class=\"elementor-widget-container\">\n\t\t\t\t\t<h2 class=\"elementor-heading-title elementor-size-default\">CHAMBRE D\u2019AGRICULTURE  <\/h2>\t\t\t\t<\/div>\n\t\t\t\t<\/div>\n\t\t\t\t<div class=\"elementor-element elementor-element-4b00994 elementor-widget elementor-widget-text-editor\" data-id=\"4b00994\" data-element_type=\"widget\" data-e-type=\"widget\" data-widget_type=\"text-editor.default\">\n\t\t\t\t<div class=\"elementor-widget-container\">\n\t\t\t\t\t\t\t\t\t<p><span class=\"TextRun SCXW243393297 BCX0\" lang=\"FR-FR\" xml:lang=\"FR-FR\" data-contrast=\"auto\"><span class=\"NormalTextRun SCXW243393297 BCX0\">Tambi\u00e9n puede encontrar <\/span><\/span><strong><span class=\"TextRun SCXW243393297 BCX0\" lang=\"FR-FR\" xml:lang=\"FR-FR\" data-contrast=\"auto\"><span class=\"NormalTextRun SCXW243393297 BCX0\">informaci\u00f3n pr\u00e1ctica y reglamentaria<\/span><\/span><\/strong><span class=\"TextRun SCXW243393297 BCX0\" lang=\"FR-FR\" xml:lang=\"FR-FR\" data-contrast=\"auto\"><span class=\"NormalTextRun SCXW243393297 BCX0\"> sur les probl\u00e9matiques entourant la vie de l&rsquo;exploitation et de l&rsquo;agriculteur via le site de la chambre d\u2019agriculture\u202f<\/span><\/span><\/p>\t\t\t\t\t\t\t\t<\/div>\n\t\t\t\t<\/div>\n\t\t\t\t\t<\/div>\n\t\t<\/div>\n\t\t\t\t\t<\/div>\n\t\t<\/section>\n\t\t\t\t<section class=\"has_eae_slider elementor-section elementor-top-section elementor-element elementor-element-942450c elementor-section-boxed elementor-section-height-default elementor-section-height-default\" data-eae-slider=\"50737\" data-id=\"942450c\" data-element_type=\"section\" data-e-type=\"section\">\n\t\t\t\t\t\t<div class=\"elementor-container elementor-column-gap-default\">\n\t\t\t\t\t<div class=\"has_eae_slider elementor-column elementor-col-100 elementor-top-column elementor-element elementor-element-dfc8680\" data-eae-slider=\"16220\" data-id=\"dfc8680\" data-element_type=\"column\" data-e-type=\"column\">\n\t\t\t<div class=\"elementor-widget-wrap elementor-element-populated\">\n\t\t\t\t\t\t<div class=\"elementor-element elementor-element-83bbee4 elementor-align-left elementor-widget elementor-widget-button\" data-id=\"83bbee4\" data-element_type=\"widget\" data-e-type=\"widget\" data-widget_type=\"button.default\">\n\t\t\t\t<div class=\"elementor-widget-container\">\n\t\t\t\t\t\t\t\t\t<div class=\"elementor-button-wrapper\">\n\t\t\t\t\t<a class=\"elementor-button elementor-button-link elementor-size-sm elementor-animation-shrink\" href=\"https:\/\/chambres-agriculture.fr\/exploitation-agricole\/%20%20\" target=\"_blank\">\n\t\t\t\t\t\t<span class=\"elementor-button-content-wrapper\">\n\t\t\t\t\t\t\t\t\t<span class=\"elementor-button-text\">Par ici<\/span>\n\t\t\t\t\t<\/span>\n\t\t\t\t\t<\/a>\n\t\t\t\t<\/div>\n\t\t\t\t\t\t\t\t<\/div>\n\t\t\t\t<\/div>\n\t\t\t\t\t<\/div>\n\t\t<\/div>\n\t\t\t\t\t<\/div>\n\t\t<\/section>\n\t\t\t\t<section class=\"has_eae_slider elementor-section elementor-top-section elementor-element elementor-element-77ddfa6 elementor-section-boxed elementor-section-height-default elementor-section-height-default\" data-eae-slider=\"55351\" data-id=\"77ddfa6\" data-element_type=\"section\" data-e-type=\"section\">\n\t\t\t\t\t\t<div class=\"elementor-container elementor-column-gap-default\">\n\t\t\t\t\t<div class=\"has_eae_slider elementor-column elementor-col-100 elementor-top-column elementor-element elementor-element-87e0d2e\" data-eae-slider=\"98297\" data-id=\"87e0d2e\" data-element_type=\"column\" data-e-type=\"column\">\n\t\t\t<div class=\"elementor-widget-wrap elementor-element-populated\">\n\t\t\t\t\t\t<div class=\"elementor-element elementor-element-05f7c5c elementor-widget elementor-widget-heading\" data-id=\"05f7c5c\" data-element_type=\"widget\" data-e-type=\"widget\" data-widget_type=\"heading.default\">\n\t\t\t\t<div class=\"elementor-widget-container\">\n\t\t\t\t\t<h2 class=\"elementor-heading-title elementor-size-default\">DISPOSITIF ENERGIE <\/h2>\t\t\t\t<\/div>\n\t\t\t\t<\/div>\n\t\t\t\t<div class=\"elementor-element elementor-element-b309800 elementor-widget elementor-widget-text-editor\" data-id=\"b309800\" data-element_type=\"widget\" data-e-type=\"widget\" data-widget_type=\"text-editor.default\">\n\t\t\t\t<div class=\"elementor-widget-container\">\n\t\t\t\t\t\t\t\t\t<p><span class=\"TextRun SCXW57176199 BCX0\" lang=\"FR-FR\" xml:lang=\"FR-FR\" data-contrast=\"auto\"><span class=\"NormalTextRun SCXW57176199 BCX0\">Visite<\/span><span class=\"NormalTextRun SCXW57176199 BCX0\">z<\/span><span class=\"NormalTextRun SCXW57176199 BCX0\"> todos los reg\u00edmenes de ayuda puestos en marcha por el Gobierno para apoyar a las empresas afectadas por la subida de los precios de la energ\u00eda.<\/span><\/span><span class=\"EOP SCXW57176199 BCX0\" data-ccp-props=\"{&quot;201341983&quot;:0,&quot;335559739&quot;:160,&quot;335559740&quot;:259}\">\u00a0<\/span><\/p>\t\t\t\t\t\t\t\t<\/div>\n\t\t\t\t<\/div>\n\t\t\t\t<div class=\"elementor-element elementor-element-2a64e0b elementor-align-left elementor-widget elementor-widget-button\" data-id=\"2a64e0b\" data-element_type=\"widget\" data-e-type=\"widget\" data-widget_type=\"button.default\">\n\t\t\t\t<div class=\"elementor-widget-container\">\n\t\t\t\t\t\t\t\t\t<div class=\"elementor-button-wrapper\">\n\t\t\t\t\t<a class=\"elementor-button elementor-button-link elementor-size-sm elementor-animation-shrink\" href=\"https:\/\/www.economie.gouv.fr\/hausse-prix-energie-dispositifs-aide-entreprises#%20\" target=\"_blank\">\n\t\t\t\t\t\t<span class=\"elementor-button-content-wrapper\">\n\t\t\t\t\t\t\t\t\t<span class=\"elementor-button-text\">Par ici<\/span>\n\t\t\t\t\t<\/span>\n\t\t\t\t\t<\/a>\n\t\t\t\t<\/div>\n\t\t\t\t\t\t\t\t<\/div>\n\t\t\t\t<\/div>\n\t\t\t\t\t<\/div>\n\t\t<\/div>\n\t\t\t\t\t<\/div>\n\t\t<\/section>\n\t\t\t\t<\/div>","protected":false},"excerpt":{"rendered":"<p>Aides publiques De nombreuses aides aux entreprises existent au niveau national, recherchez selon votre activit\u00e9 celles qui vous conviennent via les plateformes de recherches des consulaires ou du gouvernement.\u00a0 Etat\u00a0\u00a0 Vous recherchez une aide la cr\u00e9ation, reprise ou transmission\u202f? Des aides sp\u00e9cifiques ou pour les entreprises en difficult\u00e9s\u202f?\u00a0\u00a0 Retrouvez un recensement de toutes les aides [&hellip;]<\/p>","protected":false},"author":22,"featured_media":0,"parent":19396,"menu_order":0,"comment_status":"closed","ping_status":"closed","template":"","meta":{"footnotes":""},"class_list":["post-19404","page","type-page","status-publish","hentry"],"yoast_head":"<!-- This site is optimized with the Yoast SEO plugin v27.4 - https:\/\/yoast.com\/product\/yoast-seo-wordpress\/ -->\n<title>Aides publiques - Communaut\u00e9 de communes du Quercy Rouergue et des Gorges de l&#039;Aveyron<\/title>\n<meta name=\"robots\" content=\"index, follow, max-snippet:-1, max-image-preview:large, max-video-preview:-1\" \/>\n<link rel=\"canonical\" href=\"https:\/\/cc-qrga.fr\/es\/entreprendre\/accompagnements\/aides-publiques\/\" \/>\n<meta property=\"og:locale\" content=\"es_ES\" \/>\n<meta property=\"og:type\" content=\"article\" \/>\n<meta property=\"og:title\" content=\"Aides publiques - Communaut\u00e9 de communes du Quercy Rouergue et des Gorges de l&#039;Aveyron\" \/>\n<meta property=\"og:description\" content=\"Aides publiques De nombreuses aides aux entreprises existent au niveau national, recherchez selon votre activit\u00e9 celles qui vous conviennent via les plateformes de recherches des consulaires ou du gouvernement.\u00a0 Etat\u00a0\u00a0 Vous recherchez une aide la cr\u00e9ation, reprise ou transmission\u202f? Des aides sp\u00e9cifiques ou pour les entreprises en difficult\u00e9s\u202f?\u00a0\u00a0 Retrouvez un recensement de toutes les aides [&hellip;]\" \/>\n<meta property=\"og:url\" content=\"https:\/\/cc-qrga.fr\/es\/entreprendre\/accompagnements\/aides-publiques\/\" \/>\n<meta property=\"og:site_name\" content=\"Communaut\u00e9 de communes du Quercy Rouergue et des Gorges de l&#039;Aveyron\" \/>\n<meta property=\"article:modified_time\" content=\"2023-01-17T14:35:10+00:00\" \/>\n<meta name=\"twitter:card\" content=\"summary_large_image\" \/>\n<meta name=\"twitter:label1\" content=\"Tiempo de lectura\" \/>\n\t<meta name=\"twitter:data1\" content=\"2 minutos\" \/>\n<script type=\"application\/ld+json\" class=\"yoast-schema-graph\">{\"@context\":\"https:\\\/\\\/schema.org\",\"@graph\":[{\"@type\":\"WebPage\",\"@id\":\"https:\\\/\\\/cc-qrga.fr\\\/entreprendre\\\/accompagnements\\\/aides-publiques\\\/\",\"url\":\"https:\\\/\\\/cc-qrga.fr\\\/entreprendre\\\/accompagnements\\\/aides-publiques\\\/\",\"name\":\"Aides publiques - Communaut\u00e9 de communes du Quercy Rouergue et des Gorges de l&#039;Aveyron\",\"isPartOf\":{\"@id\":\"https:\\\/\\\/cc-qrga.fr\\\/#website\"},\"datePublished\":\"2023-01-17T09:19:32+00:00\",\"dateModified\":\"2023-01-17T14:35:10+00:00\",\"breadcrumb\":{\"@id\":\"https:\\\/\\\/cc-qrga.fr\\\/entreprendre\\\/accompagnements\\\/aides-publiques\\\/#breadcrumb\"},\"inLanguage\":\"es\",\"potentialAction\":[{\"@type\":\"ReadAction\",\"target\":[\"https:\\\/\\\/cc-qrga.fr\\\/entreprendre\\\/accompagnements\\\/aides-publiques\\\/\"]}]},{\"@type\":\"BreadcrumbList\",\"@id\":\"https:\\\/\\\/cc-qrga.fr\\\/entreprendre\\\/accompagnements\\\/aides-publiques\\\/#breadcrumb\",\"itemListElement\":[{\"@type\":\"ListItem\",\"position\":1,\"name\":\"Accueil\",\"item\":\"https:\\\/\\\/cc-qrga.fr\\\/\"},{\"@type\":\"ListItem\",\"position\":2,\"name\":\"Entreprendre\",\"item\":\"https:\\\/\\\/cc-qrga.fr\\\/entreprendre\\\/\"},{\"@type\":\"ListItem\",\"position\":3,\"name\":\"Accompagnements en QRGA\",\"item\":\"https:\\\/\\\/cc-qrga.fr\\\/entreprendre\\\/accompagnements\\\/\"},{\"@type\":\"ListItem\",\"position\":4,\"name\":\"Aides publiques\"}]},{\"@type\":\"WebSite\",\"@id\":\"https:\\\/\\\/cc-qrga.fr\\\/#website\",\"url\":\"https:\\\/\\\/cc-qrga.fr\\\/\",\"name\":\"Communaut\u00e9 de communes du Quercy Rouergue et des Gorges de l&#039;Aveyron\",\"description\":\"qrga\",\"potentialAction\":[{\"@type\":\"SearchAction\",\"target\":{\"@type\":\"EntryPoint\",\"urlTemplate\":\"https:\\\/\\\/cc-qrga.fr\\\/?s={search_term_string}\"},\"query-input\":{\"@type\":\"PropertyValueSpecification\",\"valueRequired\":true,\"valueName\":\"search_term_string\"}}],\"inLanguage\":\"es\"}]}<\/script>\n<!-- \/ Yoast SEO plugin. -->","yoast_head_json":{"title":"Aides publiques - Communaut\u00e9 de communes du Quercy Rouergue et des Gorges de l&#039;Aveyron","robots":{"index":"index","follow":"follow","max-snippet":"max-snippet:-1","max-image-preview":"max-image-preview:large","max-video-preview":"max-video-preview:-1"},"canonical":"https:\/\/cc-qrga.fr\/es\/entreprendre\/accompagnements\/aides-publiques\/","og_locale":"es_ES","og_type":"article","og_title":"Aides publiques - Communaut\u00e9 de communes du Quercy Rouergue et des Gorges de l&#039;Aveyron","og_description":"Aides publiques De nombreuses aides aux entreprises existent au niveau national, recherchez selon votre activit\u00e9 celles qui vous conviennent via les plateformes de recherches des consulaires ou du gouvernement.\u00a0 Etat\u00a0\u00a0 Vous recherchez une aide la cr\u00e9ation, reprise ou transmission\u202f? Des aides sp\u00e9cifiques ou pour les entreprises en difficult\u00e9s\u202f?\u00a0\u00a0 Retrouvez un recensement de toutes les aides [&hellip;]","og_url":"https:\/\/cc-qrga.fr\/es\/entreprendre\/accompagnements\/aides-publiques\/","og_site_name":"Communaut\u00e9 de communes du Quercy Rouergue et des Gorges de l&#039;Aveyron","article_modified_time":"2023-01-17T14:35:10+00:00","twitter_card":"summary_large_image","twitter_misc":{"Tiempo de lectura":"2 minutos"},"schema":{"@context":"https:\/\/schema.org","@graph":[{"@type":"WebPage","@id":"https:\/\/cc-qrga.fr\/entreprendre\/accompagnements\/aides-publiques\/","url":"https:\/\/cc-qrga.fr\/entreprendre\/accompagnements\/aides-publiques\/","name":"Aides publiques - Communaut\u00e9 de communes du Quercy Rouergue et des Gorges de l&#039;Aveyron","isPartOf":{"@id":"https:\/\/cc-qrga.fr\/#website"},"datePublished":"2023-01-17T09:19:32+00:00","dateModified":"2023-01-17T14:35:10+00:00","breadcrumb":{"@id":"https:\/\/cc-qrga.fr\/entreprendre\/accompagnements\/aides-publiques\/#breadcrumb"},"inLanguage":"es","potentialAction":[{"@type":"ReadAction","target":["https:\/\/cc-qrga.fr\/entreprendre\/accompagnements\/aides-publiques\/"]}]},{"@type":"BreadcrumbList","@id":"https:\/\/cc-qrga.fr\/entreprendre\/accompagnements\/aides-publiques\/#breadcrumb","itemListElement":[{"@type":"ListItem","position":1,"name":"Accueil","item":"https:\/\/cc-qrga.fr\/"},{"@type":"ListItem","position":2,"name":"Entreprendre","item":"https:\/\/cc-qrga.fr\/entreprendre\/"},{"@type":"ListItem","position":3,"name":"Accompagnements en QRGA","item":"https:\/\/cc-qrga.fr\/entreprendre\/accompagnements\/"},{"@type":"ListItem","position":4,"name":"Aides publiques"}]},{"@type":"WebSite","@id":"https:\/\/cc-qrga.fr\/#website","url":"https:\/\/cc-qrga.fr\/","name":"Mancomunidad de municipios de Quercy Rouergue y Gargantas del Aveyron","description":"qrga","potentialAction":[{"@type":"SearchAction","target":{"@type":"EntryPoint","urlTemplate":"https:\/\/cc-qrga.fr\/?s={search_term_string}"},"query-input":{"@type":"PropertyValueSpecification","valueRequired":true,"valueName":"search_term_string"}}],"inLanguage":"es"}]}},"_links":{"self":[{"href":"https:\/\/cc-qrga.fr\/es\/wp-json\/wp\/v2\/pages\/19404","targetHints":{"allow":["GET"]}}],"collection":[{"href":"https:\/\/cc-qrga.fr\/es\/wp-json\/wp\/v2\/pages"}],"about":[{"href":"https:\/\/cc-qrga.fr\/es\/wp-json\/wp\/v2\/types\/page"}],"author":[{"embeddable":true,"href":"https:\/\/cc-qrga.fr\/es\/wp-json\/wp\/v2\/users\/22"}],"replies":[{"embeddable":true,"href":"https:\/\/cc-qrga.fr\/es\/wp-json\/wp\/v2\/comments?post=19404"}],"version-history":[{"count":0,"href":"https:\/\/cc-qrga.fr\/es\/wp-json\/wp\/v2\/pages\/19404\/revisions"}],"up":[{"embeddable":true,"href":"https:\/\/cc-qrga.fr\/es\/wp-json\/wp\/v2\/pages\/19396"}],"wp:attachment":[{"href":"https:\/\/cc-qrga.fr\/es\/wp-json\/wp\/v2\/media?parent=19404"}],"curies":[{"name":"wp","href":"https:\/\/api.w.org\/{rel}","templated":true}]}}