{"id":21437,"date":"2023-08-01T13:49:18","date_gmt":"2023-08-01T11:49:18","guid":{"rendered":"https:\/\/cc-qrga.fr\/?page_id=21437"},"modified":"2023-08-01T13:51:53","modified_gmt":"2023-08-01T11:51:53","slug":"verre","status":"publish","type":"page","link":"https:\/\/cc-qrga.fr\/es\/verre\/","title":{"rendered":"Vidrio"},"content":{"rendered":"<div data-elementor-type=\"wp-page\" data-elementor-id=\"21437\" class=\"elementor elementor-21437\" data-elementor-post-type=\"page\">\n\t\t\t\t<div class=\"has_eae_slider elementor-element elementor-element-0ed8e04 e-flex e-con-boxed e-con e-parent\" data-eae-slider=\"71388\" data-id=\"0ed8e04\" data-element_type=\"container\" data-e-type=\"container\">\n\t\t\t\t\t<div class=\"e-con-inner\">\n\t\t<div class=\"has_eae_slider elementor-element elementor-element-5f870c9 e-con-full e-flex e-con e-parent\" data-eae-slider=\"40706\" data-id=\"5f870c9\" data-element_type=\"container\" data-e-type=\"container\">\n\t\t\t\t<div class=\"elementor-element elementor-element-13375f9 elementor-widget elementor-widget-heading\" data-id=\"13375f9\" data-element_type=\"widget\" data-e-type=\"widget\" data-widget_type=\"heading.default\">\n\t\t\t\t<div class=\"elementor-widget-container\">\n\t\t\t\t\t<h2 class=\"elementor-heading-title elementor-size-default\">Reciclado de vidrio<\/h2>\t\t\t\t<\/div>\n\t\t\t\t<\/div>\n\t\t\t\t<div class=\"elementor-element elementor-element-4b3ecef elementor-widget elementor-widget-text-editor\" data-id=\"4b3ecef\" data-element_type=\"widget\" data-e-type=\"widget\" data-widget_type=\"text-editor.default\">\n\t\t\t\t<div class=\"elementor-widget-container\">\n\t\t\t\t\t\t\t\t\t<p class=\"x_MsoNormal\">Los vasos y los utensilios de cocina de vidrio tienen un tratamiento especial y no se reciclan en R\u00e9cup Verre. Envu\u00e9lvalos en papel de peri\u00f3dico y depos\u00edtelos en la basura dom\u00e9stica.<\/p>\n<p class=\"x_MsoNormal\">\n<\/p>\t\t\t\t\t\t\t\t<\/div>\n\t\t\t\t<\/div>\n\t\t\t\t<div class=\"elementor-element elementor-element-99b7ab5 elementor-align-center elementor-widget elementor-widget-button\" data-id=\"99b7ab5\" data-element_type=\"widget\" data-e-type=\"widget\" data-widget_type=\"button.default\">\n\t\t\t\t<div class=\"elementor-widget-container\">\n\t\t\t\t\t\t\t\t\t<div class=\"elementor-button-wrapper\">\n\t\t\t\t\t<a class=\"elementor-button elementor-button-link elementor-size-sm\" href=\"https:\/\/www.verre-avenir.fr\/consignes-de-tri\/\" target=\"_blank\">\n\t\t\t\t\t\t<span class=\"elementor-button-content-wrapper\">\n\t\t\t\t\t\t\t\t\t<span class=\"elementor-button-text\">\u00bfAlguna pregunta sobre el vidrio?<\/span>\n\t\t\t\t\t<\/span>\n\t\t\t\t\t<\/a>\n\t\t\t\t<\/div>\n\t\t\t\t\t\t\t\t<\/div>\n\t\t\t\t<\/div>\n\t\t\t\t<\/div>\n\t\t<div class=\"has_eae_slider elementor-element elementor-element-95d87d8 e-con-full e-flex e-con e-parent\" data-eae-slider=\"89764\" data-id=\"95d87d8\" data-element_type=\"container\" data-e-type=\"container\">\n\t\t\t\t<div class=\"elementor-element elementor-element-b317f40 elementor-widget elementor-widget-image\" data-id=\"b317f40\" data-element_type=\"widget\" data-e-type=\"widget\" data-widget_type=\"image.default\">\n\t\t\t\t<div class=\"elementor-widget-container\">\n\t\t\t\t\t\t\t\t\t\t\t\t\t\t\t<img fetchpriority=\"high\" decoding=\"async\" width=\"731\" height=\"1024\" src=\"https:\/\/cc-qrga.fr\/wp-content\/uploads\/2023\/08\/REcyclage-Verre-731x1024.jpg\" class=\"attachment-large size-large wp-image-21441\" alt=\"\" srcset=\"https:\/\/cc-qrga.fr\/wp-content\/uploads\/2023\/08\/REcyclage-Verre-731x1024.jpg 731w, https:\/\/cc-qrga.fr\/wp-content\/uploads\/2023\/08\/REcyclage-Verre-214x300.jpg 214w, https:\/\/cc-qrga.fr\/wp-content\/uploads\/2023\/08\/REcyclage-Verre-768x1075.jpg 768w, https:\/\/cc-qrga.fr\/wp-content\/uploads\/2023\/08\/REcyclage-Verre-1097x1536.jpg 1097w, https:\/\/cc-qrga.fr\/wp-content\/uploads\/2023\/08\/REcyclage-Verre-1463x2048.jpg 1463w, https:\/\/cc-qrga.fr\/wp-content\/uploads\/2023\/08\/REcyclage-Verre-scaled.jpg 1829w\" sizes=\"(max-width: 731px) 100vw, 731px\" \/>\t\t\t\t\t\t\t\t\t\t\t\t\t\t\t<\/div>\n\t\t\t\t<\/div>\n\t\t\t\t<\/div>\n\t\t\t\t\t<\/div>\n\t\t\t\t<\/div>\n\t\t\t\t<\/div>","protected":false},"excerpt":{"rendered":"<p>Le recyclage du verre Les verres de boisson et la vaisselle en verre de cuisine sont sp\u00e9cifiquement trait\u00e9s et ne vont pas au R\u00e9cup Verre pour le recyclage. Enveloppez-les dans du journal afin de les jeter dans les ordures m\u00e9nag\u00e8res. Des questions sur le verre ?<\/p>","protected":false},"author":22,"featured_media":0,"parent":0,"menu_order":0,"comment_status":"closed","ping_status":"closed","template":"","meta":{"footnotes":""},"class_list":["post-21437","page","type-page","status-publish","hentry"],"yoast_head":"<!-- This site is optimized with the Yoast SEO plugin v27.3 - https:\/\/yoast.com\/product\/yoast-seo-wordpress\/ -->\n<title>Verre - Communaut\u00e9 de communes du Quercy Rouergue et des Gorges de l&#039;Aveyron<\/title>\n<meta name=\"robots\" content=\"index, follow, max-snippet:-1, max-image-preview:large, max-video-preview:-1\" \/>\n<link rel=\"canonical\" href=\"https:\/\/cc-qrga.fr\/es\/verre\/\" \/>\n<meta property=\"og:locale\" content=\"es_ES\" \/>\n<meta property=\"og:type\" content=\"article\" \/>\n<meta property=\"og:title\" content=\"Verre - Communaut\u00e9 de communes du Quercy Rouergue et des Gorges de l&#039;Aveyron\" \/>\n<meta property=\"og:description\" content=\"Le recyclage du verre Les verres de boisson et la vaisselle en verre de cuisine sont sp\u00e9cifiquement trait\u00e9s et ne vont pas au R\u00e9cup Verre pour le recyclage. Enveloppez-les dans du journal afin de les jeter dans les ordures m\u00e9nag\u00e8res. Des questions sur le verre ?\" \/>\n<meta property=\"og:url\" content=\"https:\/\/cc-qrga.fr\/es\/verre\/\" \/>\n<meta property=\"og:site_name\" content=\"Communaut\u00e9 de communes du Quercy Rouergue et des Gorges de l&#039;Aveyron\" \/>\n<meta property=\"article:modified_time\" content=\"2023-08-01T11:51:53+00:00\" \/>\n<meta property=\"og:image\" content=\"https:\/\/cc-qrga.fr\/wp-content\/uploads\/2023\/08\/REcyclage-Verre-731x1024.jpg\" \/>\n<meta name=\"twitter:card\" content=\"summary_large_image\" \/>\n<meta name=\"twitter:label1\" content=\"Tiempo de lectura\" \/>\n\t<meta name=\"twitter:data1\" content=\"1 minuto\" \/>\n<script type=\"application\/ld+json\" class=\"yoast-schema-graph\">{\"@context\":\"https:\\\/\\\/schema.org\",\"@graph\":[{\"@type\":\"WebPage\",\"@id\":\"https:\\\/\\\/cc-qrga.fr\\\/verre\\\/\",\"url\":\"https:\\\/\\\/cc-qrga.fr\\\/verre\\\/\",\"name\":\"Verre - Communaut\u00e9 de communes du Quercy Rouergue et des Gorges de l&#039;Aveyron\",\"isPartOf\":{\"@id\":\"https:\\\/\\\/cc-qrga.fr\\\/#website\"},\"primaryImageOfPage\":{\"@id\":\"https:\\\/\\\/cc-qrga.fr\\\/verre\\\/#primaryimage\"},\"image\":{\"@id\":\"https:\\\/\\\/cc-qrga.fr\\\/verre\\\/#primaryimage\"},\"thumbnailUrl\":\"https:\\\/\\\/cc-qrga.fr\\\/wp-content\\\/uploads\\\/2023\\\/08\\\/REcyclage-Verre-731x1024.jpg\",\"datePublished\":\"2023-08-01T11:49:18+00:00\",\"dateModified\":\"2023-08-01T11:51:53+00:00\",\"breadcrumb\":{\"@id\":\"https:\\\/\\\/cc-qrga.fr\\\/verre\\\/#breadcrumb\"},\"inLanguage\":\"es\",\"potentialAction\":[{\"@type\":\"ReadAction\",\"target\":[\"https:\\\/\\\/cc-qrga.fr\\\/verre\\\/\"]}]},{\"@type\":\"ImageObject\",\"inLanguage\":\"es\",\"@id\":\"https:\\\/\\\/cc-qrga.fr\\\/verre\\\/#primaryimage\",\"url\":\"https:\\\/\\\/cc-qrga.fr\\\/wp-content\\\/uploads\\\/2023\\\/08\\\/REcyclage-Verre-731x1024.jpg\",\"contentUrl\":\"https:\\\/\\\/cc-qrga.fr\\\/wp-content\\\/uploads\\\/2023\\\/08\\\/REcyclage-Verre-731x1024.jpg\"},{\"@type\":\"BreadcrumbList\",\"@id\":\"https:\\\/\\\/cc-qrga.fr\\\/verre\\\/#breadcrumb\",\"itemListElement\":[{\"@type\":\"ListItem\",\"position\":1,\"name\":\"Accueil\",\"item\":\"https:\\\/\\\/cc-qrga.fr\\\/\"},{\"@type\":\"ListItem\",\"position\":2,\"name\":\"Verre\"}]},{\"@type\":\"WebSite\",\"@id\":\"https:\\\/\\\/cc-qrga.fr\\\/#website\",\"url\":\"https:\\\/\\\/cc-qrga.fr\\\/\",\"name\":\"Communaut\u00e9 de communes du Quercy Rouergue et des Gorges de l&#039;Aveyron\",\"description\":\"qrga\",\"potentialAction\":[{\"@type\":\"SearchAction\",\"target\":{\"@type\":\"EntryPoint\",\"urlTemplate\":\"https:\\\/\\\/cc-qrga.fr\\\/?s={search_term_string}\"},\"query-input\":{\"@type\":\"PropertyValueSpecification\",\"valueRequired\":true,\"valueName\":\"search_term_string\"}}],\"inLanguage\":\"es\"}]}<\/script>\n<!-- \/ Yoast SEO plugin. -->","yoast_head_json":{"title":"Verre - Communaut\u00e9 de communes du Quercy Rouergue et des Gorges de l&#039;Aveyron","robots":{"index":"index","follow":"follow","max-snippet":"max-snippet:-1","max-image-preview":"max-image-preview:large","max-video-preview":"max-video-preview:-1"},"canonical":"https:\/\/cc-qrga.fr\/es\/verre\/","og_locale":"es_ES","og_type":"article","og_title":"Verre - Communaut\u00e9 de communes du Quercy Rouergue et des Gorges de l&#039;Aveyron","og_description":"Le recyclage du verre Les verres de boisson et la vaisselle en verre de cuisine sont sp\u00e9cifiquement trait\u00e9s et ne vont pas au R\u00e9cup Verre pour le recyclage. Enveloppez-les dans du journal afin de les jeter dans les ordures m\u00e9nag\u00e8res. Des questions sur le verre ?","og_url":"https:\/\/cc-qrga.fr\/es\/verre\/","og_site_name":"Communaut\u00e9 de communes du Quercy Rouergue et des Gorges de l&#039;Aveyron","article_modified_time":"2023-08-01T11:51:53+00:00","og_image":[{"url":"https:\/\/cc-qrga.fr\/wp-content\/uploads\/2023\/08\/REcyclage-Verre-731x1024.jpg","type":"","width":"","height":""}],"twitter_card":"summary_large_image","twitter_misc":{"Tiempo de lectura":"1 minuto"},"schema":{"@context":"https:\/\/schema.org","@graph":[{"@type":"WebPage","@id":"https:\/\/cc-qrga.fr\/verre\/","url":"https:\/\/cc-qrga.fr\/verre\/","name":"Verre - Communaut\u00e9 de communes du Quercy Rouergue et des Gorges de l&#039;Aveyron","isPartOf":{"@id":"https:\/\/cc-qrga.fr\/#website"},"primaryImageOfPage":{"@id":"https:\/\/cc-qrga.fr\/verre\/#primaryimage"},"image":{"@id":"https:\/\/cc-qrga.fr\/verre\/#primaryimage"},"thumbnailUrl":"https:\/\/cc-qrga.fr\/wp-content\/uploads\/2023\/08\/REcyclage-Verre-731x1024.jpg","datePublished":"2023-08-01T11:49:18+00:00","dateModified":"2023-08-01T11:51:53+00:00","breadcrumb":{"@id":"https:\/\/cc-qrga.fr\/verre\/#breadcrumb"},"inLanguage":"es","potentialAction":[{"@type":"ReadAction","target":["https:\/\/cc-qrga.fr\/verre\/"]}]},{"@type":"ImageObject","inLanguage":"es","@id":"https:\/\/cc-qrga.fr\/verre\/#primaryimage","url":"https:\/\/cc-qrga.fr\/wp-content\/uploads\/2023\/08\/REcyclage-Verre-731x1024.jpg","contentUrl":"https:\/\/cc-qrga.fr\/wp-content\/uploads\/2023\/08\/REcyclage-Verre-731x1024.jpg"},{"@type":"BreadcrumbList","@id":"https:\/\/cc-qrga.fr\/verre\/#breadcrumb","itemListElement":[{"@type":"ListItem","position":1,"name":"Accueil","item":"https:\/\/cc-qrga.fr\/"},{"@type":"ListItem","position":2,"name":"Verre"}]},{"@type":"WebSite","@id":"https:\/\/cc-qrga.fr\/#website","url":"https:\/\/cc-qrga.fr\/","name":"Mancomunidad de municipios de Quercy Rouergue y Gargantas del Aveyron","description":"qrga","potentialAction":[{"@type":"SearchAction","target":{"@type":"EntryPoint","urlTemplate":"https:\/\/cc-qrga.fr\/?s={search_term_string}"},"query-input":{"@type":"PropertyValueSpecification","valueRequired":true,"valueName":"search_term_string"}}],"inLanguage":"es"}]}},"_links":{"self":[{"href":"https:\/\/cc-qrga.fr\/es\/wp-json\/wp\/v2\/pages\/21437","targetHints":{"allow":["GET"]}}],"collection":[{"href":"https:\/\/cc-qrga.fr\/es\/wp-json\/wp\/v2\/pages"}],"about":[{"href":"https:\/\/cc-qrga.fr\/es\/wp-json\/wp\/v2\/types\/page"}],"author":[{"embeddable":true,"href":"https:\/\/cc-qrga.fr\/es\/wp-json\/wp\/v2\/users\/22"}],"replies":[{"embeddable":true,"href":"https:\/\/cc-qrga.fr\/es\/wp-json\/wp\/v2\/comments?post=21437"}],"version-history":[{"count":0,"href":"https:\/\/cc-qrga.fr\/es\/wp-json\/wp\/v2\/pages\/21437\/revisions"}],"wp:attachment":[{"href":"https:\/\/cc-qrga.fr\/es\/wp-json\/wp\/v2\/media?parent=21437"}],"curies":[{"name":"wp","href":"https:\/\/api.w.org\/{rel}","templated":true}]}}