{"id":233,"date":"2022-07-07T10:49:45","date_gmt":"2022-07-07T08:49:45","guid":{"rendered":"https:\/\/cc-qrga.fr\/?page_id=233"},"modified":"2025-12-17T15:48:50","modified_gmt":"2025-12-17T14:48:50","slug":"aides-aux-associations","status":"publish","type":"page","link":"https:\/\/cc-qrga.fr\/es\/entreprendre\/aides-aux-associations\/","title":{"rendered":"Aides aux associations"},"content":{"rendered":"<div data-elementor-type=\"wp-page\" data-elementor-id=\"233\" class=\"elementor elementor-233\" data-elementor-post-type=\"page\">\n\t\t\t\t\t\t<section class=\"has_eae_slider elementor-section elementor-top-section elementor-element elementor-element-f4352fc elementor-section-boxed elementor-section-height-default elementor-section-height-default\" data-eae-slider=\"77994\" data-id=\"f4352fc\" data-element_type=\"section\" data-e-type=\"section\">\n\t\t\t\t\t\t<div class=\"elementor-container elementor-column-gap-default\">\n\t\t\t\t\t<div class=\"has_eae_slider elementor-column elementor-col-100 elementor-top-column elementor-element elementor-element-d956c35\" data-eae-slider=\"12244\" data-id=\"d956c35\" data-element_type=\"column\" data-e-type=\"column\">\n\t\t\t<div class=\"elementor-widget-wrap elementor-element-populated\">\n\t\t\t\t\t\t<div class=\"elementor-element elementor-element-b9e26f8 elementor-widget elementor-widget-heading\" data-id=\"b9e26f8\" data-element_type=\"widget\" data-e-type=\"widget\" data-widget_type=\"heading.default\">\n\t\t\t\t<div class=\"elementor-widget-container\">\n\t\t\t\t\t<h1 class=\"elementor-heading-title elementor-size-default\">Asociativo<\/h1>\t\t\t\t<\/div>\n\t\t\t\t<\/div>\n\t\t\t\t<div class=\"elementor-element elementor-element-fd02336 elementor-widget-divider--view-line elementor-widget elementor-widget-divider\" data-id=\"fd02336\" data-element_type=\"widget\" data-e-type=\"widget\" data-widget_type=\"divider.default\">\n\t\t\t\t<div class=\"elementor-widget-container\">\n\t\t\t\t\t\t\t<div class=\"elementor-divider\">\n\t\t\t<span class=\"elementor-divider-separator\">\n\t\t\t\t\t\t<\/span>\n\t\t<\/div>\n\t\t\t\t\t\t<\/div>\n\t\t\t\t<\/div>\n\t\t\t\t<div class=\"elementor-element elementor-element-12fcf99 elementor-widget elementor-widget-heading\" data-id=\"12fcf99\" data-element_type=\"widget\" data-e-type=\"widget\" data-widget_type=\"heading.default\">\n\t\t\t\t<div class=\"elementor-widget-container\">\n\t\t\t\t\t<h1 class=\"elementor-heading-title elementor-size-default\">Ayuda a las asociaciones<\/h1>\t\t\t\t<\/div>\n\t\t\t\t<\/div>\n\t\t\t\t<div class=\"elementor-element elementor-element-e780b7f elementor-widget elementor-widget-text-editor\" data-id=\"e780b7f\" data-element_type=\"widget\" data-e-type=\"widget\" data-widget_type=\"text-editor.default\">\n\t\t\t\t<div class=\"elementor-widget-container\">\n\t\t\t\t\t\t\t\t\t<p>\u00bfRepresenta a una asociaci\u00f3n que trabaja en la zona CCQRGA? \u00bfDesea desarrollar un proyecto intercomunitario y solicitar subvenciones a la Communaut\u00e9 de Communes?\u00a0<\/p><p>Chaque ann\u00e9e un appel \u00e0 projets est publi\u00e9 courant d\u00e9cembre avec une \u00e9ch\u00e9ance fix\u00e9e pour le d\u00e9but de l&rsquo;ann\u00e9e suivante.<\/p><p>Pour prendre connaissance des crit\u00e8res d&rsquo;\u00e9ligibilit\u00e9, des modalit\u00e9s de d\u00e9p\u00f4t et\/ou t\u00e9l\u00e9charger le formulaire de candidature (word ou pdf), veuillez cliquer sur le lien suivant:<\/p><p><blockquote class=\"wp-embedded-content\" data-secret=\"sqQ0kvgtfB\"><a href=\"https:\/\/cc-qrga.fr\/es\/subventions-aux-associations-2026\/\">Subventions aux associations 2026<\/a><\/blockquote><iframe class=\"wp-embedded-content\" sandbox=\"allow-scripts\" security=\"restricted\" style=\"position: absolute; visibility: hidden;\" title=\"\u00ab\u00a0Subventions aux associations 2026\u00a0\u00bb &#8212; Communaut\u00e9 de communes du Quercy Rouergue et des Gorges de l&#039;Aveyron\" src=\"https:\/\/cc-qrga.fr\/subventions-aux-associations-2026\/embed\/#?secret=WXDWGbf4UE#?secret=sqQ0kvgtfB\" data-secret=\"sqQ0kvgtfB\" width=\"600\" height=\"338\" frameborder=\"0\" marginwidth=\"0\" marginheight=\"0\" scrolling=\"no\"><\/iframe><\/p><p>Para m\u00e1s informaci\u00f3n, p\u00f3ngase en contacto con Fran\u00e7ois-Xavier BONVOISIN (Tel: 05 82 73 00 32)<\/p>\t\t\t\t\t\t\t\t<\/div>\n\t\t\t\t<\/div>\n\t\t\t\t\t<\/div>\n\t\t<\/div>\n\t\t\t\t\t<\/div>\n\t\t<\/section>\n\t\t\t\t<section class=\"has_eae_slider elementor-section elementor-top-section elementor-element elementor-element-b88d5f1 elementor-section-boxed elementor-section-height-default elementor-section-height-default\" data-eae-slider=\"26673\" data-id=\"b88d5f1\" data-element_type=\"section\" data-e-type=\"section\">\n\t\t\t\t\t\t<div class=\"elementor-container elementor-column-gap-default\">\n\t\t\t\t\t<div class=\"has_eae_slider elementor-column elementor-col-50 elementor-top-column elementor-element elementor-element-8a99b04\" data-eae-slider=\"82029\" data-id=\"8a99b04\" data-element_type=\"column\" data-e-type=\"column\">\n\t\t\t<div class=\"elementor-widget-wrap elementor-element-populated\">\n\t\t\t\t\t\t<div class=\"elementor-element elementor-element-7f7bd39 elementor-align-left elementor-widget elementor-widget-button\" data-id=\"7f7bd39\" data-element_type=\"widget\" data-e-type=\"widget\" data-widget_type=\"button.default\">\n\t\t\t\t<div class=\"elementor-widget-container\">\n\t\t\t\t\t\t\t\t\t<div class=\"elementor-button-wrapper\">\n\t\t\t\t\t<a class=\"elementor-button elementor-button-link elementor-size-sm elementor-animation-shrink\" href=\"https:\/\/cc-qrga.fr\/wp-content\/uploads\/2025\/12\/Formulaire-des-subventions-aux-associations-2026.pdf\" target=\"_blank\">\n\t\t\t\t\t\t<span class=\"elementor-button-content-wrapper\">\n\t\t\t\t\t\t\t\t\t<span class=\"elementor-button-text\">Descargar la versi\u00f3n PDF<\/span>\n\t\t\t\t\t<\/span>\n\t\t\t\t\t<\/a>\n\t\t\t\t<\/div>\n\t\t\t\t\t\t\t\t<\/div>\n\t\t\t\t<\/div>\n\t\t\t\t\t<\/div>\n\t\t<\/div>\n\t\t\t\t<div class=\"has_eae_slider elementor-column elementor-col-50 elementor-top-column elementor-element elementor-element-6e14ce4\" data-eae-slider=\"80361\" data-id=\"6e14ce4\" data-element_type=\"column\" data-e-type=\"column\">\n\t\t\t<div class=\"elementor-widget-wrap elementor-element-populated\">\n\t\t\t\t\t\t<div class=\"elementor-element elementor-element-7079cb9 elementor-align-left elementor-widget elementor-widget-button\" data-id=\"7079cb9\" data-element_type=\"widget\" data-e-type=\"widget\" data-widget_type=\"button.default\">\n\t\t\t\t<div class=\"elementor-widget-container\">\n\t\t\t\t\t\t\t\t\t<div class=\"elementor-button-wrapper\">\n\t\t\t\t\t<a class=\"elementor-button elementor-button-link elementor-size-sm elementor-animation-shrink\" href=\"https:\/\/cc-qrga.fr\/wp-content\/uploads\/2025\/12\/Formulaire-des-subventions-aux-associations-2026.docx\" target=\"_blank\">\n\t\t\t\t\t\t<span class=\"elementor-button-content-wrapper\">\n\t\t\t\t\t\t\t\t\t<span class=\"elementor-button-text\">Descargar la versi\u00f3n WORD<\/span>\n\t\t\t\t\t<\/span>\n\t\t\t\t\t<\/a>\n\t\t\t\t<\/div>\n\t\t\t\t\t\t\t\t<\/div>\n\t\t\t\t<\/div>\n\t\t\t\t\t<\/div>\n\t\t<\/div>\n\t\t\t\t\t<\/div>\n\t\t<\/section>\n\t\t\t\t<section class=\"has_eae_slider elementor-section elementor-top-section elementor-element elementor-element-084b3e0 elementor-section-boxed elementor-section-height-default elementor-section-height-default\" data-eae-slider=\"55877\" data-id=\"084b3e0\" data-element_type=\"section\" data-e-type=\"section\">\n\t\t\t\t\t\t<div class=\"elementor-container elementor-column-gap-default\">\n\t\t\t\t\t<div class=\"has_eae_slider elementor-column elementor-col-100 elementor-top-column elementor-element elementor-element-b6a408e\" data-eae-slider=\"6965\" data-id=\"b6a408e\" data-element_type=\"column\" data-e-type=\"column\">\n\t\t\t<div class=\"elementor-widget-wrap elementor-element-populated\">\n\t\t\t\t\t\t<div class=\"elementor-element elementor-element-7f6f509 elementor-widget elementor-widget-heading\" data-id=\"7f6f509\" data-element_type=\"widget\" data-e-type=\"widget\" data-widget_type=\"heading.default\">\n\t\t\t\t<div class=\"elementor-widget-container\">\n\t\t\t\t\t<h1 class=\"elementor-heading-title elementor-size-default\">Asociaciones subvencionadas<\/h1>\t\t\t\t<\/div>\n\t\t\t\t<\/div>\n\t\t\t\t<div class=\"elementor-element elementor-element-4059890 elementor-widget elementor-widget-text-editor\" data-id=\"4059890\" data-element_type=\"widget\" data-e-type=\"widget\" data-widget_type=\"text-editor.default\">\n\t\t\t\t<div class=\"elementor-widget-container\">\n\t\t\t\t\t\t\t\t\t<p>Descubra el mapa de las asociaciones que hemos subvencionado<\/p>\t\t\t\t\t\t\t\t<\/div>\n\t\t\t\t<\/div>\n\t\t\t\t\t<\/div>\n\t\t<\/div>\n\t\t\t\t\t<\/div>\n\t\t<\/section>\n\t\t<div class=\"has_eae_slider elementor-element elementor-element-8a28f49 e-flex e-con-boxed e-con e-parent\" data-eae-slider=\"15272\" data-id=\"8a28f49\" data-element_type=\"container\" data-e-type=\"container\">\n\t\t\t\t\t<div class=\"e-con-inner\">\n\t\t\t\t<div class=\"elementor-element elementor-element-c92519f elementor-widget elementor-widget-html\" data-id=\"c92519f\" data-element_type=\"widget\" data-e-type=\"widget\" data-widget_type=\"html.default\">\n\t\t\t\t<div class=\"elementor-widget-container\">\n\t\t\t\t\t<iframe src=\"https:\/\/www.google.com\/maps\/d\/embed?mid=1MGm9SliND3cNoSsQTYR9229I4mM0Sz0&ehbc=2E312F\" width=\"640\" height=\"480\"><\/iframe>\t\t\t\t<\/div>\n\t\t\t\t<\/div>\n\t\t\t\t\t<\/div>\n\t\t\t\t<\/div>\n\t\t<div class=\"has_eae_slider elementor-element elementor-element-8993635 e-flex e-con-boxed e-con e-parent\" data-eae-slider=\"93362\" data-id=\"8993635\" data-element_type=\"container\" data-e-type=\"container\">\n\t\t\t\t\t<div class=\"e-con-inner\">\n\t\t\t\t<div class=\"elementor-element elementor-element-871d63e elementor-widget elementor-widget-heading\" data-id=\"871d63e\" data-element_type=\"widget\" data-e-type=\"widget\" data-widget_type=\"heading.default\">\n\t\t\t\t<div class=\"elementor-widget-container\">\n\t\t\t\t\t<h1 class=\"elementor-heading-title elementor-size-default\">Financer son projet <\/h1>\t\t\t\t<\/div>\n\t\t\t\t<\/div>\n\t\t\t\t\t<\/div>\n\t\t\t\t<\/div>\n\t\t<div class=\"has_eae_slider elementor-element elementor-element-3113860 e-grid e-con-boxed e-con e-parent\" data-eae-slider=\"46299\" data-id=\"3113860\" data-element_type=\"container\" data-e-type=\"container\">\n\t\t\t\t\t<div class=\"e-con-inner\">\n\t\t\t\t<div class=\"elementor-element elementor-element-d984acf elementor-widget elementor-widget-text-editor\" data-id=\"d984acf\" data-element_type=\"widget\" data-e-type=\"widget\" data-widget_type=\"text-editor.default\">\n\t\t\t\t<div class=\"elementor-widget-container\">\n\t\t\t\t\t\t\t\t\t<p style=\"text-align: right;\">Consultez \u00e9galement le guide AVISE pour mieux comprendre le financement de l\u2019\u00e9conomie sociale et solidaire et vous orienter dans vos recherches :<\/p>\t\t\t\t\t\t\t\t<\/div>\n\t\t\t\t<\/div>\n\t\t\t\t<div class=\"elementor-element elementor-element-bf12182 elementor-align-left elementor-widget elementor-widget-button\" data-id=\"bf12182\" data-element_type=\"widget\" data-e-type=\"widget\" data-widget_type=\"button.default\">\n\t\t\t\t<div class=\"elementor-widget-container\">\n\t\t\t\t\t\t\t\t\t<div class=\"elementor-button-wrapper\">\n\t\t\t\t\t<a class=\"elementor-button elementor-button-link elementor-size-sm elementor-animation-shrink\" href=\"http:\/\/www.avise.org\/sites\/default\/files\/media\/document\/Guide_Financer_votre_projet_dESS_Avise_2025.pdf\" target=\"_blank\">\n\t\t\t\t\t\t<span class=\"elementor-button-content-wrapper\">\n\t\t\t\t\t\t\t\t\t<span class=\"elementor-button-text\">Pulse aqu\u00ed<\/span>\n\t\t\t\t\t<\/span>\n\t\t\t\t\t<\/a>\n\t\t\t\t<\/div>\n\t\t\t\t\t\t\t\t<\/div>\n\t\t\t\t<\/div>\n\t\t\t\t\t<\/div>\n\t\t\t\t<\/div>\n\t\t\t\t<\/div>","protected":false},"excerpt":{"rendered":"<p>Associatif Aide aux associations Vous repr\u00e9sentez une association oeuvrant sur le territoire de la CCQRGA ? Vous souhaitez d\u00e9velopper un projet inter-communautaire et, dans ce cadre, vous voulez demander des subventions \u00e0 la Communaut\u00e9 de Communes ?\u00a0 Chaque ann\u00e9e un appel \u00e0 projets est publi\u00e9 courant d\u00e9cembre avec une \u00e9ch\u00e9ance fix\u00e9e pour le d\u00e9but de [&hellip;]<\/p>","protected":false},"author":22,"featured_media":27347,"parent":26,"menu_order":0,"comment_status":"closed","ping_status":"closed","template":"","meta":{"footnotes":""},"class_list":["post-233","page","type-page","status-publish","has-post-thumbnail","hentry"],"yoast_head":"<!-- This site is optimized with the Yoast SEO plugin v27.4 - https:\/\/yoast.com\/product\/yoast-seo-wordpress\/ -->\n<title>Aides aux associations - Communaut\u00e9 de communes du Quercy Rouergue et des Gorges de l&#039;Aveyron<\/title>\n<meta name=\"description\" content=\"AIDES AUX ASSOCIATIONS Vous \u00eates une association, vous souhaitez d\u00e9velopper un projet intercommunautaire et dans ce cadre, vous voulez demander des subventions \u00e0 la Communaut\u00e9 de communes ?\" \/>\n<meta name=\"robots\" content=\"index, follow, max-snippet:-1, max-image-preview:large, max-video-preview:-1\" \/>\n<link rel=\"canonical\" href=\"https:\/\/cc-qrga.fr\/es\/entreprendre\/aides-aux-associations\/\" \/>\n<meta property=\"og:locale\" content=\"es_ES\" \/>\n<meta property=\"og:type\" content=\"article\" \/>\n<meta property=\"og:title\" content=\"Aides aux associations - Communaut\u00e9 de communes du Quercy Rouergue et des Gorges de l&#039;Aveyron\" \/>\n<meta property=\"og:description\" content=\"AIDES AUX ASSOCIATIONS Vous \u00eates une association, vous souhaitez d\u00e9velopper un projet intercommunautaire et dans ce cadre, vous voulez demander des subventions \u00e0 la Communaut\u00e9 de communes ?\" \/>\n<meta property=\"og:url\" content=\"https:\/\/cc-qrga.fr\/es\/entreprendre\/aides-aux-associations\/\" \/>\n<meta property=\"og:site_name\" content=\"Communaut\u00e9 de communes du Quercy Rouergue et des Gorges de l&#039;Aveyron\" \/>\n<meta property=\"article:modified_time\" content=\"2025-12-17T14:48:50+00:00\" \/>\n<meta property=\"og:image\" content=\"https:\/\/cc-qrga.fr\/wp-content\/uploads\/2024\/12\/franzk_banderole_sur_laquelle_est_crit__ASSOCIATIONS_-_DEMAN_668bd466-b62b-45d7-a02c-ac6ed17e1440_0.jpg\" \/>\n\t<meta property=\"og:image:width\" content=\"1232\" \/>\n\t<meta property=\"og:image:height\" content=\"928\" \/>\n\t<meta property=\"og:image:type\" content=\"image\/jpeg\" \/>\n<meta name=\"twitter:card\" content=\"summary_large_image\" \/>\n<meta name=\"twitter:label1\" content=\"Tiempo de lectura\" \/>\n\t<meta name=\"twitter:data1\" content=\"1 minuto\" \/>\n<script type=\"application\/ld+json\" class=\"yoast-schema-graph\">{\"@context\":\"https:\\\/\\\/schema.org\",\"@graph\":[{\"@type\":\"WebPage\",\"@id\":\"https:\\\/\\\/cc-qrga.fr\\\/entreprendre\\\/aides-aux-associations\\\/\",\"url\":\"https:\\\/\\\/cc-qrga.fr\\\/entreprendre\\\/aides-aux-associations\\\/\",\"name\":\"Aides aux associations - Communaut\u00e9 de communes du Quercy Rouergue et des Gorges de l&#039;Aveyron\",\"isPartOf\":{\"@id\":\"https:\\\/\\\/cc-qrga.fr\\\/#website\"},\"primaryImageOfPage\":{\"@id\":\"https:\\\/\\\/cc-qrga.fr\\\/entreprendre\\\/aides-aux-associations\\\/#primaryimage\"},\"image\":{\"@id\":\"https:\\\/\\\/cc-qrga.fr\\\/entreprendre\\\/aides-aux-associations\\\/#primaryimage\"},\"thumbnailUrl\":\"https:\\\/\\\/cc-qrga.fr\\\/wp-content\\\/uploads\\\/2024\\\/12\\\/franzk_banderole_sur_laquelle_est_crit__ASSOCIATIONS_-_DEMAN_668bd466-b62b-45d7-a02c-ac6ed17e1440_0.jpg\",\"datePublished\":\"2022-07-07T08:49:45+00:00\",\"dateModified\":\"2025-12-17T14:48:50+00:00\",\"description\":\"AIDES AUX ASSOCIATIONS Vous \u00eates une association, vous souhaitez d\u00e9velopper un projet intercommunautaire et dans ce cadre, vous voulez demander des subventions \u00e0 la Communaut\u00e9 de communes ?\",\"breadcrumb\":{\"@id\":\"https:\\\/\\\/cc-qrga.fr\\\/entreprendre\\\/aides-aux-associations\\\/#breadcrumb\"},\"inLanguage\":\"es\",\"potentialAction\":[{\"@type\":\"ReadAction\",\"target\":[\"https:\\\/\\\/cc-qrga.fr\\\/entreprendre\\\/aides-aux-associations\\\/\"]}]},{\"@type\":\"ImageObject\",\"inLanguage\":\"es\",\"@id\":\"https:\\\/\\\/cc-qrga.fr\\\/entreprendre\\\/aides-aux-associations\\\/#primaryimage\",\"url\":\"https:\\\/\\\/cc-qrga.fr\\\/wp-content\\\/uploads\\\/2024\\\/12\\\/franzk_banderole_sur_laquelle_est_crit__ASSOCIATIONS_-_DEMAN_668bd466-b62b-45d7-a02c-ac6ed17e1440_0.jpg\",\"contentUrl\":\"https:\\\/\\\/cc-qrga.fr\\\/wp-content\\\/uploads\\\/2024\\\/12\\\/franzk_banderole_sur_laquelle_est_crit__ASSOCIATIONS_-_DEMAN_668bd466-b62b-45d7-a02c-ac6ed17e1440_0.jpg\",\"width\":1232,\"height\":928},{\"@type\":\"BreadcrumbList\",\"@id\":\"https:\\\/\\\/cc-qrga.fr\\\/entreprendre\\\/aides-aux-associations\\\/#breadcrumb\",\"itemListElement\":[{\"@type\":\"ListItem\",\"position\":1,\"name\":\"Accueil\",\"item\":\"https:\\\/\\\/cc-qrga.fr\\\/\"},{\"@type\":\"ListItem\",\"position\":2,\"name\":\"Entreprendre\",\"item\":\"https:\\\/\\\/cc-qrga.fr\\\/entreprendre\\\/\"},{\"@type\":\"ListItem\",\"position\":3,\"name\":\"Aides aux associations\"}]},{\"@type\":\"WebSite\",\"@id\":\"https:\\\/\\\/cc-qrga.fr\\\/#website\",\"url\":\"https:\\\/\\\/cc-qrga.fr\\\/\",\"name\":\"Communaut\u00e9 de communes du Quercy Rouergue et des Gorges de l&#039;Aveyron\",\"description\":\"qrga\",\"potentialAction\":[{\"@type\":\"SearchAction\",\"target\":{\"@type\":\"EntryPoint\",\"urlTemplate\":\"https:\\\/\\\/cc-qrga.fr\\\/?s={search_term_string}\"},\"query-input\":{\"@type\":\"PropertyValueSpecification\",\"valueRequired\":true,\"valueName\":\"search_term_string\"}}],\"inLanguage\":\"es\"}]}<\/script>\n<!-- \/ Yoast SEO plugin. -->","yoast_head_json":{"title":"Aides aux associations - Communaut\u00e9 de communes du Quercy Rouergue et des Gorges de l&#039;Aveyron","description":"AIDES AUX ASSOCIATIONS Vous \u00eates une association, vous souhaitez d\u00e9velopper un projet intercommunautaire et dans ce cadre, vous voulez demander des subventions \u00e0 la Communaut\u00e9 de communes ?","robots":{"index":"index","follow":"follow","max-snippet":"max-snippet:-1","max-image-preview":"max-image-preview:large","max-video-preview":"max-video-preview:-1"},"canonical":"https:\/\/cc-qrga.fr\/es\/entreprendre\/aides-aux-associations\/","og_locale":"es_ES","og_type":"article","og_title":"Aides aux associations - Communaut\u00e9 de communes du Quercy Rouergue et des Gorges de l&#039;Aveyron","og_description":"AIDES AUX ASSOCIATIONS Vous \u00eates une association, vous souhaitez d\u00e9velopper un projet intercommunautaire et dans ce cadre, vous voulez demander des subventions \u00e0 la Communaut\u00e9 de communes ?","og_url":"https:\/\/cc-qrga.fr\/es\/entreprendre\/aides-aux-associations\/","og_site_name":"Communaut\u00e9 de communes du Quercy Rouergue et des Gorges de l&#039;Aveyron","article_modified_time":"2025-12-17T14:48:50+00:00","og_image":[{"width":1232,"height":928,"url":"https:\/\/cc-qrga.fr\/wp-content\/uploads\/2024\/12\/franzk_banderole_sur_laquelle_est_crit__ASSOCIATIONS_-_DEMAN_668bd466-b62b-45d7-a02c-ac6ed17e1440_0.jpg","type":"image\/jpeg"}],"twitter_card":"summary_large_image","twitter_misc":{"Tiempo de lectura":"1 minuto"},"schema":{"@context":"https:\/\/schema.org","@graph":[{"@type":"WebPage","@id":"https:\/\/cc-qrga.fr\/entreprendre\/aides-aux-associations\/","url":"https:\/\/cc-qrga.fr\/entreprendre\/aides-aux-associations\/","name":"Aides aux associations - Communaut\u00e9 de communes du Quercy Rouergue et des Gorges de l&#039;Aveyron","isPartOf":{"@id":"https:\/\/cc-qrga.fr\/#website"},"primaryImageOfPage":{"@id":"https:\/\/cc-qrga.fr\/entreprendre\/aides-aux-associations\/#primaryimage"},"image":{"@id":"https:\/\/cc-qrga.fr\/entreprendre\/aides-aux-associations\/#primaryimage"},"thumbnailUrl":"https:\/\/cc-qrga.fr\/wp-content\/uploads\/2024\/12\/franzk_banderole_sur_laquelle_est_crit__ASSOCIATIONS_-_DEMAN_668bd466-b62b-45d7-a02c-ac6ed17e1440_0.jpg","datePublished":"2022-07-07T08:49:45+00:00","dateModified":"2025-12-17T14:48:50+00:00","description":"AIDES AUX ASSOCIATIONS Vous \u00eates une association, vous souhaitez d\u00e9velopper un projet intercommunautaire et dans ce cadre, vous voulez demander des subventions \u00e0 la Communaut\u00e9 de communes ?","breadcrumb":{"@id":"https:\/\/cc-qrga.fr\/entreprendre\/aides-aux-associations\/#breadcrumb"},"inLanguage":"es","potentialAction":[{"@type":"ReadAction","target":["https:\/\/cc-qrga.fr\/entreprendre\/aides-aux-associations\/"]}]},{"@type":"ImageObject","inLanguage":"es","@id":"https:\/\/cc-qrga.fr\/entreprendre\/aides-aux-associations\/#primaryimage","url":"https:\/\/cc-qrga.fr\/wp-content\/uploads\/2024\/12\/franzk_banderole_sur_laquelle_est_crit__ASSOCIATIONS_-_DEMAN_668bd466-b62b-45d7-a02c-ac6ed17e1440_0.jpg","contentUrl":"https:\/\/cc-qrga.fr\/wp-content\/uploads\/2024\/12\/franzk_banderole_sur_laquelle_est_crit__ASSOCIATIONS_-_DEMAN_668bd466-b62b-45d7-a02c-ac6ed17e1440_0.jpg","width":1232,"height":928},{"@type":"BreadcrumbList","@id":"https:\/\/cc-qrga.fr\/entreprendre\/aides-aux-associations\/#breadcrumb","itemListElement":[{"@type":"ListItem","position":1,"name":"Accueil","item":"https:\/\/cc-qrga.fr\/"},{"@type":"ListItem","position":2,"name":"Entreprendre","item":"https:\/\/cc-qrga.fr\/entreprendre\/"},{"@type":"ListItem","position":3,"name":"Aides aux associations"}]},{"@type":"WebSite","@id":"https:\/\/cc-qrga.fr\/#website","url":"https:\/\/cc-qrga.fr\/","name":"Mancomunidad de municipios de Quercy Rouergue y Gargantas del Aveyron","description":"qrga","potentialAction":[{"@type":"SearchAction","target":{"@type":"EntryPoint","urlTemplate":"https:\/\/cc-qrga.fr\/?s={search_term_string}"},"query-input":{"@type":"PropertyValueSpecification","valueRequired":true,"valueName":"search_term_string"}}],"inLanguage":"es"}]}},"_links":{"self":[{"href":"https:\/\/cc-qrga.fr\/es\/wp-json\/wp\/v2\/pages\/233","targetHints":{"allow":["GET"]}}],"collection":[{"href":"https:\/\/cc-qrga.fr\/es\/wp-json\/wp\/v2\/pages"}],"about":[{"href":"https:\/\/cc-qrga.fr\/es\/wp-json\/wp\/v2\/types\/page"}],"author":[{"embeddable":true,"href":"https:\/\/cc-qrga.fr\/es\/wp-json\/wp\/v2\/users\/22"}],"replies":[{"embeddable":true,"href":"https:\/\/cc-qrga.fr\/es\/wp-json\/wp\/v2\/comments?post=233"}],"version-history":[{"count":7,"href":"https:\/\/cc-qrga.fr\/es\/wp-json\/wp\/v2\/pages\/233\/revisions"}],"predecessor-version":[{"id":30674,"href":"https:\/\/cc-qrga.fr\/es\/wp-json\/wp\/v2\/pages\/233\/revisions\/30674"}],"up":[{"embeddable":true,"href":"https:\/\/cc-qrga.fr\/es\/wp-json\/wp\/v2\/pages\/26"}],"wp:featuredmedia":[{"embeddable":true,"href":"https:\/\/cc-qrga.fr\/es\/wp-json\/wp\/v2\/media\/27347"}],"wp:attachment":[{"href":"https:\/\/cc-qrga.fr\/es\/wp-json\/wp\/v2\/media?parent=233"}],"curies":[{"name":"wp","href":"https:\/\/api.w.org\/{rel}","templated":true}]}}