{"id":24105,"date":"2024-07-01T15:08:13","date_gmt":"2024-07-01T13:08:13","guid":{"rendered":"https:\/\/cc-qrga.fr\/?page_id=24105"},"modified":"2024-07-02T11:42:07","modified_gmt":"2024-07-02T09:42:07","slug":"ecoles-de-musique","status":"publish","type":"page","link":"https:\/\/cc-qrga.fr\/es\/ecoles-de-musique\/","title":{"rendered":"Escuelas de m\u00fasica"},"content":{"rendered":"<div data-elementor-type=\"wp-page\" data-elementor-id=\"24105\" class=\"elementor elementor-24105\" data-elementor-post-type=\"page\">\n\t\t\t\t<div class=\"has_eae_slider elementor-element elementor-element-8106a8c e-flex e-con-boxed e-con e-parent\" data-eae-slider=\"64323\" data-id=\"8106a8c\" data-element_type=\"container\" data-e-type=\"container\">\n\t\t\t\t\t<div class=\"e-con-inner\">\n\t\t\t\t<div class=\"elementor-element elementor-element-b0b4027 elementor-widget elementor-widget-heading\" data-id=\"b0b4027\" data-element_type=\"widget\" data-e-type=\"widget\" data-widget_type=\"heading.default\">\n\t\t\t\t<div class=\"elementor-widget-container\">\n\t\t\t\t\t<h1 class=\"elementor-heading-title elementor-size-default\">escuelas <a style=\"color:#5EB8CE\">m\u00fasica<\/a><\/h1>\t\t\t\t<\/div>\n\t\t\t\t<\/div>\n\t\t\t\t<div class=\"elementor-element elementor-element-aea41fa elementor-widget-divider--view-line elementor-widget elementor-widget-divider\" data-id=\"aea41fa\" data-element_type=\"widget\" data-e-type=\"widget\" data-widget_type=\"divider.default\">\n\t\t\t\t<div class=\"elementor-widget-container\">\n\t\t\t\t\t\t\t<div class=\"elementor-divider\">\n\t\t\t<span class=\"elementor-divider-separator\">\n\t\t\t\t\t\t<\/span>\n\t\t<\/div>\n\t\t\t\t\t\t<\/div>\n\t\t\t\t<\/div>\n\t\t\t\t\t<\/div>\n\t\t\t\t<\/div>\n\t\t<div class=\"has_eae_slider elementor-element elementor-element-6bbebd1 e-flex e-con-boxed e-con e-parent\" data-eae-slider=\"23059\" data-id=\"6bbebd1\" data-element_type=\"container\" data-e-type=\"container\">\n\t\t\t\t\t<div class=\"e-con-inner\">\n\t\t<div class=\"has_eae_slider elementor-element elementor-element-4b071d3 e-con-full e-flex e-con e-child\" data-eae-slider=\"33126\" data-id=\"4b071d3\" data-element_type=\"container\" data-e-type=\"container\">\n\t\t\t\t<div class=\"elementor-element elementor-element-11c70f5 elementor-widget elementor-widget-heading\" data-id=\"11c70f5\" data-element_type=\"widget\" data-e-type=\"widget\" data-widget_type=\"heading.default\">\n\t\t\t\t<div class=\"elementor-widget-container\">\n\t\t\t\t\t<h1 class=\"elementor-heading-title elementor-size-default\">La escuela de San Antonino<\/h1>\t\t\t\t<\/div>\n\t\t\t\t<\/div>\n\t\t\t\t<div class=\"elementor-element elementor-element-81fc5a8 elementor-widget elementor-widget-heading\" data-id=\"81fc5a8\" data-element_type=\"widget\" data-e-type=\"widget\" data-widget_type=\"heading.default\">\n\t\t\t\t<div class=\"elementor-widget-container\">\n\t\t\t\t\t<h1 class=\"elementor-heading-title elementor-size-default\">La roca de Anglar<\/h1>\t\t\t\t<\/div>\n\t\t\t\t<\/div>\n\t\t\t\t<div class=\"elementor-element elementor-element-b7901b9 elementor-widget elementor-widget-text-editor\" data-id=\"b7901b9\" data-element_type=\"widget\" data-e-type=\"widget\" data-widget_type=\"text-editor.default\">\n\t\t\t\t<div class=\"elementor-widget-container\">\n\t\t\t\t\t\t\t\t\t<p class=\"font_7 wixui-rich-text__text\" style=\"background: transparent; border: 0px; outline: 0px; padding: 0px; vertical-align: baseline; pointer-events: auto; color: rgb(var(--color_15)); margin-block-end: 0px; margin: 0px;\"><span class=\"wixui-rich-text__text\"><span style=\"background-color: transparent; color: rgb(var(--color_15)); font-family: var( --e-global-typography-text-font-family ), Sans-serif; font-size: 1rem;\">La Anglar School of Rock ofrece cursos de <\/span>bater\u00eda, <\/span><span class=\"wixui-rich-text__text\">bajo, c<\/span><span class=\"wixui-rich-text__text\">inquietante, <\/span><span class=\"wixui-rich-text__text\">clarinete, <\/span><span class=\"wixui-rich-text__text\">guitarra, <\/span><span class=\"wixui-rich-text__text\">arpa, <\/span><span class=\"wixui-rich-text__text\">piano, <\/span><span class=\"wixui-rich-text__text\">saxof\u00f3n, <\/span><span class=\"wixui-rich-text__text\">viol\u00edn, <\/span><span class=\"wixui-rich-text__text\">violonchelo y otras disciplinas colectivas, as\u00ed como numerosos talleres de educaci\u00f3n musical temprana. Fundada en 2015, la Anglar School of Rock cuenta en la actualidad con m\u00e1s de<span style=\"background-color: transparent; color: rgb(var(--color_15)); font-family: var( --e-global-typography-text-font-family ), Sans-serif; font-size: 1rem;\"> \u00a1200 alumnos! <\/span><\/span><\/p>\t\t\t\t\t\t\t\t<\/div>\n\t\t\t\t<\/div>\n\t\t\t\t<div class=\"elementor-element elementor-element-0b805bd elementor-align-left elementor-widget elementor-widget-button\" data-id=\"0b805bd\" data-element_type=\"widget\" data-e-type=\"widget\" data-widget_type=\"button.default\">\n\t\t\t\t<div class=\"elementor-widget-container\">\n\t\t\t\t\t\t\t\t\t<div class=\"elementor-button-wrapper\">\n\t\t\t\t\t<a class=\"elementor-button elementor-button-link elementor-size-sm elementor-animation-shrink\" href=\"https:\/\/lerockdanglars.wixsite.com\/musique\/a-propos\" target=\"_blank\">\n\t\t\t\t\t\t<span class=\"elementor-button-content-wrapper\">\n\t\t\t\t\t\t\t\t\t<span class=\"elementor-button-text\">acceder al sitio<\/span>\n\t\t\t\t\t<\/span>\n\t\t\t\t\t<\/a>\n\t\t\t\t<\/div>\n\t\t\t\t\t\t\t\t<\/div>\n\t\t\t\t<\/div>\n\t\t\t\t<\/div>\n\t\t<div class=\"has_eae_slider elementor-element elementor-element-02681c4 e-con-full e-flex e-con e-child\" data-eae-slider=\"7850\" data-id=\"02681c4\" data-element_type=\"container\" data-e-type=\"container\">\n\t\t\t\t<div class=\"elementor-element elementor-element-7f9cbff elementor-widget elementor-widget-image\" data-id=\"7f9cbff\" data-element_type=\"widget\" data-e-type=\"widget\" data-widget_type=\"image.default\">\n\t\t\t\t<div class=\"elementor-widget-container\">\n\t\t\t\t\t\t\t\t\t\t\t\t\t\t\t<img fetchpriority=\"high\" decoding=\"async\" width=\"800\" height=\"534\" src=\"https:\/\/cc-qrga.fr\/wp-content\/uploads\/2024\/07\/jordan-whitfield-BhfE1IgcsA8-unsplash-1-1024x683.jpg\" class=\"attachment-large size-large wp-image-24221\" alt=\"\" srcset=\"https:\/\/cc-qrga.fr\/wp-content\/uploads\/2024\/07\/jordan-whitfield-BhfE1IgcsA8-unsplash-1-1024x683.jpg 1024w, https:\/\/cc-qrga.fr\/wp-content\/uploads\/2024\/07\/jordan-whitfield-BhfE1IgcsA8-unsplash-1-300x200.jpg 300w, https:\/\/cc-qrga.fr\/wp-content\/uploads\/2024\/07\/jordan-whitfield-BhfE1IgcsA8-unsplash-1-768x512.jpg 768w, https:\/\/cc-qrga.fr\/wp-content\/uploads\/2024\/07\/jordan-whitfield-BhfE1IgcsA8-unsplash-1-1536x1024.jpg 1536w, https:\/\/cc-qrga.fr\/wp-content\/uploads\/2024\/07\/jordan-whitfield-BhfE1IgcsA8-unsplash-1-2048x1365.jpg 2048w\" sizes=\"(max-width: 800px) 100vw, 800px\" \/>\t\t\t\t\t\t\t\t\t\t\t\t\t\t\t<\/div>\n\t\t\t\t<\/div>\n\t\t\t\t<\/div>\n\t\t\t\t\t<\/div>\n\t\t\t\t<\/div>\n\t\t\t\t<section class=\"has_eae_slider elementor-section elementor-top-section elementor-element elementor-element-5c43386 elementor-section-content-middle elementor-section-boxed elementor-section-height-default elementor-section-height-default\" data-eae-slider=\"94404\" data-id=\"5c43386\" data-element_type=\"section\" data-e-type=\"section\">\n\t\t\t\t\t\t<div class=\"elementor-container elementor-column-gap-extended\">\n\t\t\t\t\t<div class=\"has_eae_slider elementor-column elementor-col-50 elementor-top-column elementor-element elementor-element-01d923f\" data-eae-slider=\"31220\" data-id=\"01d923f\" data-element_type=\"column\" data-e-type=\"column\">\n\t\t\t<div class=\"elementor-widget-wrap elementor-element-populated\">\n\t\t\t\t\t\t<div class=\"elementor-element elementor-element-fe6dda6 elementor-widget elementor-widget-image\" data-id=\"fe6dda6\" data-element_type=\"widget\" data-e-type=\"widget\" data-widget_type=\"image.default\">\n\t\t\t\t<div class=\"elementor-widget-container\">\n\t\t\t\t\t\t\t\t\t\t\t\t\t\t\t<img decoding=\"async\" width=\"800\" height=\"534\" src=\"https:\/\/cc-qrga.fr\/wp-content\/uploads\/2024\/07\/gabriel-gurrola-2UuhMZEChdc-unsplash-1024x684.jpg\" class=\"attachment-large size-large wp-image-24237\" alt=\"\" srcset=\"https:\/\/cc-qrga.fr\/wp-content\/uploads\/2024\/07\/gabriel-gurrola-2UuhMZEChdc-unsplash-1024x684.jpg 1024w, https:\/\/cc-qrga.fr\/wp-content\/uploads\/2024\/07\/gabriel-gurrola-2UuhMZEChdc-unsplash-300x200.jpg 300w, https:\/\/cc-qrga.fr\/wp-content\/uploads\/2024\/07\/gabriel-gurrola-2UuhMZEChdc-unsplash-768x513.jpg 768w, https:\/\/cc-qrga.fr\/wp-content\/uploads\/2024\/07\/gabriel-gurrola-2UuhMZEChdc-unsplash-1536x1025.jpg 1536w, https:\/\/cc-qrga.fr\/wp-content\/uploads\/2024\/07\/gabriel-gurrola-2UuhMZEChdc-unsplash-2048x1367.jpg 2048w\" sizes=\"(max-width: 800px) 100vw, 800px\" \/>\t\t\t\t\t\t\t\t\t\t\t\t\t\t\t<\/div>\n\t\t\t\t<\/div>\n\t\t\t\t\t<\/div>\n\t\t<\/div>\n\t\t\t\t<div class=\"has_eae_slider elementor-column elementor-col-50 elementor-top-column elementor-element elementor-element-88fc94e\" data-eae-slider=\"34648\" data-id=\"88fc94e\" data-element_type=\"column\" data-e-type=\"column\">\n\t\t\t<div class=\"elementor-widget-wrap elementor-element-populated\">\n\t\t\t\t\t\t<div class=\"elementor-element elementor-element-d74a7da elementor-widget elementor-widget-heading\" data-id=\"d74a7da\" data-element_type=\"widget\" data-e-type=\"widget\" data-widget_type=\"heading.default\">\n\t\t\t\t<div class=\"elementor-widget-container\">\n\t\t\t\t\t<h1 class=\"elementor-heading-title elementor-size-default\">La escuela Parisot<\/h1>\t\t\t\t<\/div>\n\t\t\t\t<\/div>\n\t\t\t\t<div class=\"elementor-element elementor-element-4f63162 elementor-widget elementor-widget-heading\" data-id=\"4f63162\" data-element_type=\"widget\" data-e-type=\"widget\" data-widget_type=\"heading.default\">\n\t\t\t\t<div class=\"elementor-widget-container\">\n\t\t\t\t\t<h1 class=\"elementor-heading-title elementor-size-default\">Coro Parisot<\/h1>\t\t\t\t<\/div>\n\t\t\t\t<\/div>\n\t\t\t\t<div class=\"elementor-element elementor-element-ef3e150 elementor-widget elementor-widget-text-editor\" data-id=\"ef3e150\" data-element_type=\"widget\" data-e-type=\"widget\" data-widget_type=\"text-editor.default\">\n\t\t\t\t<div class=\"elementor-widget-container\">\n\t\t\t\t\t\t\t\t\t<p class=\"description\">Choeur de Parisot ofrece clases de calidad para todos los niveles, desde principiante hasta intermedio. Con profesores apasionados y experimentados, los estudiantes pueden aprender los fundamentos de la m\u00fasica, o mejorar sus habilidades vocales en un ambiente propicio para el aprendizaje y la creatividad. Ya sea para clases individuales o en grupo, el Choeur de Parisot es una opci\u00f3n ideal para cualquier persona apasionada por la m\u00fasica y el canto.<\/p><nav class=\"rub_top\"><\/nav>\t\t\t\t\t\t\t\t<\/div>\n\t\t\t\t<\/div>\n\t\t\t\t<div class=\"elementor-element elementor-element-068f2a7 elementor-align-left elementor-widget elementor-widget-button\" data-id=\"068f2a7\" data-element_type=\"widget\" data-e-type=\"widget\" data-widget_type=\"button.default\">\n\t\t\t\t<div class=\"elementor-widget-container\">\n\t\t\t\t\t\t\t\t\t<div class=\"elementor-button-wrapper\">\n\t\t\t\t\t<a class=\"elementor-button elementor-button-link elementor-size-sm elementor-animation-shrink\" href=\"https:\/\/www.pagesjaunes.fr\/pros\/58390264\" target=\"_blank\">\n\t\t\t\t\t\t<span class=\"elementor-button-content-wrapper\">\n\t\t\t\t\t\t\t\t\t<span class=\"elementor-button-text\">p\u00e1gina de contacto<\/span>\n\t\t\t\t\t<\/span>\n\t\t\t\t\t<\/a>\n\t\t\t\t<\/div>\n\t\t\t\t\t\t\t\t<\/div>\n\t\t\t\t<\/div>\n\t\t\t\t\t<\/div>\n\t\t<\/div>\n\t\t\t\t\t<\/div>\n\t\t<\/section>\n\t\t\t\t<\/div>","protected":false},"excerpt":{"rendered":"<p>les \u00e9coles de musique L&rsquo;\u00e9cole de saint-Antonin Le Rock d&rsquo;Anglar L&rsquo;\u00e9cole du Rock d&rsquo;Anglar offre des cours de batterie, basse, chant, clarinette, guitare, harpe, piano, saxophone, violon, violoncelle et autres disciplines collectives ainsi que de nombreux ateliers d&rsquo;\u00e9veil musical. Fond\u00e9e en 2015, l&rsquo;\u00e9cole du Rock d&rsquo;Anglar compte \u00e0 ce jour plus de 200 \u00e9l\u00e8ves ! [&hellip;]<\/p>","protected":false},"author":11,"featured_media":0,"parent":0,"menu_order":0,"comment_status":"closed","ping_status":"closed","template":"","meta":{"footnotes":""},"class_list":["post-24105","page","type-page","status-publish","hentry"],"yoast_head":"<!-- This site is optimized with the Yoast SEO plugin v27.3 - https:\/\/yoast.com\/product\/yoast-seo-wordpress\/ -->\n<title>Ecoles de musique - Communaut\u00e9 de communes du Quercy Rouergue et des Gorges de l&#039;Aveyron<\/title>\n<meta name=\"robots\" content=\"index, follow, max-snippet:-1, max-image-preview:large, max-video-preview:-1\" \/>\n<link rel=\"canonical\" href=\"https:\/\/cc-qrga.fr\/es\/ecoles-de-musique\/\" \/>\n<meta property=\"og:locale\" content=\"es_ES\" \/>\n<meta property=\"og:type\" content=\"article\" \/>\n<meta property=\"og:title\" content=\"Ecoles de musique - Communaut\u00e9 de communes du Quercy Rouergue et des Gorges de l&#039;Aveyron\" \/>\n<meta property=\"og:description\" content=\"les \u00e9coles de musique L&rsquo;\u00e9cole de saint-Antonin Le Rock d&rsquo;Anglar L&rsquo;\u00e9cole du Rock d&rsquo;Anglar offre des cours de batterie, basse, chant, clarinette, guitare, harpe, piano, saxophone, violon, violoncelle et autres disciplines collectives ainsi que de nombreux ateliers d&rsquo;\u00e9veil musical. Fond\u00e9e en 2015, l&rsquo;\u00e9cole du Rock d&rsquo;Anglar compte \u00e0 ce jour plus de 200 \u00e9l\u00e8ves ! [&hellip;]\" \/>\n<meta property=\"og:url\" content=\"https:\/\/cc-qrga.fr\/es\/ecoles-de-musique\/\" \/>\n<meta property=\"og:site_name\" content=\"Communaut\u00e9 de communes du Quercy Rouergue et des Gorges de l&#039;Aveyron\" \/>\n<meta property=\"article:modified_time\" content=\"2024-07-02T09:42:07+00:00\" \/>\n<meta property=\"og:image\" content=\"https:\/\/cc-qrga.fr\/wp-content\/uploads\/2024\/07\/jordan-whitfield-BhfE1IgcsA8-unsplash-1-1024x683.jpg\" \/>\n<meta name=\"twitter:card\" content=\"summary_large_image\" \/>\n<meta name=\"twitter:label1\" content=\"Tiempo de lectura\" \/>\n\t<meta name=\"twitter:data1\" content=\"2 minutos\" \/>\n<script type=\"application\/ld+json\" class=\"yoast-schema-graph\">{\"@context\":\"https:\\\/\\\/schema.org\",\"@graph\":[{\"@type\":\"WebPage\",\"@id\":\"https:\\\/\\\/cc-qrga.fr\\\/ecoles-de-musique\\\/\",\"url\":\"https:\\\/\\\/cc-qrga.fr\\\/ecoles-de-musique\\\/\",\"name\":\"Ecoles de musique - Communaut\u00e9 de communes du Quercy Rouergue et des Gorges de l&#039;Aveyron\",\"isPartOf\":{\"@id\":\"https:\\\/\\\/cc-qrga.fr\\\/#website\"},\"primaryImageOfPage\":{\"@id\":\"https:\\\/\\\/cc-qrga.fr\\\/ecoles-de-musique\\\/#primaryimage\"},\"image\":{\"@id\":\"https:\\\/\\\/cc-qrga.fr\\\/ecoles-de-musique\\\/#primaryimage\"},\"thumbnailUrl\":\"https:\\\/\\\/cc-qrga.fr\\\/wp-content\\\/uploads\\\/2024\\\/07\\\/jordan-whitfield-BhfE1IgcsA8-unsplash-1-1024x683.jpg\",\"datePublished\":\"2024-07-01T13:08:13+00:00\",\"dateModified\":\"2024-07-02T09:42:07+00:00\",\"breadcrumb\":{\"@id\":\"https:\\\/\\\/cc-qrga.fr\\\/ecoles-de-musique\\\/#breadcrumb\"},\"inLanguage\":\"es\",\"potentialAction\":[{\"@type\":\"ReadAction\",\"target\":[\"https:\\\/\\\/cc-qrga.fr\\\/ecoles-de-musique\\\/\"]}]},{\"@type\":\"ImageObject\",\"inLanguage\":\"es\",\"@id\":\"https:\\\/\\\/cc-qrga.fr\\\/ecoles-de-musique\\\/#primaryimage\",\"url\":\"https:\\\/\\\/cc-qrga.fr\\\/wp-content\\\/uploads\\\/2024\\\/07\\\/jordan-whitfield-BhfE1IgcsA8-unsplash-1-1024x683.jpg\",\"contentUrl\":\"https:\\\/\\\/cc-qrga.fr\\\/wp-content\\\/uploads\\\/2024\\\/07\\\/jordan-whitfield-BhfE1IgcsA8-unsplash-1-1024x683.jpg\"},{\"@type\":\"BreadcrumbList\",\"@id\":\"https:\\\/\\\/cc-qrga.fr\\\/ecoles-de-musique\\\/#breadcrumb\",\"itemListElement\":[{\"@type\":\"ListItem\",\"position\":1,\"name\":\"Accueil\",\"item\":\"https:\\\/\\\/cc-qrga.fr\\\/\"},{\"@type\":\"ListItem\",\"position\":2,\"name\":\"Ecoles de musique\"}]},{\"@type\":\"WebSite\",\"@id\":\"https:\\\/\\\/cc-qrga.fr\\\/#website\",\"url\":\"https:\\\/\\\/cc-qrga.fr\\\/\",\"name\":\"Communaut\u00e9 de communes du Quercy Rouergue et des Gorges de l&#039;Aveyron\",\"description\":\"qrga\",\"potentialAction\":[{\"@type\":\"SearchAction\",\"target\":{\"@type\":\"EntryPoint\",\"urlTemplate\":\"https:\\\/\\\/cc-qrga.fr\\\/?s={search_term_string}\"},\"query-input\":{\"@type\":\"PropertyValueSpecification\",\"valueRequired\":true,\"valueName\":\"search_term_string\"}}],\"inLanguage\":\"es\"}]}<\/script>\n<!-- \/ Yoast SEO plugin. -->","yoast_head_json":{"title":"Ecoles de musique - Communaut\u00e9 de communes du Quercy Rouergue et des Gorges de l&#039;Aveyron","robots":{"index":"index","follow":"follow","max-snippet":"max-snippet:-1","max-image-preview":"max-image-preview:large","max-video-preview":"max-video-preview:-1"},"canonical":"https:\/\/cc-qrga.fr\/es\/ecoles-de-musique\/","og_locale":"es_ES","og_type":"article","og_title":"Ecoles de musique - Communaut\u00e9 de communes du Quercy Rouergue et des Gorges de l&#039;Aveyron","og_description":"les \u00e9coles de musique L&rsquo;\u00e9cole de saint-Antonin Le Rock d&rsquo;Anglar L&rsquo;\u00e9cole du Rock d&rsquo;Anglar offre des cours de batterie, basse, chant, clarinette, guitare, harpe, piano, saxophone, violon, violoncelle et autres disciplines collectives ainsi que de nombreux ateliers d&rsquo;\u00e9veil musical. Fond\u00e9e en 2015, l&rsquo;\u00e9cole du Rock d&rsquo;Anglar compte \u00e0 ce jour plus de 200 \u00e9l\u00e8ves ! [&hellip;]","og_url":"https:\/\/cc-qrga.fr\/es\/ecoles-de-musique\/","og_site_name":"Communaut\u00e9 de communes du Quercy Rouergue et des Gorges de l&#039;Aveyron","article_modified_time":"2024-07-02T09:42:07+00:00","og_image":[{"url":"https:\/\/cc-qrga.fr\/wp-content\/uploads\/2024\/07\/jordan-whitfield-BhfE1IgcsA8-unsplash-1-1024x683.jpg","type":"","width":"","height":""}],"twitter_card":"summary_large_image","twitter_misc":{"Tiempo de lectura":"2 minutos"},"schema":{"@context":"https:\/\/schema.org","@graph":[{"@type":"WebPage","@id":"https:\/\/cc-qrga.fr\/ecoles-de-musique\/","url":"https:\/\/cc-qrga.fr\/ecoles-de-musique\/","name":"Ecoles de musique - Communaut\u00e9 de communes du Quercy Rouergue et des Gorges de l&#039;Aveyron","isPartOf":{"@id":"https:\/\/cc-qrga.fr\/#website"},"primaryImageOfPage":{"@id":"https:\/\/cc-qrga.fr\/ecoles-de-musique\/#primaryimage"},"image":{"@id":"https:\/\/cc-qrga.fr\/ecoles-de-musique\/#primaryimage"},"thumbnailUrl":"https:\/\/cc-qrga.fr\/wp-content\/uploads\/2024\/07\/jordan-whitfield-BhfE1IgcsA8-unsplash-1-1024x683.jpg","datePublished":"2024-07-01T13:08:13+00:00","dateModified":"2024-07-02T09:42:07+00:00","breadcrumb":{"@id":"https:\/\/cc-qrga.fr\/ecoles-de-musique\/#breadcrumb"},"inLanguage":"es","potentialAction":[{"@type":"ReadAction","target":["https:\/\/cc-qrga.fr\/ecoles-de-musique\/"]}]},{"@type":"ImageObject","inLanguage":"es","@id":"https:\/\/cc-qrga.fr\/ecoles-de-musique\/#primaryimage","url":"https:\/\/cc-qrga.fr\/wp-content\/uploads\/2024\/07\/jordan-whitfield-BhfE1IgcsA8-unsplash-1-1024x683.jpg","contentUrl":"https:\/\/cc-qrga.fr\/wp-content\/uploads\/2024\/07\/jordan-whitfield-BhfE1IgcsA8-unsplash-1-1024x683.jpg"},{"@type":"BreadcrumbList","@id":"https:\/\/cc-qrga.fr\/ecoles-de-musique\/#breadcrumb","itemListElement":[{"@type":"ListItem","position":1,"name":"Accueil","item":"https:\/\/cc-qrga.fr\/"},{"@type":"ListItem","position":2,"name":"Ecoles de musique"}]},{"@type":"WebSite","@id":"https:\/\/cc-qrga.fr\/#website","url":"https:\/\/cc-qrga.fr\/","name":"Mancomunidad de municipios de Quercy Rouergue y Gargantas del Aveyron","description":"qrga","potentialAction":[{"@type":"SearchAction","target":{"@type":"EntryPoint","urlTemplate":"https:\/\/cc-qrga.fr\/?s={search_term_string}"},"query-input":{"@type":"PropertyValueSpecification","valueRequired":true,"valueName":"search_term_string"}}],"inLanguage":"es"}]}},"_links":{"self":[{"href":"https:\/\/cc-qrga.fr\/es\/wp-json\/wp\/v2\/pages\/24105","targetHints":{"allow":["GET"]}}],"collection":[{"href":"https:\/\/cc-qrga.fr\/es\/wp-json\/wp\/v2\/pages"}],"about":[{"href":"https:\/\/cc-qrga.fr\/es\/wp-json\/wp\/v2\/types\/page"}],"author":[{"embeddable":true,"href":"https:\/\/cc-qrga.fr\/es\/wp-json\/wp\/v2\/users\/11"}],"replies":[{"embeddable":true,"href":"https:\/\/cc-qrga.fr\/es\/wp-json\/wp\/v2\/comments?post=24105"}],"version-history":[{"count":0,"href":"https:\/\/cc-qrga.fr\/es\/wp-json\/wp\/v2\/pages\/24105\/revisions"}],"wp:attachment":[{"href":"https:\/\/cc-qrga.fr\/es\/wp-json\/wp\/v2\/media?parent=24105"}],"curies":[{"name":"wp","href":"https:\/\/api.w.org\/{rel}","templated":true}]}}