{"id":25529,"date":"2024-07-11T10:39:29","date_gmt":"2024-07-11T08:39:29","guid":{"rendered":"https:\/\/cc-qrga.fr\/?page_id=25529"},"modified":"2024-07-11T14:23:51","modified_gmt":"2024-07-11T12:23:51","slug":"assainissement-collectif","status":"publish","type":"page","link":"https:\/\/cc-qrga.fr\/es\/assainissement-collectif\/","title":{"rendered":"Saneamiento colectivo"},"content":{"rendered":"<div data-elementor-type=\"wp-page\" data-elementor-id=\"25529\" class=\"elementor elementor-25529\" data-elementor-post-type=\"page\">\n\t\t\t\t<div class=\"has_eae_slider elementor-element elementor-element-32cb7a0 e-flex e-con-boxed e-con e-parent\" data-eae-slider=\"89680\" data-id=\"32cb7a0\" data-element_type=\"container\" data-e-type=\"container\">\n\t\t\t\t\t<div class=\"e-con-inner\">\n\t\t\t\t<div class=\"elementor-element elementor-element-909aead elementor-widget elementor-widget-heading\" data-id=\"909aead\" data-element_type=\"widget\" data-e-type=\"widget\" data-widget_type=\"heading.default\">\n\t\t\t\t<div class=\"elementor-widget-container\">\n\t\t\t\t\t<h1 class=\"elementor-heading-title elementor-size-default\">SANEAMIENTO<a style=\"color:#5EB8CE\">  COLECTIVO<\/h1>\t\t\t\t<\/div>\n\t\t\t\t<\/div>\n\t\t\t\t<div class=\"elementor-element elementor-element-e4eac48 elementor-widget-divider--view-line elementor-widget elementor-widget-divider\" data-id=\"e4eac48\" data-element_type=\"widget\" data-e-type=\"widget\" data-widget_type=\"divider.default\">\n\t\t\t\t<div class=\"elementor-widget-container\">\n\t\t\t\t\t\t\t<div class=\"elementor-divider\">\n\t\t\t<span class=\"elementor-divider-separator\">\n\t\t\t\t\t\t<\/span>\n\t\t<\/div>\n\t\t\t\t\t\t<\/div>\n\t\t\t\t<\/div>\n\t\t\t\t<div class=\"elementor-element elementor-element-7b49981 elementor-widget elementor-widget-text-editor\" data-id=\"7b49981\" data-element_type=\"widget\" data-e-type=\"widget\" data-widget_type=\"text-editor.default\">\n\t\t\t\t<div class=\"elementor-widget-container\">\n\t\t\t\t\t\t\t\t\t<p>Desde el 1 de enero de 2018, la communaut\u00e9 de communes se encarga del tratamiento de las aguas residuales en r\u00e9gimen de autogesti\u00f3n.<\/p><p>El objetivo de este departamento es garantizar el buen funcionamiento de la recogida y el tratamiento de las aguas residuales. Sus principales tareas son supervisar y mantener las plantas de tratamiento de aguas residuales, con vistas a preservar la calidad del agua.<\/p><p>La autoridad local cuenta con 14 depuradoras repartidas en 13 municipios<\/p>\t\t\t\t\t\t\t\t<\/div>\n\t\t\t\t<\/div>\n\t\t\t\t<div class=\"elementor-element elementor-element-42361b0 elementor-widget elementor-widget-heading\" data-id=\"42361b0\" data-element_type=\"widget\" data-e-type=\"widget\" data-widget_type=\"heading.default\">\n\t\t\t\t<div class=\"elementor-widget-container\">\n\t\t\t\t\t<h2 class=\"elementor-heading-title elementor-size-default\">\u00bfC\u00f3mo funciona el saneamiento colectivo?<\/h2>\t\t\t\t<\/div>\n\t\t\t\t<\/div>\n\t\t\t\t\t<\/div>\n\t\t\t\t<\/div>\n\t\t<div class=\"has_eae_slider elementor-element elementor-element-8f78b05 e-flex e-con-boxed e-con e-parent\" data-eae-slider=\"14043\" data-id=\"8f78b05\" data-element_type=\"container\" data-e-type=\"container\">\n\t\t\t\t\t<div class=\"e-con-inner\">\n\t\t<div class=\"has_eae_slider elementor-element elementor-element-2ce44fb e-con-full e-flex e-con e-child\" data-eae-slider=\"90758\" data-id=\"2ce44fb\" data-element_type=\"container\" data-e-type=\"container\">\n\t\t\t\t<div class=\"elementor-element elementor-element-866ded5 elementor-widget elementor-widget-heading\" data-id=\"866ded5\" data-element_type=\"widget\" data-e-type=\"widget\" data-widget_type=\"heading.default\">\n\t\t\t\t<div class=\"elementor-widget-container\">\n\t\t\t\t\t<h2 class=\"elementor-heading-title elementor-size-default\">Conexiones de aguas residuales<\/h2>\t\t\t\t<\/div>\n\t\t\t\t<\/div>\n\t\t\t\t<div class=\"elementor-element elementor-element-d370a34 elementor-widget elementor-widget-text-editor\" data-id=\"d370a34\" data-element_type=\"widget\" data-e-type=\"widget\" data-widget_type=\"text-editor.default\">\n\t\t\t\t<div class=\"elementor-widget-container\">\n\t\t\t\t\t\t\t\t\t<p>La conexi\u00f3n consiste en <strong>parte p\u00fablica<\/strong> que se extiende desde la red de alcantarillado hasta la arqueta o banqueta de conexi\u00f3n (situada generalmente en la acera o calzada) y un <strong>\u00e1rea privada<\/strong> que se extiende desde la caja de conexiones hasta la parte privada del edificio (WC, cocina, etc.).<\/p>\t\t\t\t\t\t\t\t<\/div>\n\t\t\t\t<\/div>\n\t\t\t\t<\/div>\n\t\t<div class=\"has_eae_slider elementor-element elementor-element-e483988 e-con-full e-flex e-con e-child\" data-eae-slider=\"34865\" data-id=\"e483988\" data-element_type=\"container\" data-e-type=\"container\">\n\t\t\t\t<div class=\"elementor-element elementor-element-9ee07a3 elementor-widget elementor-widget-heading\" data-id=\"9ee07a3\" data-element_type=\"widget\" data-e-type=\"widget\" data-widget_type=\"heading.default\">\n\t\t\t\t<div class=\"elementor-widget-container\">\n\t\t\t\t\t<h2 class=\"elementor-heading-title elementor-size-default\">Recogida de aguas residuales<\/h2>\t\t\t\t<\/div>\n\t\t\t\t<\/div>\n\t\t\t\t<div class=\"elementor-element elementor-element-4a46b0e elementor-widget elementor-widget-text-editor\" data-id=\"4a46b0e\" data-element_type=\"widget\" data-e-type=\"widget\" data-widget_type=\"text-editor.default\">\n\t\t\t\t<div class=\"elementor-widget-container\">\n\t\t\t\t\t\t\t\t\t<p>El alcantarillado colectivo es un conjunto de tuber\u00edas destinadas a conducir el agua, por gravedad (pendiente) o bombeo (estaciones de bombeo), hasta una estaci\u00f3n depuradora, que se encarga de devolver el agua depurada al medio natural.<\/p>\t\t\t\t\t\t\t\t<\/div>\n\t\t\t\t<\/div>\n\t\t\t\t<\/div>\n\t\t<div class=\"has_eae_slider elementor-element elementor-element-543dd13 e-con-full e-flex e-con e-child\" data-eae-slider=\"22751\" data-id=\"543dd13\" data-element_type=\"container\" data-e-type=\"container\">\n\t\t\t\t<div class=\"elementor-element elementor-element-a1b0d92 elementor-widget elementor-widget-heading\" data-id=\"a1b0d92\" data-element_type=\"widget\" data-e-type=\"widget\" data-widget_type=\"heading.default\">\n\t\t\t\t<div class=\"elementor-widget-container\">\n\t\t\t\t\t<h2 class=\"elementor-heading-title elementor-size-default\">Tratamiento de aguas residuales<\/h2>\t\t\t\t<\/div>\n\t\t\t\t<\/div>\n\t\t\t\t<div class=\"elementor-element elementor-element-d0f26a1 elementor-widget elementor-widget-text-editor\" data-id=\"d0f26a1\" data-element_type=\"widget\" data-e-type=\"widget\" data-widget_type=\"text-editor.default\">\n\t\t\t\t<div class=\"elementor-widget-container\">\n\t\t\t\t\t\t\t\t\t<p>En la zona de la CCQRGA hay 14 depuradoras que tratan las aguas residuales mediante diversos procesos: plantas de lodos activados, filtros de juncos, filtros de arena, etc.<\/p>\t\t\t\t\t\t\t\t<\/div>\n\t\t\t\t<\/div>\n\t\t\t\t<\/div>\n\t\t\t\t\t<\/div>\n\t\t\t\t<\/div>\n\t\t<div class=\"has_eae_slider elementor-element elementor-element-3ba9292 e-flex e-con-boxed e-con e-parent\" data-eae-slider=\"11918\" data-id=\"3ba9292\" data-element_type=\"container\" data-e-type=\"container\" data-settings=\"{&quot;background_background&quot;:&quot;classic&quot;}\">\n\t\t\t\t\t<div class=\"e-con-inner\">\n\t\t<div class=\"has_eae_slider elementor-element elementor-element-b3b4abb e-con-full e-flex e-con e-child\" data-eae-slider=\"33470\" data-id=\"b3b4abb\" data-element_type=\"container\" data-e-type=\"container\">\n\t\t\t\t<div class=\"elementor-element elementor-element-dae2dac elementor-widget elementor-widget-image\" data-id=\"dae2dac\" data-element_type=\"widget\" data-e-type=\"widget\" data-widget_type=\"image.default\">\n\t\t\t\t<div class=\"elementor-widget-container\">\n\t\t\t\t\t\t\t\t\t\t\t\t\t\t\t<img fetchpriority=\"high\" decoding=\"async\" width=\"768\" height=\"657\" src=\"https:\/\/cc-qrga.fr\/wp-content\/uploads\/2024\/07\/IMG_20210407_081338-768x1024-1-e1720690849906.jpg\" class=\"attachment-large size-large wp-image-25583\" alt=\"\" srcset=\"https:\/\/cc-qrga.fr\/wp-content\/uploads\/2024\/07\/IMG_20210407_081338-768x1024-1-e1720690849906.jpg 768w, https:\/\/cc-qrga.fr\/wp-content\/uploads\/2024\/07\/IMG_20210407_081338-768x1024-1-e1720690849906-300x257.jpg 300w\" sizes=\"(max-width: 768px) 100vw, 768px\" \/>\t\t\t\t\t\t\t\t\t\t\t\t\t\t\t<\/div>\n\t\t\t\t<\/div>\n\t\t\t\t<\/div>\n\t\t<div class=\"has_eae_slider elementor-element elementor-element-02b0b51 e-con-full e-flex e-con e-child\" data-eae-slider=\"952\" data-id=\"02b0b51\" data-element_type=\"container\" data-e-type=\"container\">\n\t\t\t\t<div class=\"elementor-element elementor-element-049a8f5 elementor-widget elementor-widget-heading\" data-id=\"049a8f5\" data-element_type=\"widget\" data-e-type=\"widget\" data-widget_type=\"heading.default\">\n\t\t\t\t<div class=\"elementor-widget-container\">\n\t\t\t\t\t<h1 class=\"elementor-heading-title elementor-size-default\">Comprobaci\u00f3n de la conformidad de la conexi\u00f3n al alcantarillado en caso de venta<\/h1>\t\t\t\t<\/div>\n\t\t\t\t<\/div>\n\t\t\t\t<div class=\"elementor-element elementor-element-a78495a elementor-widget elementor-widget-text-editor\" data-id=\"a78495a\" data-element_type=\"widget\" data-e-type=\"widget\" data-widget_type=\"text-editor.default\">\n\t\t\t\t<div class=\"elementor-widget-container\">\n\t\t\t\t\t\t\t\t\t<p>Se ha hecho obligatorio comprobar que el agua est\u00e1 correctamente conectada a la red p\u00fablica de alcantarillado cuando se vende una propiedad (decisi\u00f3n de 9 de julio de 2024: aplicable a partir del 1 de agosto de 2024). <strong>El coste de una inspecci\u00f3n de saneamiento en el marco de una venta asciende a 1,5 millones de euros.<\/strong> <strong>400\u20ac<\/strong>.<\/p>\t\t\t\t\t\t\t\t<\/div>\n\t\t\t\t<\/div>\n\t\t\t\t<\/div>\n\t\t\t\t\t<\/div>\n\t\t\t\t<\/div>\n\t\t<div class=\"has_eae_slider elementor-element elementor-element-5afbecd e-flex e-con-boxed e-con e-parent\" data-eae-slider=\"33417\" data-id=\"5afbecd\" data-element_type=\"container\" data-e-type=\"container\">\n\t\t\t\t\t<div class=\"e-con-inner\">\n\t\t\t\t<div class=\"elementor-element elementor-element-47089db elementor-widget elementor-widget-heading\" data-id=\"47089db\" data-element_type=\"widget\" data-e-type=\"widget\" data-widget_type=\"heading.default\">\n\t\t\t\t<div class=\"elementor-widget-container\">\n\t\t\t\t\t<h2 class=\"elementor-heading-title elementor-size-default\">Solicitud de conexi\u00f3n de saneamiento<\/h2>\t\t\t\t<\/div>\n\t\t\t\t<\/div>\n\t\t\t\t<div class=\"elementor-element elementor-element-4321a4b elementor-widget elementor-widget-text-editor\" data-id=\"4321a4b\" data-element_type=\"widget\" data-e-type=\"widget\" data-widget_type=\"text-editor.default\">\n\t\t\t\t<div class=\"elementor-widget-container\">\n\t\t\t\t\t\t\t\t\t<p>Para cualquier nueva conexi\u00f3n a la red p\u00fablica de alcantarillado (vivienda nueva o existente), debe enviarse una solicitud al departamento de alcantarillado de la Communaut\u00e9 de Communes. Esta solicitud puede enviarse por correo electr\u00f3nico a assainissement@cc-qrga.fr o por correo postal a :<\/p><p>CCQRGA - Servicios t\u00e9cnicos <br \/>Departamento de saneamiento <br \/>Lugar llamado P\u00e9tampes <br \/>82160 Caylus<\/p><p>Las nuevas conexiones est\u00e1n sujetas a un impuesto, el PFAC (Participation Financi\u00e8re \u00e0 l'Assainissement Collectif). Los tipos de este impuesto se fijaron en la decisi\u00f3n de 22 de noviembre de 2017.<\/p>\t\t\t\t\t\t\t\t<\/div>\n\t\t\t\t<\/div>\n\t\t\t\t<div class=\"elementor-element elementor-element-65cbd0b elementor-align-left elementor-widget elementor-widget-button\" data-id=\"65cbd0b\" data-element_type=\"widget\" data-e-type=\"widget\" data-widget_type=\"button.default\">\n\t\t\t\t<div class=\"elementor-widget-container\">\n\t\t\t\t\t\t\t\t\t<div class=\"elementor-button-wrapper\">\n\t\t\t\t\t<a class=\"elementor-button elementor-button-link elementor-size-sm elementor-animation-shrink\" href=\"https:\/\/cc-qrga.fr\/wp-content\/uploads\/2024\/07\/Deliberation-PFAC-Assainissement-CCQRGA.pdf\" target=\"_blank\">\n\t\t\t\t\t\t<span class=\"elementor-button-content-wrapper\">\n\t\t\t\t\t\t\t\t\t<span class=\"elementor-button-text\">Descargar la lista de precios del pfac<\/span>\n\t\t\t\t\t<\/span>\n\t\t\t\t\t<\/a>\n\t\t\t\t<\/div>\n\t\t\t\t\t\t\t\t<\/div>\n\t\t\t\t<\/div>\n\t\t\t\t\t<\/div>\n\t\t\t\t<\/div>\n\t\t<div class=\"has_eae_slider elementor-element elementor-element-e17e152 e-flex e-con-boxed e-con e-parent\" data-eae-slider=\"43250\" data-id=\"e17e152\" data-element_type=\"container\" data-e-type=\"container\">\n\t\t\t\t\t<div class=\"e-con-inner\">\n\t\t<div class=\"has_eae_slider elementor-element elementor-element-9c77e00 e-con-full e-flex e-con e-child\" data-eae-slider=\"37822\" data-id=\"9c77e00\" data-element_type=\"container\" data-e-type=\"container\" data-settings=\"{&quot;background_background&quot;:&quot;classic&quot;}\">\n\t\t\t\t<div class=\"elementor-element elementor-element-6b86e95 elementor-widget elementor-widget-text-editor\" data-id=\"6b86e95\" data-element_type=\"widget\" data-e-type=\"widget\" data-widget_type=\"text-editor.default\">\n\t\t\t\t<div class=\"elementor-widget-container\">\n\t\t\t\t\t\t\t\t\t<p>Su contacto de referencia<\/p><p><strong>Lucas TRENTY<\/strong><br \/>Jefe del departamento de saneamiento<br \/>Comunidad de Municipios QRGA<br \/>Tel\u00e9fono: 06 24 20 37 58<br \/>Correo electr\u00f3nico: assainissement@cc-qrga.fr<\/p>\t\t\t\t\t\t\t\t<\/div>\n\t\t\t\t<\/div>\n\t\t\t\t<\/div>\n\t\t<div class=\"has_eae_slider elementor-element elementor-element-79e4d40 e-con-full e-flex e-con e-child\" data-eae-slider=\"56202\" data-id=\"79e4d40\" data-element_type=\"container\" data-e-type=\"container\" data-settings=\"{&quot;background_background&quot;:&quot;classic&quot;}\">\n\t\t\t\t<div class=\"elementor-element elementor-element-508ef24 elementor-widget elementor-widget-text-editor\" data-id=\"508ef24\" data-element_type=\"widget\" data-e-type=\"widget\" data-widget_type=\"text-editor.default\">\n\t\t\t\t<div class=\"elementor-widget-container\">\n\t\t\t\t\t\t\t\t\t<p>Su contacto de referencia <strong>administrativo<\/strong><\/p><p><strong>Isabelle DALAT-JAMMES<\/strong><br \/>Director Administrativo, Departamento de Agua y Saneamiento<br \/>Comunidad de Municipios QRGA<br \/>Tel\u00e9fono: 05 63 65 75 42<br \/>Correo electr\u00f3nico: eaux.caylus@cc-qrga.fr<\/p>\t\t\t\t\t\t\t\t<\/div>\n\t\t\t\t<\/div>\n\t\t\t\t<\/div>\n\t\t<div class=\"has_eae_slider elementor-element elementor-element-644a3e3 e-con-full e-flex e-con e-child\" data-eae-slider=\"39177\" data-id=\"644a3e3\" data-element_type=\"container\" data-e-type=\"container\" data-settings=\"{&quot;background_background&quot;:&quot;classic&quot;}\">\n\t\t\t\t<div class=\"elementor-element elementor-element-cb3f314 elementor-widget elementor-widget-text-editor\" data-id=\"cb3f314\" data-element_type=\"widget\" data-e-type=\"widget\" data-widget_type=\"text-editor.default\">\n\t\t\t\t<div class=\"elementor-widget-container\">\n\t\t\t\t\t\t\t\t\t<p>Servicio de guardia los fines de semana y d\u00edas festivos<\/p><p>P\u00f3ngase en contacto con nosotros en el 06 24 20 37 58<\/p>\t\t\t\t\t\t\t\t<\/div>\n\t\t\t\t<\/div>\n\t\t\t\t<\/div>\n\t\t\t\t\t<\/div>\n\t\t\t\t<\/div>\n\t\t\t\t<\/div>","protected":false},"excerpt":{"rendered":"<p>ASSAINISSEMENT COLLECTIF La communaut\u00e9 de communes assure la comp\u00e9tence assainissement, en r\u00e9gie, depuis le 1er janvier 2018. Ce service a pour objectif d\u2019assurer le bon fonctionnement de la collecte et du traitement des eaux us\u00e9es. Il a pour principales missions de surveiller et d\u2019entretenir les stations d\u2019\u00e9puration qui assurent le traitement des eaux us\u00e9es dans [&hellip;]<\/p>","protected":false},"author":22,"featured_media":0,"parent":0,"menu_order":0,"comment_status":"closed","ping_status":"closed","template":"","meta":{"footnotes":""},"class_list":["post-25529","page","type-page","status-publish","hentry"],"yoast_head":"<!-- This site is optimized with the Yoast SEO plugin v27.3 - https:\/\/yoast.com\/product\/yoast-seo-wordpress\/ -->\n<title>Assainissement collectif - Communaut\u00e9 de communes du Quercy Rouergue et des Gorges de l&#039;Aveyron<\/title>\n<meta name=\"robots\" content=\"index, follow, max-snippet:-1, max-image-preview:large, max-video-preview:-1\" \/>\n<link rel=\"canonical\" href=\"https:\/\/cc-qrga.fr\/es\/assainissement-collectif\/\" \/>\n<meta property=\"og:locale\" content=\"es_ES\" \/>\n<meta property=\"og:type\" content=\"article\" \/>\n<meta property=\"og:title\" content=\"Assainissement collectif - Communaut\u00e9 de communes du Quercy Rouergue et des Gorges de l&#039;Aveyron\" \/>\n<meta property=\"og:description\" content=\"ASSAINISSEMENT COLLECTIF La communaut\u00e9 de communes assure la comp\u00e9tence assainissement, en r\u00e9gie, depuis le 1er janvier 2018. Ce service a pour objectif d\u2019assurer le bon fonctionnement de la collecte et du traitement des eaux us\u00e9es. Il a pour principales missions de surveiller et d\u2019entretenir les stations d\u2019\u00e9puration qui assurent le traitement des eaux us\u00e9es dans [&hellip;]\" \/>\n<meta property=\"og:url\" content=\"https:\/\/cc-qrga.fr\/es\/assainissement-collectif\/\" \/>\n<meta property=\"og:site_name\" content=\"Communaut\u00e9 de communes du Quercy Rouergue et des Gorges de l&#039;Aveyron\" \/>\n<meta property=\"article:modified_time\" content=\"2024-07-11T12:23:51+00:00\" \/>\n<meta property=\"og:image\" content=\"https:\/\/cc-qrga.fr\/wp-content\/uploads\/2024\/07\/IMG_20210407_081338-768x1024-1-e1720690849906.jpg\" \/>\n<meta name=\"twitter:card\" content=\"summary_large_image\" \/>\n<meta name=\"twitter:label1\" content=\"Tiempo de lectura\" \/>\n\t<meta name=\"twitter:data1\" content=\"3 minutos\" \/>\n<script type=\"application\/ld+json\" class=\"yoast-schema-graph\">{\"@context\":\"https:\\\/\\\/schema.org\",\"@graph\":[{\"@type\":\"WebPage\",\"@id\":\"https:\\\/\\\/cc-qrga.fr\\\/assainissement-collectif\\\/\",\"url\":\"https:\\\/\\\/cc-qrga.fr\\\/assainissement-collectif\\\/\",\"name\":\"Assainissement collectif - Communaut\u00e9 de communes du Quercy Rouergue et des Gorges de l&#039;Aveyron\",\"isPartOf\":{\"@id\":\"https:\\\/\\\/cc-qrga.fr\\\/#website\"},\"primaryImageOfPage\":{\"@id\":\"https:\\\/\\\/cc-qrga.fr\\\/assainissement-collectif\\\/#primaryimage\"},\"image\":{\"@id\":\"https:\\\/\\\/cc-qrga.fr\\\/assainissement-collectif\\\/#primaryimage\"},\"thumbnailUrl\":\"https:\\\/\\\/cc-qrga.fr\\\/wp-content\\\/uploads\\\/2024\\\/07\\\/IMG_20210407_081338-768x1024-1-e1720690849906.jpg\",\"datePublished\":\"2024-07-11T08:39:29+00:00\",\"dateModified\":\"2024-07-11T12:23:51+00:00\",\"breadcrumb\":{\"@id\":\"https:\\\/\\\/cc-qrga.fr\\\/assainissement-collectif\\\/#breadcrumb\"},\"inLanguage\":\"es\",\"potentialAction\":[{\"@type\":\"ReadAction\",\"target\":[\"https:\\\/\\\/cc-qrga.fr\\\/assainissement-collectif\\\/\"]}]},{\"@type\":\"ImageObject\",\"inLanguage\":\"es\",\"@id\":\"https:\\\/\\\/cc-qrga.fr\\\/assainissement-collectif\\\/#primaryimage\",\"url\":\"https:\\\/\\\/cc-qrga.fr\\\/wp-content\\\/uploads\\\/2024\\\/07\\\/IMG_20210407_081338-768x1024-1-e1720690849906.jpg\",\"contentUrl\":\"https:\\\/\\\/cc-qrga.fr\\\/wp-content\\\/uploads\\\/2024\\\/07\\\/IMG_20210407_081338-768x1024-1-e1720690849906.jpg\"},{\"@type\":\"BreadcrumbList\",\"@id\":\"https:\\\/\\\/cc-qrga.fr\\\/assainissement-collectif\\\/#breadcrumb\",\"itemListElement\":[{\"@type\":\"ListItem\",\"position\":1,\"name\":\"Accueil\",\"item\":\"https:\\\/\\\/cc-qrga.fr\\\/\"},{\"@type\":\"ListItem\",\"position\":2,\"name\":\"Assainissement collectif\"}]},{\"@type\":\"WebSite\",\"@id\":\"https:\\\/\\\/cc-qrga.fr\\\/#website\",\"url\":\"https:\\\/\\\/cc-qrga.fr\\\/\",\"name\":\"Communaut\u00e9 de communes du Quercy Rouergue et des Gorges de l&#039;Aveyron\",\"description\":\"qrga\",\"potentialAction\":[{\"@type\":\"SearchAction\",\"target\":{\"@type\":\"EntryPoint\",\"urlTemplate\":\"https:\\\/\\\/cc-qrga.fr\\\/?s={search_term_string}\"},\"query-input\":{\"@type\":\"PropertyValueSpecification\",\"valueRequired\":true,\"valueName\":\"search_term_string\"}}],\"inLanguage\":\"es\"}]}<\/script>\n<!-- \/ Yoast SEO plugin. -->","yoast_head_json":{"title":"Assainissement collectif - Communaut\u00e9 de communes du Quercy Rouergue et des Gorges de l&#039;Aveyron","robots":{"index":"index","follow":"follow","max-snippet":"max-snippet:-1","max-image-preview":"max-image-preview:large","max-video-preview":"max-video-preview:-1"},"canonical":"https:\/\/cc-qrga.fr\/es\/assainissement-collectif\/","og_locale":"es_ES","og_type":"article","og_title":"Assainissement collectif - Communaut\u00e9 de communes du Quercy Rouergue et des Gorges de l&#039;Aveyron","og_description":"ASSAINISSEMENT COLLECTIF La communaut\u00e9 de communes assure la comp\u00e9tence assainissement, en r\u00e9gie, depuis le 1er janvier 2018. Ce service a pour objectif d\u2019assurer le bon fonctionnement de la collecte et du traitement des eaux us\u00e9es. Il a pour principales missions de surveiller et d\u2019entretenir les stations d\u2019\u00e9puration qui assurent le traitement des eaux us\u00e9es dans [&hellip;]","og_url":"https:\/\/cc-qrga.fr\/es\/assainissement-collectif\/","og_site_name":"Communaut\u00e9 de communes du Quercy Rouergue et des Gorges de l&#039;Aveyron","article_modified_time":"2024-07-11T12:23:51+00:00","og_image":[{"url":"https:\/\/cc-qrga.fr\/wp-content\/uploads\/2024\/07\/IMG_20210407_081338-768x1024-1-e1720690849906.jpg","type":"","width":"","height":""}],"twitter_card":"summary_large_image","twitter_misc":{"Tiempo de lectura":"3 minutos"},"schema":{"@context":"https:\/\/schema.org","@graph":[{"@type":"WebPage","@id":"https:\/\/cc-qrga.fr\/assainissement-collectif\/","url":"https:\/\/cc-qrga.fr\/assainissement-collectif\/","name":"Assainissement collectif - Communaut\u00e9 de communes du Quercy Rouergue et des Gorges de l&#039;Aveyron","isPartOf":{"@id":"https:\/\/cc-qrga.fr\/#website"},"primaryImageOfPage":{"@id":"https:\/\/cc-qrga.fr\/assainissement-collectif\/#primaryimage"},"image":{"@id":"https:\/\/cc-qrga.fr\/assainissement-collectif\/#primaryimage"},"thumbnailUrl":"https:\/\/cc-qrga.fr\/wp-content\/uploads\/2024\/07\/IMG_20210407_081338-768x1024-1-e1720690849906.jpg","datePublished":"2024-07-11T08:39:29+00:00","dateModified":"2024-07-11T12:23:51+00:00","breadcrumb":{"@id":"https:\/\/cc-qrga.fr\/assainissement-collectif\/#breadcrumb"},"inLanguage":"es","potentialAction":[{"@type":"ReadAction","target":["https:\/\/cc-qrga.fr\/assainissement-collectif\/"]}]},{"@type":"ImageObject","inLanguage":"es","@id":"https:\/\/cc-qrga.fr\/assainissement-collectif\/#primaryimage","url":"https:\/\/cc-qrga.fr\/wp-content\/uploads\/2024\/07\/IMG_20210407_081338-768x1024-1-e1720690849906.jpg","contentUrl":"https:\/\/cc-qrga.fr\/wp-content\/uploads\/2024\/07\/IMG_20210407_081338-768x1024-1-e1720690849906.jpg"},{"@type":"BreadcrumbList","@id":"https:\/\/cc-qrga.fr\/assainissement-collectif\/#breadcrumb","itemListElement":[{"@type":"ListItem","position":1,"name":"Accueil","item":"https:\/\/cc-qrga.fr\/"},{"@type":"ListItem","position":2,"name":"Assainissement collectif"}]},{"@type":"WebSite","@id":"https:\/\/cc-qrga.fr\/#website","url":"https:\/\/cc-qrga.fr\/","name":"Mancomunidad de municipios de Quercy Rouergue y Gargantas del Aveyron","description":"qrga","potentialAction":[{"@type":"SearchAction","target":{"@type":"EntryPoint","urlTemplate":"https:\/\/cc-qrga.fr\/?s={search_term_string}"},"query-input":{"@type":"PropertyValueSpecification","valueRequired":true,"valueName":"search_term_string"}}],"inLanguage":"es"}]}},"_links":{"self":[{"href":"https:\/\/cc-qrga.fr\/es\/wp-json\/wp\/v2\/pages\/25529","targetHints":{"allow":["GET"]}}],"collection":[{"href":"https:\/\/cc-qrga.fr\/es\/wp-json\/wp\/v2\/pages"}],"about":[{"href":"https:\/\/cc-qrga.fr\/es\/wp-json\/wp\/v2\/types\/page"}],"author":[{"embeddable":true,"href":"https:\/\/cc-qrga.fr\/es\/wp-json\/wp\/v2\/users\/22"}],"replies":[{"embeddable":true,"href":"https:\/\/cc-qrga.fr\/es\/wp-json\/wp\/v2\/comments?post=25529"}],"version-history":[{"count":0,"href":"https:\/\/cc-qrga.fr\/es\/wp-json\/wp\/v2\/pages\/25529\/revisions"}],"wp:attachment":[{"href":"https:\/\/cc-qrga.fr\/es\/wp-json\/wp\/v2\/media?parent=25529"}],"curies":[{"name":"wp","href":"https:\/\/api.w.org\/{rel}","templated":true}]}}