{"id":28676,"date":"2025-06-23T12:25:10","date_gmt":"2025-06-23T10:25:10","guid":{"rendered":"https:\/\/cc-qrga.fr\/?page_id=28676"},"modified":"2025-06-23T14:24:25","modified_gmt":"2025-06-23T12:24:25","slug":"demarches-administratives","status":"publish","type":"page","link":"https:\/\/cc-qrga.fr\/es\/demarches-administratives\/","title":{"rendered":"D\u00e9marches administratives"},"content":{"rendered":"<figure class=\"wp-block-table\"><table class=\"has-fixed-layout\"><tbody><tr><td><strong>Quels Services propos\u00e9s\u202f?<\/strong>&nbsp;\u202f&nbsp;<\/td><td><strong>Pour qui\u202f?<\/strong>&nbsp;<\/td><td><strong>A qui\u00e9n dirigirse<\/strong>&nbsp;<strong>et comment\u202f?<\/strong>&nbsp;\u202f&nbsp;<\/td><td><strong>Ubicaciones<\/strong>&nbsp;<strong>D\u00edas de apertura<\/strong>&nbsp;<\/td><\/tr><tr><td><strong>Inscription et<\/strong>&nbsp;<strong>actualisation aupr\u00e8s de<\/strong>&nbsp;<strong>France Travail<\/strong>&nbsp;&nbsp;<\/td><td>P\u00fablico en general&nbsp;<\/td><td>Comunidades de municipios QRGA&nbsp;&nbsp;&nbsp;<strong>Francia servicios<\/strong>&nbsp;<\/td><td>Saint Antonin\u202f&nbsp;23 place de la Mairie\u202f&nbsp;(2\u00e8me \u00e9tage)&nbsp;Du lundi au vendredi&nbsp;&nbsp;Caylus\u202f&nbsp;8 rue du Long&nbsp;Du lundi au vendredi\u202f&nbsp;\u202f&nbsp;&nbsp;Mairie de Parisot\u202f&nbsp;2 place Lavoir&nbsp;Le lundi&nbsp;&nbsp;&nbsp;M\u00e9diath\u00e8que de Varen\u202f&nbsp;12 place de la Fontaine&nbsp;Le\u202fmardi&nbsp;<\/td><\/tr><tr><td><strong>Accompagnement socio-<\/strong>\u00a0<strong>professionnel avec un<\/strong>\u00a0<strong>suivi personnalis\u00e9<\/strong> pour\u00a0les d\u00e9marches :\u00a0<br>-de recherche d\u2019emploi\u00a0<br>-de formation\u00a0<br>-de reconversion\u00a0<br>-d&rsquo;insertion\u00a0<\/td><td>&nbsp;Demandeurs d\u2019emploi&nbsp;&nbsp;B\u00e9n\u00e9ficiaires du RSA&nbsp;<\/td><td><strong>EREF<\/strong>&nbsp;Espace Rural&nbsp;Emploi Formation&nbsp;&nbsp;Sur RDV&nbsp;&nbsp;<strong>06.44.98.44.99<\/strong>&nbsp;<\/td><td>Rdc de la Mairie de Saint Antonin&nbsp;<\/td><\/tr><tr><td><strong>&#8211; Information sur les<\/strong>\u00a0<strong>secteurs et les m\u00e9tiers<\/strong>\u00a0en proposant des visites\u00a0en entreprise, des stages\u00a0d\u00e9couverte des m\u00e9tiers,\u00a0etc.\u00a0\u00a0<br> &#8211; Accompagnement\u00a0individuel dans les\u00a0d\u00e9marches de\u00a0<strong>recherche d\u2019emploi et<\/strong>\u00a0<strong>d\u2019orientation professionnelle<\/strong>\u00a0\u00a0\u00a0<br><strong>&#8211; Information sur l&rsquo;offre<\/strong>\u00a0<strong>de formation <\/strong>et\u00a0prescription sur des actions\u00a0de formation\u00a0\u00a0<strong>&#8211; Ateliers de pr\u00e9paration \u00e0<\/strong>\u00a0<strong>l&#8217;emploi, conventions de<\/strong>\u00a0<strong>stage en entreprise<\/strong>\u00a0\u00a0<br><strong>&#8211; Accompagnement dans<\/strong>\u00a0<strong>l\u2019emploi :<\/strong>\u00a0. suivi dans la phase\u00a0d\u2019int\u00e9gration sur le poste de travail\u00a0. bilans r\u00e9guliers dans l\u2019entreprise\u00a0\u00a0. m\u00e9diation si n\u00e9cessaire\u00a0\u00a0\u00a0<strong>&#8211; Accompagnement dans le cadre des dispositifs sp\u00e9cifiques<\/strong> (parrainage, 100 chances 100 emplois)\u00a0<\/td><td>16-25 ans, sortis du syst\u00e8me scolaire&nbsp;&nbsp;<\/td><td><strong>Mission Locale<\/strong>&nbsp;Prendre RDV<strong> <\/strong>en<strong>\u202f05.31.78.00.00\u202f<\/strong>&nbsp;(taper choix 3).&nbsp;&nbsp;&nbsp;<\/td><td>Antenne France services de Saint Antonin\u202f&nbsp;23 place de la Mairie\u202f&nbsp;(2\u00e8me \u00e9tage)&nbsp;&nbsp;2 demi-journ\u00e9es par semaine&nbsp;&nbsp;&nbsp;<\/td><\/tr><tr><td><strong>&#8211; CDDI, Contrat \u00e0 Dur\u00e9e<\/strong>\u00a0<strong>D\u00e9termin\u00e9e d\u2019Insertion,<\/strong>\u00a0support au contrat :\u00a0mara\u00eechage en bio\u00a0\u00a0<br><strong>-Accompagnement des<\/strong>\u00a0<strong>salari\u00e9s en CDDI dans<\/strong>\u00a0<strong>leur insertion<\/strong>\u00a0<strong>professionnelle :<\/strong>\u00a0\u00a0. D\u00e9finition d&rsquo;un projet\u00a0(repositionnement\u00a0professionnel,\u00a0salariat\/ind\u00e9pendant&#8230;)\u00a0. Recherche de pistes\u00a0d&#8217;emploi\u00a0. Recherche de pistes de\u00a0formation\u00a0. Immersions en entreprise\u00a0<\/td><td>-Demandeurs d\u2019emploi longue dur\u00e9e <br>(plus d\u2019un an)\u00a0\u00a0<br>-B\u00e9n\u00e9ficiaires du RSA\u00a0\u00a0-Allocataires en fin de droits\u00a0\u00a0-Personnes sans ressource\u00a0\u00a0<\/td><td><strong>Jardins des Gorges de l\u2019Aveyron<\/strong>&nbsp;&nbsp;Sur RDV\u202f&nbsp;<strong>07.86.75.42.61\u202f<\/strong>o <strong>05.63.30.94.37\u202f<\/strong>&nbsp;&nbsp;&nbsp;<\/td><td>&nbsp;Ferm\u00e9 le mercredi&nbsp;&nbsp;580 route de Mexos&nbsp;Feneyrols&nbsp;&nbsp;\u202f&nbsp;&nbsp;&nbsp;&nbsp;&nbsp;<\/td><\/tr><tr><td>Accompagnement \u00e0 la&nbsp;recherche d&#8217;emploi et de&nbsp;formation, dans le&nbsp;domaine agricole&nbsp;&nbsp;&nbsp;<\/td><td>Personnel agricole&nbsp;&nbsp;<\/td><td><strong>ANEFA<\/strong>&nbsp;Association Nationale paritaire pour l\u2019Emploi et la Formation en Agriculture&nbsp;\u202f&nbsp;<a href=\"http:\/\/Anefa82@anefa.org\/\" target=\"_blank\" rel=\"noreferrer noopener\">Anefa82@anefa.org<\/a>&nbsp;\u202f&nbsp;<strong>06.16.05.44.25<\/strong>&nbsp;&nbsp;<\/td><td>&nbsp;<\/td><\/tr><tr><td>&#8211; Informations sur les\u00a0m\u00e9tiers de la Fonction\u00a0publique territoriale\u00a0\u00a0<br>&#8211; Publication d&rsquo;offres\u00a0d\u2019emploi de la Fonction\u00a0publique territoriale\u00a0\u00a0\u00a0<\/td><td>P\u00fablico en general&nbsp;&nbsp;<\/td><td><strong>CDG 82<\/strong>&nbsp;Centre de Gestion de la fonction Publique Territoriale&nbsp;\u202f&nbsp;<a href=\"https:\/\/www.cdg82.fr\/\" target=\"_blank\" rel=\"noreferrer noopener\">Centre de Gestion de la FPT du Tarn-et-Garonne &#8211; CDG82<\/a>&nbsp;\u202f&nbsp;&nbsp;<\/td><td>&nbsp;<\/td><\/tr><tr><td>Catalogue des formations\u202f: tous secteurs, tous m\u00e9tiers, tous niveaux,en Occitanie&nbsp;<\/td><td>P\u00fablico en general&nbsp;<\/td><td><strong>Regi\u00f3n de Occitania<\/strong>&nbsp;www.meformerenregion.fr\/recherche&nbsp;<\/td><td>&nbsp;<\/td><\/tr><\/tbody><\/table><\/figure>\n\n\n\n<h1 class=\"wp-block-heading\"><strong>Emploi &#8211; Formation<\/strong><\/h1>\n\n\n\n<h1 class=\"wp-block-heading\"><\/h1>\n\n\n\n<figure class=\"wp-block-table\"><table class=\"has-fixed-layout\"><tbody><tr><td><strong>Quels services propos\u00e9s ?<\/strong>&nbsp;<\/td><td><strong><\/strong>&nbsp;<strong>\u00bfA qui\u00e9n va dirigido?<\/strong>&nbsp;<\/td><td><strong>A qui s\u2019adresser et comment ?<\/strong>&nbsp;<\/td><td><strong>Lieux Jours<\/strong>&nbsp;<strong>d\u2019ouverture<\/strong>&nbsp;<\/td><\/tr><tr><td>&nbsp;<\/td><td>&nbsp;<\/td><td><strong>Communaut\u00e9s de<\/strong>&nbsp;<\/td><td rowspan=\"16\">Saint Antonin 23 place de la Mairie&nbsp;(2\u00e8me \u00e9tage) Du lundi au vendredi&nbsp;Caylus&nbsp;8 rue du Long Du lundi au vendredi&nbsp;<strong><\/strong>&nbsp;Mairie de Parisot&nbsp;2 place Lavoir Le lundi&nbsp;<strong><\/strong>&nbsp;M\u00e9diath\u00e8que de Varen&nbsp;12 place de la Fontaine Le mardi&nbsp;<\/td><\/tr><tr><td>&nbsp;<\/td><td>&nbsp;<\/td><td><strong>Communes QRGA<\/strong>&nbsp;<\/td><\/tr><tr><td>&nbsp;<\/td><td>&nbsp;<\/td><td><strong>Francia servicios <\/strong>de Saint&nbsp;<\/td><\/tr><tr><td>&nbsp;<\/td><td>&nbsp;<\/td><td>Antonin&nbsp;<\/td><\/tr><tr><td>&nbsp;<\/td><td>&nbsp;<\/td><td><strong>05.63.25.00.31<\/strong>&nbsp;<\/td><\/tr><tr><td>&nbsp;<\/td><td>&nbsp;<\/td><td>Con cita previa&nbsp;<\/td><\/tr><tr><td>&nbsp;<\/td><td>&nbsp;<\/td><td><strong>Francia servicios <\/strong>de&nbsp;<\/td><\/tr><tr><td>&nbsp;<\/td><td>&nbsp;<\/td><td>Caylus&nbsp;<\/td><\/tr><tr><td><strong>Inscription et actualisation aupr\u00e8s de France Travail<\/strong>&nbsp;<\/td><td><strong><\/strong>&nbsp;P\u00fablico en general&nbsp;<\/td><td><strong>05.63.24.50.41<\/strong>&nbsp;Con cita previa&nbsp;<strong><\/strong>&nbsp;<strong>Francia servicios <\/strong>de&nbsp;<\/td><\/tr><tr><td>&nbsp;<\/td><td>&nbsp;<\/td><td>Parisot&nbsp;<\/td><\/tr><tr><td>&nbsp;<\/td><td>&nbsp;<\/td><td><strong>05.63.25.00.31<\/strong>&nbsp;<\/td><\/tr><tr><td>&nbsp;<\/td><td>&nbsp;<\/td><td>Con cita previa&nbsp;<\/td><\/tr><tr><td>&nbsp;<\/td><td>&nbsp;<\/td><td><strong>Francia servicios <\/strong>de&nbsp;<\/td><\/tr><tr><td>&nbsp;<\/td><td>&nbsp;<\/td><td>Varen&nbsp;<\/td><\/tr><tr><td>&nbsp;<\/td><td>&nbsp;<\/td><td><strong>05.63.24.50.41<\/strong>&nbsp;<\/td><\/tr><tr><td>&nbsp;<\/td><td>&nbsp;<\/td><td>Con cita previa&nbsp;<\/td><\/tr><tr><td><strong>Accompagnement socio- professionnel avec un suivi personnalis\u00e9 <\/strong>pour les d\u00e9marches :&nbsp;-de recherche d\u2019emploi&nbsp;-de formation&nbsp;-de reconversion&nbsp;-d&rsquo;insertion&nbsp;<\/td><td><strong><\/strong>&nbsp;<strong><\/strong>&nbsp;Demandeurs d\u2019emploi&nbsp;B\u00e9n\u00e9ficiaires du RSA&nbsp;<\/td><td><strong>EREF<\/strong>&nbsp;Espace Rural Emploi Formation&nbsp;<strong><\/strong>&nbsp;Con cita previa&nbsp;<strong>06.44.98.44.99<\/strong>&nbsp;<\/td><td><strong><\/strong>&nbsp;<strong><\/strong>&nbsp;Rdc de la Mairie de Saint Antonin&nbsp;<\/td><\/tr><tr><td><strong>Information sur les secteurs et les m\u00e9tiers <\/strong>en proposant des visites en entreprise, des stages d\u00e9couverte des m\u00e9tiers, etc.&nbsp;<strong><\/strong>&nbsp;Accompagnement individuel dans les d\u00e9marches de <strong>recherche d\u2019emploi et d\u2019orientation<\/strong>&nbsp;<\/td><td><strong><\/strong>&nbsp;<strong><\/strong>&nbsp;<strong><\/strong>&nbsp;16-25 ans, sortis du syst\u00e8me scolaire&nbsp;<\/td><td><strong><\/strong>&nbsp;<strong><\/strong>&nbsp;<strong><\/strong>&nbsp;<strong>Mission Locale<\/strong>&nbsp;Prendre RDV au <strong>05.31.78.00.00<\/strong>&nbsp;(taper choix 3).&nbsp;<\/td><td>Antenne France services de Saint Antonin 23 place de la Mairie&nbsp;(2\u00e8me \u00e9tage)&nbsp;<strong><\/strong>&nbsp;2 demi- journ\u00e9es par semaine&nbsp;<\/td><\/tr><\/tbody><\/table><\/figure>","protected":false},"excerpt":{"rendered":"<p>Quels Services propos\u00e9s\u202f?&nbsp;\u202f&nbsp; Pour qui\u202f?&nbsp; A qui s\u2019adresser&nbsp;et comment\u202f?&nbsp;\u202f&nbsp; Lieux&nbsp;Jours d\u2019ouverture&nbsp; Inscription et&nbsp;actualisation aupr\u00e8s de&nbsp;France Travail&nbsp;&nbsp; Tout public&nbsp; Communaut\u00e9s de Communes QRGA&nbsp;&nbsp;&nbsp;France services&nbsp; Saint Antonin\u202f&nbsp;23 place de la Mairie\u202f&nbsp;(2\u00e8me \u00e9tage)&nbsp;Du lundi au vendredi&nbsp;&nbsp;Caylus\u202f&nbsp;8 rue du Long&nbsp;Du lundi au vendredi\u202f&nbsp;\u202f&nbsp;&nbsp;Mairie de Parisot\u202f&nbsp;2 place Lavoir&nbsp;Le lundi&nbsp;&nbsp;&nbsp;M\u00e9diath\u00e8que de Varen\u202f&nbsp;12 place de la Fontaine&nbsp;Le\u202fmardi&nbsp; Accompagnement socio-\u00a0professionnel avec un\u00a0suivi personnalis\u00e9 [&hellip;]<\/p>","protected":false},"author":11,"featured_media":0,"parent":0,"menu_order":0,"comment_status":"closed","ping_status":"closed","template":"","meta":{"footnotes":""},"class_list":["post-28676","page","type-page","status-publish","hentry"],"yoast_head":"<!-- This site is optimized with the Yoast SEO plugin v27.4 - https:\/\/yoast.com\/product\/yoast-seo-wordpress\/ -->\n<title>D\u00e9marches administratives - Communaut\u00e9 de communes du Quercy Rouergue et des Gorges de l&#039;Aveyron<\/title>\n<meta name=\"robots\" content=\"index, follow, max-snippet:-1, max-image-preview:large, max-video-preview:-1\" \/>\n<link rel=\"canonical\" href=\"https:\/\/cc-qrga.fr\/es\/demarches-administratives\/\" \/>\n<meta property=\"og:locale\" content=\"es_ES\" \/>\n<meta property=\"og:type\" content=\"article\" \/>\n<meta property=\"og:title\" content=\"D\u00e9marches administratives - Communaut\u00e9 de communes du Quercy Rouergue et des Gorges de l&#039;Aveyron\" \/>\n<meta property=\"og:description\" content=\"Quels Services propos\u00e9s\u202f?&nbsp;\u202f&nbsp; Pour qui\u202f?&nbsp; A qui s\u2019adresser&nbsp;et comment\u202f?&nbsp;\u202f&nbsp; Lieux&nbsp;Jours d\u2019ouverture&nbsp; Inscription et&nbsp;actualisation aupr\u00e8s de&nbsp;France Travail&nbsp;&nbsp; Tout public&nbsp; Communaut\u00e9s de Communes QRGA&nbsp;&nbsp;&nbsp;France services&nbsp; Saint Antonin\u202f&nbsp;23 place de la Mairie\u202f&nbsp;(2\u00e8me \u00e9tage)&nbsp;Du lundi au vendredi&nbsp;&nbsp;Caylus\u202f&nbsp;8 rue du Long&nbsp;Du lundi au vendredi\u202f&nbsp;\u202f&nbsp;&nbsp;Mairie de Parisot\u202f&nbsp;2 place Lavoir&nbsp;Le lundi&nbsp;&nbsp;&nbsp;M\u00e9diath\u00e8que de Varen\u202f&nbsp;12 place de la Fontaine&nbsp;Le\u202fmardi&nbsp; Accompagnement socio-\u00a0professionnel avec un\u00a0suivi personnalis\u00e9 [&hellip;]\" \/>\n<meta property=\"og:url\" content=\"https:\/\/cc-qrga.fr\/es\/demarches-administratives\/\" \/>\n<meta property=\"og:site_name\" content=\"Communaut\u00e9 de communes du Quercy Rouergue et des Gorges de l&#039;Aveyron\" \/>\n<meta property=\"article:modified_time\" content=\"2025-06-23T12:24:25+00:00\" \/>\n<meta name=\"twitter:card\" content=\"summary_large_image\" \/>\n<meta name=\"twitter:label1\" content=\"Tiempo de lectura\" \/>\n\t<meta name=\"twitter:data1\" content=\"3 minutos\" \/>\n<script type=\"application\/ld+json\" class=\"yoast-schema-graph\">{\"@context\":\"https:\\\/\\\/schema.org\",\"@graph\":[{\"@type\":\"WebPage\",\"@id\":\"https:\\\/\\\/cc-qrga.fr\\\/demarches-administratives\\\/\",\"url\":\"https:\\\/\\\/cc-qrga.fr\\\/demarches-administratives\\\/\",\"name\":\"D\u00e9marches administratives - Communaut\u00e9 de communes du Quercy Rouergue et des Gorges de l&#039;Aveyron\",\"isPartOf\":{\"@id\":\"https:\\\/\\\/cc-qrga.fr\\\/#website\"},\"datePublished\":\"2025-06-23T10:25:10+00:00\",\"dateModified\":\"2025-06-23T12:24:25+00:00\",\"breadcrumb\":{\"@id\":\"https:\\\/\\\/cc-qrga.fr\\\/demarches-administratives\\\/#breadcrumb\"},\"inLanguage\":\"es\",\"potentialAction\":[{\"@type\":\"ReadAction\",\"target\":[\"https:\\\/\\\/cc-qrga.fr\\\/demarches-administratives\\\/\"]}]},{\"@type\":\"BreadcrumbList\",\"@id\":\"https:\\\/\\\/cc-qrga.fr\\\/demarches-administratives\\\/#breadcrumb\",\"itemListElement\":[{\"@type\":\"ListItem\",\"position\":1,\"name\":\"Accueil\",\"item\":\"https:\\\/\\\/cc-qrga.fr\\\/\"},{\"@type\":\"ListItem\",\"position\":2,\"name\":\"D\u00e9marches administratives\"}]},{\"@type\":\"WebSite\",\"@id\":\"https:\\\/\\\/cc-qrga.fr\\\/#website\",\"url\":\"https:\\\/\\\/cc-qrga.fr\\\/\",\"name\":\"Communaut\u00e9 de communes du Quercy Rouergue et des Gorges de l&#039;Aveyron\",\"description\":\"qrga\",\"potentialAction\":[{\"@type\":\"SearchAction\",\"target\":{\"@type\":\"EntryPoint\",\"urlTemplate\":\"https:\\\/\\\/cc-qrga.fr\\\/?s={search_term_string}\"},\"query-input\":{\"@type\":\"PropertyValueSpecification\",\"valueRequired\":true,\"valueName\":\"search_term_string\"}}],\"inLanguage\":\"es\"}]}<\/script>\n<!-- \/ Yoast SEO plugin. -->","yoast_head_json":{"title":"D\u00e9marches administratives - Communaut\u00e9 de communes du Quercy Rouergue et des Gorges de l&#039;Aveyron","robots":{"index":"index","follow":"follow","max-snippet":"max-snippet:-1","max-image-preview":"max-image-preview:large","max-video-preview":"max-video-preview:-1"},"canonical":"https:\/\/cc-qrga.fr\/es\/demarches-administratives\/","og_locale":"es_ES","og_type":"article","og_title":"D\u00e9marches administratives - Communaut\u00e9 de communes du Quercy Rouergue et des Gorges de l&#039;Aveyron","og_description":"Quels Services propos\u00e9s\u202f?&nbsp;\u202f&nbsp; Pour qui\u202f?&nbsp; A qui s\u2019adresser&nbsp;et comment\u202f?&nbsp;\u202f&nbsp; Lieux&nbsp;Jours d\u2019ouverture&nbsp; Inscription et&nbsp;actualisation aupr\u00e8s de&nbsp;France Travail&nbsp;&nbsp; Tout public&nbsp; Communaut\u00e9s de Communes QRGA&nbsp;&nbsp;&nbsp;France services&nbsp; Saint Antonin\u202f&nbsp;23 place de la Mairie\u202f&nbsp;(2\u00e8me \u00e9tage)&nbsp;Du lundi au vendredi&nbsp;&nbsp;Caylus\u202f&nbsp;8 rue du Long&nbsp;Du lundi au vendredi\u202f&nbsp;\u202f&nbsp;&nbsp;Mairie de Parisot\u202f&nbsp;2 place Lavoir&nbsp;Le lundi&nbsp;&nbsp;&nbsp;M\u00e9diath\u00e8que de Varen\u202f&nbsp;12 place de la Fontaine&nbsp;Le\u202fmardi&nbsp; Accompagnement socio-\u00a0professionnel avec un\u00a0suivi personnalis\u00e9 [&hellip;]","og_url":"https:\/\/cc-qrga.fr\/es\/demarches-administratives\/","og_site_name":"Communaut\u00e9 de communes du Quercy Rouergue et des Gorges de l&#039;Aveyron","article_modified_time":"2025-06-23T12:24:25+00:00","twitter_card":"summary_large_image","twitter_misc":{"Tiempo de lectura":"3 minutos"},"schema":{"@context":"https:\/\/schema.org","@graph":[{"@type":"WebPage","@id":"https:\/\/cc-qrga.fr\/demarches-administratives\/","url":"https:\/\/cc-qrga.fr\/demarches-administratives\/","name":"D\u00e9marches administratives - Communaut\u00e9 de communes du Quercy Rouergue et des Gorges de l&#039;Aveyron","isPartOf":{"@id":"https:\/\/cc-qrga.fr\/#website"},"datePublished":"2025-06-23T10:25:10+00:00","dateModified":"2025-06-23T12:24:25+00:00","breadcrumb":{"@id":"https:\/\/cc-qrga.fr\/demarches-administratives\/#breadcrumb"},"inLanguage":"es","potentialAction":[{"@type":"ReadAction","target":["https:\/\/cc-qrga.fr\/demarches-administratives\/"]}]},{"@type":"BreadcrumbList","@id":"https:\/\/cc-qrga.fr\/demarches-administratives\/#breadcrumb","itemListElement":[{"@type":"ListItem","position":1,"name":"Accueil","item":"https:\/\/cc-qrga.fr\/"},{"@type":"ListItem","position":2,"name":"D\u00e9marches administratives"}]},{"@type":"WebSite","@id":"https:\/\/cc-qrga.fr\/#website","url":"https:\/\/cc-qrga.fr\/","name":"Mancomunidad de municipios de Quercy Rouergue y Gargantas del Aveyron","description":"qrga","potentialAction":[{"@type":"SearchAction","target":{"@type":"EntryPoint","urlTemplate":"https:\/\/cc-qrga.fr\/?s={search_term_string}"},"query-input":{"@type":"PropertyValueSpecification","valueRequired":true,"valueName":"search_term_string"}}],"inLanguage":"es"}]}},"_links":{"self":[{"href":"https:\/\/cc-qrga.fr\/es\/wp-json\/wp\/v2\/pages\/28676","targetHints":{"allow":["GET"]}}],"collection":[{"href":"https:\/\/cc-qrga.fr\/es\/wp-json\/wp\/v2\/pages"}],"about":[{"href":"https:\/\/cc-qrga.fr\/es\/wp-json\/wp\/v2\/types\/page"}],"author":[{"embeddable":true,"href":"https:\/\/cc-qrga.fr\/es\/wp-json\/wp\/v2\/users\/11"}],"replies":[{"embeddable":true,"href":"https:\/\/cc-qrga.fr\/es\/wp-json\/wp\/v2\/comments?post=28676"}],"version-history":[{"count":0,"href":"https:\/\/cc-qrga.fr\/es\/wp-json\/wp\/v2\/pages\/28676\/revisions"}],"wp:attachment":[{"href":"https:\/\/cc-qrga.fr\/es\/wp-json\/wp\/v2\/media?parent=28676"}],"curies":[{"name":"wp","href":"https:\/\/api.w.org\/{rel}","templated":true}]}}