{"id":30057,"date":"2025-10-22T11:29:14","date_gmt":"2025-10-22T09:29:14","guid":{"rendered":"https:\/\/cc-qrga.fr\/?page_id=30057"},"modified":"2026-03-23T10:06:16","modified_gmt":"2026-03-23T09:06:16","slug":"les-biodechets","status":"publish","type":"page","link":"https:\/\/cc-qrga.fr\/es\/les-biodechets\/","title":{"rendered":"Les biod\u00e9chets"},"content":{"rendered":"<div data-elementor-type=\"wp-page\" data-elementor-id=\"30057\" class=\"elementor elementor-30057\" data-elementor-post-type=\"page\">\n\t\t\t\t<div class=\"has_eae_slider elementor-element elementor-element-12aea09b e-flex e-con-boxed e-con e-parent\" data-eae-slider=\"24208\" data-id=\"12aea09b\" data-element_type=\"container\" data-e-type=\"container\" data-settings=\"{&quot;background_background&quot;:&quot;classic&quot;}\">\n\t\t\t\t\t<div class=\"e-con-inner\">\n\t\t\t\t<div class=\"elementor-element elementor-element-2ceb8138 elementor-widget__width-initial elementor-widget elementor-widget-image\" data-id=\"2ceb8138\" data-element_type=\"widget\" data-e-type=\"widget\" data-widget_type=\"image.default\">\n\t\t\t\t<div class=\"elementor-widget-container\">\n\t\t\t\t\t\t\t\t\t\t\t\t\t\t\t<img fetchpriority=\"high\" decoding=\"async\" width=\"768\" height=\"1153\" src=\"https:\/\/cc-qrga.fr\/wp-content\/uploads\/2025\/10\/composteur-detourage-768x1153.png\" class=\"attachment-medium_large size-medium_large wp-image-30062\" alt=\"\" srcset=\"https:\/\/cc-qrga.fr\/wp-content\/uploads\/2025\/10\/composteur-detourage-768x1153.png 768w, https:\/\/cc-qrga.fr\/wp-content\/uploads\/2025\/10\/composteur-detourage-200x300.png 200w, https:\/\/cc-qrga.fr\/wp-content\/uploads\/2025\/10\/composteur-detourage-682x1024.png 682w, https:\/\/cc-qrga.fr\/wp-content\/uploads\/2025\/10\/composteur-detourage-1023x1536.png 1023w, https:\/\/cc-qrga.fr\/wp-content\/uploads\/2025\/10\/composteur-detourage-8x12.png 8w, https:\/\/cc-qrga.fr\/wp-content\/uploads\/2025\/10\/composteur-detourage.png 1086w\" sizes=\"(max-width: 768px) 100vw, 768px\" \/>\t\t\t\t\t\t\t\t\t\t\t\t\t\t\t<\/div>\n\t\t\t\t<\/div>\n\t\t<div class=\"has_eae_slider elementor-element elementor-element-52c7de72 e-con-full e-flex e-con e-child\" data-eae-slider=\"59955\" data-id=\"52c7de72\" data-element_type=\"container\" data-e-type=\"container\">\n\t\t\t\t<div class=\"elementor-element elementor-element-6b22c282 animated-slow elementor-invisible elementor-widget elementor-widget-heading\" data-id=\"6b22c282\" data-element_type=\"widget\" data-e-type=\"widget\" data-settings=\"{&quot;_animation&quot;:&quot;slideInUp&quot;}\" data-widget_type=\"heading.default\">\n\t\t\t\t<div class=\"elementor-widget-container\">\n\t\t\t\t\t<h2 class=\"elementor-heading-title elementor-size-default\">Tarif pr\u00e9f\u00e9rentiel<\/h2>\t\t\t\t<\/div>\n\t\t\t\t<\/div>\n\t\t\t\t<div class=\"elementor-element elementor-element-4c64407e animated-slow elementor-invisible elementor-widget elementor-widget-heading\" data-id=\"4c64407e\" data-element_type=\"widget\" data-e-type=\"widget\" data-settings=\"{&quot;_animation&quot;:&quot;slideInUp&quot;}\" data-widget_type=\"heading.default\">\n\t\t\t\t<div class=\"elementor-widget-container\">\n\t\t\t\t\t<h2 class=\"elementor-heading-title elementor-size-default\">Le kit composteur  <br>\u00e0 15\u20ac <\/h2>\t\t\t\t<\/div>\n\t\t\t\t<\/div>\n\t\t\t\t<div class=\"elementor-element elementor-element-15ce2bd8 elementor-widget elementor-widget-text-editor\" data-id=\"15ce2bd8\" data-element_type=\"widget\" data-e-type=\"widget\" data-widget_type=\"text-editor.default\">\n\t\t\t\t<div class=\"elementor-widget-container\">\n\t\t\t\t\t\t\t\t\t<p><span style=\"color: #ffffff;\">El CC QRGA vende a los residentes un kit de compostaje al precio especial de 15 euros. El kit incluye un cubo de compostaje, un aireador, un cubo biol\u00f3gico, una gu\u00eda de compostaje y un servicio postventa para resolver cualquier duda.<\/span><\/p>\t\t\t\t\t\t\t\t<\/div>\n\t\t\t\t<\/div>\n\t\t\t\t<div class=\"elementor-element elementor-element-2b0675ac elementor-align-left elementor-widget elementor-widget-button\" data-id=\"2b0675ac\" data-element_type=\"widget\" data-e-type=\"widget\" data-widget_type=\"button.default\">\n\t\t\t\t<div class=\"elementor-widget-container\">\n\t\t\t\t\t\t\t\t\t<div class=\"elementor-button-wrapper\">\n\t\t\t\t\t<a class=\"elementor-button elementor-button-link elementor-size-lg elementor-animation-grow\" href=\"https:\/\/cc-qrga.fr\/es\/collecte-de-dechets\/compostage\/\">\n\t\t\t\t\t\t<span class=\"elementor-button-content-wrapper\">\n\t\t\t\t\t\t\t\t\t<span class=\"elementor-button-text\">Aide au compostage<\/span>\n\t\t\t\t\t<\/span>\n\t\t\t\t\t<\/a>\n\t\t\t\t<\/div>\n\t\t\t\t\t\t\t\t<\/div>\n\t\t\t\t<\/div>\n\t\t\t\t<\/div>\n\t\t\t\t\t<\/div>\n\t\t\t\t<\/div>\n\t\t<div class=\"has_eae_slider elementor-element elementor-element-8118b04 e-flex e-con-boxed e-con e-parent\" data-eae-slider=\"62914\" data-id=\"8118b04\" data-element_type=\"container\" data-e-type=\"container\">\n\t\t\t\t\t<div class=\"e-con-inner\">\n\t\t\t\t\t<\/div>\n\t\t\t\t<\/div>\n\t\t\t\t<\/div>","protected":false},"excerpt":{"rendered":"<p>Tarif pr\u00e9f\u00e9rentiel Le kit composteur \u00e0 15\u20ac La CC QRGA vend aux habitants un kit de compostage au tarif pr\u00e9f\u00e9rentiel de 15\u20ac. Il comprend un bac de compostage, un outil a\u00e9rateur, un bio-seau, un guide du compostage et un SAV pour r\u00e9pondre \u00e0 toutes vos questions. Aide au compostage<\/p>","protected":false},"author":11,"featured_media":0,"parent":0,"menu_order":0,"comment_status":"closed","ping_status":"closed","template":"","meta":{"footnotes":""},"class_list":["post-30057","page","type-page","status-publish","hentry"],"yoast_head":"<!-- This site is optimized with the Yoast SEO plugin v27.3 - https:\/\/yoast.com\/product\/yoast-seo-wordpress\/ -->\n<title>Les biod\u00e9chets - Communaut\u00e9 de communes du Quercy Rouergue et des Gorges de l&#039;Aveyron<\/title>\n<meta name=\"robots\" content=\"index, follow, max-snippet:-1, max-image-preview:large, max-video-preview:-1\" \/>\n<link rel=\"canonical\" href=\"https:\/\/cc-qrga.fr\/es\/les-biodechets\/\" \/>\n<meta property=\"og:locale\" content=\"es_ES\" \/>\n<meta property=\"og:type\" content=\"article\" \/>\n<meta property=\"og:title\" content=\"Les biod\u00e9chets - Communaut\u00e9 de communes du Quercy Rouergue et des Gorges de l&#039;Aveyron\" \/>\n<meta property=\"og:description\" content=\"Tarif pr\u00e9f\u00e9rentiel Le kit composteur \u00e0 15\u20ac La CC QRGA vend aux habitants un kit de compostage au tarif pr\u00e9f\u00e9rentiel de 15\u20ac. Il comprend un bac de compostage, un outil a\u00e9rateur, un bio-seau, un guide du compostage et un SAV pour r\u00e9pondre \u00e0 toutes vos questions. Aide au compostage\" \/>\n<meta property=\"og:url\" content=\"https:\/\/cc-qrga.fr\/es\/les-biodechets\/\" \/>\n<meta property=\"og:site_name\" content=\"Communaut\u00e9 de communes du Quercy Rouergue et des Gorges de l&#039;Aveyron\" \/>\n<meta property=\"article:modified_time\" content=\"2026-03-23T09:06:16+00:00\" \/>\n<meta property=\"og:image\" content=\"https:\/\/cc-qrga.fr\/wp-content\/uploads\/2025\/10\/composteur-detourage.png\" \/>\n\t<meta property=\"og:image:width\" content=\"1086\" \/>\n\t<meta property=\"og:image:height\" content=\"1630\" \/>\n\t<meta property=\"og:image:type\" content=\"image\/png\" \/>\n<meta name=\"twitter:card\" content=\"summary_large_image\" \/>\n<meta name=\"twitter:label1\" content=\"Tiempo de lectura\" \/>\n\t<meta name=\"twitter:data1\" content=\"1 minuto\" \/>\n<script type=\"application\/ld+json\" class=\"yoast-schema-graph\">{\"@context\":\"https:\\\/\\\/schema.org\",\"@graph\":[{\"@type\":\"WebPage\",\"@id\":\"https:\\\/\\\/cc-qrga.fr\\\/les-biodechets\\\/\",\"url\":\"https:\\\/\\\/cc-qrga.fr\\\/les-biodechets\\\/\",\"name\":\"Les biod\u00e9chets - Communaut\u00e9 de communes du Quercy Rouergue et des Gorges de l&#039;Aveyron\",\"isPartOf\":{\"@id\":\"https:\\\/\\\/cc-qrga.fr\\\/#website\"},\"primaryImageOfPage\":{\"@id\":\"https:\\\/\\\/cc-qrga.fr\\\/les-biodechets\\\/#primaryimage\"},\"image\":{\"@id\":\"https:\\\/\\\/cc-qrga.fr\\\/les-biodechets\\\/#primaryimage\"},\"thumbnailUrl\":\"https:\\\/\\\/cc-qrga.fr\\\/wp-content\\\/uploads\\\/2025\\\/10\\\/composteur-detourage-768x1153.png\",\"datePublished\":\"2025-10-22T09:29:14+00:00\",\"dateModified\":\"2026-03-23T09:06:16+00:00\",\"breadcrumb\":{\"@id\":\"https:\\\/\\\/cc-qrga.fr\\\/les-biodechets\\\/#breadcrumb\"},\"inLanguage\":\"es\",\"potentialAction\":[{\"@type\":\"ReadAction\",\"target\":[\"https:\\\/\\\/cc-qrga.fr\\\/les-biodechets\\\/\"]}]},{\"@type\":\"ImageObject\",\"inLanguage\":\"es\",\"@id\":\"https:\\\/\\\/cc-qrga.fr\\\/les-biodechets\\\/#primaryimage\",\"url\":\"https:\\\/\\\/cc-qrga.fr\\\/wp-content\\\/uploads\\\/2025\\\/10\\\/composteur-detourage-768x1153.png\",\"contentUrl\":\"https:\\\/\\\/cc-qrga.fr\\\/wp-content\\\/uploads\\\/2025\\\/10\\\/composteur-detourage-768x1153.png\"},{\"@type\":\"BreadcrumbList\",\"@id\":\"https:\\\/\\\/cc-qrga.fr\\\/les-biodechets\\\/#breadcrumb\",\"itemListElement\":[{\"@type\":\"ListItem\",\"position\":1,\"name\":\"Accueil\",\"item\":\"https:\\\/\\\/cc-qrga.fr\\\/\"},{\"@type\":\"ListItem\",\"position\":2,\"name\":\"Les biod\u00e9chets\"}]},{\"@type\":\"WebSite\",\"@id\":\"https:\\\/\\\/cc-qrga.fr\\\/#website\",\"url\":\"https:\\\/\\\/cc-qrga.fr\\\/\",\"name\":\"Communaut\u00e9 de communes du Quercy Rouergue et des Gorges de l&#039;Aveyron\",\"description\":\"qrga\",\"potentialAction\":[{\"@type\":\"SearchAction\",\"target\":{\"@type\":\"EntryPoint\",\"urlTemplate\":\"https:\\\/\\\/cc-qrga.fr\\\/?s={search_term_string}\"},\"query-input\":{\"@type\":\"PropertyValueSpecification\",\"valueRequired\":true,\"valueName\":\"search_term_string\"}}],\"inLanguage\":\"es\"}]}<\/script>\n<!-- \/ Yoast SEO plugin. -->","yoast_head_json":{"title":"Les biod\u00e9chets - Communaut\u00e9 de communes du Quercy Rouergue et des Gorges de l&#039;Aveyron","robots":{"index":"index","follow":"follow","max-snippet":"max-snippet:-1","max-image-preview":"max-image-preview:large","max-video-preview":"max-video-preview:-1"},"canonical":"https:\/\/cc-qrga.fr\/es\/les-biodechets\/","og_locale":"es_ES","og_type":"article","og_title":"Les biod\u00e9chets - Communaut\u00e9 de communes du Quercy Rouergue et des Gorges de l&#039;Aveyron","og_description":"Tarif pr\u00e9f\u00e9rentiel Le kit composteur \u00e0 15\u20ac La CC QRGA vend aux habitants un kit de compostage au tarif pr\u00e9f\u00e9rentiel de 15\u20ac. Il comprend un bac de compostage, un outil a\u00e9rateur, un bio-seau, un guide du compostage et un SAV pour r\u00e9pondre \u00e0 toutes vos questions. Aide au compostage","og_url":"https:\/\/cc-qrga.fr\/es\/les-biodechets\/","og_site_name":"Communaut\u00e9 de communes du Quercy Rouergue et des Gorges de l&#039;Aveyron","article_modified_time":"2026-03-23T09:06:16+00:00","og_image":[{"width":1086,"height":1630,"url":"https:\/\/cc-qrga.fr\/wp-content\/uploads\/2025\/10\/composteur-detourage.png","type":"image\/png"}],"twitter_card":"summary_large_image","twitter_misc":{"Tiempo de lectura":"1 minuto"},"schema":{"@context":"https:\/\/schema.org","@graph":[{"@type":"WebPage","@id":"https:\/\/cc-qrga.fr\/les-biodechets\/","url":"https:\/\/cc-qrga.fr\/les-biodechets\/","name":"Les biod\u00e9chets - Communaut\u00e9 de communes du Quercy Rouergue et des Gorges de l&#039;Aveyron","isPartOf":{"@id":"https:\/\/cc-qrga.fr\/#website"},"primaryImageOfPage":{"@id":"https:\/\/cc-qrga.fr\/les-biodechets\/#primaryimage"},"image":{"@id":"https:\/\/cc-qrga.fr\/les-biodechets\/#primaryimage"},"thumbnailUrl":"https:\/\/cc-qrga.fr\/wp-content\/uploads\/2025\/10\/composteur-detourage-768x1153.png","datePublished":"2025-10-22T09:29:14+00:00","dateModified":"2026-03-23T09:06:16+00:00","breadcrumb":{"@id":"https:\/\/cc-qrga.fr\/les-biodechets\/#breadcrumb"},"inLanguage":"es","potentialAction":[{"@type":"ReadAction","target":["https:\/\/cc-qrga.fr\/les-biodechets\/"]}]},{"@type":"ImageObject","inLanguage":"es","@id":"https:\/\/cc-qrga.fr\/les-biodechets\/#primaryimage","url":"https:\/\/cc-qrga.fr\/wp-content\/uploads\/2025\/10\/composteur-detourage-768x1153.png","contentUrl":"https:\/\/cc-qrga.fr\/wp-content\/uploads\/2025\/10\/composteur-detourage-768x1153.png"},{"@type":"BreadcrumbList","@id":"https:\/\/cc-qrga.fr\/les-biodechets\/#breadcrumb","itemListElement":[{"@type":"ListItem","position":1,"name":"Accueil","item":"https:\/\/cc-qrga.fr\/"},{"@type":"ListItem","position":2,"name":"Les biod\u00e9chets"}]},{"@type":"WebSite","@id":"https:\/\/cc-qrga.fr\/#website","url":"https:\/\/cc-qrga.fr\/","name":"Mancomunidad de municipios de Quercy Rouergue y Gargantas del Aveyron","description":"qrga","potentialAction":[{"@type":"SearchAction","target":{"@type":"EntryPoint","urlTemplate":"https:\/\/cc-qrga.fr\/?s={search_term_string}"},"query-input":{"@type":"PropertyValueSpecification","valueRequired":true,"valueName":"search_term_string"}}],"inLanguage":"es"}]}},"_links":{"self":[{"href":"https:\/\/cc-qrga.fr\/es\/wp-json\/wp\/v2\/pages\/30057","targetHints":{"allow":["GET"]}}],"collection":[{"href":"https:\/\/cc-qrga.fr\/es\/wp-json\/wp\/v2\/pages"}],"about":[{"href":"https:\/\/cc-qrga.fr\/es\/wp-json\/wp\/v2\/types\/page"}],"author":[{"embeddable":true,"href":"https:\/\/cc-qrga.fr\/es\/wp-json\/wp\/v2\/users\/11"}],"replies":[{"embeddable":true,"href":"https:\/\/cc-qrga.fr\/es\/wp-json\/wp\/v2\/comments?post=30057"}],"version-history":[{"count":3,"href":"https:\/\/cc-qrga.fr\/es\/wp-json\/wp\/v2\/pages\/30057\/revisions"}],"predecessor-version":[{"id":31182,"href":"https:\/\/cc-qrga.fr\/es\/wp-json\/wp\/v2\/pages\/30057\/revisions\/31182"}],"wp:attachment":[{"href":"https:\/\/cc-qrga.fr\/es\/wp-json\/wp\/v2\/media?parent=30057"}],"curies":[{"name":"wp","href":"https:\/\/api.w.org\/{rel}","templated":true}]}}