{"id":30640,"date":"2025-12-16T10:32:44","date_gmt":"2025-12-16T09:32:44","guid":{"rendered":"https:\/\/cc-qrga.fr\/?page_id=30640"},"modified":"2025-12-16T10:33:31","modified_gmt":"2025-12-16T09:33:31","slug":"modification-plui-qrga-4","status":"publish","type":"page","link":"https:\/\/cc-qrga.fr\/es\/plui\/modification-plui-qrga-4\/","title":{"rendered":"Modification n\u00b04"},"content":{"rendered":"<div data-elementor-type=\"wp-page\" data-elementor-id=\"30640\" class=\"elementor elementor-30640\" data-elementor-post-type=\"page\">\n\t\t\t\t<div class=\"has_eae_slider elementor-element elementor-element-3ed75e4 e-flex e-con-boxed e-con e-parent\" data-eae-slider=\"21349\" data-id=\"3ed75e4\" data-element_type=\"container\" data-e-type=\"container\">\n\t\t\t\t\t<div class=\"e-con-inner\">\n\t\t\t\t<div class=\"elementor-element elementor-element-299e42f elementor-widget elementor-widget-image\" data-id=\"299e42f\" data-element_type=\"widget\" data-e-type=\"widget\" data-widget_type=\"image.default\">\n\t\t\t\t<div class=\"elementor-widget-container\">\n\t\t\t\t\t\t\t\t\t\t\t\t\t\t\t<img decoding=\"async\" width=\"150\" height=\"150\" src=\"https:\/\/cc-qrga.fr\/wp-content\/uploads\/2025\/12\/Logo-PLUi-150x150.png\" class=\"attachment-thumbnail size-thumbnail wp-image-30468\" alt=\"\" srcset=\"https:\/\/cc-qrga.fr\/wp-content\/uploads\/2025\/12\/Logo-PLUi-150x150.png 150w, https:\/\/cc-qrga.fr\/wp-content\/uploads\/2025\/12\/Logo-PLUi-500x500.png 500w\" sizes=\"(max-width: 150px) 100vw, 150px\" \/>\t\t\t\t\t\t\t\t\t\t\t\t\t\t\t<\/div>\n\t\t\t\t<\/div>\n\t\t\t\t<div class=\"elementor-element elementor-element-3246512 elementor-widget elementor-widget-heading\" data-id=\"3246512\" data-element_type=\"widget\" data-e-type=\"widget\" data-widget_type=\"heading.default\">\n\t\t\t\t<div class=\"elementor-widget-container\">\n\t\t\t\t\t<h2 class=\"elementor-heading-title elementor-size-default\">Modification n\u00b04 du \nPlan Local d'Urbanisme Intercommunal<\/h2>\t\t\t\t<\/div>\n\t\t\t\t<\/div>\n\t\t\t\t\t<\/div>\n\t\t\t\t<\/div>\n\t\t<div class=\"has_eae_slider elementor-element elementor-element-f40481b e-flex e-con-boxed e-con e-parent\" data-eae-slider=\"67371\" data-id=\"f40481b\" data-element_type=\"container\" data-e-type=\"container\">\n\t\t\t\t\t<div class=\"e-con-inner\">\n\t\t\t\t<div class=\"elementor-element elementor-element-30f2380 elementor-widget elementor-widget-text-editor\" data-id=\"30f2380\" data-element_type=\"widget\" data-e-type=\"widget\" data-widget_type=\"text-editor.default\">\n\t\t\t\t<div class=\"elementor-widget-container\">\n\t\t\t\t\t\t\t\t\t<h4><strong>Pr\u00e9sentation du projet<\/strong><\/h4><p>La modification n\u00b04 du PLUi est engag\u00e9e afin d&rsquo;autoriser l\u2019am\u00e9nagement d\u2019un hameau l\u00e9ger (constitu\u00e9 de r\u00e9sidences d\u00e9montables au sens de l\u2019article R111-51 du code de l\u2019urbanisme) au sud de la commune de F\u00e9neyrols, en lien effectif avec la pr\u00e9sence in situ d\u2019activit\u00e9s artisanales et agricoles.<\/p><p>Le projet est port\u00e9 par l\u2019association \u00ab Les Ateliers Ruraux de Caussebel \u00bb (LARC) et a pour objectif la construction de 10 logements b\u00e9n\u00e9ficiant en partie aux personnes exer\u00e7ant d\u00e9j\u00e0 des activit\u00e9s artisanales et agricoles sur le site au sein d\u2019un ancien b\u00e2timent agricole mutualis\u00e9, et en partie pour de nouveaux adh\u00e9rents \u00e0 l\u2019association. Il n\u00e9cessite la cr\u00e9ation d\u2019un Secteur de Taille et de Capacit\u00e9 d\u2019Accueil Limit\u00e9es (STECAL) Agricole Habitat L\u00e9ger (Ahl), conform\u00e9ment \u00e0 l\u2019article L.151-12 du code de l\u2019urbanisme.<\/p><p>La modification n\u00b03 du PLUi incluait initialement cet objet mais sa soumission \u00e0 \u00e9valuation environnemental (d\u00e9cision MRAE du 19\/09\/2024) n\u00e9cessite qu&rsquo;une nouvelle modification du PLUi soit sp\u00e9cifiquement engag\u00e9e pour autoriser ce projet sur la base d&rsquo;une proc\u00e9dure commune et coordonn\u00e9e d&rsquo;\u00e9valuation environnementale (article R122-25 du code de l&rsquo;environnement).<\/p>\t\t\t\t\t\t\t\t<\/div>\n\t\t\t\t<\/div>\n\t\t<div class=\"has_eae_slider elementor-element elementor-element-a2c6c5f e-con-full e-flex e-con e-child\" data-eae-slider=\"85687\" data-id=\"a2c6c5f\" data-element_type=\"container\" data-e-type=\"container\">\n\t\t\t\t<div class=\"elementor-element elementor-element-735e185 elementor-widget elementor-widget-html\" data-id=\"735e185\" data-element_type=\"widget\" data-e-type=\"widget\" data-widget_type=\"html.default\">\n\t\t\t\t<div class=\"elementor-widget-container\">\n\t\t\t\t\t<iframe width=\"425\" height=\"250\" src=\"https:\/\/www.openstreetmap.org\/export\/embed.html?bbox=1.8271851539611816%2C44.10924723204348%2C1.8330538272857668%2C44.11149274628347&amp;layer=mapnik&amp;marker=44.11036999982773%2C1.8301194906234741\" style=\"border: 1px solid black\"><\/iframe><br\/><small><a href=\"https:\/\/www.openstreetmap.org\/?mlat=44.110370&amp;mlon=1.830119#map=18\/44.110370\/1.830119\">Afficher une carte plus grande<\/a><\/small>\t\t\t\t<\/div>\n\t\t\t\t<\/div>\n\t\t\t\t<\/div>\n\t\t\t\t\t<\/div>\n\t\t\t\t<\/div>\n\t\t<div class=\"has_eae_slider elementor-element elementor-element-9a4a49e e-flex e-con-boxed e-con e-parent\" data-eae-slider=\"96185\" data-id=\"9a4a49e\" data-element_type=\"container\" data-e-type=\"container\">\n\t\t\t\t\t<div class=\"e-con-inner\">\n\t\t\t\t<div class=\"elementor-element elementor-element-47baaf7 elementor-widget elementor-widget-text-editor\" data-id=\"47baaf7\" data-element_type=\"widget\" data-e-type=\"widget\" data-widget_type=\"text-editor.default\">\n\t\t\t\t<div class=\"elementor-widget-container\">\n\t\t\t\t\t\t\t\t\t<h4><strong>Documents mis \u00e0 disposition dans le cadre de la concertation<\/strong><\/h4><p><a href=\"https:\/\/cc-qrga.fr\/wp-content\/uploads\/2025\/12\/2025-12-02-Deliberation-CCQRGA-autorisant-le-PDT-a-signer-la-convention.pdf\">2025-11-04 D\u00e9lib\u00e9ration du conseil communautaire autorisant le Pr\u00e9sident \u00e0 signer la convention de partenariat pour l&rsquo;engagement dans une proc\u00e9dure commune et coordonn\u00e9e d&rsquo;\u00e9valuation environnementale<\/a><\/p><p><a href=\"https:\/\/cc-qrga.fr\/wp-content\/uploads\/2025\/12\/Arrete-2025_25-Modif-n\u00b04-PLUi.pdf\">2025-12-15 Arr\u00eat\u00e9 du Pr\u00e9sident engageant la mise en compatibilit\u00e9 du PLUi pour d\u00e9claration de projet<\/a><\/p><p>Les documents d&rsquo;\u00e9tude ne sont pas encore disponibles.<\/p>\t\t\t\t\t\t\t\t<\/div>\n\t\t\t\t<\/div>\n\t\t\t\t\t<\/div>\n\t\t\t\t<\/div>\n\t\t<div class=\"has_eae_slider elementor-element elementor-element-a493c27 e-flex e-con-boxed e-con e-parent\" data-eae-slider=\"52255\" data-id=\"a493c27\" data-element_type=\"container\" data-e-type=\"container\">\n\t\t\t\t\t<div class=\"e-con-inner\">\n\t\t\t\t<div class=\"elementor-element elementor-element-fc3022c elementor-widget elementor-widget-text-editor\" data-id=\"fc3022c\" data-element_type=\"widget\" data-e-type=\"widget\" data-widget_type=\"text-editor.default\">\n\t\t\t\t<div class=\"elementor-widget-container\">\n\t\t\t\t\t\t\t\t\t<h4><strong>Actualit\u00e9s de la proc\u00e9dure<\/strong><\/h4>\t\t\t\t\t\t\t\t<\/div>\n\t\t\t\t<\/div>\n\t\t\t\t<div class=\"elementor-element elementor-element-219b663 elementor-grid-3 elementor-grid-tablet-2 elementor-grid-mobile-1 elementor-posts--thumbnail-top elementor-widget elementor-widget-posts\" data-id=\"219b663\" data-element_type=\"widget\" data-e-type=\"widget\" data-settings=\"{&quot;classic_columns&quot;:&quot;3&quot;,&quot;classic_columns_tablet&quot;:&quot;2&quot;,&quot;classic_columns_mobile&quot;:&quot;1&quot;,&quot;classic_row_gap&quot;:{&quot;unit&quot;:&quot;px&quot;,&quot;size&quot;:35,&quot;sizes&quot;:[]},&quot;classic_row_gap_tablet&quot;:{&quot;unit&quot;:&quot;px&quot;,&quot;size&quot;:&quot;&quot;,&quot;sizes&quot;:[]},&quot;classic_row_gap_mobile&quot;:{&quot;unit&quot;:&quot;px&quot;,&quot;size&quot;:&quot;&quot;,&quot;sizes&quot;:[]}}\" data-widget_type=\"posts.classic\">\n\t\t\t\t<div class=\"elementor-widget-container\">\n\t\t\t\t\t\t\t<div class=\"elementor-posts-container elementor-posts elementor-posts--skin-classic elementor-grid\" role=\"list\">\n\t\t\t\t<article class=\"elementor-post elementor-grid-item post-30851 post type-post status-publish format-standard has-post-thumbnail hentry category-accueil-de-loisirs category-modification-plui-n4 category-plui-ccqrga category-urbanisme\" role=\"listitem\">\n\t\t\t\t<a class=\"elementor-post__thumbnail__link\" href=\"https:\/\/cc-qrga.fr\/es\/modification-plui-qrga-4\/\" tabindex=\"-1\" >\n\t\t\t<div class=\"elementor-post__thumbnail\"><img fetchpriority=\"high\" decoding=\"async\" width=\"300\" height=\"195\" src=\"https:\/\/cc-qrga.fr\/wp-content\/uploads\/2026\/01\/Affichettes-PLUi-M4-2-of-2-300x195.png\" class=\"attachment-medium size-medium wp-image-30857\" alt=\"\" srcset=\"https:\/\/cc-qrga.fr\/wp-content\/uploads\/2026\/01\/Affichettes-PLUi-M4-2-of-2-300x195.png 300w, https:\/\/cc-qrga.fr\/wp-content\/uploads\/2026\/01\/Affichettes-PLUi-M4-2-of-2-1024x666.png 1024w, https:\/\/cc-qrga.fr\/wp-content\/uploads\/2026\/01\/Affichettes-PLUi-M4-2-of-2-768x499.png 768w, https:\/\/cc-qrga.fr\/wp-content\/uploads\/2026\/01\/Affichettes-PLUi-M4-2-of-2-1536x999.png 1536w, https:\/\/cc-qrga.fr\/wp-content\/uploads\/2026\/01\/Affichettes-PLUi-M4-2-of-2-18x12.png 18w, https:\/\/cc-qrga.fr\/wp-content\/uploads\/2026\/01\/Affichettes-PLUi-M4-2-of-2.png 1998w\" sizes=\"(max-width: 300px) 100vw, 300px\" \/><\/div>\n\t\t<\/a>\n\t\t\t\t<div class=\"elementor-post__text\">\n\t\t\t\t<h3 class=\"elementor-post__title\">\n\t\t\t<a href=\"https:\/\/cc-qrga.fr\/es\/modification-plui-qrga-4\/\" >\n\t\t\t\tConcertation pr\u00e9alable \u00e0 la modification n\u00b04 du PLUi\t\t\t<\/a>\n\t\t<\/h3>\n\t\t\t\t<div class=\"elementor-post__meta-data\">\n\t\t\t\t\t<span class=\"elementor-post-avatar\">\n\t\t\tNo hay comentarios\t\t<\/span>\n\t\t\t\t<\/div>\n\t\t\n\t\t<a class=\"elementor-post__read-more\" href=\"https:\/\/cc-qrga.fr\/es\/modification-plui-qrga-4\/\" aria-label=\"M\u00e1s informaci\u00f3n sobre Concertation pr\u00e9alable \u00e0 la modification n\u00b04 du PLUi\" tabindex=\"-1\" >\n\t\t\tLeer m\u00e1s \"\t\t<\/a>\n\n\t\t\t\t<\/div>\n\t\t\t\t<\/article>\n\t\t\t\t<article class=\"elementor-post elementor-grid-item post-30636 post type-post status-publish format-standard has-post-thumbnail hentry category-arretes category-conseils-communautaires category-deliberations-arretes-decisions category-modification-plui-n4 category-plui-ccqrga category-urbanisme\" role=\"listitem\">\n\t\t\t\t<a class=\"elementor-post__thumbnail__link\" href=\"https:\/\/cc-qrga.fr\/es\/arrete-n2025_25-du-15-decembre-2025-engageant-la-modification-n4-du-plui\/\" tabindex=\"-1\" >\n\t\t\t<div class=\"elementor-post__thumbnail\"><img decoding=\"async\" width=\"300\" height=\"157\" src=\"https:\/\/cc-qrga.fr\/wp-content\/uploads\/2024\/01\/Arretes-et-decisions-2-300x157.jpg\" class=\"attachment-medium size-medium wp-image-23286\" alt=\"\" srcset=\"https:\/\/cc-qrga.fr\/wp-content\/uploads\/2024\/01\/Arretes-et-decisions-2-300x157.jpg 300w, https:\/\/cc-qrga.fr\/wp-content\/uploads\/2024\/01\/Arretes-et-decisions-2-1024x536.jpg 1024w, https:\/\/cc-qrga.fr\/wp-content\/uploads\/2024\/01\/Arretes-et-decisions-2-768x402.jpg 768w, https:\/\/cc-qrga.fr\/wp-content\/uploads\/2024\/01\/Arretes-et-decisions-2.jpg 1200w\" sizes=\"(max-width: 300px) 100vw, 300px\" \/><\/div>\n\t\t<\/a>\n\t\t\t\t<div class=\"elementor-post__text\">\n\t\t\t\t<h3 class=\"elementor-post__title\">\n\t\t\t<a href=\"https:\/\/cc-qrga.fr\/es\/arrete-n2025_25-du-15-decembre-2025-engageant-la-modification-n4-du-plui\/\" >\n\t\t\t\tARRETE N\u00b02025_25 DU 15 DECEMBRE 2025 ENGAGEANT LA MODIFICATION N\u00b04 DU PLUI\t\t\t<\/a>\n\t\t<\/h3>\n\t\t\t\t<div class=\"elementor-post__meta-data\">\n\t\t\t\t\t<span class=\"elementor-post-avatar\">\n\t\t\tNo hay comentarios\t\t<\/span>\n\t\t\t\t<\/div>\n\t\t\n\t\t<a class=\"elementor-post__read-more\" href=\"https:\/\/cc-qrga.fr\/es\/arrete-n2025_25-du-15-decembre-2025-engageant-la-modification-n4-du-plui\/\" aria-label=\"M\u00e1s informaci\u00f3n sobre ARRETE N\u00b02025_25 DU 15 DECEMBRE 2025 ENGAGEANT LA MODIFICATION N\u00b04 DU PLUI\" tabindex=\"-1\" >\n\t\t\tLeer m\u00e1s \"\t\t<\/a>\n\n\t\t\t\t<\/div>\n\t\t\t\t<\/article>\n\t\t\t\t<\/div>\n\t\t\n\t\t\t\t\t\t<\/div>\n\t\t\t\t<\/div>\n\t\t\t\t\t<\/div>\n\t\t\t\t<\/div>\n\t\t\t\t<\/div>","protected":false},"excerpt":{"rendered":"<p>Modification n\u00b04 du Plan Local d&rsquo;Urbanisme Intercommunal Pr\u00e9sentation du projet La modification n\u00b04 du PLUi est engag\u00e9e afin d&rsquo;autoriser l\u2019am\u00e9nagement d\u2019un hameau l\u00e9ger (constitu\u00e9 de<\/p>","protected":false},"author":4,"featured_media":0,"parent":20829,"menu_order":0,"comment_status":"closed","ping_status":"closed","template":"","meta":{"footnotes":""},"class_list":["post-30640","page","type-page","status-publish","hentry"],"yoast_head":"<!-- This site is optimized with the Yoast SEO plugin v27.4 - https:\/\/yoast.com\/product\/yoast-seo-wordpress\/ -->\n<title>Modification n\u00b04 - Communaut\u00e9 de communes du Quercy Rouergue et des Gorges de l&#039;Aveyron<\/title>\n<meta name=\"robots\" content=\"index, follow, max-snippet:-1, max-image-preview:large, max-video-preview:-1\" \/>\n<link rel=\"canonical\" href=\"https:\/\/cc-qrga.fr\/es\/plui\/modification-plui-qrga-4\/\" \/>\n<meta property=\"og:locale\" content=\"es_ES\" \/>\n<meta property=\"og:type\" content=\"article\" \/>\n<meta property=\"og:title\" content=\"Modification n\u00b04 - Communaut\u00e9 de communes du Quercy Rouergue et des Gorges de l&#039;Aveyron\" \/>\n<meta property=\"og:description\" content=\"Modification n\u00b04 du Plan Local d&rsquo;Urbanisme Intercommunal Pr\u00e9sentation du projet La modification n\u00b04 du PLUi est engag\u00e9e afin d&rsquo;autoriser l\u2019am\u00e9nagement d\u2019un hameau l\u00e9ger (constitu\u00e9 de\" \/>\n<meta property=\"og:url\" content=\"https:\/\/cc-qrga.fr\/es\/plui\/modification-plui-qrga-4\/\" \/>\n<meta property=\"og:site_name\" content=\"Communaut\u00e9 de communes du Quercy Rouergue et des Gorges de l&#039;Aveyron\" \/>\n<meta property=\"article:modified_time\" content=\"2025-12-16T09:33:31+00:00\" \/>\n<meta property=\"og:image\" content=\"https:\/\/cc-qrga.fr\/wp-content\/uploads\/2025\/12\/Logo-PLUi.png\" \/>\n\t<meta property=\"og:image:width\" content=\"631\" \/>\n\t<meta property=\"og:image:height\" content=\"557\" \/>\n\t<meta property=\"og:image:type\" content=\"image\/png\" \/>\n<meta name=\"twitter:card\" content=\"summary_large_image\" \/>\n<meta name=\"twitter:label1\" content=\"Tiempo de lectura\" \/>\n\t<meta name=\"twitter:data1\" content=\"2 minutos\" \/>\n<script type=\"application\/ld+json\" class=\"yoast-schema-graph\">{\"@context\":\"https:\\\/\\\/schema.org\",\"@graph\":[{\"@type\":\"WebPage\",\"@id\":\"https:\\\/\\\/cc-qrga.fr\\\/plui\\\/modification-plui-qrga-4\\\/\",\"url\":\"https:\\\/\\\/cc-qrga.fr\\\/plui\\\/modification-plui-qrga-4\\\/\",\"name\":\"Modification n\u00b04 - Communaut\u00e9 de communes du Quercy Rouergue et des Gorges de l&#039;Aveyron\",\"isPartOf\":{\"@id\":\"https:\\\/\\\/cc-qrga.fr\\\/#website\"},\"primaryImageOfPage\":{\"@id\":\"https:\\\/\\\/cc-qrga.fr\\\/plui\\\/modification-plui-qrga-4\\\/#primaryimage\"},\"image\":{\"@id\":\"https:\\\/\\\/cc-qrga.fr\\\/plui\\\/modification-plui-qrga-4\\\/#primaryimage\"},\"thumbnailUrl\":\"https:\\\/\\\/cc-qrga.fr\\\/wp-content\\\/uploads\\\/2025\\\/12\\\/Logo-PLUi-150x150.png\",\"datePublished\":\"2025-12-16T09:32:44+00:00\",\"dateModified\":\"2025-12-16T09:33:31+00:00\",\"breadcrumb\":{\"@id\":\"https:\\\/\\\/cc-qrga.fr\\\/plui\\\/modification-plui-qrga-4\\\/#breadcrumb\"},\"inLanguage\":\"es\",\"potentialAction\":[{\"@type\":\"ReadAction\",\"target\":[\"https:\\\/\\\/cc-qrga.fr\\\/plui\\\/modification-plui-qrga-4\\\/\"]}]},{\"@type\":\"ImageObject\",\"inLanguage\":\"es\",\"@id\":\"https:\\\/\\\/cc-qrga.fr\\\/plui\\\/modification-plui-qrga-4\\\/#primaryimage\",\"url\":\"https:\\\/\\\/cc-qrga.fr\\\/wp-content\\\/uploads\\\/2025\\\/12\\\/Logo-PLUi-150x150.png\",\"contentUrl\":\"https:\\\/\\\/cc-qrga.fr\\\/wp-content\\\/uploads\\\/2025\\\/12\\\/Logo-PLUi-150x150.png\"},{\"@type\":\"BreadcrumbList\",\"@id\":\"https:\\\/\\\/cc-qrga.fr\\\/plui\\\/modification-plui-qrga-4\\\/#breadcrumb\",\"itemListElement\":[{\"@type\":\"ListItem\",\"position\":1,\"name\":\"Accueil\",\"item\":\"https:\\\/\\\/cc-qrga.fr\\\/\"},{\"@type\":\"ListItem\",\"position\":2,\"name\":\"Plan Local d&rsquo;Urbanisme Intercommunal\",\"item\":\"https:\\\/\\\/cc-qrga.fr\\\/plui\\\/\"},{\"@type\":\"ListItem\",\"position\":3,\"name\":\"Modification n\u00b04\"}]},{\"@type\":\"WebSite\",\"@id\":\"https:\\\/\\\/cc-qrga.fr\\\/#website\",\"url\":\"https:\\\/\\\/cc-qrga.fr\\\/\",\"name\":\"Communaut\u00e9 de communes du Quercy Rouergue et des Gorges de l&#039;Aveyron\",\"description\":\"qrga\",\"potentialAction\":[{\"@type\":\"SearchAction\",\"target\":{\"@type\":\"EntryPoint\",\"urlTemplate\":\"https:\\\/\\\/cc-qrga.fr\\\/?s={search_term_string}\"},\"query-input\":{\"@type\":\"PropertyValueSpecification\",\"valueRequired\":true,\"valueName\":\"search_term_string\"}}],\"inLanguage\":\"es\"}]}<\/script>\n<!-- \/ Yoast SEO plugin. -->","yoast_head_json":{"title":"Modification n\u00b04 - Communaut\u00e9 de communes du Quercy Rouergue et des Gorges de l&#039;Aveyron","robots":{"index":"index","follow":"follow","max-snippet":"max-snippet:-1","max-image-preview":"max-image-preview:large","max-video-preview":"max-video-preview:-1"},"canonical":"https:\/\/cc-qrga.fr\/es\/plui\/modification-plui-qrga-4\/","og_locale":"es_ES","og_type":"article","og_title":"Modification n\u00b04 - Communaut\u00e9 de communes du Quercy Rouergue et des Gorges de l&#039;Aveyron","og_description":"Modification n\u00b04 du Plan Local d&rsquo;Urbanisme Intercommunal Pr\u00e9sentation du projet La modification n\u00b04 du PLUi est engag\u00e9e afin d&rsquo;autoriser l\u2019am\u00e9nagement d\u2019un hameau l\u00e9ger (constitu\u00e9 de","og_url":"https:\/\/cc-qrga.fr\/es\/plui\/modification-plui-qrga-4\/","og_site_name":"Communaut\u00e9 de communes du Quercy Rouergue et des Gorges de l&#039;Aveyron","article_modified_time":"2025-12-16T09:33:31+00:00","og_image":[{"width":631,"height":557,"url":"https:\/\/cc-qrga.fr\/wp-content\/uploads\/2025\/12\/Logo-PLUi.png","type":"image\/png"}],"twitter_card":"summary_large_image","twitter_misc":{"Tiempo de lectura":"2 minutos"},"schema":{"@context":"https:\/\/schema.org","@graph":[{"@type":"WebPage","@id":"https:\/\/cc-qrga.fr\/plui\/modification-plui-qrga-4\/","url":"https:\/\/cc-qrga.fr\/plui\/modification-plui-qrga-4\/","name":"Modification n\u00b04 - Communaut\u00e9 de communes du Quercy Rouergue et des Gorges de l&#039;Aveyron","isPartOf":{"@id":"https:\/\/cc-qrga.fr\/#website"},"primaryImageOfPage":{"@id":"https:\/\/cc-qrga.fr\/plui\/modification-plui-qrga-4\/#primaryimage"},"image":{"@id":"https:\/\/cc-qrga.fr\/plui\/modification-plui-qrga-4\/#primaryimage"},"thumbnailUrl":"https:\/\/cc-qrga.fr\/wp-content\/uploads\/2025\/12\/Logo-PLUi-150x150.png","datePublished":"2025-12-16T09:32:44+00:00","dateModified":"2025-12-16T09:33:31+00:00","breadcrumb":{"@id":"https:\/\/cc-qrga.fr\/plui\/modification-plui-qrga-4\/#breadcrumb"},"inLanguage":"es","potentialAction":[{"@type":"ReadAction","target":["https:\/\/cc-qrga.fr\/plui\/modification-plui-qrga-4\/"]}]},{"@type":"ImageObject","inLanguage":"es","@id":"https:\/\/cc-qrga.fr\/plui\/modification-plui-qrga-4\/#primaryimage","url":"https:\/\/cc-qrga.fr\/wp-content\/uploads\/2025\/12\/Logo-PLUi-150x150.png","contentUrl":"https:\/\/cc-qrga.fr\/wp-content\/uploads\/2025\/12\/Logo-PLUi-150x150.png"},{"@type":"BreadcrumbList","@id":"https:\/\/cc-qrga.fr\/plui\/modification-plui-qrga-4\/#breadcrumb","itemListElement":[{"@type":"ListItem","position":1,"name":"Accueil","item":"https:\/\/cc-qrga.fr\/"},{"@type":"ListItem","position":2,"name":"Plan Local d&rsquo;Urbanisme Intercommunal","item":"https:\/\/cc-qrga.fr\/plui\/"},{"@type":"ListItem","position":3,"name":"Modification n\u00b04"}]},{"@type":"WebSite","@id":"https:\/\/cc-qrga.fr\/#website","url":"https:\/\/cc-qrga.fr\/","name":"Mancomunidad de municipios de Quercy Rouergue y Gargantas del Aveyron","description":"qrga","potentialAction":[{"@type":"SearchAction","target":{"@type":"EntryPoint","urlTemplate":"https:\/\/cc-qrga.fr\/?s={search_term_string}"},"query-input":{"@type":"PropertyValueSpecification","valueRequired":true,"valueName":"search_term_string"}}],"inLanguage":"es"}]}},"_links":{"self":[{"href":"https:\/\/cc-qrga.fr\/es\/wp-json\/wp\/v2\/pages\/30640","targetHints":{"allow":["GET"]}}],"collection":[{"href":"https:\/\/cc-qrga.fr\/es\/wp-json\/wp\/v2\/pages"}],"about":[{"href":"https:\/\/cc-qrga.fr\/es\/wp-json\/wp\/v2\/types\/page"}],"author":[{"embeddable":true,"href":"https:\/\/cc-qrga.fr\/es\/wp-json\/wp\/v2\/users\/4"}],"replies":[{"embeddable":true,"href":"https:\/\/cc-qrga.fr\/es\/wp-json\/wp\/v2\/comments?post=30640"}],"version-history":[{"count":8,"href":"https:\/\/cc-qrga.fr\/es\/wp-json\/wp\/v2\/pages\/30640\/revisions"}],"predecessor-version":[{"id":30651,"href":"https:\/\/cc-qrga.fr\/es\/wp-json\/wp\/v2\/pages\/30640\/revisions\/30651"}],"up":[{"embeddable":true,"href":"https:\/\/cc-qrga.fr\/es\/wp-json\/wp\/v2\/pages\/20829"}],"wp:attachment":[{"href":"https:\/\/cc-qrga.fr\/es\/wp-json\/wp\/v2\/media?parent=30640"}],"curies":[{"name":"wp","href":"https:\/\/api.w.org\/{rel}","templated":true}]}}