{"id":621,"date":"2022-07-13T10:51:31","date_gmt":"2022-07-13T08:51:31","guid":{"rendered":"https:\/\/cc-qrga.fr\/?page_id=621"},"modified":"2022-09-26T14:29:45","modified_gmt":"2022-09-26T12:29:45","slug":"reglement-local-de-publicite-intercommunal-rlpi%ef%bf%bc","status":"publish","type":"page","link":"https:\/\/cc-qrga.fr\/es\/urbanisme-qui-fait-quoi\/reglement-local-de-publicite-intercommunal-rlpi%ef%bf%bc\/","title":{"rendered":"\u00a0R\u00e8glement Local de Publicit\u00e9 Intercommunal (RLPi)"},"content":{"rendered":"<div data-elementor-type=\"wp-page\" data-elementor-id=\"621\" class=\"elementor elementor-621\" data-elementor-post-type=\"page\">\n\t\t\t\t\t\t<section class=\"has_eae_slider elementor-section elementor-top-section elementor-element elementor-element-cf77d0b elementor-section-boxed elementor-section-height-default elementor-section-height-default\" data-eae-slider=\"97570\" data-id=\"cf77d0b\" data-element_type=\"section\" data-e-type=\"section\">\n\t\t\t\t\t\t<div class=\"elementor-container elementor-column-gap-default\">\n\t\t\t\t\t<div class=\"has_eae_slider elementor-column elementor-col-50 elementor-top-column elementor-element elementor-element-c8fb8dc\" data-eae-slider=\"60497\" data-id=\"c8fb8dc\" data-element_type=\"column\" data-e-type=\"column\">\n\t\t\t<div class=\"elementor-widget-wrap elementor-element-populated\">\n\t\t\t\t\t\t<div class=\"elementor-element elementor-element-99f9db4 elementor-widget elementor-widget-heading\" data-id=\"99f9db4\" data-element_type=\"widget\" data-e-type=\"widget\" data-widget_type=\"heading.default\">\n\t\t\t\t<div class=\"elementor-widget-container\">\n\t\t\t\t\t<h1 class=\"elementor-heading-title elementor-size-default\">\u00c9laboration d\u2019un R\u00e8glement Local de Publicit\u00e9\n<\/h1>\t\t\t\t<\/div>\n\t\t\t\t<\/div>\n\t\t\t\t<div class=\"elementor-element elementor-element-2fd15ac elementor-widget elementor-widget-text-editor\" data-id=\"2fd15ac\" data-element_type=\"widget\" data-e-type=\"widget\" data-widget_type=\"text-editor.default\">\n\t\t\t\t<div class=\"elementor-widget-container\">\n\t\t\t\t\t\t\t\t\t<p>Le 25 juin 2019, le Conseil Communautaire a prescrit l\u2019\u00e9laboration d\u2019un R\u00e8glement Local de Publicit\u00e9 Intercommunal (RLPI) sur l\u2019ensemble de la Communaut\u00e9 de Communes afin de r\u00e9pondre \u00e0 l\u2019enjeu de ma\u00eetrise de l\u2019affichage publicitaire.<\/p><p>Notre territoire dispose en effet d\u2019un patrimoine naturel, historique et paysager tr\u00e8s important qui est \u00e0 l\u2019origine d\u2019une grande part de son attractivit\u00e9 r\u00e9sidentielle et constitue le fondement de son \u00e9conomie touristique. Ces activit\u00e9s, ainsi que la pr\u00e9sence de trois axes routiers structurants, sont \u00e0 l\u2019origine d\u2019une pression publicitaire importante li\u00e9e \u00e0 une volont\u00e9, l\u00e9gitime, des acteurs locaux de disposer d\u2019une bonne visibilit\u00e9, notamment aux abords des zones touristiques. L\u2019affichage abondant li\u00e9 aux, animations, \u00e9v\u00e8nements et aux activit\u00e9s associatives peut \u00e9galement entra\u00eener localement une saturation visuelle, \u00e0 l\u2019origine d\u2019une d\u00e9gradation du cadre de vie.<\/p><p>Afin de conjuguer l\u2019information apport\u00e9e au public en mati\u00e8re d\u2019activit\u00e9s \u00e9conomiques ou associatives, et la pr\u00e9servation des ensembles architecturaux et des paysages, il est n\u00e9cessaire de disposer d\u2019un document r\u00e9gulant l\u2019affichage de la publicit\u00e9. Le R\u00e8glement Local de Publicit\u00e9 Intercommunal, \u00e9labor\u00e9 dans le cadre des textes du Code de l\u2019Environnement, permettra de r\u00e9pondre \u00e0 cette probl\u00e9matique.<\/p><p>Le d\u00e9marrage de cette \u00e9tude est pr\u00e9vu au cours de l\u2019automne 2020.<\/p><p>Le document peut \u00eatre t\u00e9l\u00e9charg\u00e9 ici : <a href=\"https:\/\/cc-qrga.fr\/wp-content\/uploads\/2019\/07\/1-D%C3%A9lib%C3%A9ration-prescription-RLPI-du-25-juin-2019.pdf\">d\u00e9lib\u00e9ration du 25 juin 2019<\/a><\/p>\t\t\t\t\t\t\t\t<\/div>\n\t\t\t\t<\/div>\n\t\t\t\t\t<\/div>\n\t\t<\/div>\n\t\t\t\t<div class=\"has_eae_slider elementor-column elementor-col-50 elementor-top-column elementor-element elementor-element-e409601\" data-eae-slider=\"24618\" data-id=\"e409601\" data-element_type=\"column\" data-e-type=\"column\">\n\t\t\t<div class=\"elementor-widget-wrap elementor-element-populated\">\n\t\t\t\t\t\t<div class=\"elementor-element elementor-element-5c86dfa elementor-widget elementor-widget-heading\" data-id=\"5c86dfa\" data-element_type=\"widget\" data-e-type=\"widget\" data-widget_type=\"heading.default\">\n\t\t\t\t<div class=\"elementor-widget-container\">\n\t\t\t\t\t<h1 class=\"elementor-heading-title elementor-size-default\">[RLPi] Diagnostic provisoire\n<\/h1>\t\t\t\t<\/div>\n\t\t\t\t<\/div>\n\t\t\t\t<div class=\"elementor-element elementor-element-42097b1 elementor-widget elementor-widget-text-editor\" data-id=\"42097b1\" data-element_type=\"widget\" data-e-type=\"widget\" data-widget_type=\"text-editor.default\">\n\t\t\t\t<div class=\"elementor-widget-container\">\n\t\t\t\t\t\t\t\t\t<p>Dans le cadre de l\u2019\u00e9laboration d\u2019un R\u00e8glement Local de Publicit\u00e9 Intercommunal (RLPi), un premier diagnostic a \u00e9t\u00e9 \u00e9tabli concernant l\u2019implantation des dispositifs publicitaires sur le territoire QRGA au regard du contexte juridique actuel (r\u00e8glement national de publicit\u00e9), des sites embl\u00e9matiques et de la morphologie des espaces b\u00e2tis des villages et hameaux.<\/p><p>Ce diagnostic provisoire est t\u00e9l\u00e9chargeable via le lien ci-apr\u00e8s :<\/p><p><a href=\"https:\/\/cc-qrga.fr\/wp-content\/uploads\/2020-11-01_diagnostic_RLPi.pdf\">Diagnostic RLPi \u2013 Novembre 2020 (PDF 60 MO)<\/a><\/p><p>Les \u00e9l\u00e9ments pr\u00e9sent\u00e9s serviront de support aux \u00e9changes dans le cadre d\u2019ateliers programm\u00e9s au cours de cette ann\u00e9e 2021, et associant les parties de la soci\u00e9t\u00e9 civile directement concern\u00e9es par cette probl\u00e9matique.<\/p>\t\t\t\t\t\t\t\t<\/div>\n\t\t\t\t<\/div>\n\t\t\t\t<div class=\"elementor-element elementor-element-c975385 elementor-widget elementor-widget-image\" data-id=\"c975385\" data-element_type=\"widget\" data-e-type=\"widget\" data-widget_type=\"image.default\">\n\t\t\t\t<div class=\"elementor-widget-container\">\n\t\t\t\t\t\t\t\t\t\t\t\t\t\t\t<img fetchpriority=\"high\" decoding=\"async\" width=\"310\" height=\"165\" src=\"https:\/\/cc-qrga.fr\/wp-content\/uploads\/2022\/08\/Logo_RLPi_thb-grand-310x165-1.png\" class=\"attachment-large size-large wp-image-15123\" alt=\"\" srcset=\"https:\/\/cc-qrga.fr\/wp-content\/uploads\/2022\/08\/Logo_RLPi_thb-grand-310x165-1.png 310w, https:\/\/cc-qrga.fr\/wp-content\/uploads\/2022\/08\/Logo_RLPi_thb-grand-310x165-1-300x160.png 300w\" sizes=\"(max-width: 310px) 100vw, 310px\" \/>\t\t\t\t\t\t\t\t\t\t\t\t\t\t\t<\/div>\n\t\t\t\t<\/div>\n\t\t\t\t\t<\/div>\n\t\t<\/div>\n\t\t\t\t\t<\/div>\n\t\t<\/section>\n\t\t\t\t<\/div>","protected":false},"excerpt":{"rendered":"<p>\u00c9laboration d\u2019un R\u00e8glement Local de Publicit\u00e9 Le 25 juin 2019, le Conseil Communautaire a prescrit l\u2019\u00e9laboration d\u2019un R\u00e8glement Local de Publicit\u00e9 Intercommunal (RLPI) sur l\u2019ensemble de la Communaut\u00e9 de Communes afin de r\u00e9pondre \u00e0 l\u2019enjeu de ma\u00eetrise de l\u2019affichage publicitaire. Notre territoire dispose en effet d\u2019un patrimoine naturel, historique et paysager tr\u00e8s important qui est [&hellip;]<\/p>","protected":false},"author":22,"featured_media":0,"parent":137,"menu_order":0,"comment_status":"closed","ping_status":"closed","template":"","meta":{"footnotes":""},"class_list":["post-621","page","type-page","status-publish","hentry"],"yoast_head":"<!-- This site is optimized with the Yoast SEO plugin v27.4 - https:\/\/yoast.com\/product\/yoast-seo-wordpress\/ -->\n<title>\u00a0R\u00e8glement Local de Publicit\u00e9 Intercommunal (RLPi) - Communaut\u00e9 de communes du Quercy Rouergue et des Gorges de l&#039;Aveyron<\/title>\n<meta name=\"robots\" content=\"index, follow, max-snippet:-1, max-image-preview:large, max-video-preview:-1\" \/>\n<link rel=\"canonical\" href=\"https:\/\/cc-qrga.fr\/es\/urbanisme-qui-fait-quoi\/reglement-local-de-publicite-intercommunal-rlpi\ufffc\/\" \/>\n<meta property=\"og:locale\" content=\"es_ES\" \/>\n<meta property=\"og:type\" content=\"article\" \/>\n<meta property=\"og:title\" content=\"\u00a0R\u00e8glement Local de Publicit\u00e9 Intercommunal (RLPi) - Communaut\u00e9 de communes du Quercy Rouergue et des Gorges de l&#039;Aveyron\" \/>\n<meta property=\"og:description\" content=\"\u00c9laboration d\u2019un R\u00e8glement Local de Publicit\u00e9 Le 25 juin 2019, le Conseil Communautaire a prescrit l\u2019\u00e9laboration d\u2019un R\u00e8glement Local de Publicit\u00e9 Intercommunal (RLPI) sur l\u2019ensemble de la Communaut\u00e9 de Communes afin de r\u00e9pondre \u00e0 l\u2019enjeu de ma\u00eetrise de l\u2019affichage publicitaire. Notre territoire dispose en effet d\u2019un patrimoine naturel, historique et paysager tr\u00e8s important qui est [&hellip;]\" \/>\n<meta property=\"og:url\" content=\"https:\/\/cc-qrga.fr\/es\/urbanisme-qui-fait-quoi\/reglement-local-de-publicite-intercommunal-rlpi\ufffc\/\" \/>\n<meta property=\"og:site_name\" content=\"Communaut\u00e9 de communes du Quercy Rouergue et des Gorges de l&#039;Aveyron\" \/>\n<meta property=\"article:modified_time\" content=\"2022-09-26T12:29:45+00:00\" \/>\n<meta property=\"og:image\" content=\"https:\/\/cc-qrga.fr\/wp-content\/uploads\/2022\/08\/Logo_RLPi_thb-grand-310x165-1.png\" \/>\n<meta name=\"twitter:card\" content=\"summary_large_image\" \/>\n<meta name=\"twitter:label1\" content=\"Tiempo de lectura\" \/>\n\t<meta name=\"twitter:data1\" content=\"2 minutos\" \/>\n<script type=\"application\/ld+json\" class=\"yoast-schema-graph\">{\"@context\":\"https:\\\/\\\/schema.org\",\"@graph\":[{\"@type\":\"WebPage\",\"@id\":\"https:\\\/\\\/cc-qrga.fr\\\/urbanisme-qui-fait-quoi\\\/reglement-local-de-publicite-intercommunal-rlpi%ef%bf%bc\\\/\",\"url\":\"https:\\\/\\\/cc-qrga.fr\\\/urbanisme-qui-fait-quoi\\\/reglement-local-de-publicite-intercommunal-rlpi%ef%bf%bc\\\/\",\"name\":\"\u00a0R\u00e8glement Local de Publicit\u00e9 Intercommunal (RLPi) - Communaut\u00e9 de communes du Quercy Rouergue et des Gorges de l&#039;Aveyron\",\"isPartOf\":{\"@id\":\"https:\\\/\\\/cc-qrga.fr\\\/#website\"},\"primaryImageOfPage\":{\"@id\":\"https:\\\/\\\/cc-qrga.fr\\\/urbanisme-qui-fait-quoi\\\/reglement-local-de-publicite-intercommunal-rlpi%ef%bf%bc\\\/#primaryimage\"},\"image\":{\"@id\":\"https:\\\/\\\/cc-qrga.fr\\\/urbanisme-qui-fait-quoi\\\/reglement-local-de-publicite-intercommunal-rlpi%ef%bf%bc\\\/#primaryimage\"},\"thumbnailUrl\":\"https:\\\/\\\/cc-qrga.fr\\\/wp-content\\\/uploads\\\/2022\\\/08\\\/Logo_RLPi_thb-grand-310x165-1.png\",\"datePublished\":\"2022-07-13T08:51:31+00:00\",\"dateModified\":\"2022-09-26T12:29:45+00:00\",\"breadcrumb\":{\"@id\":\"https:\\\/\\\/cc-qrga.fr\\\/urbanisme-qui-fait-quoi\\\/reglement-local-de-publicite-intercommunal-rlpi%ef%bf%bc\\\/#breadcrumb\"},\"inLanguage\":\"es\",\"potentialAction\":[{\"@type\":\"ReadAction\",\"target\":[\"https:\\\/\\\/cc-qrga.fr\\\/urbanisme-qui-fait-quoi\\\/reglement-local-de-publicite-intercommunal-rlpi%ef%bf%bc\\\/\"]}]},{\"@type\":\"ImageObject\",\"inLanguage\":\"es\",\"@id\":\"https:\\\/\\\/cc-qrga.fr\\\/urbanisme-qui-fait-quoi\\\/reglement-local-de-publicite-intercommunal-rlpi%ef%bf%bc\\\/#primaryimage\",\"url\":\"https:\\\/\\\/cc-qrga.fr\\\/wp-content\\\/uploads\\\/2022\\\/08\\\/Logo_RLPi_thb-grand-310x165-1.png\",\"contentUrl\":\"https:\\\/\\\/cc-qrga.fr\\\/wp-content\\\/uploads\\\/2022\\\/08\\\/Logo_RLPi_thb-grand-310x165-1.png\"},{\"@type\":\"BreadcrumbList\",\"@id\":\"https:\\\/\\\/cc-qrga.fr\\\/urbanisme-qui-fait-quoi\\\/reglement-local-de-publicite-intercommunal-rlpi%ef%bf%bc\\\/#breadcrumb\",\"itemListElement\":[{\"@type\":\"ListItem\",\"position\":1,\"name\":\"Accueil\",\"item\":\"https:\\\/\\\/cc-qrga.fr\\\/\"},{\"@type\":\"ListItem\",\"position\":2,\"name\":\"Urbanisme : qui fait quoi ?\",\"item\":\"https:\\\/\\\/cc-qrga.fr\\\/urbanisme-qui-fait-quoi\\\/\"},{\"@type\":\"ListItem\",\"position\":3,\"name\":\"\u00a0R\u00e8glement Local de Publicit\u00e9 Intercommunal (RLPi)\"}]},{\"@type\":\"WebSite\",\"@id\":\"https:\\\/\\\/cc-qrga.fr\\\/#website\",\"url\":\"https:\\\/\\\/cc-qrga.fr\\\/\",\"name\":\"Communaut\u00e9 de communes du Quercy Rouergue et des Gorges de l&#039;Aveyron\",\"description\":\"qrga\",\"potentialAction\":[{\"@type\":\"SearchAction\",\"target\":{\"@type\":\"EntryPoint\",\"urlTemplate\":\"https:\\\/\\\/cc-qrga.fr\\\/?s={search_term_string}\"},\"query-input\":{\"@type\":\"PropertyValueSpecification\",\"valueRequired\":true,\"valueName\":\"search_term_string\"}}],\"inLanguage\":\"es\"}]}<\/script>\n<!-- \/ Yoast SEO plugin. -->","yoast_head_json":{"title":"\u00a0R\u00e8glement Local de Publicit\u00e9 Intercommunal (RLPi) - Communaut\u00e9 de communes du Quercy Rouergue et des Gorges de l&#039;Aveyron","robots":{"index":"index","follow":"follow","max-snippet":"max-snippet:-1","max-image-preview":"max-image-preview:large","max-video-preview":"max-video-preview:-1"},"canonical":"https:\/\/cc-qrga.fr\/es\/urbanisme-qui-fait-quoi\/reglement-local-de-publicite-intercommunal-rlpi\ufffc\/","og_locale":"es_ES","og_type":"article","og_title":"\u00a0R\u00e8glement Local de Publicit\u00e9 Intercommunal (RLPi) - Communaut\u00e9 de communes du Quercy Rouergue et des Gorges de l&#039;Aveyron","og_description":"\u00c9laboration d\u2019un R\u00e8glement Local de Publicit\u00e9 Le 25 juin 2019, le Conseil Communautaire a prescrit l\u2019\u00e9laboration d\u2019un R\u00e8glement Local de Publicit\u00e9 Intercommunal (RLPI) sur l\u2019ensemble de la Communaut\u00e9 de Communes afin de r\u00e9pondre \u00e0 l\u2019enjeu de ma\u00eetrise de l\u2019affichage publicitaire. Notre territoire dispose en effet d\u2019un patrimoine naturel, historique et paysager tr\u00e8s important qui est [&hellip;]","og_url":"https:\/\/cc-qrga.fr\/es\/urbanisme-qui-fait-quoi\/reglement-local-de-publicite-intercommunal-rlpi\ufffc\/","og_site_name":"Communaut\u00e9 de communes du Quercy Rouergue et des Gorges de l&#039;Aveyron","article_modified_time":"2022-09-26T12:29:45+00:00","og_image":[{"url":"https:\/\/cc-qrga.fr\/wp-content\/uploads\/2022\/08\/Logo_RLPi_thb-grand-310x165-1.png","type":"","width":"","height":""}],"twitter_card":"summary_large_image","twitter_misc":{"Tiempo de lectura":"2 minutos"},"schema":{"@context":"https:\/\/schema.org","@graph":[{"@type":"WebPage","@id":"https:\/\/cc-qrga.fr\/urbanisme-qui-fait-quoi\/reglement-local-de-publicite-intercommunal-rlpi%ef%bf%bc\/","url":"https:\/\/cc-qrga.fr\/urbanisme-qui-fait-quoi\/reglement-local-de-publicite-intercommunal-rlpi%ef%bf%bc\/","name":"\u00a0R\u00e8glement Local de Publicit\u00e9 Intercommunal (RLPi) - Communaut\u00e9 de communes du Quercy Rouergue et des Gorges de l&#039;Aveyron","isPartOf":{"@id":"https:\/\/cc-qrga.fr\/#website"},"primaryImageOfPage":{"@id":"https:\/\/cc-qrga.fr\/urbanisme-qui-fait-quoi\/reglement-local-de-publicite-intercommunal-rlpi%ef%bf%bc\/#primaryimage"},"image":{"@id":"https:\/\/cc-qrga.fr\/urbanisme-qui-fait-quoi\/reglement-local-de-publicite-intercommunal-rlpi%ef%bf%bc\/#primaryimage"},"thumbnailUrl":"https:\/\/cc-qrga.fr\/wp-content\/uploads\/2022\/08\/Logo_RLPi_thb-grand-310x165-1.png","datePublished":"2022-07-13T08:51:31+00:00","dateModified":"2022-09-26T12:29:45+00:00","breadcrumb":{"@id":"https:\/\/cc-qrga.fr\/urbanisme-qui-fait-quoi\/reglement-local-de-publicite-intercommunal-rlpi%ef%bf%bc\/#breadcrumb"},"inLanguage":"es","potentialAction":[{"@type":"ReadAction","target":["https:\/\/cc-qrga.fr\/urbanisme-qui-fait-quoi\/reglement-local-de-publicite-intercommunal-rlpi%ef%bf%bc\/"]}]},{"@type":"ImageObject","inLanguage":"es","@id":"https:\/\/cc-qrga.fr\/urbanisme-qui-fait-quoi\/reglement-local-de-publicite-intercommunal-rlpi%ef%bf%bc\/#primaryimage","url":"https:\/\/cc-qrga.fr\/wp-content\/uploads\/2022\/08\/Logo_RLPi_thb-grand-310x165-1.png","contentUrl":"https:\/\/cc-qrga.fr\/wp-content\/uploads\/2022\/08\/Logo_RLPi_thb-grand-310x165-1.png"},{"@type":"BreadcrumbList","@id":"https:\/\/cc-qrga.fr\/urbanisme-qui-fait-quoi\/reglement-local-de-publicite-intercommunal-rlpi%ef%bf%bc\/#breadcrumb","itemListElement":[{"@type":"ListItem","position":1,"name":"Accueil","item":"https:\/\/cc-qrga.fr\/"},{"@type":"ListItem","position":2,"name":"Urbanisme : qui fait quoi ?","item":"https:\/\/cc-qrga.fr\/urbanisme-qui-fait-quoi\/"},{"@type":"ListItem","position":3,"name":"\u00a0R\u00e8glement Local de Publicit\u00e9 Intercommunal (RLPi)"}]},{"@type":"WebSite","@id":"https:\/\/cc-qrga.fr\/#website","url":"https:\/\/cc-qrga.fr\/","name":"Mancomunidad de municipios de Quercy Rouergue y Gargantas del Aveyron","description":"qrga","potentialAction":[{"@type":"SearchAction","target":{"@type":"EntryPoint","urlTemplate":"https:\/\/cc-qrga.fr\/?s={search_term_string}"},"query-input":{"@type":"PropertyValueSpecification","valueRequired":true,"valueName":"search_term_string"}}],"inLanguage":"es"}]}},"_links":{"self":[{"href":"https:\/\/cc-qrga.fr\/es\/wp-json\/wp\/v2\/pages\/621","targetHints":{"allow":["GET"]}}],"collection":[{"href":"https:\/\/cc-qrga.fr\/es\/wp-json\/wp\/v2\/pages"}],"about":[{"href":"https:\/\/cc-qrga.fr\/es\/wp-json\/wp\/v2\/types\/page"}],"author":[{"embeddable":true,"href":"https:\/\/cc-qrga.fr\/es\/wp-json\/wp\/v2\/users\/22"}],"replies":[{"embeddable":true,"href":"https:\/\/cc-qrga.fr\/es\/wp-json\/wp\/v2\/comments?post=621"}],"version-history":[{"count":0,"href":"https:\/\/cc-qrga.fr\/es\/wp-json\/wp\/v2\/pages\/621\/revisions"}],"up":[{"embeddable":true,"href":"https:\/\/cc-qrga.fr\/es\/wp-json\/wp\/v2\/pages\/137"}],"wp:attachment":[{"href":"https:\/\/cc-qrga.fr\/es\/wp-json\/wp\/v2\/media?parent=621"}],"curies":[{"name":"wp","href":"https:\/\/api.w.org\/{rel}","templated":true}]}}