{"id":139,"date":"2022-07-07T09:47:09","date_gmt":"2022-07-07T07:47:09","guid":{"rendered":"https:\/\/cc-qrga.fr\/?page_id=139"},"modified":"2025-10-21T14:00:43","modified_gmt":"2025-10-21T12:00:43","slug":"eau-et-assainissement","status":"publish","type":"page","link":"https:\/\/cc-qrga.fr\/nl\/amenager-et-preserver\/eau-et-assainissement\/","title":{"rendered":"Eau et Assainissement"},"content":{"rendered":"<div data-elementor-type=\"wp-page\" data-elementor-id=\"139\" class=\"elementor elementor-139\" data-elementor-post-type=\"page\">\n\t\t\t\t\t\t<section class=\"has_eae_slider elementor-section elementor-top-section elementor-element elementor-element-0f14a1e elementor-section-boxed elementor-section-height-default elementor-section-height-default\" data-eae-slider=\"27184\" data-id=\"0f14a1e\" data-element_type=\"section\" data-e-type=\"section\">\n\t\t\t\t\t\t<div class=\"elementor-container elementor-column-gap-default\">\n\t\t\t\t\t<div class=\"has_eae_slider elementor-column elementor-col-50 elementor-top-column elementor-element elementor-element-67e0a38\" data-eae-slider=\"68105\" data-id=\"67e0a38\" data-element_type=\"column\" data-e-type=\"column\">\n\t\t\t<div class=\"elementor-widget-wrap elementor-element-populated\">\n\t\t\t\t\t\t<div class=\"elementor-element elementor-element-d4a2237 elementor-widget elementor-widget-heading\" data-id=\"d4a2237\" data-element_type=\"widget\" data-e-type=\"widget\" data-widget_type=\"heading.default\">\n\t\t\t\t<div class=\"elementor-widget-container\">\n\t\t\t\t\t<h1 class=\"elementor-heading-title elementor-size-default\">drinkwater<\/h1>\t\t\t\t<\/div>\n\t\t\t\t<\/div>\n\t\t\t\t<div class=\"elementor-element elementor-element-e7fdd4a elementor-widget-divider--view-line elementor-widget elementor-widget-divider\" data-id=\"e7fdd4a\" data-element_type=\"widget\" data-e-type=\"widget\" data-widget_type=\"divider.default\">\n\t\t\t\t<div class=\"elementor-widget-container\">\n\t\t\t\t\t\t\t<div class=\"elementor-divider\">\n\t\t\t<span class=\"elementor-divider-separator\">\n\t\t\t\t\t\t<\/span>\n\t\t<\/div>\n\t\t\t\t\t\t<\/div>\n\t\t\t\t<\/div>\n\t\t\t\t<div class=\"elementor-element elementor-element-71f1eed elementor-widget elementor-widget-text-editor\" data-id=\"71f1eed\" data-element_type=\"widget\" data-e-type=\"widget\" data-widget_type=\"text-editor.default\">\n\t\t\t\t<div class=\"elementor-widget-container\">\n\t\t\t\t\t\t\t\t\t<div>De afdeling drinkwater van de CCQRGA is verantwoordelijk voor de productie van drinkwater en het beheer van het netwerk voor het hele grondgebied van de Communaut\u00e9 de Communes (met uitzondering van de gemeenten Lagu\u00e9pie en Castanet). De waterafdeling beheert zes drinkwaterzuiveringsinstallaties en 700 km netwerk.<\/div><div>De technische teams van de drinkwaterafdeling controleren en onderhouden dagelijks het volledige waternetwerk, repareren vaak lekken en sluiten nieuwe woningen in de omgeving aan. Deze afdeling heeft een oproepteam dat 24 uur per dag, 7 dagen per week kan ingrijpen in geval van nood (lek, panne, enz.) om de continu\u00efteit van de waterdienst te verzekeren.<\/div><div>Het team dat verantwoordelijk is voor de productie van drinkwater controleert, ontwikkelt en optimaliseert de behandelingsprocessen in de drinkwaterzuiveringsinstallaties, met als doel water van hoge kwaliteit te leveren aan de bevolking.<\/div><div>Het werkteam, dat gespecialiseerd is in het vernieuwen van netwerken, vernieuwt het hele jaar door de meest verouderde netwerken.<\/div><div>Het administratief centrum heeft dit jaar een aantal veranderingen ondergaan om zo goed mogelijk te kunnen reageren op verzoeken van gebruikers.<\/div>\t\t\t\t\t\t\t\t<\/div>\n\t\t\t\t<\/div>\n\t\t\t\t\t<\/div>\n\t\t<\/div>\n\t\t\t\t<div class=\"has_eae_slider elementor-column elementor-col-50 elementor-top-column elementor-element elementor-element-408d052\" data-eae-slider=\"69678\" data-id=\"408d052\" data-element_type=\"column\" data-e-type=\"column\">\n\t\t\t<div class=\"elementor-widget-wrap elementor-element-populated\">\n\t\t\t\t\t\t<div class=\"elementor-element elementor-element-1556324 elementor-widget elementor-widget-image\" data-id=\"1556324\" data-element_type=\"widget\" data-e-type=\"widget\" data-widget_type=\"image.default\">\n\t\t\t\t<div class=\"elementor-widget-container\">\n\t\t\t\t\t\t\t\t\t\t\t\t\t\t\t<img fetchpriority=\"high\" decoding=\"async\" width=\"800\" height=\"534\" src=\"https:\/\/cc-qrga.fr\/wp-content\/uploads\/2022\/09\/pouring-purified-fresh-water-from-the-jug-in-glass-2021-09-02-21-42-45-utc-1024x683.jpg\" class=\"attachment-large size-large wp-image-16822\" alt=\"\" srcset=\"https:\/\/cc-qrga.fr\/wp-content\/uploads\/2022\/09\/pouring-purified-fresh-water-from-the-jug-in-glass-2021-09-02-21-42-45-utc-1024x683.jpg 1024w, https:\/\/cc-qrga.fr\/wp-content\/uploads\/2022\/09\/pouring-purified-fresh-water-from-the-jug-in-glass-2021-09-02-21-42-45-utc-300x200.jpg 300w, https:\/\/cc-qrga.fr\/wp-content\/uploads\/2022\/09\/pouring-purified-fresh-water-from-the-jug-in-glass-2021-09-02-21-42-45-utc-768x512.jpg 768w, https:\/\/cc-qrga.fr\/wp-content\/uploads\/2022\/09\/pouring-purified-fresh-water-from-the-jug-in-glass-2021-09-02-21-42-45-utc-1536x1024.jpg 1536w, https:\/\/cc-qrga.fr\/wp-content\/uploads\/2022\/09\/pouring-purified-fresh-water-from-the-jug-in-glass-2021-09-02-21-42-45-utc-2048x1365.jpg 2048w\" sizes=\"(max-width: 800px) 100vw, 800px\" \/>\t\t\t\t\t\t\t\t\t\t\t\t\t\t\t<\/div>\n\t\t\t\t<\/div>\n\t\t\t\t\t<\/div>\n\t\t<\/div>\n\t\t\t\t\t<\/div>\n\t\t<\/section>\n\t\t\t\t<section class=\"has_eae_slider elementor-section elementor-top-section elementor-element elementor-element-f53b546 elementor-section-boxed elementor-section-height-default elementor-section-height-default\" data-eae-slider=\"49062\" data-id=\"f53b546\" data-element_type=\"section\" data-e-type=\"section\" data-settings=\"{&quot;background_background&quot;:&quot;classic&quot;}\">\n\t\t\t\t\t\t<div class=\"elementor-container elementor-column-gap-default\">\n\t\t\t\t\t<div class=\"has_eae_slider elementor-column elementor-col-100 elementor-top-column elementor-element elementor-element-085c2e5\" data-eae-slider=\"99635\" data-id=\"085c2e5\" data-element_type=\"column\" data-e-type=\"column\">\n\t\t\t<div class=\"elementor-widget-wrap elementor-element-populated\">\n\t\t\t\t\t\t<div class=\"elementor-element elementor-element-0e3c1c3 elementor-widget elementor-widget-heading\" data-id=\"0e3c1c3\" data-element_type=\"widget\" data-e-type=\"widget\" data-widget_type=\"heading.default\">\n\t\t\t\t<div class=\"elementor-widget-container\">\n\t\t\t\t\t<h1 class=\"elementor-heading-title elementor-size-default\">CONTACT INFORMATION voor de waterafdeling<\/h1>\t\t\t\t<\/div>\n\t\t\t\t<\/div>\n\t\t\t\t<div class=\"elementor-element elementor-element-501360a elementor-widget elementor-widget-heading\" data-id=\"501360a\" data-element_type=\"widget\" data-e-type=\"widget\" data-widget_type=\"heading.default\">\n\t\t\t\t<div class=\"elementor-widget-container\">\n\t\t\t\t\t<h2 class=\"elementor-heading-title elementor-size-default\">Du territoire Quercy Rouergue &amp; gorges de l'Aveyron<\/h2>\t\t\t\t<\/div>\n\t\t\t\t<\/div>\n\t\t\t\t<div class=\"elementor-element elementor-element-2810fd1 elementor-widget elementor-widget-text-editor\" data-id=\"2810fd1\" data-element_type=\"widget\" data-e-type=\"widget\" data-widget_type=\"text-editor.default\">\n\t\t\t\t<div class=\"elementor-widget-container\">\n\t\t\t\t\t\t\t\t\t<p>De administratieve centra in Caylus en Saint-Antonin-Noble-Val zijn verantwoordelijk voor het abonneebeheer (facturering, betalingswijzen, abonnementen, opzeggingen, aansluitingsaanvragen, klachtenbehandeling, enz.)<\/p>\t\t\t\t\t\t\t\t<\/div>\n\t\t\t\t<\/div>\n\t\t\t\t<section class=\"has_eae_slider elementor-section elementor-inner-section elementor-element elementor-element-caaf332 elementor-section-boxed elementor-section-height-default elementor-section-height-default\" data-eae-slider=\"78582\" data-id=\"caaf332\" data-element_type=\"section\" data-e-type=\"section\">\n\t\t\t\t\t\t<div class=\"elementor-container elementor-column-gap-default\">\n\t\t\t\t\t<div class=\"has_eae_slider elementor-column elementor-col-100 elementor-inner-column elementor-element elementor-element-5145339\" data-eae-slider=\"61572\" data-id=\"5145339\" data-element_type=\"column\" data-e-type=\"column\">\n\t\t\t<div class=\"elementor-widget-wrap elementor-element-populated\">\n\t\t\t\t\t\t<div class=\"elementor-element elementor-element-1975310 elementor-widget elementor-widget-google_maps\" data-id=\"1975310\" data-element_type=\"widget\" data-e-type=\"widget\" data-widget_type=\"google_maps.default\">\n\t\t\t\t<div class=\"elementor-widget-container\">\n\t\t\t\t\t\t\t<div class=\"elementor-custom-embed\">\n\t\t\t<iframe loading=\"lazy\"\n\t\t\t\t\tsrc=\"https:\/\/maps.google.com\/maps?q=z.a%20le%20chirou%20Caylus&#038;t=m&#038;z=15&#038;output=embed&#038;iwloc=near\"\n\t\t\t\t\ttitle=\"z.a le chirou Caylus\"\n\t\t\t\t\taria-label=\"z.a le chirou Caylus\"\n\t\t\t><\/iframe>\n\t\t<\/div>\n\t\t\t\t\t\t<\/div>\n\t\t\t\t<\/div>\n\t\t\t\t\t<\/div>\n\t\t<\/div>\n\t\t\t\t\t<\/div>\n\t\t<\/section>\n\t\t\t\t<section class=\"has_eae_slider elementor-section elementor-inner-section elementor-element elementor-element-e519061 elementor-section-boxed elementor-section-height-default elementor-section-height-default\" data-eae-slider=\"89054\" data-id=\"e519061\" data-element_type=\"section\" data-e-type=\"section\">\n\t\t\t\t\t\t<div class=\"elementor-container elementor-column-gap-default\">\n\t\t\t\t\t<div class=\"has_eae_slider elementor-column elementor-col-100 elementor-inner-column elementor-element elementor-element-0f5d2d9\" data-eae-slider=\"90517\" data-id=\"0f5d2d9\" data-element_type=\"column\" data-e-type=\"column\" data-settings=\"{&quot;background_background&quot;:&quot;classic&quot;}\">\n\t\t\t<div class=\"elementor-widget-wrap elementor-element-populated\">\n\t\t\t\t\t\t<div class=\"elementor-element elementor-element-2ac4058 elementor-widget elementor-widget-heading\" data-id=\"2ac4058\" data-element_type=\"widget\" data-e-type=\"widget\" data-widget_type=\"heading.default\">\n\t\t\t\t<div class=\"elementor-widget-container\">\n\t\t\t\t\t<h3 class=\"elementor-heading-title elementor-size-default\">Administratief centrum Caylus<\/h3>\t\t\t\t<\/div>\n\t\t\t\t<\/div>\n\t\t\t\t<div class=\"elementor-element elementor-element-6724db1 elementor-widget elementor-widget-text-editor\" data-id=\"6724db1\" data-element_type=\"widget\" data-e-type=\"widget\" data-widget_type=\"text-editor.default\">\n\t\t\t\t<div class=\"elementor-widget-container\">\n\t\t\t\t\t\t\t\t\t<p>Cazals, Saint-Antonin-Noble-Val, Espinas, F\u00e9neyrols, Montrosier, Varen, Verfeil sur Seye,\u00a0<br \/><span style=\"color: var( --e-global-color-text ); font-family: var( --e-global-typography-text-font-family ), Sans-serif; font-weight: var( --e-global-typography-text-font-weight ); background-color: var( --e-global-color-a972220 ); font-size: 1rem;\">Mouillac, Caylus, Lacapelle-Livron, Loze, Saint-Projet, Puylagarde, Parisot\u00a0<\/span><\/p>\t\t\t\t\t\t\t\t<\/div>\n\t\t\t\t<\/div>\n\t\t\t\t<div class=\"elementor-element elementor-element-839c954 elementor-widget elementor-widget-heading\" data-id=\"839c954\" data-element_type=\"widget\" data-e-type=\"widget\" data-widget_type=\"heading.default\">\n\t\t\t\t<div class=\"elementor-widget-container\">\n\t\t\t\t\t<h2 class=\"elementor-heading-title elementor-size-default\">Telefoon: 05 63 65 75 42<\/h2>\t\t\t\t<\/div>\n\t\t\t\t<\/div>\n\t\t\t\t<div class=\"elementor-element elementor-element-9242c94 elementor-widget elementor-widget-heading\" data-id=\"9242c94\" data-element_type=\"widget\" data-e-type=\"widget\" data-widget_type=\"heading.default\">\n\t\t\t\t<div class=\"elementor-widget-container\">\n\t\t\t\t\t<h2 class=\"elementor-heading-title elementor-size-default\"><a href=\"\">Mail : &nbsp;<a href=\"mailto:eaux.caylus@cc-qrga.fr\" style=\", sans-serif;font-size: 16px\">eaux-caylus@cc-qrga.fr<\/a><\/a><\/h2>\t\t\t\t<\/div>\n\t\t\t\t<\/div>\n\t\t\t\t<div class=\"elementor-element elementor-element-290a86e elementor-widget elementor-widget-heading\" data-id=\"290a86e\" data-element_type=\"widget\" data-e-type=\"widget\" data-widget_type=\"heading.default\">\n\t\t\t\t<div class=\"elementor-widget-container\">\n\t\t\t\t\t<h3 class=\"elementor-heading-title elementor-size-default\">Dienstregeling<\/h3>\t\t\t\t<\/div>\n\t\t\t\t<\/div>\n\t\t\t\t<div class=\"elementor-element elementor-element-5791776 elementor-widget elementor-widget-text-editor\" data-id=\"5791776\" data-element_type=\"widget\" data-e-type=\"widget\" data-widget_type=\"text-editor.default\">\n\t\t\t\t<div class=\"elementor-widget-container\">\n\t\t\t\t\t\t\t\t\t<p>Maandag: 14u tot 16u30<\/p><p>Dinsdag: ochtend -\u00a0<span style=\"color: var( --e-global-color-text ); font-family: var( --e-global-typography-text-font-family ), Sans-serif; font-weight: var( --e-global-typography-text-font-weight ); background-color: var( --e-global-color-a972220 ); font-size: 1rem;\">9u tot 12u \/ 's middags\u00a0<\/span><span style=\"color: var( --e-global-color-text ); font-family: var( --e-global-typography-text-font-family ), Sans-serif; font-weight: var( --e-global-typography-text-font-weight ); background-color: var( --e-global-color-a972220 ); font-size: 1rem;\">14.00 tot 16.30 uur<\/span><\/p><p>Woensdag, donderdag, vrijdag: 9u tot 12u<\/p>\t\t\t\t\t\t\t\t<\/div>\n\t\t\t\t<\/div>\n\t\t\t\t\t<\/div>\n\t\t<\/div>\n\t\t\t\t\t<\/div>\n\t\t<\/section>\n\t\t\t\t\t<\/div>\n\t\t<\/div>\n\t\t\t\t\t<\/div>\n\t\t<\/section>\n\t\t\t\t<section class=\"has_eae_slider elementor-section elementor-top-section elementor-element elementor-element-64262b8 elementor-section-boxed elementor-section-height-default elementor-section-height-default\" data-eae-slider=\"51120\" data-id=\"64262b8\" data-element_type=\"section\" data-e-type=\"section\" data-settings=\"{&quot;background_background&quot;:&quot;classic&quot;}\">\n\t\t\t\t\t\t<div class=\"elementor-container elementor-column-gap-default\">\n\t\t\t\t\t<div class=\"has_eae_slider elementor-column elementor-col-100 elementor-top-column elementor-element elementor-element-4bb6f5b\" data-eae-slider=\"35232\" data-id=\"4bb6f5b\" data-element_type=\"column\" data-e-type=\"column\" data-settings=\"{&quot;background_background&quot;:&quot;classic&quot;}\">\n\t\t\t<div class=\"elementor-widget-wrap elementor-element-populated\">\n\t\t\t\t\t\t<div class=\"elementor-element elementor-element-d199dd6 elementor-widget elementor-widget-heading\" data-id=\"d199dd6\" data-element_type=\"widget\" data-e-type=\"widget\" data-widget_type=\"heading.default\">\n\t\t\t\t<div class=\"elementor-widget-container\">\n\t\t\t\t\t<h3 class=\"elementor-heading-title elementor-size-default\">aanwezigheidsdienst voor de waterafdeling<\/h3>\t\t\t\t<\/div>\n\t\t\t\t<\/div>\n\t\t\t\t<div class=\"elementor-element elementor-element-621d332 elementor-widget elementor-widget-heading\" data-id=\"621d332\" data-element_type=\"widget\" data-e-type=\"widget\" data-widget_type=\"heading.default\">\n\t\t\t\t<div class=\"elementor-widget-container\">\n\t\t\t\t\t<h5 class=\"elementor-heading-title elementor-size-default\"> Neem buiten de openingstijden contact op met deze dienst als een noodoproep vereist is.<\/h5>\t\t\t\t<\/div>\n\t\t\t\t<\/div>\n\t\t\t\t<div class=\"elementor-element elementor-element-665e67f elementor-widget elementor-widget-text-editor\" data-id=\"665e67f\" data-element_type=\"widget\" data-e-type=\"widget\" data-widget_type=\"text-editor.default\">\n\t\t\t\t<div class=\"elementor-widget-container\">\n\t\t\t\t\t\t\t\t\t<p>\u00a0<\/p><p>Als je een probleem hebt met lage druk, geen water of een lek op de openbare weg:<\/p><p><strong>T\u00e9l. 05 63 30 61 60<\/strong><\/p>\t\t\t\t\t\t\t\t<\/div>\n\t\t\t\t<\/div>\n\t\t\t\t\t<\/div>\n\t\t<\/div>\n\t\t\t\t\t<\/div>\n\t\t<\/section>\n\t\t\t\t<\/div>","protected":false},"excerpt":{"rendered":"<p>eau potable Le service de l&rsquo;eau potable de la CCQRGA est responsable de la production d&rsquo;eau potable ainsi que de l&rsquo;exploitation du r\u00e9seau sur l&rsquo;ensemble du territoire de la communaut\u00e9 de communes (except\u00e9 la commune de Lagu\u00e9pie et de Castanet). Le service de l&rsquo;eau g\u00e8re six stations de traitements d&rsquo;eau potable et 700 km de [&hellip;]<\/p>","protected":false},"author":22,"featured_media":0,"parent":28,"menu_order":0,"comment_status":"closed","ping_status":"closed","template":"","meta":{"footnotes":""},"class_list":["post-139","page","type-page","status-publish","hentry"],"yoast_head":"<!-- This site is optimized with the Yoast SEO plugin v27.3 - https:\/\/yoast.com\/product\/yoast-seo-wordpress\/ -->\n<title>Eau et Assainissement - Communaut\u00e9 de communes du Quercy Rouergue et des Gorges de l&#039;Aveyron<\/title>\n<meta name=\"description\" content=\"Le service de l\u2019eau potable de la CCQRGA est responsable de la production d\u2019eau potable ainsi que de l\u2019exploitation du r\u00e9seau sur l\u2019ensemble du territoire de la communaut\u00e9 de communes (except\u00e9 la commune de Lagu\u00e9pie et de Castanet). Le service de l\u2019eau g\u00e8re six stations de traitements d\u2019eau potable et 700 km de r\u00e9seau.\" \/>\n<meta name=\"robots\" content=\"index, follow, max-snippet:-1, max-image-preview:large, max-video-preview:-1\" \/>\n<link rel=\"canonical\" href=\"https:\/\/cc-qrga.fr\/nl\/amenager-et-preserver\/eau-et-assainissement\/\" \/>\n<meta property=\"og:locale\" content=\"nl_BE\" \/>\n<meta property=\"og:type\" content=\"article\" \/>\n<meta property=\"og:title\" content=\"Eau et Assainissement - Communaut\u00e9 de communes du Quercy Rouergue et des Gorges de l&#039;Aveyron\" \/>\n<meta property=\"og:description\" content=\"Le service de l\u2019eau potable de la CCQRGA est responsable de la production d\u2019eau potable ainsi que de l\u2019exploitation du r\u00e9seau sur l\u2019ensemble du territoire de la communaut\u00e9 de communes (except\u00e9 la commune de Lagu\u00e9pie et de Castanet). Le service de l\u2019eau g\u00e8re six stations de traitements d\u2019eau potable et 700 km de r\u00e9seau.\" \/>\n<meta property=\"og:url\" content=\"https:\/\/cc-qrga.fr\/nl\/amenager-et-preserver\/eau-et-assainissement\/\" \/>\n<meta property=\"og:site_name\" content=\"Communaut\u00e9 de communes du Quercy Rouergue et des Gorges de l&#039;Aveyron\" \/>\n<meta property=\"article:modified_time\" content=\"2025-10-21T12:00:43+00:00\" \/>\n<meta property=\"og:image\" content=\"https:\/\/cc-qrga.fr\/wp-content\/uploads\/2022\/09\/pouring-purified-fresh-water-from-the-jug-in-glass-2021-09-02-21-42-45-utc-scaled.jpg\" \/>\n\t<meta property=\"og:image:width\" content=\"2560\" \/>\n\t<meta property=\"og:image:height\" content=\"1707\" \/>\n\t<meta property=\"og:image:type\" content=\"image\/jpeg\" \/>\n<meta name=\"twitter:card\" content=\"summary_large_image\" \/>\n<meta name=\"twitter:label1\" content=\"Geschatte leestijd\" \/>\n\t<meta name=\"twitter:data1\" content=\"2 minuten\" \/>\n<script type=\"application\/ld+json\" class=\"yoast-schema-graph\">{\"@context\":\"https:\\\/\\\/schema.org\",\"@graph\":[{\"@type\":\"WebPage\",\"@id\":\"https:\\\/\\\/cc-qrga.fr\\\/amenager-et-preserver\\\/eau-et-assainissement\\\/\",\"url\":\"https:\\\/\\\/cc-qrga.fr\\\/amenager-et-preserver\\\/eau-et-assainissement\\\/\",\"name\":\"Eau et Assainissement - Communaut\u00e9 de communes du Quercy Rouergue et des Gorges de l&#039;Aveyron\",\"isPartOf\":{\"@id\":\"https:\\\/\\\/cc-qrga.fr\\\/#website\"},\"primaryImageOfPage\":{\"@id\":\"https:\\\/\\\/cc-qrga.fr\\\/amenager-et-preserver\\\/eau-et-assainissement\\\/#primaryimage\"},\"image\":{\"@id\":\"https:\\\/\\\/cc-qrga.fr\\\/amenager-et-preserver\\\/eau-et-assainissement\\\/#primaryimage\"},\"thumbnailUrl\":\"https:\\\/\\\/cc-qrga.fr\\\/wp-content\\\/uploads\\\/2022\\\/09\\\/pouring-purified-fresh-water-from-the-jug-in-glass-2021-09-02-21-42-45-utc-1024x683.jpg\",\"datePublished\":\"2022-07-07T07:47:09+00:00\",\"dateModified\":\"2025-10-21T12:00:43+00:00\",\"description\":\"Le service de l\u2019eau potable de la CCQRGA est responsable de la production d\u2019eau potable ainsi que de l\u2019exploitation du r\u00e9seau sur l\u2019ensemble du territoire de la communaut\u00e9 de communes (except\u00e9 la commune de Lagu\u00e9pie et de Castanet). Le service de l\u2019eau g\u00e8re six stations de traitements d\u2019eau potable et 700 km de r\u00e9seau.\",\"breadcrumb\":{\"@id\":\"https:\\\/\\\/cc-qrga.fr\\\/amenager-et-preserver\\\/eau-et-assainissement\\\/#breadcrumb\"},\"inLanguage\":\"nl-BE\",\"potentialAction\":[{\"@type\":\"ReadAction\",\"target\":[\"https:\\\/\\\/cc-qrga.fr\\\/amenager-et-preserver\\\/eau-et-assainissement\\\/\"]}]},{\"@type\":\"ImageObject\",\"inLanguage\":\"nl-BE\",\"@id\":\"https:\\\/\\\/cc-qrga.fr\\\/amenager-et-preserver\\\/eau-et-assainissement\\\/#primaryimage\",\"url\":\"https:\\\/\\\/cc-qrga.fr\\\/wp-content\\\/uploads\\\/2022\\\/09\\\/pouring-purified-fresh-water-from-the-jug-in-glass-2021-09-02-21-42-45-utc-1024x683.jpg\",\"contentUrl\":\"https:\\\/\\\/cc-qrga.fr\\\/wp-content\\\/uploads\\\/2022\\\/09\\\/pouring-purified-fresh-water-from-the-jug-in-glass-2021-09-02-21-42-45-utc-1024x683.jpg\"},{\"@type\":\"BreadcrumbList\",\"@id\":\"https:\\\/\\\/cc-qrga.fr\\\/amenager-et-preserver\\\/eau-et-assainissement\\\/#breadcrumb\",\"itemListElement\":[{\"@type\":\"ListItem\",\"position\":1,\"name\":\"Accueil\",\"item\":\"https:\\\/\\\/cc-qrga.fr\\\/\"},{\"@type\":\"ListItem\",\"position\":2,\"name\":\"am\u00e9nager et pr\u00e9server\",\"item\":\"https:\\\/\\\/cc-qrga.fr\\\/amenager-et-preserver\\\/\"},{\"@type\":\"ListItem\",\"position\":3,\"name\":\"Eau et Assainissement\"}]},{\"@type\":\"WebSite\",\"@id\":\"https:\\\/\\\/cc-qrga.fr\\\/#website\",\"url\":\"https:\\\/\\\/cc-qrga.fr\\\/\",\"name\":\"Communaut\u00e9 de communes du Quercy Rouergue et des Gorges de l&#039;Aveyron\",\"description\":\"qrga\",\"potentialAction\":[{\"@type\":\"SearchAction\",\"target\":{\"@type\":\"EntryPoint\",\"urlTemplate\":\"https:\\\/\\\/cc-qrga.fr\\\/?s={search_term_string}\"},\"query-input\":{\"@type\":\"PropertyValueSpecification\",\"valueRequired\":true,\"valueName\":\"search_term_string\"}}],\"inLanguage\":\"nl-BE\"}]}<\/script>\n<!-- \/ Yoast SEO plugin. -->","yoast_head_json":{"title":"Eau et Assainissement - Communaut\u00e9 de communes du Quercy Rouergue et des Gorges de l&#039;Aveyron","description":"Le service de l\u2019eau potable de la CCQRGA est responsable de la production d\u2019eau potable ainsi que de l\u2019exploitation du r\u00e9seau sur l\u2019ensemble du territoire de la communaut\u00e9 de communes (except\u00e9 la commune de Lagu\u00e9pie et de Castanet). Le service de l\u2019eau g\u00e8re six stations de traitements d\u2019eau potable et 700 km de r\u00e9seau.","robots":{"index":"index","follow":"follow","max-snippet":"max-snippet:-1","max-image-preview":"max-image-preview:large","max-video-preview":"max-video-preview:-1"},"canonical":"https:\/\/cc-qrga.fr\/nl\/amenager-et-preserver\/eau-et-assainissement\/","og_locale":"nl_BE","og_type":"article","og_title":"Eau et Assainissement - Communaut\u00e9 de communes du Quercy Rouergue et des Gorges de l&#039;Aveyron","og_description":"Le service de l\u2019eau potable de la CCQRGA est responsable de la production d\u2019eau potable ainsi que de l\u2019exploitation du r\u00e9seau sur l\u2019ensemble du territoire de la communaut\u00e9 de communes (except\u00e9 la commune de Lagu\u00e9pie et de Castanet). Le service de l\u2019eau g\u00e8re six stations de traitements d\u2019eau potable et 700 km de r\u00e9seau.","og_url":"https:\/\/cc-qrga.fr\/nl\/amenager-et-preserver\/eau-et-assainissement\/","og_site_name":"Communaut\u00e9 de communes du Quercy Rouergue et des Gorges de l&#039;Aveyron","article_modified_time":"2025-10-21T12:00:43+00:00","og_image":[{"width":2560,"height":1707,"url":"https:\/\/cc-qrga.fr\/wp-content\/uploads\/2022\/09\/pouring-purified-fresh-water-from-the-jug-in-glass-2021-09-02-21-42-45-utc-scaled.jpg","type":"image\/jpeg"}],"twitter_card":"summary_large_image","twitter_misc":{"Geschatte leestijd":"2 minuten"},"schema":{"@context":"https:\/\/schema.org","@graph":[{"@type":"WebPage","@id":"https:\/\/cc-qrga.fr\/amenager-et-preserver\/eau-et-assainissement\/","url":"https:\/\/cc-qrga.fr\/amenager-et-preserver\/eau-et-assainissement\/","name":"Eau et Assainissement - Communaut\u00e9 de communes du Quercy Rouergue et des Gorges de l&#039;Aveyron","isPartOf":{"@id":"https:\/\/cc-qrga.fr\/#website"},"primaryImageOfPage":{"@id":"https:\/\/cc-qrga.fr\/amenager-et-preserver\/eau-et-assainissement\/#primaryimage"},"image":{"@id":"https:\/\/cc-qrga.fr\/amenager-et-preserver\/eau-et-assainissement\/#primaryimage"},"thumbnailUrl":"https:\/\/cc-qrga.fr\/wp-content\/uploads\/2022\/09\/pouring-purified-fresh-water-from-the-jug-in-glass-2021-09-02-21-42-45-utc-1024x683.jpg","datePublished":"2022-07-07T07:47:09+00:00","dateModified":"2025-10-21T12:00:43+00:00","description":"Le service de l\u2019eau potable de la CCQRGA est responsable de la production d\u2019eau potable ainsi que de l\u2019exploitation du r\u00e9seau sur l\u2019ensemble du territoire de la communaut\u00e9 de communes (except\u00e9 la commune de Lagu\u00e9pie et de Castanet). Le service de l\u2019eau g\u00e8re six stations de traitements d\u2019eau potable et 700 km de r\u00e9seau.","breadcrumb":{"@id":"https:\/\/cc-qrga.fr\/amenager-et-preserver\/eau-et-assainissement\/#breadcrumb"},"inLanguage":"nl-BE","potentialAction":[{"@type":"ReadAction","target":["https:\/\/cc-qrga.fr\/amenager-et-preserver\/eau-et-assainissement\/"]}]},{"@type":"ImageObject","inLanguage":"nl-BE","@id":"https:\/\/cc-qrga.fr\/amenager-et-preserver\/eau-et-assainissement\/#primaryimage","url":"https:\/\/cc-qrga.fr\/wp-content\/uploads\/2022\/09\/pouring-purified-fresh-water-from-the-jug-in-glass-2021-09-02-21-42-45-utc-1024x683.jpg","contentUrl":"https:\/\/cc-qrga.fr\/wp-content\/uploads\/2022\/09\/pouring-purified-fresh-water-from-the-jug-in-glass-2021-09-02-21-42-45-utc-1024x683.jpg"},{"@type":"BreadcrumbList","@id":"https:\/\/cc-qrga.fr\/amenager-et-preserver\/eau-et-assainissement\/#breadcrumb","itemListElement":[{"@type":"ListItem","position":1,"name":"Accueil","item":"https:\/\/cc-qrga.fr\/"},{"@type":"ListItem","position":2,"name":"am\u00e9nager et pr\u00e9server","item":"https:\/\/cc-qrga.fr\/amenager-et-preserver\/"},{"@type":"ListItem","position":3,"name":"Eau et Assainissement"}]},{"@type":"WebSite","@id":"https:\/\/cc-qrga.fr\/#website","url":"https:\/\/cc-qrga.fr\/","name":"Gemeenschap van gemeenten van Quercy Rouergue en de Gorges de l'Aveyron","description":"qrga","potentialAction":[{"@type":"SearchAction","target":{"@type":"EntryPoint","urlTemplate":"https:\/\/cc-qrga.fr\/?s={search_term_string}"},"query-input":{"@type":"PropertyValueSpecification","valueRequired":true,"valueName":"search_term_string"}}],"inLanguage":"nl-BE"}]}},"_links":{"self":[{"href":"https:\/\/cc-qrga.fr\/nl\/wp-json\/wp\/v2\/pages\/139","targetHints":{"allow":["GET"]}}],"collection":[{"href":"https:\/\/cc-qrga.fr\/nl\/wp-json\/wp\/v2\/pages"}],"about":[{"href":"https:\/\/cc-qrga.fr\/nl\/wp-json\/wp\/v2\/types\/page"}],"author":[{"embeddable":true,"href":"https:\/\/cc-qrga.fr\/nl\/wp-json\/wp\/v2\/users\/22"}],"replies":[{"embeddable":true,"href":"https:\/\/cc-qrga.fr\/nl\/wp-json\/wp\/v2\/comments?post=139"}],"version-history":[{"count":0,"href":"https:\/\/cc-qrga.fr\/nl\/wp-json\/wp\/v2\/pages\/139\/revisions"}],"up":[{"embeddable":true,"href":"https:\/\/cc-qrga.fr\/nl\/wp-json\/wp\/v2\/pages\/28"}],"wp:attachment":[{"href":"https:\/\/cc-qrga.fr\/nl\/wp-json\/wp\/v2\/media?parent=139"}],"curies":[{"name":"wp","href":"https:\/\/api.w.org\/{rel}","templated":true}]}}