{"id":15186,"date":"2022-08-18T15:07:00","date_gmt":"2022-08-18T13:07:00","guid":{"rendered":"https:\/\/cc-qrga.fr\/?page_id=15186"},"modified":"2022-08-18T15:11:19","modified_gmt":"2022-08-18T13:11:19","slug":"livret-6","status":"publish","type":"page","link":"https:\/\/cc-qrga.fr\/nl\/livret-6\/","title":{"rendered":"Livret 6"},"content":{"rendered":"<div data-elementor-type=\"wp-page\" data-elementor-id=\"15186\" class=\"elementor elementor-15186\" data-elementor-post-type=\"page\">\n\t\t\t\t\t\t<section class=\"has_eae_slider elementor-section elementor-top-section elementor-element elementor-element-2380b06c elementor-section-boxed elementor-section-height-default elementor-section-height-default\" data-eae-slider=\"321\" data-id=\"2380b06c\" data-element_type=\"section\" data-e-type=\"section\">\n\t\t\t\t\t\t<div class=\"elementor-container elementor-column-gap-default\">\n\t\t\t\t\t<div class=\"has_eae_slider elementor-column elementor-col-100 elementor-top-column elementor-element elementor-element-4445e7e2\" data-eae-slider=\"55295\" data-id=\"4445e7e2\" data-element_type=\"column\" data-e-type=\"column\">\n\t\t\t<div class=\"elementor-widget-wrap elementor-element-populated\">\n\t\t\t\t\t\t<div class=\"elementor-element elementor-element-5433ebf elementor-widget elementor-widget-heading\" data-id=\"5433ebf\" data-element_type=\"widget\" data-e-type=\"widget\" data-widget_type=\"heading.default\">\n\t\t\t\t<div class=\"elementor-widget-container\">\n\t\t\t\t\t<h2 class=\"elementor-heading-title elementor-size-default\">QRGA handvest<\/h2>\t\t\t\t<\/div>\n\t\t\t\t<\/div>\n\t\t\t\t<div class=\"elementor-element elementor-element-685d53c7 elementor-widget elementor-widget-heading\" data-id=\"685d53c7\" data-element_type=\"widget\" data-e-type=\"widget\" data-widget_type=\"heading.default\">\n\t\t\t\t<div class=\"elementor-widget-container\">\n\t\t\t\t\t<h3 class=\"elementor-heading-title elementor-size-default\">Boekje 6: Een boerderij of klein bedrijf bouwen<\/h3>\t\t\t\t<\/div>\n\t\t\t\t<\/div>\n\t\t\t\t\t<\/div>\n\t\t<\/div>\n\t\t\t\t\t<\/div>\n\t\t<\/section>\n\t\t\t\t<section class=\"has_eae_slider elementor-section elementor-top-section elementor-element elementor-element-64c8fcb7 elementor-section-boxed elementor-section-height-default elementor-section-height-default\" data-eae-slider=\"10992\" data-id=\"64c8fcb7\" data-element_type=\"section\" data-e-type=\"section\">\n\t\t\t\t\t\t<div class=\"elementor-container elementor-column-gap-default\">\n\t\t\t\t\t<div class=\"has_eae_slider elementor-column elementor-col-100 elementor-top-column elementor-element elementor-element-2bf56510\" data-eae-slider=\"46959\" data-id=\"2bf56510\" data-element_type=\"column\" data-e-type=\"column\">\n\t\t\t<div class=\"elementor-widget-wrap elementor-element-populated\">\n\t\t\t\t\t\t<div class=\"elementor-element elementor-element-5ef96a33 elementor-widget elementor-widget-text-editor\" data-id=\"5ef96a33\" data-element_type=\"widget\" data-e-type=\"widget\" data-widget_type=\"text-editor.default\">\n\t\t\t\t<div class=\"elementor-widget-container\">\n\t\t\t\t\t\t\t\t\t<p>Agrarische gebouwen zijn een essentieel onderdeel van het landschap en het leven in de QRGA-regio. Gezien de enorme omvang van deze gebouwen, moet hun integratie in de omgeving vanaf het begin van elk project worden overwogen. Dit zesde boekje in het architectuurhandvest geeft advies over hoe dit te doen:<\/p><ul><li>om de volumes van zijn gebouw te plaatsen, ori\u00ebnteren en proportioneren,<\/li><li>het kiezen van materialen en kleuren,<\/li><li>de volumes van je gebouw plannen, ori\u00ebnteren en proportioneren<\/li><\/ul>\t\t\t\t\t\t\t\t<\/div>\n\t\t\t\t<\/div>\n\t\t\t\t\t<\/div>\n\t\t<\/div>\n\t\t\t\t\t<\/div>\n\t\t<\/section>\n\t\t\t\t<section class=\"has_eae_slider elementor-section elementor-top-section elementor-element elementor-element-24739388 elementor-section-boxed elementor-section-height-default elementor-section-height-default\" data-eae-slider=\"71303\" data-id=\"24739388\" data-element_type=\"section\" data-e-type=\"section\">\n\t\t\t\t\t\t<div class=\"elementor-container elementor-column-gap-default\">\n\t\t\t\t\t<div class=\"has_eae_slider elementor-column elementor-col-100 elementor-top-column elementor-element elementor-element-407a01f\" data-eae-slider=\"98735\" data-id=\"407a01f\" data-element_type=\"column\" data-e-type=\"column\">\n\t\t\t<div class=\"elementor-widget-wrap elementor-element-populated\">\n\t\t\t\t\t\t<div class=\"elementor-element elementor-element-6d3e356c elementor-widget elementor-widget-video\" data-id=\"6d3e356c\" data-element_type=\"widget\" data-e-type=\"widget\" data-settings=\"{&quot;youtube_url&quot;:&quot;https:\\\/\\\/youtu.be\\\/hfWufiJCYBI&quot;,&quot;video_type&quot;:&quot;youtube&quot;,&quot;controls&quot;:&quot;yes&quot;}\" data-widget_type=\"video.default\">\n\t\t\t\t<div class=\"elementor-widget-container\">\n\t\t\t\t\t\t\t<div class=\"elementor-wrapper elementor-open-inline\">\n\t\t\t<div class=\"elementor-video\"><\/div>\t\t<\/div>\n\t\t\t\t\t\t<\/div>\n\t\t\t\t<\/div>\n\t\t\t\t\t<\/div>\n\t\t<\/div>\n\t\t\t\t\t<\/div>\n\t\t<\/section>\n\t\t\t\t<\/div>","protected":false},"excerpt":{"rendered":"<p>Charte architecturale QRGA Livret 6 : construire un b\u00e2timent agricole ou artisanal Le b\u00e2ti agricole est une composante essentielle du paysage et de la vie du territoire QRGA . Au regard du volume important de ces b\u00e2timents, leur int\u00e9gration dans l\u2019environnement doit \u00eatre pens\u00e9e en amont de tout projet. En appui de cette r\u00e9flexion, ce [&hellip;]<\/p>","protected":false},"author":22,"featured_media":0,"parent":0,"menu_order":0,"comment_status":"closed","ping_status":"closed","template":"","meta":{"footnotes":""},"class_list":["post-15186","page","type-page","status-publish","hentry"],"yoast_head":"<!-- This site is optimized with the Yoast SEO plugin v27.5 - https:\/\/yoast.com\/product\/yoast-seo-wordpress\/ -->\n<title>Livret 6 - Communaut\u00e9 de communes du Quercy Rouergue et des Gorges de l&#039;Aveyron<\/title>\n<meta name=\"robots\" content=\"index, follow, max-snippet:-1, max-image-preview:large, max-video-preview:-1\" \/>\n<link rel=\"canonical\" href=\"https:\/\/cc-qrga.fr\/nl\/livret-6\/\" \/>\n<meta property=\"og:locale\" content=\"nl_BE\" \/>\n<meta property=\"og:type\" content=\"article\" \/>\n<meta property=\"og:title\" content=\"Livret 6 - Communaut\u00e9 de communes du Quercy Rouergue et des Gorges de l&#039;Aveyron\" \/>\n<meta property=\"og:description\" content=\"Charte architecturale QRGA Livret 6 : construire un b\u00e2timent agricole ou artisanal Le b\u00e2ti agricole est une composante essentielle du paysage et de la vie du territoire QRGA . Au regard du volume important de ces b\u00e2timents, leur int\u00e9gration dans l\u2019environnement doit \u00eatre pens\u00e9e en amont de tout projet. En appui de cette r\u00e9flexion, ce [&hellip;]\" \/>\n<meta property=\"og:url\" content=\"https:\/\/cc-qrga.fr\/nl\/livret-6\/\" \/>\n<meta property=\"og:site_name\" content=\"Communaut\u00e9 de communes du Quercy Rouergue et des Gorges de l&#039;Aveyron\" \/>\n<meta property=\"article:modified_time\" content=\"2022-08-18T13:11:19+00:00\" \/>\n<meta name=\"twitter:card\" content=\"summary_large_image\" \/>\n<script type=\"application\/ld+json\" class=\"yoast-schema-graph\">{\"@context\":\"https:\\\/\\\/schema.org\",\"@graph\":[{\"@type\":\"WebPage\",\"@id\":\"https:\\\/\\\/cc-qrga.fr\\\/livret-6\\\/\",\"url\":\"https:\\\/\\\/cc-qrga.fr\\\/livret-6\\\/\",\"name\":\"Livret 6 - Communaut\u00e9 de communes du Quercy Rouergue et des Gorges de l&#039;Aveyron\",\"isPartOf\":{\"@id\":\"https:\\\/\\\/cc-qrga.fr\\\/#website\"},\"datePublished\":\"2022-08-18T13:07:00+00:00\",\"dateModified\":\"2022-08-18T13:11:19+00:00\",\"breadcrumb\":{\"@id\":\"https:\\\/\\\/cc-qrga.fr\\\/livret-6\\\/#breadcrumb\"},\"inLanguage\":\"nl-BE\",\"potentialAction\":[{\"@type\":\"ReadAction\",\"target\":[\"https:\\\/\\\/cc-qrga.fr\\\/livret-6\\\/\"]}]},{\"@type\":\"BreadcrumbList\",\"@id\":\"https:\\\/\\\/cc-qrga.fr\\\/livret-6\\\/#breadcrumb\",\"itemListElement\":[{\"@type\":\"ListItem\",\"position\":1,\"name\":\"Accueil\",\"item\":\"https:\\\/\\\/cc-qrga.fr\\\/\"},{\"@type\":\"ListItem\",\"position\":2,\"name\":\"Livret 6\"}]},{\"@type\":\"WebSite\",\"@id\":\"https:\\\/\\\/cc-qrga.fr\\\/#website\",\"url\":\"https:\\\/\\\/cc-qrga.fr\\\/\",\"name\":\"Communaut\u00e9 de communes du Quercy Rouergue et des Gorges de l&#039;Aveyron\",\"description\":\"qrga\",\"potentialAction\":[{\"@type\":\"SearchAction\",\"target\":{\"@type\":\"EntryPoint\",\"urlTemplate\":\"https:\\\/\\\/cc-qrga.fr\\\/?s={search_term_string}\"},\"query-input\":{\"@type\":\"PropertyValueSpecification\",\"valueRequired\":true,\"valueName\":\"search_term_string\"}}],\"inLanguage\":\"nl-BE\"}]}<\/script>\n<!-- \/ Yoast SEO plugin. -->","yoast_head_json":{"title":"Livret 6 - Communaut\u00e9 de communes du Quercy Rouergue et des Gorges de l&#039;Aveyron","robots":{"index":"index","follow":"follow","max-snippet":"max-snippet:-1","max-image-preview":"max-image-preview:large","max-video-preview":"max-video-preview:-1"},"canonical":"https:\/\/cc-qrga.fr\/nl\/livret-6\/","og_locale":"nl_BE","og_type":"article","og_title":"Livret 6 - Communaut\u00e9 de communes du Quercy Rouergue et des Gorges de l&#039;Aveyron","og_description":"Charte architecturale QRGA Livret 6 : construire un b\u00e2timent agricole ou artisanal Le b\u00e2ti agricole est une composante essentielle du paysage et de la vie du territoire QRGA . Au regard du volume important de ces b\u00e2timents, leur int\u00e9gration dans l\u2019environnement doit \u00eatre pens\u00e9e en amont de tout projet. En appui de cette r\u00e9flexion, ce [&hellip;]","og_url":"https:\/\/cc-qrga.fr\/nl\/livret-6\/","og_site_name":"Communaut\u00e9 de communes du Quercy Rouergue et des Gorges de l&#039;Aveyron","article_modified_time":"2022-08-18T13:11:19+00:00","twitter_card":"summary_large_image","schema":{"@context":"https:\/\/schema.org","@graph":[{"@type":"WebPage","@id":"https:\/\/cc-qrga.fr\/livret-6\/","url":"https:\/\/cc-qrga.fr\/livret-6\/","name":"Livret 6 - Communaut\u00e9 de communes du Quercy Rouergue et des Gorges de l&#039;Aveyron","isPartOf":{"@id":"https:\/\/cc-qrga.fr\/#website"},"datePublished":"2022-08-18T13:07:00+00:00","dateModified":"2022-08-18T13:11:19+00:00","breadcrumb":{"@id":"https:\/\/cc-qrga.fr\/livret-6\/#breadcrumb"},"inLanguage":"nl-BE","potentialAction":[{"@type":"ReadAction","target":["https:\/\/cc-qrga.fr\/livret-6\/"]}]},{"@type":"BreadcrumbList","@id":"https:\/\/cc-qrga.fr\/livret-6\/#breadcrumb","itemListElement":[{"@type":"ListItem","position":1,"name":"Accueil","item":"https:\/\/cc-qrga.fr\/"},{"@type":"ListItem","position":2,"name":"Livret 6"}]},{"@type":"WebSite","@id":"https:\/\/cc-qrga.fr\/#website","url":"https:\/\/cc-qrga.fr\/","name":"Gemeenschap van gemeenten van Quercy Rouergue en de Gorges de l'Aveyron","description":"qrga","potentialAction":[{"@type":"SearchAction","target":{"@type":"EntryPoint","urlTemplate":"https:\/\/cc-qrga.fr\/?s={search_term_string}"},"query-input":{"@type":"PropertyValueSpecification","valueRequired":true,"valueName":"search_term_string"}}],"inLanguage":"nl-BE"}]}},"_links":{"self":[{"href":"https:\/\/cc-qrga.fr\/nl\/wp-json\/wp\/v2\/pages\/15186","targetHints":{"allow":["GET"]}}],"collection":[{"href":"https:\/\/cc-qrga.fr\/nl\/wp-json\/wp\/v2\/pages"}],"about":[{"href":"https:\/\/cc-qrga.fr\/nl\/wp-json\/wp\/v2\/types\/page"}],"author":[{"embeddable":true,"href":"https:\/\/cc-qrga.fr\/nl\/wp-json\/wp\/v2\/users\/22"}],"replies":[{"embeddable":true,"href":"https:\/\/cc-qrga.fr\/nl\/wp-json\/wp\/v2\/comments?post=15186"}],"version-history":[{"count":0,"href":"https:\/\/cc-qrga.fr\/nl\/wp-json\/wp\/v2\/pages\/15186\/revisions"}],"wp:attachment":[{"href":"https:\/\/cc-qrga.fr\/nl\/wp-json\/wp\/v2\/media?parent=15186"}],"curies":[{"name":"wp","href":"https:\/\/api.w.org\/{rel}","templated":true}]}}