{"id":1525,"date":"2022-08-02T13:58:16","date_gmt":"2022-08-02T11:58:16","guid":{"rendered":"https:\/\/cc-qrga.fr\/?page_id=1525"},"modified":"2022-08-02T16:32:15","modified_gmt":"2022-08-02T14:32:15","slug":"espaces-elus","status":"publish","type":"page","link":"https:\/\/cc-qrga.fr\/nl\/espaces-elus\/","title":{"rendered":"espaces \u00e9lus"},"content":{"rendered":"<div data-elementor-type=\"wp-page\" data-elementor-id=\"1525\" class=\"elementor elementor-1525\" data-elementor-post-type=\"page\">\n\t\t\t\t\t\t<section class=\"has_eae_slider elementor-section elementor-top-section elementor-element elementor-element-7e77cf0 elementor-section-boxed elementor-section-height-default elementor-section-height-default\" data-eae-slider=\"19894\" data-id=\"7e77cf0\" data-element_type=\"section\" data-e-type=\"section\">\n\t\t\t\t\t\t<div class=\"elementor-container elementor-column-gap-default\">\n\t\t\t\t\t<div class=\"has_eae_slider elementor-column elementor-col-100 elementor-top-column elementor-element elementor-element-94c8004\" data-eae-slider=\"27149\" data-id=\"94c8004\" data-element_type=\"column\" data-e-type=\"column\">\n\t\t\t<div class=\"elementor-widget-wrap elementor-element-populated\">\n\t\t\t\t\t\t<div class=\"elementor-element elementor-element-0bceabc elementor-widget elementor-widget-heading\" data-id=\"0bceabc\" data-element_type=\"widget\" data-e-type=\"widget\" data-widget_type=\"heading.default\">\n\t\t\t\t<div class=\"elementor-widget-container\">\n\t\t\t\t\t<h1 class=\"elementor-heading-title elementor-size-default\">Derniers documents en ligne<\/h1>\t\t\t\t<\/div>\n\t\t\t\t<\/div>\n\t\t\t\t\t<\/div>\n\t\t<\/div>\n\t\t\t\t\t<\/div>\n\t\t<\/section>\n\t\t\t\t<section class=\"has_eae_slider elementor-section elementor-top-section elementor-element elementor-element-83a3290 elementor-section-boxed elementor-section-height-default elementor-section-height-default\" data-eae-slider=\"7429\" data-id=\"83a3290\" data-element_type=\"section\" data-e-type=\"section\">\n\t\t\t\t\t\t<div class=\"elementor-container elementor-column-gap-default\">\n\t\t\t\t\t<div class=\"has_eae_slider elementor-column elementor-col-100 elementor-top-column elementor-element elementor-element-e43b539\" data-eae-slider=\"19452\" data-id=\"e43b539\" data-element_type=\"column\" data-e-type=\"column\">\n\t\t\t<div class=\"elementor-widget-wrap elementor-element-populated\">\n\t\t\t\t\t\t<div class=\"elementor-element elementor-element-b282160 elementor-widget elementor-widget-htmega-postslider-addons\" data-id=\"b282160\" data-element_type=\"widget\" data-e-type=\"widget\" data-settings=\"{&quot;slider_post_type&quot;:&quot;post&quot;}\" data-widget_type=\"htmega-postslider-addons.default\">\n\t\t\t\t<div class=\"elementor-widget-container\">\n\t\t\t\t\t            <div class=\"htmega-postslider-area htmega-postslider-style-7 -st-layout-4 htmega-carousel-activation htmega-arrow-1\" dir=\"ltr\" data-settings=\"{&quot;arrows&quot;:true,&quot;arrow_prev_txt&quot;:&quot;&lt;i class=\\&quot;fas fa-angle-left\\&quot;&gt;&lt;\\\/i&gt;&quot;,&quot;arrow_next_txt&quot;:&quot;&lt;i class=\\&quot;fas fa-angle-right\\&quot;&gt;&lt;\\\/i&gt;&quot;,&quot;dots&quot;:false,&quot;autoplay&quot;:false,&quot;autoplay_speed&quot;:3000,&quot;animation_speed&quot;:300,&quot;pause_on_hover&quot;:true,&quot;center_mode&quot;:false,&quot;center_padding&quot;:0,&quot;carousel_style_ck&quot;:7,&quot;display_columns&quot;:1,&quot;scroll_columns&quot;:1,&quot;tablet_width&quot;:750,&quot;tablet_display_columns&quot;:1,&quot;tablet_scroll_columns&quot;:1,&quot;mobile_width&quot;:480,&quot;mobile_display_columns&quot;:1,&quot;mobile_scroll_columns&quot;:1}\" style='display:none;'>\n\n                <div class='htmega-error-notice'>There are no posts in this query<\/div>\n            <\/div>\n        \t\t\t\t<\/div>\n\t\t\t\t<\/div>\n\t\t\t\t\t<\/div>\n\t\t<\/div>\n\t\t\t\t\t<\/div>\n\t\t<\/section>\n\t\t\t\t<section class=\"has_eae_slider elementor-section elementor-top-section elementor-element elementor-element-1a45633 elementor-section-boxed elementor-section-height-default elementor-section-height-default\" data-eae-slider=\"4294\" data-id=\"1a45633\" data-element_type=\"section\" data-e-type=\"section\">\n\t\t\t\t\t\t<div class=\"elementor-container elementor-column-gap-default\">\n\t\t\t\t\t<div class=\"has_eae_slider elementor-column elementor-col-100 elementor-top-column elementor-element elementor-element-fe4d61d\" data-eae-slider=\"53006\" data-id=\"fe4d61d\" data-element_type=\"column\" data-e-type=\"column\">\n\t\t\t<div class=\"elementor-widget-wrap elementor-element-populated\">\n\t\t\t\t\t\t<div class=\"elementor-element elementor-element-36e13a7 elementor-widget elementor-widget-heading\" data-id=\"36e13a7\" data-element_type=\"widget\" data-e-type=\"widget\" data-widget_type=\"heading.default\">\n\t\t\t\t<div class=\"elementor-widget-container\">\n\t\t\t\t\t<h2 class=\"elementor-heading-title elementor-size-default\">Archives<\/h2>\t\t\t\t<\/div>\n\t\t\t\t<\/div>\n\t\t\t\t\t<\/div>\n\t\t<\/div>\n\t\t\t\t\t<\/div>\n\t\t<\/section>\n\t\t\t\t<section class=\"has_eae_slider elementor-section elementor-top-section elementor-element elementor-element-7876c6b elementor-section-boxed elementor-section-height-default elementor-section-height-default\" data-eae-slider=\"39441\" data-id=\"7876c6b\" data-element_type=\"section\" data-e-type=\"section\">\n\t\t\t\t\t\t<div class=\"elementor-container elementor-column-gap-default\">\n\t\t\t\t\t<div class=\"has_eae_slider elementor-column elementor-col-100 elementor-top-column elementor-element elementor-element-35cf4ec\" data-eae-slider=\"42085\" data-id=\"35cf4ec\" data-element_type=\"column\" data-e-type=\"column\">\n\t\t\t<div class=\"elementor-widget-wrap elementor-element-populated\">\n\t\t\t\t\t\t<div class=\"elementor-element elementor-element-26da30d elementor-grid-4 elementor-posts--align-center elementor-grid-tablet-2 elementor-grid-mobile-1 elementor-posts--thumbnail-top elementor-widget elementor-widget-posts\" data-id=\"26da30d\" data-element_type=\"widget\" data-e-type=\"widget\" data-settings=\"{&quot;classic_columns&quot;:&quot;4&quot;,&quot;classic_row_gap&quot;:{&quot;unit&quot;:&quot;px&quot;,&quot;size&quot;:31,&quot;sizes&quot;:[]},&quot;classic_columns_tablet&quot;:&quot;2&quot;,&quot;classic_columns_mobile&quot;:&quot;1&quot;,&quot;classic_row_gap_tablet&quot;:{&quot;unit&quot;:&quot;px&quot;,&quot;size&quot;:&quot;&quot;,&quot;sizes&quot;:[]},&quot;classic_row_gap_mobile&quot;:{&quot;unit&quot;:&quot;px&quot;,&quot;size&quot;:&quot;&quot;,&quot;sizes&quot;:[]}}\" data-widget_type=\"posts.classic\">\n\t\t\t\t<div class=\"elementor-widget-container\">\n\t\t\t\t\t\t\t<div class=\"elementor-posts-container elementor-posts elementor-posts--skin-classic elementor-grid\" role=\"list\">\n\t\t\t\t<article class=\"elementor-post elementor-grid-item post-31320 post type-post status-publish format-standard has-post-thumbnail hentry category-accueil-de-loisirs category-emplois-activites category-evenements\" role=\"listitem\">\n\t\t\t\t<a class=\"elementor-post__thumbnail__link\" href=\"https:\/\/cc-qrga.fr\/nl\/cafe-initiatives-saint-antonin-noble-val\/\" tabindex=\"-1\" >\n\t\t\t<div class=\"elementor-post__thumbnail\"><img fetchpriority=\"high\" decoding=\"async\" width=\"210\" height=\"300\" src=\"https:\/\/cc-qrga.fr\/wp-content\/uploads\/2026\/04\/facade-Bazart-version-bleu-210x300.jpg\" class=\"attachment-medium size-medium wp-image-31404\" alt=\"\" srcset=\"https:\/\/cc-qrga.fr\/wp-content\/uploads\/2026\/04\/facade-Bazart-version-bleu-210x300.jpg 210w, https:\/\/cc-qrga.fr\/wp-content\/uploads\/2026\/04\/facade-Bazart-version-bleu-717x1024.jpg 717w, https:\/\/cc-qrga.fr\/wp-content\/uploads\/2026\/04\/facade-Bazart-version-bleu-768x1097.jpg 768w, https:\/\/cc-qrga.fr\/wp-content\/uploads\/2026\/04\/facade-Bazart-version-bleu-1075x1536.jpg 1075w, https:\/\/cc-qrga.fr\/wp-content\/uploads\/2026\/04\/facade-Bazart-version-bleu-1433x2048.jpg 1433w, https:\/\/cc-qrga.fr\/wp-content\/uploads\/2026\/04\/facade-Bazart-version-bleu-8x12.jpg 8w, https:\/\/cc-qrga.fr\/wp-content\/uploads\/2026\/04\/facade-Bazart-version-bleu-scaled.jpg 1792w\" sizes=\"(max-width: 210px) 100vw, 210px\" \/><\/div>\n\t\t<\/a>\n\t\t\t\t<div class=\"elementor-post__text\">\n\t\t\t\t<h3 class=\"elementor-post__title\">\n\t\t\t<a href=\"https:\/\/cc-qrga.fr\/nl\/cafe-initiatives-saint-antonin-noble-val\/\" >\n\t\t\t\tCaf\u00e9 des initiatives : cr\u00e9ez ou d\u00e9veloppez votre activit\u00e9\t\t\t<\/a>\n\t\t<\/h3>\n\t\t\t\t<div class=\"elementor-post__meta-data\">\n\t\t\t\t\t<span class=\"elementor-post-date\">\n\t\t\t1 mei 2026\t\t<\/span>\n\t\t\t\t<\/div>\n\t\t\t\t<div class=\"elementor-post__excerpt\">\n\t\t\t<p>Caf\u00e9 des initiatives \u00e0 Saint-Antonin-Noble-Val<\/p>\n\t\t<\/div>\n\t\t\n\t\t<a class=\"elementor-post__read-more\" href=\"https:\/\/cc-qrga.fr\/nl\/cafe-initiatives-saint-antonin-noble-val\/\" aria-label=\"Read more about Caf\u00e9 des initiatives : cr\u00e9ez ou d\u00e9veloppez votre activit\u00e9\" tabindex=\"-1\" >\n\t\t\tLees meer \"\t\t<\/a>\n\n\t\t\t\t<\/div>\n\t\t\t\t<\/article>\n\t\t\t\t<article class=\"elementor-post elementor-grid-item post-31477 post type-post status-publish format-standard has-post-thumbnail hentry category-conseils-communautaires category-deliberations-arretes-decisions category-proces-verbal\" role=\"listitem\">\n\t\t\t\t<a class=\"elementor-post__thumbnail__link\" href=\"https:\/\/cc-qrga.fr\/nl\/proces-verbal-du-conseil-communautaire-du-7-avril-2026\/\" tabindex=\"-1\" >\n\t\t\t<div class=\"elementor-post__thumbnail\"><img decoding=\"async\" width=\"300\" height=\"157\" src=\"https:\/\/cc-qrga.fr\/wp-content\/uploads\/2023\/12\/Proces-verbaux-300x157.jpg\" class=\"attachment-medium size-medium wp-image-23285\" alt=\"\" srcset=\"https:\/\/cc-qrga.fr\/wp-content\/uploads\/2023\/12\/Proces-verbaux-300x157.jpg 300w, https:\/\/cc-qrga.fr\/wp-content\/uploads\/2023\/12\/Proces-verbaux-1024x536.jpg 1024w, https:\/\/cc-qrga.fr\/wp-content\/uploads\/2023\/12\/Proces-verbaux-768x402.jpg 768w, https:\/\/cc-qrga.fr\/wp-content\/uploads\/2023\/12\/Proces-verbaux.jpg 1200w\" sizes=\"(max-width: 300px) 100vw, 300px\" \/><\/div>\n\t\t<\/a>\n\t\t\t\t<div class=\"elementor-post__text\">\n\t\t\t\t<h3 class=\"elementor-post__title\">\n\t\t\t<a href=\"https:\/\/cc-qrga.fr\/nl\/proces-verbal-du-conseil-communautaire-du-7-avril-2026\/\" >\n\t\t\t\tProc\u00e8s-verbal du Conseil Communautaire du 7 avril 2026\t\t\t<\/a>\n\t\t<\/h3>\n\t\t\t\t<div class=\"elementor-post__meta-data\">\n\t\t\t\t\t<span class=\"elementor-post-date\">\n\t\t\t23 april 2026\t\t<\/span>\n\t\t\t\t<\/div>\n\t\t\t\t<div class=\"elementor-post__excerpt\">\n\t\t\t<p>Vous trouverez ci-dessous en t\u00e9l\u00e9chargement<\/p>\n\t\t<\/div>\n\t\t\n\t\t<a class=\"elementor-post__read-more\" href=\"https:\/\/cc-qrga.fr\/nl\/proces-verbal-du-conseil-communautaire-du-7-avril-2026\/\" aria-label=\"Read more about Proc\u00e8s-verbal du Conseil Communautaire du 7 avril 2026\" tabindex=\"-1\" >\n\t\t\tLees meer \"\t\t<\/a>\n\n\t\t\t\t<\/div>\n\t\t\t\t<\/article>\n\t\t\t\t<article class=\"elementor-post elementor-grid-item post-31469 post type-post status-publish format-standard has-post-thumbnail hentry category-compte-rendu-conseil-communautaire category-conseils-communautaires category-deliberations-arretes-decisions\" role=\"listitem\">\n\t\t\t\t<a class=\"elementor-post__thumbnail__link\" href=\"https:\/\/cc-qrga.fr\/nl\/conseil-du-7-avril-2026-liste-et-deliberations\/\" tabindex=\"-1\" >\n\t\t\t<div class=\"elementor-post__thumbnail\"><img decoding=\"async\" width=\"300\" height=\"157\" src=\"https:\/\/cc-qrga.fr\/wp-content\/uploads\/2024\/11\/Comptes-rendu-300x157-2-300x157.jpg\" class=\"attachment-medium size-medium wp-image-27233\" alt=\"\" srcset=\"https:\/\/cc-qrga.fr\/wp-content\/uploads\/2024\/11\/Comptes-rendu-300x157-2-300x157.jpg 300w, https:\/\/cc-qrga.fr\/wp-content\/uploads\/2024\/11\/Comptes-rendu-300x157-2-1024x536.jpg 1024w, https:\/\/cc-qrga.fr\/wp-content\/uploads\/2024\/11\/Comptes-rendu-300x157-2-768x402.jpg 768w, https:\/\/cc-qrga.fr\/wp-content\/uploads\/2024\/11\/Comptes-rendu-300x157-2-18x9.jpg 18w, https:\/\/cc-qrga.fr\/wp-content\/uploads\/2024\/11\/Comptes-rendu-300x157-2.jpg 1200w\" sizes=\"(max-width: 300px) 100vw, 300px\" \/><\/div>\n\t\t<\/a>\n\t\t\t\t<div class=\"elementor-post__text\">\n\t\t\t\t<h3 class=\"elementor-post__title\">\n\t\t\t<a href=\"https:\/\/cc-qrga.fr\/nl\/conseil-du-7-avril-2026-liste-et-deliberations\/\" >\n\t\t\t\tCONSEIL DU 7 AVRIL 2026 &#8211; LISTE ET DELIBERATIONS\t\t\t<\/a>\n\t\t<\/h3>\n\t\t\t\t<div class=\"elementor-post__meta-data\">\n\t\t\t\t\t<span class=\"elementor-post-date\">\n\t\t\t23 april 2026\t\t<\/span>\n\t\t\t\t<\/div>\n\t\t\t\t<div class=\"elementor-post__excerpt\">\n\t\t\t\t\t<\/div>\n\t\t\n\t\t<a class=\"elementor-post__read-more\" href=\"https:\/\/cc-qrga.fr\/nl\/conseil-du-7-avril-2026-liste-et-deliberations\/\" aria-label=\"Read more about CONSEIL DU 7 AVRIL 2026 &#8211; LISTE ET DELIBERATIONS\" tabindex=\"-1\" >\n\t\t\tLees meer \"\t\t<\/a>\n\n\t\t\t\t<\/div>\n\t\t\t\t<\/article>\n\t\t\t\t<article class=\"elementor-post elementor-grid-item post-31454 post type-post status-publish format-standard has-post-thumbnail hentry category-recrutement\" role=\"listitem\">\n\t\t\t\t<a class=\"elementor-post__thumbnail__link\" href=\"https:\/\/cc-qrga.fr\/nl\/adjointe-alsh-caylus\/\" tabindex=\"-1\" >\n\t\t\t<div class=\"elementor-post__thumbnail\"><img loading=\"lazy\" decoding=\"async\" width=\"300\" height=\"166\" src=\"https:\/\/cc-qrga.fr\/wp-content\/uploads\/2026\/04\/animation-caylus-300x166.png\" class=\"attachment-medium size-medium wp-image-31460\" alt=\"\" srcset=\"https:\/\/cc-qrga.fr\/wp-content\/uploads\/2026\/04\/animation-caylus-300x166.png 300w, https:\/\/cc-qrga.fr\/wp-content\/uploads\/2026\/04\/animation-caylus-18x10.png 18w, https:\/\/cc-qrga.fr\/wp-content\/uploads\/2026\/04\/animation-caylus.png 620w\" sizes=\"(max-width: 300px) 100vw, 300px\" \/><\/div>\n\t\t<\/a>\n\t\t\t\t<div class=\"elementor-post__text\">\n\t\t\t\t<h3 class=\"elementor-post__title\">\n\t\t\t<a href=\"https:\/\/cc-qrga.fr\/nl\/adjointe-alsh-caylus\/\" >\n\t\t\t\tAdjoint(e) d&rsquo;animation ALSH \u2013 Caylus\u00a0\t\t\t<\/a>\n\t\t<\/h3>\n\t\t\t\t<div class=\"elementor-post__meta-data\">\n\t\t\t\t\t<span class=\"elementor-post-date\">\n\t\t\t22 april 2026\t\t<\/span>\n\t\t\t\t<\/div>\n\t\t\t\t<div class=\"elementor-post__excerpt\">\n\t\t\t<p>Adjoint(e) d&rsquo;animation ALSH Le service<\/p>\n\t\t<\/div>\n\t\t\n\t\t<a class=\"elementor-post__read-more\" href=\"https:\/\/cc-qrga.fr\/nl\/adjointe-alsh-caylus\/\" aria-label=\"Read more about Adjoint(e) d&rsquo;animation ALSH \u2013 Caylus\u00a0\" tabindex=\"-1\" >\n\t\t\tLees meer \"\t\t<\/a>\n\n\t\t\t\t<\/div>\n\t\t\t\t<\/article>\n\t\t\t\t<\/div>\n\t\t\n\t\t\t\t\t\t<\/div>\n\t\t\t\t<\/div>\n\t\t\t\t\t<\/div>\n\t\t<\/div>\n\t\t\t\t\t<\/div>\n\t\t<\/section>\n\t\t\t\t<\/div>","protected":false},"excerpt":{"rendered":"<p>Derniers documents en ligne Convocation conseil communautaire du 25\/11\/2022 02 ao\u00fbt 2022 Lorem ipsum dolor sit amet, consectetur adipiscing elit. Phasellus ultrices nibh facilisis, mollis elit at, ultrices sapien. Maecenas non lacinia Voir les documents Archives<\/p>","protected":false},"author":22,"featured_media":0,"parent":0,"menu_order":0,"comment_status":"closed","ping_status":"closed","template":"","meta":{"footnotes":""},"class_list":["post-1525","page","type-page","status-publish","hentry"],"yoast_head":"<!-- This site is optimized with the Yoast SEO plugin v27.5 - https:\/\/yoast.com\/product\/yoast-seo-wordpress\/ -->\n<title>espaces \u00e9lus - Communaut\u00e9 de communes du Quercy Rouergue et des Gorges de l&#039;Aveyron<\/title>\n<meta name=\"robots\" content=\"index, follow, max-snippet:-1, max-image-preview:large, max-video-preview:-1\" \/>\n<link rel=\"canonical\" href=\"https:\/\/cc-qrga.fr\/nl\/espaces-elus\/\" \/>\n<meta property=\"og:locale\" content=\"nl_BE\" \/>\n<meta property=\"og:type\" content=\"article\" \/>\n<meta property=\"og:title\" content=\"espaces \u00e9lus - Communaut\u00e9 de communes du Quercy Rouergue et des Gorges de l&#039;Aveyron\" \/>\n<meta property=\"og:description\" content=\"Derniers documents en ligne Convocation conseil communautaire du 25\/11\/2022 02 ao\u00fbt 2022 Lorem ipsum dolor sit amet, consectetur adipiscing elit. Phasellus ultrices nibh facilisis, mollis elit at, ultrices sapien. Maecenas non lacinia Voir les documents Archives\" \/>\n<meta property=\"og:url\" content=\"https:\/\/cc-qrga.fr\/nl\/espaces-elus\/\" \/>\n<meta property=\"og:site_name\" content=\"Communaut\u00e9 de communes du Quercy Rouergue et des Gorges de l&#039;Aveyron\" \/>\n<meta property=\"article:modified_time\" content=\"2022-08-02T14:32:15+00:00\" \/>\n<meta property=\"og:image\" content=\"https:\/\/cc-qrga.fr\/wp-content\/uploads\/2022\/08\/My-project-1.png\" \/>\n<meta name=\"twitter:card\" content=\"summary_large_image\" \/>\n<script type=\"application\/ld+json\" class=\"yoast-schema-graph\">{\"@context\":\"https:\\\/\\\/schema.org\",\"@graph\":[{\"@type\":\"WebPage\",\"@id\":\"https:\\\/\\\/cc-qrga.fr\\\/espaces-elus\\\/\",\"url\":\"https:\\\/\\\/cc-qrga.fr\\\/espaces-elus\\\/\",\"name\":\"espaces \u00e9lus - Communaut\u00e9 de communes du Quercy Rouergue et des Gorges de l&#039;Aveyron\",\"isPartOf\":{\"@id\":\"https:\\\/\\\/cc-qrga.fr\\\/#website\"},\"primaryImageOfPage\":{\"@id\":\"https:\\\/\\\/cc-qrga.fr\\\/espaces-elus\\\/#primaryimage\"},\"image\":{\"@id\":\"https:\\\/\\\/cc-qrga.fr\\\/espaces-elus\\\/#primaryimage\"},\"thumbnailUrl\":\"https:\\\/\\\/cc-qrga.fr\\\/wp-content\\\/uploads\\\/2022\\\/08\\\/My-project-1.png\",\"datePublished\":\"2022-08-02T11:58:16+00:00\",\"dateModified\":\"2022-08-02T14:32:15+00:00\",\"breadcrumb\":{\"@id\":\"https:\\\/\\\/cc-qrga.fr\\\/espaces-elus\\\/#breadcrumb\"},\"inLanguage\":\"nl-BE\",\"potentialAction\":[{\"@type\":\"ReadAction\",\"target\":[\"https:\\\/\\\/cc-qrga.fr\\\/espaces-elus\\\/\"]}]},{\"@type\":\"ImageObject\",\"inLanguage\":\"nl-BE\",\"@id\":\"https:\\\/\\\/cc-qrga.fr\\\/espaces-elus\\\/#primaryimage\",\"url\":\"https:\\\/\\\/cc-qrga.fr\\\/wp-content\\\/uploads\\\/2022\\\/08\\\/My-project-1.png\",\"contentUrl\":\"https:\\\/\\\/cc-qrga.fr\\\/wp-content\\\/uploads\\\/2022\\\/08\\\/My-project-1.png\"},{\"@type\":\"BreadcrumbList\",\"@id\":\"https:\\\/\\\/cc-qrga.fr\\\/espaces-elus\\\/#breadcrumb\",\"itemListElement\":[{\"@type\":\"ListItem\",\"position\":1,\"name\":\"Accueil\",\"item\":\"https:\\\/\\\/cc-qrga.fr\\\/\"},{\"@type\":\"ListItem\",\"position\":2,\"name\":\"espaces \u00e9lus\"}]},{\"@type\":\"WebSite\",\"@id\":\"https:\\\/\\\/cc-qrga.fr\\\/#website\",\"url\":\"https:\\\/\\\/cc-qrga.fr\\\/\",\"name\":\"Communaut\u00e9 de communes du Quercy Rouergue et des Gorges de l&#039;Aveyron\",\"description\":\"qrga\",\"potentialAction\":[{\"@type\":\"SearchAction\",\"target\":{\"@type\":\"EntryPoint\",\"urlTemplate\":\"https:\\\/\\\/cc-qrga.fr\\\/?s={search_term_string}\"},\"query-input\":{\"@type\":\"PropertyValueSpecification\",\"valueRequired\":true,\"valueName\":\"search_term_string\"}}],\"inLanguage\":\"nl-BE\"}]}<\/script>\n<!-- \/ Yoast SEO plugin. -->","yoast_head_json":{"title":"espaces \u00e9lus - Communaut\u00e9 de communes du Quercy Rouergue et des Gorges de l&#039;Aveyron","robots":{"index":"index","follow":"follow","max-snippet":"max-snippet:-1","max-image-preview":"max-image-preview:large","max-video-preview":"max-video-preview:-1"},"canonical":"https:\/\/cc-qrga.fr\/nl\/espaces-elus\/","og_locale":"nl_BE","og_type":"article","og_title":"espaces \u00e9lus - Communaut\u00e9 de communes du Quercy Rouergue et des Gorges de l&#039;Aveyron","og_description":"Derniers documents en ligne Convocation conseil communautaire du 25\/11\/2022 02 ao\u00fbt 2022 Lorem ipsum dolor sit amet, consectetur adipiscing elit. Phasellus ultrices nibh facilisis, mollis elit at, ultrices sapien. Maecenas non lacinia Voir les documents Archives","og_url":"https:\/\/cc-qrga.fr\/nl\/espaces-elus\/","og_site_name":"Communaut\u00e9 de communes du Quercy Rouergue et des Gorges de l&#039;Aveyron","article_modified_time":"2022-08-02T14:32:15+00:00","og_image":[{"url":"https:\/\/cc-qrga.fr\/wp-content\/uploads\/2022\/08\/My-project-1.png","type":"","width":"","height":""}],"twitter_card":"summary_large_image","schema":{"@context":"https:\/\/schema.org","@graph":[{"@type":"WebPage","@id":"https:\/\/cc-qrga.fr\/espaces-elus\/","url":"https:\/\/cc-qrga.fr\/espaces-elus\/","name":"espaces \u00e9lus - Communaut\u00e9 de communes du Quercy Rouergue et des Gorges de l&#039;Aveyron","isPartOf":{"@id":"https:\/\/cc-qrga.fr\/#website"},"primaryImageOfPage":{"@id":"https:\/\/cc-qrga.fr\/espaces-elus\/#primaryimage"},"image":{"@id":"https:\/\/cc-qrga.fr\/espaces-elus\/#primaryimage"},"thumbnailUrl":"https:\/\/cc-qrga.fr\/wp-content\/uploads\/2022\/08\/My-project-1.png","datePublished":"2022-08-02T11:58:16+00:00","dateModified":"2022-08-02T14:32:15+00:00","breadcrumb":{"@id":"https:\/\/cc-qrga.fr\/espaces-elus\/#breadcrumb"},"inLanguage":"nl-BE","potentialAction":[{"@type":"ReadAction","target":["https:\/\/cc-qrga.fr\/espaces-elus\/"]}]},{"@type":"ImageObject","inLanguage":"nl-BE","@id":"https:\/\/cc-qrga.fr\/espaces-elus\/#primaryimage","url":"https:\/\/cc-qrga.fr\/wp-content\/uploads\/2022\/08\/My-project-1.png","contentUrl":"https:\/\/cc-qrga.fr\/wp-content\/uploads\/2022\/08\/My-project-1.png"},{"@type":"BreadcrumbList","@id":"https:\/\/cc-qrga.fr\/espaces-elus\/#breadcrumb","itemListElement":[{"@type":"ListItem","position":1,"name":"Accueil","item":"https:\/\/cc-qrga.fr\/"},{"@type":"ListItem","position":2,"name":"espaces \u00e9lus"}]},{"@type":"WebSite","@id":"https:\/\/cc-qrga.fr\/#website","url":"https:\/\/cc-qrga.fr\/","name":"Gemeenschap van gemeenten van Quercy Rouergue en de Gorges de l'Aveyron","description":"qrga","potentialAction":[{"@type":"SearchAction","target":{"@type":"EntryPoint","urlTemplate":"https:\/\/cc-qrga.fr\/?s={search_term_string}"},"query-input":{"@type":"PropertyValueSpecification","valueRequired":true,"valueName":"search_term_string"}}],"inLanguage":"nl-BE"}]}},"_links":{"self":[{"href":"https:\/\/cc-qrga.fr\/nl\/wp-json\/wp\/v2\/pages\/1525","targetHints":{"allow":["GET"]}}],"collection":[{"href":"https:\/\/cc-qrga.fr\/nl\/wp-json\/wp\/v2\/pages"}],"about":[{"href":"https:\/\/cc-qrga.fr\/nl\/wp-json\/wp\/v2\/types\/page"}],"author":[{"embeddable":true,"href":"https:\/\/cc-qrga.fr\/nl\/wp-json\/wp\/v2\/users\/22"}],"replies":[{"embeddable":true,"href":"https:\/\/cc-qrga.fr\/nl\/wp-json\/wp\/v2\/comments?post=1525"}],"version-history":[{"count":0,"href":"https:\/\/cc-qrga.fr\/nl\/wp-json\/wp\/v2\/pages\/1525\/revisions"}],"wp:attachment":[{"href":"https:\/\/cc-qrga.fr\/nl\/wp-json\/wp\/v2\/media?parent=1525"}],"curies":[{"name":"wp","href":"https:\/\/api.w.org\/{rel}","templated":true}]}}