{"id":15496,"date":"2022-09-01T11:18:06","date_gmt":"2022-09-01T09:18:06","guid":{"rendered":"https:\/\/cc-qrga.fr\/?page_id=15496"},"modified":"2022-09-02T10:18:20","modified_gmt":"2022-09-02T08:18:20","slug":"saint-projet","status":"publish","type":"page","link":"https:\/\/cc-qrga.fr\/nl\/saint-projet\/","title":{"rendered":"Sint Project"},"content":{"rendered":"<div data-elementor-type=\"wp-page\" data-elementor-id=\"15496\" class=\"elementor elementor-15496\" data-elementor-post-type=\"page\">\n\t\t\t\t\t\t<section class=\"has_eae_slider elementor-section elementor-top-section elementor-element elementor-element-0229cdb elementor-section-boxed elementor-section-height-default elementor-section-height-default\" data-eae-slider=\"74735\" data-id=\"0229cdb\" data-element_type=\"section\" data-e-type=\"section\">\n\t\t\t\t\t\t<div class=\"elementor-container elementor-column-gap-default\">\n\t\t\t\t\t<div class=\"has_eae_slider elementor-column elementor-col-50 elementor-top-column elementor-element elementor-element-6f037bc\" data-eae-slider=\"12257\" data-id=\"6f037bc\" data-element_type=\"column\" data-e-type=\"column\">\n\t\t\t<div class=\"elementor-widget-wrap elementor-element-populated\">\n\t\t\t\t\t\t<div class=\"elementor-element elementor-element-b3f1afb elementor-widget elementor-widget-heading\" data-id=\"b3f1afb\" data-element_type=\"widget\" data-e-type=\"widget\" data-widget_type=\"heading.default\">\n\t\t\t\t<div class=\"elementor-widget-container\">\n\t\t\t\t\t<h2 class=\"elementor-heading-title elementor-size-default\">SAINT PROJET<\/h2>\t\t\t\t<\/div>\n\t\t\t\t<\/div>\n\t\t\t\t<div class=\"elementor-element elementor-element-b7ec66d elementor-widget elementor-widget-text-editor\" data-id=\"b7ec66d\" data-element_type=\"widget\" data-e-type=\"widget\" data-widget_type=\"text-editor.default\">\n\t\t\t\t<div class=\"elementor-widget-container\">\n\t\t\t\t\t\t\t\t\t<div class=\"cartouche\"><p>Het dorp Saint-Projet ligt op 3 kilometer van de Lot en 7 van de Aveyron. Het ligt op 55 kilometer van de departementshoofdstad Montauban en op 25 kilometer van Villefranche de Rouergue.<\/p><p>Het groene toerisme is hier sterk in opkomst, vooral dankzij de verhuur van vakantiehuisjes en huizen. Saint-Projet heeft een rijk erfgoed, met een kasteel dat de hele zomer open is voor bezoekers, een gerestaureerde windmolen in Saillagol, twee prachtige kerken (in Saint-Projet en Saillagol), washuizen, waterputten en vijvers. De lokale wandelpaden zijn goed onderhouden, waardoor je hier prachtige wandelingen kunt maken. Het landschap is heuvelachtig en bosrijk, met velden en weiden omringd door heggen, lage muurtjes en bomen.<\/p><p>In het dorp is een speeltuin voor kinderen en een petanquebaan aangelegd. Het dorp heeft een sterk gemeenschapsleven met 9 verenigingen, waarvan er 7 het hele jaar door verschillende evenementen organiseren. Een vijftiental landbouwers en een tiental ambachtslui vormen de economische ruggengraat van het dorp. Saint-Projet is groen, vredig, vriendelijk en een geweldige plek om het hele jaar door te wonen.<\/p><\/div>\t\t\t\t\t\t\t\t<\/div>\n\t\t\t\t<\/div>\n\t\t\t\t\t<\/div>\n\t\t<\/div>\n\t\t\t\t<div class=\"has_eae_slider elementor-column elementor-col-50 elementor-top-column elementor-element elementor-element-0190660\" data-eae-slider=\"82341\" data-id=\"0190660\" data-element_type=\"column\" data-e-type=\"column\">\n\t\t\t<div class=\"elementor-widget-wrap elementor-element-populated\">\n\t\t\t\t\t\t<div class=\"elementor-element elementor-element-94349e4 elementor-widget elementor-widget-gallery\" data-id=\"94349e4\" data-element_type=\"widget\" data-e-type=\"widget\" data-settings=\"{&quot;gallery_layout&quot;:&quot;justified&quot;,&quot;lazyload&quot;:&quot;yes&quot;,&quot;ideal_row_height&quot;:{&quot;unit&quot;:&quot;px&quot;,&quot;size&quot;:200,&quot;sizes&quot;:[]},&quot;ideal_row_height_tablet&quot;:{&quot;unit&quot;:&quot;px&quot;,&quot;size&quot;:150,&quot;sizes&quot;:[]},&quot;ideal_row_height_mobile&quot;:{&quot;unit&quot;:&quot;px&quot;,&quot;size&quot;:150,&quot;sizes&quot;:[]},&quot;gap&quot;:{&quot;unit&quot;:&quot;px&quot;,&quot;size&quot;:10,&quot;sizes&quot;:[]},&quot;gap_tablet&quot;:{&quot;unit&quot;:&quot;px&quot;,&quot;size&quot;:10,&quot;sizes&quot;:[]},&quot;gap_mobile&quot;:{&quot;unit&quot;:&quot;px&quot;,&quot;size&quot;:10,&quot;sizes&quot;:[]},&quot;link_to&quot;:&quot;file&quot;,&quot;overlay_background&quot;:&quot;yes&quot;,&quot;content_hover_animation&quot;:&quot;fade-in&quot;}\" data-widget_type=\"gallery.default\">\n\t\t\t\t<div class=\"elementor-widget-container\">\n\t\t\t\t\t\t\t<div class=\"elementor-gallery__container\">\n\t\t\t\t\t\t\t<a class=\"e-gallery-item elementor-gallery-item elementor-animated-content\" href=\"https:\/\/cc-qrga.fr\/wp-content\/uploads\/2022\/09\/ch-margot-2.jpg\" data-elementor-open-lightbox=\"yes\" data-elementor-lightbox-slideshow=\"94349e4\" data-elementor-lightbox-title=\"ch margot (2)\" data-e-action-hash=\"#elementor-action%3Aaction%3Dlightbox%26settings%3DeyJpZCI6MTU2NTUsInVybCI6Imh0dHBzOlwvXC9jYy1xcmdhLmZyXC93cC1jb250ZW50XC91cGxvYWRzXC8yMDIyXC8wOVwvY2gtbWFyZ290LTIuanBnIiwic2xpZGVzaG93IjoiOTQzNDllNCJ9\">\n\t\t\t\t\t<div class=\"e-gallery-image elementor-gallery-item__image\" data-thumbnail=\"https:\/\/cc-qrga.fr\/wp-content\/uploads\/2022\/09\/ch-margot-2-300x225.jpg\" data-width=\"300\" data-height=\"225\" aria-label=\"\" role=\"img\" ><\/div>\n\t\t\t\t\t\t\t\t\t\t\t<div class=\"elementor-gallery-item__overlay\"><\/div>\n\t\t\t\t\t\t\t\t\t\t\t\t\t\t<\/a>\n\t\t\t\t\t\t\t<a class=\"e-gallery-item elementor-gallery-item elementor-animated-content\" href=\"https:\/\/cc-qrga.fr\/wp-content\/uploads\/2022\/09\/projet.jpg\" data-elementor-open-lightbox=\"yes\" data-elementor-lightbox-slideshow=\"94349e4\" data-elementor-lightbox-title=\"projet\" data-e-action-hash=\"#elementor-action%3Aaction%3Dlightbox%26settings%3DeyJpZCI6MTU2NTYsInVybCI6Imh0dHBzOlwvXC9jYy1xcmdhLmZyXC93cC1jb250ZW50XC91cGxvYWRzXC8yMDIyXC8wOVwvcHJvamV0LmpwZyIsInNsaWRlc2hvdyI6Ijk0MzQ5ZTQifQ%3D%3D\">\n\t\t\t\t\t<div class=\"e-gallery-image elementor-gallery-item__image\" data-thumbnail=\"https:\/\/cc-qrga.fr\/wp-content\/uploads\/2022\/09\/projet-300x225.jpg\" data-width=\"300\" data-height=\"225\" aria-label=\"\" role=\"img\" ><\/div>\n\t\t\t\t\t\t\t\t\t\t\t<div class=\"elementor-gallery-item__overlay\"><\/div>\n\t\t\t\t\t\t\t\t\t\t\t\t\t\t<\/a>\n\t\t\t\t\t\t\t<a class=\"e-gallery-item elementor-gallery-item elementor-animated-content\" href=\"https:\/\/cc-qrga.fr\/wp-content\/uploads\/2022\/09\/village.jpg\" data-elementor-open-lightbox=\"yes\" data-elementor-lightbox-slideshow=\"94349e4\" data-elementor-lightbox-title=\"village\" data-e-action-hash=\"#elementor-action%3Aaction%3Dlightbox%26settings%3DeyJpZCI6MTU2NTcsInVybCI6Imh0dHBzOlwvXC9jYy1xcmdhLmZyXC93cC1jb250ZW50XC91cGxvYWRzXC8yMDIyXC8wOVwvdmlsbGFnZS5qcGciLCJzbGlkZXNob3ciOiI5NDM0OWU0In0%3D\">\n\t\t\t\t\t<div class=\"e-gallery-image elementor-gallery-item__image\" data-thumbnail=\"https:\/\/cc-qrga.fr\/wp-content\/uploads\/2022\/09\/village-225x300.jpg\" data-width=\"225\" data-height=\"300\" aria-label=\"\" role=\"img\" ><\/div>\n\t\t\t\t\t\t\t\t\t\t\t<div class=\"elementor-gallery-item__overlay\"><\/div>\n\t\t\t\t\t\t\t\t\t\t\t\t\t\t<\/a>\n\t\t\t\t\t<\/div>\n\t\t\t\t\t<\/div>\n\t\t\t\t<\/div>\n\t\t\t\t\t<\/div>\n\t\t<\/div>\n\t\t\t\t\t<\/div>\n\t\t<\/section>\n\t\t\t\t<section class=\"has_eae_slider elementor-section elementor-top-section elementor-element elementor-element-6b758b7 elementor-section-boxed elementor-section-height-default elementor-section-height-default\" data-eae-slider=\"70611\" data-id=\"6b758b7\" data-element_type=\"section\" data-e-type=\"section\" data-settings=\"{&quot;background_background&quot;:&quot;classic&quot;}\">\n\t\t\t\t\t\t<div class=\"elementor-container elementor-column-gap-default\">\n\t\t\t\t\t<div class=\"has_eae_slider elementor-column elementor-col-100 elementor-top-column elementor-element elementor-element-a741151\" data-eae-slider=\"39789\" data-id=\"a741151\" data-element_type=\"column\" data-e-type=\"column\">\n\t\t\t<div class=\"elementor-widget-wrap elementor-element-populated\">\n\t\t\t\t\t\t<div class=\"elementor-element elementor-element-60c6fb5 elementor-widget elementor-widget-heading\" data-id=\"60c6fb5\" data-element_type=\"widget\" data-e-type=\"widget\" data-widget_type=\"heading.default\">\n\t\t\t\t<div class=\"elementor-widget-container\">\n\t\t\t\t\t<h2 class=\"elementor-heading-title elementor-size-default\">Meer informatie<\/h2>\t\t\t\t<\/div>\n\t\t\t\t<\/div>\n\t\t\t\t<div class=\"elementor-element elementor-element-40e19b0 elementor-widget elementor-widget-text-editor\" data-id=\"40e19b0\" data-element_type=\"widget\" data-e-type=\"widget\" data-widget_type=\"text-editor.default\">\n\t\t\t\t<div class=\"elementor-widget-container\">\n\t\t\t\t\t\t\t\t\t<ul><li><strong>Burgemeester :<\/strong>\u00a0FRAUCIEL Christen<\/li><li><strong>Gedelegeerden van de Gemeenschap :<\/strong>\u00a0FRAUCIEL Christian - BURG Jean Pierre<\/li><li><strong>Openingstijden gemeentehuis :<br \/><\/strong>Maandag en donderdag van 9.00 tot 12.00 uur.<br \/>Dinsdag van 13.30 tot 17.00 uur.<br \/>Vrijdag van 10.00 tot 12.00 uur en van 13.30 tot 17.00 uur.<\/li><li><strong>Telefoon :<\/strong>\u00a005 63 65 74 87<\/li><li><strong>Fax :<\/strong>\u00a005 63 24 01 53<\/li><li><a href=\"mailto:mairie-saint.projet@info82.com\"><strong>E-mail\u00a0<\/strong>: mairie-saint.projet@info82.com<\/a><\/li><li><a href=\"http:\/\/www.saintprojet82.fr\/\" target=\"_blank\" rel=\"noopener\"><strong>Site :<\/strong>\u00a0www.saintprojet82.fr<\/a>\u00a0<\/li><\/ul>\t\t\t\t\t\t\t\t<\/div>\n\t\t\t\t<\/div>\n\t\t\t\t\t<\/div>\n\t\t<\/div>\n\t\t\t\t\t<\/div>\n\t\t<\/section>\n\t\t\t\t<\/div>","protected":false},"excerpt":{"rendered":"<p>SAINT PROJET Le village de Saint-Projet est situ\u00e9 \u00e0 3 kilom\u00e8tres du Lot et 7 de l\u2019Aveyron. \u00c9loign\u00e9e de 55 kilom\u00e8tres du chef-lieu du d\u00e9partement de Montauban et de 25 kilom\u00e8tres de Villefranche de Rouergue. Le tourisme vert y est en pleine expansion, gr\u00e2ce notamment \u00e0 la location de g\u00eetes ruraux et de maisons. Saint-Projet [&hellip;]<\/p>","protected":false},"author":22,"featured_media":0,"parent":0,"menu_order":0,"comment_status":"closed","ping_status":"closed","template":"","meta":{"footnotes":""},"class_list":["post-15496","page","type-page","status-publish","hentry"],"yoast_head":"<!-- This site is optimized with the Yoast SEO plugin v27.4 - https:\/\/yoast.com\/product\/yoast-seo-wordpress\/ -->\n<title>Saint Projet - Communaut\u00e9 de communes du Quercy Rouergue et des Gorges de l&#039;Aveyron<\/title>\n<meta name=\"robots\" content=\"index, follow, max-snippet:-1, max-image-preview:large, max-video-preview:-1\" \/>\n<link rel=\"canonical\" href=\"https:\/\/cc-qrga.fr\/nl\/saint-projet\/\" \/>\n<meta property=\"og:locale\" content=\"nl_BE\" \/>\n<meta property=\"og:type\" content=\"article\" \/>\n<meta property=\"og:title\" content=\"Saint Projet - Communaut\u00e9 de communes du Quercy Rouergue et des Gorges de l&#039;Aveyron\" \/>\n<meta property=\"og:description\" content=\"SAINT PROJET Le village de Saint-Projet est situ\u00e9 \u00e0 3 kilom\u00e8tres du Lot et 7 de l\u2019Aveyron. \u00c9loign\u00e9e de 55 kilom\u00e8tres du chef-lieu du d\u00e9partement de Montauban et de 25 kilom\u00e8tres de Villefranche de Rouergue. Le tourisme vert y est en pleine expansion, gr\u00e2ce notamment \u00e0 la location de g\u00eetes ruraux et de maisons. Saint-Projet [&hellip;]\" \/>\n<meta property=\"og:url\" content=\"https:\/\/cc-qrga.fr\/nl\/saint-projet\/\" \/>\n<meta property=\"og:site_name\" content=\"Communaut\u00e9 de communes du Quercy Rouergue et des Gorges de l&#039;Aveyron\" \/>\n<meta property=\"article:modified_time\" content=\"2022-09-02T08:18:20+00:00\" \/>\n<meta name=\"twitter:card\" content=\"summary_large_image\" \/>\n<meta name=\"twitter:label1\" content=\"Geschatte leestijd\" \/>\n\t<meta name=\"twitter:data1\" content=\"1 minuut\" \/>\n<script type=\"application\/ld+json\" class=\"yoast-schema-graph\">{\"@context\":\"https:\\\/\\\/schema.org\",\"@graph\":[{\"@type\":\"WebPage\",\"@id\":\"https:\\\/\\\/cc-qrga.fr\\\/saint-projet\\\/\",\"url\":\"https:\\\/\\\/cc-qrga.fr\\\/saint-projet\\\/\",\"name\":\"Saint Projet - Communaut\u00e9 de communes du Quercy Rouergue et des Gorges de l&#039;Aveyron\",\"isPartOf\":{\"@id\":\"https:\\\/\\\/cc-qrga.fr\\\/#website\"},\"datePublished\":\"2022-09-01T09:18:06+00:00\",\"dateModified\":\"2022-09-02T08:18:20+00:00\",\"breadcrumb\":{\"@id\":\"https:\\\/\\\/cc-qrga.fr\\\/saint-projet\\\/#breadcrumb\"},\"inLanguage\":\"nl-BE\",\"potentialAction\":[{\"@type\":\"ReadAction\",\"target\":[\"https:\\\/\\\/cc-qrga.fr\\\/saint-projet\\\/\"]}]},{\"@type\":\"BreadcrumbList\",\"@id\":\"https:\\\/\\\/cc-qrga.fr\\\/saint-projet\\\/#breadcrumb\",\"itemListElement\":[{\"@type\":\"ListItem\",\"position\":1,\"name\":\"Accueil\",\"item\":\"https:\\\/\\\/cc-qrga.fr\\\/\"},{\"@type\":\"ListItem\",\"position\":2,\"name\":\"Saint Projet\"}]},{\"@type\":\"WebSite\",\"@id\":\"https:\\\/\\\/cc-qrga.fr\\\/#website\",\"url\":\"https:\\\/\\\/cc-qrga.fr\\\/\",\"name\":\"Communaut\u00e9 de communes du Quercy Rouergue et des Gorges de l&#039;Aveyron\",\"description\":\"qrga\",\"potentialAction\":[{\"@type\":\"SearchAction\",\"target\":{\"@type\":\"EntryPoint\",\"urlTemplate\":\"https:\\\/\\\/cc-qrga.fr\\\/?s={search_term_string}\"},\"query-input\":{\"@type\":\"PropertyValueSpecification\",\"valueRequired\":true,\"valueName\":\"search_term_string\"}}],\"inLanguage\":\"nl-BE\"}]}<\/script>\n<!-- \/ Yoast SEO plugin. -->","yoast_head_json":{"title":"Saint Projet - Communaut\u00e9 de communes du Quercy Rouergue et des Gorges de l&#039;Aveyron","robots":{"index":"index","follow":"follow","max-snippet":"max-snippet:-1","max-image-preview":"max-image-preview:large","max-video-preview":"max-video-preview:-1"},"canonical":"https:\/\/cc-qrga.fr\/nl\/saint-projet\/","og_locale":"nl_BE","og_type":"article","og_title":"Saint Projet - Communaut\u00e9 de communes du Quercy Rouergue et des Gorges de l&#039;Aveyron","og_description":"SAINT PROJET Le village de Saint-Projet est situ\u00e9 \u00e0 3 kilom\u00e8tres du Lot et 7 de l\u2019Aveyron. \u00c9loign\u00e9e de 55 kilom\u00e8tres du chef-lieu du d\u00e9partement de Montauban et de 25 kilom\u00e8tres de Villefranche de Rouergue. Le tourisme vert y est en pleine expansion, gr\u00e2ce notamment \u00e0 la location de g\u00eetes ruraux et de maisons. Saint-Projet [&hellip;]","og_url":"https:\/\/cc-qrga.fr\/nl\/saint-projet\/","og_site_name":"Communaut\u00e9 de communes du Quercy Rouergue et des Gorges de l&#039;Aveyron","article_modified_time":"2022-09-02T08:18:20+00:00","twitter_card":"summary_large_image","twitter_misc":{"Geschatte leestijd":"1 minuut"},"schema":{"@context":"https:\/\/schema.org","@graph":[{"@type":"WebPage","@id":"https:\/\/cc-qrga.fr\/saint-projet\/","url":"https:\/\/cc-qrga.fr\/saint-projet\/","name":"Saint Projet - Communaut\u00e9 de communes du Quercy Rouergue et des Gorges de l&#039;Aveyron","isPartOf":{"@id":"https:\/\/cc-qrga.fr\/#website"},"datePublished":"2022-09-01T09:18:06+00:00","dateModified":"2022-09-02T08:18:20+00:00","breadcrumb":{"@id":"https:\/\/cc-qrga.fr\/saint-projet\/#breadcrumb"},"inLanguage":"nl-BE","potentialAction":[{"@type":"ReadAction","target":["https:\/\/cc-qrga.fr\/saint-projet\/"]}]},{"@type":"BreadcrumbList","@id":"https:\/\/cc-qrga.fr\/saint-projet\/#breadcrumb","itemListElement":[{"@type":"ListItem","position":1,"name":"Accueil","item":"https:\/\/cc-qrga.fr\/"},{"@type":"ListItem","position":2,"name":"Saint Projet"}]},{"@type":"WebSite","@id":"https:\/\/cc-qrga.fr\/#website","url":"https:\/\/cc-qrga.fr\/","name":"Gemeenschap van gemeenten van Quercy Rouergue en de Gorges de l'Aveyron","description":"qrga","potentialAction":[{"@type":"SearchAction","target":{"@type":"EntryPoint","urlTemplate":"https:\/\/cc-qrga.fr\/?s={search_term_string}"},"query-input":{"@type":"PropertyValueSpecification","valueRequired":true,"valueName":"search_term_string"}}],"inLanguage":"nl-BE"}]}},"_links":{"self":[{"href":"https:\/\/cc-qrga.fr\/nl\/wp-json\/wp\/v2\/pages\/15496","targetHints":{"allow":["GET"]}}],"collection":[{"href":"https:\/\/cc-qrga.fr\/nl\/wp-json\/wp\/v2\/pages"}],"about":[{"href":"https:\/\/cc-qrga.fr\/nl\/wp-json\/wp\/v2\/types\/page"}],"author":[{"embeddable":true,"href":"https:\/\/cc-qrga.fr\/nl\/wp-json\/wp\/v2\/users\/22"}],"replies":[{"embeddable":true,"href":"https:\/\/cc-qrga.fr\/nl\/wp-json\/wp\/v2\/comments?post=15496"}],"version-history":[{"count":0,"href":"https:\/\/cc-qrga.fr\/nl\/wp-json\/wp\/v2\/pages\/15496\/revisions"}],"wp:attachment":[{"href":"https:\/\/cc-qrga.fr\/nl\/wp-json\/wp\/v2\/media?parent=15496"}],"curies":[{"name":"wp","href":"https:\/\/api.w.org\/{rel}","templated":true}]}}