{"id":15510,"date":"2022-09-01T11:19:29","date_gmt":"2022-09-01T09:19:29","guid":{"rendered":"https:\/\/cc-qrga.fr\/?page_id=15510"},"modified":"2023-11-07T08:35:48","modified_gmt":"2023-11-07T07:35:48","slug":"caylus","status":"publish","type":"page","link":"https:\/\/cc-qrga.fr\/nl\/caylus\/","title":{"rendered":"Caylus"},"content":{"rendered":"<div data-elementor-type=\"wp-page\" data-elementor-id=\"15510\" class=\"elementor elementor-15510\" data-elementor-post-type=\"page\">\n\t\t\t\t\t\t<section class=\"has_eae_slider elementor-section elementor-top-section elementor-element elementor-element-fad412d elementor-section-boxed elementor-section-height-default elementor-section-height-default\" data-eae-slider=\"46261\" data-id=\"fad412d\" data-element_type=\"section\" data-e-type=\"section\">\n\t\t\t\t\t\t<div class=\"elementor-container elementor-column-gap-default\">\n\t\t\t\t\t<div class=\"has_eae_slider elementor-column elementor-col-50 elementor-top-column elementor-element elementor-element-7dde50c\" data-eae-slider=\"3554\" data-id=\"7dde50c\" data-element_type=\"column\" data-e-type=\"column\">\n\t\t\t<div class=\"elementor-widget-wrap elementor-element-populated\">\n\t\t\t\t\t\t<div class=\"elementor-element elementor-element-3038ad6 elementor-widget elementor-widget-heading\" data-id=\"3038ad6\" data-element_type=\"widget\" data-e-type=\"widget\" data-widget_type=\"heading.default\">\n\t\t\t\t<div class=\"elementor-widget-container\">\n\t\t\t\t\t<h2 class=\"elementor-heading-title elementor-size-default\">Caylus<\/h2>\t\t\t\t<\/div>\n\t\t\t\t<\/div>\n\t\t\t\t<div class=\"elementor-element elementor-element-a8f521c elementor-widget elementor-widget-text-editor\" data-id=\"a8f521c\" data-element_type=\"widget\" data-e-type=\"widget\" data-widget_type=\"text-editor.default\">\n\t\t\t\t<div class=\"elementor-widget-container\">\n\t\t\t\t\t\t\t\t\t<div class=\"cartouche\"><p class=\"\">Caylus is een pittoresk marktstadje waarvan de middeleeuwse straatjes en steegjes zich vastklampen aan de zijkant van een rotsachtige heuvel waaruit de overblijfselen van een kasteel tevoorschijn komen waaraan het ongetwijfeld zijn naam te danken heeft: \"Castellucium: klein kasteel\".<\/p><\/div><p>De middeleeuwse stad Caylus heeft een schat aan geschiedenis te ontdekken voor wie de tijd neemt om de hoofdweg te verlaten om de oude stad in te gaan en door de straten van de bastide te slenteren. De gemeente beslaat tienduizend hectare, een van de grootste in Frankrijk, met talloze gehuchten en dertien kerken verspreid over de stad. Het landschap is vol contrasten, van de weelderige groene vallei van de Bonnette tot de rotsachtige causses.<\/p><p>Caylus is het administratieve centrum van het kanton met dezelfde naam. Hoewel Caylus niet meer zoveel inwoners heeft als in de 18e eeuw (4.500), groeit de bevolking sinds een jaar of tien en telt nu 1.567 inwoners. De activiteiten zijn nooit afgenomen; alle winkels, diensten en verenigingen zijn springlevend en nieuwe bedrijven vestigen zich hier, profiterend van de ongerepte omgeving en de nabijheid van grote wegen. Het militaire kamp, dat bijdraagt aan deze activiteit, beslaat meer dan 5.500 hectare van de Causse, waarvan het grootste deel in de gemeente ligt.<\/p>\t\t\t\t\t\t\t\t<\/div>\n\t\t\t\t<\/div>\n\t\t\t\t\t<\/div>\n\t\t<\/div>\n\t\t\t\t<div class=\"has_eae_slider elementor-column elementor-col-50 elementor-top-column elementor-element elementor-element-d8ea888\" data-eae-slider=\"30869\" data-id=\"d8ea888\" data-element_type=\"column\" data-e-type=\"column\">\n\t\t\t<div class=\"elementor-widget-wrap elementor-element-populated\">\n\t\t\t\t\t\t<div class=\"elementor-element elementor-element-4a6aee7 elementor-widget elementor-widget-gallery\" data-id=\"4a6aee7\" data-element_type=\"widget\" data-e-type=\"widget\" data-settings=\"{&quot;gallery_layout&quot;:&quot;justified&quot;,&quot;lazyload&quot;:&quot;yes&quot;,&quot;ideal_row_height&quot;:{&quot;unit&quot;:&quot;px&quot;,&quot;size&quot;:200,&quot;sizes&quot;:[]},&quot;ideal_row_height_tablet&quot;:{&quot;unit&quot;:&quot;px&quot;,&quot;size&quot;:150,&quot;sizes&quot;:[]},&quot;ideal_row_height_mobile&quot;:{&quot;unit&quot;:&quot;px&quot;,&quot;size&quot;:150,&quot;sizes&quot;:[]},&quot;gap&quot;:{&quot;unit&quot;:&quot;px&quot;,&quot;size&quot;:10,&quot;sizes&quot;:[]},&quot;gap_tablet&quot;:{&quot;unit&quot;:&quot;px&quot;,&quot;size&quot;:10,&quot;sizes&quot;:[]},&quot;gap_mobile&quot;:{&quot;unit&quot;:&quot;px&quot;,&quot;size&quot;:10,&quot;sizes&quot;:[]},&quot;link_to&quot;:&quot;file&quot;,&quot;overlay_background&quot;:&quot;yes&quot;,&quot;content_hover_animation&quot;:&quot;fade-in&quot;}\" data-widget_type=\"gallery.default\">\n\t\t\t\t<div class=\"elementor-widget-container\">\n\t\t\t\t\t\t\t<div class=\"elementor-gallery__container\">\n\t\t\t\t\t\t\t<a class=\"e-gallery-item elementor-gallery-item elementor-animated-content\" href=\"https:\/\/cc-qrga.fr\/wp-content\/uploads\/2022\/09\/marche-potier-30-scaled.jpg\" data-elementor-open-lightbox=\"yes\" data-elementor-lightbox-slideshow=\"4a6aee7\" data-elementor-lightbox-title=\"marche-potier-30\" data-e-action-hash=\"#elementor-action%3Aaction%3Dlightbox%26settings%3DeyJpZCI6MTU1NDksInVybCI6Imh0dHBzOlwvXC9jYy1xcmdhLmZyXC93cC1jb250ZW50XC91cGxvYWRzXC8yMDIyXC8wOVwvbWFyY2hlLXBvdGllci0zMC1zY2FsZWQuanBnIiwic2xpZGVzaG93IjoiNGE2YWVlNyJ9\">\n\t\t\t\t\t<div class=\"e-gallery-image elementor-gallery-item__image\" data-thumbnail=\"https:\/\/cc-qrga.fr\/wp-content\/uploads\/2022\/09\/marche-potier-30-300x200.jpg\" data-width=\"300\" data-height=\"200\" aria-label=\"\" role=\"img\" ><\/div>\n\t\t\t\t\t\t\t\t\t\t\t<div class=\"elementor-gallery-item__overlay\"><\/div>\n\t\t\t\t\t\t\t\t\t\t\t\t\t\t<\/a>\n\t\t\t\t\t\t\t<a class=\"e-gallery-item elementor-gallery-item elementor-animated-content\" href=\"https:\/\/cc-qrga.fr\/wp-content\/uploads\/2022\/09\/lac-labarthe-12-scaled.jpg\" data-elementor-open-lightbox=\"yes\" data-elementor-lightbox-slideshow=\"4a6aee7\" data-elementor-lightbox-title=\"lac-labarthe-12\" data-e-action-hash=\"#elementor-action%3Aaction%3Dlightbox%26settings%3DeyJpZCI6MTU1NDgsInVybCI6Imh0dHBzOlwvXC9jYy1xcmdhLmZyXC93cC1jb250ZW50XC91cGxvYWRzXC8yMDIyXC8wOVwvbGFjLWxhYmFydGhlLTEyLXNjYWxlZC5qcGciLCJzbGlkZXNob3ciOiI0YTZhZWU3In0%3D\">\n\t\t\t\t\t<div class=\"e-gallery-image elementor-gallery-item__image\" data-thumbnail=\"https:\/\/cc-qrga.fr\/wp-content\/uploads\/2022\/09\/lac-labarthe-12-300x200.jpg\" data-width=\"300\" data-height=\"200\" aria-label=\"\" role=\"img\" ><\/div>\n\t\t\t\t\t\t\t\t\t\t\t<div class=\"elementor-gallery-item__overlay\"><\/div>\n\t\t\t\t\t\t\t\t\t\t\t\t\t\t<\/a>\n\t\t\t\t\t\t\t<a class=\"e-gallery-item elementor-gallery-item elementor-animated-content\" href=\"https:\/\/cc-qrga.fr\/wp-content\/uploads\/2022\/09\/village-caylus-15-scaled.jpg\" data-elementor-open-lightbox=\"yes\" data-elementor-lightbox-slideshow=\"4a6aee7\" data-elementor-lightbox-title=\"village-caylus-15\" data-e-action-hash=\"#elementor-action%3Aaction%3Dlightbox%26settings%3DeyJpZCI6MTU1NTIsInVybCI6Imh0dHBzOlwvXC9jYy1xcmdhLmZyXC93cC1jb250ZW50XC91cGxvYWRzXC8yMDIyXC8wOVwvdmlsbGFnZS1jYXlsdXMtMTUtc2NhbGVkLmpwZyIsInNsaWRlc2hvdyI6IjRhNmFlZTcifQ%3D%3D\">\n\t\t\t\t\t<div class=\"e-gallery-image elementor-gallery-item__image\" data-thumbnail=\"https:\/\/cc-qrga.fr\/wp-content\/uploads\/2022\/09\/village-caylus-15-225x300.jpg\" data-width=\"225\" data-height=\"300\" aria-label=\"\" role=\"img\" ><\/div>\n\t\t\t\t\t\t\t\t\t\t\t<div class=\"elementor-gallery-item__overlay\"><\/div>\n\t\t\t\t\t\t\t\t\t\t\t\t\t\t<\/a>\n\t\t\t\t\t\t\t<a class=\"e-gallery-item elementor-gallery-item elementor-animated-content\" href=\"https:\/\/cc-qrga.fr\/wp-content\/uploads\/2022\/09\/Screenshot_20220223_210809_com.adobe_.lrmobile_edit_42376616763845.jpg\" data-elementor-open-lightbox=\"yes\" data-elementor-lightbox-slideshow=\"4a6aee7\" data-elementor-lightbox-title=\"Screenshot_20220223_210809_com.adobe.lrmobile_edit_42376616763845\" data-e-action-hash=\"#elementor-action%3Aaction%3Dlightbox%26settings%3DeyJpZCI6MTU1NTEsInVybCI6Imh0dHBzOlwvXC9jYy1xcmdhLmZyXC93cC1jb250ZW50XC91cGxvYWRzXC8yMDIyXC8wOVwvU2NyZWVuc2hvdF8yMDIyMDIyM18yMTA4MDlfY29tLmFkb2JlXy5scm1vYmlsZV9lZGl0XzQyMzc2NjE2NzYzODQ1LmpwZyIsInNsaWRlc2hvdyI6IjRhNmFlZTcifQ%3D%3D\">\n\t\t\t\t\t<div class=\"e-gallery-image elementor-gallery-item__image\" data-thumbnail=\"https:\/\/cc-qrga.fr\/wp-content\/uploads\/2022\/09\/Screenshot_20220223_210809_com.adobe_.lrmobile_edit_42376616763845-224x300.jpg\" data-width=\"224\" data-height=\"300\" aria-label=\"\" role=\"img\" ><\/div>\n\t\t\t\t\t\t\t\t\t\t\t<div class=\"elementor-gallery-item__overlay\"><\/div>\n\t\t\t\t\t\t\t\t\t\t\t\t\t\t<\/a>\n\t\t\t\t\t\t\t<a class=\"e-gallery-item elementor-gallery-item elementor-animated-content\" href=\"https:\/\/cc-qrga.fr\/wp-content\/uploads\/2022\/09\/marche-potier-44-scaled.jpg\" data-elementor-open-lightbox=\"yes\" data-elementor-lightbox-slideshow=\"4a6aee7\" data-elementor-lightbox-title=\"marche-potier-44\" data-e-action-hash=\"#elementor-action%3Aaction%3Dlightbox%26settings%3DeyJpZCI6MTU1NTMsInVybCI6Imh0dHBzOlwvXC9jYy1xcmdhLmZyXC93cC1jb250ZW50XC91cGxvYWRzXC8yMDIyXC8wOVwvbWFyY2hlLXBvdGllci00NC1zY2FsZWQuanBnIiwic2xpZGVzaG93IjoiNGE2YWVlNyJ9\">\n\t\t\t\t\t<div class=\"e-gallery-image elementor-gallery-item__image\" data-thumbnail=\"https:\/\/cc-qrga.fr\/wp-content\/uploads\/2022\/09\/marche-potier-44-200x300.jpg\" data-width=\"200\" data-height=\"300\" aria-label=\"\" role=\"img\" ><\/div>\n\t\t\t\t\t\t\t\t\t\t\t<div class=\"elementor-gallery-item__overlay\"><\/div>\n\t\t\t\t\t\t\t\t\t\t\t\t\t\t<\/a>\n\t\t\t\t\t<\/div>\n\t\t\t\t\t<\/div>\n\t\t\t\t<\/div>\n\t\t\t\t\t<\/div>\n\t\t<\/div>\n\t\t\t\t\t<\/div>\n\t\t<\/section>\n\t\t\t\t<section class=\"has_eae_slider elementor-section elementor-top-section elementor-element elementor-element-20bedf7 elementor-section-boxed elementor-section-height-default elementor-section-height-default\" data-eae-slider=\"93149\" data-id=\"20bedf7\" data-element_type=\"section\" data-e-type=\"section\" data-settings=\"{&quot;background_background&quot;:&quot;classic&quot;}\">\n\t\t\t\t\t\t<div class=\"elementor-container elementor-column-gap-default\">\n\t\t\t\t\t<div class=\"has_eae_slider elementor-column elementor-col-100 elementor-top-column elementor-element elementor-element-576aaf4\" data-eae-slider=\"46\" data-id=\"576aaf4\" data-element_type=\"column\" data-e-type=\"column\">\n\t\t\t<div class=\"elementor-widget-wrap elementor-element-populated\">\n\t\t\t\t\t\t<div class=\"elementor-element elementor-element-ecb81b3 elementor-widget elementor-widget-heading\" data-id=\"ecb81b3\" data-element_type=\"widget\" data-e-type=\"widget\" data-widget_type=\"heading.default\">\n\t\t\t\t<div class=\"elementor-widget-container\">\n\t\t\t\t\t<h2 class=\"elementor-heading-title elementor-size-default\">Meer informatie<\/h2>\t\t\t\t<\/div>\n\t\t\t\t<\/div>\n\t\t\t\t<div class=\"elementor-element elementor-element-b5cb741 elementor-widget elementor-widget-text-editor\" data-id=\"b5cb741\" data-element_type=\"widget\" data-e-type=\"widget\" data-widget_type=\"text-editor.default\">\n\t\t\t\t<div class=\"elementor-widget-container\">\n\t\t\t\t\t\t\t\t\t<ul><li><strong>Burgemeester :\u00a0<\/strong>COUSI Vincent<\/li><li><strong>Gedelegeerden van de Gemeenschap :\u00a0<\/strong>COUSI Vincent -MIRAMOND Martine - SERVIERES Fran\u00e7ois - DAVID Am\u00e9lie - DUPONT Alain<\/li><li><strong>Openingstijden gemeentehuis :<\/strong><br class=\"autobr\" \/>Maandag tot vrijdag van 9.00 tot 12.00 uur en van 13.30 tot 16.30 uur.<br class=\"autobr\" \/>Zaterdagochtend van 9.00 tot 12.00 uur.<\/li><li><strong>Tel:<\/strong>\u00a005 63 67 06 17<\/li><li><strong>Email\u00a0:mairie@caylus.com<\/strong><\/li><li><strong>Website\u00a0<\/strong>:\u00a0<a class=\"spip_out\" href=\"http:\/\/www.caylus.com\/\" rel=\"external\">http:\/\/www.caylus.com\/<\/a><\/li><\/ul>\t\t\t\t\t\t\t\t<\/div>\n\t\t\t\t<\/div>\n\t\t\t\t\t<\/div>\n\t\t<\/div>\n\t\t\t\t\t<\/div>\n\t\t<\/section>\n\t\t\t\t<\/div>","protected":false},"excerpt":{"rendered":"<p>Caylus Caylus est un bourg pittoresque dont les rues et venelles moyen\u00e2geuses s\u2019accrochent au flanc d\u2019une colline rocheuse d\u2019o\u00f9 \u00e9mergent les restes d\u2019un ch\u00e2teau qui lui a sans doute donn\u00e9 son nom\u00a0: \u201cCastellucium\u00a0: petit ch\u00e2teau\u201d. La cit\u00e9 m\u00e9di\u00e9vale de Caylus propose une richesse historique importante \u00e0 d\u00e9couvrir pour celui qui prendra le temps de quitter [&hellip;]<\/p>","protected":false},"author":22,"featured_media":0,"parent":0,"menu_order":0,"comment_status":"closed","ping_status":"closed","template":"","meta":{"footnotes":""},"class_list":["post-15510","page","type-page","status-publish","hentry"],"yoast_head":"<!-- This site is optimized with the Yoast SEO plugin v27.4 - https:\/\/yoast.com\/product\/yoast-seo-wordpress\/ -->\n<title>Caylus - Communaut\u00e9 de communes du Quercy Rouergue et des Gorges de l&#039;Aveyron<\/title>\n<meta name=\"description\" content=\"Caylus est un bourg pittoresque dont les rues et venelles moyen\u00e2geuses s\u2019accrochent au flanc d\u2019une colline rocheuse d\u2019o\u00f9 \u00e9mergent les restes d\u2019un ch\u00e2teau qui lui a sans doute donn\u00e9 son nom : \u201cCastellucium : petit ch\u00e2teau\u201d.\" \/>\n<meta name=\"robots\" content=\"index, follow, max-snippet:-1, max-image-preview:large, max-video-preview:-1\" \/>\n<link rel=\"canonical\" href=\"https:\/\/cc-qrga.fr\/nl\/caylus\/\" \/>\n<meta property=\"og:locale\" content=\"nl_BE\" \/>\n<meta property=\"og:type\" content=\"article\" \/>\n<meta property=\"og:title\" content=\"Caylus - Communaut\u00e9 de communes du Quercy Rouergue et des Gorges de l&#039;Aveyron\" \/>\n<meta property=\"og:description\" content=\"Caylus est un bourg pittoresque dont les rues et venelles moyen\u00e2geuses s\u2019accrochent au flanc d\u2019une colline rocheuse d\u2019o\u00f9 \u00e9mergent les restes d\u2019un ch\u00e2teau qui lui a sans doute donn\u00e9 son nom : \u201cCastellucium : petit ch\u00e2teau\u201d.\" \/>\n<meta property=\"og:url\" content=\"https:\/\/cc-qrga.fr\/nl\/caylus\/\" \/>\n<meta property=\"og:site_name\" content=\"Communaut\u00e9 de communes du Quercy Rouergue et des Gorges de l&#039;Aveyron\" \/>\n<meta property=\"article:modified_time\" content=\"2023-11-07T07:35:48+00:00\" \/>\n<meta name=\"twitter:card\" content=\"summary_large_image\" \/>\n<meta name=\"twitter:label1\" content=\"Geschatte leestijd\" \/>\n\t<meta name=\"twitter:data1\" content=\"2 minuten\" \/>\n<script type=\"application\/ld+json\" class=\"yoast-schema-graph\">{\"@context\":\"https:\\\/\\\/schema.org\",\"@graph\":[{\"@type\":\"WebPage\",\"@id\":\"https:\\\/\\\/cc-qrga.fr\\\/caylus\\\/\",\"url\":\"https:\\\/\\\/cc-qrga.fr\\\/caylus\\\/\",\"name\":\"Caylus - Communaut\u00e9 de communes du Quercy Rouergue et des Gorges de l&#039;Aveyron\",\"isPartOf\":{\"@id\":\"https:\\\/\\\/cc-qrga.fr\\\/#website\"},\"datePublished\":\"2022-09-01T09:19:29+00:00\",\"dateModified\":\"2023-11-07T07:35:48+00:00\",\"description\":\"Caylus est un bourg pittoresque dont les rues et venelles moyen\u00e2geuses s\u2019accrochent au flanc d\u2019une colline rocheuse d\u2019o\u00f9 \u00e9mergent les restes d\u2019un ch\u00e2teau qui lui a sans doute donn\u00e9 son nom : \u201cCastellucium : petit ch\u00e2teau\u201d.\",\"breadcrumb\":{\"@id\":\"https:\\\/\\\/cc-qrga.fr\\\/caylus\\\/#breadcrumb\"},\"inLanguage\":\"nl-BE\",\"potentialAction\":[{\"@type\":\"ReadAction\",\"target\":[\"https:\\\/\\\/cc-qrga.fr\\\/caylus\\\/\"]}]},{\"@type\":\"BreadcrumbList\",\"@id\":\"https:\\\/\\\/cc-qrga.fr\\\/caylus\\\/#breadcrumb\",\"itemListElement\":[{\"@type\":\"ListItem\",\"position\":1,\"name\":\"Accueil\",\"item\":\"https:\\\/\\\/cc-qrga.fr\\\/\"},{\"@type\":\"ListItem\",\"position\":2,\"name\":\"Caylus\"}]},{\"@type\":\"WebSite\",\"@id\":\"https:\\\/\\\/cc-qrga.fr\\\/#website\",\"url\":\"https:\\\/\\\/cc-qrga.fr\\\/\",\"name\":\"Communaut\u00e9 de communes du Quercy Rouergue et des Gorges de l&#039;Aveyron\",\"description\":\"qrga\",\"potentialAction\":[{\"@type\":\"SearchAction\",\"target\":{\"@type\":\"EntryPoint\",\"urlTemplate\":\"https:\\\/\\\/cc-qrga.fr\\\/?s={search_term_string}\"},\"query-input\":{\"@type\":\"PropertyValueSpecification\",\"valueRequired\":true,\"valueName\":\"search_term_string\"}}],\"inLanguage\":\"nl-BE\"}]}<\/script>\n<!-- \/ Yoast SEO plugin. -->","yoast_head_json":{"title":"Caylus - Communaut\u00e9 de communes du Quercy Rouergue et des Gorges de l&#039;Aveyron","description":"Caylus est un bourg pittoresque dont les rues et venelles moyen\u00e2geuses s\u2019accrochent au flanc d\u2019une colline rocheuse d\u2019o\u00f9 \u00e9mergent les restes d\u2019un ch\u00e2teau qui lui a sans doute donn\u00e9 son nom : \u201cCastellucium : petit ch\u00e2teau\u201d.","robots":{"index":"index","follow":"follow","max-snippet":"max-snippet:-1","max-image-preview":"max-image-preview:large","max-video-preview":"max-video-preview:-1"},"canonical":"https:\/\/cc-qrga.fr\/nl\/caylus\/","og_locale":"nl_BE","og_type":"article","og_title":"Caylus - Communaut\u00e9 de communes du Quercy Rouergue et des Gorges de l&#039;Aveyron","og_description":"Caylus est un bourg pittoresque dont les rues et venelles moyen\u00e2geuses s\u2019accrochent au flanc d\u2019une colline rocheuse d\u2019o\u00f9 \u00e9mergent les restes d\u2019un ch\u00e2teau qui lui a sans doute donn\u00e9 son nom : \u201cCastellucium : petit ch\u00e2teau\u201d.","og_url":"https:\/\/cc-qrga.fr\/nl\/caylus\/","og_site_name":"Communaut\u00e9 de communes du Quercy Rouergue et des Gorges de l&#039;Aveyron","article_modified_time":"2023-11-07T07:35:48+00:00","twitter_card":"summary_large_image","twitter_misc":{"Geschatte leestijd":"2 minuten"},"schema":{"@context":"https:\/\/schema.org","@graph":[{"@type":"WebPage","@id":"https:\/\/cc-qrga.fr\/caylus\/","url":"https:\/\/cc-qrga.fr\/caylus\/","name":"Caylus - Communaut\u00e9 de communes du Quercy Rouergue et des Gorges de l&#039;Aveyron","isPartOf":{"@id":"https:\/\/cc-qrga.fr\/#website"},"datePublished":"2022-09-01T09:19:29+00:00","dateModified":"2023-11-07T07:35:48+00:00","description":"Caylus est un bourg pittoresque dont les rues et venelles moyen\u00e2geuses s\u2019accrochent au flanc d\u2019une colline rocheuse d\u2019o\u00f9 \u00e9mergent les restes d\u2019un ch\u00e2teau qui lui a sans doute donn\u00e9 son nom : \u201cCastellucium : petit ch\u00e2teau\u201d.","breadcrumb":{"@id":"https:\/\/cc-qrga.fr\/caylus\/#breadcrumb"},"inLanguage":"nl-BE","potentialAction":[{"@type":"ReadAction","target":["https:\/\/cc-qrga.fr\/caylus\/"]}]},{"@type":"BreadcrumbList","@id":"https:\/\/cc-qrga.fr\/caylus\/#breadcrumb","itemListElement":[{"@type":"ListItem","position":1,"name":"Accueil","item":"https:\/\/cc-qrga.fr\/"},{"@type":"ListItem","position":2,"name":"Caylus"}]},{"@type":"WebSite","@id":"https:\/\/cc-qrga.fr\/#website","url":"https:\/\/cc-qrga.fr\/","name":"Gemeenschap van gemeenten van Quercy Rouergue en de Gorges de l'Aveyron","description":"qrga","potentialAction":[{"@type":"SearchAction","target":{"@type":"EntryPoint","urlTemplate":"https:\/\/cc-qrga.fr\/?s={search_term_string}"},"query-input":{"@type":"PropertyValueSpecification","valueRequired":true,"valueName":"search_term_string"}}],"inLanguage":"nl-BE"}]}},"_links":{"self":[{"href":"https:\/\/cc-qrga.fr\/nl\/wp-json\/wp\/v2\/pages\/15510","targetHints":{"allow":["GET"]}}],"collection":[{"href":"https:\/\/cc-qrga.fr\/nl\/wp-json\/wp\/v2\/pages"}],"about":[{"href":"https:\/\/cc-qrga.fr\/nl\/wp-json\/wp\/v2\/types\/page"}],"author":[{"embeddable":true,"href":"https:\/\/cc-qrga.fr\/nl\/wp-json\/wp\/v2\/users\/22"}],"replies":[{"embeddable":true,"href":"https:\/\/cc-qrga.fr\/nl\/wp-json\/wp\/v2\/comments?post=15510"}],"version-history":[{"count":0,"href":"https:\/\/cc-qrga.fr\/nl\/wp-json\/wp\/v2\/pages\/15510\/revisions"}],"wp:attachment":[{"href":"https:\/\/cc-qrga.fr\/nl\/wp-json\/wp\/v2\/media?parent=15510"}],"curies":[{"name":"wp","href":"https:\/\/api.w.org\/{rel}","templated":true}]}}