{"id":15516,"date":"2022-09-01T11:29:44","date_gmt":"2022-09-01T09:29:44","guid":{"rendered":"https:\/\/cc-qrga.fr\/?page_id=15516"},"modified":"2022-09-02T10:26:35","modified_gmt":"2022-09-02T08:26:35","slug":"verfeil-sur-seye","status":"publish","type":"page","link":"https:\/\/cc-qrga.fr\/nl\/verfeil-sur-seye\/","title":{"rendered":"Verfeil sur Seye"},"content":{"rendered":"<div data-elementor-type=\"wp-page\" data-elementor-id=\"15516\" class=\"elementor elementor-15516\" data-elementor-post-type=\"page\">\n\t\t\t\t\t\t<section class=\"has_eae_slider elementor-section elementor-top-section elementor-element elementor-element-1d98e22 elementor-section-boxed elementor-section-height-default elementor-section-height-default\" data-eae-slider=\"33426\" data-id=\"1d98e22\" data-element_type=\"section\" data-e-type=\"section\">\n\t\t\t\t\t\t<div class=\"elementor-container elementor-column-gap-default\">\n\t\t\t\t\t<div class=\"has_eae_slider elementor-column elementor-col-50 elementor-top-column elementor-element elementor-element-89385df\" data-eae-slider=\"89694\" data-id=\"89385df\" data-element_type=\"column\" data-e-type=\"column\">\n\t\t\t<div class=\"elementor-widget-wrap elementor-element-populated\">\n\t\t\t\t\t\t<div class=\"elementor-element elementor-element-3ae8bf5 elementor-widget elementor-widget-heading\" data-id=\"3ae8bf5\" data-element_type=\"widget\" data-e-type=\"widget\" data-widget_type=\"heading.default\">\n\t\t\t\t<div class=\"elementor-widget-container\">\n\t\t\t\t\t<h2 class=\"elementor-heading-title elementor-size-default\">Verfeil sur Seye<\/h2>\t\t\t\t<\/div>\n\t\t\t\t<\/div>\n\t\t\t\t<div class=\"elementor-element elementor-element-bc30341 elementor-widget elementor-widget-text-editor\" data-id=\"bc30341\" data-element_type=\"widget\" data-e-type=\"widget\" data-widget_type=\"text-editor.default\">\n\t\t\t\t<div class=\"elementor-widget-container\">\n\t\t\t\t\t\t\t\t\t<div class=\"cartouche\"><div class=\"cartouche\"><div class=\"cartouche\"><p class=\"\">In hun administratieve ariditeit, zal de informatie over Verfeil zeggen dat het een gemeente is in de Tarn et Garonne, arrondissement Montauban, met 330 inwoners en dat, om te schrijven naar een van de inwoners, je de postcode 82 330 moet gebruiken.<\/p><\/div><p>En dat is het wel zo'n beetje.<\/p><p>Om er meer over te weten te komen, moet je wat onderzoek doen en leren dat het in 1250 werd gesticht als een \"bastide\" door Alphonse de Poitiers, graaf van Toulouse; dat het op 3 juni 1573 werd verwoest door de legers van de koning wegens het belijden van de protestantse godsdienst; dat het weer opbloeide en in de 19e eeuw meer dan duizend inwoners bereikte, maar dat de druifluis, gevolgd door de oorlog van 14\/18 en uiteindelijk de industrialisatie van de 20e eeuw tot een langzame neergang leidden. Onverbiddelijk? Niet zo zeker!<\/p><p>Zijn troeven worden trots weerspiegeld in zijn naam: Viridifolio, Vertfoil, daarna Verfeil. Al bijna acht eeuwen lang vertelt het iedereen wat het is. Een plek waar het groen van de bossen zich mengt met dat van de weilanden, waar de topografie een architect is geworden van opmerkelijke landschappen, een plek waar de seizoenen bestaan, waar de nachten nog donker zijn en de sterren helder, waar de stilte alleen wordt verstoord door de geluiden van de natuur. Een mooie slaap? Ongetwijfeld niet!<\/p><p>Meer dan tien verenigingen bieden iedereen de kans om deel te nemen aan de activiteit die hij of zij wil. In de zomer: feesten, concerten, festivals en verschillende culturele activiteiten. In het seizoen: jagen en vissen, voetbal of tennis en, het hele jaar door, Engels leren, zingen, cultuur of entertainment in de bibliotheek, lekker eten, karakter g\u00eetes om bezoekende vrienden te ontvangen.<\/p><p>Het is een geweldige plek om je te vestigen en permanent te wonen. Het stadscentrum biedt een groot aantal huizen voor renovatie. Caussade en Villefranche de Rouergue liggen op een half uur rijden, Albi, Montauban en Cahors op iets meer dan een uur en Toulouse op anderhalf uur. De school ligt op drie kilometer afstand, het coll\u00e8ge op 15 en het lyc\u00e9e op 30, dus de reistijd is hetzelfde als in een grote stad.<\/p><\/div><\/div>\t\t\t\t\t\t\t\t<\/div>\n\t\t\t\t<\/div>\n\t\t\t\t\t<\/div>\n\t\t<\/div>\n\t\t\t\t<div class=\"has_eae_slider elementor-column elementor-col-50 elementor-top-column elementor-element elementor-element-10f24b2\" data-eae-slider=\"41216\" data-id=\"10f24b2\" data-element_type=\"column\" data-e-type=\"column\">\n\t\t\t<div class=\"elementor-widget-wrap elementor-element-populated\">\n\t\t\t\t\t\t<div class=\"elementor-element elementor-element-5ff8f9e elementor-widget elementor-widget-gallery\" data-id=\"5ff8f9e\" data-element_type=\"widget\" data-e-type=\"widget\" data-settings=\"{&quot;gallery_layout&quot;:&quot;justified&quot;,&quot;lazyload&quot;:&quot;yes&quot;,&quot;ideal_row_height&quot;:{&quot;unit&quot;:&quot;px&quot;,&quot;size&quot;:200,&quot;sizes&quot;:[]},&quot;ideal_row_height_tablet&quot;:{&quot;unit&quot;:&quot;px&quot;,&quot;size&quot;:150,&quot;sizes&quot;:[]},&quot;ideal_row_height_mobile&quot;:{&quot;unit&quot;:&quot;px&quot;,&quot;size&quot;:150,&quot;sizes&quot;:[]},&quot;gap&quot;:{&quot;unit&quot;:&quot;px&quot;,&quot;size&quot;:10,&quot;sizes&quot;:[]},&quot;gap_tablet&quot;:{&quot;unit&quot;:&quot;px&quot;,&quot;size&quot;:10,&quot;sizes&quot;:[]},&quot;gap_mobile&quot;:{&quot;unit&quot;:&quot;px&quot;,&quot;size&quot;:10,&quot;sizes&quot;:[]},&quot;link_to&quot;:&quot;file&quot;,&quot;overlay_background&quot;:&quot;yes&quot;,&quot;content_hover_animation&quot;:&quot;fade-in&quot;}\" data-widget_type=\"gallery.default\">\n\t\t\t\t<div class=\"elementor-widget-container\">\n\t\t\t\t\t\t\t<div class=\"elementor-gallery__container\">\n\t\t\t\t\t\t\t<a class=\"e-gallery-item elementor-gallery-item elementor-animated-content\" href=\"https:\/\/cc-qrga.fr\/wp-content\/uploads\/2022\/09\/village-verfeil-27-scaled.jpg\" data-elementor-open-lightbox=\"yes\" data-elementor-lightbox-slideshow=\"5ff8f9e\" data-elementor-lightbox-title=\"village-verfeil-27\" data-e-action-hash=\"#elementor-action%3Aaction%3Dlightbox%26settings%3DeyJpZCI6MTU2NzEsInVybCI6Imh0dHBzOlwvXC9jYy1xcmdhLmZyXC93cC1jb250ZW50XC91cGxvYWRzXC8yMDIyXC8wOVwvdmlsbGFnZS12ZXJmZWlsLTI3LXNjYWxlZC5qcGciLCJzbGlkZXNob3ciOiI1ZmY4ZjllIn0%3D\">\n\t\t\t\t\t<div class=\"e-gallery-image elementor-gallery-item__image\" data-thumbnail=\"https:\/\/cc-qrga.fr\/wp-content\/uploads\/2022\/09\/village-verfeil-27-200x300.jpg\" data-width=\"200\" data-height=\"300\" aria-label=\"\" role=\"img\" ><\/div>\n\t\t\t\t\t\t\t\t\t\t\t<div class=\"elementor-gallery-item__overlay\"><\/div>\n\t\t\t\t\t\t\t\t\t\t\t\t\t\t<\/a>\n\t\t\t\t\t\t\t<a class=\"e-gallery-item elementor-gallery-item elementor-animated-content\" href=\"https:\/\/cc-qrga.fr\/wp-content\/uploads\/2022\/09\/village-verfeil-22-1-scaled.jpg\" data-elementor-open-lightbox=\"yes\" data-elementor-lightbox-slideshow=\"5ff8f9e\" data-elementor-lightbox-title=\"village-verfeil-22 (1)\" data-e-action-hash=\"#elementor-action%3Aaction%3Dlightbox%26settings%3DeyJpZCI6MTU2NzAsInVybCI6Imh0dHBzOlwvXC9jYy1xcmdhLmZyXC93cC1jb250ZW50XC91cGxvYWRzXC8yMDIyXC8wOVwvdmlsbGFnZS12ZXJmZWlsLTIyLTEtc2NhbGVkLmpwZyIsInNsaWRlc2hvdyI6IjVmZjhmOWUifQ%3D%3D\">\n\t\t\t\t\t<div class=\"e-gallery-image elementor-gallery-item__image\" data-thumbnail=\"https:\/\/cc-qrga.fr\/wp-content\/uploads\/2022\/09\/village-verfeil-22-1-200x300.jpg\" data-width=\"200\" data-height=\"300\" aria-label=\"\" role=\"img\" ><\/div>\n\t\t\t\t\t\t\t\t\t\t\t<div class=\"elementor-gallery-item__overlay\"><\/div>\n\t\t\t\t\t\t\t\t\t\t\t\t\t\t<\/a>\n\t\t\t\t\t\t\t<a class=\"e-gallery-item elementor-gallery-item elementor-animated-content\" href=\"https:\/\/cc-qrga.fr\/wp-content\/uploads\/2022\/09\/village-verfeil-2-scaled.jpg\" data-elementor-open-lightbox=\"yes\" data-elementor-lightbox-slideshow=\"5ff8f9e\" data-elementor-lightbox-title=\"village-verfeil-2\" data-e-action-hash=\"#elementor-action%3Aaction%3Dlightbox%26settings%3DeyJpZCI6MTU2NjgsInVybCI6Imh0dHBzOlwvXC9jYy1xcmdhLmZyXC93cC1jb250ZW50XC91cGxvYWRzXC8yMDIyXC8wOVwvdmlsbGFnZS12ZXJmZWlsLTItc2NhbGVkLmpwZyIsInNsaWRlc2hvdyI6IjVmZjhmOWUifQ%3D%3D\">\n\t\t\t\t\t<div class=\"e-gallery-image elementor-gallery-item__image\" data-thumbnail=\"https:\/\/cc-qrga.fr\/wp-content\/uploads\/2022\/09\/village-verfeil-2-300x200.jpg\" data-width=\"300\" data-height=\"200\" aria-label=\"\" role=\"img\" ><\/div>\n\t\t\t\t\t\t\t\t\t\t\t<div class=\"elementor-gallery-item__overlay\"><\/div>\n\t\t\t\t\t\t\t\t\t\t\t\t\t\t<\/a>\n\t\t\t\t\t\t\t<a class=\"e-gallery-item elementor-gallery-item elementor-animated-content\" href=\"https:\/\/cc-qrga.fr\/wp-content\/uploads\/2022\/09\/village-verfeil-13-scaled.jpg\" data-elementor-open-lightbox=\"yes\" data-elementor-lightbox-slideshow=\"5ff8f9e\" data-elementor-lightbox-title=\"village-verfeil-13\" data-e-action-hash=\"#elementor-action%3Aaction%3Dlightbox%26settings%3DeyJpZCI6MTU2NjksInVybCI6Imh0dHBzOlwvXC9jYy1xcmdhLmZyXC93cC1jb250ZW50XC91cGxvYWRzXC8yMDIyXC8wOVwvdmlsbGFnZS12ZXJmZWlsLTEzLXNjYWxlZC5qcGciLCJzbGlkZXNob3ciOiI1ZmY4ZjllIn0%3D\">\n\t\t\t\t\t<div class=\"e-gallery-image elementor-gallery-item__image\" data-thumbnail=\"https:\/\/cc-qrga.fr\/wp-content\/uploads\/2022\/09\/village-verfeil-13-200x300.jpg\" data-width=\"200\" data-height=\"300\" aria-label=\"\" role=\"img\" ><\/div>\n\t\t\t\t\t\t\t\t\t\t\t<div class=\"elementor-gallery-item__overlay\"><\/div>\n\t\t\t\t\t\t\t\t\t\t\t\t\t\t<\/a>\n\t\t\t\t\t<\/div>\n\t\t\t\t\t<\/div>\n\t\t\t\t<\/div>\n\t\t\t\t\t<\/div>\n\t\t<\/div>\n\t\t\t\t\t<\/div>\n\t\t<\/section>\n\t\t\t\t<section class=\"has_eae_slider elementor-section elementor-top-section elementor-element elementor-element-59c1ff4 elementor-section-boxed elementor-section-height-default elementor-section-height-default\" data-eae-slider=\"66776\" data-id=\"59c1ff4\" data-element_type=\"section\" data-e-type=\"section\" data-settings=\"{&quot;background_background&quot;:&quot;classic&quot;}\">\n\t\t\t\t\t\t<div class=\"elementor-container elementor-column-gap-default\">\n\t\t\t\t\t<div class=\"has_eae_slider elementor-column elementor-col-100 elementor-top-column elementor-element elementor-element-8a38b8e\" data-eae-slider=\"14256\" data-id=\"8a38b8e\" data-element_type=\"column\" data-e-type=\"column\">\n\t\t\t<div class=\"elementor-widget-wrap elementor-element-populated\">\n\t\t\t\t\t\t<div class=\"elementor-element elementor-element-c431a62 elementor-widget elementor-widget-heading\" data-id=\"c431a62\" data-element_type=\"widget\" data-e-type=\"widget\" data-widget_type=\"heading.default\">\n\t\t\t\t<div class=\"elementor-widget-container\">\n\t\t\t\t\t<h2 class=\"elementor-heading-title elementor-size-default\">Meer informatie<\/h2>\t\t\t\t<\/div>\n\t\t\t\t<\/div>\n\t\t\t\t<div class=\"elementor-element elementor-element-00e18e9 elementor-widget elementor-widget-text-editor\" data-id=\"00e18e9\" data-element_type=\"widget\" data-e-type=\"widget\" data-widget_type=\"text-editor.default\">\n\t\t\t\t<div class=\"elementor-widget-container\">\n\t\t\t\t\t\t\t\t\t<ul><li><br \/><br \/><\/li><li><strong>Burgemeester :<\/strong>\u00a0Roger RAITIERE<\/li><li><strong>Gedelegeerden van de Gemeenschap :\u00a0<\/strong>Roger RAITIERE - Didier CHARDENET<\/li><li><strong>Openingstijden gemeentehuis :<br \/><\/strong>Maandag, woensdag en vrijdag van 9.00 tot 12.00 uur.<\/li><li><strong>Telefoon :<\/strong>\u00a005 63 65 46 08<\/li><li><a href=\"mailto:mairie-de-verfeil-sur-seye@wanadoo.fr\"><strong>E-mail :<\/strong>\u00a0mairie-de-verfeil-sur-seye@wanadoo.fr<\/a><\/li><\/ul>\t\t\t\t\t\t\t\t<\/div>\n\t\t\t\t<\/div>\n\t\t\t\t\t<\/div>\n\t\t<\/div>\n\t\t\t\t\t<\/div>\n\t\t<\/section>\n\t\t\t\t<\/div>","protected":false},"excerpt":{"rendered":"<p>Verfeil sur Seye Dans leur aridit\u00e9 administrative, les informations sur Verfeil diront que c\u2019est une commune du Tarn et Garonne, arrondissement de Montauban, peupl\u00e9e de 330 habitants et que, pour \u00e9crire \u00e0 l\u2019un de ses habitants, il faut utiliser le code postal 82 330. Et c\u2019est tout, ou presque. Pour en savoir plus, il faudra [&hellip;]<\/p>","protected":false},"author":22,"featured_media":0,"parent":0,"menu_order":0,"comment_status":"closed","ping_status":"closed","template":"","meta":{"footnotes":""},"class_list":["post-15516","page","type-page","status-publish","hentry"],"yoast_head":"<!-- This site is optimized with the Yoast SEO plugin v27.4 - https:\/\/yoast.com\/product\/yoast-seo-wordpress\/ -->\n<title>Verfeil sur Seye - Communaut\u00e9 de communes du Quercy Rouergue et des Gorges de l&#039;Aveyron<\/title>\n<meta name=\"robots\" content=\"index, follow, max-snippet:-1, max-image-preview:large, max-video-preview:-1\" \/>\n<link rel=\"canonical\" href=\"https:\/\/cc-qrga.fr\/nl\/verfeil-sur-seye\/\" \/>\n<meta property=\"og:locale\" content=\"nl_BE\" \/>\n<meta property=\"og:type\" content=\"article\" \/>\n<meta property=\"og:title\" content=\"Verfeil sur Seye - Communaut\u00e9 de communes du Quercy Rouergue et des Gorges de l&#039;Aveyron\" \/>\n<meta property=\"og:description\" content=\"Verfeil sur Seye Dans leur aridit\u00e9 administrative, les informations sur Verfeil diront que c\u2019est une commune du Tarn et Garonne, arrondissement de Montauban, peupl\u00e9e de 330 habitants et que, pour \u00e9crire \u00e0 l\u2019un de ses habitants, il faut utiliser le code postal 82 330. Et c\u2019est tout, ou presque. Pour en savoir plus, il faudra [&hellip;]\" \/>\n<meta property=\"og:url\" content=\"https:\/\/cc-qrga.fr\/nl\/verfeil-sur-seye\/\" \/>\n<meta property=\"og:site_name\" content=\"Communaut\u00e9 de communes du Quercy Rouergue et des Gorges de l&#039;Aveyron\" \/>\n<meta property=\"article:modified_time\" content=\"2022-09-02T08:26:35+00:00\" \/>\n<meta name=\"twitter:card\" content=\"summary_large_image\" \/>\n<meta name=\"twitter:label1\" content=\"Geschatte leestijd\" \/>\n\t<meta name=\"twitter:data1\" content=\"2 minuten\" \/>\n<script type=\"application\/ld+json\" class=\"yoast-schema-graph\">{\"@context\":\"https:\\\/\\\/schema.org\",\"@graph\":[{\"@type\":\"WebPage\",\"@id\":\"https:\\\/\\\/cc-qrga.fr\\\/verfeil-sur-seye\\\/\",\"url\":\"https:\\\/\\\/cc-qrga.fr\\\/verfeil-sur-seye\\\/\",\"name\":\"Verfeil sur Seye - Communaut\u00e9 de communes du Quercy Rouergue et des Gorges de l&#039;Aveyron\",\"isPartOf\":{\"@id\":\"https:\\\/\\\/cc-qrga.fr\\\/#website\"},\"datePublished\":\"2022-09-01T09:29:44+00:00\",\"dateModified\":\"2022-09-02T08:26:35+00:00\",\"breadcrumb\":{\"@id\":\"https:\\\/\\\/cc-qrga.fr\\\/verfeil-sur-seye\\\/#breadcrumb\"},\"inLanguage\":\"nl-BE\",\"potentialAction\":[{\"@type\":\"ReadAction\",\"target\":[\"https:\\\/\\\/cc-qrga.fr\\\/verfeil-sur-seye\\\/\"]}]},{\"@type\":\"BreadcrumbList\",\"@id\":\"https:\\\/\\\/cc-qrga.fr\\\/verfeil-sur-seye\\\/#breadcrumb\",\"itemListElement\":[{\"@type\":\"ListItem\",\"position\":1,\"name\":\"Accueil\",\"item\":\"https:\\\/\\\/cc-qrga.fr\\\/\"},{\"@type\":\"ListItem\",\"position\":2,\"name\":\"Verfeil sur Seye\"}]},{\"@type\":\"WebSite\",\"@id\":\"https:\\\/\\\/cc-qrga.fr\\\/#website\",\"url\":\"https:\\\/\\\/cc-qrga.fr\\\/\",\"name\":\"Communaut\u00e9 de communes du Quercy Rouergue et des Gorges de l&#039;Aveyron\",\"description\":\"qrga\",\"potentialAction\":[{\"@type\":\"SearchAction\",\"target\":{\"@type\":\"EntryPoint\",\"urlTemplate\":\"https:\\\/\\\/cc-qrga.fr\\\/?s={search_term_string}\"},\"query-input\":{\"@type\":\"PropertyValueSpecification\",\"valueRequired\":true,\"valueName\":\"search_term_string\"}}],\"inLanguage\":\"nl-BE\"}]}<\/script>\n<!-- \/ Yoast SEO plugin. -->","yoast_head_json":{"title":"Verfeil sur Seye - Communaut\u00e9 de communes du Quercy Rouergue et des Gorges de l&#039;Aveyron","robots":{"index":"index","follow":"follow","max-snippet":"max-snippet:-1","max-image-preview":"max-image-preview:large","max-video-preview":"max-video-preview:-1"},"canonical":"https:\/\/cc-qrga.fr\/nl\/verfeil-sur-seye\/","og_locale":"nl_BE","og_type":"article","og_title":"Verfeil sur Seye - Communaut\u00e9 de communes du Quercy Rouergue et des Gorges de l&#039;Aveyron","og_description":"Verfeil sur Seye Dans leur aridit\u00e9 administrative, les informations sur Verfeil diront que c\u2019est une commune du Tarn et Garonne, arrondissement de Montauban, peupl\u00e9e de 330 habitants et que, pour \u00e9crire \u00e0 l\u2019un de ses habitants, il faut utiliser le code postal 82 330. Et c\u2019est tout, ou presque. Pour en savoir plus, il faudra [&hellip;]","og_url":"https:\/\/cc-qrga.fr\/nl\/verfeil-sur-seye\/","og_site_name":"Communaut\u00e9 de communes du Quercy Rouergue et des Gorges de l&#039;Aveyron","article_modified_time":"2022-09-02T08:26:35+00:00","twitter_card":"summary_large_image","twitter_misc":{"Geschatte leestijd":"2 minuten"},"schema":{"@context":"https:\/\/schema.org","@graph":[{"@type":"WebPage","@id":"https:\/\/cc-qrga.fr\/verfeil-sur-seye\/","url":"https:\/\/cc-qrga.fr\/verfeil-sur-seye\/","name":"Verfeil sur Seye - Communaut\u00e9 de communes du Quercy Rouergue et des Gorges de l&#039;Aveyron","isPartOf":{"@id":"https:\/\/cc-qrga.fr\/#website"},"datePublished":"2022-09-01T09:29:44+00:00","dateModified":"2022-09-02T08:26:35+00:00","breadcrumb":{"@id":"https:\/\/cc-qrga.fr\/verfeil-sur-seye\/#breadcrumb"},"inLanguage":"nl-BE","potentialAction":[{"@type":"ReadAction","target":["https:\/\/cc-qrga.fr\/verfeil-sur-seye\/"]}]},{"@type":"BreadcrumbList","@id":"https:\/\/cc-qrga.fr\/verfeil-sur-seye\/#breadcrumb","itemListElement":[{"@type":"ListItem","position":1,"name":"Accueil","item":"https:\/\/cc-qrga.fr\/"},{"@type":"ListItem","position":2,"name":"Verfeil sur Seye"}]},{"@type":"WebSite","@id":"https:\/\/cc-qrga.fr\/#website","url":"https:\/\/cc-qrga.fr\/","name":"Gemeenschap van gemeenten van Quercy Rouergue en de Gorges de l'Aveyron","description":"qrga","potentialAction":[{"@type":"SearchAction","target":{"@type":"EntryPoint","urlTemplate":"https:\/\/cc-qrga.fr\/?s={search_term_string}"},"query-input":{"@type":"PropertyValueSpecification","valueRequired":true,"valueName":"search_term_string"}}],"inLanguage":"nl-BE"}]}},"_links":{"self":[{"href":"https:\/\/cc-qrga.fr\/nl\/wp-json\/wp\/v2\/pages\/15516","targetHints":{"allow":["GET"]}}],"collection":[{"href":"https:\/\/cc-qrga.fr\/nl\/wp-json\/wp\/v2\/pages"}],"about":[{"href":"https:\/\/cc-qrga.fr\/nl\/wp-json\/wp\/v2\/types\/page"}],"author":[{"embeddable":true,"href":"https:\/\/cc-qrga.fr\/nl\/wp-json\/wp\/v2\/users\/22"}],"replies":[{"embeddable":true,"href":"https:\/\/cc-qrga.fr\/nl\/wp-json\/wp\/v2\/comments?post=15516"}],"version-history":[{"count":0,"href":"https:\/\/cc-qrga.fr\/nl\/wp-json\/wp\/v2\/pages\/15516\/revisions"}],"wp:attachment":[{"href":"https:\/\/cc-qrga.fr\/nl\/wp-json\/wp\/v2\/media?parent=15516"}],"curies":[{"name":"wp","href":"https:\/\/api.w.org\/{rel}","templated":true}]}}