{"id":15520,"date":"2022-09-01T11:30:07","date_gmt":"2022-09-01T09:30:07","guid":{"rendered":"https:\/\/cc-qrga.fr\/?page_id=15520"},"modified":"2022-09-01T14:02:38","modified_gmt":"2022-09-01T12:02:38","slug":"feneyrols","status":"publish","type":"page","link":"https:\/\/cc-qrga.fr\/nl\/feneyrols\/","title":{"rendered":"Feneyrollen"},"content":{"rendered":"<div data-elementor-type=\"wp-page\" data-elementor-id=\"15520\" class=\"elementor elementor-15520\" data-elementor-post-type=\"page\">\n\t\t\t\t\t\t<section class=\"has_eae_slider elementor-section elementor-top-section elementor-element elementor-element-5ecb0e2 elementor-section-boxed elementor-section-height-default elementor-section-height-default\" data-eae-slider=\"26712\" data-id=\"5ecb0e2\" data-element_type=\"section\" data-e-type=\"section\">\n\t\t\t\t\t\t<div class=\"elementor-container elementor-column-gap-default\">\n\t\t\t\t\t<div class=\"has_eae_slider elementor-column elementor-col-50 elementor-top-column elementor-element elementor-element-b8003a1\" data-eae-slider=\"52625\" data-id=\"b8003a1\" data-element_type=\"column\" data-e-type=\"column\">\n\t\t\t<div class=\"elementor-widget-wrap elementor-element-populated\">\n\t\t\t\t\t\t<div class=\"elementor-element elementor-element-3779cba elementor-widget elementor-widget-heading\" data-id=\"3779cba\" data-element_type=\"widget\" data-e-type=\"widget\" data-widget_type=\"heading.default\">\n\t\t\t\t<div class=\"elementor-widget-container\">\n\t\t\t\t\t<h2 class=\"elementor-heading-title elementor-size-default\">Feneyrollen<\/h2>\t\t\t\t<\/div>\n\t\t\t\t<\/div>\n\t\t\t\t<div class=\"elementor-element elementor-element-4d54138 elementor-widget elementor-widget-text-editor\" data-id=\"4d54138\" data-element_type=\"widget\" data-e-type=\"widget\" data-widget_type=\"text-editor.default\">\n\t\t\t\t<div class=\"elementor-widget-container\">\n\t\t\t\t\t\t\t\t\t<p>F\u00e9neyrols, tot het begin van de 20e eeuw bekend als F\u00e9nayrols-les-Bains, is een gemeente op de grens van drie departementen: Tarn-et-Garonne, Aveyron en Tarn: Tarn-et-Garonne, Aveyron en Tarn, met een oppervlakte van bijna 1.500 hectare; het ligt aan de D115, die veel gebruikt wordt door verkeer richting Montauban, Villefranche-de-Rouergue en Albi.<\/p><p>Vroeger was F\u00e9neyrols beroemd om zijn drie minerale bronnen, die verbonden waren met de kuurindustrie. Vandaag de dag zijn er alleen nog de gebouwen over, met name de oude thermale baden op de rechteroever van de Aveyron, en ongeveer twee hectare park aan het einde waarvan zich een hotelrestaurant met terras bevindt.<\/p><p>F\u00e9neyrols heeft drie kerken: de kerk Saint-Jean Baptiste des Camps, een gebouw met een vierkant dak in noordoostelijke richting dat bijna een kilometer van het dorp aan de oevers van de Aveyron staat, de kerk Sainte-Marie (Saint-Clair) de Quergoalle en de kerk Carrendier.\u00a0<br class=\"autobr\" \/>Een kapel van Sint Bernadette in het hart van het dorp maakt dit religieuze erfgoed compleet.<\/p><p>Naast deze gebouwen, stroomopwaarts van de metalen hangbrug, staat het kasteel dat vroeger bekend stond als Capdhuel, ooit een versterkte residentie en nu priv\u00e9bezit.<\/p><p>Vandaag de dag is F\u00e9neyrols een populaire toeristische bestemming in de zomer, met watersporten op de rivier de Aveyron en traditionele visvangst.<\/p>\t\t\t\t\t\t\t\t<\/div>\n\t\t\t\t<\/div>\n\t\t\t\t\t<\/div>\n\t\t<\/div>\n\t\t\t\t<div class=\"has_eae_slider elementor-column elementor-col-50 elementor-top-column elementor-element elementor-element-2f33c6a\" data-eae-slider=\"20281\" data-id=\"2f33c6a\" data-element_type=\"column\" data-e-type=\"column\">\n\t\t\t<div class=\"elementor-widget-wrap elementor-element-populated\">\n\t\t\t\t\t\t<div class=\"elementor-element elementor-element-cd56df5 elementor-widget elementor-widget-gallery\" data-id=\"cd56df5\" data-element_type=\"widget\" data-e-type=\"widget\" data-settings=\"{&quot;gallery_layout&quot;:&quot;justified&quot;,&quot;lazyload&quot;:&quot;yes&quot;,&quot;ideal_row_height&quot;:{&quot;unit&quot;:&quot;px&quot;,&quot;size&quot;:200,&quot;sizes&quot;:[]},&quot;ideal_row_height_tablet&quot;:{&quot;unit&quot;:&quot;px&quot;,&quot;size&quot;:150,&quot;sizes&quot;:[]},&quot;ideal_row_height_mobile&quot;:{&quot;unit&quot;:&quot;px&quot;,&quot;size&quot;:150,&quot;sizes&quot;:[]},&quot;gap&quot;:{&quot;unit&quot;:&quot;px&quot;,&quot;size&quot;:10,&quot;sizes&quot;:[]},&quot;gap_tablet&quot;:{&quot;unit&quot;:&quot;px&quot;,&quot;size&quot;:10,&quot;sizes&quot;:[]},&quot;gap_mobile&quot;:{&quot;unit&quot;:&quot;px&quot;,&quot;size&quot;:10,&quot;sizes&quot;:[]},&quot;link_to&quot;:&quot;file&quot;,&quot;overlay_background&quot;:&quot;yes&quot;,&quot;content_hover_animation&quot;:&quot;fade-in&quot;}\" data-widget_type=\"gallery.default\">\n\t\t\t\t<div class=\"elementor-widget-container\">\n\t\t\t\t\t\t\t<div class=\"elementor-gallery__container\">\n\t\t\t\t\t\t\t<a class=\"e-gallery-item elementor-gallery-item elementor-animated-content\" href=\"https:\/\/cc-qrga.fr\/wp-content\/uploads\/2022\/09\/IMG_1724_www.vincentphotographie.com_.jpg\" data-elementor-open-lightbox=\"yes\" data-elementor-lightbox-slideshow=\"cd56df5\" data-elementor-lightbox-title=\"IMG_1724_(www.vincentphotographie.com)\" data-e-action-hash=\"#elementor-action%3Aaction%3Dlightbox%26settings%3DeyJpZCI6MTU1NzgsInVybCI6Imh0dHBzOlwvXC9jYy1xcmdhLmZyXC93cC1jb250ZW50XC91cGxvYWRzXC8yMDIyXC8wOVwvSU1HXzE3MjRfd3d3LnZpbmNlbnRwaG90b2dyYXBoaWUuY29tXy5qcGciLCJzbGlkZXNob3ciOiJjZDU2ZGY1In0%3D\">\n\t\t\t\t\t<div class=\"e-gallery-image elementor-gallery-item__image\" data-thumbnail=\"https:\/\/cc-qrga.fr\/wp-content\/uploads\/2022\/09\/IMG_1724_www.vincentphotographie.com_-300x200.jpg\" data-width=\"300\" data-height=\"200\" aria-label=\"\" role=\"img\" ><\/div>\n\t\t\t\t\t\t\t\t\t\t\t<div class=\"elementor-gallery-item__overlay\"><\/div>\n\t\t\t\t\t\t\t\t\t\t\t\t\t\t<\/a>\n\t\t\t\t\t\t\t<a class=\"e-gallery-item elementor-gallery-item elementor-animated-content\" href=\"https:\/\/cc-qrga.fr\/wp-content\/uploads\/2022\/09\/DSC01586-scaled.jpg\" data-elementor-open-lightbox=\"yes\" data-elementor-lightbox-slideshow=\"cd56df5\" data-elementor-lightbox-title=\"DSC01586\" data-e-action-hash=\"#elementor-action%3Aaction%3Dlightbox%26settings%3DeyJpZCI6MTU1NzYsInVybCI6Imh0dHBzOlwvXC9jYy1xcmdhLmZyXC93cC1jb250ZW50XC91cGxvYWRzXC8yMDIyXC8wOVwvRFNDMDE1ODYtc2NhbGVkLmpwZyIsInNsaWRlc2hvdyI6ImNkNTZkZjUifQ%3D%3D\">\n\t\t\t\t\t<div class=\"e-gallery-image elementor-gallery-item__image\" data-thumbnail=\"https:\/\/cc-qrga.fr\/wp-content\/uploads\/2022\/09\/DSC01586-300x225.jpg\" data-width=\"300\" data-height=\"225\" aria-label=\"\" role=\"img\" ><\/div>\n\t\t\t\t\t\t\t\t\t\t\t<div class=\"elementor-gallery-item__overlay\"><\/div>\n\t\t\t\t\t\t\t\t\t\t\t\t\t\t<\/a>\n\t\t\t\t\t\t\t<a class=\"e-gallery-item elementor-gallery-item elementor-animated-content\" href=\"https:\/\/cc-qrga.fr\/wp-content\/uploads\/2022\/09\/IMG_1717_www.vincentphotographie.com-1.jpg\" data-elementor-open-lightbox=\"yes\" data-elementor-lightbox-slideshow=\"cd56df5\" data-elementor-lightbox-title=\"IMG_1717_(www.vincentphotographie.com) (1)\" data-e-action-hash=\"#elementor-action%3Aaction%3Dlightbox%26settings%3DeyJpZCI6MTU1NzcsInVybCI6Imh0dHBzOlwvXC9jYy1xcmdhLmZyXC93cC1jb250ZW50XC91cGxvYWRzXC8yMDIyXC8wOVwvSU1HXzE3MTdfd3d3LnZpbmNlbnRwaG90b2dyYXBoaWUuY29tLTEuanBnIiwic2xpZGVzaG93IjoiY2Q1NmRmNSJ9\">\n\t\t\t\t\t<div class=\"e-gallery-image elementor-gallery-item__image\" data-thumbnail=\"https:\/\/cc-qrga.fr\/wp-content\/uploads\/2022\/09\/IMG_1717_www.vincentphotographie.com-1-300x200.jpg\" data-width=\"300\" data-height=\"200\" aria-label=\"\" role=\"img\" ><\/div>\n\t\t\t\t\t\t\t\t\t\t\t<div class=\"elementor-gallery-item__overlay\"><\/div>\n\t\t\t\t\t\t\t\t\t\t\t\t\t\t<\/a>\n\t\t\t\t\t\t\t<a class=\"e-gallery-item elementor-gallery-item elementor-animated-content\" href=\"https:\/\/cc-qrga.fr\/wp-content\/uploads\/2022\/09\/IMG_20210407_081338-scaled.jpg\" data-elementor-open-lightbox=\"yes\" data-elementor-lightbox-slideshow=\"cd56df5\" data-elementor-lightbox-title=\"IMG_20210407_081338\" data-e-action-hash=\"#elementor-action%3Aaction%3Dlightbox%26settings%3DeyJpZCI6MTU1NzksInVybCI6Imh0dHBzOlwvXC9jYy1xcmdhLmZyXC93cC1jb250ZW50XC91cGxvYWRzXC8yMDIyXC8wOVwvSU1HXzIwMjEwNDA3XzA4MTMzOC1zY2FsZWQuanBnIiwic2xpZGVzaG93IjoiY2Q1NmRmNSJ9\">\n\t\t\t\t\t<div class=\"e-gallery-image elementor-gallery-item__image\" data-thumbnail=\"https:\/\/cc-qrga.fr\/wp-content\/uploads\/2022\/09\/IMG_20210407_081338-225x300.jpg\" data-width=\"225\" data-height=\"300\" aria-label=\"\" role=\"img\" ><\/div>\n\t\t\t\t\t\t\t\t\t\t\t<div class=\"elementor-gallery-item__overlay\"><\/div>\n\t\t\t\t\t\t\t\t\t\t\t\t\t\t<\/a>\n\t\t\t\t\t<\/div>\n\t\t\t\t\t<\/div>\n\t\t\t\t<\/div>\n\t\t\t\t\t<\/div>\n\t\t<\/div>\n\t\t\t\t\t<\/div>\n\t\t<\/section>\n\t\t\t\t<section class=\"has_eae_slider elementor-section elementor-top-section elementor-element elementor-element-02e9f2e elementor-section-boxed elementor-section-height-default elementor-section-height-default\" data-eae-slider=\"26907\" data-id=\"02e9f2e\" data-element_type=\"section\" data-e-type=\"section\" data-settings=\"{&quot;background_background&quot;:&quot;classic&quot;}\">\n\t\t\t\t\t\t<div class=\"elementor-container elementor-column-gap-default\">\n\t\t\t\t\t<div class=\"has_eae_slider elementor-column elementor-col-100 elementor-top-column elementor-element elementor-element-d94feec\" data-eae-slider=\"52776\" data-id=\"d94feec\" data-element_type=\"column\" data-e-type=\"column\">\n\t\t\t<div class=\"elementor-widget-wrap elementor-element-populated\">\n\t\t\t\t\t\t<div class=\"elementor-element elementor-element-4cbca92 elementor-widget elementor-widget-heading\" data-id=\"4cbca92\" data-element_type=\"widget\" data-e-type=\"widget\" data-widget_type=\"heading.default\">\n\t\t\t\t<div class=\"elementor-widget-container\">\n\t\t\t\t\t<h2 class=\"elementor-heading-title elementor-size-default\">Meer informatie<\/h2>\t\t\t\t<\/div>\n\t\t\t\t<\/div>\n\t\t\t\t<div class=\"elementor-element elementor-element-791797d elementor-widget elementor-widget-text-editor\" data-id=\"791797d\" data-element_type=\"widget\" data-e-type=\"widget\" data-widget_type=\"text-editor.default\">\n\t\t\t\t<div class=\"elementor-widget-container\">\n\t\t\t\t\t\t\t\t\t<p>\u00a0<\/p><ul><li><strong>Burgemeester :<\/strong>\u00a0GALLAND Christen<\/li><li><strong>Gedelegeerde van de Gemeenschap :\u00a0<\/strong>GALLAND Christen<\/li><li><strong>Openingstijden gemeentehuis:<\/strong>\u00a0Woensdag van 8u tot 12u \/ 13u tot 17u<\/li><li><strong>Tel:<\/strong>\u00a005 63 30 61 75<\/li><li><a href=\"mailto:mairie.feneyrols@meschnet.fr\"><strong>E-mail<\/strong>\u00a0: mairie.feneyrols@orange.fr<\/a><\/li><li><a href=\"http:\/\/www.feneyrols.fr\/\" target=\"_blank\" rel=\"noopener\"><strong>Site :<\/strong>\u00a0http:\/\/www.feneyrols.fr\/<\/a><\/li><\/ul>\t\t\t\t\t\t\t\t<\/div>\n\t\t\t\t<\/div>\n\t\t\t\t\t<\/div>\n\t\t<\/div>\n\t\t\t\t\t<\/div>\n\t\t<\/section>\n\t\t\t\t<\/div>","protected":false},"excerpt":{"rendered":"<p>Feneyrols F\u00e9neyrols, F\u00e9nayrols-les-Bains jusqu\u2019au d\u00e9but du XXe si\u00e8cle, est une commune situ\u00e9e aux confins de trois d\u00e9partements\u00a0: Tarn-et-Garonne, Aveyron et Tarn, s\u2019\u00e9tendant sur presque 1500 hectares\u00a0; elle est situ\u00e9e au bord de la D115 faisant l\u2019objet d\u2019un important passage g\u00e9n\u00e9r\u00e9 par les d\u00e9placements en direction de Montauban, Villefranche-de-Rouergue et Albi. F\u00e9neyrols a dans le pass\u00e9 [&hellip;]<\/p>","protected":false},"author":22,"featured_media":0,"parent":0,"menu_order":0,"comment_status":"closed","ping_status":"closed","template":"","meta":{"footnotes":""},"class_list":["post-15520","page","type-page","status-publish","hentry"],"yoast_head":"<!-- This site is optimized with the Yoast SEO plugin v27.3 - https:\/\/yoast.com\/product\/yoast-seo-wordpress\/ -->\n<title>Feneyrols - Communaut\u00e9 de communes du Quercy Rouergue et des Gorges de l&#039;Aveyron<\/title>\n<meta name=\"robots\" content=\"index, follow, max-snippet:-1, max-image-preview:large, max-video-preview:-1\" \/>\n<link rel=\"canonical\" href=\"https:\/\/cc-qrga.fr\/nl\/feneyrols\/\" \/>\n<meta property=\"og:locale\" content=\"nl_BE\" \/>\n<meta property=\"og:type\" content=\"article\" \/>\n<meta property=\"og:title\" content=\"Feneyrols - Communaut\u00e9 de communes du Quercy Rouergue et des Gorges de l&#039;Aveyron\" \/>\n<meta property=\"og:description\" content=\"Feneyrols F\u00e9neyrols, F\u00e9nayrols-les-Bains jusqu\u2019au d\u00e9but du XXe si\u00e8cle, est une commune situ\u00e9e aux confins de trois d\u00e9partements\u00a0: Tarn-et-Garonne, Aveyron et Tarn, s\u2019\u00e9tendant sur presque 1500 hectares\u00a0; elle est situ\u00e9e au bord de la D115 faisant l\u2019objet d\u2019un important passage g\u00e9n\u00e9r\u00e9 par les d\u00e9placements en direction de Montauban, Villefranche-de-Rouergue et Albi. F\u00e9neyrols a dans le pass\u00e9 [&hellip;]\" \/>\n<meta property=\"og:url\" content=\"https:\/\/cc-qrga.fr\/nl\/feneyrols\/\" \/>\n<meta property=\"og:site_name\" content=\"Communaut\u00e9 de communes du Quercy Rouergue et des Gorges de l&#039;Aveyron\" \/>\n<meta property=\"article:modified_time\" content=\"2022-09-01T12:02:38+00:00\" \/>\n<meta name=\"twitter:card\" content=\"summary_large_image\" \/>\n<meta name=\"twitter:label1\" content=\"Geschatte leestijd\" \/>\n\t<meta name=\"twitter:data1\" content=\"2 minuten\" \/>\n<script type=\"application\/ld+json\" class=\"yoast-schema-graph\">{\"@context\":\"https:\\\/\\\/schema.org\",\"@graph\":[{\"@type\":\"WebPage\",\"@id\":\"https:\\\/\\\/cc-qrga.fr\\\/feneyrols\\\/\",\"url\":\"https:\\\/\\\/cc-qrga.fr\\\/feneyrols\\\/\",\"name\":\"Feneyrols - Communaut\u00e9 de communes du Quercy Rouergue et des Gorges de l&#039;Aveyron\",\"isPartOf\":{\"@id\":\"https:\\\/\\\/cc-qrga.fr\\\/#website\"},\"datePublished\":\"2022-09-01T09:30:07+00:00\",\"dateModified\":\"2022-09-01T12:02:38+00:00\",\"breadcrumb\":{\"@id\":\"https:\\\/\\\/cc-qrga.fr\\\/feneyrols\\\/#breadcrumb\"},\"inLanguage\":\"nl-BE\",\"potentialAction\":[{\"@type\":\"ReadAction\",\"target\":[\"https:\\\/\\\/cc-qrga.fr\\\/feneyrols\\\/\"]}]},{\"@type\":\"BreadcrumbList\",\"@id\":\"https:\\\/\\\/cc-qrga.fr\\\/feneyrols\\\/#breadcrumb\",\"itemListElement\":[{\"@type\":\"ListItem\",\"position\":1,\"name\":\"Accueil\",\"item\":\"https:\\\/\\\/cc-qrga.fr\\\/\"},{\"@type\":\"ListItem\",\"position\":2,\"name\":\"Feneyrols\"}]},{\"@type\":\"WebSite\",\"@id\":\"https:\\\/\\\/cc-qrga.fr\\\/#website\",\"url\":\"https:\\\/\\\/cc-qrga.fr\\\/\",\"name\":\"Communaut\u00e9 de communes du Quercy Rouergue et des Gorges de l&#039;Aveyron\",\"description\":\"qrga\",\"potentialAction\":[{\"@type\":\"SearchAction\",\"target\":{\"@type\":\"EntryPoint\",\"urlTemplate\":\"https:\\\/\\\/cc-qrga.fr\\\/?s={search_term_string}\"},\"query-input\":{\"@type\":\"PropertyValueSpecification\",\"valueRequired\":true,\"valueName\":\"search_term_string\"}}],\"inLanguage\":\"nl-BE\"}]}<\/script>\n<!-- \/ Yoast SEO plugin. -->","yoast_head_json":{"title":"Feneyrols - Communaut\u00e9 de communes du Quercy Rouergue et des Gorges de l&#039;Aveyron","robots":{"index":"index","follow":"follow","max-snippet":"max-snippet:-1","max-image-preview":"max-image-preview:large","max-video-preview":"max-video-preview:-1"},"canonical":"https:\/\/cc-qrga.fr\/nl\/feneyrols\/","og_locale":"nl_BE","og_type":"article","og_title":"Feneyrols - Communaut\u00e9 de communes du Quercy Rouergue et des Gorges de l&#039;Aveyron","og_description":"Feneyrols F\u00e9neyrols, F\u00e9nayrols-les-Bains jusqu\u2019au d\u00e9but du XXe si\u00e8cle, est une commune situ\u00e9e aux confins de trois d\u00e9partements\u00a0: Tarn-et-Garonne, Aveyron et Tarn, s\u2019\u00e9tendant sur presque 1500 hectares\u00a0; elle est situ\u00e9e au bord de la D115 faisant l\u2019objet d\u2019un important passage g\u00e9n\u00e9r\u00e9 par les d\u00e9placements en direction de Montauban, Villefranche-de-Rouergue et Albi. F\u00e9neyrols a dans le pass\u00e9 [&hellip;]","og_url":"https:\/\/cc-qrga.fr\/nl\/feneyrols\/","og_site_name":"Communaut\u00e9 de communes du Quercy Rouergue et des Gorges de l&#039;Aveyron","article_modified_time":"2022-09-01T12:02:38+00:00","twitter_card":"summary_large_image","twitter_misc":{"Geschatte leestijd":"2 minuten"},"schema":{"@context":"https:\/\/schema.org","@graph":[{"@type":"WebPage","@id":"https:\/\/cc-qrga.fr\/feneyrols\/","url":"https:\/\/cc-qrga.fr\/feneyrols\/","name":"Feneyrols - Communaut\u00e9 de communes du Quercy Rouergue et des Gorges de l&#039;Aveyron","isPartOf":{"@id":"https:\/\/cc-qrga.fr\/#website"},"datePublished":"2022-09-01T09:30:07+00:00","dateModified":"2022-09-01T12:02:38+00:00","breadcrumb":{"@id":"https:\/\/cc-qrga.fr\/feneyrols\/#breadcrumb"},"inLanguage":"nl-BE","potentialAction":[{"@type":"ReadAction","target":["https:\/\/cc-qrga.fr\/feneyrols\/"]}]},{"@type":"BreadcrumbList","@id":"https:\/\/cc-qrga.fr\/feneyrols\/#breadcrumb","itemListElement":[{"@type":"ListItem","position":1,"name":"Accueil","item":"https:\/\/cc-qrga.fr\/"},{"@type":"ListItem","position":2,"name":"Feneyrols"}]},{"@type":"WebSite","@id":"https:\/\/cc-qrga.fr\/#website","url":"https:\/\/cc-qrga.fr\/","name":"Gemeenschap van gemeenten van Quercy Rouergue en de Gorges de l'Aveyron","description":"qrga","potentialAction":[{"@type":"SearchAction","target":{"@type":"EntryPoint","urlTemplate":"https:\/\/cc-qrga.fr\/?s={search_term_string}"},"query-input":{"@type":"PropertyValueSpecification","valueRequired":true,"valueName":"search_term_string"}}],"inLanguage":"nl-BE"}]}},"_links":{"self":[{"href":"https:\/\/cc-qrga.fr\/nl\/wp-json\/wp\/v2\/pages\/15520","targetHints":{"allow":["GET"]}}],"collection":[{"href":"https:\/\/cc-qrga.fr\/nl\/wp-json\/wp\/v2\/pages"}],"about":[{"href":"https:\/\/cc-qrga.fr\/nl\/wp-json\/wp\/v2\/types\/page"}],"author":[{"embeddable":true,"href":"https:\/\/cc-qrga.fr\/nl\/wp-json\/wp\/v2\/users\/22"}],"replies":[{"embeddable":true,"href":"https:\/\/cc-qrga.fr\/nl\/wp-json\/wp\/v2\/comments?post=15520"}],"version-history":[{"count":0,"href":"https:\/\/cc-qrga.fr\/nl\/wp-json\/wp\/v2\/pages\/15520\/revisions"}],"wp:attachment":[{"href":"https:\/\/cc-qrga.fr\/nl\/wp-json\/wp\/v2\/media?parent=15520"}],"curies":[{"name":"wp","href":"https:\/\/api.w.org\/{rel}","templated":true}]}}