{"id":15522,"date":"2022-09-01T11:30:16","date_gmt":"2022-09-01T09:30:16","guid":{"rendered":"https:\/\/cc-qrga.fr\/?page_id=15522"},"modified":"2022-09-02T10:25:08","modified_gmt":"2022-09-02T08:25:08","slug":"varen","status":"publish","type":"page","link":"https:\/\/cc-qrga.fr\/nl\/varen\/","title":{"rendered":"Varen"},"content":{"rendered":"<div data-elementor-type=\"wp-page\" data-elementor-id=\"15522\" class=\"elementor elementor-15522\" data-elementor-post-type=\"page\">\n\t\t\t\t\t\t<section class=\"has_eae_slider elementor-section elementor-top-section elementor-element elementor-element-c30c7f1 elementor-section-boxed elementor-section-height-default elementor-section-height-default\" data-eae-slider=\"66760\" data-id=\"c30c7f1\" data-element_type=\"section\" data-e-type=\"section\">\n\t\t\t\t\t\t<div class=\"elementor-container elementor-column-gap-default\">\n\t\t\t\t\t<div class=\"has_eae_slider elementor-column elementor-col-50 elementor-top-column elementor-element elementor-element-fc02407\" data-eae-slider=\"90086\" data-id=\"fc02407\" data-element_type=\"column\" data-e-type=\"column\">\n\t\t\t<div class=\"elementor-widget-wrap elementor-element-populated\">\n\t\t\t\t\t\t<div class=\"elementor-element elementor-element-1447605 elementor-widget elementor-widget-heading\" data-id=\"1447605\" data-element_type=\"widget\" data-e-type=\"widget\" data-widget_type=\"heading.default\">\n\t\t\t\t<div class=\"elementor-widget-container\">\n\t\t\t\t\t<h2 class=\"elementor-heading-title elementor-size-default\">Varen<\/h2>\t\t\t\t<\/div>\n\t\t\t\t<\/div>\n\t\t\t\t<div class=\"elementor-element elementor-element-e3c1a21 elementor-widget elementor-widget-text-editor\" data-id=\"e3c1a21\" data-element_type=\"widget\" data-e-type=\"widget\" data-widget_type=\"text-editor.default\">\n\t\t\t\t<div class=\"elementor-widget-container\">\n\t\t\t\t\t\t\t\t\t<div class=\"cartouche\"><div class=\"cartouche\"><p>De gemeente Varen, genesteld in de Gorges de l'Aveyron tussen Quercy en Rouergue, ligt in het uiterste zuidoosten van het departement Tarn-et-Garonne en bestaat uit 6 dorpen of gehuchten: Arnac, Lexos, St Gr\u00e9goire, St Martial, St Vincent en Varen.<\/p><p>Het heeft een rijk erfgoed. In Varen, een oud versterkt dorp dat dateert uit de 9e eeuw, vind je de geklasseerde 11e-eeuwse kerk van St Pierre de Varen, een meesterwerk van Romaanse kunst, een 15e-eeuws kasteel (ook geklasseerd), de voormalige residentie van de Seigneur Doyen, en overblijfselen van vestingwerken. In Lexos werd het majestueuze treinstation, ooit zo populair, gebouwd naar het model van het Gare d'Austerlitz (Parijs)...<br class=\"autobr\" \/>St Vincent heeft een kerk waarvan het koor bedekt is met gerestaureerde schilderijen uit de 17e eeuw, evenals het Ch\u00e2teau de Belpech, nu een priv\u00e9woning...<br class=\"autobr\" \/>In Arnac, de pittoreske 12e-eeuwse kerk van St Martin met zijn 2 klokkentorens, de kleine kerk van St Gr\u00e9goire met zijn met wandtapijten bedekte plafonds...<\/p><p>Het 3 km lange stuk water van de rivier de Aveyron is een populaire plek om te kano\u00ebn, vissen en wandelen. Er zijn ook een aantal wandelpaden om de verschillende landschappen van deze uitgestrekte gemeente te verkennen.<\/p><p>Tot slot maken de plaatselijke scholen, 17 verenigingen en winkels in Varen en Lexos dit een levendige gemeenschap waar het goed leven is. De aanwezigheid van de Aveyron maakt het een zeer populaire plek om te bezoeken ...<\/p><\/div><\/div>\t\t\t\t\t\t\t\t<\/div>\n\t\t\t\t<\/div>\n\t\t\t\t\t<\/div>\n\t\t<\/div>\n\t\t\t\t<div class=\"has_eae_slider elementor-column elementor-col-50 elementor-top-column elementor-element elementor-element-0553d5e\" data-eae-slider=\"92364\" data-id=\"0553d5e\" data-element_type=\"column\" data-e-type=\"column\">\n\t\t\t<div class=\"elementor-widget-wrap elementor-element-populated\">\n\t\t\t\t\t\t<div class=\"elementor-element elementor-element-9d7c4af elementor-widget elementor-widget-gallery\" data-id=\"9d7c4af\" data-element_type=\"widget\" data-e-type=\"widget\" data-settings=\"{&quot;gallery_layout&quot;:&quot;justified&quot;,&quot;lazyload&quot;:&quot;yes&quot;,&quot;ideal_row_height&quot;:{&quot;unit&quot;:&quot;px&quot;,&quot;size&quot;:200,&quot;sizes&quot;:[]},&quot;ideal_row_height_tablet&quot;:{&quot;unit&quot;:&quot;px&quot;,&quot;size&quot;:150,&quot;sizes&quot;:[]},&quot;ideal_row_height_mobile&quot;:{&quot;unit&quot;:&quot;px&quot;,&quot;size&quot;:150,&quot;sizes&quot;:[]},&quot;gap&quot;:{&quot;unit&quot;:&quot;px&quot;,&quot;size&quot;:10,&quot;sizes&quot;:[]},&quot;gap_tablet&quot;:{&quot;unit&quot;:&quot;px&quot;,&quot;size&quot;:10,&quot;sizes&quot;:[]},&quot;gap_mobile&quot;:{&quot;unit&quot;:&quot;px&quot;,&quot;size&quot;:10,&quot;sizes&quot;:[]},&quot;link_to&quot;:&quot;file&quot;,&quot;overlay_background&quot;:&quot;yes&quot;,&quot;content_hover_animation&quot;:&quot;fade-in&quot;}\" data-widget_type=\"gallery.default\">\n\t\t\t\t<div class=\"elementor-widget-container\">\n\t\t\t\t\t\t\t<div class=\"elementor-gallery__container\">\n\t\t\t\t\t\t\t<a class=\"e-gallery-item elementor-gallery-item elementor-animated-content\" href=\"https:\/\/cc-qrga.fr\/wp-content\/uploads\/2022\/09\/IMG_20210923_103130-2-scaled.jpg\" data-elementor-open-lightbox=\"yes\" data-elementor-lightbox-slideshow=\"9d7c4af\" data-elementor-lightbox-title=\"IMG_20210923_103130 (2)\" data-e-action-hash=\"#elementor-action%3Aaction%3Dlightbox%26settings%3DeyJpZCI6MTU2NjIsInVybCI6Imh0dHBzOlwvXC9jYy1xcmdhLmZyXC93cC1jb250ZW50XC91cGxvYWRzXC8yMDIyXC8wOVwvSU1HXzIwMjEwOTIzXzEwMzEzMC0yLXNjYWxlZC5qcGciLCJzbGlkZXNob3ciOiI5ZDdjNGFmIn0%3D\">\n\t\t\t\t\t<div class=\"e-gallery-image elementor-gallery-item__image\" data-thumbnail=\"https:\/\/cc-qrga.fr\/wp-content\/uploads\/2022\/09\/IMG_20210923_103130-2-225x300.jpg\" data-width=\"225\" data-height=\"300\" aria-label=\"\" role=\"img\" ><\/div>\n\t\t\t\t\t\t\t\t\t\t\t<div class=\"elementor-gallery-item__overlay\"><\/div>\n\t\t\t\t\t\t\t\t\t\t\t\t\t\t<\/a>\n\t\t\t\t\t\t\t<a class=\"e-gallery-item elementor-gallery-item elementor-animated-content\" href=\"https:\/\/cc-qrga.fr\/wp-content\/uploads\/2022\/09\/IMG_20210923_103335-scaled.jpg\" data-elementor-open-lightbox=\"yes\" data-elementor-lightbox-slideshow=\"9d7c4af\" data-elementor-lightbox-title=\"IMG_20210923_103335\" data-e-action-hash=\"#elementor-action%3Aaction%3Dlightbox%26settings%3DeyJpZCI6MTU2NjMsInVybCI6Imh0dHBzOlwvXC9jYy1xcmdhLmZyXC93cC1jb250ZW50XC91cGxvYWRzXC8yMDIyXC8wOVwvSU1HXzIwMjEwOTIzXzEwMzMzNS1zY2FsZWQuanBnIiwic2xpZGVzaG93IjoiOWQ3YzRhZiJ9\">\n\t\t\t\t\t<div class=\"e-gallery-image elementor-gallery-item__image\" data-thumbnail=\"https:\/\/cc-qrga.fr\/wp-content\/uploads\/2022\/09\/IMG_20210923_103335-225x300.jpg\" data-width=\"225\" data-height=\"300\" aria-label=\"\" role=\"img\" ><\/div>\n\t\t\t\t\t\t\t\t\t\t\t<div class=\"elementor-gallery-item__overlay\"><\/div>\n\t\t\t\t\t\t\t\t\t\t\t\t\t\t<\/a>\n\t\t\t\t\t\t\t<a class=\"e-gallery-item elementor-gallery-item elementor-animated-content\" href=\"https:\/\/cc-qrga.fr\/wp-content\/uploads\/2022\/09\/IMG_20210923_103718-scaled.jpg\" data-elementor-open-lightbox=\"yes\" data-elementor-lightbox-slideshow=\"9d7c4af\" data-elementor-lightbox-title=\"IMG_20210923_103718\" data-e-action-hash=\"#elementor-action%3Aaction%3Dlightbox%26settings%3DeyJpZCI6MTU2NjQsInVybCI6Imh0dHBzOlwvXC9jYy1xcmdhLmZyXC93cC1jb250ZW50XC91cGxvYWRzXC8yMDIyXC8wOVwvSU1HXzIwMjEwOTIzXzEwMzcxOC1zY2FsZWQuanBnIiwic2xpZGVzaG93IjoiOWQ3YzRhZiJ9\">\n\t\t\t\t\t<div class=\"e-gallery-image elementor-gallery-item__image\" data-thumbnail=\"https:\/\/cc-qrga.fr\/wp-content\/uploads\/2022\/09\/IMG_20210923_103718-300x225.jpg\" data-width=\"300\" data-height=\"225\" aria-label=\"\" role=\"img\" ><\/div>\n\t\t\t\t\t\t\t\t\t\t\t<div class=\"elementor-gallery-item__overlay\"><\/div>\n\t\t\t\t\t\t\t\t\t\t\t\t\t\t<\/a>\n\t\t\t\t\t<\/div>\n\t\t\t\t\t<\/div>\n\t\t\t\t<\/div>\n\t\t\t\t\t<\/div>\n\t\t<\/div>\n\t\t\t\t\t<\/div>\n\t\t<\/section>\n\t\t\t\t<section class=\"has_eae_slider elementor-section elementor-top-section elementor-element elementor-element-6d1fb00 elementor-section-boxed elementor-section-height-default elementor-section-height-default\" data-eae-slider=\"11770\" data-id=\"6d1fb00\" data-element_type=\"section\" data-e-type=\"section\" data-settings=\"{&quot;background_background&quot;:&quot;classic&quot;}\">\n\t\t\t\t\t\t<div class=\"elementor-container elementor-column-gap-default\">\n\t\t\t\t\t<div class=\"has_eae_slider elementor-column elementor-col-100 elementor-top-column elementor-element elementor-element-9bd4580\" data-eae-slider=\"69453\" data-id=\"9bd4580\" data-element_type=\"column\" data-e-type=\"column\">\n\t\t\t<div class=\"elementor-widget-wrap elementor-element-populated\">\n\t\t\t\t\t\t<div class=\"elementor-element elementor-element-6dbe613 elementor-widget elementor-widget-heading\" data-id=\"6dbe613\" data-element_type=\"widget\" data-e-type=\"widget\" data-widget_type=\"heading.default\">\n\t\t\t\t<div class=\"elementor-widget-container\">\n\t\t\t\t\t<h2 class=\"elementor-heading-title elementor-size-default\">Meer informatie<\/h2>\t\t\t\t<\/div>\n\t\t\t\t<\/div>\n\t\t\t\t<div class=\"elementor-element elementor-element-51426f4 elementor-widget elementor-widget-text-editor\" data-id=\"51426f4\" data-element_type=\"widget\" data-e-type=\"widget\" data-widget_type=\"text-editor.default\">\n\t\t\t\t<div class=\"elementor-widget-container\">\n\t\t\t\t\t\t\t\t\t<ul><li><br \/><br \/><\/li><li><strong>Burgemeester :<\/strong>\u00a0HEBRARD Pierre<\/li><li><strong>Gedelegeerden van de Gemeenschap :<\/strong>\u00a0HEBRARD Pierre - DONNADIEU Pierre<\/li><li><strong><strong>Openingstijden gemeentehuis :<br \/><\/strong><\/strong>open maandag t\/m donderdag (10.00-12.30 uur), vrijdag (10.00-12.00 en 14.00-16.00 uur) en zaterdag op afspraak (10.00-11.30 uur)<\/li><li><strong>Telefoon :<\/strong>\u00a005 63 65 42 31<\/li><li><a href=\"mailto:mairie-varen@info82.com\"><strong>E-mail :<\/strong>\u00a0mairie-varen@info82.com<\/a><\/li><li><a href=\"http:\/\/www.varen.fr\/\" target=\"_blank\" rel=\"noopener\"><strong>Site :<\/strong>\u00a0www.varen.fr\/<\/a><\/li><\/ul>\t\t\t\t\t\t\t\t<\/div>\n\t\t\t\t<\/div>\n\t\t\t\t\t<\/div>\n\t\t<\/div>\n\t\t\t\t\t<\/div>\n\t\t<\/section>\n\t\t\t\t<\/div>","protected":false},"excerpt":{"rendered":"<p>Varen La commune de Varen, nich\u00e9e dans les gorges de l\u2019Aveyron, entre le Quercy et le Rouergue, est situ\u00e9e \u00e0 l\u2019extr\u00eame sud-est du Tarn-et-Garonne Elle compte 6 villages ou hameaux\u00a0: Arnac, Lexos, St Gr\u00e9goire, St Martial, St Vincent et Varen. Son patrimoine b\u00e2ti y est tr\u00e8s riche. A Varen, ancien village fortifi\u00e9 dont la naissance [&hellip;]<\/p>","protected":false},"author":22,"featured_media":0,"parent":0,"menu_order":0,"comment_status":"closed","ping_status":"closed","template":"","meta":{"footnotes":""},"class_list":["post-15522","page","type-page","status-publish","hentry"],"yoast_head":"<!-- This site is optimized with the Yoast SEO plugin v27.4 - https:\/\/yoast.com\/product\/yoast-seo-wordpress\/ -->\n<title>Varen - Communaut\u00e9 de communes du Quercy Rouergue et des Gorges de l&#039;Aveyron<\/title>\n<meta name=\"robots\" content=\"index, follow, max-snippet:-1, max-image-preview:large, max-video-preview:-1\" \/>\n<link rel=\"canonical\" href=\"https:\/\/cc-qrga.fr\/nl\/varen\/\" \/>\n<meta property=\"og:locale\" content=\"nl_BE\" \/>\n<meta property=\"og:type\" content=\"article\" \/>\n<meta property=\"og:title\" content=\"Varen - Communaut\u00e9 de communes du Quercy Rouergue et des Gorges de l&#039;Aveyron\" \/>\n<meta property=\"og:description\" content=\"Varen La commune de Varen, nich\u00e9e dans les gorges de l\u2019Aveyron, entre le Quercy et le Rouergue, est situ\u00e9e \u00e0 l\u2019extr\u00eame sud-est du Tarn-et-Garonne Elle compte 6 villages ou hameaux\u00a0: Arnac, Lexos, St Gr\u00e9goire, St Martial, St Vincent et Varen. Son patrimoine b\u00e2ti y est tr\u00e8s riche. A Varen, ancien village fortifi\u00e9 dont la naissance [&hellip;]\" \/>\n<meta property=\"og:url\" content=\"https:\/\/cc-qrga.fr\/nl\/varen\/\" \/>\n<meta property=\"og:site_name\" content=\"Communaut\u00e9 de communes du Quercy Rouergue et des Gorges de l&#039;Aveyron\" \/>\n<meta property=\"article:modified_time\" content=\"2022-09-02T08:25:08+00:00\" \/>\n<meta name=\"twitter:card\" content=\"summary_large_image\" \/>\n<meta name=\"twitter:label1\" content=\"Geschatte leestijd\" \/>\n\t<meta name=\"twitter:data1\" content=\"2 minuten\" \/>\n<script type=\"application\/ld+json\" class=\"yoast-schema-graph\">{\"@context\":\"https:\\\/\\\/schema.org\",\"@graph\":[{\"@type\":\"WebPage\",\"@id\":\"https:\\\/\\\/cc-qrga.fr\\\/varen\\\/\",\"url\":\"https:\\\/\\\/cc-qrga.fr\\\/varen\\\/\",\"name\":\"Varen - Communaut\u00e9 de communes du Quercy Rouergue et des Gorges de l&#039;Aveyron\",\"isPartOf\":{\"@id\":\"https:\\\/\\\/cc-qrga.fr\\\/#website\"},\"datePublished\":\"2022-09-01T09:30:16+00:00\",\"dateModified\":\"2022-09-02T08:25:08+00:00\",\"breadcrumb\":{\"@id\":\"https:\\\/\\\/cc-qrga.fr\\\/varen\\\/#breadcrumb\"},\"inLanguage\":\"nl-BE\",\"potentialAction\":[{\"@type\":\"ReadAction\",\"target\":[\"https:\\\/\\\/cc-qrga.fr\\\/varen\\\/\"]}]},{\"@type\":\"BreadcrumbList\",\"@id\":\"https:\\\/\\\/cc-qrga.fr\\\/varen\\\/#breadcrumb\",\"itemListElement\":[{\"@type\":\"ListItem\",\"position\":1,\"name\":\"Accueil\",\"item\":\"https:\\\/\\\/cc-qrga.fr\\\/\"},{\"@type\":\"ListItem\",\"position\":2,\"name\":\"Varen\"}]},{\"@type\":\"WebSite\",\"@id\":\"https:\\\/\\\/cc-qrga.fr\\\/#website\",\"url\":\"https:\\\/\\\/cc-qrga.fr\\\/\",\"name\":\"Communaut\u00e9 de communes du Quercy Rouergue et des Gorges de l&#039;Aveyron\",\"description\":\"qrga\",\"potentialAction\":[{\"@type\":\"SearchAction\",\"target\":{\"@type\":\"EntryPoint\",\"urlTemplate\":\"https:\\\/\\\/cc-qrga.fr\\\/?s={search_term_string}\"},\"query-input\":{\"@type\":\"PropertyValueSpecification\",\"valueRequired\":true,\"valueName\":\"search_term_string\"}}],\"inLanguage\":\"nl-BE\"}]}<\/script>\n<!-- \/ Yoast SEO plugin. -->","yoast_head_json":{"title":"Varen - Communaut\u00e9 de communes du Quercy Rouergue et des Gorges de l&#039;Aveyron","robots":{"index":"index","follow":"follow","max-snippet":"max-snippet:-1","max-image-preview":"max-image-preview:large","max-video-preview":"max-video-preview:-1"},"canonical":"https:\/\/cc-qrga.fr\/nl\/varen\/","og_locale":"nl_BE","og_type":"article","og_title":"Varen - Communaut\u00e9 de communes du Quercy Rouergue et des Gorges de l&#039;Aveyron","og_description":"Varen La commune de Varen, nich\u00e9e dans les gorges de l\u2019Aveyron, entre le Quercy et le Rouergue, est situ\u00e9e \u00e0 l\u2019extr\u00eame sud-est du Tarn-et-Garonne Elle compte 6 villages ou hameaux\u00a0: Arnac, Lexos, St Gr\u00e9goire, St Martial, St Vincent et Varen. Son patrimoine b\u00e2ti y est tr\u00e8s riche. A Varen, ancien village fortifi\u00e9 dont la naissance [&hellip;]","og_url":"https:\/\/cc-qrga.fr\/nl\/varen\/","og_site_name":"Communaut\u00e9 de communes du Quercy Rouergue et des Gorges de l&#039;Aveyron","article_modified_time":"2022-09-02T08:25:08+00:00","twitter_card":"summary_large_image","twitter_misc":{"Geschatte leestijd":"2 minuten"},"schema":{"@context":"https:\/\/schema.org","@graph":[{"@type":"WebPage","@id":"https:\/\/cc-qrga.fr\/varen\/","url":"https:\/\/cc-qrga.fr\/varen\/","name":"Varen - Communaut\u00e9 de communes du Quercy Rouergue et des Gorges de l&#039;Aveyron","isPartOf":{"@id":"https:\/\/cc-qrga.fr\/#website"},"datePublished":"2022-09-01T09:30:16+00:00","dateModified":"2022-09-02T08:25:08+00:00","breadcrumb":{"@id":"https:\/\/cc-qrga.fr\/varen\/#breadcrumb"},"inLanguage":"nl-BE","potentialAction":[{"@type":"ReadAction","target":["https:\/\/cc-qrga.fr\/varen\/"]}]},{"@type":"BreadcrumbList","@id":"https:\/\/cc-qrga.fr\/varen\/#breadcrumb","itemListElement":[{"@type":"ListItem","position":1,"name":"Accueil","item":"https:\/\/cc-qrga.fr\/"},{"@type":"ListItem","position":2,"name":"Varen"}]},{"@type":"WebSite","@id":"https:\/\/cc-qrga.fr\/#website","url":"https:\/\/cc-qrga.fr\/","name":"Gemeenschap van gemeenten van Quercy Rouergue en de Gorges de l'Aveyron","description":"qrga","potentialAction":[{"@type":"SearchAction","target":{"@type":"EntryPoint","urlTemplate":"https:\/\/cc-qrga.fr\/?s={search_term_string}"},"query-input":{"@type":"PropertyValueSpecification","valueRequired":true,"valueName":"search_term_string"}}],"inLanguage":"nl-BE"}]}},"_links":{"self":[{"href":"https:\/\/cc-qrga.fr\/nl\/wp-json\/wp\/v2\/pages\/15522","targetHints":{"allow":["GET"]}}],"collection":[{"href":"https:\/\/cc-qrga.fr\/nl\/wp-json\/wp\/v2\/pages"}],"about":[{"href":"https:\/\/cc-qrga.fr\/nl\/wp-json\/wp\/v2\/types\/page"}],"author":[{"embeddable":true,"href":"https:\/\/cc-qrga.fr\/nl\/wp-json\/wp\/v2\/users\/22"}],"replies":[{"embeddable":true,"href":"https:\/\/cc-qrga.fr\/nl\/wp-json\/wp\/v2\/comments?post=15522"}],"version-history":[{"count":0,"href":"https:\/\/cc-qrga.fr\/nl\/wp-json\/wp\/v2\/pages\/15522\/revisions"}],"wp:attachment":[{"href":"https:\/\/cc-qrga.fr\/nl\/wp-json\/wp\/v2\/media?parent=15522"}],"curies":[{"name":"wp","href":"https:\/\/api.w.org\/{rel}","templated":true}]}}