{"id":15524,"date":"2022-09-01T11:30:26","date_gmt":"2022-09-01T09:30:26","guid":{"rendered":"https:\/\/cc-qrga.fr\/?page_id=15524"},"modified":"2022-09-01T15:25:59","modified_gmt":"2022-09-01T13:25:59","slug":"laguepie","status":"publish","type":"page","link":"https:\/\/cc-qrga.fr\/nl\/laguepie\/","title":{"rendered":"Lagu\u00e9pie"},"content":{"rendered":"<div data-elementor-type=\"wp-page\" data-elementor-id=\"15524\" class=\"elementor elementor-15524\" data-elementor-post-type=\"page\">\n\t\t\t\t\t\t<section class=\"has_eae_slider elementor-section elementor-top-section elementor-element elementor-element-811e70f elementor-section-boxed elementor-section-height-default elementor-section-height-default\" data-eae-slider=\"68433\" data-id=\"811e70f\" data-element_type=\"section\" data-e-type=\"section\">\n\t\t\t\t\t\t<div class=\"elementor-container elementor-column-gap-default\">\n\t\t\t\t\t<div class=\"has_eae_slider elementor-column elementor-col-50 elementor-top-column elementor-element elementor-element-94b4bea\" data-eae-slider=\"85524\" data-id=\"94b4bea\" data-element_type=\"column\" data-e-type=\"column\">\n\t\t\t<div class=\"elementor-widget-wrap elementor-element-populated\">\n\t\t\t\t\t\t<div class=\"elementor-element elementor-element-1602dc0 elementor-widget elementor-widget-heading\" data-id=\"1602dc0\" data-element_type=\"widget\" data-e-type=\"widget\" data-widget_type=\"heading.default\">\n\t\t\t\t<div class=\"elementor-widget-container\">\n\t\t\t\t\t<h2 class=\"elementor-heading-title elementor-size-default\">Lagu\u00e9pie<\/h2>\t\t\t\t<\/div>\n\t\t\t\t<\/div>\n\t\t\t\t<div class=\"elementor-element elementor-element-2a36b55 elementor-widget elementor-widget-text-editor\" data-id=\"2a36b55\" data-element_type=\"widget\" data-e-type=\"widget\" data-widget_type=\"text-editor.default\">\n\t\t\t\t<div class=\"elementor-widget-container\">\n\t\t\t\t\t\t\t\t\t<div class=\"cartouche\"><p>Lagu\u00e9pie, ooit beroemd om zijn kastanjemarkten, ligt aan de samenvloeiing van de rivieren Viaur en Aveyron, op een soort schiereiland, half land, half water, op de grens met de departementen Aveyron en Tarn (waartoe de gemeente Saint-Martin-Lagu\u00e9pie behoort).<\/p><p>Lagu\u00e9pie heeft een kleine industri\u00eble sector weten te behouden dankzij zijn veiligheidsschoenenfabriek (90 werknemers), zijn steengroeve en zijn distilleerderij van aromatische planten. Als grensdorp heeft Lagu\u00e9pie zijn winkels en medische sector behouden. Op het kruispunt tussen Najac, Cordes en Saint Antonin Noble Val, in het hart van de Aveyron vallei, is het een belangrijke toeristische bestemming in het zomerseizoen. Voor de allerkleinsten is er een cr\u00e8che, een school en een recreatiecentrum waar je ter plekke kunt leren en plezier kunt maken.<\/p><p>Lagu\u00e9pie is een levendig dorp met een wekelijkse markt, een Occitaanse zomeruniversiteit, een kastanjefestival, een motorcrossbaan en, in de zomer, wildwaterbaden op de Viaur met badmeesters...<\/p><\/div>\t\t\t\t\t\t\t\t<\/div>\n\t\t\t\t<\/div>\n\t\t\t\t\t<\/div>\n\t\t<\/div>\n\t\t\t\t<div class=\"has_eae_slider elementor-column elementor-col-50 elementor-top-column elementor-element elementor-element-16c7be5\" data-eae-slider=\"15936\" data-id=\"16c7be5\" data-element_type=\"column\" data-e-type=\"column\">\n\t\t\t<div class=\"elementor-widget-wrap elementor-element-populated\">\n\t\t\t\t\t\t<div class=\"elementor-element elementor-element-84ade37 elementor-widget elementor-widget-gallery\" data-id=\"84ade37\" data-element_type=\"widget\" data-e-type=\"widget\" data-settings=\"{&quot;gallery_layout&quot;:&quot;justified&quot;,&quot;lazyload&quot;:&quot;yes&quot;,&quot;ideal_row_height&quot;:{&quot;unit&quot;:&quot;px&quot;,&quot;size&quot;:200,&quot;sizes&quot;:[]},&quot;ideal_row_height_tablet&quot;:{&quot;unit&quot;:&quot;px&quot;,&quot;size&quot;:150,&quot;sizes&quot;:[]},&quot;ideal_row_height_mobile&quot;:{&quot;unit&quot;:&quot;px&quot;,&quot;size&quot;:150,&quot;sizes&quot;:[]},&quot;gap&quot;:{&quot;unit&quot;:&quot;px&quot;,&quot;size&quot;:10,&quot;sizes&quot;:[]},&quot;gap_tablet&quot;:{&quot;unit&quot;:&quot;px&quot;,&quot;size&quot;:10,&quot;sizes&quot;:[]},&quot;gap_mobile&quot;:{&quot;unit&quot;:&quot;px&quot;,&quot;size&quot;:10,&quot;sizes&quot;:[]},&quot;link_to&quot;:&quot;file&quot;,&quot;overlay_background&quot;:&quot;yes&quot;,&quot;content_hover_animation&quot;:&quot;fade-in&quot;}\" data-widget_type=\"gallery.default\">\n\t\t\t\t<div class=\"elementor-widget-container\">\n\t\t\t\t\t\t\t<div class=\"elementor-gallery__container\">\n\t\t\t\t\t\t\t<a class=\"e-gallery-item elementor-gallery-item elementor-animated-content\" href=\"https:\/\/cc-qrga.fr\/wp-content\/uploads\/2022\/09\/DSC_0709-scaled.jpg\" data-elementor-open-lightbox=\"yes\" data-elementor-lightbox-slideshow=\"84ade37\" data-elementor-lightbox-title=\"DSC_0709\" data-e-action-hash=\"#elementor-action%3Aaction%3Dlightbox%26settings%3DeyJpZCI6MTU2MDAsInVybCI6Imh0dHBzOlwvXC9jYy1xcmdhLmZyXC93cC1jb250ZW50XC91cGxvYWRzXC8yMDIyXC8wOVwvRFNDXzA3MDktc2NhbGVkLmpwZyIsInNsaWRlc2hvdyI6Ijg0YWRlMzcifQ%3D%3D\">\n\t\t\t\t\t<div class=\"e-gallery-image elementor-gallery-item__image\" data-thumbnail=\"https:\/\/cc-qrga.fr\/wp-content\/uploads\/2022\/09\/DSC_0709-300x199.jpg\" data-width=\"300\" data-height=\"199\" aria-label=\"\" role=\"img\" ><\/div>\n\t\t\t\t\t\t\t\t\t\t\t<div class=\"elementor-gallery-item__overlay\"><\/div>\n\t\t\t\t\t\t\t\t\t\t\t\t\t\t<\/a>\n\t\t\t\t\t\t\t<a class=\"e-gallery-item elementor-gallery-item elementor-animated-content\" href=\"https:\/\/cc-qrga.fr\/wp-content\/uploads\/2022\/09\/DSC_0926-scaled.jpg\" data-elementor-open-lightbox=\"yes\" data-elementor-lightbox-slideshow=\"84ade37\" data-elementor-lightbox-title=\"DSC_0926\" data-e-action-hash=\"#elementor-action%3Aaction%3Dlightbox%26settings%3DeyJpZCI6MTU2MDEsInVybCI6Imh0dHBzOlwvXC9jYy1xcmdhLmZyXC93cC1jb250ZW50XC91cGxvYWRzXC8yMDIyXC8wOVwvRFNDXzA5MjYtc2NhbGVkLmpwZyIsInNsaWRlc2hvdyI6Ijg0YWRlMzcifQ%3D%3D\">\n\t\t\t\t\t<div class=\"e-gallery-image elementor-gallery-item__image\" data-thumbnail=\"https:\/\/cc-qrga.fr\/wp-content\/uploads\/2022\/09\/DSC_0926-300x199.jpg\" data-width=\"300\" data-height=\"199\" aria-label=\"\" role=\"img\" ><\/div>\n\t\t\t\t\t\t\t\t\t\t\t<div class=\"elementor-gallery-item__overlay\"><\/div>\n\t\t\t\t\t\t\t\t\t\t\t\t\t\t<\/a>\n\t\t\t\t\t\t\t<a class=\"e-gallery-item elementor-gallery-item elementor-animated-content\" href=\"https:\/\/cc-qrga.fr\/wp-content\/uploads\/2022\/09\/DSC_1277-scaled.jpg\" data-elementor-open-lightbox=\"yes\" data-elementor-lightbox-slideshow=\"84ade37\" data-elementor-lightbox-title=\"DSC_1277\" data-e-action-hash=\"#elementor-action%3Aaction%3Dlightbox%26settings%3DeyJpZCI6MTU2MDIsInVybCI6Imh0dHBzOlwvXC9jYy1xcmdhLmZyXC93cC1jb250ZW50XC91cGxvYWRzXC8yMDIyXC8wOVwvRFNDXzEyNzctc2NhbGVkLmpwZyIsInNsaWRlc2hvdyI6Ijg0YWRlMzcifQ%3D%3D\">\n\t\t\t\t\t<div class=\"e-gallery-image elementor-gallery-item__image\" data-thumbnail=\"https:\/\/cc-qrga.fr\/wp-content\/uploads\/2022\/09\/DSC_1277-300x200.jpg\" data-width=\"300\" data-height=\"200\" aria-label=\"\" role=\"img\" ><\/div>\n\t\t\t\t\t\t\t\t\t\t\t<div class=\"elementor-gallery-item__overlay\"><\/div>\n\t\t\t\t\t\t\t\t\t\t\t\t\t\t<\/a>\n\t\t\t\t\t<\/div>\n\t\t\t\t\t<\/div>\n\t\t\t\t<\/div>\n\t\t\t\t\t<\/div>\n\t\t<\/div>\n\t\t\t\t\t<\/div>\n\t\t<\/section>\n\t\t\t\t<section class=\"has_eae_slider elementor-section elementor-top-section elementor-element elementor-element-f04a10d elementor-section-boxed elementor-section-height-default elementor-section-height-default\" data-eae-slider=\"43036\" data-id=\"f04a10d\" data-element_type=\"section\" data-e-type=\"section\" data-settings=\"{&quot;background_background&quot;:&quot;classic&quot;}\">\n\t\t\t\t\t\t<div class=\"elementor-container elementor-column-gap-default\">\n\t\t\t\t\t<div class=\"has_eae_slider elementor-column elementor-col-100 elementor-top-column elementor-element elementor-element-955bc0f\" data-eae-slider=\"77870\" data-id=\"955bc0f\" data-element_type=\"column\" data-e-type=\"column\">\n\t\t\t<div class=\"elementor-widget-wrap elementor-element-populated\">\n\t\t\t\t\t\t<div class=\"elementor-element elementor-element-025f60c elementor-widget elementor-widget-heading\" data-id=\"025f60c\" data-element_type=\"widget\" data-e-type=\"widget\" data-widget_type=\"heading.default\">\n\t\t\t\t<div class=\"elementor-widget-container\">\n\t\t\t\t\t<h2 class=\"elementor-heading-title elementor-size-default\">Meer informatie<\/h2>\t\t\t\t<\/div>\n\t\t\t\t<\/div>\n\t\t\t\t<div class=\"elementor-element elementor-element-3c2d175 elementor-widget elementor-widget-text-editor\" data-id=\"3c2d175\" data-element_type=\"widget\" data-e-type=\"widget\" data-widget_type=\"text-editor.default\">\n\t\t\t\t<div class=\"elementor-widget-container\">\n\t\t\t\t\t\t\t\t\t<ul><li><strong>Burgemeester :<\/strong>\u00a0CROS Emmanuel<\/li><li><strong>Gedelegeerden van de Gemeenschap :<\/strong>\u00a0CROS Emmanuel - REGOURD Serge<\/li><li><strong>Openingstijden gemeentehuis :\u00a0<\/strong>Dinsdag, woensdag, donderdag, vrijdag en zaterdag van 9 tot 12 uur - Woensdag en vrijdag van 14 tot 18 uur<\/li><li><strong>Telefoon :<\/strong>\u00a005 63 30 20 81<\/li><li><strong>Fax :<\/strong>\u00a005 63 30 20 55<\/li><li><a href=\"mailto:mairie-laguepie@info82.com\"><strong>E-mail :\u00a0<\/strong>mairie-laguepie@info82.com<\/a><\/li><li><a href=\"http:\/\/www.laguepie-en-rouergue.fr\/\" target=\"_blank\" rel=\"noopener\"><strong>Site :<\/strong>\u00a0www.laguepie-en-rouergue.fr<\/a>\/<\/li><\/ul>\t\t\t\t\t\t\t\t<\/div>\n\t\t\t\t<\/div>\n\t\t\t\t\t<\/div>\n\t\t<\/div>\n\t\t\t\t\t<\/div>\n\t\t<\/section>\n\t\t\t\t<\/div>","protected":false},"excerpt":{"rendered":"<p>Lagu\u00e9pie Situ\u00e9e \u00e0 la confluence du Viaur et de l\u2019Aveyron, Lagu\u00e9pie, autrefois connue pour ses march\u00e9s \u00e0 la ch\u00e2taigne, est situ\u00e9 sur une sorte de presqu\u2019\u00eele, mi-terre, mi-eau, \u00e0 la limite avec les d\u00e9partements de l\u2019Aveyron et du Tarn (dont fait partie la commune de Saint-Martin-Lagu\u00e9pie). Lagu\u00e9pie pr\u00e9serve un petit secteur \u201cindustrie\u201d gr\u00e2ce \u00e0 son [&hellip;]<\/p>","protected":false},"author":22,"featured_media":0,"parent":0,"menu_order":0,"comment_status":"closed","ping_status":"closed","template":"","meta":{"footnotes":""},"class_list":["post-15524","page","type-page","status-publish","hentry"],"yoast_head":"<!-- This site is optimized with the Yoast SEO plugin v27.4 - https:\/\/yoast.com\/product\/yoast-seo-wordpress\/ -->\n<title>Lagu\u00e9pie - Communaut\u00e9 de communes du Quercy Rouergue et des Gorges de l&#039;Aveyron<\/title>\n<meta name=\"robots\" content=\"index, follow, max-snippet:-1, max-image-preview:large, max-video-preview:-1\" \/>\n<link rel=\"canonical\" href=\"https:\/\/cc-qrga.fr\/nl\/laguepie\/\" \/>\n<meta property=\"og:locale\" content=\"nl_BE\" \/>\n<meta property=\"og:type\" content=\"article\" \/>\n<meta property=\"og:title\" content=\"Lagu\u00e9pie - Communaut\u00e9 de communes du Quercy Rouergue et des Gorges de l&#039;Aveyron\" \/>\n<meta property=\"og:description\" content=\"Lagu\u00e9pie Situ\u00e9e \u00e0 la confluence du Viaur et de l\u2019Aveyron, Lagu\u00e9pie, autrefois connue pour ses march\u00e9s \u00e0 la ch\u00e2taigne, est situ\u00e9 sur une sorte de presqu\u2019\u00eele, mi-terre, mi-eau, \u00e0 la limite avec les d\u00e9partements de l\u2019Aveyron et du Tarn (dont fait partie la commune de Saint-Martin-Lagu\u00e9pie). Lagu\u00e9pie pr\u00e9serve un petit secteur \u201cindustrie\u201d gr\u00e2ce \u00e0 son [&hellip;]\" \/>\n<meta property=\"og:url\" content=\"https:\/\/cc-qrga.fr\/nl\/laguepie\/\" \/>\n<meta property=\"og:site_name\" content=\"Communaut\u00e9 de communes du Quercy Rouergue et des Gorges de l&#039;Aveyron\" \/>\n<meta property=\"article:modified_time\" content=\"2022-09-01T13:25:59+00:00\" \/>\n<meta name=\"twitter:card\" content=\"summary_large_image\" \/>\n<meta name=\"twitter:label1\" content=\"Geschatte leestijd\" \/>\n\t<meta name=\"twitter:data1\" content=\"1 minuut\" \/>\n<script type=\"application\/ld+json\" class=\"yoast-schema-graph\">{\"@context\":\"https:\\\/\\\/schema.org\",\"@graph\":[{\"@type\":\"WebPage\",\"@id\":\"https:\\\/\\\/cc-qrga.fr\\\/laguepie\\\/\",\"url\":\"https:\\\/\\\/cc-qrga.fr\\\/laguepie\\\/\",\"name\":\"Lagu\u00e9pie - Communaut\u00e9 de communes du Quercy Rouergue et des Gorges de l&#039;Aveyron\",\"isPartOf\":{\"@id\":\"https:\\\/\\\/cc-qrga.fr\\\/#website\"},\"datePublished\":\"2022-09-01T09:30:26+00:00\",\"dateModified\":\"2022-09-01T13:25:59+00:00\",\"breadcrumb\":{\"@id\":\"https:\\\/\\\/cc-qrga.fr\\\/laguepie\\\/#breadcrumb\"},\"inLanguage\":\"nl-BE\",\"potentialAction\":[{\"@type\":\"ReadAction\",\"target\":[\"https:\\\/\\\/cc-qrga.fr\\\/laguepie\\\/\"]}]},{\"@type\":\"BreadcrumbList\",\"@id\":\"https:\\\/\\\/cc-qrga.fr\\\/laguepie\\\/#breadcrumb\",\"itemListElement\":[{\"@type\":\"ListItem\",\"position\":1,\"name\":\"Accueil\",\"item\":\"https:\\\/\\\/cc-qrga.fr\\\/\"},{\"@type\":\"ListItem\",\"position\":2,\"name\":\"Lagu\u00e9pie\"}]},{\"@type\":\"WebSite\",\"@id\":\"https:\\\/\\\/cc-qrga.fr\\\/#website\",\"url\":\"https:\\\/\\\/cc-qrga.fr\\\/\",\"name\":\"Communaut\u00e9 de communes du Quercy Rouergue et des Gorges de l&#039;Aveyron\",\"description\":\"qrga\",\"potentialAction\":[{\"@type\":\"SearchAction\",\"target\":{\"@type\":\"EntryPoint\",\"urlTemplate\":\"https:\\\/\\\/cc-qrga.fr\\\/?s={search_term_string}\"},\"query-input\":{\"@type\":\"PropertyValueSpecification\",\"valueRequired\":true,\"valueName\":\"search_term_string\"}}],\"inLanguage\":\"nl-BE\"}]}<\/script>\n<!-- \/ Yoast SEO plugin. -->","yoast_head_json":{"title":"Lagu\u00e9pie - Communaut\u00e9 de communes du Quercy Rouergue et des Gorges de l&#039;Aveyron","robots":{"index":"index","follow":"follow","max-snippet":"max-snippet:-1","max-image-preview":"max-image-preview:large","max-video-preview":"max-video-preview:-1"},"canonical":"https:\/\/cc-qrga.fr\/nl\/laguepie\/","og_locale":"nl_BE","og_type":"article","og_title":"Lagu\u00e9pie - Communaut\u00e9 de communes du Quercy Rouergue et des Gorges de l&#039;Aveyron","og_description":"Lagu\u00e9pie Situ\u00e9e \u00e0 la confluence du Viaur et de l\u2019Aveyron, Lagu\u00e9pie, autrefois connue pour ses march\u00e9s \u00e0 la ch\u00e2taigne, est situ\u00e9 sur une sorte de presqu\u2019\u00eele, mi-terre, mi-eau, \u00e0 la limite avec les d\u00e9partements de l\u2019Aveyron et du Tarn (dont fait partie la commune de Saint-Martin-Lagu\u00e9pie). Lagu\u00e9pie pr\u00e9serve un petit secteur \u201cindustrie\u201d gr\u00e2ce \u00e0 son [&hellip;]","og_url":"https:\/\/cc-qrga.fr\/nl\/laguepie\/","og_site_name":"Communaut\u00e9 de communes du Quercy Rouergue et des Gorges de l&#039;Aveyron","article_modified_time":"2022-09-01T13:25:59+00:00","twitter_card":"summary_large_image","twitter_misc":{"Geschatte leestijd":"1 minuut"},"schema":{"@context":"https:\/\/schema.org","@graph":[{"@type":"WebPage","@id":"https:\/\/cc-qrga.fr\/laguepie\/","url":"https:\/\/cc-qrga.fr\/laguepie\/","name":"Lagu\u00e9pie - Communaut\u00e9 de communes du Quercy Rouergue et des Gorges de l&#039;Aveyron","isPartOf":{"@id":"https:\/\/cc-qrga.fr\/#website"},"datePublished":"2022-09-01T09:30:26+00:00","dateModified":"2022-09-01T13:25:59+00:00","breadcrumb":{"@id":"https:\/\/cc-qrga.fr\/laguepie\/#breadcrumb"},"inLanguage":"nl-BE","potentialAction":[{"@type":"ReadAction","target":["https:\/\/cc-qrga.fr\/laguepie\/"]}]},{"@type":"BreadcrumbList","@id":"https:\/\/cc-qrga.fr\/laguepie\/#breadcrumb","itemListElement":[{"@type":"ListItem","position":1,"name":"Accueil","item":"https:\/\/cc-qrga.fr\/"},{"@type":"ListItem","position":2,"name":"Lagu\u00e9pie"}]},{"@type":"WebSite","@id":"https:\/\/cc-qrga.fr\/#website","url":"https:\/\/cc-qrga.fr\/","name":"Gemeenschap van gemeenten van Quercy Rouergue en de Gorges de l'Aveyron","description":"qrga","potentialAction":[{"@type":"SearchAction","target":{"@type":"EntryPoint","urlTemplate":"https:\/\/cc-qrga.fr\/?s={search_term_string}"},"query-input":{"@type":"PropertyValueSpecification","valueRequired":true,"valueName":"search_term_string"}}],"inLanguage":"nl-BE"}]}},"_links":{"self":[{"href":"https:\/\/cc-qrga.fr\/nl\/wp-json\/wp\/v2\/pages\/15524","targetHints":{"allow":["GET"]}}],"collection":[{"href":"https:\/\/cc-qrga.fr\/nl\/wp-json\/wp\/v2\/pages"}],"about":[{"href":"https:\/\/cc-qrga.fr\/nl\/wp-json\/wp\/v2\/types\/page"}],"author":[{"embeddable":true,"href":"https:\/\/cc-qrga.fr\/nl\/wp-json\/wp\/v2\/users\/22"}],"replies":[{"embeddable":true,"href":"https:\/\/cc-qrga.fr\/nl\/wp-json\/wp\/v2\/comments?post=15524"}],"version-history":[{"count":0,"href":"https:\/\/cc-qrga.fr\/nl\/wp-json\/wp\/v2\/pages\/15524\/revisions"}],"wp:attachment":[{"href":"https:\/\/cc-qrga.fr\/nl\/wp-json\/wp\/v2\/media?parent=15524"}],"curies":[{"name":"wp","href":"https:\/\/api.w.org\/{rel}","templated":true}]}}