{"id":21370,"date":"2023-08-01T09:53:51","date_gmt":"2023-08-01T07:53:51","guid":{"rendered":"https:\/\/cc-qrga.fr\/?page_id=21370"},"modified":"2024-08-06T14:18:08","modified_gmt":"2024-08-06T12:18:08","slug":"reemploi","status":"publish","type":"page","link":"https:\/\/cc-qrga.fr\/nl\/reemploi\/","title":{"rendered":"Hergebruik"},"content":{"rendered":"<div data-elementor-type=\"wp-page\" data-elementor-id=\"21370\" class=\"elementor elementor-21370\" data-elementor-post-type=\"page\">\n\t\t\t\t<div class=\"has_eae_slider elementor-element elementor-element-a79f8e6 e-flex e-con-boxed e-con e-parent\" data-eae-slider=\"84613\" data-id=\"a79f8e6\" data-element_type=\"container\" data-e-type=\"container\">\n\t\t\t\t\t<div class=\"e-con-inner\">\n\t\t\t\t<div class=\"elementor-element elementor-element-6bda201 elementor-widget elementor-widget-heading\" data-id=\"6bda201\" data-element_type=\"widget\" data-e-type=\"widget\" data-widget_type=\"heading.default\">\n\t\t\t\t<div class=\"elementor-widget-container\">\n\t\t\t\t\t<h2 class=\"elementor-heading-title elementor-size-default\">Hergebruik<\/h2>\t\t\t\t<\/div>\n\t\t\t\t<\/div>\n\t\t\t\t<div class=\"elementor-element elementor-element-3cb309e elementor-widget elementor-widget-text-editor\" data-id=\"3cb309e\" data-element_type=\"widget\" data-e-type=\"widget\" data-widget_type=\"text-editor.default\">\n\t\t\t\t<div class=\"elementor-widget-container\">\n\t\t\t\t\t\t\t\t\t<p class=\"x_MsoNormal x_ContentPasted0\">Het beste afval is het afval dat we niet produceren!\u00a0<\/p><p class=\"x_MsoNormal x_ContentPasted0\">Jouw \"oude spullen\" kunnen schatten zijn voor anderen. Kleding die te klein is, meubels, prullaria, huishoudelijke apparaten die werken en boeken kunnen allemaal gedoneerd worden aan onze plaatselijke recyclingcentra.<\/p><p class=\"x_MsoNormal x_ContentPasted0\"><a href=\"https:\/\/cc-qrga.fr\/nl\/collecte-de-dechets\/dechetteries\/\">Onze\u00a0<i class=\"x_ContentPasted0\">centra voor afvalinzameling<\/i><\/a> zijn uitgerust met containers voor hergebruik. Aarzel niet om de agent om hulp te vragen bij het deponeren van je herbruikbare spullen.\u00a0<\/p><p class=\"x_MsoNormal x_ContentPasted0\">Textiel kun je in de afvalbakken van Relais deponeren. Vind een centrum bij jou in de buurt <i class=\"x_ContentPasted0\">klik hier<\/i>\u00a0(<a class=\"x_ContentPasted0\" href=\"https:\/\/lerelais.org\/oudonner.php\" target=\"_blank\" rel=\"noopener noreferrer\" data-auth=\"NotApplicable\" data-loopstyle=\"linkonly\" data-linkindex=\"0\">le Relais : Waar doneren? Vind een container bij jou in de buurt<\/a>).\u00a0<\/p><p class=\"x_MsoNormal\">Onze regio heeft een aantal recyclagefaciliteiten (tweedehandswinkels, tweedehandskledingwinkels, repair-caf\u00e9s, enz.)\u00a0<\/p><p class=\"x_MsoNormal\">Neem contact met ons op voor meer informatie.<\/p><p class=\"x_MsoNormal\">Ben je een nieuwe recyclingorganisatie? Maak jezelf bekend, neem contact met ons op via preventiondechets@cc-qrga.fr<\/p>\t\t\t\t\t\t\t\t<\/div>\n\t\t\t\t<\/div>\n\t\t\t\t<div class=\"elementor-element elementor-element-107ff44 elementor-widget elementor-widget-image\" data-id=\"107ff44\" data-element_type=\"widget\" data-e-type=\"widget\" data-widget_type=\"image.default\">\n\t\t\t\t<div class=\"elementor-widget-container\">\n\t\t\t\t\t\t\t\t\t\t\t\t\t\t\t<img fetchpriority=\"high\" decoding=\"async\" width=\"800\" height=\"550\" src=\"https:\/\/cc-qrga.fr\/wp-content\/uploads\/2023\/08\/2nd-hand-sale-clothes-rack-with-a-selection-of-fas-2022-11-09-20-42-18-utc-1024x704.jpg\" class=\"attachment-large size-large wp-image-21424\" alt=\"\" srcset=\"https:\/\/cc-qrga.fr\/wp-content\/uploads\/2023\/08\/2nd-hand-sale-clothes-rack-with-a-selection-of-fas-2022-11-09-20-42-18-utc-1024x704.jpg 1024w, https:\/\/cc-qrga.fr\/wp-content\/uploads\/2023\/08\/2nd-hand-sale-clothes-rack-with-a-selection-of-fas-2022-11-09-20-42-18-utc-300x206.jpg 300w, https:\/\/cc-qrga.fr\/wp-content\/uploads\/2023\/08\/2nd-hand-sale-clothes-rack-with-a-selection-of-fas-2022-11-09-20-42-18-utc-768x528.jpg 768w, https:\/\/cc-qrga.fr\/wp-content\/uploads\/2023\/08\/2nd-hand-sale-clothes-rack-with-a-selection-of-fas-2022-11-09-20-42-18-utc-1536x1055.jpg 1536w, https:\/\/cc-qrga.fr\/wp-content\/uploads\/2023\/08\/2nd-hand-sale-clothes-rack-with-a-selection-of-fas-2022-11-09-20-42-18-utc-2048x1407.jpg 2048w\" sizes=\"(max-width: 800px) 100vw, 800px\" \/>\t\t\t\t\t\t\t\t\t\t\t\t\t\t\t<\/div>\n\t\t\t\t<\/div>\n\t\t\t\t\t<\/div>\n\t\t\t\t<\/div>\n\t\t\t\t<section class=\"has_eae_slider elementor-section elementor-top-section elementor-element elementor-element-94497b3 elementor-section-boxed elementor-section-height-default elementor-section-height-default\" data-eae-slider=\"27377\" data-id=\"94497b3\" data-element_type=\"section\" data-e-type=\"section\">\n\t\t\t\t\t\t<div class=\"elementor-container elementor-column-gap-default\">\n\t\t\t\t\t<div class=\"has_eae_slider elementor-column elementor-col-33 elementor-top-column elementor-element elementor-element-442a7ff\" data-eae-slider=\"28145\" data-id=\"442a7ff\" data-element_type=\"column\" data-e-type=\"column\">\n\t\t\t<div class=\"elementor-widget-wrap elementor-element-populated\">\n\t\t\t\t\t\t<div class=\"elementor-element elementor-element-67c1876 elementor-widget elementor-widget-image\" data-id=\"67c1876\" data-element_type=\"widget\" data-e-type=\"widget\" data-widget_type=\"image.default\">\n\t\t\t\t<div class=\"elementor-widget-container\">\n\t\t\t\t\t\t\t\t\t\t\t\t\t\t\t<img decoding=\"async\" width=\"627\" height=\"1024\" src=\"https:\/\/cc-qrga.fr\/wp-content\/uploads\/2022\/09\/Fichier-5-627x1024.png\" class=\"attachment-large size-large wp-image-17010\" alt=\"\" srcset=\"https:\/\/cc-qrga.fr\/wp-content\/uploads\/2022\/09\/Fichier-5-627x1024.png 627w, https:\/\/cc-qrga.fr\/wp-content\/uploads\/2022\/09\/Fichier-5-184x300.png 184w, https:\/\/cc-qrga.fr\/wp-content\/uploads\/2022\/09\/Fichier-5-768x1255.png 768w, https:\/\/cc-qrga.fr\/wp-content\/uploads\/2022\/09\/Fichier-5.png 806w\" sizes=\"(max-width: 627px) 100vw, 627px\" \/>\t\t\t\t\t\t\t\t\t\t\t\t\t\t\t<\/div>\n\t\t\t\t<\/div>\n\t\t\t\t\t<\/div>\n\t\t<\/div>\n\t\t\t\t<div class=\"has_eae_slider elementor-column elementor-col-33 elementor-top-column elementor-element elementor-element-4ebcbad\" data-eae-slider=\"23824\" data-id=\"4ebcbad\" data-element_type=\"column\" data-e-type=\"column\">\n\t\t\t<div class=\"elementor-widget-wrap elementor-element-populated\">\n\t\t\t\t\t\t<div class=\"elementor-element elementor-element-01e2005 elementor-widget elementor-widget-heading\" data-id=\"01e2005\" data-element_type=\"widget\" data-e-type=\"widget\" data-widget_type=\"heading.default\">\n\t\t\t\t<div class=\"elementor-widget-container\">\n\t\t\t\t\t<h3 class=\"elementor-heading-title elementor-size-default\">Bri\u00e8re Delphine<\/h3>\t\t\t\t<\/div>\n\t\t\t\t<\/div>\n\t\t\t\t<div class=\"elementor-element elementor-element-3bf82ee elementor-widget elementor-widget-text-editor\" data-id=\"3bf82ee\" data-element_type=\"widget\" data-e-type=\"widget\" data-widget_type=\"text-editor.default\">\n\t\t\t\t<div class=\"elementor-widget-container\">\n\t\t\t\t\t\t\t\t\t<p>Afvalpreventie, Composteringsgids<\/p>\t\t\t\t\t\t\t\t<\/div>\n\t\t\t\t<\/div>\n\t\t\t\t<div class=\"elementor-element elementor-element-39da420 elementor-widget elementor-widget-text-editor\" data-id=\"39da420\" data-element_type=\"widget\" data-e-type=\"widget\" data-widget_type=\"text-editor.default\">\n\t\t\t\t<div class=\"elementor-widget-container\">\n\t\t\t\t\t\t\t\t\t<p>Gemeenschap van gemeenten Quercy-Rouergue en Gorges de l'Aveyron<br> 23 place de l'H\u00f4tel de ville - BP 30 -82140 Saint-Antonin-Noble-Val<\/p>\t\t\t\t\t\t\t\t<\/div>\n\t\t\t\t<\/div>\n\t\t\t\t<div class=\"elementor-element elementor-element-d3dedba elementor-icon-list--layout-traditional elementor-list-item-link-full_width elementor-widget elementor-widget-icon-list\" data-id=\"d3dedba\" data-element_type=\"widget\" data-e-type=\"widget\" data-widget_type=\"icon-list.default\">\n\t\t\t\t<div class=\"elementor-widget-container\">\n\t\t\t\t\t\t\t<ul class=\"elementor-icon-list-items\">\n\t\t\t\t\t\t\t<li class=\"elementor-icon-list-item\">\n\t\t\t\t\t\t\t\t\t\t\t<span class=\"elementor-icon-list-icon\">\n\t\t\t\t\t\t\t<i aria-hidden=\"true\" class=\"fas fa-phone-alt\"><\/i>\t\t\t\t\t\t<\/span>\n\t\t\t\t\t\t\t\t\t\t<span class=\"elementor-icon-list-text\">05 63 65 77 89<\/span>\n\t\t\t\t\t\t\t\t\t<\/li>\n\t\t\t\t\t\t\t\t<li class=\"elementor-icon-list-item\">\n\t\t\t\t\t\t\t\t\t\t\t<a href=\"mailto:preventiondechets@cc-qrga.fr\">\n\n\t\t\t\t\t\t\t\t\t\t\t\t<span class=\"elementor-icon-list-icon\">\n\t\t\t\t\t\t\t<i aria-hidden=\"true\" class=\"fas fa-envelope\"><\/i>\t\t\t\t\t\t<\/span>\n\t\t\t\t\t\t\t\t\t\t<span class=\"elementor-icon-list-text\">preventiondechets@cc-qrga.fr<\/span>\n\t\t\t\t\t\t\t\t\t\t\t<\/a>\n\t\t\t\t\t\t\t\t\t<\/li>\n\t\t\t\t\t\t\t\t<li class=\"elementor-icon-list-item\">\n\t\t\t\t\t\t\t\t\t\t\t<a href=\"https:\/\/www.facebook.com\/comcomqrga\">\n\n\t\t\t\t\t\t\t\t\t\t\t\t<span class=\"elementor-icon-list-icon\">\n\t\t\t\t\t\t\t<i aria-hidden=\"true\" class=\"fab fa-facebook-f\"><\/i>\t\t\t\t\t\t<\/span>\n\t\t\t\t\t\t\t\t\t\t<span class=\"elementor-icon-list-text\">QRGA Gemeenschap van gemeenten<\/span>\n\t\t\t\t\t\t\t\t\t\t\t<\/a>\n\t\t\t\t\t\t\t\t\t<\/li>\n\t\t\t\t\t\t<\/ul>\n\t\t\t\t\t\t<\/div>\n\t\t\t\t<\/div>\n\t\t\t\t\t<\/div>\n\t\t<\/div>\n\t\t\t\t<div class=\"has_eae_slider elementor-column elementor-col-33 elementor-top-column elementor-element elementor-element-b17914b\" data-eae-slider=\"90831\" data-id=\"b17914b\" data-element_type=\"column\" data-e-type=\"column\">\n\t\t\t<div class=\"elementor-widget-wrap\">\n\t\t\t\t\t\t\t<\/div>\n\t\t<\/div>\n\t\t\t\t\t<\/div>\n\t\t<\/section>\n\t\t\t\t<\/div>","protected":false},"excerpt":{"rendered":"<p>R\u00e9emploi Le meilleur d\u00e9chet est celui qu\u2019on ne produit pas\u00a0!\u00a0 Vos \u00ab\u00a0vieilleries\u00a0\u00bb peuvent \u00eatre des tr\u00e9sors pour d\u2019autres. V\u00eatement trop petit, mobilier, bibelot, \u00e9lectrom\u00e9nager fonctionnant et livre peuvent \u00eatre donn\u00e9s aux\u00a0structures du r\u00e9emploi de notre territoire. Nos\u00a0d\u00e9ch\u00e8teries sont \u00e9quip\u00e9es de conteneurs du r\u00e9emploi. N\u2019h\u00e9sitez pas \u00e0 demander l\u2019aide de l\u2019agent pour y d\u00e9poser vos objets [&hellip;]<\/p>","protected":false},"author":22,"featured_media":0,"parent":0,"menu_order":0,"comment_status":"closed","ping_status":"closed","template":"","meta":{"footnotes":""},"class_list":["post-21370","page","type-page","status-publish","hentry"],"yoast_head":"<!-- This site is optimized with the Yoast SEO plugin v27.4 - https:\/\/yoast.com\/product\/yoast-seo-wordpress\/ -->\n<title>R\u00e9emploi - Communaut\u00e9 de communes du Quercy Rouergue et des Gorges de l&#039;Aveyron<\/title>\n<meta name=\"robots\" content=\"index, follow, max-snippet:-1, max-image-preview:large, max-video-preview:-1\" \/>\n<link rel=\"canonical\" href=\"https:\/\/cc-qrga.fr\/nl\/reemploi\/\" \/>\n<meta property=\"og:locale\" content=\"nl_BE\" \/>\n<meta property=\"og:type\" content=\"article\" \/>\n<meta property=\"og:title\" content=\"R\u00e9emploi - Communaut\u00e9 de communes du Quercy Rouergue et des Gorges de l&#039;Aveyron\" \/>\n<meta property=\"og:description\" content=\"R\u00e9emploi Le meilleur d\u00e9chet est celui qu\u2019on ne produit pas\u00a0!\u00a0 Vos \u00ab\u00a0vieilleries\u00a0\u00bb peuvent \u00eatre des tr\u00e9sors pour d\u2019autres. V\u00eatement trop petit, mobilier, bibelot, \u00e9lectrom\u00e9nager fonctionnant et livre peuvent \u00eatre donn\u00e9s aux\u00a0structures du r\u00e9emploi de notre territoire. Nos\u00a0d\u00e9ch\u00e8teries sont \u00e9quip\u00e9es de conteneurs du r\u00e9emploi. N\u2019h\u00e9sitez pas \u00e0 demander l\u2019aide de l\u2019agent pour y d\u00e9poser vos objets [&hellip;]\" \/>\n<meta property=\"og:url\" content=\"https:\/\/cc-qrga.fr\/nl\/reemploi\/\" \/>\n<meta property=\"og:site_name\" content=\"Communaut\u00e9 de communes du Quercy Rouergue et des Gorges de l&#039;Aveyron\" \/>\n<meta property=\"article:modified_time\" content=\"2024-08-06T12:18:08+00:00\" \/>\n<meta property=\"og:image\" content=\"https:\/\/cc-qrga.fr\/wp-content\/uploads\/2023\/08\/2nd-hand-sale-clothes-rack-with-a-selection-of-fas-2022-11-09-20-42-18-utc-1024x704.jpg\" \/>\n<meta name=\"twitter:card\" content=\"summary_large_image\" \/>\n<meta name=\"twitter:label1\" content=\"Geschatte leestijd\" \/>\n\t<meta name=\"twitter:data1\" content=\"2 minuten\" \/>\n<script type=\"application\/ld+json\" class=\"yoast-schema-graph\">{\"@context\":\"https:\\\/\\\/schema.org\",\"@graph\":[{\"@type\":\"WebPage\",\"@id\":\"https:\\\/\\\/cc-qrga.fr\\\/reemploi\\\/\",\"url\":\"https:\\\/\\\/cc-qrga.fr\\\/reemploi\\\/\",\"name\":\"R\u00e9emploi - Communaut\u00e9 de communes du Quercy Rouergue et des Gorges de l&#039;Aveyron\",\"isPartOf\":{\"@id\":\"https:\\\/\\\/cc-qrga.fr\\\/#website\"},\"primaryImageOfPage\":{\"@id\":\"https:\\\/\\\/cc-qrga.fr\\\/reemploi\\\/#primaryimage\"},\"image\":{\"@id\":\"https:\\\/\\\/cc-qrga.fr\\\/reemploi\\\/#primaryimage\"},\"thumbnailUrl\":\"https:\\\/\\\/cc-qrga.fr\\\/wp-content\\\/uploads\\\/2023\\\/08\\\/2nd-hand-sale-clothes-rack-with-a-selection-of-fas-2022-11-09-20-42-18-utc-1024x704.jpg\",\"datePublished\":\"2023-08-01T07:53:51+00:00\",\"dateModified\":\"2024-08-06T12:18:08+00:00\",\"breadcrumb\":{\"@id\":\"https:\\\/\\\/cc-qrga.fr\\\/reemploi\\\/#breadcrumb\"},\"inLanguage\":\"nl-BE\",\"potentialAction\":[{\"@type\":\"ReadAction\",\"target\":[\"https:\\\/\\\/cc-qrga.fr\\\/reemploi\\\/\"]}]},{\"@type\":\"ImageObject\",\"inLanguage\":\"nl-BE\",\"@id\":\"https:\\\/\\\/cc-qrga.fr\\\/reemploi\\\/#primaryimage\",\"url\":\"https:\\\/\\\/cc-qrga.fr\\\/wp-content\\\/uploads\\\/2023\\\/08\\\/2nd-hand-sale-clothes-rack-with-a-selection-of-fas-2022-11-09-20-42-18-utc-1024x704.jpg\",\"contentUrl\":\"https:\\\/\\\/cc-qrga.fr\\\/wp-content\\\/uploads\\\/2023\\\/08\\\/2nd-hand-sale-clothes-rack-with-a-selection-of-fas-2022-11-09-20-42-18-utc-1024x704.jpg\"},{\"@type\":\"BreadcrumbList\",\"@id\":\"https:\\\/\\\/cc-qrga.fr\\\/reemploi\\\/#breadcrumb\",\"itemListElement\":[{\"@type\":\"ListItem\",\"position\":1,\"name\":\"Accueil\",\"item\":\"https:\\\/\\\/cc-qrga.fr\\\/\"},{\"@type\":\"ListItem\",\"position\":2,\"name\":\"R\u00e9emploi\"}]},{\"@type\":\"WebSite\",\"@id\":\"https:\\\/\\\/cc-qrga.fr\\\/#website\",\"url\":\"https:\\\/\\\/cc-qrga.fr\\\/\",\"name\":\"Communaut\u00e9 de communes du Quercy Rouergue et des Gorges de l&#039;Aveyron\",\"description\":\"qrga\",\"potentialAction\":[{\"@type\":\"SearchAction\",\"target\":{\"@type\":\"EntryPoint\",\"urlTemplate\":\"https:\\\/\\\/cc-qrga.fr\\\/?s={search_term_string}\"},\"query-input\":{\"@type\":\"PropertyValueSpecification\",\"valueRequired\":true,\"valueName\":\"search_term_string\"}}],\"inLanguage\":\"nl-BE\"}]}<\/script>\n<!-- \/ Yoast SEO plugin. -->","yoast_head_json":{"title":"R\u00e9emploi - Communaut\u00e9 de communes du Quercy Rouergue et des Gorges de l&#039;Aveyron","robots":{"index":"index","follow":"follow","max-snippet":"max-snippet:-1","max-image-preview":"max-image-preview:large","max-video-preview":"max-video-preview:-1"},"canonical":"https:\/\/cc-qrga.fr\/nl\/reemploi\/","og_locale":"nl_BE","og_type":"article","og_title":"R\u00e9emploi - Communaut\u00e9 de communes du Quercy Rouergue et des Gorges de l&#039;Aveyron","og_description":"R\u00e9emploi Le meilleur d\u00e9chet est celui qu\u2019on ne produit pas\u00a0!\u00a0 Vos \u00ab\u00a0vieilleries\u00a0\u00bb peuvent \u00eatre des tr\u00e9sors pour d\u2019autres. V\u00eatement trop petit, mobilier, bibelot, \u00e9lectrom\u00e9nager fonctionnant et livre peuvent \u00eatre donn\u00e9s aux\u00a0structures du r\u00e9emploi de notre territoire. Nos\u00a0d\u00e9ch\u00e8teries sont \u00e9quip\u00e9es de conteneurs du r\u00e9emploi. N\u2019h\u00e9sitez pas \u00e0 demander l\u2019aide de l\u2019agent pour y d\u00e9poser vos objets [&hellip;]","og_url":"https:\/\/cc-qrga.fr\/nl\/reemploi\/","og_site_name":"Communaut\u00e9 de communes du Quercy Rouergue et des Gorges de l&#039;Aveyron","article_modified_time":"2024-08-06T12:18:08+00:00","og_image":[{"url":"https:\/\/cc-qrga.fr\/wp-content\/uploads\/2023\/08\/2nd-hand-sale-clothes-rack-with-a-selection-of-fas-2022-11-09-20-42-18-utc-1024x704.jpg","type":"","width":"","height":""}],"twitter_card":"summary_large_image","twitter_misc":{"Geschatte leestijd":"2 minuten"},"schema":{"@context":"https:\/\/schema.org","@graph":[{"@type":"WebPage","@id":"https:\/\/cc-qrga.fr\/reemploi\/","url":"https:\/\/cc-qrga.fr\/reemploi\/","name":"R\u00e9emploi - Communaut\u00e9 de communes du Quercy Rouergue et des Gorges de l&#039;Aveyron","isPartOf":{"@id":"https:\/\/cc-qrga.fr\/#website"},"primaryImageOfPage":{"@id":"https:\/\/cc-qrga.fr\/reemploi\/#primaryimage"},"image":{"@id":"https:\/\/cc-qrga.fr\/reemploi\/#primaryimage"},"thumbnailUrl":"https:\/\/cc-qrga.fr\/wp-content\/uploads\/2023\/08\/2nd-hand-sale-clothes-rack-with-a-selection-of-fas-2022-11-09-20-42-18-utc-1024x704.jpg","datePublished":"2023-08-01T07:53:51+00:00","dateModified":"2024-08-06T12:18:08+00:00","breadcrumb":{"@id":"https:\/\/cc-qrga.fr\/reemploi\/#breadcrumb"},"inLanguage":"nl-BE","potentialAction":[{"@type":"ReadAction","target":["https:\/\/cc-qrga.fr\/reemploi\/"]}]},{"@type":"ImageObject","inLanguage":"nl-BE","@id":"https:\/\/cc-qrga.fr\/reemploi\/#primaryimage","url":"https:\/\/cc-qrga.fr\/wp-content\/uploads\/2023\/08\/2nd-hand-sale-clothes-rack-with-a-selection-of-fas-2022-11-09-20-42-18-utc-1024x704.jpg","contentUrl":"https:\/\/cc-qrga.fr\/wp-content\/uploads\/2023\/08\/2nd-hand-sale-clothes-rack-with-a-selection-of-fas-2022-11-09-20-42-18-utc-1024x704.jpg"},{"@type":"BreadcrumbList","@id":"https:\/\/cc-qrga.fr\/reemploi\/#breadcrumb","itemListElement":[{"@type":"ListItem","position":1,"name":"Accueil","item":"https:\/\/cc-qrga.fr\/"},{"@type":"ListItem","position":2,"name":"R\u00e9emploi"}]},{"@type":"WebSite","@id":"https:\/\/cc-qrga.fr\/#website","url":"https:\/\/cc-qrga.fr\/","name":"Gemeenschap van gemeenten van Quercy Rouergue en de Gorges de l'Aveyron","description":"qrga","potentialAction":[{"@type":"SearchAction","target":{"@type":"EntryPoint","urlTemplate":"https:\/\/cc-qrga.fr\/?s={search_term_string}"},"query-input":{"@type":"PropertyValueSpecification","valueRequired":true,"valueName":"search_term_string"}}],"inLanguage":"nl-BE"}]}},"_links":{"self":[{"href":"https:\/\/cc-qrga.fr\/nl\/wp-json\/wp\/v2\/pages\/21370","targetHints":{"allow":["GET"]}}],"collection":[{"href":"https:\/\/cc-qrga.fr\/nl\/wp-json\/wp\/v2\/pages"}],"about":[{"href":"https:\/\/cc-qrga.fr\/nl\/wp-json\/wp\/v2\/types\/page"}],"author":[{"embeddable":true,"href":"https:\/\/cc-qrga.fr\/nl\/wp-json\/wp\/v2\/users\/22"}],"replies":[{"embeddable":true,"href":"https:\/\/cc-qrga.fr\/nl\/wp-json\/wp\/v2\/comments?post=21370"}],"version-history":[{"count":0,"href":"https:\/\/cc-qrga.fr\/nl\/wp-json\/wp\/v2\/pages\/21370\/revisions"}],"wp:attachment":[{"href":"https:\/\/cc-qrga.fr\/nl\/wp-json\/wp\/v2\/media?parent=21370"}],"curies":[{"name":"wp","href":"https:\/\/api.w.org\/{rel}","templated":true}]}}