{"id":21372,"date":"2023-08-01T09:54:22","date_gmt":"2023-08-01T07:54:22","guid":{"rendered":"https:\/\/cc-qrga.fr\/?page_id=21372"},"modified":"2023-08-01T12:14:50","modified_gmt":"2023-08-01T10:14:50","slug":"enlevement-des-encombrants","status":"publish","type":"page","link":"https:\/\/cc-qrga.fr\/nl\/enlevement-des-encombrants\/","title":{"rendered":"Verwijdering van grote voorwerpen"},"content":{"rendered":"<div data-elementor-type=\"wp-page\" data-elementor-id=\"21372\" class=\"elementor elementor-21372\" data-elementor-post-type=\"page\">\n\t\t\t\t<div class=\"has_eae_slider elementor-element elementor-element-055e875 e-flex e-con-boxed e-con e-parent\" data-eae-slider=\"8581\" data-id=\"055e875\" data-element_type=\"container\" data-e-type=\"container\">\n\t\t\t\t\t<div class=\"e-con-inner\">\n\t\t\t\t<div class=\"elementor-element elementor-element-354a5b9 elementor-widget elementor-widget-text-editor\" data-id=\"354a5b9\" data-element_type=\"widget\" data-e-type=\"widget\" data-widget_type=\"text-editor.default\">\n\t\t\t\t<div class=\"elementor-widget-container\">\n\t\t\t\t\t\t\t\t\t<ul><li>Weet je niet wat je moet doen met grote meubels?\u00a0<\/li><li>Wil je af van huishoudelijke apparaten die niet meer werken?\u00a0<\/li><li>Kun je het je niet veroorloven om naar een recyclingcentrum te gaan?<\/li><\/ul><p>\u00a0<\/p><p>De bulky goods removal service is er voor jou.\u00a0<\/p><p><strong>Let op:<\/strong><\/p><p><b>Bulkgoederen, ja, maar niet zomaar alles (zie onderstaande lijst).<\/b><\/p><p>\u00a0<\/p>\t\t\t\t\t\t\t\t<\/div>\n\t\t\t\t<\/div>\n\t\t\t\t<div class=\"elementor-element elementor-element-a214ca8 elementor-widget elementor-widget-image\" data-id=\"a214ca8\" data-element_type=\"widget\" data-e-type=\"widget\" data-widget_type=\"image.default\">\n\t\t\t\t<div class=\"elementor-widget-container\">\n\t\t\t\t\t\t\t\t\t\t\t\t\t\t\t\t<a href=\"https:\/\/cc-qrga.fr\/wp-content\/uploads\/2023\/08\/depliant-encombrant-1.pdf\" target=\"_blank\">\n\t\t\t\t\t\t\t<img fetchpriority=\"high\" decoding=\"async\" width=\"800\" height=\"566\" src=\"https:\/\/cc-qrga.fr\/wp-content\/uploads\/2023\/08\/depliant-encombrant-1_Page_2-1024x724.jpg\" class=\"attachment-large size-large wp-image-21391\" alt=\"\" srcset=\"https:\/\/cc-qrga.fr\/wp-content\/uploads\/2023\/08\/depliant-encombrant-1_Page_2-1024x724.jpg 1024w, https:\/\/cc-qrga.fr\/wp-content\/uploads\/2023\/08\/depliant-encombrant-1_Page_2-300x212.jpg 300w, https:\/\/cc-qrga.fr\/wp-content\/uploads\/2023\/08\/depliant-encombrant-1_Page_2-768x543.jpg 768w, https:\/\/cc-qrga.fr\/wp-content\/uploads\/2023\/08\/depliant-encombrant-1_Page_2-1536x1086.jpg 1536w, https:\/\/cc-qrga.fr\/wp-content\/uploads\/2023\/08\/depliant-encombrant-1_Page_2-2048x1448.jpg 2048w\" sizes=\"(max-width: 800px) 100vw, 800px\" \/>\t\t\t\t\t\t\t\t<\/a>\n\t\t\t\t\t\t\t\t\t\t\t\t\t\t\t<\/div>\n\t\t\t\t<\/div>\n\t\t\t\t<div class=\"elementor-element elementor-element-07b05e8 elementor-widget elementor-widget-image\" data-id=\"07b05e8\" data-element_type=\"widget\" data-e-type=\"widget\" data-widget_type=\"image.default\">\n\t\t\t\t<div class=\"elementor-widget-container\">\n\t\t\t\t\t\t\t\t\t\t\t\t\t\t\t\t<a href=\"https:\/\/cc-qrga.fr\/wp-content\/uploads\/2023\/08\/depliant-encombrant-1.pdf\" target=\"_blank\">\n\t\t\t\t\t\t\t<img decoding=\"async\" width=\"800\" height=\"566\" src=\"https:\/\/cc-qrga.fr\/wp-content\/uploads\/2023\/08\/depliant-encombrant-1_Page_1-1024x724.jpg\" class=\"attachment-large size-large wp-image-21390\" alt=\"\" srcset=\"https:\/\/cc-qrga.fr\/wp-content\/uploads\/2023\/08\/depliant-encombrant-1_Page_1-1024x724.jpg 1024w, https:\/\/cc-qrga.fr\/wp-content\/uploads\/2023\/08\/depliant-encombrant-1_Page_1-300x212.jpg 300w, https:\/\/cc-qrga.fr\/wp-content\/uploads\/2023\/08\/depliant-encombrant-1_Page_1-768x543.jpg 768w, https:\/\/cc-qrga.fr\/wp-content\/uploads\/2023\/08\/depliant-encombrant-1_Page_1-1536x1086.jpg 1536w, https:\/\/cc-qrga.fr\/wp-content\/uploads\/2023\/08\/depliant-encombrant-1_Page_1-2048x1448.jpg 2048w\" sizes=\"(max-width: 800px) 100vw, 800px\" \/>\t\t\t\t\t\t\t\t<\/a>\n\t\t\t\t\t\t\t\t\t\t\t\t\t\t\t<\/div>\n\t\t\t\t<\/div>\n\t\t\t\t\t<\/div>\n\t\t\t\t<\/div>\n\t\t<div class=\"has_eae_slider elementor-element elementor-element-77d7cfb e-flex e-con-boxed e-con e-parent\" data-eae-slider=\"58500\" data-id=\"77d7cfb\" data-element_type=\"container\" data-e-type=\"container\">\n\t\t\t\t\t<div class=\"e-con-inner\">\n\t\t\t\t\t<\/div>\n\t\t\t\t<\/div>\n\t\t\t\t<\/div>","protected":false},"excerpt":{"rendered":"<p>Vous ne savez pas quoi faire de meubles encombrants ?\u00a0 Vous voulez vous d\u00e9barrasser d&rsquo;appareils \u00e9lectrom\u00e9nagers ne fonctionnants plus?\u00a0 Vous n&rsquo;avez pas les moyens de vous rendre en d\u00e9ch\u00e8terie ? \u00a0 Le service enl\u00e8vement des encombrants est l\u00e0 pour vous.\u00a0 Attention : Des encombrants oui mais pas n&rsquo;importe quoi (voir la liste ci-dessous). \u00a0<\/p>","protected":false},"author":22,"featured_media":0,"parent":0,"menu_order":0,"comment_status":"closed","ping_status":"closed","template":"","meta":{"footnotes":""},"class_list":["post-21372","page","type-page","status-publish","hentry"],"yoast_head":"<!-- This site is optimized with the Yoast SEO plugin v27.3 - https:\/\/yoast.com\/product\/yoast-seo-wordpress\/ -->\n<title>Enl\u00e8vement des encombrants - Communaut\u00e9 de communes du Quercy Rouergue et des Gorges de l&#039;Aveyron<\/title>\n<meta name=\"robots\" content=\"index, follow, max-snippet:-1, max-image-preview:large, max-video-preview:-1\" \/>\n<link rel=\"canonical\" href=\"https:\/\/cc-qrga.fr\/nl\/enlevement-des-encombrants\/\" \/>\n<meta property=\"og:locale\" content=\"nl_BE\" \/>\n<meta property=\"og:type\" content=\"article\" \/>\n<meta property=\"og:title\" content=\"Enl\u00e8vement des encombrants - Communaut\u00e9 de communes du Quercy Rouergue et des Gorges de l&#039;Aveyron\" \/>\n<meta property=\"og:description\" content=\"Vous ne savez pas quoi faire de meubles encombrants ?\u00a0 Vous voulez vous d\u00e9barrasser d&rsquo;appareils \u00e9lectrom\u00e9nagers ne fonctionnants plus?\u00a0 Vous n&rsquo;avez pas les moyens de vous rendre en d\u00e9ch\u00e8terie ? \u00a0 Le service enl\u00e8vement des encombrants est l\u00e0 pour vous.\u00a0 Attention : Des encombrants oui mais pas n&rsquo;importe quoi (voir la liste ci-dessous). \u00a0\" \/>\n<meta property=\"og:url\" content=\"https:\/\/cc-qrga.fr\/nl\/enlevement-des-encombrants\/\" \/>\n<meta property=\"og:site_name\" content=\"Communaut\u00e9 de communes du Quercy Rouergue et des Gorges de l&#039;Aveyron\" \/>\n<meta property=\"article:modified_time\" content=\"2023-08-01T10:14:50+00:00\" \/>\n<meta property=\"og:image\" content=\"https:\/\/cc-qrga.fr\/wp-content\/uploads\/2023\/08\/depliant-encombrant-1_Page_2-1024x724.jpg\" \/>\n<meta name=\"twitter:card\" content=\"summary_large_image\" \/>\n<meta name=\"twitter:label1\" content=\"Geschatte leestijd\" \/>\n\t<meta name=\"twitter:data1\" content=\"1 minuut\" \/>\n<script type=\"application\/ld+json\" class=\"yoast-schema-graph\">{\"@context\":\"https:\\\/\\\/schema.org\",\"@graph\":[{\"@type\":\"WebPage\",\"@id\":\"https:\\\/\\\/cc-qrga.fr\\\/enlevement-des-encombrants\\\/\",\"url\":\"https:\\\/\\\/cc-qrga.fr\\\/enlevement-des-encombrants\\\/\",\"name\":\"Enl\u00e8vement des encombrants - Communaut\u00e9 de communes du Quercy Rouergue et des Gorges de l&#039;Aveyron\",\"isPartOf\":{\"@id\":\"https:\\\/\\\/cc-qrga.fr\\\/#website\"},\"primaryImageOfPage\":{\"@id\":\"https:\\\/\\\/cc-qrga.fr\\\/enlevement-des-encombrants\\\/#primaryimage\"},\"image\":{\"@id\":\"https:\\\/\\\/cc-qrga.fr\\\/enlevement-des-encombrants\\\/#primaryimage\"},\"thumbnailUrl\":\"https:\\\/\\\/cc-qrga.fr\\\/wp-content\\\/uploads\\\/2023\\\/08\\\/depliant-encombrant-1_Page_2-1024x724.jpg\",\"datePublished\":\"2023-08-01T07:54:22+00:00\",\"dateModified\":\"2023-08-01T10:14:50+00:00\",\"breadcrumb\":{\"@id\":\"https:\\\/\\\/cc-qrga.fr\\\/enlevement-des-encombrants\\\/#breadcrumb\"},\"inLanguage\":\"nl-BE\",\"potentialAction\":[{\"@type\":\"ReadAction\",\"target\":[\"https:\\\/\\\/cc-qrga.fr\\\/enlevement-des-encombrants\\\/\"]}]},{\"@type\":\"ImageObject\",\"inLanguage\":\"nl-BE\",\"@id\":\"https:\\\/\\\/cc-qrga.fr\\\/enlevement-des-encombrants\\\/#primaryimage\",\"url\":\"https:\\\/\\\/cc-qrga.fr\\\/wp-content\\\/uploads\\\/2023\\\/08\\\/depliant-encombrant-1_Page_2-1024x724.jpg\",\"contentUrl\":\"https:\\\/\\\/cc-qrga.fr\\\/wp-content\\\/uploads\\\/2023\\\/08\\\/depliant-encombrant-1_Page_2-1024x724.jpg\"},{\"@type\":\"BreadcrumbList\",\"@id\":\"https:\\\/\\\/cc-qrga.fr\\\/enlevement-des-encombrants\\\/#breadcrumb\",\"itemListElement\":[{\"@type\":\"ListItem\",\"position\":1,\"name\":\"Accueil\",\"item\":\"https:\\\/\\\/cc-qrga.fr\\\/\"},{\"@type\":\"ListItem\",\"position\":2,\"name\":\"Enl\u00e8vement des encombrants\"}]},{\"@type\":\"WebSite\",\"@id\":\"https:\\\/\\\/cc-qrga.fr\\\/#website\",\"url\":\"https:\\\/\\\/cc-qrga.fr\\\/\",\"name\":\"Communaut\u00e9 de communes du Quercy Rouergue et des Gorges de l&#039;Aveyron\",\"description\":\"qrga\",\"potentialAction\":[{\"@type\":\"SearchAction\",\"target\":{\"@type\":\"EntryPoint\",\"urlTemplate\":\"https:\\\/\\\/cc-qrga.fr\\\/?s={search_term_string}\"},\"query-input\":{\"@type\":\"PropertyValueSpecification\",\"valueRequired\":true,\"valueName\":\"search_term_string\"}}],\"inLanguage\":\"nl-BE\"}]}<\/script>\n<!-- \/ Yoast SEO plugin. -->","yoast_head_json":{"title":"Enl\u00e8vement des encombrants - Communaut\u00e9 de communes du Quercy Rouergue et des Gorges de l&#039;Aveyron","robots":{"index":"index","follow":"follow","max-snippet":"max-snippet:-1","max-image-preview":"max-image-preview:large","max-video-preview":"max-video-preview:-1"},"canonical":"https:\/\/cc-qrga.fr\/nl\/enlevement-des-encombrants\/","og_locale":"nl_BE","og_type":"article","og_title":"Enl\u00e8vement des encombrants - Communaut\u00e9 de communes du Quercy Rouergue et des Gorges de l&#039;Aveyron","og_description":"Vous ne savez pas quoi faire de meubles encombrants ?\u00a0 Vous voulez vous d\u00e9barrasser d&rsquo;appareils \u00e9lectrom\u00e9nagers ne fonctionnants plus?\u00a0 Vous n&rsquo;avez pas les moyens de vous rendre en d\u00e9ch\u00e8terie ? \u00a0 Le service enl\u00e8vement des encombrants est l\u00e0 pour vous.\u00a0 Attention : Des encombrants oui mais pas n&rsquo;importe quoi (voir la liste ci-dessous). \u00a0","og_url":"https:\/\/cc-qrga.fr\/nl\/enlevement-des-encombrants\/","og_site_name":"Communaut\u00e9 de communes du Quercy Rouergue et des Gorges de l&#039;Aveyron","article_modified_time":"2023-08-01T10:14:50+00:00","og_image":[{"url":"https:\/\/cc-qrga.fr\/wp-content\/uploads\/2023\/08\/depliant-encombrant-1_Page_2-1024x724.jpg","type":"","width":"","height":""}],"twitter_card":"summary_large_image","twitter_misc":{"Geschatte leestijd":"1 minuut"},"schema":{"@context":"https:\/\/schema.org","@graph":[{"@type":"WebPage","@id":"https:\/\/cc-qrga.fr\/enlevement-des-encombrants\/","url":"https:\/\/cc-qrga.fr\/enlevement-des-encombrants\/","name":"Enl\u00e8vement des encombrants - Communaut\u00e9 de communes du Quercy Rouergue et des Gorges de l&#039;Aveyron","isPartOf":{"@id":"https:\/\/cc-qrga.fr\/#website"},"primaryImageOfPage":{"@id":"https:\/\/cc-qrga.fr\/enlevement-des-encombrants\/#primaryimage"},"image":{"@id":"https:\/\/cc-qrga.fr\/enlevement-des-encombrants\/#primaryimage"},"thumbnailUrl":"https:\/\/cc-qrga.fr\/wp-content\/uploads\/2023\/08\/depliant-encombrant-1_Page_2-1024x724.jpg","datePublished":"2023-08-01T07:54:22+00:00","dateModified":"2023-08-01T10:14:50+00:00","breadcrumb":{"@id":"https:\/\/cc-qrga.fr\/enlevement-des-encombrants\/#breadcrumb"},"inLanguage":"nl-BE","potentialAction":[{"@type":"ReadAction","target":["https:\/\/cc-qrga.fr\/enlevement-des-encombrants\/"]}]},{"@type":"ImageObject","inLanguage":"nl-BE","@id":"https:\/\/cc-qrga.fr\/enlevement-des-encombrants\/#primaryimage","url":"https:\/\/cc-qrga.fr\/wp-content\/uploads\/2023\/08\/depliant-encombrant-1_Page_2-1024x724.jpg","contentUrl":"https:\/\/cc-qrga.fr\/wp-content\/uploads\/2023\/08\/depliant-encombrant-1_Page_2-1024x724.jpg"},{"@type":"BreadcrumbList","@id":"https:\/\/cc-qrga.fr\/enlevement-des-encombrants\/#breadcrumb","itemListElement":[{"@type":"ListItem","position":1,"name":"Accueil","item":"https:\/\/cc-qrga.fr\/"},{"@type":"ListItem","position":2,"name":"Enl\u00e8vement des encombrants"}]},{"@type":"WebSite","@id":"https:\/\/cc-qrga.fr\/#website","url":"https:\/\/cc-qrga.fr\/","name":"Gemeenschap van gemeenten van Quercy Rouergue en de Gorges de l'Aveyron","description":"qrga","potentialAction":[{"@type":"SearchAction","target":{"@type":"EntryPoint","urlTemplate":"https:\/\/cc-qrga.fr\/?s={search_term_string}"},"query-input":{"@type":"PropertyValueSpecification","valueRequired":true,"valueName":"search_term_string"}}],"inLanguage":"nl-BE"}]}},"_links":{"self":[{"href":"https:\/\/cc-qrga.fr\/nl\/wp-json\/wp\/v2\/pages\/21372","targetHints":{"allow":["GET"]}}],"collection":[{"href":"https:\/\/cc-qrga.fr\/nl\/wp-json\/wp\/v2\/pages"}],"about":[{"href":"https:\/\/cc-qrga.fr\/nl\/wp-json\/wp\/v2\/types\/page"}],"author":[{"embeddable":true,"href":"https:\/\/cc-qrga.fr\/nl\/wp-json\/wp\/v2\/users\/22"}],"replies":[{"embeddable":true,"href":"https:\/\/cc-qrga.fr\/nl\/wp-json\/wp\/v2\/comments?post=21372"}],"version-history":[{"count":0,"href":"https:\/\/cc-qrga.fr\/nl\/wp-json\/wp\/v2\/pages\/21372\/revisions"}],"wp:attachment":[{"href":"https:\/\/cc-qrga.fr\/nl\/wp-json\/wp\/v2\/media?parent=21372"}],"curies":[{"name":"wp","href":"https:\/\/api.w.org\/{rel}","templated":true}]}}