{"id":21452,"date":"2023-08-01T14:07:52","date_gmt":"2023-08-01T12:07:52","guid":{"rendered":"https:\/\/cc-qrga.fr\/?page_id=21452"},"modified":"2025-06-23T14:12:39","modified_gmt":"2025-06-23T12:12:39","slug":"prevention-information-et-accompagnement","status":"publish","type":"page","link":"https:\/\/cc-qrga.fr\/nl\/prevention-information-et-accompagnement\/","title":{"rendered":"Preventie, informatie en ondersteuning"},"content":{"rendered":"<div data-elementor-type=\"wp-page\" data-elementor-id=\"21452\" class=\"elementor elementor-21452\" data-elementor-post-type=\"page\">\n\t\t\t\t<div class=\"has_eae_slider elementor-element elementor-element-d746639 e-flex e-con-boxed e-con e-parent\" data-eae-slider=\"95413\" data-id=\"d746639\" data-element_type=\"container\" data-e-type=\"container\">\n\t\t\t\t\t<div class=\"e-con-inner\">\n\t\t\t\t<div class=\"elementor-element elementor-element-de7186e elementor-widget elementor-widget-heading\" data-id=\"de7186e\" data-element_type=\"widget\" data-e-type=\"widget\" data-widget_type=\"heading.default\">\n\t\t\t\t<div class=\"elementor-widget-container\">\n\t\t\t\t\t<h2 class=\"elementor-heading-title elementor-size-default\">Pr\u00e9vention et accompagnement. <\/h2>\t\t\t\t<\/div>\n\t\t\t\t<\/div>\n\t\t\t\t\t<\/div>\n\t\t\t\t<\/div>\n\t\t<div class=\"has_eae_slider elementor-element elementor-element-cfc46aa e-flex e-con-boxed e-con e-parent\" data-eae-slider=\"28186\" data-id=\"cfc46aa\" data-element_type=\"container\" data-e-type=\"container\">\n\t\t\t\t\t<div class=\"e-con-inner\">\n\t\t<div class=\"has_eae_slider elementor-element elementor-element-8bf4acd e-con-full e-flex e-con e-child\" data-eae-slider=\"87594\" data-id=\"8bf4acd\" data-element_type=\"container\" data-e-type=\"container\">\n\t\t\t\t<div class=\"elementor-element elementor-element-9cc1dc9 elementor-widget__width-initial elementor-widget elementor-widget-text-editor\" data-id=\"9cc1dc9\" data-element_type=\"widget\" data-e-type=\"widget\" data-widget_type=\"text-editor.default\">\n\t\t\t\t<div class=\"elementor-widget-container\">\n\t\t\t\t\t\t\t\t\t<p class=\"x_MsoNormal x_ContentPasted0\">De QRGA CC heeft een teamlid dat verantwoordelijk is voor afvalpreventie. &nbsp;<\/p>\n<p class=\"x_MsoNormal x_ContentPasted0\">Entreprises, particuliers, associations et scolaires peuvent b\u00e9n\u00e9ficier d\u2019informations, d\u2019animations et de soutiens :&nbsp;<\/p>\n<ul>\n<li><b>Rencontres et ateliers<\/b> pour comprendre la gestion et les acteurs des d\u00e9chets, la n\u00e9cessit\u00e9 du tri, le fonctionnement du compostage&#8230;<\/li>\n<li class=\"x_ContentPasted0\"><strong>Visites<\/strong> du centre de tri, des d\u00e9ch\u00e8teries et autres lieux li\u00e9s aux d\u00e9chets.&nbsp;<\/li>\n<li><b>Diagnostiques<\/b> et accompagnements \u00e0 l\u2019am\u00e9lioration du tri dans vos structures.<\/li>\n<li class=\"x_ContentPasted0\">Pr\u00eat d\u2019un <b>kit de ramassage<\/b> pour les op\u00e9rations de ramassage des d\u00e9chets citoyen<\/li>\n<li class=\"x_ContentPasted0\">Pr\u00eat d\u2019un <b>kit \u00ab Ev\u00e9nement responsable \u00bb<\/b> pour faciliter le geste de tri lors de vos \u00e9v\u00e9nements (petites et grosses poubelles, signal\u00e9tiques, pince de ramassage des d\u00e9chets, consignes&#8230;).\n<p>T\u00e9l\u00e9charger le formulaire ci-dessous.<\/p>\n<\/li>\n<\/ul>\n<p class=\"x_MsoNormal x_ContentPasted0\"><strong>Pour toute informations et questions contactez le service Ordures M\u00e9nag\u00e8res au 05.63.65.77.89 ou \u00e9crivez \u00e0 <a id=\"LPlnk373745\" class=\"x_ContentPasted0\" href=\"mailto:preventiondechets@cc-qrga.fr\" data-loopstyle=\"linkonly\" data-linkindex=\"0\">preventiondechets@cc-qrga.fr<\/a>&nbsp;<\/strong><\/p>\t\t\t\t\t\t\t\t<\/div>\n\t\t\t\t<\/div>\n\t\t\t\t<\/div>\n\t\t<div class=\"has_eae_slider elementor-element elementor-element-9cf657b e-con-full e-flex e-con e-child\" data-eae-slider=\"4805\" data-id=\"9cf657b\" data-element_type=\"container\" data-e-type=\"container\">\n\t\t\t\t<div class=\"elementor-element elementor-element-321d12c elementor-widget elementor-widget-gallery\" data-id=\"321d12c\" data-element_type=\"widget\" data-e-type=\"widget\" data-settings=\"{&quot;gallery_layout&quot;:&quot;justified&quot;,&quot;overlay_description&quot;:&quot;caption&quot;,&quot;lazyload&quot;:&quot;yes&quot;,&quot;ideal_row_height&quot;:{&quot;unit&quot;:&quot;px&quot;,&quot;size&quot;:200,&quot;sizes&quot;:[]},&quot;ideal_row_height_tablet&quot;:{&quot;unit&quot;:&quot;px&quot;,&quot;size&quot;:150,&quot;sizes&quot;:[]},&quot;ideal_row_height_mobile&quot;:{&quot;unit&quot;:&quot;px&quot;,&quot;size&quot;:150,&quot;sizes&quot;:[]},&quot;gap&quot;:{&quot;unit&quot;:&quot;px&quot;,&quot;size&quot;:10,&quot;sizes&quot;:[]},&quot;gap_tablet&quot;:{&quot;unit&quot;:&quot;px&quot;,&quot;size&quot;:10,&quot;sizes&quot;:[]},&quot;gap_mobile&quot;:{&quot;unit&quot;:&quot;px&quot;,&quot;size&quot;:10,&quot;sizes&quot;:[]},&quot;link_to&quot;:&quot;file&quot;,&quot;overlay_background&quot;:&quot;yes&quot;,&quot;content_hover_animation&quot;:&quot;fade-in&quot;}\" data-widget_type=\"gallery.default\">\n\t\t\t\t<div class=\"elementor-widget-container\">\n\t\t\t\t\t\t\t<div class=\"elementor-gallery__container\">\n\t\t\t\t\t\t\t<a class=\"e-gallery-item elementor-gallery-item elementor-animated-content\" href=\"https:\/\/cc-qrga.fr\/wp-content\/uploads\/2023\/08\/DJI_20230223_160053_50-scaled.jpg\" data-elementor-open-lightbox=\"yes\" data-elementor-lightbox-slideshow=\"321d12c\" data-elementor-lightbox-title=\"DJI_20230223_160053_50\" data-e-action-hash=\"#elementor-action%3Aaction%3Dlightbox%26settings%3DeyJpZCI6MjE0NTUsInVybCI6Imh0dHBzOlwvXC9jYy1xcmdhLmZyXC93cC1jb250ZW50XC91cGxvYWRzXC8yMDIzXC8wOFwvREpJXzIwMjMwMjIzXzE2MDA1M181MC1zY2FsZWQuanBnIiwic2xpZGVzaG93IjoiMzIxZDEyYyJ9\">\n\t\t\t\t\t<div class=\"e-gallery-image elementor-gallery-item__image\" data-thumbnail=\"https:\/\/cc-qrga.fr\/wp-content\/uploads\/2023\/08\/DJI_20230223_160053_50-scaled.jpg\" data-width=\"2560\" data-height=\"1920\" aria-label=\"\" role=\"img\" ><\/div>\n\t\t\t\t\t\t\t\t\t\t\t<div class=\"elementor-gallery-item__overlay\"><\/div>\n\t\t\t\t\t\t\t\t\t\t\t\t\t\t\t<div class=\"elementor-gallery-item__content\">\n\t\t\t\t\t\t\t\t\t\t\t\t\t\t<div class=\"elementor-gallery-item__description\">\n\t\t\t\t\t\t\t\t\t\t\t\t\t\t\t\t\t\tAnimatie over afvalsortering voor de Caylus ALSH\t\t\t\t\t\t\t\t<\/div>\n\t\t\t\t\t\t\t\t\t\t\t\t<\/div>\n\t\t\t\t\t\t\t\t\t<\/a>\n\t\t\t\t\t\t\t<a class=\"e-gallery-item elementor-gallery-item elementor-animated-content\" href=\"https:\/\/cc-qrga.fr\/wp-content\/uploads\/2023\/08\/Stand-info-compostage-Jardin-Noble-Val-2-oct-22-scaled.jpg\" data-elementor-open-lightbox=\"yes\" data-elementor-lightbox-slideshow=\"321d12c\" data-elementor-lightbox-title=\"Stand info compostage Jardin Noble Val 2 oct 22\" data-e-action-hash=\"#elementor-action%3Aaction%3Dlightbox%26settings%3DeyJpZCI6MjE0NTcsInVybCI6Imh0dHBzOlwvXC9jYy1xcmdhLmZyXC93cC1jb250ZW50XC91cGxvYWRzXC8yMDIzXC8wOFwvU3RhbmQtaW5mby1jb21wb3N0YWdlLUphcmRpbi1Ob2JsZS1WYWwtMi1vY3QtMjItc2NhbGVkLmpwZyIsInNsaWRlc2hvdyI6IjMyMWQxMmMifQ%3D%3D\">\n\t\t\t\t\t<div class=\"e-gallery-image elementor-gallery-item__image\" data-thumbnail=\"https:\/\/cc-qrga.fr\/wp-content\/uploads\/2023\/08\/Stand-info-compostage-Jardin-Noble-Val-2-oct-22-scaled.jpg\" data-width=\"1920\" data-height=\"2560\" aria-label=\"\" role=\"img\" ><\/div>\n\t\t\t\t\t\t\t\t\t\t\t<div class=\"elementor-gallery-item__overlay\"><\/div>\n\t\t\t\t\t\t\t\t\t\t\t\t\t\t\t<div class=\"elementor-gallery-item__content\">\n\t\t\t\t\t\t\t\t\t\t\t\t\t\t<div class=\"elementor-gallery-item__description\">\n\t\t\t\t\t\t\t\t\t\t\t\t\t\t\t\t\t\tInformatiestand over composteren in Jardin Noble Val\t\t\t\t\t\t\t\t<\/div>\n\t\t\t\t\t\t\t\t\t\t\t\t<\/div>\n\t\t\t\t\t\t\t\t\t<\/a>\n\t\t\t\t\t\t\t<a class=\"e-gallery-item elementor-gallery-item elementor-animated-content\" href=\"https:\/\/cc-qrga.fr\/wp-content\/uploads\/2025\/03\/Photo-totem-monte.jpg\" data-elementor-open-lightbox=\"yes\" data-elementor-lightbox-slideshow=\"321d12c\" data-elementor-lightbox-title=\"Photo totem mont\u00e9\" data-e-action-hash=\"#elementor-action%3Aaction%3Dlightbox%26settings%3DeyJpZCI6Mjc4OTcsInVybCI6Imh0dHBzOlwvXC9jYy1xcmdhLmZyXC93cC1jb250ZW50XC91cGxvYWRzXC8yMDI1XC8wM1wvUGhvdG8tdG90ZW0tbW9udGUuanBnIiwic2xpZGVzaG93IjoiMzIxZDEyYyJ9\">\n\t\t\t\t\t<div class=\"e-gallery-image elementor-gallery-item__image\" data-thumbnail=\"https:\/\/cc-qrga.fr\/wp-content\/uploads\/2025\/03\/Photo-totem-monte.jpg\" data-width=\"699\" data-height=\"1409\" aria-label=\"Poubelles de tri et d&#039;OM pour les \u00e9venements\" role=\"img\" ><\/div>\n\t\t\t\t\t\t\t\t\t\t\t<div class=\"elementor-gallery-item__overlay\"><\/div>\n\t\t\t\t\t\t\t\t\t\t\t\t\t\t\t<div class=\"elementor-gallery-item__content\">\n\t\t\t\t\t\t\t\t\t\t\t\t\t\t<div class=\"elementor-gallery-item__description\">\n\t\t\t\t\t\t\t\t\t\t\t\t\t\t\t\t\t\tTotem du tri. Equipement pr\u00eatable pour vos \u00e9v\u00e9nements.\t\t\t\t\t\t\t\t<\/div>\n\t\t\t\t\t\t\t\t\t\t\t\t<\/div>\n\t\t\t\t\t\t\t\t\t<\/a>\n\t\t\t\t\t\t\t<a class=\"e-gallery-item elementor-gallery-item elementor-animated-content\" href=\"https:\/\/cc-qrga.fr\/wp-content\/uploads\/2025\/03\/photo-del-en-classe.jpg\" data-elementor-open-lightbox=\"yes\" data-elementor-lightbox-slideshow=\"321d12c\" data-e-action-hash=\"#elementor-action%3Aaction%3Dlightbox%26settings%3DeyJpZCI6Mjc4OTksInVybCI6Imh0dHBzOlwvXC9jYy1xcmdhLmZyXC93cC1jb250ZW50XC91cGxvYWRzXC8yMDI1XC8wM1wvcGhvdG8tZGVsLWVuLWNsYXNzZS5qcGciLCJzbGlkZXNob3ciOiIzMjFkMTJjIn0%3D\">\n\t\t\t\t\t<div class=\"e-gallery-image elementor-gallery-item__image\" data-thumbnail=\"https:\/\/cc-qrga.fr\/wp-content\/uploads\/2025\/03\/photo-del-en-classe.jpg\" data-width=\"2048\" data-height=\"1536\" aria-label=\"\" role=\"img\" ><\/div>\n\t\t\t\t\t\t\t\t\t\t\t<div class=\"elementor-gallery-item__overlay\"><\/div>\n\t\t\t\t\t\t\t\t\t\t\t\t\t\t\t<div class=\"elementor-gallery-item__content\">\n\t\t\t\t\t\t\t\t\t\t\t\t\t\t<div class=\"elementor-gallery-item__description\">\n\t\t\t\t\t\t\t\t\t\t\t\t\t\t\t\t\t\tAnimation scolaire de pr\u00e9vention aux d\u00e9chets.\t\t\t\t\t\t\t\t<\/div>\n\t\t\t\t\t\t\t\t\t\t\t\t<\/div>\n\t\t\t\t\t\t\t\t\t<\/a>\n\t\t\t\t\t<\/div>\n\t\t\t\t\t<\/div>\n\t\t\t\t<\/div>\n\t\t\t\t<\/div>\n\t\t\t\t\t<\/div>\n\t\t\t\t<\/div>\n\t\t<div class=\"has_eae_slider elementor-element elementor-element-8089551 e-flex e-con-boxed e-con e-parent\" data-eae-slider=\"18162\" data-id=\"8089551\" data-element_type=\"container\" data-e-type=\"container\">\n\t\t\t\t\t<div class=\"e-con-inner\">\n\t\t\t\t<div class=\"elementor-element elementor-element-dbfc482 elementor-widget elementor-widget-button\" data-id=\"dbfc482\" data-element_type=\"widget\" data-e-type=\"widget\" data-widget_type=\"button.default\">\n\t\t\t\t<div class=\"elementor-widget-container\">\n\t\t\t\t\t\t\t\t\t<div class=\"elementor-button-wrapper\">\n\t\t\t\t\t<a class=\"elementor-button elementor-button-link elementor-size-sm\" href=\"https:\/\/cc-qrga.fr\/wp-content\/uploads\/2025\/03\/Info-formulaire-et-chartre-kit-evenement-responsable.pdf\" target=\"_blank\">\n\t\t\t\t\t\t<span class=\"elementor-button-content-wrapper\">\n\t\t\t\t\t\t\t\t\t<span class=\"elementor-button-text\">T\u00e9l\u00e9charger la demande de pr\u00eat du kit \"\u00e9v\u00e9nement responsable\"<\/span>\n\t\t\t\t\t<\/span>\n\t\t\t\t\t<\/a>\n\t\t\t\t<\/div>\n\t\t\t\t\t\t\t\t<\/div>\n\t\t\t\t<\/div>\n\t\t\t\t\t<\/div>\n\t\t\t\t<\/div>\n\t\t\t\t<\/div>","protected":false},"excerpt":{"rendered":"<p>Pr\u00e9vention et accompagnement. La CC QRGA compte dans son \u00e9quipe une personne en charge de la pr\u00e9vention des d\u00e9chets. &nbsp; Entreprises, particuliers, associations et scolaires peuvent b\u00e9n\u00e9ficier d\u2019informations, d\u2019animations et de soutiens :&nbsp; Rencontres et ateliers pour comprendre la gestion et les acteurs des d\u00e9chets, la n\u00e9cessit\u00e9 du tri, le fonctionnement du compostage&#8230; Visites du [&hellip;]<\/p>","protected":false},"author":22,"featured_media":0,"parent":0,"menu_order":0,"comment_status":"closed","ping_status":"closed","template":"","meta":{"footnotes":""},"class_list":["post-21452","page","type-page","status-publish","hentry"],"yoast_head":"<!-- This site is optimized with the Yoast SEO plugin v27.3 - https:\/\/yoast.com\/product\/yoast-seo-wordpress\/ -->\n<title>Pr\u00e9vention, information et accompagnement - Communaut\u00e9 de communes du Quercy Rouergue et des Gorges de l&#039;Aveyron<\/title>\n<meta name=\"robots\" content=\"index, follow, max-snippet:-1, max-image-preview:large, max-video-preview:-1\" \/>\n<link rel=\"canonical\" href=\"https:\/\/cc-qrga.fr\/nl\/prevention-information-et-accompagnement\/\" \/>\n<meta property=\"og:locale\" content=\"nl_BE\" \/>\n<meta property=\"og:type\" content=\"article\" \/>\n<meta property=\"og:title\" content=\"Pr\u00e9vention, information et accompagnement - Communaut\u00e9 de communes du Quercy Rouergue et des Gorges de l&#039;Aveyron\" \/>\n<meta property=\"og:description\" content=\"Pr\u00e9vention et accompagnement. La CC QRGA compte dans son \u00e9quipe une personne en charge de la pr\u00e9vention des d\u00e9chets. &nbsp; Entreprises, particuliers, associations et scolaires peuvent b\u00e9n\u00e9ficier d\u2019informations, d\u2019animations et de soutiens :&nbsp; Rencontres et ateliers pour comprendre la gestion et les acteurs des d\u00e9chets, la n\u00e9cessit\u00e9 du tri, le fonctionnement du compostage&#8230; Visites du [&hellip;]\" \/>\n<meta property=\"og:url\" content=\"https:\/\/cc-qrga.fr\/nl\/prevention-information-et-accompagnement\/\" \/>\n<meta property=\"og:site_name\" content=\"Communaut\u00e9 de communes du Quercy Rouergue et des Gorges de l&#039;Aveyron\" \/>\n<meta property=\"article:modified_time\" content=\"2025-06-23T12:12:39+00:00\" \/>\n<meta name=\"twitter:card\" content=\"summary_large_image\" \/>\n<meta name=\"twitter:label1\" content=\"Geschatte leestijd\" \/>\n\t<meta name=\"twitter:data1\" content=\"1 minuut\" \/>\n<script type=\"application\/ld+json\" class=\"yoast-schema-graph\">{\"@context\":\"https:\\\/\\\/schema.org\",\"@graph\":[{\"@type\":\"WebPage\",\"@id\":\"https:\\\/\\\/cc-qrga.fr\\\/prevention-information-et-accompagnement\\\/\",\"url\":\"https:\\\/\\\/cc-qrga.fr\\\/prevention-information-et-accompagnement\\\/\",\"name\":\"Pr\u00e9vention, information et accompagnement - Communaut\u00e9 de communes du Quercy Rouergue et des Gorges de l&#039;Aveyron\",\"isPartOf\":{\"@id\":\"https:\\\/\\\/cc-qrga.fr\\\/#website\"},\"datePublished\":\"2023-08-01T12:07:52+00:00\",\"dateModified\":\"2025-06-23T12:12:39+00:00\",\"breadcrumb\":{\"@id\":\"https:\\\/\\\/cc-qrga.fr\\\/prevention-information-et-accompagnement\\\/#breadcrumb\"},\"inLanguage\":\"nl-BE\",\"potentialAction\":[{\"@type\":\"ReadAction\",\"target\":[\"https:\\\/\\\/cc-qrga.fr\\\/prevention-information-et-accompagnement\\\/\"]}]},{\"@type\":\"BreadcrumbList\",\"@id\":\"https:\\\/\\\/cc-qrga.fr\\\/prevention-information-et-accompagnement\\\/#breadcrumb\",\"itemListElement\":[{\"@type\":\"ListItem\",\"position\":1,\"name\":\"Accueil\",\"item\":\"https:\\\/\\\/cc-qrga.fr\\\/\"},{\"@type\":\"ListItem\",\"position\":2,\"name\":\"Pr\u00e9vention, information et accompagnement\"}]},{\"@type\":\"WebSite\",\"@id\":\"https:\\\/\\\/cc-qrga.fr\\\/#website\",\"url\":\"https:\\\/\\\/cc-qrga.fr\\\/\",\"name\":\"Communaut\u00e9 de communes du Quercy Rouergue et des Gorges de l&#039;Aveyron\",\"description\":\"qrga\",\"potentialAction\":[{\"@type\":\"SearchAction\",\"target\":{\"@type\":\"EntryPoint\",\"urlTemplate\":\"https:\\\/\\\/cc-qrga.fr\\\/?s={search_term_string}\"},\"query-input\":{\"@type\":\"PropertyValueSpecification\",\"valueRequired\":true,\"valueName\":\"search_term_string\"}}],\"inLanguage\":\"nl-BE\"}]}<\/script>\n<!-- \/ Yoast SEO plugin. -->","yoast_head_json":{"title":"Pr\u00e9vention, information et accompagnement - Communaut\u00e9 de communes du Quercy Rouergue et des Gorges de l&#039;Aveyron","robots":{"index":"index","follow":"follow","max-snippet":"max-snippet:-1","max-image-preview":"max-image-preview:large","max-video-preview":"max-video-preview:-1"},"canonical":"https:\/\/cc-qrga.fr\/nl\/prevention-information-et-accompagnement\/","og_locale":"nl_BE","og_type":"article","og_title":"Pr\u00e9vention, information et accompagnement - Communaut\u00e9 de communes du Quercy Rouergue et des Gorges de l&#039;Aveyron","og_description":"Pr\u00e9vention et accompagnement. La CC QRGA compte dans son \u00e9quipe une personne en charge de la pr\u00e9vention des d\u00e9chets. &nbsp; Entreprises, particuliers, associations et scolaires peuvent b\u00e9n\u00e9ficier d\u2019informations, d\u2019animations et de soutiens :&nbsp; Rencontres et ateliers pour comprendre la gestion et les acteurs des d\u00e9chets, la n\u00e9cessit\u00e9 du tri, le fonctionnement du compostage&#8230; Visites du [&hellip;]","og_url":"https:\/\/cc-qrga.fr\/nl\/prevention-information-et-accompagnement\/","og_site_name":"Communaut\u00e9 de communes du Quercy Rouergue et des Gorges de l&#039;Aveyron","article_modified_time":"2025-06-23T12:12:39+00:00","twitter_card":"summary_large_image","twitter_misc":{"Geschatte leestijd":"1 minuut"},"schema":{"@context":"https:\/\/schema.org","@graph":[{"@type":"WebPage","@id":"https:\/\/cc-qrga.fr\/prevention-information-et-accompagnement\/","url":"https:\/\/cc-qrga.fr\/prevention-information-et-accompagnement\/","name":"Pr\u00e9vention, information et accompagnement - Communaut\u00e9 de communes du Quercy Rouergue et des Gorges de l&#039;Aveyron","isPartOf":{"@id":"https:\/\/cc-qrga.fr\/#website"},"datePublished":"2023-08-01T12:07:52+00:00","dateModified":"2025-06-23T12:12:39+00:00","breadcrumb":{"@id":"https:\/\/cc-qrga.fr\/prevention-information-et-accompagnement\/#breadcrumb"},"inLanguage":"nl-BE","potentialAction":[{"@type":"ReadAction","target":["https:\/\/cc-qrga.fr\/prevention-information-et-accompagnement\/"]}]},{"@type":"BreadcrumbList","@id":"https:\/\/cc-qrga.fr\/prevention-information-et-accompagnement\/#breadcrumb","itemListElement":[{"@type":"ListItem","position":1,"name":"Accueil","item":"https:\/\/cc-qrga.fr\/"},{"@type":"ListItem","position":2,"name":"Pr\u00e9vention, information et accompagnement"}]},{"@type":"WebSite","@id":"https:\/\/cc-qrga.fr\/#website","url":"https:\/\/cc-qrga.fr\/","name":"Gemeenschap van gemeenten van Quercy Rouergue en de Gorges de l'Aveyron","description":"qrga","potentialAction":[{"@type":"SearchAction","target":{"@type":"EntryPoint","urlTemplate":"https:\/\/cc-qrga.fr\/?s={search_term_string}"},"query-input":{"@type":"PropertyValueSpecification","valueRequired":true,"valueName":"search_term_string"}}],"inLanguage":"nl-BE"}]}},"_links":{"self":[{"href":"https:\/\/cc-qrga.fr\/nl\/wp-json\/wp\/v2\/pages\/21452","targetHints":{"allow":["GET"]}}],"collection":[{"href":"https:\/\/cc-qrga.fr\/nl\/wp-json\/wp\/v2\/pages"}],"about":[{"href":"https:\/\/cc-qrga.fr\/nl\/wp-json\/wp\/v2\/types\/page"}],"author":[{"embeddable":true,"href":"https:\/\/cc-qrga.fr\/nl\/wp-json\/wp\/v2\/users\/22"}],"replies":[{"embeddable":true,"href":"https:\/\/cc-qrga.fr\/nl\/wp-json\/wp\/v2\/comments?post=21452"}],"version-history":[{"count":0,"href":"https:\/\/cc-qrga.fr\/nl\/wp-json\/wp\/v2\/pages\/21452\/revisions"}],"wp:attachment":[{"href":"https:\/\/cc-qrga.fr\/nl\/wp-json\/wp\/v2\/media?parent=21452"}],"curies":[{"name":"wp","href":"https:\/\/api.w.org\/{rel}","templated":true}]}}