{"id":24101,"date":"2024-07-01T15:07:13","date_gmt":"2024-07-01T13:07:13","guid":{"rendered":"https:\/\/cc-qrga.fr\/?page_id=24101"},"modified":"2024-07-02T11:43:22","modified_gmt":"2024-07-02T09:43:22","slug":"baignade","status":"publish","type":"page","link":"https:\/\/cc-qrga.fr\/nl\/baignade\/","title":{"rendered":"Zwemmen"},"content":{"rendered":"<div data-elementor-type=\"wp-page\" data-elementor-id=\"24101\" class=\"elementor elementor-24101\" data-elementor-post-type=\"page\">\n\t\t\t\t<div class=\"has_eae_slider elementor-element elementor-element-d6b669f e-flex e-con-boxed e-con e-parent\" data-eae-slider=\"50187\" data-id=\"d6b669f\" data-element_type=\"container\" data-e-type=\"container\">\n\t\t\t\t\t<div class=\"e-con-inner\">\n\t\t<div class=\"has_eae_slider elementor-element elementor-element-aaa8199 e-flex e-con-boxed e-con e-child\" data-eae-slider=\"95109\" data-id=\"aaa8199\" data-element_type=\"container\" data-e-type=\"container\">\n\t\t\t\t\t<div class=\"e-con-inner\">\n\t\t\t\t<div class=\"elementor-element elementor-element-688722e elementor-widget elementor-widget-heading\" data-id=\"688722e\" data-element_type=\"widget\" data-e-type=\"widget\" data-widget_type=\"heading.default\">\n\t\t\t\t<div class=\"elementor-widget-container\">\n\t\t\t\t\t<h1 class=\"elementor-heading-title elementor-size-default\">natuur en zwemmen <a style=\"color:#5EB8CE\">zwembad<\/a><\/h1>\t\t\t\t<\/div>\n\t\t\t\t<\/div>\n\t\t\t\t<div class=\"elementor-element elementor-element-64ac35b elementor-widget-divider--view-line elementor-widget elementor-widget-divider\" data-id=\"64ac35b\" data-element_type=\"widget\" data-e-type=\"widget\" data-widget_type=\"divider.default\">\n\t\t\t\t<div class=\"elementor-widget-container\">\n\t\t\t\t\t\t\t<div class=\"elementor-divider\">\n\t\t\t<span class=\"elementor-divider-separator\">\n\t\t\t\t\t\t<\/span>\n\t\t<\/div>\n\t\t\t\t\t\t<\/div>\n\t\t\t\t<\/div>\n\t\t\t\t\t<\/div>\n\t\t\t\t<\/div>\n\t\t\t\t\t<\/div>\n\t\t\t\t<\/div>\n\t\t<div class=\"has_eae_slider elementor-element elementor-element-b39befd e-flex e-con-boxed e-con e-parent\" data-eae-slider=\"74111\" data-id=\"b39befd\" data-element_type=\"container\" data-e-type=\"container\">\n\t\t\t\t\t<div class=\"e-con-inner\">\n\t\t<div class=\"has_eae_slider elementor-element elementor-element-0a2cdf1 e-con-full e-flex e-con e-child\" data-eae-slider=\"45813\" data-id=\"0a2cdf1\" data-element_type=\"container\" data-e-type=\"container\">\n\t\t\t\t<div class=\"elementor-element elementor-element-a0174e3 elementor-widget elementor-widget-heading\" data-id=\"a0174e3\" data-element_type=\"widget\" data-e-type=\"widget\" data-widget_type=\"heading.default\">\n\t\t\t\t<div class=\"elementor-widget-container\">\n\t\t\t\t\t<h1 class=\"elementor-heading-title elementor-size-default\">Zwembad Saint-Antonin<\/h1>\t\t\t\t<\/div>\n\t\t\t\t<\/div>\n\t\t\t\t<div class=\"elementor-element elementor-element-0bbe4f4 elementor-widget elementor-widget-heading\" data-id=\"0bbe4f4\" data-element_type=\"widget\" data-e-type=\"widget\" data-widget_type=\"heading.default\">\n\t\t\t\t<div class=\"elementor-widget-container\">\n\t\t\t\t\t<h1 class=\"elementor-heading-title elementor-size-default\">Zwembad met uitzicht<\/h1>\t\t\t\t<\/div>\n\t\t\t\t<\/div>\n\t\t\t\t<div class=\"elementor-element elementor-element-74e4ddb elementor-widget elementor-widget-text-editor\" data-id=\"74e4ddb\" data-element_type=\"widget\" data-e-type=\"widget\" data-widget_type=\"text-editor.default\">\n\t\t\t\t<div class=\"elementor-widget-container\">\n\t\t\t\t\t\t\t\t\t<p class=\"font_7 wixui-rich-text__text\" style=\"background: transparent; border: 0px; outline: 0px; padding: 0px; vertical-align: baseline; pointer-events: auto; color: rgb(var(--color_15)); margin-block-end: 0px; margin: 0px;\">Openluchtzwembad met uitzicht op de Anglar rots, verwarmd water, groot en klein zwembad en kinderbad. Uitzonderlijke zon en omgeving. Gelegen boven de polyvalente zaal en de Vallon basisscholen. Geopend van juni tot september. Neem contact op met 05 63 30 67 05 voor meer informatie of klik op de knop hieronder.<\/p>\t\t\t\t\t\t\t\t<\/div>\n\t\t\t\t<\/div>\n\t\t\t\t<div class=\"elementor-element elementor-element-9af9e7c elementor-align-left elementor-widget elementor-widget-button\" data-id=\"9af9e7c\" data-element_type=\"widget\" data-e-type=\"widget\" data-widget_type=\"button.default\">\n\t\t\t\t<div class=\"elementor-widget-container\">\n\t\t\t\t\t\t\t\t\t<div class=\"elementor-button-wrapper\">\n\t\t\t\t\t<a class=\"elementor-button elementor-button-link elementor-size-sm elementor-animation-shrink\" href=\"https:\/\/www.saint-antonin-noble-val.fr\/culture-loisirs-tourisme\/loisirs\/piscine\/\" target=\"_blank\">\n\t\t\t\t\t\t<span class=\"elementor-button-content-wrapper\">\n\t\t\t\t\t\t\t\t\t<span class=\"elementor-button-text\">openingstijden en prijzen<\/span>\n\t\t\t\t\t<\/span>\n\t\t\t\t\t<\/a>\n\t\t\t\t<\/div>\n\t\t\t\t\t\t\t\t<\/div>\n\t\t\t\t<\/div>\n\t\t\t\t<\/div>\n\t\t<div class=\"has_eae_slider elementor-element elementor-element-4bf7e54 e-con-full e-flex e-con e-child\" data-eae-slider=\"47783\" data-id=\"4bf7e54\" data-element_type=\"container\" data-e-type=\"container\">\n\t\t\t\t<div class=\"elementor-element elementor-element-6c2cf17 elementor-widget elementor-widget-image\" data-id=\"6c2cf17\" data-element_type=\"widget\" data-e-type=\"widget\" data-widget_type=\"image.default\">\n\t\t\t\t<div class=\"elementor-widget-container\">\n\t\t\t\t\t\t\t\t\t\t\t\t\t\t\t<img fetchpriority=\"high\" decoding=\"async\" width=\"800\" height=\"534\" src=\"https:\/\/cc-qrga.fr\/wp-content\/uploads\/2024\/07\/csm_piscine_st_antonin_2013_2__Copier__354319575f2.jpg\" class=\"attachment-large size-large wp-image-24283\" alt=\"\" srcset=\"https:\/\/cc-qrga.fr\/wp-content\/uploads\/2024\/07\/csm_piscine_st_antonin_2013_2__Copier__354319575f2.jpg 1024w, https:\/\/cc-qrga.fr\/wp-content\/uploads\/2024\/07\/csm_piscine_st_antonin_2013_2__Copier__354319575f2-300x200.jpg 300w, https:\/\/cc-qrga.fr\/wp-content\/uploads\/2024\/07\/csm_piscine_st_antonin_2013_2__Copier__354319575f2-768x512.jpg 768w\" sizes=\"(max-width: 800px) 100vw, 800px\" \/>\t\t\t\t\t\t\t\t\t\t\t\t\t\t\t<\/div>\n\t\t\t\t<\/div>\n\t\t\t\t<\/div>\n\t\t\t\t\t<\/div>\n\t\t\t\t<\/div>\n\t\t\t\t<section class=\"has_eae_slider elementor-section elementor-top-section elementor-element elementor-element-27444e9 elementor-section-content-middle elementor-section-boxed elementor-section-height-default elementor-section-height-default\" data-eae-slider=\"91921\" data-id=\"27444e9\" data-element_type=\"section\" data-e-type=\"section\">\n\t\t\t\t\t\t<div class=\"elementor-container elementor-column-gap-extended\">\n\t\t\t\t\t<div class=\"has_eae_slider elementor-column elementor-col-50 elementor-top-column elementor-element elementor-element-1cae5ba\" data-eae-slider=\"7406\" data-id=\"1cae5ba\" data-element_type=\"column\" data-e-type=\"column\">\n\t\t\t<div class=\"elementor-widget-wrap elementor-element-populated\">\n\t\t\t\t\t\t<div class=\"elementor-element elementor-element-576ed6d elementor-widget elementor-widget-image\" data-id=\"576ed6d\" data-element_type=\"widget\" data-e-type=\"widget\" data-widget_type=\"image.default\">\n\t\t\t\t<div class=\"elementor-widget-container\">\n\t\t\t\t\t\t\t\t\t\t\t\t\t\t\t<img decoding=\"async\" width=\"800\" height=\"534\" src=\"https:\/\/cc-qrga.fr\/wp-content\/uploads\/2024\/07\/MG_3316-1024x683-1.jpg\" class=\"attachment-large size-large wp-image-24261\" alt=\"\" srcset=\"https:\/\/cc-qrga.fr\/wp-content\/uploads\/2024\/07\/MG_3316-1024x683-1.jpg 1024w, https:\/\/cc-qrga.fr\/wp-content\/uploads\/2024\/07\/MG_3316-1024x683-1-300x200.jpg 300w, https:\/\/cc-qrga.fr\/wp-content\/uploads\/2024\/07\/MG_3316-1024x683-1-768x512.jpg 768w\" sizes=\"(max-width: 800px) 100vw, 800px\" \/>\t\t\t\t\t\t\t\t\t\t\t\t\t\t\t<\/div>\n\t\t\t\t<\/div>\n\t\t\t\t\t<\/div>\n\t\t<\/div>\n\t\t\t\t<div class=\"has_eae_slider elementor-column elementor-col-50 elementor-top-column elementor-element elementor-element-05a9009\" data-eae-slider=\"14830\" data-id=\"05a9009\" data-element_type=\"column\" data-e-type=\"column\">\n\t\t\t<div class=\"elementor-widget-wrap elementor-element-populated\">\n\t\t\t\t\t\t<div class=\"elementor-element elementor-element-27ca20e elementor-widget elementor-widget-heading\" data-id=\"27ca20e\" data-element_type=\"widget\" data-e-type=\"widget\" data-widget_type=\"heading.default\">\n\t\t\t\t<div class=\"elementor-widget-container\">\n\t\t\t\t\t<h1 class=\"elementor-heading-title elementor-size-default\">Vrijetijdscentrum Parisot<\/h1>\t\t\t\t<\/div>\n\t\t\t\t<\/div>\n\t\t\t\t<div class=\"elementor-element elementor-element-b30c112 elementor-widget elementor-widget-heading\" data-id=\"b30c112\" data-element_type=\"widget\" data-e-type=\"widget\" data-widget_type=\"heading.default\">\n\t\t\t\t<div class=\"elementor-widget-container\">\n\t\t\t\t\t<h1 class=\"elementor-heading-title elementor-size-default\">Zwemmen bij het meer<\/h1>\t\t\t\t<\/div>\n\t\t\t\t<\/div>\n\t\t\t\t<div class=\"elementor-element elementor-element-728527c elementor-widget elementor-widget-text-editor\" data-id=\"728527c\" data-element_type=\"widget\" data-e-type=\"widget\" data-widget_type=\"text-editor.default\">\n\t\t\t\t<div class=\"elementor-widget-container\">\n\t\t\t\t\t\t\t\t\t<p>Het recreatiepark Parisot biedt een grote verscheidenheid aan activiteiten, waaronder zwemmen onder toezicht tussen 11.00 en 18.00 uur, een opblaasbaar structuurpark op het water, een beveiligde kinderspeelplaats, een viszone, een skatepark en een interpretatiespoor dat u meeneemt op een tocht door Roger le Brochet..... Voor elk wat wils. Guinguette en camping ter plaatse.<\/p><p>Prijzen : Volwassenen \u20ac3 \/ Kinderen \u20ac2 \/ Gratis voor inwoners van Parisot<\/p><nav class=\"rub_top\"><\/nav>\t\t\t\t\t\t\t\t<\/div>\n\t\t\t\t<\/div>\n\t\t\t\t\t<\/div>\n\t\t<\/div>\n\t\t\t\t\t<\/div>\n\t\t<\/section>\n\t\t<div class=\"has_eae_slider elementor-element elementor-element-a34d1f1 e-flex e-con-boxed e-con e-parent\" data-eae-slider=\"50159\" data-id=\"a34d1f1\" data-element_type=\"container\" data-e-type=\"container\">\n\t\t\t\t\t<div class=\"e-con-inner\">\n\t\t<div class=\"has_eae_slider elementor-element elementor-element-616d5ad e-con-full e-flex e-con e-child\" data-eae-slider=\"32460\" data-id=\"616d5ad\" data-element_type=\"container\" data-e-type=\"container\">\n\t\t\t\t<div class=\"elementor-element elementor-element-b9bf60f elementor-widget elementor-widget-heading\" data-id=\"b9bf60f\" data-element_type=\"widget\" data-e-type=\"widget\" data-widget_type=\"heading.default\">\n\t\t\t\t<div class=\"elementor-widget-container\">\n\t\t\t\t\t<h1 class=\"elementor-heading-title elementor-size-default\">Het strand van lagu\u00e9pie<\/h1>\t\t\t\t<\/div>\n\t\t\t\t<\/div>\n\t\t\t\t<div class=\"elementor-element elementor-element-d2d72c1 elementor-widget elementor-widget-heading\" data-id=\"d2d72c1\" data-element_type=\"widget\" data-e-type=\"widget\" data-widget_type=\"heading.default\">\n\t\t\t\t<div class=\"elementor-widget-container\">\n\t\t\t\t\t<h1 class=\"elementor-heading-title elementor-size-default\">Zwemmen in de rivier<\/h1>\t\t\t\t<\/div>\n\t\t\t\t<\/div>\n\t\t\t\t<div class=\"elementor-element elementor-element-4b577a4 elementor-widget elementor-widget-text-editor\" data-id=\"4b577a4\" data-element_type=\"widget\" data-e-type=\"widget\" data-widget_type=\"text-editor.default\">\n\t\t\t\t<div class=\"elementor-widget-container\">\n\t\t\t\t\t\t\t\t\t<p>Neem een duik in de rivier Viaux met uitzicht op het oude kasteel van de baronnen van Lagu\u00e9pie. Een moment van rust of een familiespel, de toegang tot de opblaasspellen is gratis en in juli en augustus wordt er elke dag van 13.30 tot 19.00 uur gezwommen onder toezicht. Let op: honden zijn niet toegestaan in het 300 meter lange zwembad.\u00a0<\/p>\t\t\t\t\t\t\t\t<\/div>\n\t\t\t\t<\/div>\n\t\t\t\t<\/div>\n\t\t<div class=\"has_eae_slider elementor-element elementor-element-628b625 e-con-full e-flex e-con e-child\" data-eae-slider=\"25463\" data-id=\"628b625\" data-element_type=\"container\" data-e-type=\"container\">\n\t\t\t\t<div class=\"elementor-element elementor-element-b2bf6da elementor-widget elementor-widget-image\" data-id=\"b2bf6da\" data-element_type=\"widget\" data-e-type=\"widget\" data-widget_type=\"image.default\">\n\t\t\t\t<div class=\"elementor-widget-container\">\n\t\t\t\t\t\t\t\t\t\t\t\t\t\t\t<img decoding=\"async\" width=\"800\" height=\"530\" src=\"https:\/\/cc-qrga.fr\/wp-content\/uploads\/2024\/07\/DSC_0769-1-1024x678-1.jpg\" class=\"attachment-large size-large wp-image-24260\" alt=\"\" srcset=\"https:\/\/cc-qrga.fr\/wp-content\/uploads\/2024\/07\/DSC_0769-1-1024x678-1.jpg 1024w, https:\/\/cc-qrga.fr\/wp-content\/uploads\/2024\/07\/DSC_0769-1-1024x678-1-300x199.jpg 300w, https:\/\/cc-qrga.fr\/wp-content\/uploads\/2024\/07\/DSC_0769-1-1024x678-1-768x509.jpg 768w\" sizes=\"(max-width: 800px) 100vw, 800px\" \/>\t\t\t\t\t\t\t\t\t\t\t\t\t\t\t<\/div>\n\t\t\t\t<\/div>\n\t\t\t\t<\/div>\n\t\t\t\t\t<\/div>\n\t\t\t\t<\/div>\n\t\t<div class=\"has_eae_slider elementor-element elementor-element-dcf1ef2 e-flex e-con-boxed e-con e-parent\" data-eae-slider=\"34590\" data-id=\"dcf1ef2\" data-element_type=\"container\" data-e-type=\"container\">\n\t\t\t\t\t<div class=\"e-con-inner\">\n\t\t\t\t<div class=\"elementor-element elementor-element-a25f85a elementor-align-center elementor-widget elementor-widget-button\" data-id=\"a25f85a\" data-element_type=\"widget\" data-e-type=\"widget\" data-widget_type=\"button.default\">\n\t\t\t\t<div class=\"elementor-widget-container\">\n\t\t\t\t\t\t\t\t\t<div class=\"elementor-button-wrapper\">\n\t\t\t\t\t<a class=\"elementor-button elementor-button-link elementor-size-sm elementor-animation-shrink\" href=\"https:\/\/causses-gorgesaveyron.com\/bouger\/dans-leau\/\" target=\"_blank\">\n\t\t\t\t\t\t<span class=\"elementor-button-content-wrapper\">\n\t\t\t\t\t\t\t\t\t<span class=\"elementor-button-text\">bezoek de website van het toeristenbureau<\/span>\n\t\t\t\t\t<\/span>\n\t\t\t\t\t<\/a>\n\t\t\t\t<\/div>\n\t\t\t\t\t\t\t\t<\/div>\n\t\t\t\t<\/div>\n\t\t\t\t\t<\/div>\n\t\t\t\t<\/div>\n\t\t\t\t<\/div>","protected":false},"excerpt":{"rendered":"<p>baignade nature et piscine Piscine de Saint-Antonin Piscine avec vue Piscine d\u00e9couverte avec vue sur le rock d&rsquo;Anglar, eau chauff\u00e9e, grand, petit bassin et pataugeoire. Ensoleillement et cadre exceptionnel. Situ\u00e9e au dessus de la salle polyvalence et de l&rsquo;\u00e9cole \u00e9l\u00e9mentaire, le Vallon. Ouverte du mois de juin \u00e0 septembre. Contactez le 05 63 30 67 [&hellip;]<\/p>","protected":false},"author":11,"featured_media":0,"parent":0,"menu_order":0,"comment_status":"closed","ping_status":"closed","template":"","meta":{"footnotes":""},"class_list":["post-24101","page","type-page","status-publish","hentry"],"yoast_head":"<!-- This site is optimized with the Yoast SEO plugin v27.4 - https:\/\/yoast.com\/product\/yoast-seo-wordpress\/ -->\n<title>Baignade - Communaut\u00e9 de communes du Quercy Rouergue et des Gorges de l&#039;Aveyron<\/title>\n<meta name=\"robots\" content=\"index, follow, max-snippet:-1, max-image-preview:large, max-video-preview:-1\" \/>\n<link rel=\"canonical\" href=\"https:\/\/cc-qrga.fr\/nl\/baignade\/\" \/>\n<meta property=\"og:locale\" content=\"nl_BE\" \/>\n<meta property=\"og:type\" content=\"article\" \/>\n<meta property=\"og:title\" content=\"Baignade - Communaut\u00e9 de communes du Quercy Rouergue et des Gorges de l&#039;Aveyron\" \/>\n<meta property=\"og:description\" content=\"baignade nature et piscine Piscine de Saint-Antonin Piscine avec vue Piscine d\u00e9couverte avec vue sur le rock d&rsquo;Anglar, eau chauff\u00e9e, grand, petit bassin et pataugeoire. Ensoleillement et cadre exceptionnel. Situ\u00e9e au dessus de la salle polyvalence et de l&rsquo;\u00e9cole \u00e9l\u00e9mentaire, le Vallon. Ouverte du mois de juin \u00e0 septembre. Contactez le 05 63 30 67 [&hellip;]\" \/>\n<meta property=\"og:url\" content=\"https:\/\/cc-qrga.fr\/nl\/baignade\/\" \/>\n<meta property=\"og:site_name\" content=\"Communaut\u00e9 de communes du Quercy Rouergue et des Gorges de l&#039;Aveyron\" \/>\n<meta property=\"article:modified_time\" content=\"2024-07-02T09:43:22+00:00\" \/>\n<meta property=\"og:image\" content=\"https:\/\/cc-qrga.fr\/wp-content\/uploads\/2024\/07\/csm_piscine_st_antonin_2013_2__Copier__354319575f2.jpg\" \/>\n<meta name=\"twitter:card\" content=\"summary_large_image\" \/>\n<meta name=\"twitter:label1\" content=\"Geschatte leestijd\" \/>\n\t<meta name=\"twitter:data1\" content=\"2 minuten\" \/>\n<script type=\"application\/ld+json\" class=\"yoast-schema-graph\">{\"@context\":\"https:\\\/\\\/schema.org\",\"@graph\":[{\"@type\":\"WebPage\",\"@id\":\"https:\\\/\\\/cc-qrga.fr\\\/baignade\\\/\",\"url\":\"https:\\\/\\\/cc-qrga.fr\\\/baignade\\\/\",\"name\":\"Baignade - Communaut\u00e9 de communes du Quercy Rouergue et des Gorges de l&#039;Aveyron\",\"isPartOf\":{\"@id\":\"https:\\\/\\\/cc-qrga.fr\\\/#website\"},\"primaryImageOfPage\":{\"@id\":\"https:\\\/\\\/cc-qrga.fr\\\/baignade\\\/#primaryimage\"},\"image\":{\"@id\":\"https:\\\/\\\/cc-qrga.fr\\\/baignade\\\/#primaryimage\"},\"thumbnailUrl\":\"https:\\\/\\\/cc-qrga.fr\\\/wp-content\\\/uploads\\\/2024\\\/07\\\/csm_piscine_st_antonin_2013_2__Copier__354319575f2.jpg\",\"datePublished\":\"2024-07-01T13:07:13+00:00\",\"dateModified\":\"2024-07-02T09:43:22+00:00\",\"breadcrumb\":{\"@id\":\"https:\\\/\\\/cc-qrga.fr\\\/baignade\\\/#breadcrumb\"},\"inLanguage\":\"nl-BE\",\"potentialAction\":[{\"@type\":\"ReadAction\",\"target\":[\"https:\\\/\\\/cc-qrga.fr\\\/baignade\\\/\"]}]},{\"@type\":\"ImageObject\",\"inLanguage\":\"nl-BE\",\"@id\":\"https:\\\/\\\/cc-qrga.fr\\\/baignade\\\/#primaryimage\",\"url\":\"https:\\\/\\\/cc-qrga.fr\\\/wp-content\\\/uploads\\\/2024\\\/07\\\/csm_piscine_st_antonin_2013_2__Copier__354319575f2.jpg\",\"contentUrl\":\"https:\\\/\\\/cc-qrga.fr\\\/wp-content\\\/uploads\\\/2024\\\/07\\\/csm_piscine_st_antonin_2013_2__Copier__354319575f2.jpg\"},{\"@type\":\"BreadcrumbList\",\"@id\":\"https:\\\/\\\/cc-qrga.fr\\\/baignade\\\/#breadcrumb\",\"itemListElement\":[{\"@type\":\"ListItem\",\"position\":1,\"name\":\"Accueil\",\"item\":\"https:\\\/\\\/cc-qrga.fr\\\/\"},{\"@type\":\"ListItem\",\"position\":2,\"name\":\"Baignade\"}]},{\"@type\":\"WebSite\",\"@id\":\"https:\\\/\\\/cc-qrga.fr\\\/#website\",\"url\":\"https:\\\/\\\/cc-qrga.fr\\\/\",\"name\":\"Communaut\u00e9 de communes du Quercy Rouergue et des Gorges de l&#039;Aveyron\",\"description\":\"qrga\",\"potentialAction\":[{\"@type\":\"SearchAction\",\"target\":{\"@type\":\"EntryPoint\",\"urlTemplate\":\"https:\\\/\\\/cc-qrga.fr\\\/?s={search_term_string}\"},\"query-input\":{\"@type\":\"PropertyValueSpecification\",\"valueRequired\":true,\"valueName\":\"search_term_string\"}}],\"inLanguage\":\"nl-BE\"}]}<\/script>\n<!-- \/ Yoast SEO plugin. -->","yoast_head_json":{"title":"Baignade - Communaut\u00e9 de communes du Quercy Rouergue et des Gorges de l&#039;Aveyron","robots":{"index":"index","follow":"follow","max-snippet":"max-snippet:-1","max-image-preview":"max-image-preview:large","max-video-preview":"max-video-preview:-1"},"canonical":"https:\/\/cc-qrga.fr\/nl\/baignade\/","og_locale":"nl_BE","og_type":"article","og_title":"Baignade - Communaut\u00e9 de communes du Quercy Rouergue et des Gorges de l&#039;Aveyron","og_description":"baignade nature et piscine Piscine de Saint-Antonin Piscine avec vue Piscine d\u00e9couverte avec vue sur le rock d&rsquo;Anglar, eau chauff\u00e9e, grand, petit bassin et pataugeoire. Ensoleillement et cadre exceptionnel. Situ\u00e9e au dessus de la salle polyvalence et de l&rsquo;\u00e9cole \u00e9l\u00e9mentaire, le Vallon. Ouverte du mois de juin \u00e0 septembre. Contactez le 05 63 30 67 [&hellip;]","og_url":"https:\/\/cc-qrga.fr\/nl\/baignade\/","og_site_name":"Communaut\u00e9 de communes du Quercy Rouergue et des Gorges de l&#039;Aveyron","article_modified_time":"2024-07-02T09:43:22+00:00","og_image":[{"url":"https:\/\/cc-qrga.fr\/wp-content\/uploads\/2024\/07\/csm_piscine_st_antonin_2013_2__Copier__354319575f2.jpg","type":"","width":"","height":""}],"twitter_card":"summary_large_image","twitter_misc":{"Geschatte leestijd":"2 minuten"},"schema":{"@context":"https:\/\/schema.org","@graph":[{"@type":"WebPage","@id":"https:\/\/cc-qrga.fr\/baignade\/","url":"https:\/\/cc-qrga.fr\/baignade\/","name":"Baignade - Communaut\u00e9 de communes du Quercy Rouergue et des Gorges de l&#039;Aveyron","isPartOf":{"@id":"https:\/\/cc-qrga.fr\/#website"},"primaryImageOfPage":{"@id":"https:\/\/cc-qrga.fr\/baignade\/#primaryimage"},"image":{"@id":"https:\/\/cc-qrga.fr\/baignade\/#primaryimage"},"thumbnailUrl":"https:\/\/cc-qrga.fr\/wp-content\/uploads\/2024\/07\/csm_piscine_st_antonin_2013_2__Copier__354319575f2.jpg","datePublished":"2024-07-01T13:07:13+00:00","dateModified":"2024-07-02T09:43:22+00:00","breadcrumb":{"@id":"https:\/\/cc-qrga.fr\/baignade\/#breadcrumb"},"inLanguage":"nl-BE","potentialAction":[{"@type":"ReadAction","target":["https:\/\/cc-qrga.fr\/baignade\/"]}]},{"@type":"ImageObject","inLanguage":"nl-BE","@id":"https:\/\/cc-qrga.fr\/baignade\/#primaryimage","url":"https:\/\/cc-qrga.fr\/wp-content\/uploads\/2024\/07\/csm_piscine_st_antonin_2013_2__Copier__354319575f2.jpg","contentUrl":"https:\/\/cc-qrga.fr\/wp-content\/uploads\/2024\/07\/csm_piscine_st_antonin_2013_2__Copier__354319575f2.jpg"},{"@type":"BreadcrumbList","@id":"https:\/\/cc-qrga.fr\/baignade\/#breadcrumb","itemListElement":[{"@type":"ListItem","position":1,"name":"Accueil","item":"https:\/\/cc-qrga.fr\/"},{"@type":"ListItem","position":2,"name":"Baignade"}]},{"@type":"WebSite","@id":"https:\/\/cc-qrga.fr\/#website","url":"https:\/\/cc-qrga.fr\/","name":"Gemeenschap van gemeenten van Quercy Rouergue en de Gorges de l'Aveyron","description":"qrga","potentialAction":[{"@type":"SearchAction","target":{"@type":"EntryPoint","urlTemplate":"https:\/\/cc-qrga.fr\/?s={search_term_string}"},"query-input":{"@type":"PropertyValueSpecification","valueRequired":true,"valueName":"search_term_string"}}],"inLanguage":"nl-BE"}]}},"_links":{"self":[{"href":"https:\/\/cc-qrga.fr\/nl\/wp-json\/wp\/v2\/pages\/24101","targetHints":{"allow":["GET"]}}],"collection":[{"href":"https:\/\/cc-qrga.fr\/nl\/wp-json\/wp\/v2\/pages"}],"about":[{"href":"https:\/\/cc-qrga.fr\/nl\/wp-json\/wp\/v2\/types\/page"}],"author":[{"embeddable":true,"href":"https:\/\/cc-qrga.fr\/nl\/wp-json\/wp\/v2\/users\/11"}],"replies":[{"embeddable":true,"href":"https:\/\/cc-qrga.fr\/nl\/wp-json\/wp\/v2\/comments?post=24101"}],"version-history":[{"count":0,"href":"https:\/\/cc-qrga.fr\/nl\/wp-json\/wp\/v2\/pages\/24101\/revisions"}],"wp:attachment":[{"href":"https:\/\/cc-qrga.fr\/nl\/wp-json\/wp\/v2\/media?parent=24101"}],"curies":[{"name":"wp","href":"https:\/\/api.w.org\/{rel}","templated":true}]}}