{"id":25529,"date":"2024-07-11T10:39:29","date_gmt":"2024-07-11T08:39:29","guid":{"rendered":"https:\/\/cc-qrga.fr\/?page_id=25529"},"modified":"2024-07-11T14:23:51","modified_gmt":"2024-07-11T12:23:51","slug":"assainissement-collectif","status":"publish","type":"page","link":"https:\/\/cc-qrga.fr\/nl\/assainissement-collectif\/","title":{"rendered":"Collectieve sanitaire voorzieningen"},"content":{"rendered":"<div data-elementor-type=\"wp-page\" data-elementor-id=\"25529\" class=\"elementor elementor-25529\" data-elementor-post-type=\"page\">\n\t\t\t\t<div class=\"has_eae_slider elementor-element elementor-element-32cb7a0 e-flex e-con-boxed e-con e-parent\" data-eae-slider=\"2623\" data-id=\"32cb7a0\" data-element_type=\"container\" data-e-type=\"container\">\n\t\t\t\t\t<div class=\"e-con-inner\">\n\t\t\t\t<div class=\"elementor-element elementor-element-909aead elementor-widget elementor-widget-heading\" data-id=\"909aead\" data-element_type=\"widget\" data-e-type=\"widget\" data-widget_type=\"heading.default\">\n\t\t\t\t<div class=\"elementor-widget-container\">\n\t\t\t\t\t<h1 class=\"elementor-heading-title elementor-size-default\">SANITATIE<a style=\"color:#5EB8CE\">  COLLECTIEF<\/h1>\t\t\t\t<\/div>\n\t\t\t\t<\/div>\n\t\t\t\t<div class=\"elementor-element elementor-element-e4eac48 elementor-widget-divider--view-line elementor-widget elementor-widget-divider\" data-id=\"e4eac48\" data-element_type=\"widget\" data-e-type=\"widget\" data-widget_type=\"divider.default\">\n\t\t\t\t<div class=\"elementor-widget-container\">\n\t\t\t\t\t\t\t<div class=\"elementor-divider\">\n\t\t\t<span class=\"elementor-divider-separator\">\n\t\t\t\t\t\t<\/span>\n\t\t<\/div>\n\t\t\t\t\t\t<\/div>\n\t\t\t\t<\/div>\n\t\t\t\t<div class=\"elementor-element elementor-element-7b49981 elementor-widget elementor-widget-text-editor\" data-id=\"7b49981\" data-element_type=\"widget\" data-e-type=\"widget\" data-widget_type=\"text-editor.default\">\n\t\t\t\t<div class=\"elementor-widget-container\">\n\t\t\t\t\t\t\t\t\t<p>Sinds 1 januari 2018 is de gemeente verantwoordelijk voor de afvalwaterzuivering in eigen beheer.<\/p><p>Het doel van deze afdeling is ervoor te zorgen dat de opvang en behandeling van afvalwater soepel verloopt. De belangrijkste taken zijn het controleren en onderhouden van de afvalwaterzuiveringsinstallaties, met het oog op het behoud van de waterkwaliteit.<\/p><p>De lokale overheid heeft 14 afvalwaterzuiveringsinstallaties verspreid over 13 gemeenten<\/p>\t\t\t\t\t\t\t\t<\/div>\n\t\t\t\t<\/div>\n\t\t\t\t<div class=\"elementor-element elementor-element-42361b0 elementor-widget elementor-widget-heading\" data-id=\"42361b0\" data-element_type=\"widget\" data-e-type=\"widget\" data-widget_type=\"heading.default\">\n\t\t\t\t<div class=\"elementor-widget-container\">\n\t\t\t\t\t<h2 class=\"elementor-heading-title elementor-size-default\">Hoe werkt collectieve sanitaire voorzieningen?<\/h2>\t\t\t\t<\/div>\n\t\t\t\t<\/div>\n\t\t\t\t\t<\/div>\n\t\t\t\t<\/div>\n\t\t<div class=\"has_eae_slider elementor-element elementor-element-8f78b05 e-flex e-con-boxed e-con e-parent\" data-eae-slider=\"29643\" data-id=\"8f78b05\" data-element_type=\"container\" data-e-type=\"container\">\n\t\t\t\t\t<div class=\"e-con-inner\">\n\t\t<div class=\"has_eae_slider elementor-element elementor-element-2ce44fb e-con-full e-flex e-con e-child\" data-eae-slider=\"56435\" data-id=\"2ce44fb\" data-element_type=\"container\" data-e-type=\"container\">\n\t\t\t\t<div class=\"elementor-element elementor-element-866ded5 elementor-widget elementor-widget-heading\" data-id=\"866ded5\" data-element_type=\"widget\" data-e-type=\"widget\" data-widget_type=\"heading.default\">\n\t\t\t\t<div class=\"elementor-widget-container\">\n\t\t\t\t\t<h2 class=\"elementor-heading-title elementor-size-default\">Aansluitingen op afvalwater<\/h2>\t\t\t\t<\/div>\n\t\t\t\t<\/div>\n\t\t\t\t<div class=\"elementor-element elementor-element-d370a34 elementor-widget elementor-widget-text-editor\" data-id=\"d370a34\" data-element_type=\"widget\" data-e-type=\"widget\" data-widget_type=\"text-editor.default\">\n\t\t\t\t<div class=\"elementor-widget-container\">\n\t\t\t\t\t\t\t\t\t<p>De verbinding bestaat uit een <strong>publiek deel<\/strong> die zich uitstrekt van het rioleringsnetwerk tot aan de aansluitdoos of kruk (meestal op het trottoir of de weg) en een <strong>priv\u00e9ruimte<\/strong> die zich uitstrekt van de aansluitkast tot het priv\u00e9gedeelte van het gebouw (WC, keuken, enz.).<\/p>\t\t\t\t\t\t\t\t<\/div>\n\t\t\t\t<\/div>\n\t\t\t\t<\/div>\n\t\t<div class=\"has_eae_slider elementor-element elementor-element-e483988 e-con-full e-flex e-con e-child\" data-eae-slider=\"72380\" data-id=\"e483988\" data-element_type=\"container\" data-e-type=\"container\">\n\t\t\t\t<div class=\"elementor-element elementor-element-9ee07a3 elementor-widget elementor-widget-heading\" data-id=\"9ee07a3\" data-element_type=\"widget\" data-e-type=\"widget\" data-widget_type=\"heading.default\">\n\t\t\t\t<div class=\"elementor-widget-container\">\n\t\t\t\t\t<h2 class=\"elementor-heading-title elementor-size-default\">Inzameling afvalwater<\/h2>\t\t\t\t<\/div>\n\t\t\t\t<\/div>\n\t\t\t\t<div class=\"elementor-element elementor-element-4a46b0e elementor-widget elementor-widget-text-editor\" data-id=\"4a46b0e\" data-element_type=\"widget\" data-e-type=\"widget\" data-widget_type=\"text-editor.default\">\n\t\t\t\t<div class=\"elementor-widget-container\">\n\t\t\t\t\t\t\t\t\t<p>Collectieve riolering is een geheel van buizen die worden gebruikt om water te transporteren, door zwaartekracht (helling) of pompen (pompstations), naar een zuiveringsinstallatie, die verantwoordelijk is voor het terugvoeren van het gezuiverde water naar de natuurlijke omgeving.<\/p>\t\t\t\t\t\t\t\t<\/div>\n\t\t\t\t<\/div>\n\t\t\t\t<\/div>\n\t\t<div class=\"has_eae_slider elementor-element elementor-element-543dd13 e-con-full e-flex e-con e-child\" data-eae-slider=\"92633\" data-id=\"543dd13\" data-element_type=\"container\" data-e-type=\"container\">\n\t\t\t\t<div class=\"elementor-element elementor-element-a1b0d92 elementor-widget elementor-widget-heading\" data-id=\"a1b0d92\" data-element_type=\"widget\" data-e-type=\"widget\" data-widget_type=\"heading.default\">\n\t\t\t\t<div class=\"elementor-widget-container\">\n\t\t\t\t\t<h2 class=\"elementor-heading-title elementor-size-default\">Behandeling van afvalwater<\/h2>\t\t\t\t<\/div>\n\t\t\t\t<\/div>\n\t\t\t\t<div class=\"elementor-element elementor-element-d0f26a1 elementor-widget elementor-widget-text-editor\" data-id=\"d0f26a1\" data-element_type=\"widget\" data-e-type=\"widget\" data-widget_type=\"text-editor.default\">\n\t\t\t\t<div class=\"elementor-widget-container\">\n\t\t\t\t\t\t\t\t\t<p>Er zijn 14 afvalwaterzuiveringsinstallaties in het CCQRGA-gebied, die afvalwater behandelen met behulp van verschillende processen: actiefslibinstallaties, rietfilters, zandfilters, enz.<\/p>\t\t\t\t\t\t\t\t<\/div>\n\t\t\t\t<\/div>\n\t\t\t\t<\/div>\n\t\t\t\t\t<\/div>\n\t\t\t\t<\/div>\n\t\t<div class=\"has_eae_slider elementor-element elementor-element-3ba9292 e-flex e-con-boxed e-con e-parent\" data-eae-slider=\"74499\" data-id=\"3ba9292\" data-element_type=\"container\" data-e-type=\"container\" data-settings=\"{&quot;background_background&quot;:&quot;classic&quot;}\">\n\t\t\t\t\t<div class=\"e-con-inner\">\n\t\t<div class=\"has_eae_slider elementor-element elementor-element-b3b4abb e-con-full e-flex e-con e-child\" data-eae-slider=\"6202\" data-id=\"b3b4abb\" data-element_type=\"container\" data-e-type=\"container\">\n\t\t\t\t<div class=\"elementor-element elementor-element-dae2dac elementor-widget elementor-widget-image\" data-id=\"dae2dac\" data-element_type=\"widget\" data-e-type=\"widget\" data-widget_type=\"image.default\">\n\t\t\t\t<div class=\"elementor-widget-container\">\n\t\t\t\t\t\t\t\t\t\t\t\t\t\t\t<img fetchpriority=\"high\" decoding=\"async\" width=\"768\" height=\"657\" src=\"https:\/\/cc-qrga.fr\/wp-content\/uploads\/2024\/07\/IMG_20210407_081338-768x1024-1-e1720690849906.jpg\" class=\"attachment-large size-large wp-image-25583\" alt=\"\" srcset=\"https:\/\/cc-qrga.fr\/wp-content\/uploads\/2024\/07\/IMG_20210407_081338-768x1024-1-e1720690849906.jpg 768w, https:\/\/cc-qrga.fr\/wp-content\/uploads\/2024\/07\/IMG_20210407_081338-768x1024-1-e1720690849906-300x257.jpg 300w\" sizes=\"(max-width: 768px) 100vw, 768px\" \/>\t\t\t\t\t\t\t\t\t\t\t\t\t\t\t<\/div>\n\t\t\t\t<\/div>\n\t\t\t\t<\/div>\n\t\t<div class=\"has_eae_slider elementor-element elementor-element-02b0b51 e-con-full e-flex e-con e-child\" data-eae-slider=\"49562\" data-id=\"02b0b51\" data-element_type=\"container\" data-e-type=\"container\">\n\t\t\t\t<div class=\"elementor-element elementor-element-049a8f5 elementor-widget elementor-widget-heading\" data-id=\"049a8f5\" data-element_type=\"widget\" data-e-type=\"widget\" data-widget_type=\"heading.default\">\n\t\t\t\t<div class=\"elementor-widget-container\">\n\t\t\t\t\t<h1 class=\"elementor-heading-title elementor-size-default\">Controle van de conformiteit van de rioolaansluiting bij verkoop<\/h1>\t\t\t\t<\/div>\n\t\t\t\t<\/div>\n\t\t\t\t<div class=\"elementor-element elementor-element-a78495a elementor-widget elementor-widget-text-editor\" data-id=\"a78495a\" data-element_type=\"widget\" data-e-type=\"widget\" data-widget_type=\"text-editor.default\">\n\t\t\t\t<div class=\"elementor-widget-container\">\n\t\t\t\t\t\t\t\t\t<p>Het is verplicht om te controleren of water goed is aangesloten op de openbare riolering wanneer een woning wordt verkocht (besluit van 9 juli 2024: van toepassing vanaf 1 augustus 2024). <strong>De kosten van een sanitaire inspectie als onderdeel van een verkoop zijn<\/strong> <strong>400\u20ac<\/strong>.<\/p>\t\t\t\t\t\t\t\t<\/div>\n\t\t\t\t<\/div>\n\t\t\t\t<\/div>\n\t\t\t\t\t<\/div>\n\t\t\t\t<\/div>\n\t\t<div class=\"has_eae_slider elementor-element elementor-element-5afbecd e-flex e-con-boxed e-con e-parent\" data-eae-slider=\"76079\" data-id=\"5afbecd\" data-element_type=\"container\" data-e-type=\"container\">\n\t\t\t\t\t<div class=\"e-con-inner\">\n\t\t\t\t<div class=\"elementor-element elementor-element-47089db elementor-widget elementor-widget-heading\" data-id=\"47089db\" data-element_type=\"widget\" data-e-type=\"widget\" data-widget_type=\"heading.default\">\n\t\t\t\t<div class=\"elementor-widget-container\">\n\t\t\t\t\t<h2 class=\"elementor-heading-title elementor-size-default\">Aanvraag sanitaire aansluiting<\/h2>\t\t\t\t<\/div>\n\t\t\t\t<\/div>\n\t\t\t\t<div class=\"elementor-element elementor-element-4321a4b elementor-widget elementor-widget-text-editor\" data-id=\"4321a4b\" data-element_type=\"widget\" data-e-type=\"widget\" data-widget_type=\"text-editor.default\">\n\t\t\t\t<div class=\"elementor-widget-container\">\n\t\t\t\t\t\t\t\t\t<p>Voor elke nieuwe aansluiting op het openbare rioleringsnet (nieuw of bestaand huis) moet een aanvraag gestuurd worden naar de rioleringsdienst van de Communaut\u00e9 de Communes. Deze aanvraag kan per e-mail naar assainissement@cc-qrga.fr of per post naar :<\/p><p>CCQRGA - Technische diensten <br \/>Afdeling Sanitatie <br \/>Plaats genaamd P\u00e9tampes <br \/>82160 Caylus<\/p><p>Nieuwe aansluitingen zijn onderworpen aan een belasting, de PFAC (Participation Financi\u00e8re \u00e0 l'Assainissement Collectif). De tarieven voor deze belasting werden vastgelegd in het besluit van 22 november 2017.<\/p>\t\t\t\t\t\t\t\t<\/div>\n\t\t\t\t<\/div>\n\t\t\t\t<div class=\"elementor-element elementor-element-65cbd0b elementor-align-left elementor-widget elementor-widget-button\" data-id=\"65cbd0b\" data-element_type=\"widget\" data-e-type=\"widget\" data-widget_type=\"button.default\">\n\t\t\t\t<div class=\"elementor-widget-container\">\n\t\t\t\t\t\t\t\t\t<div class=\"elementor-button-wrapper\">\n\t\t\t\t\t<a class=\"elementor-button elementor-button-link elementor-size-sm elementor-animation-shrink\" href=\"https:\/\/cc-qrga.fr\/wp-content\/uploads\/2024\/07\/Deliberation-PFAC-Assainissement-CCQRGA.pdf\" target=\"_blank\">\n\t\t\t\t\t\t<span class=\"elementor-button-content-wrapper\">\n\t\t\t\t\t\t\t\t\t<span class=\"elementor-button-text\">Download de pfac prijslijst<\/span>\n\t\t\t\t\t<\/span>\n\t\t\t\t\t<\/a>\n\t\t\t\t<\/div>\n\t\t\t\t\t\t\t\t<\/div>\n\t\t\t\t<\/div>\n\t\t\t\t\t<\/div>\n\t\t\t\t<\/div>\n\t\t<div class=\"has_eae_slider elementor-element elementor-element-e17e152 e-flex e-con-boxed e-con e-parent\" data-eae-slider=\"6956\" data-id=\"e17e152\" data-element_type=\"container\" data-e-type=\"container\">\n\t\t\t\t\t<div class=\"e-con-inner\">\n\t\t<div class=\"has_eae_slider elementor-element elementor-element-9c77e00 e-con-full e-flex e-con e-child\" data-eae-slider=\"71482\" data-id=\"9c77e00\" data-element_type=\"container\" data-e-type=\"container\" data-settings=\"{&quot;background_background&quot;:&quot;classic&quot;}\">\n\t\t\t\t<div class=\"elementor-element elementor-element-6b86e95 elementor-widget elementor-widget-text-editor\" data-id=\"6b86e95\" data-element_type=\"widget\" data-e-type=\"widget\" data-widget_type=\"text-editor.default\">\n\t\t\t\t<div class=\"elementor-widget-container\">\n\t\t\t\t\t\t\t\t\t<p>Uw referentiecontact<\/p><p><strong>Lucas TRENTJE<\/strong><br \/>Hoofd van de afdeling sanitaire voorzieningen<br \/>QRGA Gemeenschap van gemeenten<br \/>Tel.: 06 24 20 37 58<br \/>Mail: assainissement@cc-qrga.fr<\/p>\t\t\t\t\t\t\t\t<\/div>\n\t\t\t\t<\/div>\n\t\t\t\t<\/div>\n\t\t<div class=\"has_eae_slider elementor-element elementor-element-79e4d40 e-con-full e-flex e-con e-child\" data-eae-slider=\"75381\" data-id=\"79e4d40\" data-element_type=\"container\" data-e-type=\"container\" data-settings=\"{&quot;background_background&quot;:&quot;classic&quot;}\">\n\t\t\t\t<div class=\"elementor-element elementor-element-508ef24 elementor-widget elementor-widget-text-editor\" data-id=\"508ef24\" data-element_type=\"widget\" data-e-type=\"widget\" data-widget_type=\"text-editor.default\">\n\t\t\t\t<div class=\"elementor-widget-container\">\n\t\t\t\t\t\t\t\t\t<p>Uw referentiecontact <strong>administratief<\/strong><\/p><p><strong>Isabelle DALAT-JAMMES<\/strong><br \/>Administratief manager, afdeling Water &amp; Sanitatie<br \/>QRGA Gemeenschap van gemeenten<br \/>Tel.: 05 63 65 75 42<br \/>Mail: eaux.caylus@cc-qrga.fr<\/p>\t\t\t\t\t\t\t\t<\/div>\n\t\t\t\t<\/div>\n\t\t\t\t<\/div>\n\t\t<div class=\"has_eae_slider elementor-element elementor-element-644a3e3 e-con-full e-flex e-con e-child\" data-eae-slider=\"8343\" data-id=\"644a3e3\" data-element_type=\"container\" data-e-type=\"container\" data-settings=\"{&quot;background_background&quot;:&quot;classic&quot;}\">\n\t\t\t\t<div class=\"elementor-element elementor-element-cb3f314 elementor-widget elementor-widget-text-editor\" data-id=\"cb3f314\" data-element_type=\"widget\" data-e-type=\"widget\" data-widget_type=\"text-editor.default\">\n\t\t\t\t<div class=\"elementor-widget-container\">\n\t\t\t\t\t\t\t\t\t<p>Aanwezigheidsdienst in het weekend en op feestdagen<\/p><p>Neem contact met ons op via 06 24 20 37 58<\/p>\t\t\t\t\t\t\t\t<\/div>\n\t\t\t\t<\/div>\n\t\t\t\t<\/div>\n\t\t\t\t\t<\/div>\n\t\t\t\t<\/div>\n\t\t\t\t<\/div>","protected":false},"excerpt":{"rendered":"<p>ASSAINISSEMENT COLLECTIF La communaut\u00e9 de communes assure la comp\u00e9tence assainissement, en r\u00e9gie, depuis le 1er janvier 2018. Ce service a pour objectif d\u2019assurer le bon fonctionnement de la collecte et du traitement des eaux us\u00e9es. Il a pour principales missions de surveiller et d\u2019entretenir les stations d\u2019\u00e9puration qui assurent le traitement des eaux us\u00e9es dans [&hellip;]<\/p>","protected":false},"author":22,"featured_media":0,"parent":0,"menu_order":0,"comment_status":"closed","ping_status":"closed","template":"","meta":{"footnotes":""},"class_list":["post-25529","page","type-page","status-publish","hentry"],"yoast_head":"<!-- This site is optimized with the Yoast SEO plugin v27.4 - https:\/\/yoast.com\/product\/yoast-seo-wordpress\/ -->\n<title>Assainissement collectif - Communaut\u00e9 de communes du Quercy Rouergue et des Gorges de l&#039;Aveyron<\/title>\n<meta name=\"robots\" content=\"index, follow, max-snippet:-1, max-image-preview:large, max-video-preview:-1\" \/>\n<link rel=\"canonical\" href=\"https:\/\/cc-qrga.fr\/nl\/assainissement-collectif\/\" \/>\n<meta property=\"og:locale\" content=\"nl_BE\" \/>\n<meta property=\"og:type\" content=\"article\" \/>\n<meta property=\"og:title\" content=\"Assainissement collectif - Communaut\u00e9 de communes du Quercy Rouergue et des Gorges de l&#039;Aveyron\" \/>\n<meta property=\"og:description\" content=\"ASSAINISSEMENT COLLECTIF La communaut\u00e9 de communes assure la comp\u00e9tence assainissement, en r\u00e9gie, depuis le 1er janvier 2018. Ce service a pour objectif d\u2019assurer le bon fonctionnement de la collecte et du traitement des eaux us\u00e9es. Il a pour principales missions de surveiller et d\u2019entretenir les stations d\u2019\u00e9puration qui assurent le traitement des eaux us\u00e9es dans [&hellip;]\" \/>\n<meta property=\"og:url\" content=\"https:\/\/cc-qrga.fr\/nl\/assainissement-collectif\/\" \/>\n<meta property=\"og:site_name\" content=\"Communaut\u00e9 de communes du Quercy Rouergue et des Gorges de l&#039;Aveyron\" \/>\n<meta property=\"article:modified_time\" content=\"2024-07-11T12:23:51+00:00\" \/>\n<meta property=\"og:image\" content=\"https:\/\/cc-qrga.fr\/wp-content\/uploads\/2024\/07\/IMG_20210407_081338-768x1024-1-e1720690849906.jpg\" \/>\n<meta name=\"twitter:card\" content=\"summary_large_image\" \/>\n<meta name=\"twitter:label1\" content=\"Geschatte leestijd\" \/>\n\t<meta name=\"twitter:data1\" content=\"3 minuten\" \/>\n<script type=\"application\/ld+json\" class=\"yoast-schema-graph\">{\"@context\":\"https:\\\/\\\/schema.org\",\"@graph\":[{\"@type\":\"WebPage\",\"@id\":\"https:\\\/\\\/cc-qrga.fr\\\/assainissement-collectif\\\/\",\"url\":\"https:\\\/\\\/cc-qrga.fr\\\/assainissement-collectif\\\/\",\"name\":\"Assainissement collectif - Communaut\u00e9 de communes du Quercy Rouergue et des Gorges de l&#039;Aveyron\",\"isPartOf\":{\"@id\":\"https:\\\/\\\/cc-qrga.fr\\\/#website\"},\"primaryImageOfPage\":{\"@id\":\"https:\\\/\\\/cc-qrga.fr\\\/assainissement-collectif\\\/#primaryimage\"},\"image\":{\"@id\":\"https:\\\/\\\/cc-qrga.fr\\\/assainissement-collectif\\\/#primaryimage\"},\"thumbnailUrl\":\"https:\\\/\\\/cc-qrga.fr\\\/wp-content\\\/uploads\\\/2024\\\/07\\\/IMG_20210407_081338-768x1024-1-e1720690849906.jpg\",\"datePublished\":\"2024-07-11T08:39:29+00:00\",\"dateModified\":\"2024-07-11T12:23:51+00:00\",\"breadcrumb\":{\"@id\":\"https:\\\/\\\/cc-qrga.fr\\\/assainissement-collectif\\\/#breadcrumb\"},\"inLanguage\":\"nl-BE\",\"potentialAction\":[{\"@type\":\"ReadAction\",\"target\":[\"https:\\\/\\\/cc-qrga.fr\\\/assainissement-collectif\\\/\"]}]},{\"@type\":\"ImageObject\",\"inLanguage\":\"nl-BE\",\"@id\":\"https:\\\/\\\/cc-qrga.fr\\\/assainissement-collectif\\\/#primaryimage\",\"url\":\"https:\\\/\\\/cc-qrga.fr\\\/wp-content\\\/uploads\\\/2024\\\/07\\\/IMG_20210407_081338-768x1024-1-e1720690849906.jpg\",\"contentUrl\":\"https:\\\/\\\/cc-qrga.fr\\\/wp-content\\\/uploads\\\/2024\\\/07\\\/IMG_20210407_081338-768x1024-1-e1720690849906.jpg\"},{\"@type\":\"BreadcrumbList\",\"@id\":\"https:\\\/\\\/cc-qrga.fr\\\/assainissement-collectif\\\/#breadcrumb\",\"itemListElement\":[{\"@type\":\"ListItem\",\"position\":1,\"name\":\"Accueil\",\"item\":\"https:\\\/\\\/cc-qrga.fr\\\/\"},{\"@type\":\"ListItem\",\"position\":2,\"name\":\"Assainissement collectif\"}]},{\"@type\":\"WebSite\",\"@id\":\"https:\\\/\\\/cc-qrga.fr\\\/#website\",\"url\":\"https:\\\/\\\/cc-qrga.fr\\\/\",\"name\":\"Communaut\u00e9 de communes du Quercy Rouergue et des Gorges de l&#039;Aveyron\",\"description\":\"qrga\",\"potentialAction\":[{\"@type\":\"SearchAction\",\"target\":{\"@type\":\"EntryPoint\",\"urlTemplate\":\"https:\\\/\\\/cc-qrga.fr\\\/?s={search_term_string}\"},\"query-input\":{\"@type\":\"PropertyValueSpecification\",\"valueRequired\":true,\"valueName\":\"search_term_string\"}}],\"inLanguage\":\"nl-BE\"}]}<\/script>\n<!-- \/ Yoast SEO plugin. -->","yoast_head_json":{"title":"Assainissement collectif - Communaut\u00e9 de communes du Quercy Rouergue et des Gorges de l&#039;Aveyron","robots":{"index":"index","follow":"follow","max-snippet":"max-snippet:-1","max-image-preview":"max-image-preview:large","max-video-preview":"max-video-preview:-1"},"canonical":"https:\/\/cc-qrga.fr\/nl\/assainissement-collectif\/","og_locale":"nl_BE","og_type":"article","og_title":"Assainissement collectif - Communaut\u00e9 de communes du Quercy Rouergue et des Gorges de l&#039;Aveyron","og_description":"ASSAINISSEMENT COLLECTIF La communaut\u00e9 de communes assure la comp\u00e9tence assainissement, en r\u00e9gie, depuis le 1er janvier 2018. Ce service a pour objectif d\u2019assurer le bon fonctionnement de la collecte et du traitement des eaux us\u00e9es. Il a pour principales missions de surveiller et d\u2019entretenir les stations d\u2019\u00e9puration qui assurent le traitement des eaux us\u00e9es dans [&hellip;]","og_url":"https:\/\/cc-qrga.fr\/nl\/assainissement-collectif\/","og_site_name":"Communaut\u00e9 de communes du Quercy Rouergue et des Gorges de l&#039;Aveyron","article_modified_time":"2024-07-11T12:23:51+00:00","og_image":[{"url":"https:\/\/cc-qrga.fr\/wp-content\/uploads\/2024\/07\/IMG_20210407_081338-768x1024-1-e1720690849906.jpg","type":"","width":"","height":""}],"twitter_card":"summary_large_image","twitter_misc":{"Geschatte leestijd":"3 minuten"},"schema":{"@context":"https:\/\/schema.org","@graph":[{"@type":"WebPage","@id":"https:\/\/cc-qrga.fr\/assainissement-collectif\/","url":"https:\/\/cc-qrga.fr\/assainissement-collectif\/","name":"Assainissement collectif - Communaut\u00e9 de communes du Quercy Rouergue et des Gorges de l&#039;Aveyron","isPartOf":{"@id":"https:\/\/cc-qrga.fr\/#website"},"primaryImageOfPage":{"@id":"https:\/\/cc-qrga.fr\/assainissement-collectif\/#primaryimage"},"image":{"@id":"https:\/\/cc-qrga.fr\/assainissement-collectif\/#primaryimage"},"thumbnailUrl":"https:\/\/cc-qrga.fr\/wp-content\/uploads\/2024\/07\/IMG_20210407_081338-768x1024-1-e1720690849906.jpg","datePublished":"2024-07-11T08:39:29+00:00","dateModified":"2024-07-11T12:23:51+00:00","breadcrumb":{"@id":"https:\/\/cc-qrga.fr\/assainissement-collectif\/#breadcrumb"},"inLanguage":"nl-BE","potentialAction":[{"@type":"ReadAction","target":["https:\/\/cc-qrga.fr\/assainissement-collectif\/"]}]},{"@type":"ImageObject","inLanguage":"nl-BE","@id":"https:\/\/cc-qrga.fr\/assainissement-collectif\/#primaryimage","url":"https:\/\/cc-qrga.fr\/wp-content\/uploads\/2024\/07\/IMG_20210407_081338-768x1024-1-e1720690849906.jpg","contentUrl":"https:\/\/cc-qrga.fr\/wp-content\/uploads\/2024\/07\/IMG_20210407_081338-768x1024-1-e1720690849906.jpg"},{"@type":"BreadcrumbList","@id":"https:\/\/cc-qrga.fr\/assainissement-collectif\/#breadcrumb","itemListElement":[{"@type":"ListItem","position":1,"name":"Accueil","item":"https:\/\/cc-qrga.fr\/"},{"@type":"ListItem","position":2,"name":"Assainissement collectif"}]},{"@type":"WebSite","@id":"https:\/\/cc-qrga.fr\/#website","url":"https:\/\/cc-qrga.fr\/","name":"Gemeenschap van gemeenten van Quercy Rouergue en de Gorges de l'Aveyron","description":"qrga","potentialAction":[{"@type":"SearchAction","target":{"@type":"EntryPoint","urlTemplate":"https:\/\/cc-qrga.fr\/?s={search_term_string}"},"query-input":{"@type":"PropertyValueSpecification","valueRequired":true,"valueName":"search_term_string"}}],"inLanguage":"nl-BE"}]}},"_links":{"self":[{"href":"https:\/\/cc-qrga.fr\/nl\/wp-json\/wp\/v2\/pages\/25529","targetHints":{"allow":["GET"]}}],"collection":[{"href":"https:\/\/cc-qrga.fr\/nl\/wp-json\/wp\/v2\/pages"}],"about":[{"href":"https:\/\/cc-qrga.fr\/nl\/wp-json\/wp\/v2\/types\/page"}],"author":[{"embeddable":true,"href":"https:\/\/cc-qrga.fr\/nl\/wp-json\/wp\/v2\/users\/22"}],"replies":[{"embeddable":true,"href":"https:\/\/cc-qrga.fr\/nl\/wp-json\/wp\/v2\/comments?post=25529"}],"version-history":[{"count":0,"href":"https:\/\/cc-qrga.fr\/nl\/wp-json\/wp\/v2\/pages\/25529\/revisions"}],"wp:attachment":[{"href":"https:\/\/cc-qrga.fr\/nl\/wp-json\/wp\/v2\/media?parent=25529"}],"curies":[{"name":"wp","href":"https:\/\/api.w.org\/{rel}","templated":true}]}}