{"id":30370,"date":"2025-11-27T10:42:24","date_gmt":"2025-11-27T09:42:24","guid":{"rendered":"https:\/\/cc-qrga.fr\/?page_id=30370"},"modified":"2025-12-05T14:18:38","modified_gmt":"2025-12-05T13:18:38","slug":"mise-en-compatibilite-n2","status":"publish","type":"page","link":"https:\/\/cc-qrga.fr\/nl\/plui\/mise-en-compatibilite-n2\/","title":{"rendered":"Mise en compatibilit\u00e9 n\u00b02"},"content":{"rendered":"<div data-elementor-type=\"wp-page\" data-elementor-id=\"30370\" class=\"elementor elementor-30370\" data-elementor-post-type=\"page\">\n\t\t\t\t<div class=\"has_eae_slider elementor-element elementor-element-f4ae0a1 e-flex e-con-boxed e-con e-parent\" data-eae-slider=\"98996\" data-id=\"f4ae0a1\" data-element_type=\"container\" data-e-type=\"container\">\n\t\t\t\t\t<div class=\"e-con-inner\">\n\t\t\t\t<div class=\"elementor-element elementor-element-987f479 elementor-widget elementor-widget-image\" data-id=\"987f479\" data-element_type=\"widget\" data-e-type=\"widget\" data-widget_type=\"image.default\">\n\t\t\t\t<div class=\"elementor-widget-container\">\n\t\t\t\t\t\t\t\t\t\t\t\t\t\t\t<img decoding=\"async\" width=\"150\" height=\"150\" src=\"https:\/\/cc-qrga.fr\/wp-content\/uploads\/2025\/12\/Logo-PLUi-150x150.png\" class=\"attachment-thumbnail size-thumbnail wp-image-30468\" alt=\"\" srcset=\"https:\/\/cc-qrga.fr\/wp-content\/uploads\/2025\/12\/Logo-PLUi-150x150.png 150w, https:\/\/cc-qrga.fr\/wp-content\/uploads\/2025\/12\/Logo-PLUi-500x500.png 500w\" sizes=\"(max-width: 150px) 100vw, 150px\" \/>\t\t\t\t\t\t\t\t\t\t\t\t\t\t\t<\/div>\n\t\t\t\t<\/div>\n\t\t\t\t<div class=\"elementor-element elementor-element-c0ddb30 elementor-widget elementor-widget-heading\" data-id=\"c0ddb30\" data-element_type=\"widget\" data-e-type=\"widget\" data-widget_type=\"heading.default\">\n\t\t\t\t<div class=\"elementor-widget-container\">\n\t\t\t\t\t<h2 class=\"elementor-heading-title elementor-size-default\">Mise en compatibilit\u00e9 n\u00b02 du Plan Local d'Urbanisme Intercommunal<\/h2>\t\t\t\t<\/div>\n\t\t\t\t<\/div>\n\t\t\t\t\t<\/div>\n\t\t\t\t<\/div>\n\t\t<div class=\"has_eae_slider elementor-element elementor-element-36a3bfc e-flex e-con-boxed e-con e-parent\" data-eae-slider=\"93804\" data-id=\"36a3bfc\" data-element_type=\"container\" data-e-type=\"container\">\n\t\t\t\t\t<div class=\"e-con-inner\">\n\t\t\t\t<div class=\"elementor-element elementor-element-51dee99 elementor-widget elementor-widget-text-editor\" data-id=\"51dee99\" data-element_type=\"widget\" data-e-type=\"widget\" data-widget_type=\"text-editor.default\">\n\t\t\t\t<div class=\"elementor-widget-container\">\n\t\t\t\t\t\t\t\t\t<h4><strong>Pr\u00e9sentation du projet<\/strong><\/h4>\n<p>La mise en compatibilit\u00e9 n\u00b02 du PLUi pour d\u00e9claration de projet est engag\u00e9e afin d&rsquo;autoriser l&rsquo;ouverture d\u2019une nouvelle carri\u00e8re de pierres de taille par la SARL l&rsquo;\u00c2ge de pierre sur la parcelle D0175 (6265 m\u00b2) au lieu-dit LASPEYRIERES \u00e0 Puylagarde.<br \/><br \/>Cette entreprise artisanale exploite d\u00e9j\u00e0 une autre carri\u00e8re \u00e0 proximit\u00e9 pour fournir localement du calcaire marbrier taill\u00e9 n\u00e9cessaire \u00e0 la restauration du b\u00e2ti ancien, mais la ressource g\u00e9ologique sur ce premier site est aujourd\u2019hui en voie d\u2019\u00e9puisement. Il est donc n\u00e9cessaire d\u2019ouvrir une nouvelle carri\u00e8re afin d\u2019\u00e9viter l\u2019importation de mat\u00e9riaux similaires depuis des sites tr\u00e8s lointains (Bourgogne).<br \/><br \/>Cette \u00e9volution du PLUi est motiv\u00e9e par l\u2019int\u00e9r\u00eat g\u00e9n\u00e9ral de la fourniture locale en pierre de taille destin\u00e9e \u00e0 la restauration du b\u00e2ti ancien, pour le maintien du patrimoine historique et des paysages b\u00e2tis embl\u00e9matiques de la CCQRGA.<\/p>\t\t\t\t\t\t\t\t<\/div>\n\t\t\t\t<\/div>\n\t\t<div class=\"has_eae_slider elementor-element elementor-element-847f29f e-con-full e-flex e-con e-child\" data-eae-slider=\"22224\" data-id=\"847f29f\" data-element_type=\"container\" data-e-type=\"container\">\n\t\t\t\t<div class=\"elementor-element elementor-element-c4a9811 elementor-widget elementor-widget-html\" data-id=\"c4a9811\" data-element_type=\"widget\" data-e-type=\"widget\" data-widget_type=\"html.default\">\n\t\t\t\t<div class=\"elementor-widget-container\">\n\t\t\t\t\t<iframe width=\"425\" height=\"250\" src=\"https:\/\/www.openstreetmap.org\/export\/embed.html?bbox=1.8593287467956543%2C44.28996660365616%2C1.8710660934448244%2C44.29444379258253&amp;layer=mapnik&amp;marker=44.29220524078388%2C1.8651974201202393\" style=\"border: 1px solid black\"><\/iframe><br\/><small><a href=\"https:\/\/www.openstreetmap.org\/?mlat=44.292205&amp;mlon=1.865197#map=17\/44.292205\/1.865197\">Afficher une carte plus grande<\/a><\/small>\t\t\t\t<\/div>\n\t\t\t\t<\/div>\n\t\t\t\t<\/div>\n\t\t\t\t\t<\/div>\n\t\t\t\t<\/div>\n\t\t<div class=\"has_eae_slider elementor-element elementor-element-cbe7659 e-flex e-con-boxed e-con e-parent\" data-eae-slider=\"710\" data-id=\"cbe7659\" data-element_type=\"container\" data-e-type=\"container\">\n\t\t\t\t\t<div class=\"e-con-inner\">\n\t\t\t\t<div class=\"elementor-element elementor-element-189d831 elementor-widget elementor-widget-text-editor\" data-id=\"189d831\" data-element_type=\"widget\" data-e-type=\"widget\" data-widget_type=\"text-editor.default\">\n\t\t\t\t<div class=\"elementor-widget-container\">\n\t\t\t\t\t\t\t\t\t<h4><strong>Documents mis \u00e0 disposition dans le cadre de la concertation<\/strong><\/h4>\n<p><a href=\"https:\/\/cc-qrga.fr\/wp-content\/uploads\/2025\/12\/2025-11-04-Deliberation-CCQRGA-de-soutien-au-projet-de-carriere-a-Puylagarde.pdf\">2025-11-04 D\u00e9lib\u00e9ration du conseil communautaire apportant son soutien au projet<\/a><\/p>\n<p><a href=\"https:\/\/cc-qrga.fr\/wp-content\/uploads\/2025\/11\/Arrete-2025_20-mise-en-comptabilite-PLUi-Carriere-Puylagarde.pdf\">2025-11-25 Arr\u00eat\u00e9 du Pr\u00e9sident engageant la mise en compatibilit\u00e9 du PLUi pour d\u00e9claration de projet<\/a><\/p>\n<p><a href=\"https:\/\/cc-qrga.fr\/wp-content\/uploads\/2025\/12\/2025-12-02-Deliberation-concertation-MECDU-PRO2.pdf\">2025-12-02 D\u00e9lib\u00e9ration fixant les objectifs et modalit\u00e9s de la concertation<\/a><\/p>\n<p>Les documents d&rsquo;\u00e9tude ne sont pas encore disponibles.<\/p>\t\t\t\t\t\t\t\t<\/div>\n\t\t\t\t<\/div>\n\t\t\t\t\t<\/div>\n\t\t\t\t<\/div>\n\t\t<div class=\"has_eae_slider elementor-element elementor-element-e4668c5 e-flex e-con-boxed e-con e-parent\" data-eae-slider=\"51293\" data-id=\"e4668c5\" data-element_type=\"container\" data-e-type=\"container\">\n\t\t\t\t\t<div class=\"e-con-inner\">\n\t\t\t\t<div class=\"elementor-element elementor-element-41f8fe9 elementor-widget elementor-widget-text-editor\" data-id=\"41f8fe9\" data-element_type=\"widget\" data-e-type=\"widget\" data-widget_type=\"text-editor.default\">\n\t\t\t\t<div class=\"elementor-widget-container\">\n\t\t\t\t\t\t\t\t\t<h4><strong>Actualit\u00e9s de la proc\u00e9dure<\/strong><\/h4>\t\t\t\t\t\t\t\t<\/div>\n\t\t\t\t<\/div>\n\t\t\t\t<div class=\"elementor-element elementor-element-7235c58 elementor-grid-3 elementor-grid-tablet-2 elementor-grid-mobile-1 elementor-posts--thumbnail-top elementor-widget elementor-widget-posts\" data-id=\"7235c58\" data-element_type=\"widget\" data-e-type=\"widget\" data-settings=\"{&quot;classic_columns&quot;:&quot;3&quot;,&quot;classic_columns_tablet&quot;:&quot;2&quot;,&quot;classic_columns_mobile&quot;:&quot;1&quot;,&quot;classic_row_gap&quot;:{&quot;unit&quot;:&quot;px&quot;,&quot;size&quot;:35,&quot;sizes&quot;:[]},&quot;classic_row_gap_tablet&quot;:{&quot;unit&quot;:&quot;px&quot;,&quot;size&quot;:&quot;&quot;,&quot;sizes&quot;:[]},&quot;classic_row_gap_mobile&quot;:{&quot;unit&quot;:&quot;px&quot;,&quot;size&quot;:&quot;&quot;,&quot;sizes&quot;:[]}}\" data-widget_type=\"posts.classic\">\n\t\t\t\t<div class=\"elementor-widget-container\">\n\t\t\t\t\t\t\t<div class=\"elementor-posts-container elementor-posts elementor-posts--skin-classic elementor-grid\" role=\"list\">\n\t\t\t\t<article class=\"elementor-post elementor-grid-item post-30456 post type-post status-publish format-standard has-post-thumbnail hentry category-accueil-de-loisirs category-mise-en-compatibilite-plui-n2 category-plui-ccqrga category-urbanisme\" role=\"listitem\">\n\t\t\t\t<a class=\"elementor-post__thumbnail__link\" href=\"https:\/\/cc-qrga.fr\/nl\/concertation-prealable-a-la-mise-en-compatibilite-n2-du-plui\/\" tabindex=\"-1\" >\n\t\t\t<div class=\"elementor-post__thumbnail\"><img fetchpriority=\"high\" decoding=\"async\" width=\"300\" height=\"195\" src=\"https:\/\/cc-qrga.fr\/wp-content\/uploads\/2025\/12\/Affichettes-PLUi-MECPRO-2-2-of-2-300x195.png\" class=\"attachment-medium size-medium wp-image-30462\" alt=\"\" srcset=\"https:\/\/cc-qrga.fr\/wp-content\/uploads\/2025\/12\/Affichettes-PLUi-MECPRO-2-2-of-2-300x195.png 300w, https:\/\/cc-qrga.fr\/wp-content\/uploads\/2025\/12\/Affichettes-PLUi-MECPRO-2-2-of-2-1024x666.png 1024w, https:\/\/cc-qrga.fr\/wp-content\/uploads\/2025\/12\/Affichettes-PLUi-MECPRO-2-2-of-2-768x499.png 768w, https:\/\/cc-qrga.fr\/wp-content\/uploads\/2025\/12\/Affichettes-PLUi-MECPRO-2-2-of-2-1536x999.png 1536w, https:\/\/cc-qrga.fr\/wp-content\/uploads\/2025\/12\/Affichettes-PLUi-MECPRO-2-2-of-2-18x12.png 18w, https:\/\/cc-qrga.fr\/wp-content\/uploads\/2025\/12\/Affichettes-PLUi-MECPRO-2-2-of-2.png 1998w\" sizes=\"(max-width: 300px) 100vw, 300px\" \/><\/div>\n\t\t<\/a>\n\t\t\t\t<div class=\"elementor-post__text\">\n\t\t\t\t<h3 class=\"elementor-post__title\">\n\t\t\t<a href=\"https:\/\/cc-qrga.fr\/nl\/concertation-prealable-a-la-mise-en-compatibilite-n2-du-plui\/\" >\n\t\t\t\tConcertation pr\u00e9alable \u00e0 la mise en compatibilit\u00e9 n\u00b02 du PLUi\t\t\t<\/a>\n\t\t<\/h3>\n\t\t\t\t<div class=\"elementor-post__meta-data\">\n\t\t\t\t\t<span class=\"elementor-post-avatar\">\n\t\t\tGeen reacties\t\t<\/span>\n\t\t\t\t<\/div>\n\t\t\n\t\t<a class=\"elementor-post__read-more\" href=\"https:\/\/cc-qrga.fr\/nl\/concertation-prealable-a-la-mise-en-compatibilite-n2-du-plui\/\" aria-label=\"Read more about Concertation pr\u00e9alable \u00e0 la mise en compatibilit\u00e9 n\u00b02 du PLUi\" tabindex=\"-1\" >\n\t\t\tLees meer \"\t\t<\/a>\n\n\t\t\t\t<\/div>\n\t\t\t\t<\/article>\n\t\t\t\t<article class=\"elementor-post elementor-grid-item post-30365 post type-post status-publish format-standard has-post-thumbnail hentry category-arretes category-conseils-communautaires category-deliberations-arretes-decisions category-mise-en-compatibilite-plui-n2\" role=\"listitem\">\n\t\t\t\t<a class=\"elementor-post__thumbnail__link\" href=\"https:\/\/cc-qrga.fr\/nl\/arrete-2025_20-du-25-11-2025-engageant-la-mise-en-comptabilite-du-plui-pour-declaration-de-projet\/\" tabindex=\"-1\" >\n\t\t\t<div class=\"elementor-post__thumbnail\"><img decoding=\"async\" width=\"300\" height=\"157\" src=\"https:\/\/cc-qrga.fr\/wp-content\/uploads\/2024\/01\/Arretes-et-decisions-2-300x157.jpg\" class=\"attachment-medium size-medium wp-image-23286\" alt=\"\" srcset=\"https:\/\/cc-qrga.fr\/wp-content\/uploads\/2024\/01\/Arretes-et-decisions-2-300x157.jpg 300w, https:\/\/cc-qrga.fr\/wp-content\/uploads\/2024\/01\/Arretes-et-decisions-2-1024x536.jpg 1024w, https:\/\/cc-qrga.fr\/wp-content\/uploads\/2024\/01\/Arretes-et-decisions-2-768x402.jpg 768w, https:\/\/cc-qrga.fr\/wp-content\/uploads\/2024\/01\/Arretes-et-decisions-2.jpg 1200w\" sizes=\"(max-width: 300px) 100vw, 300px\" \/><\/div>\n\t\t<\/a>\n\t\t\t\t<div class=\"elementor-post__text\">\n\t\t\t\t<h3 class=\"elementor-post__title\">\n\t\t\t<a href=\"https:\/\/cc-qrga.fr\/nl\/arrete-2025_20-du-25-11-2025-engageant-la-mise-en-comptabilite-du-plui-pour-declaration-de-projet\/\" >\n\t\t\t\tArr\u00eat\u00e9 2025_20 du 25\/11\/2025 engageant la mise en comptabilit\u00e9 du PLUi pour d\u00e9claration de projet\t\t\t<\/a>\n\t\t<\/h3>\n\t\t\t\t<div class=\"elementor-post__meta-data\">\n\t\t\t\t\t<span class=\"elementor-post-avatar\">\n\t\t\tGeen reacties\t\t<\/span>\n\t\t\t\t<\/div>\n\t\t\n\t\t<a class=\"elementor-post__read-more\" href=\"https:\/\/cc-qrga.fr\/nl\/arrete-2025_20-du-25-11-2025-engageant-la-mise-en-comptabilite-du-plui-pour-declaration-de-projet\/\" aria-label=\"Read more about Arr\u00eat\u00e9 2025_20 du 25\/11\/2025 engageant la mise en comptabilit\u00e9 du PLUi pour d\u00e9claration de projet\" tabindex=\"-1\" >\n\t\t\tLees meer \"\t\t<\/a>\n\n\t\t\t\t<\/div>\n\t\t\t\t<\/article>\n\t\t\t\t<\/div>\n\t\t\n\t\t\t\t\t\t<\/div>\n\t\t\t\t<\/div>\n\t\t\t\t\t<\/div>\n\t\t\t\t<\/div>\n\t\t\t\t<\/div>","protected":false},"excerpt":{"rendered":"<p>Mise en compatibilit\u00e9 n\u00b02 du Plan Local d&rsquo;Urbanisme Intercommunal Pr\u00e9sentation du projet La mise en compatibilit\u00e9 n\u00b02 du PLUi pour d\u00e9claration de projet est engag\u00e9e<\/p>","protected":false},"author":4,"featured_media":0,"parent":20829,"menu_order":0,"comment_status":"closed","ping_status":"closed","template":"","meta":{"footnotes":""},"class_list":["post-30370","page","type-page","status-publish","hentry"],"yoast_head":"<!-- This site is optimized with the Yoast SEO plugin v27.3 - https:\/\/yoast.com\/product\/yoast-seo-wordpress\/ -->\n<title>Mise en compatibilit\u00e9 n\u00b02 - Communaut\u00e9 de communes du Quercy Rouergue et des Gorges de l&#039;Aveyron<\/title>\n<meta name=\"robots\" content=\"index, follow, max-snippet:-1, max-image-preview:large, max-video-preview:-1\" \/>\n<link rel=\"canonical\" href=\"https:\/\/cc-qrga.fr\/nl\/plui\/mise-en-compatibilite-n2\/\" \/>\n<meta property=\"og:locale\" content=\"nl_BE\" \/>\n<meta property=\"og:type\" content=\"article\" \/>\n<meta property=\"og:title\" content=\"Mise en compatibilit\u00e9 n\u00b02 - Communaut\u00e9 de communes du Quercy Rouergue et des Gorges de l&#039;Aveyron\" \/>\n<meta property=\"og:description\" content=\"Mise en compatibilit\u00e9 n\u00b02 du Plan Local d&rsquo;Urbanisme Intercommunal Pr\u00e9sentation du projet La mise en compatibilit\u00e9 n\u00b02 du PLUi pour d\u00e9claration de projet est engag\u00e9e\" \/>\n<meta property=\"og:url\" content=\"https:\/\/cc-qrga.fr\/nl\/plui\/mise-en-compatibilite-n2\/\" \/>\n<meta property=\"og:site_name\" content=\"Communaut\u00e9 de communes du Quercy Rouergue et des Gorges de l&#039;Aveyron\" \/>\n<meta property=\"article:modified_time\" content=\"2025-12-05T13:18:38+00:00\" \/>\n<meta property=\"og:image\" content=\"https:\/\/cc-qrga.fr\/wp-content\/uploads\/2025\/12\/Logo-PLUi.png\" \/>\n\t<meta property=\"og:image:width\" content=\"631\" \/>\n\t<meta property=\"og:image:height\" content=\"557\" \/>\n\t<meta property=\"og:image:type\" content=\"image\/png\" \/>\n<meta name=\"twitter:card\" content=\"summary_large_image\" \/>\n<meta name=\"twitter:label1\" content=\"Geschatte leestijd\" \/>\n\t<meta name=\"twitter:data1\" content=\"2 minuten\" \/>\n<script type=\"application\/ld+json\" class=\"yoast-schema-graph\">{\"@context\":\"https:\\\/\\\/schema.org\",\"@graph\":[{\"@type\":\"WebPage\",\"@id\":\"https:\\\/\\\/cc-qrga.fr\\\/plui\\\/mise-en-compatibilite-n2\\\/\",\"url\":\"https:\\\/\\\/cc-qrga.fr\\\/plui\\\/mise-en-compatibilite-n2\\\/\",\"name\":\"Mise en compatibilit\u00e9 n\u00b02 - Communaut\u00e9 de communes du Quercy Rouergue et des Gorges de l&#039;Aveyron\",\"isPartOf\":{\"@id\":\"https:\\\/\\\/cc-qrga.fr\\\/#website\"},\"primaryImageOfPage\":{\"@id\":\"https:\\\/\\\/cc-qrga.fr\\\/plui\\\/mise-en-compatibilite-n2\\\/#primaryimage\"},\"image\":{\"@id\":\"https:\\\/\\\/cc-qrga.fr\\\/plui\\\/mise-en-compatibilite-n2\\\/#primaryimage\"},\"thumbnailUrl\":\"https:\\\/\\\/cc-qrga.fr\\\/wp-content\\\/uploads\\\/2025\\\/12\\\/Logo-PLUi-150x150.png\",\"datePublished\":\"2025-11-27T09:42:24+00:00\",\"dateModified\":\"2025-12-05T13:18:38+00:00\",\"breadcrumb\":{\"@id\":\"https:\\\/\\\/cc-qrga.fr\\\/plui\\\/mise-en-compatibilite-n2\\\/#breadcrumb\"},\"inLanguage\":\"nl-BE\",\"potentialAction\":[{\"@type\":\"ReadAction\",\"target\":[\"https:\\\/\\\/cc-qrga.fr\\\/plui\\\/mise-en-compatibilite-n2\\\/\"]}]},{\"@type\":\"ImageObject\",\"inLanguage\":\"nl-BE\",\"@id\":\"https:\\\/\\\/cc-qrga.fr\\\/plui\\\/mise-en-compatibilite-n2\\\/#primaryimage\",\"url\":\"https:\\\/\\\/cc-qrga.fr\\\/wp-content\\\/uploads\\\/2025\\\/12\\\/Logo-PLUi-150x150.png\",\"contentUrl\":\"https:\\\/\\\/cc-qrga.fr\\\/wp-content\\\/uploads\\\/2025\\\/12\\\/Logo-PLUi-150x150.png\"},{\"@type\":\"BreadcrumbList\",\"@id\":\"https:\\\/\\\/cc-qrga.fr\\\/plui\\\/mise-en-compatibilite-n2\\\/#breadcrumb\",\"itemListElement\":[{\"@type\":\"ListItem\",\"position\":1,\"name\":\"Accueil\",\"item\":\"https:\\\/\\\/cc-qrga.fr\\\/\"},{\"@type\":\"ListItem\",\"position\":2,\"name\":\"Plan Local d&rsquo;Urbanisme Intercommunal\",\"item\":\"https:\\\/\\\/cc-qrga.fr\\\/plui\\\/\"},{\"@type\":\"ListItem\",\"position\":3,\"name\":\"Mise en compatibilit\u00e9 n\u00b02\"}]},{\"@type\":\"WebSite\",\"@id\":\"https:\\\/\\\/cc-qrga.fr\\\/#website\",\"url\":\"https:\\\/\\\/cc-qrga.fr\\\/\",\"name\":\"Communaut\u00e9 de communes du Quercy Rouergue et des Gorges de l&#039;Aveyron\",\"description\":\"qrga\",\"potentialAction\":[{\"@type\":\"SearchAction\",\"target\":{\"@type\":\"EntryPoint\",\"urlTemplate\":\"https:\\\/\\\/cc-qrga.fr\\\/?s={search_term_string}\"},\"query-input\":{\"@type\":\"PropertyValueSpecification\",\"valueRequired\":true,\"valueName\":\"search_term_string\"}}],\"inLanguage\":\"nl-BE\"}]}<\/script>\n<!-- \/ Yoast SEO plugin. -->","yoast_head_json":{"title":"Mise en compatibilit\u00e9 n\u00b02 - Communaut\u00e9 de communes du Quercy Rouergue et des Gorges de l&#039;Aveyron","robots":{"index":"index","follow":"follow","max-snippet":"max-snippet:-1","max-image-preview":"max-image-preview:large","max-video-preview":"max-video-preview:-1"},"canonical":"https:\/\/cc-qrga.fr\/nl\/plui\/mise-en-compatibilite-n2\/","og_locale":"nl_BE","og_type":"article","og_title":"Mise en compatibilit\u00e9 n\u00b02 - Communaut\u00e9 de communes du Quercy Rouergue et des Gorges de l&#039;Aveyron","og_description":"Mise en compatibilit\u00e9 n\u00b02 du Plan Local d&rsquo;Urbanisme Intercommunal Pr\u00e9sentation du projet La mise en compatibilit\u00e9 n\u00b02 du PLUi pour d\u00e9claration de projet est engag\u00e9e","og_url":"https:\/\/cc-qrga.fr\/nl\/plui\/mise-en-compatibilite-n2\/","og_site_name":"Communaut\u00e9 de communes du Quercy Rouergue et des Gorges de l&#039;Aveyron","article_modified_time":"2025-12-05T13:18:38+00:00","og_image":[{"width":631,"height":557,"url":"https:\/\/cc-qrga.fr\/wp-content\/uploads\/2025\/12\/Logo-PLUi.png","type":"image\/png"}],"twitter_card":"summary_large_image","twitter_misc":{"Geschatte leestijd":"2 minuten"},"schema":{"@context":"https:\/\/schema.org","@graph":[{"@type":"WebPage","@id":"https:\/\/cc-qrga.fr\/plui\/mise-en-compatibilite-n2\/","url":"https:\/\/cc-qrga.fr\/plui\/mise-en-compatibilite-n2\/","name":"Mise en compatibilit\u00e9 n\u00b02 - Communaut\u00e9 de communes du Quercy Rouergue et des Gorges de l&#039;Aveyron","isPartOf":{"@id":"https:\/\/cc-qrga.fr\/#website"},"primaryImageOfPage":{"@id":"https:\/\/cc-qrga.fr\/plui\/mise-en-compatibilite-n2\/#primaryimage"},"image":{"@id":"https:\/\/cc-qrga.fr\/plui\/mise-en-compatibilite-n2\/#primaryimage"},"thumbnailUrl":"https:\/\/cc-qrga.fr\/wp-content\/uploads\/2025\/12\/Logo-PLUi-150x150.png","datePublished":"2025-11-27T09:42:24+00:00","dateModified":"2025-12-05T13:18:38+00:00","breadcrumb":{"@id":"https:\/\/cc-qrga.fr\/plui\/mise-en-compatibilite-n2\/#breadcrumb"},"inLanguage":"nl-BE","potentialAction":[{"@type":"ReadAction","target":["https:\/\/cc-qrga.fr\/plui\/mise-en-compatibilite-n2\/"]}]},{"@type":"ImageObject","inLanguage":"nl-BE","@id":"https:\/\/cc-qrga.fr\/plui\/mise-en-compatibilite-n2\/#primaryimage","url":"https:\/\/cc-qrga.fr\/wp-content\/uploads\/2025\/12\/Logo-PLUi-150x150.png","contentUrl":"https:\/\/cc-qrga.fr\/wp-content\/uploads\/2025\/12\/Logo-PLUi-150x150.png"},{"@type":"BreadcrumbList","@id":"https:\/\/cc-qrga.fr\/plui\/mise-en-compatibilite-n2\/#breadcrumb","itemListElement":[{"@type":"ListItem","position":1,"name":"Accueil","item":"https:\/\/cc-qrga.fr\/"},{"@type":"ListItem","position":2,"name":"Plan Local d&rsquo;Urbanisme Intercommunal","item":"https:\/\/cc-qrga.fr\/plui\/"},{"@type":"ListItem","position":3,"name":"Mise en compatibilit\u00e9 n\u00b02"}]},{"@type":"WebSite","@id":"https:\/\/cc-qrga.fr\/#website","url":"https:\/\/cc-qrga.fr\/","name":"Gemeenschap van gemeenten van Quercy Rouergue en de Gorges de l'Aveyron","description":"qrga","potentialAction":[{"@type":"SearchAction","target":{"@type":"EntryPoint","urlTemplate":"https:\/\/cc-qrga.fr\/?s={search_term_string}"},"query-input":{"@type":"PropertyValueSpecification","valueRequired":true,"valueName":"search_term_string"}}],"inLanguage":"nl-BE"}]}},"_links":{"self":[{"href":"https:\/\/cc-qrga.fr\/nl\/wp-json\/wp\/v2\/pages\/30370","targetHints":{"allow":["GET"]}}],"collection":[{"href":"https:\/\/cc-qrga.fr\/nl\/wp-json\/wp\/v2\/pages"}],"about":[{"href":"https:\/\/cc-qrga.fr\/nl\/wp-json\/wp\/v2\/types\/page"}],"author":[{"embeddable":true,"href":"https:\/\/cc-qrga.fr\/nl\/wp-json\/wp\/v2\/users\/4"}],"replies":[{"embeddable":true,"href":"https:\/\/cc-qrga.fr\/nl\/wp-json\/wp\/v2\/comments?post=30370"}],"version-history":[{"count":1,"href":"https:\/\/cc-qrga.fr\/nl\/wp-json\/wp\/v2\/pages\/30370\/revisions"}],"predecessor-version":[{"id":30644,"href":"https:\/\/cc-qrga.fr\/nl\/wp-json\/wp\/v2\/pages\/30370\/revisions\/30644"}],"up":[{"embeddable":true,"href":"https:\/\/cc-qrga.fr\/nl\/wp-json\/wp\/v2\/pages\/20829"}],"wp:attachment":[{"href":"https:\/\/cc-qrga.fr\/nl\/wp-json\/wp\/v2\/media?parent=30370"}],"curies":[{"name":"wp","href":"https:\/\/api.w.org\/{rel}","templated":true}]}}