{"id":606,"date":"2022-07-13T09:58:27","date_gmt":"2022-07-13T07:58:27","guid":{"rendered":"https:\/\/cc-qrga.fr\/?page_id=606"},"modified":"2026-02-11T16:30:09","modified_gmt":"2026-02-11T15:30:09","slug":"locations","status":"publish","type":"page","link":"https:\/\/cc-qrga.fr\/nl\/vivre-et-sejourner\/locations\/","title":{"rendered":"Verhuur"},"content":{"rendered":"<div data-elementor-type=\"wp-page\" data-elementor-id=\"606\" class=\"elementor elementor-606\" data-elementor-post-type=\"page\">\n\t\t\t\t\t\t<section class=\"has_eae_slider elementor-section elementor-top-section elementor-element elementor-element-56168d4 elementor-section-boxed elementor-section-height-default elementor-section-height-default\" data-eae-slider=\"40131\" data-id=\"56168d4\" data-element_type=\"section\" data-e-type=\"section\">\n\t\t\t\t\t\t<div class=\"elementor-container elementor-column-gap-default\">\n\t\t\t\t\t<div class=\"has_eae_slider elementor-column elementor-col-100 elementor-top-column elementor-element elementor-element-2a46fbb\" data-eae-slider=\"83160\" data-id=\"2a46fbb\" data-element_type=\"column\" data-e-type=\"column\">\n\t\t\t<div class=\"elementor-widget-wrap elementor-element-populated\">\n\t\t\t\t\t\t<div class=\"elementor-element elementor-element-0076acf elementor-widget elementor-widget-heading\" data-id=\"0076acf\" data-element_type=\"widget\" data-e-type=\"widget\" data-widget_type=\"heading.default\">\n\t\t\t\t<div class=\"elementor-widget-container\">\n\t\t\t\t\t<h1 class=\"elementor-heading-title elementor-size-default\">Zoek een<a style=\"color:#5EB8CE\"> accommodatie<\/h1>\t\t\t\t<\/div>\n\t\t\t\t<\/div>\n\t\t\t\t<div class=\"elementor-element elementor-element-a576811 elementor-widget-divider--view-line elementor-widget elementor-widget-divider\" data-id=\"a576811\" data-element_type=\"widget\" data-e-type=\"widget\" data-widget_type=\"divider.default\">\n\t\t\t\t<div class=\"elementor-widget-container\">\n\t\t\t\t\t\t\t<div class=\"elementor-divider\">\n\t\t\t<span class=\"elementor-divider-separator\">\n\t\t\t\t\t\t<\/span>\n\t\t<\/div>\n\t\t\t\t\t\t<\/div>\n\t\t\t\t<\/div>\n\t\t\t\t<div class=\"elementor-element elementor-element-bf4f5c9 elementor-widget elementor-widget-text-editor\" data-id=\"bf4f5c9\" data-element_type=\"widget\" data-e-type=\"widget\" data-widget_type=\"text-editor.default\">\n\t\t\t\t<div class=\"elementor-widget-container\">\n\t\t\t\t\t\t\t\t\t<p>Ben je nieuw in de regio of ben je van plan hier binnenkort naartoe te verhuizen?<\/p><p>Om je te helpen bij het vinden van accommodatie biedt de Communaut\u00e9 de Communes een lijst met huurwoningen en lokale makelaars.<\/p>\t\t\t\t\t\t\t\t<\/div>\n\t\t\t\t<\/div>\n\t\t\t\t\t<\/div>\n\t\t<\/div>\n\t\t\t\t\t<\/div>\n\t\t<\/section>\n\t\t\t\t<section class=\"has_eae_slider elementor-section elementor-top-section elementor-element elementor-element-ee23316 elementor-section-boxed elementor-section-height-default elementor-section-height-default\" data-eae-slider=\"41506\" data-id=\"ee23316\" data-element_type=\"section\" data-e-type=\"section\">\n\t\t\t\t\t\t<div class=\"elementor-container elementor-column-gap-default\">\n\t\t\t\t\t<div class=\"has_eae_slider elementor-column elementor-col-100 elementor-top-column elementor-element elementor-element-78bccc1\" data-eae-slider=\"95256\" data-id=\"78bccc1\" data-element_type=\"column\" data-e-type=\"column\">\n\t\t\t<div class=\"elementor-widget-wrap elementor-element-populated\">\n\t\t\t\t\t\t<div class=\"elementor-element elementor-element-fa1c14d elementor-widget elementor-widget-shortcode\" data-id=\"fa1c14d\" data-element_type=\"widget\" data-e-type=\"widget\" data-widget_type=\"shortcode.default\">\n\t\t\t\t<div class=\"elementor-widget-container\">\n\t\t\t\t\t\t\t<div class=\"elementor-shortcode\">\n<table id=\"tablepress-1\" class=\"tablepress tablepress-id-1\">\n<thead>\n<tr class=\"row-1\">\n\t<th class=\"column-1\">Type<\/th><th class=\"column-2\">Aanwijzing<\/th><th class=\"column-3\">Huren<\/th><th class=\"column-4\">Neem contact op met<\/th><th class=\"column-5\">Beschikbaarheid<\/th><th class=\"column-6\">Dorp<\/th>\n<\/tr>\n<\/thead>\n<tbody class=\"row-striping row-hover\">\n<tr class=\"row-2\">\n\t<td class=\"column-1\">Studio meubl\u00e9<br \/>\n16 m\u00b2 <\/td><td class=\"column-2\">Situ\u00e9 13 rue du Long<br \/>\nDouble vitrage et rideaux occultants<br \/>\nCuisinette avec frigidaire, micro onde et plaques \u00e9lectriques<br \/>\nElektrische verwarming<br \/>\nCanap\u00e9 lit<\/td><td class=\"column-3\">260 \u20ac\u00a0+ 10\u20ac de provision pour charges<\/td><td class=\"column-4\">Mme VERGNES<br \/>\n05 63 65 77 02 HR <br \/>\n06 23 63 42 44<\/td><td class=\"column-5\">Gratis<\/td><td class=\"column-6\">Caylus<\/td>\n<\/tr>\n<tr class=\"row-3\">\n\t<td class=\"column-1\">T2<\/td><td class=\"column-2\">Appartement de 35m2 situ\u00e9 au 1er \u00e9tage du 51 avenue du p\u00e8re Huc \u00e0 Caylus.<\/td><td class=\"column-3\">440 \u20ac\u00a0+ 40\u20ac de provision pour charges<\/td><td class=\"column-4\">Magalie LALA<br \/>\nIAD Immobilier<br \/>\n06 27 15 15 69<\/td><td class=\"column-5\">Gratis<\/td><td class=\"column-6\">Caylus<\/td>\n<\/tr>\n<tr class=\"row-4\">\n\t<td class=\"column-1\">T3<\/td><td class=\"column-2\">2 slaapkamers<br \/>\n3 rue Guilhem Peyre<\/td><td class=\"column-3\">550 \u20ac<\/td><td class=\"column-4\">M. GERARD<br \/>\n06 45 77 51 06<\/td><td class=\"column-5\">Gratis<\/td><td class=\"column-6\">Sint Antoninus Nobele Val<\/td>\n<\/tr>\n<tr class=\"row-5\">\n\t<td class=\"column-1\">T1 meubl\u00e9<\/td><td class=\"column-2\">rue du four neuf<\/td><td class=\"column-3\">280 \u20ac<\/td><td class=\"column-4\">M. GERARD<br \/>\n06 45 77 51 06<\/td><td class=\"column-5\">Gratis<\/td><td class=\"column-6\">Sint Antoninus Nobele Val<\/td>\n<\/tr>\n<tr class=\"row-6\">\n\t<td class=\"column-1\">T3 <br \/>\n65 m\u00b2<br \/>\nDPE C<\/td><td class=\"column-2\">Id\u00e9alement situ\u00e9 sur les bords de l'Aveyron<br \/>\nRefait \u00e0 neuf, situ\u00e9 au 2\u00e8me \u00e9tage sans ascenseur<br \/>\nGrande pi\u00e8ce commune avec cuisine<br \/>\n2 slaapkamers<br \/>\nsalle de bain<br \/>\nPlacrads<\/td><td class=\"column-3\">780 \u20ac + 50 \u20ac de charges<\/td><td class=\"column-4\">DELAMAIRE-HOUBE Sidonie<br \/>\n06 70 64 36 52<\/td><td class=\"column-5\">Gratis<\/td><td class=\"column-6\">Sint Antoninus Nobele Val<\/td>\n<\/tr>\n<tr class=\"row-7\">\n\t<td class=\"column-1\">T3 <br \/>\n61,85 m\u00b2<br \/>\nDPE C<\/td><td class=\"column-2\">Id\u00e9alement situ\u00e9 sur les bords de l'Aveyron<br \/>\nRefait \u00e0 neuf, situ\u00e9 au 2\u00e8me \u00e9tage sans ascenseur<br \/>\nGrande pi\u00e8ce commune avec cuisine<br \/>\n2 slaapkamers<br \/>\nsalle d'eau<br \/>\nPlacrads<\/td><td class=\"column-3\">720 \u20ac + 50 \u20ac de charges<\/td><td class=\"column-4\">DELAMAIRE-HOUBE Sidonie<br \/>\n06 70 64 36 52<\/td><td class=\"column-5\">Gratis<\/td><td class=\"column-6\">Sint Antoninus Nobele Val<\/td>\n<\/tr>\n<tr class=\"row-8\">\n\t<td class=\"column-1\">Plat T3<br \/>\n86 m\u00b2<\/td><td class=\"column-2\">2 slaapkamers<br \/>\nGelegen op de 3e verdieping, 14 rue Guilhem Peyre<br \/>\ngloednieuw<br \/>\nElektrische verwarming<\/td><td class=\"column-3\">680 + \u20ac20 kosten<\/td><td class=\"column-4\">Mevrouw REYNIER<br \/>\n05 34 41 39 09 <br \/>\n06 11 87 54 90<\/td><td class=\"column-5\">Gratis <\/td><td class=\"column-6\">Sint Antoninus Nobele Val<\/td>\n<\/tr>\n<\/tbody>\n<\/table>\n<!-- #tablepress-1 from cache --><\/div>\n\t\t\t\t\t\t<\/div>\n\t\t\t\t<\/div>\n\t\t\t\t\t<\/div>\n\t\t<\/div>\n\t\t\t\t\t<\/div>\n\t\t<\/section>\n\t\t<div class=\"has_eae_slider elementor-element elementor-element-cfffde8 e-flex e-con-boxed e-con e-parent\" data-eae-slider=\"37516\" data-id=\"cfffde8\" data-element_type=\"container\" data-e-type=\"container\" data-settings=\"{&quot;background_background&quot;:&quot;classic&quot;}\">\n\t\t\t\t\t<div class=\"e-con-inner\">\n\t\t<div class=\"has_eae_slider elementor-element elementor-element-02dee49 e-con-full e-flex e-con e-child\" data-eae-slider=\"79472\" data-id=\"02dee49\" data-element_type=\"container\" data-e-type=\"container\">\n\t\t<div class=\"has_eae_slider elementor-element elementor-element-e209264 e-con-full e-flex e-con e-child\" data-eae-slider=\"68814\" data-id=\"e209264\" data-element_type=\"container\" data-e-type=\"container\">\n\t\t\t\t<div class=\"elementor-element elementor-element-72fc1cb elementor-widget elementor-widget-image\" data-id=\"72fc1cb\" data-element_type=\"widget\" data-e-type=\"widget\" data-widget_type=\"image.default\">\n\t\t\t\t<div class=\"elementor-widget-container\">\n\t\t\t\t\t\t\t\t\t\t\t\t\t\t\t\t<a href=\"https:\/\/www.adil82.org\" target=\"_blank\">\n\t\t\t\t\t\t\t<img decoding=\"async\" width=\"202\" height=\"202\" src=\"https:\/\/cc-qrga.fr\/wp-content\/uploads\/2024\/10\/ADIL82.png\" class=\"attachment-large size-large wp-image-26937\" alt=\"\" srcset=\"https:\/\/cc-qrga.fr\/wp-content\/uploads\/2024\/10\/ADIL82.png 202w, https:\/\/cc-qrga.fr\/wp-content\/uploads\/2024\/10\/ADIL82-150x150.png 150w, https:\/\/cc-qrga.fr\/wp-content\/uploads\/2024\/10\/ADIL82-12x12.png 12w\" sizes=\"(max-width: 202px) 100vw, 202px\" \/>\t\t\t\t\t\t\t\t<\/a>\n\t\t\t\t\t\t\t\t\t\t\t\t\t\t\t<\/div>\n\t\t\t\t<\/div>\n\t\t\t\t<\/div>\n\t\t\t\t<div class=\"elementor-element elementor-element-797f191 elementor-widget elementor-widget-text-editor\" data-id=\"797f191\" data-element_type=\"widget\" data-e-type=\"widget\" data-widget_type=\"text-editor.default\">\n\t\t\t\t<div class=\"elementor-widget-container\">\n\t\t\t\t\t\t\t\t\t<p>Ben je een verhuurder of huurder?<\/p><p>Het antwoord op al je vragen:<\/p>\t\t\t\t\t\t\t\t<\/div>\n\t\t\t\t<\/div>\n\t\t\t\t<div class=\"elementor-element elementor-element-1910284 elementor-align-center elementor-widget__width-initial elementor-widget elementor-widget-button\" data-id=\"1910284\" data-element_type=\"widget\" data-e-type=\"widget\" data-widget_type=\"button.default\">\n\t\t\t\t<div class=\"elementor-widget-container\">\n\t\t\t\t\t\t\t\t\t<div class=\"elementor-button-wrapper\">\n\t\t\t\t\t<a class=\"elementor-button elementor-button-link elementor-size-sm elementor-animation-shrink\" href=\"https:\/\/www.adil82.org\/votre-question\/\">\n\t\t\t\t\t\t<span class=\"elementor-button-content-wrapper\">\n\t\t\t\t\t\t\t\t\t<span class=\"elementor-button-text\">FAQ van ADIL <\/span>\n\t\t\t\t\t<\/span>\n\t\t\t\t\t<\/a>\n\t\t\t\t<\/div>\n\t\t\t\t\t\t\t\t<\/div>\n\t\t\t\t<\/div>\n\t\t\t\t<\/div>\n\t\t<div class=\"has_eae_slider elementor-element elementor-element-24e271c e-con-full e-flex e-con e-child\" data-eae-slider=\"58144\" data-id=\"24e271c\" data-element_type=\"container\" data-e-type=\"container\">\n\t\t<div class=\"has_eae_slider elementor-element elementor-element-9d89301 e-con-full e-flex e-con e-child\" data-eae-slider=\"92493\" data-id=\"9d89301\" data-element_type=\"container\" data-e-type=\"container\">\n\t\t\t\t<div class=\"elementor-element elementor-element-1f232f4 elementor-widget elementor-widget-heading\" data-id=\"1f232f4\" data-element_type=\"widget\" data-e-type=\"widget\" data-widget_type=\"heading.default\">\n\t\t\t\t<div class=\"elementor-widget-container\">\n\t\t\t\t\t<h2 class=\"elementor-heading-title elementor-size-default\">Permanence de l'ADIL<\/h2>\t\t\t\t<\/div>\n\t\t\t\t<\/div>\n\t\t\t\t<div class=\"elementor-element elementor-element-d709627 elementor-widget elementor-widget-text-editor\" data-id=\"d709627\" data-element_type=\"widget\" data-e-type=\"widget\" data-widget_type=\"text-editor.default\">\n\t\t\t\t<div class=\"elementor-widget-container\">\n\t\t\t\t\t\t\t\t\t<p>Une question juridique sur<br \/>votre situation de logement ?<br \/>Un projet ?<br \/>Venez rencontrer l&rsquo;ADIL !<br \/>Un juriste vous re\u00e7oit <span style=\"text-decoration: underline;\"><strong>op afspraak<\/strong><\/span> :\u00a0<\/p><p>\ud83d\udcc6 <strong>Le deuxi\u00e8me vendredi du mois<\/strong><\/p><p><span data-olk-copy-source=\"MailCompose\">\ud83d\udd5d<\/span><strong> de 13H \u00e0 16H<\/strong><\/p><p><span data-olk-copy-source=\"MailCompose\">\ud83d\udccd<\/span><strong>23 Place de la Mairie, 2\u00e8me \u00e9tage, 82140 Saint Antonin Noble Val<\/strong><\/p><p>Pour prendre RDV :<\/p><p>Tel: <a href=\"tel:05%2032%2074%2015%2063\">05 32 74 15 63<\/a><\/p><p>E-mail : <a href=\"mailto:contact@adil82.fr\">contact@adil82.fr<\/a><\/p><p>Site : <a href=\"https:\/\/www.adil82.org\">https:\/\/www.adil82.org<\/a><\/p>\t\t\t\t\t\t\t\t<\/div>\n\t\t\t\t<\/div>\n\t\t\t\t<\/div>\n\t\t\t\t<\/div>\n\t\t\t\t\t<\/div>\n\t\t\t\t<\/div>\n\t\t<div class=\"has_eae_slider elementor-element elementor-element-0a48a33 e-flex e-con-boxed e-con e-parent\" data-eae-slider=\"76522\" data-id=\"0a48a33\" data-element_type=\"container\" data-e-type=\"container\" data-settings=\"{&quot;background_background&quot;:&quot;classic&quot;}\">\n\t\t\t\t\t<div class=\"e-con-inner\">\n\t\t<div class=\"has_eae_slider elementor-element elementor-element-7efa79e e-con-full e-flex e-con e-child\" data-eae-slider=\"70532\" data-id=\"7efa79e\" data-element_type=\"container\" data-e-type=\"container\">\n\t\t\t\t<div class=\"elementor-element elementor-element-f3210e1 elementor-widget elementor-widget-heading\" data-id=\"f3210e1\" data-element_type=\"widget\" data-e-type=\"widget\" data-widget_type=\"heading.default\">\n\t\t\t\t<div class=\"elementor-widget-container\">\n\t\t\t\t\t<h2 class=\"elementor-heading-title elementor-size-default\">Opstellen in de QRGA<\/h2>\t\t\t\t<\/div>\n\t\t\t\t<\/div>\n\t\t\t\t<div class=\"elementor-element elementor-element-7fc7553 elementor-widget elementor-widget-text-editor\" data-id=\"7fc7553\" data-element_type=\"widget\" data-e-type=\"widget\" data-widget_type=\"text-editor.default\">\n\t\t\t\t<div class=\"elementor-widget-container\">\n\t\t\t\t\t\t\t\t\t<p>Heb je een<em>installatie<\/em> in de QRGA en accommodatie nodig hebben <span style=\"color: #ff6600;\"><strong>tijdelijk<\/strong><\/span>\u00a0?<\/p><p>Bekijk onze lijst met gemeubileerde accommodaties die - alleen - buiten het hoogseizoen en op korte termijn beschikbaar zijn:<\/p>\t\t\t\t\t\t\t\t<\/div>\n\t\t\t\t<\/div>\n\t\t\t\t<div class=\"elementor-element elementor-element-69eec2e elementor-align-center elementor-widget elementor-widget-button\" data-id=\"69eec2e\" data-element_type=\"widget\" data-e-type=\"widget\" data-widget_type=\"button.default\">\n\t\t\t\t<div class=\"elementor-widget-container\">\n\t\t\t\t\t\t\t\t\t<div class=\"elementor-button-wrapper\">\n\t\t\t\t\t<a class=\"elementor-button elementor-button-link elementor-size-xs elementor-animation-shrink\" href=\"https:\/\/cc-qrga.fr\/nl\/?page_id=25267\">\n\t\t\t\t\t\t<span class=\"elementor-button-content-wrapper\">\n\t\t\t\t\t\t\t\t\t<span class=\"elementor-button-text\">brugbehuizing<\/span>\n\t\t\t\t\t<\/span>\n\t\t\t\t\t<\/a>\n\t\t\t\t<\/div>\n\t\t\t\t\t\t\t\t<\/div>\n\t\t\t\t<\/div>\n\t\t\t\t<\/div>\n\t\t<div class=\"has_eae_slider elementor-element elementor-element-d840107 e-con-full e-flex e-con e-child\" data-eae-slider=\"70339\" data-id=\"d840107\" data-element_type=\"container\" data-e-type=\"container\">\n\t\t\t\t<div class=\"elementor-element elementor-element-b9dd04b elementor-widget elementor-widget-heading\" data-id=\"b9dd04b\" data-element_type=\"widget\" data-e-type=\"widget\" data-widget_type=\"heading.default\">\n\t\t\t\t<div class=\"elementor-widget-container\">\n\t\t\t\t\t<h2 class=\"elementor-heading-title elementor-size-default\">Andere praktische informatie<\/h2>\t\t\t\t<\/div>\n\t\t\t\t<\/div>\n\t\t\t\t<div class=\"elementor-element elementor-element-ba53622 elementor-widget elementor-widget-text-editor\" data-id=\"ba53622\" data-element_type=\"widget\" data-e-type=\"widget\" data-widget_type=\"text-editor.default\">\n\t\t\t\t<div class=\"elementor-widget-container\">\n\t\t\t\t\t\t\t\t\t<p>In Lagu\u00e9pie, Saint Antonin Noble Val, Parisot en Varen bieden twee organisaties sociale huisvesting aan:<br \/>Tarn et Garonne Habitat en Promologis.<\/p><p style=\"text-align: center;\">Sollicitaties kunnen online worden ingediend op :<\/p><p style=\"text-align: center;\"><strong> <a href=\"https:\/\/www.demande-logement-social.gouv.fr\">https:\/\/www.demande-logement-social.gouv.fr<\/a><\/strong><\/p>\t\t\t\t\t\t\t\t<\/div>\n\t\t\t\t<\/div>\n\t\t<div class=\"has_eae_slider elementor-element elementor-element-37ce53d e-grid e-con-full e-con e-child\" data-eae-slider=\"3742\" data-id=\"37ce53d\" data-element_type=\"container\" data-e-type=\"container\">\n\t\t\t\t<div class=\"elementor-element elementor-element-ba9c93d elementor-widget elementor-widget-text-editor\" data-id=\"ba9c93d\" data-element_type=\"widget\" data-e-type=\"widget\" data-widget_type=\"text-editor.default\">\n\t\t\t\t<div class=\"elementor-widget-container\">\n\t\t\t\t\t\t\t\t\t<p style=\"text-align: center;\"><strong>Tarn-et-Garonne Leefgebied<\/strong><br \/>05 63 91 70 00<\/p>\t\t\t\t\t\t\t\t<\/div>\n\t\t\t\t<\/div>\n\t\t\t\t<div class=\"elementor-element elementor-element-129856a elementor-widget elementor-widget-text-editor\" data-id=\"129856a\" data-element_type=\"widget\" data-e-type=\"widget\" data-widget_type=\"text-editor.default\">\n\t\t\t\t<div class=\"elementor-widget-container\">\n\t\t\t\t\t\t\t\t\t<h1 style=\"text-align: center;\"><span data-olk-copy-source=\"MailCompose\">\u260e\ufe0f<\/span><\/h1>\t\t\t\t\t\t\t\t<\/div>\n\t\t\t\t<\/div>\n\t\t\t\t<div class=\"elementor-element elementor-element-37c2c89 elementor-widget elementor-widget-text-editor\" data-id=\"37c2c89\" data-element_type=\"widget\" data-e-type=\"widget\" data-widget_type=\"text-editor.default\">\n\t\t\t\t<div class=\"elementor-widget-container\">\n\t\t\t\t\t\t\t\t\t<p style=\"text-align: center;\"><strong>Promologis<\/strong><br \/>08 20 85 85 83<\/p>\t\t\t\t\t\t\t\t<\/div>\n\t\t\t\t<\/div>\n\t\t\t\t<\/div>\n\t\t\t\t<\/div>\n\t\t\t\t\t<\/div>\n\t\t\t\t<\/div>\n\t\t\t\t<\/div>","protected":false},"excerpt":{"rendered":"<p>Trouver un logement Vous \u00eates nouveau sur le territoire ou envisagez de vous y installer bient\u00f4t ? Pour vous aider \u00e0 trouver un logement, la Communaut\u00e9 de Communes propose une liste de biens \u00e0 louer, en compl\u00e9ment des agences immobili\u00e8res locales. Vous \u00eates propri\u00e9taire bailleur ou locataire ? La r\u00e9ponse \u00e0 toutes vos questions : [&hellip;]<\/p>","protected":false},"author":22,"featured_media":0,"parent":30,"menu_order":0,"comment_status":"closed","ping_status":"closed","template":"","meta":{"footnotes":""},"class_list":["post-606","page","type-page","status-publish","hentry"],"yoast_head":"<!-- This site is optimized with the Yoast SEO plugin v27.3 - https:\/\/yoast.com\/product\/yoast-seo-wordpress\/ -->\n<title>Locations - Communaut\u00e9 de communes du Quercy Rouergue et des Gorges de l&#039;Aveyron<\/title>\n<meta name=\"robots\" content=\"index, follow, max-snippet:-1, max-image-preview:large, max-video-preview:-1\" \/>\n<link rel=\"canonical\" href=\"https:\/\/cc-qrga.fr\/nl\/vivre-et-sejourner\/locations\/\" \/>\n<meta property=\"og:locale\" content=\"nl_BE\" \/>\n<meta property=\"og:type\" content=\"article\" \/>\n<meta property=\"og:title\" content=\"Locations - Communaut\u00e9 de communes du Quercy Rouergue et des Gorges de l&#039;Aveyron\" \/>\n<meta property=\"og:description\" content=\"Trouver un logement Vous \u00eates nouveau sur le territoire ou envisagez de vous y installer bient\u00f4t ? Pour vous aider \u00e0 trouver un logement, la Communaut\u00e9 de Communes propose une liste de biens \u00e0 louer, en compl\u00e9ment des agences immobili\u00e8res locales. Vous \u00eates propri\u00e9taire bailleur ou locataire ? La r\u00e9ponse \u00e0 toutes vos questions : [&hellip;]\" \/>\n<meta property=\"og:url\" content=\"https:\/\/cc-qrga.fr\/nl\/vivre-et-sejourner\/locations\/\" \/>\n<meta property=\"og:site_name\" content=\"Communaut\u00e9 de communes du Quercy Rouergue et des Gorges de l&#039;Aveyron\" \/>\n<meta property=\"article:modified_time\" content=\"2026-02-11T15:30:09+00:00\" \/>\n<meta property=\"og:image\" content=\"https:\/\/cc-qrga.fr\/wp-content\/uploads\/2024\/10\/ADIL82.png\" \/>\n\t<meta property=\"og:image:width\" content=\"202\" \/>\n\t<meta property=\"og:image:height\" content=\"202\" \/>\n\t<meta property=\"og:image:type\" content=\"image\/png\" \/>\n<meta name=\"twitter:card\" content=\"summary_large_image\" \/>\n<meta name=\"twitter:label1\" content=\"Geschatte leestijd\" \/>\n\t<meta name=\"twitter:data1\" content=\"2 minuten\" \/>\n<script type=\"application\/ld+json\" class=\"yoast-schema-graph\">{\"@context\":\"https:\\\/\\\/schema.org\",\"@graph\":[{\"@type\":\"WebPage\",\"@id\":\"https:\\\/\\\/cc-qrga.fr\\\/vivre-et-sejourner\\\/locations\\\/\",\"url\":\"https:\\\/\\\/cc-qrga.fr\\\/vivre-et-sejourner\\\/locations\\\/\",\"name\":\"Locations - Communaut\u00e9 de communes du Quercy Rouergue et des Gorges de l&#039;Aveyron\",\"isPartOf\":{\"@id\":\"https:\\\/\\\/cc-qrga.fr\\\/#website\"},\"primaryImageOfPage\":{\"@id\":\"https:\\\/\\\/cc-qrga.fr\\\/vivre-et-sejourner\\\/locations\\\/#primaryimage\"},\"image\":{\"@id\":\"https:\\\/\\\/cc-qrga.fr\\\/vivre-et-sejourner\\\/locations\\\/#primaryimage\"},\"thumbnailUrl\":\"https:\\\/\\\/cc-qrga.fr\\\/wp-content\\\/uploads\\\/2024\\\/10\\\/ADIL82.png\",\"datePublished\":\"2022-07-13T07:58:27+00:00\",\"dateModified\":\"2026-02-11T15:30:09+00:00\",\"breadcrumb\":{\"@id\":\"https:\\\/\\\/cc-qrga.fr\\\/vivre-et-sejourner\\\/locations\\\/#breadcrumb\"},\"inLanguage\":\"nl-BE\",\"potentialAction\":[{\"@type\":\"ReadAction\",\"target\":[\"https:\\\/\\\/cc-qrga.fr\\\/vivre-et-sejourner\\\/locations\\\/\"]}]},{\"@type\":\"ImageObject\",\"inLanguage\":\"nl-BE\",\"@id\":\"https:\\\/\\\/cc-qrga.fr\\\/vivre-et-sejourner\\\/locations\\\/#primaryimage\",\"url\":\"https:\\\/\\\/cc-qrga.fr\\\/wp-content\\\/uploads\\\/2024\\\/10\\\/ADIL82.png\",\"contentUrl\":\"https:\\\/\\\/cc-qrga.fr\\\/wp-content\\\/uploads\\\/2024\\\/10\\\/ADIL82.png\"},{\"@type\":\"BreadcrumbList\",\"@id\":\"https:\\\/\\\/cc-qrga.fr\\\/vivre-et-sejourner\\\/locations\\\/#breadcrumb\",\"itemListElement\":[{\"@type\":\"ListItem\",\"position\":1,\"name\":\"Accueil\",\"item\":\"https:\\\/\\\/cc-qrga.fr\\\/\"},{\"@type\":\"ListItem\",\"position\":2,\"name\":\"Vivre et s\u00e9journer\",\"item\":\"https:\\\/\\\/cc-qrga.fr\\\/vivre-et-sejourner\\\/\"},{\"@type\":\"ListItem\",\"position\":3,\"name\":\"Locations\"}]},{\"@type\":\"WebSite\",\"@id\":\"https:\\\/\\\/cc-qrga.fr\\\/#website\",\"url\":\"https:\\\/\\\/cc-qrga.fr\\\/\",\"name\":\"Communaut\u00e9 de communes du Quercy Rouergue et des Gorges de l&#039;Aveyron\",\"description\":\"qrga\",\"potentialAction\":[{\"@type\":\"SearchAction\",\"target\":{\"@type\":\"EntryPoint\",\"urlTemplate\":\"https:\\\/\\\/cc-qrga.fr\\\/?s={search_term_string}\"},\"query-input\":{\"@type\":\"PropertyValueSpecification\",\"valueRequired\":true,\"valueName\":\"search_term_string\"}}],\"inLanguage\":\"nl-BE\"}]}<\/script>\n<!-- \/ Yoast SEO plugin. -->","yoast_head_json":{"title":"Locations - Communaut\u00e9 de communes du Quercy Rouergue et des Gorges de l&#039;Aveyron","robots":{"index":"index","follow":"follow","max-snippet":"max-snippet:-1","max-image-preview":"max-image-preview:large","max-video-preview":"max-video-preview:-1"},"canonical":"https:\/\/cc-qrga.fr\/nl\/vivre-et-sejourner\/locations\/","og_locale":"nl_BE","og_type":"article","og_title":"Locations - Communaut\u00e9 de communes du Quercy Rouergue et des Gorges de l&#039;Aveyron","og_description":"Trouver un logement Vous \u00eates nouveau sur le territoire ou envisagez de vous y installer bient\u00f4t ? Pour vous aider \u00e0 trouver un logement, la Communaut\u00e9 de Communes propose une liste de biens \u00e0 louer, en compl\u00e9ment des agences immobili\u00e8res locales. Vous \u00eates propri\u00e9taire bailleur ou locataire ? La r\u00e9ponse \u00e0 toutes vos questions : [&hellip;]","og_url":"https:\/\/cc-qrga.fr\/nl\/vivre-et-sejourner\/locations\/","og_site_name":"Communaut\u00e9 de communes du Quercy Rouergue et des Gorges de l&#039;Aveyron","article_modified_time":"2026-02-11T15:30:09+00:00","og_image":[{"width":202,"height":202,"url":"https:\/\/cc-qrga.fr\/wp-content\/uploads\/2024\/10\/ADIL82.png","type":"image\/png"}],"twitter_card":"summary_large_image","twitter_misc":{"Geschatte leestijd":"2 minuten"},"schema":{"@context":"https:\/\/schema.org","@graph":[{"@type":"WebPage","@id":"https:\/\/cc-qrga.fr\/vivre-et-sejourner\/locations\/","url":"https:\/\/cc-qrga.fr\/vivre-et-sejourner\/locations\/","name":"Locations - Communaut\u00e9 de communes du Quercy Rouergue et des Gorges de l&#039;Aveyron","isPartOf":{"@id":"https:\/\/cc-qrga.fr\/#website"},"primaryImageOfPage":{"@id":"https:\/\/cc-qrga.fr\/vivre-et-sejourner\/locations\/#primaryimage"},"image":{"@id":"https:\/\/cc-qrga.fr\/vivre-et-sejourner\/locations\/#primaryimage"},"thumbnailUrl":"https:\/\/cc-qrga.fr\/wp-content\/uploads\/2024\/10\/ADIL82.png","datePublished":"2022-07-13T07:58:27+00:00","dateModified":"2026-02-11T15:30:09+00:00","breadcrumb":{"@id":"https:\/\/cc-qrga.fr\/vivre-et-sejourner\/locations\/#breadcrumb"},"inLanguage":"nl-BE","potentialAction":[{"@type":"ReadAction","target":["https:\/\/cc-qrga.fr\/vivre-et-sejourner\/locations\/"]}]},{"@type":"ImageObject","inLanguage":"nl-BE","@id":"https:\/\/cc-qrga.fr\/vivre-et-sejourner\/locations\/#primaryimage","url":"https:\/\/cc-qrga.fr\/wp-content\/uploads\/2024\/10\/ADIL82.png","contentUrl":"https:\/\/cc-qrga.fr\/wp-content\/uploads\/2024\/10\/ADIL82.png"},{"@type":"BreadcrumbList","@id":"https:\/\/cc-qrga.fr\/vivre-et-sejourner\/locations\/#breadcrumb","itemListElement":[{"@type":"ListItem","position":1,"name":"Accueil","item":"https:\/\/cc-qrga.fr\/"},{"@type":"ListItem","position":2,"name":"Vivre et s\u00e9journer","item":"https:\/\/cc-qrga.fr\/vivre-et-sejourner\/"},{"@type":"ListItem","position":3,"name":"Locations"}]},{"@type":"WebSite","@id":"https:\/\/cc-qrga.fr\/#website","url":"https:\/\/cc-qrga.fr\/","name":"Gemeenschap van gemeenten van Quercy Rouergue en de Gorges de l'Aveyron","description":"qrga","potentialAction":[{"@type":"SearchAction","target":{"@type":"EntryPoint","urlTemplate":"https:\/\/cc-qrga.fr\/?s={search_term_string}"},"query-input":{"@type":"PropertyValueSpecification","valueRequired":true,"valueName":"search_term_string"}}],"inLanguage":"nl-BE"}]}},"_links":{"self":[{"href":"https:\/\/cc-qrga.fr\/nl\/wp-json\/wp\/v2\/pages\/606","targetHints":{"allow":["GET"]}}],"collection":[{"href":"https:\/\/cc-qrga.fr\/nl\/wp-json\/wp\/v2\/pages"}],"about":[{"href":"https:\/\/cc-qrga.fr\/nl\/wp-json\/wp\/v2\/types\/page"}],"author":[{"embeddable":true,"href":"https:\/\/cc-qrga.fr\/nl\/wp-json\/wp\/v2\/users\/22"}],"replies":[{"embeddable":true,"href":"https:\/\/cc-qrga.fr\/nl\/wp-json\/wp\/v2\/comments?post=606"}],"version-history":[{"count":6,"href":"https:\/\/cc-qrga.fr\/nl\/wp-json\/wp\/v2\/pages\/606\/revisions"}],"predecessor-version":[{"id":30983,"href":"https:\/\/cc-qrga.fr\/nl\/wp-json\/wp\/v2\/pages\/606\/revisions\/30983"}],"up":[{"embeddable":true,"href":"https:\/\/cc-qrga.fr\/nl\/wp-json\/wp\/v2\/pages\/30"}],"wp:attachment":[{"href":"https:\/\/cc-qrga.fr\/nl\/wp-json\/wp\/v2\/media?parent=606"}],"curies":[{"name":"wp","href":"https:\/\/api.w.org\/{rel}","templated":true}]}}