{"id":75,"date":"2022-07-06T11:16:28","date_gmt":"2022-07-06T09:16:28","guid":{"rendered":"https:\/\/cc-qrga.fr\/?page_id=75"},"modified":"2024-07-02T14:46:21","modified_gmt":"2024-07-02T12:46:21","slug":"randonnees","status":"publish","type":"page","link":"https:\/\/cc-qrga.fr\/nl\/vivre-et-sejourner\/randonnees\/","title":{"rendered":"Wandelen"},"content":{"rendered":"<div data-elementor-type=\"wp-page\" data-elementor-id=\"75\" class=\"elementor elementor-75\" data-elementor-post-type=\"page\">\n\t\t\t\t\t\t<section class=\"has_eae_slider elementor-section elementor-top-section elementor-element elementor-element-390d3ab elementor-section-boxed elementor-section-height-default elementor-section-height-default\" data-eae-slider=\"72489\" data-id=\"390d3ab\" data-element_type=\"section\" data-e-type=\"section\" data-settings=\"{&quot;background_background&quot;:&quot;classic&quot;}\">\n\t\t\t\t\t\t<div class=\"elementor-container elementor-column-gap-default\">\n\t\t\t\t\t<div class=\"has_eae_slider elementor-column elementor-col-100 elementor-top-column elementor-element elementor-element-9880d38\" data-eae-slider=\"38394\" data-id=\"9880d38\" data-element_type=\"column\" data-e-type=\"column\" data-settings=\"{&quot;background_background&quot;:&quot;classic&quot;}\">\n\t\t\t<div class=\"elementor-widget-wrap elementor-element-populated\">\n\t\t\t\t\t\t<div class=\"elementor-element elementor-element-4104f3c elementor-widget elementor-widget-heading\" data-id=\"4104f3c\" data-element_type=\"widget\" data-e-type=\"widget\" data-widget_type=\"heading.default\">\n\t\t\t\t<div class=\"elementor-widget-container\">\n\t\t\t\t\t<h1 class=\"elementor-heading-title elementor-size-default\">paden<a style=\"color:#5EB8CE\">  loopt<\/h1>\t\t\t\t<\/div>\n\t\t\t\t<\/div>\n\t\t\t\t<div class=\"elementor-element elementor-element-dfe8fad elementor-widget-divider--view-line elementor-widget elementor-widget-divider\" data-id=\"dfe8fad\" data-element_type=\"widget\" data-e-type=\"widget\" data-widget_type=\"divider.default\">\n\t\t\t\t<div class=\"elementor-widget-container\">\n\t\t\t\t\t\t\t<div class=\"elementor-divider\">\n\t\t\t<span class=\"elementor-divider-separator\">\n\t\t\t\t\t\t<\/span>\n\t\t<\/div>\n\t\t\t\t\t\t<\/div>\n\t\t\t\t<\/div>\n\t\t\t\t\t<\/div>\n\t\t<\/div>\n\t\t\t\t\t<\/div>\n\t\t<\/section>\n\t\t<div class=\"has_eae_slider elementor-element elementor-element-426bad7 e-flex e-con-boxed e-con e-parent\" data-eae-slider=\"3150\" data-id=\"426bad7\" data-element_type=\"container\" data-e-type=\"container\">\n\t\t\t\t\t<div class=\"e-con-inner\">\n\t\t<div class=\"has_eae_slider elementor-element elementor-element-5fb5530 e-con-full e-flex e-con e-child\" data-eae-slider=\"4142\" data-id=\"5fb5530\" data-element_type=\"container\" data-e-type=\"container\">\n\t\t\t\t<div class=\"elementor-element elementor-element-83c2135 elementor-position-left elementor-vertical-align-top elementor-widget elementor-widget-image-box\" data-id=\"83c2135\" data-element_type=\"widget\" data-e-type=\"widget\" data-widget_type=\"image-box.default\">\n\t\t\t\t<div class=\"elementor-widget-container\">\n\t\t\t\t\t<div class=\"elementor-image-box-wrapper\"><figure class=\"elementor-image-box-img\"><img fetchpriority=\"high\" decoding=\"async\" width=\"1764\" height=\"2560\" src=\"https:\/\/cc-qrga.fr\/wp-content\/uploads\/2024\/06\/CHEMISE-face-1-scaled.jpg\" class=\"attachment-full size-full wp-image-23918\" alt=\"\" srcset=\"https:\/\/cc-qrga.fr\/wp-content\/uploads\/2024\/06\/CHEMISE-face-1-scaled.jpg 1764w, https:\/\/cc-qrga.fr\/wp-content\/uploads\/2024\/06\/CHEMISE-face-1-207x300.jpg 207w, https:\/\/cc-qrga.fr\/wp-content\/uploads\/2024\/06\/CHEMISE-face-1-706x1024.jpg 706w, https:\/\/cc-qrga.fr\/wp-content\/uploads\/2024\/06\/CHEMISE-face-1-768x1114.jpg 768w, https:\/\/cc-qrga.fr\/wp-content\/uploads\/2024\/06\/CHEMISE-face-1-1058x1536.jpg 1058w, https:\/\/cc-qrga.fr\/wp-content\/uploads\/2024\/06\/CHEMISE-face-1-1411x2048.jpg 1411w\" sizes=\"(max-width: 1764px) 100vw, 1764px\" \/><\/figure><div class=\"elementor-image-box-content\"><h3 class=\"elementor-image-box-title\">Quercy Rouergue en de Gorges de l'Aveyron te voet, op de mountainbike of te paard.<\/h3><p class=\"elementor-image-box-description\">De Communaut\u00e9 de Communes biedt u een Topo-gids, met gedetailleerde kaarten van 34 routes, talrijke foto's en beschrijvende fiches van de bewegwijzerde routes.<br><br>Verkrijgbaar bij onze VVV-kantoren.\n<\/p><\/div><\/div>\t\t\t\t<\/div>\n\t\t\t\t<\/div>\n\t\t\t\t<\/div>\n\t\t<div class=\"has_eae_slider elementor-element elementor-element-1146221 e-con-full e-flex e-con e-child\" data-eae-slider=\"14797\" data-id=\"1146221\" data-element_type=\"container\" data-e-type=\"container\">\n\t\t\t\t<div class=\"elementor-element elementor-element-389b22d elementor-position-left elementor-vertical-align-top elementor-widget elementor-widget-image-box\" data-id=\"389b22d\" data-element_type=\"widget\" data-e-type=\"widget\" data-widget_type=\"image-box.default\">\n\t\t\t\t<div class=\"elementor-widget-container\">\n\t\t\t\t\t<div class=\"elementor-image-box-wrapper\"><figure class=\"elementor-image-box-img\"><img decoding=\"async\" width=\"1738\" height=\"2480\" src=\"https:\/\/cc-qrga.fr\/wp-content\/uploads\/2024\/06\/LA-LOUTRE-2024-1.jpg\" class=\"attachment-full size-full wp-image-23919\" alt=\"\" srcset=\"https:\/\/cc-qrga.fr\/wp-content\/uploads\/2024\/06\/LA-LOUTRE-2024-1.jpg 1738w, https:\/\/cc-qrga.fr\/wp-content\/uploads\/2024\/06\/LA-LOUTRE-2024-1-210x300.jpg 210w, https:\/\/cc-qrga.fr\/wp-content\/uploads\/2024\/06\/LA-LOUTRE-2024-1-718x1024.jpg 718w, https:\/\/cc-qrga.fr\/wp-content\/uploads\/2024\/06\/LA-LOUTRE-2024-1-768x1096.jpg 768w, https:\/\/cc-qrga.fr\/wp-content\/uploads\/2024\/06\/LA-LOUTRE-2024-1-1076x1536.jpg 1076w, https:\/\/cc-qrga.fr\/wp-content\/uploads\/2024\/06\/LA-LOUTRE-2024-1-1435x2048.jpg 1435w\" sizes=\"(max-width: 1738px) 100vw, 1738px\" \/><\/figure><div class=\"elementor-image-box-content\"><h3 class=\"elementor-image-box-title\">\"De kloven van de Aveyron ontdekken<\/h3><p class=\"elementor-image-box-description\">Wandel vanaf de Place du Pradel in Saint-Antonin Noble Val langs de rivier de Aveyron, het thuis van de otter \"Lo\u00efra\", in de richting van Cazals. Je ontdekt de habitat van de rivier, de bijbehorende flora en fauna en de manieren waarop de rivier door de mens is gebruikt.\nDe wandelgids is verkrijgbaar bij de VVV-kantoren, gemeentehuizen en de Gemeenten.<\/p><\/div><\/div>\t\t\t\t<\/div>\n\t\t\t\t<\/div>\n\t\t\t\t<\/div>\n\t\t\t\t\t<\/div>\n\t\t\t\t<\/div>\n\t\t\t\t<section class=\"has_eae_slider elementor-section elementor-top-section elementor-element elementor-element-ab29327 elementor-section-boxed elementor-section-height-default elementor-section-height-default\" data-eae-slider=\"43578\" data-id=\"ab29327\" data-element_type=\"section\" data-e-type=\"section\">\n\t\t\t\t\t\t<div class=\"elementor-container elementor-column-gap-default\">\n\t\t\t\t\t<div class=\"has_eae_slider elementor-column elementor-col-100 elementor-top-column elementor-element elementor-element-cddac60\" data-eae-slider=\"83419\" data-id=\"cddac60\" data-element_type=\"column\" data-e-type=\"column\">\n\t\t\t<div class=\"elementor-widget-wrap elementor-element-populated\">\n\t\t\t\t\t\t<div class=\"elementor-element elementor-element-c758c21 elementor-align-center elementor-widget elementor-widget-button\" data-id=\"c758c21\" data-element_type=\"widget\" data-e-type=\"widget\" data-widget_type=\"button.default\">\n\t\t\t\t<div class=\"elementor-widget-container\">\n\t\t\t\t\t\t\t\t\t<div class=\"elementor-button-wrapper\">\n\t\t\t\t\t<a class=\"elementor-button elementor-button-link elementor-size-sm elementor-animation-shrink\" href=\"https:\/\/causses-gorgesaveyron.com\/espace-brochures\/\" target=\"_blank\">\n\t\t\t\t\t\t<span class=\"elementor-button-content-wrapper\">\n\t\t\t\t\t\t\t\t\t<span class=\"elementor-button-text\">meer info<\/span>\n\t\t\t\t\t<\/span>\n\t\t\t\t\t<\/a>\n\t\t\t\t<\/div>\n\t\t\t\t\t\t\t\t<\/div>\n\t\t\t\t<\/div>\n\t\t\t\t<div class=\"elementor-element elementor-element-66ec34c elementor-widget elementor-widget-spacer\" data-id=\"66ec34c\" data-element_type=\"widget\" data-e-type=\"widget\" data-widget_type=\"spacer.default\">\n\t\t\t\t<div class=\"elementor-widget-container\">\n\t\t\t\t\t\t\t<div class=\"elementor-spacer\">\n\t\t\t<div class=\"elementor-spacer-inner\"><\/div>\n\t\t<\/div>\n\t\t\t\t\t\t<\/div>\n\t\t\t\t<\/div>\n\t\t\t\t\t<\/div>\n\t\t<\/div>\n\t\t\t\t\t<\/div>\n\t\t<\/section>\n\t\t<div class=\"has_eae_slider elementor-element elementor-element-f1635fa e-flex e-con-boxed e-con e-parent\" data-eae-slider=\"97902\" data-id=\"f1635fa\" data-element_type=\"container\" data-e-type=\"container\" data-settings=\"{&quot;background_background&quot;:&quot;classic&quot;}\">\n\t\t\t\t\t<div class=\"e-con-inner\">\n\t\t<div class=\"has_eae_slider elementor-element elementor-element-f3f873a e-con-full e-flex e-con e-child\" data-eae-slider=\"44145\" data-id=\"f3f873a\" data-element_type=\"container\" data-e-type=\"container\">\n\t\t\t\t<div class=\"elementor-element elementor-element-76c1b72 elementor-widget elementor-widget-image\" data-id=\"76c1b72\" data-element_type=\"widget\" data-e-type=\"widget\" data-widget_type=\"image.default\">\n\t\t\t\t<div class=\"elementor-widget-container\">\n\t\t\t\t\t\t\t\t\t\t\t\t\t\t\t<img decoding=\"async\" width=\"800\" height=\"534\" src=\"https:\/\/cc-qrga.fr\/wp-content\/uploads\/2022\/08\/IMG_0818-1024x683.jpeg\" class=\"attachment-large size-large wp-image-1455\" alt=\"\" srcset=\"https:\/\/cc-qrga.fr\/wp-content\/uploads\/2022\/08\/IMG_0818-1024x683.jpeg 1024w, https:\/\/cc-qrga.fr\/wp-content\/uploads\/2022\/08\/IMG_0818-300x200.jpeg 300w, https:\/\/cc-qrga.fr\/wp-content\/uploads\/2022\/08\/IMG_0818-768x512.jpeg 768w, https:\/\/cc-qrga.fr\/wp-content\/uploads\/2022\/08\/IMG_0818-1536x1024.jpeg 1536w, https:\/\/cc-qrga.fr\/wp-content\/uploads\/2022\/08\/IMG_0818-2048x1365.jpeg 2048w\" sizes=\"(max-width: 800px) 100vw, 800px\" \/>\t\t\t\t\t\t\t\t\t\t\t\t\t\t\t<\/div>\n\t\t\t\t<\/div>\n\t\t\t\t<\/div>\n\t\t<div class=\"has_eae_slider elementor-element elementor-element-6da2c8d e-con-full e-flex e-con e-child\" data-eae-slider=\"43747\" data-id=\"6da2c8d\" data-element_type=\"container\" data-e-type=\"container\">\n\t\t\t\t<div class=\"elementor-element elementor-element-6d2b922 elementor-widget elementor-widget-heading\" data-id=\"6d2b922\" data-element_type=\"widget\" data-e-type=\"widget\" data-widget_type=\"heading.default\">\n\t\t\t\t<div class=\"elementor-widget-container\">\n\t\t\t\t\t<h2 class=\"elementor-heading-title elementor-size-default\">De missies van de wegenwacht<\/h2>\t\t\t\t<\/div>\n\t\t\t\t<\/div>\n\t\t\t\t<div class=\"elementor-element elementor-element-05900e9 elementor-widget elementor-widget-heading\" data-id=\"05900e9\" data-element_type=\"widget\" data-e-type=\"widget\" data-widget_type=\"heading.default\">\n\t\t\t\t<div class=\"elementor-widget-container\">\n\t\t\t\t\t<h2 class=\"elementor-heading-title elementor-size-default\">De Communaut\u00e9 de Communes heeft een uitgebreid netwerk van wandelpaden (ongeveer 440 km). In de hele regio bestaat al lang de wil om actie te ondernemen. Het onderhouden, herstellen en ontwikkelen van onze gemeenschappelijke ruimten is een van onze prioriteiten. De eenheid Onderhoud Voetpaden is verantwoordelijk voor :\n\n<br><br>\n\n- Voetpaden aanleggen, onderhouden en markeren\n<br>\n- Lokale overheden helpen hun natuurgebieden te beheren<\/h2>\t\t\t\t<\/div>\n\t\t\t\t<\/div>\n\t\t\t\t<\/div>\n\t\t\t\t\t<\/div>\n\t\t\t\t<\/div>\n\t\t\t\t<section class=\"has_eae_slider elementor-section elementor-top-section elementor-element elementor-element-5901860 elementor-section-boxed elementor-section-height-default elementor-section-height-default\" data-eae-slider=\"50469\" data-id=\"5901860\" data-element_type=\"section\" data-e-type=\"section\" data-settings=\"{&quot;background_background&quot;:&quot;classic&quot;}\">\n\t\t\t\t\t\t<div class=\"elementor-container elementor-column-gap-default\">\n\t\t\t\t\t<div class=\"has_eae_slider elementor-column elementor-col-100 elementor-top-column elementor-element elementor-element-4aa3628\" data-eae-slider=\"66611\" data-id=\"4aa3628\" data-element_type=\"column\" data-e-type=\"column\" data-settings=\"{&quot;background_background&quot;:&quot;classic&quot;}\">\n\t\t\t<div class=\"elementor-widget-wrap elementor-element-populated\">\n\t\t\t\t\t\t<div class=\"elementor-element elementor-element-c1fdad9 elementor-widget elementor-widget-heading\" data-id=\"c1fdad9\" data-element_type=\"widget\" data-e-type=\"widget\" data-widget_type=\"heading.default\">\n\t\t\t\t<div class=\"elementor-widget-container\">\n\t\t\t\t\t<h1 class=\"elementor-heading-title elementor-size-default\">de gouden regels van de wandelaar<\/h1>\t\t\t\t<\/div>\n\t\t\t\t<\/div>\n\t\t\t\t<div class=\"elementor-element elementor-element-34d79f2 elementor-widget elementor-widget-heading\" data-id=\"34d79f2\" data-element_type=\"widget\" data-e-type=\"widget\" data-widget_type=\"heading.default\">\n\t\t\t\t<div class=\"elementor-widget-container\">\n\t\t\t\t\t<h1 class=\"elementor-heading-title elementor-size-default\">Handvest voor trekkers<\/h1>\t\t\t\t<\/div>\n\t\t\t\t<\/div>\n\t\t\t\t\t<\/div>\n\t\t<\/div>\n\t\t\t\t\t<\/div>\n\t\t<\/section>\n\t\t\t\t<section class=\"has_eae_slider elementor-section elementor-top-section elementor-element elementor-element-4b2e1c5 elementor-section-boxed elementor-section-height-default elementor-section-height-default\" data-eae-slider=\"9421\" data-id=\"4b2e1c5\" data-element_type=\"section\" data-e-type=\"section\">\n\t\t\t\t\t\t<div class=\"elementor-container elementor-column-gap-default\">\n\t\t\t\t\t<div class=\"has_eae_slider elementor-column elementor-col-100 elementor-top-column elementor-element elementor-element-e0dc1bd\" data-eae-slider=\"34164\" data-id=\"e0dc1bd\" data-element_type=\"column\" data-e-type=\"column\">\n\t\t\t<div class=\"elementor-widget-wrap elementor-element-populated\">\n\t\t\t\t\t\t<div class=\"elementor-element elementor-element-2c29430 elementor-widget elementor-widget-text-editor\" data-id=\"2c29430\" data-element_type=\"widget\" data-e-type=\"widget\" data-widget_type=\"text-editor.default\">\n\t\t\t\t<div class=\"elementor-widget-container\">\n\t\t\t\t\t\t\t\t\t<ul><li>Respect voor natuur en priv\u00e9-eigendom<\/li><li>Blijf op gemarkeerde paden en wegen<\/li><li>Kijk uit voor gewassen en dieren, sluit hekken<\/li><li>Wees voorzichtig tijdens het jachtseizoen en volg de instructies van jagers op<\/li><li>Steek geen vuur aan en rook niet in het bos<\/li><li>Gooi afval niet weg, maar neem het mee<\/li><li>Ontdek de flora zonder deze te vertrappen of te plukken<\/li><li>Respecteer ontvangst, bewegwijzering en markeerapparatuur<\/li><li>Volg de verkeersregels tijdens het rijden op de rijbaan<\/li><li>Honden aan de lijn houden<\/li><li>Wees hoffelijk tegenover andere gebruikers (mountainbikers, ruiters, omwonenden, vissers, enz.).<\/li><li>Discreet zijn. Denken aan anderen, aan de sereniteit van de natuur<\/li><li>De flora en fauna leren kennen, vooral in kwetsbare gebieden<\/li><li>Neem contact op met de lokale autoriteiten voor informatie tijdens het jachtseizoen<\/li><\/ul>\t\t\t\t\t\t\t\t<\/div>\n\t\t\t\t<\/div>\n\t\t\t\t<div class=\"elementor-element elementor-element-df59022 elementor-widget elementor-widget-heading\" data-id=\"df59022\" data-element_type=\"widget\" data-e-type=\"widget\" data-widget_type=\"heading.default\">\n\t\t\t\t<div class=\"elementor-widget-container\">\n\t\t\t\t\t<h1 class=\"elementor-heading-title elementor-size-default\">En wat meer is...<\/h1>\t\t\t\t<\/div>\n\t\t\t\t<\/div>\n\t\t\t\t<div class=\"elementor-element elementor-element-81ab5ce elementor-widget elementor-widget-text-editor\" data-id=\"81ab5ce\" data-element_type=\"widget\" data-e-type=\"widget\" data-widget_type=\"text-editor.default\">\n\t\t\t\t<div class=\"elementor-widget-container\">\n\t\t\t\t\t\t\t\t\t<ul><li>Weten hoe je je wandeling moet kiezen op basis van je vaardigheden op dat moment, je fitnessniveau en je persoonlijke doelstellingen<\/li><li>Zorg dat je goed uitgerust bent voordat je vertrekt<\/li><li>Weten hoe je de groep moet respecteren door altijd samen te lopen<\/li><li>Weten hoe je moet wachten op de laatste<\/li><li>Wees je bewust van het gedrag van je buren<\/li><li>Drink weinig maar vaak om te hydrateren<\/li><li>Probeer niet verder te gaan dan je eigen grenzen<\/li><\/ul>\t\t\t\t\t\t\t\t<\/div>\n\t\t\t\t<\/div>\n\t\t\t\t<div class=\"elementor-element elementor-element-c726053 elementor-widget elementor-widget-heading\" data-id=\"c726053\" data-element_type=\"widget\" data-e-type=\"widget\" data-widget_type=\"heading.default\">\n\t\t\t\t<div class=\"elementor-widget-container\">\n\t\t\t\t\t<h1 class=\"elementor-heading-title elementor-size-default\">Nuttige links<\/h1>\t\t\t\t<\/div>\n\t\t\t\t<\/div>\n\t\t\t\t<div class=\"elementor-element elementor-element-3d01e6e elementor-widget elementor-widget-text-editor\" data-id=\"3d01e6e\" data-element_type=\"widget\" data-e-type=\"widget\" data-widget_type=\"text-editor.default\">\n\t\t\t\t<div class=\"elementor-widget-container\">\n\t\t\t\t\t\t\t\t\t<ul><li><a href=\"https:\/\/causses-gorgesaveyron.com\/bouger\/sur-les-sentiers\/a-pieds\/\">https:\/\/causses-gorgesaveyron.com\/bouger\/sur-les-sentiers\/a-pieds\/<\/a><\/li><li><a href=\"https:\/\/www.tourisme-tarnetgaronne.fr\/bouger\/balades-et-randonnees\/randos-pedestres\/\">https:\/\/www.tourisme-tarnetgaronne.fr\/bouger\/balades-et-randonnees\/randos-pedestres\/<\/a><\/li><li><a href=\"https:\/\/www.francevelotourisme.com\/itineraire\/vallee-et-gorges-de-l-aveyron-a-velo\">https:\/\/www.francevelotourisme.com\/itineraire\/vallee-et-gorges-de-l-aveyron-a-velo<\/a><\/li><\/ul>\t\t\t\t\t\t\t\t<\/div>\n\t\t\t\t<\/div>\n\t\t\t\t<div class=\"elementor-element elementor-element-4df7642 elementor-widget elementor-widget-spacer\" data-id=\"4df7642\" data-element_type=\"widget\" data-e-type=\"widget\" data-widget_type=\"spacer.default\">\n\t\t\t\t<div class=\"elementor-widget-container\">\n\t\t\t\t\t\t\t<div class=\"elementor-spacer\">\n\t\t\t<div class=\"elementor-spacer-inner\"><\/div>\n\t\t<\/div>\n\t\t\t\t\t\t<\/div>\n\t\t\t\t<\/div>\n\t\t\t\t\t<\/div>\n\t\t<\/div>\n\t\t\t\t\t<\/div>\n\t\t<\/section>\n\t\t\t\t<\/div>","protected":false},"excerpt":{"rendered":"<p>sentiers de randonn\u00e9es Le Quercy Rouergue et Gorges de l\u2019Aveyron \u00e0 pied, \u00e0 VTT, \u00e0 Cheval. La Communaut\u00e9 de Communes vous propose un Topo-Guide, avec des cartes d\u00e9taill\u00e9es de 34 circuits, de nombreuses photos, des fiches descriptives des itin\u00e9raires balis\u00e9s. Disponible dans nos Offices de Tourisme. \u00ab A la d\u00e9couverte des gorges de l\u2019Aveyron \u00bb [&hellip;]<\/p>","protected":false},"author":22,"featured_media":0,"parent":30,"menu_order":0,"comment_status":"closed","ping_status":"closed","template":"","meta":{"footnotes":""},"class_list":["post-75","page","type-page","status-publish","hentry"],"yoast_head":"<!-- This site is optimized with the Yoast SEO plugin v27.4 - https:\/\/yoast.com\/product\/yoast-seo-wordpress\/ -->\n<title>Randonn\u00e9es - Communaut\u00e9 de communes du Quercy Rouergue et des Gorges de l&#039;Aveyron<\/title>\n<meta name=\"robots\" content=\"index, follow, max-snippet:-1, max-image-preview:large, max-video-preview:-1\" \/>\n<link rel=\"canonical\" href=\"https:\/\/cc-qrga.fr\/nl\/vivre-et-sejourner\/randonnees\/\" \/>\n<meta property=\"og:locale\" content=\"nl_BE\" \/>\n<meta property=\"og:type\" content=\"article\" \/>\n<meta property=\"og:title\" content=\"Randonn\u00e9es - Communaut\u00e9 de communes du Quercy Rouergue et des Gorges de l&#039;Aveyron\" \/>\n<meta property=\"og:description\" content=\"sentiers de randonn\u00e9es Le Quercy Rouergue et Gorges de l\u2019Aveyron \u00e0 pied, \u00e0 VTT, \u00e0 Cheval. La Communaut\u00e9 de Communes vous propose un Topo-Guide, avec des cartes d\u00e9taill\u00e9es de 34 circuits, de nombreuses photos, des fiches descriptives des itin\u00e9raires balis\u00e9s. Disponible dans nos Offices de Tourisme. \u00ab A la d\u00e9couverte des gorges de l\u2019Aveyron \u00bb [&hellip;]\" \/>\n<meta property=\"og:url\" content=\"https:\/\/cc-qrga.fr\/nl\/vivre-et-sejourner\/randonnees\/\" \/>\n<meta property=\"og:site_name\" content=\"Communaut\u00e9 de communes du Quercy Rouergue et des Gorges de l&#039;Aveyron\" \/>\n<meta property=\"article:modified_time\" content=\"2024-07-02T12:46:21+00:00\" \/>\n<meta property=\"og:image\" content=\"https:\/\/cc-qrga.fr\/wp-content\/uploads\/2024\/06\/CHEMISE-face-1-scaled.jpg\" \/>\n<meta name=\"twitter:card\" content=\"summary_large_image\" \/>\n<meta name=\"twitter:label1\" content=\"Geschatte leestijd\" \/>\n\t<meta name=\"twitter:data1\" content=\"3 minuten\" \/>\n<script type=\"application\/ld+json\" class=\"yoast-schema-graph\">{\"@context\":\"https:\\\/\\\/schema.org\",\"@graph\":[{\"@type\":\"WebPage\",\"@id\":\"https:\\\/\\\/cc-qrga.fr\\\/vivre-et-sejourner\\\/randonnees\\\/\",\"url\":\"https:\\\/\\\/cc-qrga.fr\\\/vivre-et-sejourner\\\/randonnees\\\/\",\"name\":\"Randonn\u00e9es - Communaut\u00e9 de communes du Quercy Rouergue et des Gorges de l&#039;Aveyron\",\"isPartOf\":{\"@id\":\"https:\\\/\\\/cc-qrga.fr\\\/#website\"},\"primaryImageOfPage\":{\"@id\":\"https:\\\/\\\/cc-qrga.fr\\\/vivre-et-sejourner\\\/randonnees\\\/#primaryimage\"},\"image\":{\"@id\":\"https:\\\/\\\/cc-qrga.fr\\\/vivre-et-sejourner\\\/randonnees\\\/#primaryimage\"},\"thumbnailUrl\":\"https:\\\/\\\/cc-qrga.fr\\\/wp-content\\\/uploads\\\/2024\\\/06\\\/CHEMISE-face-1-scaled.jpg\",\"datePublished\":\"2022-07-06T09:16:28+00:00\",\"dateModified\":\"2024-07-02T12:46:21+00:00\",\"breadcrumb\":{\"@id\":\"https:\\\/\\\/cc-qrga.fr\\\/vivre-et-sejourner\\\/randonnees\\\/#breadcrumb\"},\"inLanguage\":\"nl-BE\",\"potentialAction\":[{\"@type\":\"ReadAction\",\"target\":[\"https:\\\/\\\/cc-qrga.fr\\\/vivre-et-sejourner\\\/randonnees\\\/\"]}]},{\"@type\":\"ImageObject\",\"inLanguage\":\"nl-BE\",\"@id\":\"https:\\\/\\\/cc-qrga.fr\\\/vivre-et-sejourner\\\/randonnees\\\/#primaryimage\",\"url\":\"https:\\\/\\\/cc-qrga.fr\\\/wp-content\\\/uploads\\\/2024\\\/06\\\/CHEMISE-face-1-scaled.jpg\",\"contentUrl\":\"https:\\\/\\\/cc-qrga.fr\\\/wp-content\\\/uploads\\\/2024\\\/06\\\/CHEMISE-face-1-scaled.jpg\"},{\"@type\":\"BreadcrumbList\",\"@id\":\"https:\\\/\\\/cc-qrga.fr\\\/vivre-et-sejourner\\\/randonnees\\\/#breadcrumb\",\"itemListElement\":[{\"@type\":\"ListItem\",\"position\":1,\"name\":\"Accueil\",\"item\":\"https:\\\/\\\/cc-qrga.fr\\\/\"},{\"@type\":\"ListItem\",\"position\":2,\"name\":\"Vivre et s\u00e9journer\",\"item\":\"https:\\\/\\\/cc-qrga.fr\\\/vivre-et-sejourner\\\/\"},{\"@type\":\"ListItem\",\"position\":3,\"name\":\"Randonn\u00e9es\"}]},{\"@type\":\"WebSite\",\"@id\":\"https:\\\/\\\/cc-qrga.fr\\\/#website\",\"url\":\"https:\\\/\\\/cc-qrga.fr\\\/\",\"name\":\"Communaut\u00e9 de communes du Quercy Rouergue et des Gorges de l&#039;Aveyron\",\"description\":\"qrga\",\"potentialAction\":[{\"@type\":\"SearchAction\",\"target\":{\"@type\":\"EntryPoint\",\"urlTemplate\":\"https:\\\/\\\/cc-qrga.fr\\\/?s={search_term_string}\"},\"query-input\":{\"@type\":\"PropertyValueSpecification\",\"valueRequired\":true,\"valueName\":\"search_term_string\"}}],\"inLanguage\":\"nl-BE\"}]}<\/script>\n<!-- \/ Yoast SEO plugin. -->","yoast_head_json":{"title":"Randonn\u00e9es - Communaut\u00e9 de communes du Quercy Rouergue et des Gorges de l&#039;Aveyron","robots":{"index":"index","follow":"follow","max-snippet":"max-snippet:-1","max-image-preview":"max-image-preview:large","max-video-preview":"max-video-preview:-1"},"canonical":"https:\/\/cc-qrga.fr\/nl\/vivre-et-sejourner\/randonnees\/","og_locale":"nl_BE","og_type":"article","og_title":"Randonn\u00e9es - Communaut\u00e9 de communes du Quercy Rouergue et des Gorges de l&#039;Aveyron","og_description":"sentiers de randonn\u00e9es Le Quercy Rouergue et Gorges de l\u2019Aveyron \u00e0 pied, \u00e0 VTT, \u00e0 Cheval. La Communaut\u00e9 de Communes vous propose un Topo-Guide, avec des cartes d\u00e9taill\u00e9es de 34 circuits, de nombreuses photos, des fiches descriptives des itin\u00e9raires balis\u00e9s. Disponible dans nos Offices de Tourisme. \u00ab A la d\u00e9couverte des gorges de l\u2019Aveyron \u00bb [&hellip;]","og_url":"https:\/\/cc-qrga.fr\/nl\/vivre-et-sejourner\/randonnees\/","og_site_name":"Communaut\u00e9 de communes du Quercy Rouergue et des Gorges de l&#039;Aveyron","article_modified_time":"2024-07-02T12:46:21+00:00","og_image":[{"url":"https:\/\/cc-qrga.fr\/wp-content\/uploads\/2024\/06\/CHEMISE-face-1-scaled.jpg","type":"","width":"","height":""}],"twitter_card":"summary_large_image","twitter_misc":{"Geschatte leestijd":"3 minuten"},"schema":{"@context":"https:\/\/schema.org","@graph":[{"@type":"WebPage","@id":"https:\/\/cc-qrga.fr\/vivre-et-sejourner\/randonnees\/","url":"https:\/\/cc-qrga.fr\/vivre-et-sejourner\/randonnees\/","name":"Randonn\u00e9es - Communaut\u00e9 de communes du Quercy Rouergue et des Gorges de l&#039;Aveyron","isPartOf":{"@id":"https:\/\/cc-qrga.fr\/#website"},"primaryImageOfPage":{"@id":"https:\/\/cc-qrga.fr\/vivre-et-sejourner\/randonnees\/#primaryimage"},"image":{"@id":"https:\/\/cc-qrga.fr\/vivre-et-sejourner\/randonnees\/#primaryimage"},"thumbnailUrl":"https:\/\/cc-qrga.fr\/wp-content\/uploads\/2024\/06\/CHEMISE-face-1-scaled.jpg","datePublished":"2022-07-06T09:16:28+00:00","dateModified":"2024-07-02T12:46:21+00:00","breadcrumb":{"@id":"https:\/\/cc-qrga.fr\/vivre-et-sejourner\/randonnees\/#breadcrumb"},"inLanguage":"nl-BE","potentialAction":[{"@type":"ReadAction","target":["https:\/\/cc-qrga.fr\/vivre-et-sejourner\/randonnees\/"]}]},{"@type":"ImageObject","inLanguage":"nl-BE","@id":"https:\/\/cc-qrga.fr\/vivre-et-sejourner\/randonnees\/#primaryimage","url":"https:\/\/cc-qrga.fr\/wp-content\/uploads\/2024\/06\/CHEMISE-face-1-scaled.jpg","contentUrl":"https:\/\/cc-qrga.fr\/wp-content\/uploads\/2024\/06\/CHEMISE-face-1-scaled.jpg"},{"@type":"BreadcrumbList","@id":"https:\/\/cc-qrga.fr\/vivre-et-sejourner\/randonnees\/#breadcrumb","itemListElement":[{"@type":"ListItem","position":1,"name":"Accueil","item":"https:\/\/cc-qrga.fr\/"},{"@type":"ListItem","position":2,"name":"Vivre et s\u00e9journer","item":"https:\/\/cc-qrga.fr\/vivre-et-sejourner\/"},{"@type":"ListItem","position":3,"name":"Randonn\u00e9es"}]},{"@type":"WebSite","@id":"https:\/\/cc-qrga.fr\/#website","url":"https:\/\/cc-qrga.fr\/","name":"Gemeenschap van gemeenten van Quercy Rouergue en de Gorges de l'Aveyron","description":"qrga","potentialAction":[{"@type":"SearchAction","target":{"@type":"EntryPoint","urlTemplate":"https:\/\/cc-qrga.fr\/?s={search_term_string}"},"query-input":{"@type":"PropertyValueSpecification","valueRequired":true,"valueName":"search_term_string"}}],"inLanguage":"nl-BE"}]}},"_links":{"self":[{"href":"https:\/\/cc-qrga.fr\/nl\/wp-json\/wp\/v2\/pages\/75","targetHints":{"allow":["GET"]}}],"collection":[{"href":"https:\/\/cc-qrga.fr\/nl\/wp-json\/wp\/v2\/pages"}],"about":[{"href":"https:\/\/cc-qrga.fr\/nl\/wp-json\/wp\/v2\/types\/page"}],"author":[{"embeddable":true,"href":"https:\/\/cc-qrga.fr\/nl\/wp-json\/wp\/v2\/users\/22"}],"replies":[{"embeddable":true,"href":"https:\/\/cc-qrga.fr\/nl\/wp-json\/wp\/v2\/comments?post=75"}],"version-history":[{"count":0,"href":"https:\/\/cc-qrga.fr\/nl\/wp-json\/wp\/v2\/pages\/75\/revisions"}],"up":[{"embeddable":true,"href":"https:\/\/cc-qrga.fr\/nl\/wp-json\/wp\/v2\/pages\/30"}],"wp:attachment":[{"href":"https:\/\/cc-qrga.fr\/nl\/wp-json\/wp\/v2\/media?parent=75"}],"curies":[{"name":"wp","href":"https:\/\/api.w.org\/{rel}","templated":true}]}}